{"id":1421,"date":"2022-03-21T14:23:35","date_gmt":"2022-03-21T13:23:35","guid":{"rendered":"https:\/\/szkoladucha.pl\/kursy\/?page_id=1421"},"modified":"2025-02-03T09:52:58","modified_gmt":"2025-02-03T08:52:58","slug":"duchowosc","status":"publish","type":"page","link":"https:\/\/szkoladucha.pl\/duchowosc\/","title":{"rendered":"Duchowo\u015b\u0107"},"content":{"rendered":"<div class=\"gb-container gb-container-563aabbb\">\n<div class=\"gb-container gb-container-bf65f87d alignfull\">\n<div class=\"gb-container gb-container-16ba2663\">\n<div class=\"gb-container gb-container-c322ff12\">\n\n<h2 class=\"gb-headline gb-headline-7a763ba5 gb-headline-text\">Wesprzyj nas darowizn\u0105<\/h2>\n\n\n\n<p>regulamin<\/p>\n\n<\/div>\n\n<div class=\"gb-container gb-container-8bf47538\">\n\n<h2 class=\"gb-headline gb-headline-d83ed7d0 gb-headline-text\">Tradycyjny przelew<\/h2>\n\n\n\n<p class=\"gb-headline gb-headline-056e9c3a gb-headline-text\">Mo\u017cesz wesprze\u0107 nasz\u0105 dzia\u0142alno\u015b\u0107 ewangelizacyjn\u0105, tworzenie pie\u015bni uwielbienia, dzia\u0142alno\u015b\u0107 profilaktyczn\u0105. Dzi\u0119ki tym \u015brodkom b\u0119dziemy mogli dalej nagrywa\u0107 Podcasty, tworzy\u0107 muzyk\u0119, je\u017adzi\u0107 i g\u0142osi\u0107 oraz rozwija\u0107 nasz\u0105 Fundacj\u0119 d\u0142ugofalowo. <br>Przelew z tytu\u0142em \u201edarowizna na realizacj\u0119 cel\u00f3w statutowych\u201d skieruj na konto nr:<br><strong>PL34 1140 2004 0000 3802 8550 3630<\/strong><br><strong>BIC\/SWIFT<\/strong>: BREXPLPWMBK<\/p>\n\n<\/div>\n<\/div>\n<\/div>\n<\/div>\n\n\n<p><\/p>\n","protected":false},"excerpt":{"rendered":"<p>Wesprzyj nas darowizn\u0105 regulamin Tradycyjny przelew Mo\u017cesz wesprze\u0107 nasz\u0105 dzia\u0142alno\u015b\u0107 ewangelizacyjn\u0105, tworzenie pie\u015bni uwielbienia, dzia\u0142alno\u015b\u0107 profilaktyczn\u0105. Dzi\u0119ki tym \u015brodkom b\u0119dziemy mogli dalej nagrywa\u0107 Podcasty, tworzy\u0107 muzyk\u0119, je\u017adzi\u0107 i g\u0142osi\u0107 oraz rozwija\u0107 nasz\u0105 Fundacj\u0119 d\u0142ugofalowo. Przelew z tytu\u0142em \u201edarowizna na realizacj\u0119 cel\u00f3w statutowych\u201d skieruj na konto nr:PL34 1140 2004 0000 3802 8550 3630BIC\/SWIFT: BREXPLPWMBK<\/p>\n","protected":false},"author":22,"featured_media":0,"parent":0,"menu_order":0,"comment_status":"closed","ping_status":"closed","template":"","meta":{"footnotes":""},"class_list":["post-1421","page","type-page","status-publish"],"yoast_head":"<!-- This site is optimized with the Yoast SEO plugin v27.3 - https:\/\/yoast.com\/product\/yoast-seo-wordpress\/ -->\n<title>Duchowo\u015b\u0107 - Duchowo\u015b\u0107 Szko\u0142a Ducha<\/title>\n<meta name=\"robots\" content=\"index, follow, max-snippet:-1, max-image-preview:large, max-video-preview:-1\" \/>\n<link rel=\"canonical\" href=\"https:\/\/szkoladucha.pl\/duchowosc\/\" \/>\n<meta property=\"og:locale\" content=\"pl_PL\" \/>\n<meta property=\"og:type\" content=\"article\" \/>\n<meta property=\"og:title\" content=\"Duchowo\u015b\u0107 - Duchowo\u015b\u0107 Szko\u0142a Ducha\" \/>\n<meta property=\"og:description\" content=\"Wesprzyj nas darowizn\u0105 regulamin Tradycyjny przelew Mo\u017cesz wesprze\u0107 nasz\u0105 dzia\u0142alno\u015b\u0107 ewangelizacyjn\u0105, tworzenie pie\u015bni uwielbienia, dzia\u0142alno\u015b\u0107 profilaktyczn\u0105. Dzi\u0119ki tym \u015brodkom b\u0119dziemy mogli dalej nagrywa\u0107 Podcasty, tworzy\u0107 muzyk\u0119, je\u017adzi\u0107 i g\u0142osi\u0107 oraz rozwija\u0107 nasz\u0105 Fundacj\u0119 d\u0142ugofalowo. Przelew z tytu\u0142em \u201edarowizna na realizacj\u0119 cel\u00f3w statutowych\u201d skieruj na konto nr:PL34 1140 2004 0000 3802 8550 3630BIC\/SWIFT: BREXPLPWMBK\" \/>\n<meta property=\"og:url\" content=\"https:\/\/szkoladucha.pl\/duchowosc\/\" \/>\n<meta property=\"og:site_name\" content=\"Duchowo\u015b\u0107 Szko\u0142a Ducha\" \/>\n<meta property=\"article:modified_time\" content=\"2025-02-03T08:52:58+00:00\" \/>\n<meta name=\"twitter:card\" content=\"summary_large_image\" \/>\n<meta name=\"twitter:label1\" content=\"Szacowany czas czytania\" \/>\n\t<meta name=\"twitter:data1\" content=\"1 minuta\" \/>\n<script type=\"application\/ld+json\" class=\"yoast-schema-graph\">{\"@context\":\"https:\\\/\\\/schema.org\",\"@graph\":[{\"@type\":\"WebPage\",\"@id\":\"https:\\\/\\\/szkoladucha.pl\\\/duchowosc\\\/\",\"url\":\"https:\\\/\\\/szkoladucha.pl\\\/duchowosc\\\/\",\"name\":\"Duchowo\u015b\u0107 - Duchowo\u015b\u0107 Szko\u0142a Ducha\",\"isPartOf\":{\"@id\":\"https:\\\/\\\/szkoladucha.pl\\\/duchowosc\\\/#website\"},\"datePublished\":\"2022-03-21T13:23:35+00:00\",\"dateModified\":\"2025-02-03T08:52:58+00:00\",\"breadcrumb\":{\"@id\":\"https:\\\/\\\/szkoladucha.pl\\\/duchowosc\\\/#breadcrumb\"},\"inLanguage\":\"pl-PL\",\"potentialAction\":[{\"@type\":\"ReadAction\",\"target\":[\"https:\\\/\\\/szkoladucha.pl\\\/duchowosc\\\/\"]}]},{\"@type\":\"BreadcrumbList\",\"@id\":\"https:\\\/\\\/szkoladucha.pl\\\/duchowosc\\\/#breadcrumb\",\"itemListElement\":[{\"@type\":\"ListItem\",\"position\":1,\"name\":\"Kursy\",\"item\":\"https:\\\/\\\/szkoladucha.pl\\\/duchowosc\\\/\"},{\"@type\":\"ListItem\",\"position\":2,\"name\":\"Duchowo\u015b\u0107\"}]},{\"@type\":\"WebSite\",\"@id\":\"https:\\\/\\\/szkoladucha.pl\\\/duchowosc\\\/#website\",\"url\":\"https:\\\/\\\/szkoladucha.pl\\\/duchowosc\\\/\",\"name\":\"Duchowo\u015b\u0107 Szko\u0142a Ducha\",\"description\":\"Budujemy spo\u0142ecze\u0144stwo, kt\u00f3re tak jak my, \u015bwiadomie post\u0119puje zgodnie z planem.\",\"publisher\":{\"@id\":\"https:\\\/\\\/szkoladucha.pl\\\/duchowosc\\\/#organization\"},\"potentialAction\":[{\"@type\":\"SearchAction\",\"target\":{\"@type\":\"EntryPoint\",\"urlTemplate\":\"https:\\\/\\\/szkoladucha.pl\\\/duchowosc\\\/?s={search_term_string}\"},\"query-input\":{\"@type\":\"PropertyValueSpecification\",\"valueRequired\":true,\"valueName\":\"search_term_string\"}}],\"inLanguage\":\"pl-PL\"},{\"@type\":\"Organization\",\"@id\":\"https:\\\/\\\/szkoladucha.pl\\\/duchowosc\\\/#organization\",\"name\":\"Duchowo\u015b\u0107 Szko\u0142a Ducha\",\"url\":\"https:\\\/\\\/szkoladucha.pl\\\/duchowosc\\\/\",\"logo\":{\"@type\":\"ImageObject\",\"inLanguage\":\"pl-PL\",\"@id\":\"https:\\\/\\\/szkoladucha.pl\\\/duchowosc\\\/#\\\/schema\\\/logo\\\/image\\\/\",\"url\":\"https:\\\/\\\/szkoladucha.pl\\\/duchowosc\\\/wp-content\\\/uploads\\\/sites\\\/13\\\/2023\\\/09\\\/Duchowosc_Szkola_Ducha-Logo.svg\",\"contentUrl\":\"https:\\\/\\\/szkoladucha.pl\\\/duchowosc\\\/wp-content\\\/uploads\\\/sites\\\/13\\\/2023\\\/09\\\/Duchowosc_Szkola_Ducha-Logo.svg\",\"width\":100,\"height\":100,\"caption\":\"Duchowo\u015b\u0107 Szko\u0142a Ducha\"},\"image\":{\"@id\":\"https:\\\/\\\/szkoladucha.pl\\\/duchowosc\\\/#\\\/schema\\\/logo\\\/image\\\/\"}}]}<\/script>\n<!-- \/ Yoast SEO plugin. -->","yoast_head_json":{"title":"Duchowo\u015b\u0107 - Duchowo\u015b\u0107 Szko\u0142a Ducha","robots":{"index":"index","follow":"follow","max-snippet":"max-snippet:-1","max-image-preview":"max-image-preview:large","max-video-preview":"max-video-preview:-1"},"canonical":"https:\/\/szkoladucha.pl\/duchowosc\/","og_locale":"pl_PL","og_type":"article","og_title":"Duchowo\u015b\u0107 - Duchowo\u015b\u0107 Szko\u0142a Ducha","og_description":"Wesprzyj nas darowizn\u0105 regulamin Tradycyjny przelew Mo\u017cesz wesprze\u0107 nasz\u0105 dzia\u0142alno\u015b\u0107 ewangelizacyjn\u0105, tworzenie pie\u015bni uwielbienia, dzia\u0142alno\u015b\u0107 profilaktyczn\u0105. Dzi\u0119ki tym \u015brodkom b\u0119dziemy mogli dalej nagrywa\u0107 Podcasty, tworzy\u0107 muzyk\u0119, je\u017adzi\u0107 i g\u0142osi\u0107 oraz rozwija\u0107 nasz\u0105 Fundacj\u0119 d\u0142ugofalowo. Przelew z tytu\u0142em \u201edarowizna na realizacj\u0119 cel\u00f3w statutowych\u201d skieruj na konto nr:PL34 1140 2004 0000 3802 8550 3630BIC\/SWIFT: BREXPLPWMBK","og_url":"https:\/\/szkoladucha.pl\/duchowosc\/","og_site_name":"Duchowo\u015b\u0107 Szko\u0142a Ducha","article_modified_time":"2025-02-03T08:52:58+00:00","twitter_card":"summary_large_image","twitter_misc":{"Szacowany czas czytania":"1 minuta"},"schema":{"@context":"https:\/\/schema.org","@graph":[{"@type":"WebPage","@id":"https:\/\/szkoladucha.pl\/duchowosc\/","url":"https:\/\/szkoladucha.pl\/duchowosc\/","name":"Duchowo\u015b\u0107 - Duchowo\u015b\u0107 Szko\u0142a Ducha","isPartOf":{"@id":"https:\/\/szkoladucha.pl\/duchowosc\/#website"},"datePublished":"2022-03-21T13:23:35+00:00","dateModified":"2025-02-03T08:52:58+00:00","breadcrumb":{"@id":"https:\/\/szkoladucha.pl\/duchowosc\/#breadcrumb"},"inLanguage":"pl-PL","potentialAction":[{"@type":"ReadAction","target":["https:\/\/szkoladucha.pl\/duchowosc\/"]}]},{"@type":"BreadcrumbList","@id":"https:\/\/szkoladucha.pl\/duchowosc\/#breadcrumb","itemListElement":[{"@type":"ListItem","position":1,"name":"Kursy","item":"https:\/\/szkoladucha.pl\/duchowosc\/"},{"@type":"ListItem","position":2,"name":"Duchowo\u015b\u0107"}]},{"@type":"WebSite","@id":"https:\/\/szkoladucha.pl\/duchowosc\/#website","url":"https:\/\/szkoladucha.pl\/duchowosc\/","name":"Duchowo\u015b\u0107 Szko\u0142a Ducha","description":"Budujemy spo\u0142ecze\u0144stwo, kt\u00f3re tak jak my, \u015bwiadomie post\u0119puje zgodnie z planem.","publisher":{"@id":"https:\/\/szkoladucha.pl\/duchowosc\/#organization"},"potentialAction":[{"@type":"SearchAction","target":{"@type":"EntryPoint","urlTemplate":"https:\/\/szkoladucha.pl\/duchowosc\/?s={search_term_string}"},"query-input":{"@type":"PropertyValueSpecification","valueRequired":true,"valueName":"search_term_string"}}],"inLanguage":"pl-PL"},{"@type":"Organization","@id":"https:\/\/szkoladucha.pl\/duchowosc\/#organization","name":"Duchowo\u015b\u0107 Szko\u0142a Ducha","url":"https:\/\/szkoladucha.pl\/duchowosc\/","logo":{"@type":"ImageObject","inLanguage":"pl-PL","@id":"https:\/\/szkoladucha.pl\/duchowosc\/#\/schema\/logo\/image\/","url":"https:\/\/szkoladucha.pl\/duchowosc\/wp-content\/uploads\/sites\/13\/2023\/09\/Duchowosc_Szkola_Ducha-Logo.svg","contentUrl":"https:\/\/szkoladucha.pl\/duchowosc\/wp-content\/uploads\/sites\/13\/2023\/09\/Duchowosc_Szkola_Ducha-Logo.svg","width":100,"height":100,"caption":"Duchowo\u015b\u0107 Szko\u0142a Ducha"},"image":{"@id":"https:\/\/szkoladucha.pl\/duchowosc\/#\/schema\/logo\/image\/"}}]}},"_links":{"self":[{"href":"https:\/\/szkoladucha.pl\/duchowosc\/wp-json\/wp\/v2\/pages\/1421","targetHints":{"allow":["GET"]}}],"collection":[{"href":"https:\/\/szkoladucha.pl\/duchowosc\/wp-json\/wp\/v2\/pages"}],"about":[{"href":"https:\/\/szkoladucha.pl\/duchowosc\/wp-json\/wp\/v2\/types\/page"}],"author":[{"embeddable":true,"href":"https:\/\/szkoladucha.pl\/duchowosc\/wp-json\/wp\/v2\/users\/22"}],"replies":[{"embeddable":true,"href":"https:\/\/szkoladucha.pl\/duchowosc\/wp-json\/wp\/v2\/comments?post=1421"}],"version-history":[{"count":15,"href":"https:\/\/szkoladucha.pl\/duchowosc\/wp-json\/wp\/v2\/pages\/1421\/revisions"}],"predecessor-version":[{"id":16293,"href":"https:\/\/szkoladucha.pl\/duchowosc\/wp-json\/wp\/v2\/pages\/1421\/revisions\/16293"}],"wp:attachment":[{"href":"https:\/\/szkoladucha.pl\/duchowosc\/wp-json\/wp\/v2\/media?parent=1421"}],"curies":[{"name":"wp","href":"https:\/\/api.w.org\/{rel}","templated":true}]}}