{"id":17209,"date":"2025-03-14T13:30:35","date_gmt":"2025-03-14T12:30:35","guid":{"rendered":"https:\/\/szkoladucha.pl\/duchowosc\/?page_id=17209"},"modified":"2025-03-14T13:30:57","modified_gmt":"2025-03-14T12:30:57","slug":"rekolekcje-charyzmatyczne","status":"publish","type":"page","link":"https:\/\/szkoladucha.pl\/duchowosc\/rekolekcje-charyzmatyczne\/","title":{"rendered":"REKO:LEKCJE charyzmatyczne"},"content":{"rendered":"<div class=\"gb-container gb-container-310972ae alignfull\">\n<div class=\"gb-container gb-container-b12f62fd alignfull\">\n<div class=\"gb-container gb-container-22ae239c\">\n<div class=\"gb-container gb-container-0d6704dc\">\n<div class=\"gb-container gb-container-d3196972\">\n<div class=\"gb-container gb-container-1da11c74\">\n<div class=\"wp-block-image\">\n<figure class=\"aligncenter size-full\"><img loading=\"lazy\" decoding=\"async\" width=\"600\" height=\"640\" src=\"https:\/\/szkoladucha.b-cdn.net\/duchowosc\/wp-content\/uploads\/sites\/13\/2024\/07\/6-rekolekcje-2023.jpg?x59117\" alt=\"\" class=\"wp-image-16469\" srcset=\"https:\/\/szkoladucha.pl\/duchowosc\/wp-content\/uploads\/sites\/13\/2024\/07\/6-rekolekcje-2023.jpg 600w, https:\/\/szkoladucha.pl\/duchowosc\/wp-content\/uploads\/sites\/13\/2024\/07\/6-rekolekcje-2023-281x300.jpg 281w, https:\/\/szkoladucha.pl\/duchowosc\/wp-content\/uploads\/sites\/13\/2024\/07\/6-rekolekcje-2023-400x427.jpg 400w\" sizes=\"auto, (max-width: 600px) 100vw, 600px\" \/><\/figure>\n<\/div>\n\n\n<a class=\"gb-button gb-button-b9d3aed6 gb-button-text\" href=\"#zapisz\">Subskrybuj<\/a>\n\n<\/div>\n<\/div>\n\n<div class=\"gb-container gb-container-6a4f16ac\">\n\n<h4 class=\"gb-headline gb-headline-32708916 gb-headline-text\"><strong><strong>Czym s\u0105 REKO:LEKCJE charyzmatyczne?<\/strong><\/strong><\/h4>\n\n\n\n<h4 class=\"gb-headline gb-headline-c3f81a80 gb-headline-text\">REKO:LEKCJE to zbi\u00f3r 23 naucza\u0144 prowadzonych przez cz\u0142onk\u00f3w Instytutu Ewangelizacji ICPE Baza Misyjna Lublin oraz wsp\u00f3lnoty Armia Dzieci, kt\u00f3rzy od lat uczyli si\u0119 od \u015bwiatowych charyzmatyk\u00f3w, jak chodzi\u0107 w duchu. Ich mentorami byli m. in. Maria Vadia, dr Carol Razza, czy Danny Stayne. Dzi\u015b to oni dziel\u0105 si\u0119 swoim do\u015bwiadczeniem pos\u0142ugi, cz\u0119sto odwo\u0142uj\u0105c si\u0119 do codzienno\u015bci w pracy, w ma\u0142\u017ce\u0144stwie, czy w relacji z dzie\u0107mi. Tutaj dowiesz si\u0119 m.in.:<\/h4>\n\n\n\n<h4 class=\"gb-headline gb-headline-57bda8f7 gb-headline-text\">\u2705 Dlaczego Twoje zwyci\u0119stwo jest w uwielbieniu?<br>\u2705 Na kt\u00f3re szczeg\u00f3\u0142y zwraca\u0107 uwag\u0119, interpretuj\u0105c sny?<br>\u2705 Jak postawi\u0107 pierwszy krok w prorokowaniu?<br>\u2705 Co zrobi\u0107, by odblokowa\u0107 uzdrowienie?<br>\u2705 Jak osi\u0105gn\u0105\u0107 sukces, tworz\u0105c dobre nawyki?<\/h4>\n\n\n<div class=\"gb-container gb-container-4bc7f516\">\n<div class=\"gb-container gb-container-6b6adda0\">\n<div class=\"gb-container gb-container-f8f83907\">\n\n<figure class=\"wp-block-image size-full\"><img decoding=\"async\" src=\"https:\/\/szkoladucha.pl\/wp-content\/uploads\/2025\/02\/image.png\" alt=\"\" class=\"wp-image-31372\" \/><\/figure>\n\n<\/div>\n\n<div class=\"gb-container gb-container-b0baedd2\">\n\n<h2 class=\"gb-headline gb-headline-4c56048f gb-headline-text\">37 godz. 18 min.<\/h2>\n\n<\/div>\n<\/div>\n\n<div class=\"gb-container gb-container-2d346f14\">\n<div class=\"gb-container gb-container-756cd317\">\n\n<figure class=\"wp-block-image size-full\"><img decoding=\"async\" src=\"https:\/\/szkoladucha.pl\/wp-content\/uploads\/2025\/02\/image-1.png\" alt=\"\" class=\"wp-image-31373\" \/><\/figure>\n\n<\/div>\n\n<div class=\"gb-container gb-container-a9acdcdf\">\n\n<h2 class=\"gb-headline gb-headline-9d30023a gb-headline-text\">23 nauczania<\/h2>\n\n<\/div>\n<\/div>\n\n<div class=\"gb-container gb-container-cf432e76\">\n<div class=\"gb-container gb-container-5be4abd9\">\n\n<figure class=\"wp-block-image size-full\"><a href=\"https:\/\/szkoladucha.pl\/duchowosc\/wp-content\/uploads\/sites\/13\/2025\/02\/image.png\"><img loading=\"lazy\" decoding=\"async\" width=\"512\" height=\"512\" src=\"https:\/\/szkoladucha.pl\/duchowosc\/wp-content\/uploads\/sites\/13\/2025\/02\/image.png\" alt=\"\" class=\"wp-image-16530\" srcset=\"https:\/\/szkoladucha.pl\/duchowosc\/wp-content\/uploads\/sites\/13\/2025\/02\/image.png 512w, https:\/\/szkoladucha.pl\/duchowosc\/wp-content\/uploads\/sites\/13\/2025\/02\/image-300x300.png 300w, https:\/\/szkoladucha.pl\/duchowosc\/wp-content\/uploads\/sites\/13\/2025\/02\/image-150x150.png 150w, https:\/\/szkoladucha.pl\/duchowosc\/wp-content\/uploads\/sites\/13\/2025\/02\/image-400x400.png 400w, https:\/\/szkoladucha.pl\/duchowosc\/wp-content\/uploads\/sites\/13\/2025\/02\/image-100x100.png 100w\" sizes=\"auto, (max-width: 512px) 100vw, 512px\" \/><\/a><\/figure>\n\n<\/div>\n\n<div class=\"gb-container gb-container-91c84def\">\n\n<h2 class=\"gb-headline gb-headline-c48df515 gb-headline-text\">prorocze uwielbienia<\/h2>\n\n<\/div>\n<\/div>\n<\/div>\n\n\n<h2 class=\"gb-headline gb-headline-3e322014 gb-headline-text\">Prowadz\u0105cy<\/h2>\n\n\n<div class=\"gb-container gb-container-e7133620\">\n<div class=\"gb-container gb-container-482b70c4\">\n<div class=\"gb-container gb-container-39953308\">\n\n<figure class=\"wp-block-image size-full is-style-rounded\"><img loading=\"lazy\" decoding=\"async\" width=\"1333\" height=\"1388\" src=\"https:\/\/szkoladucha.b-cdn.net\/duchowosc\/wp-content\/uploads\/sites\/13\/2024\/07\/240327-sesja-rhema-MAGDA-LUKASZ-GABI-56edit-e1731588657919.jpeg?x59117\" alt=\"\" class=\"wp-image-15164\" srcset=\"https:\/\/szkoladucha.pl\/duchowosc\/wp-content\/uploads\/sites\/13\/2024\/07\/240327-sesja-rhema-MAGDA-LUKASZ-GABI-56edit-e1731588657919.jpeg 1333w, https:\/\/szkoladucha.pl\/duchowosc\/wp-content\/uploads\/sites\/13\/2024\/07\/240327-sesja-rhema-MAGDA-LUKASZ-GABI-56edit-e1731588657919-288x300.jpeg 288w, https:\/\/szkoladucha.pl\/duchowosc\/wp-content\/uploads\/sites\/13\/2024\/07\/240327-sesja-rhema-MAGDA-LUKASZ-GABI-56edit-e1731588657919-983x1024.jpeg 983w, https:\/\/szkoladucha.pl\/duchowosc\/wp-content\/uploads\/sites\/13\/2024\/07\/240327-sesja-rhema-MAGDA-LUKASZ-GABI-56edit-e1731588657919-768x800.jpeg 768w, https:\/\/szkoladucha.pl\/duchowosc\/wp-content\/uploads\/sites\/13\/2024\/07\/240327-sesja-rhema-MAGDA-LUKASZ-GABI-56edit-e1731588657919-400x417.jpeg 400w\" sizes=\"auto, (max-width: 1333px) 100vw, 1333px\" \/><\/figure>\n\n\n\n<h2 class=\"gb-headline gb-headline-0d14196e gb-headline-text\">\u0141ukasz Sawa<\/h2>\n\n<\/div>\n\n<div class=\"gb-container gb-container-bb500b29\">\n\n<figure class=\"wp-block-image size-full is-style-rounded\"><img loading=\"lazy\" decoding=\"async\" width=\"1080\" height=\"1080\" src=\"https:\/\/szkoladucha.b-cdn.net\/duchowosc\/wp-content\/uploads\/sites\/13\/2025\/03\/kalendarz-SD-12.jpg?x59117\" alt=\"\" class=\"wp-image-17114\" srcset=\"https:\/\/szkoladucha.pl\/duchowosc\/wp-content\/uploads\/sites\/13\/2025\/03\/kalendarz-SD-12.jpg 1080w, https:\/\/szkoladucha.pl\/duchowosc\/wp-content\/uploads\/sites\/13\/2025\/03\/kalendarz-SD-12-300x300.jpg 300w, https:\/\/szkoladucha.pl\/duchowosc\/wp-content\/uploads\/sites\/13\/2025\/03\/kalendarz-SD-12-1024x1024.jpg 1024w, https:\/\/szkoladucha.pl\/duchowosc\/wp-content\/uploads\/sites\/13\/2025\/03\/kalendarz-SD-12-150x150.jpg 150w, https:\/\/szkoladucha.pl\/duchowosc\/wp-content\/uploads\/sites\/13\/2025\/03\/kalendarz-SD-12-768x768.jpg 768w, https:\/\/szkoladucha.pl\/duchowosc\/wp-content\/uploads\/sites\/13\/2025\/03\/kalendarz-SD-12-400x400.jpg 400w, https:\/\/szkoladucha.pl\/duchowosc\/wp-content\/uploads\/sites\/13\/2025\/03\/kalendarz-SD-12-100x100.jpg 100w\" sizes=\"auto, (max-width: 1080px) 100vw, 1080px\" \/><\/figure>\n\n\n\n<h2 class=\"gb-headline gb-headline-0e579162 gb-headline-text\">Jolanta Sawa<\/h2>\n\n<\/div>\n\n<div class=\"gb-container gb-container-c428696d\">\n\n<figure class=\"wp-block-image size-full is-style-rounded\"><img loading=\"lazy\" decoding=\"async\" width=\"1080\" height=\"1080\" src=\"https:\/\/szkoladucha.b-cdn.net\/duchowosc\/wp-content\/uploads\/sites\/13\/2025\/03\/kalendarz-SD-9.jpg?x59117\" alt=\"\" class=\"wp-image-17096\" srcset=\"https:\/\/szkoladucha.pl\/duchowosc\/wp-content\/uploads\/sites\/13\/2025\/03\/kalendarz-SD-9.jpg 1080w, https:\/\/szkoladucha.pl\/duchowosc\/wp-content\/uploads\/sites\/13\/2025\/03\/kalendarz-SD-9-300x300.jpg 300w, https:\/\/szkoladucha.pl\/duchowosc\/wp-content\/uploads\/sites\/13\/2025\/03\/kalendarz-SD-9-1024x1024.jpg 1024w, https:\/\/szkoladucha.pl\/duchowosc\/wp-content\/uploads\/sites\/13\/2025\/03\/kalendarz-SD-9-150x150.jpg 150w, https:\/\/szkoladucha.pl\/duchowosc\/wp-content\/uploads\/sites\/13\/2025\/03\/kalendarz-SD-9-768x768.jpg 768w, https:\/\/szkoladucha.pl\/duchowosc\/wp-content\/uploads\/sites\/13\/2025\/03\/kalendarz-SD-9-400x400.jpg 400w, https:\/\/szkoladucha.pl\/duchowosc\/wp-content\/uploads\/sites\/13\/2025\/03\/kalendarz-SD-9-100x100.jpg 100w\" sizes=\"auto, (max-width: 1080px) 100vw, 1080px\" \/><\/figure>\n\n\n\n<h2 class=\"gb-headline gb-headline-74c1c9a9 gb-headline-text\">Micha\u0142 Saj<\/h2>\n\n<\/div>\n<\/div>\n<\/div>\n\n<div class=\"gb-container gb-container-66392774\">\n<div class=\"gb-container gb-container-ebeac6fc\">\n<div class=\"gb-container gb-container-dc329b5b\">\n\n<figure class=\"wp-block-image size-full is-style-rounded\"><img loading=\"lazy\" decoding=\"async\" width=\"1080\" height=\"1080\" src=\"https:\/\/szkoladucha.b-cdn.net\/duchowosc\/wp-content\/uploads\/sites\/13\/2025\/03\/6.jpg?x59117\" alt=\"\" class=\"wp-image-17094\" srcset=\"https:\/\/szkoladucha.pl\/duchowosc\/wp-content\/uploads\/sites\/13\/2025\/03\/6.jpg 1080w, https:\/\/szkoladucha.pl\/duchowosc\/wp-content\/uploads\/sites\/13\/2025\/03\/6-300x300.jpg 300w, https:\/\/szkoladucha.pl\/duchowosc\/wp-content\/uploads\/sites\/13\/2025\/03\/6-1024x1024.jpg 1024w, https:\/\/szkoladucha.pl\/duchowosc\/wp-content\/uploads\/sites\/13\/2025\/03\/6-150x150.jpg 150w, https:\/\/szkoladucha.pl\/duchowosc\/wp-content\/uploads\/sites\/13\/2025\/03\/6-768x768.jpg 768w, https:\/\/szkoladucha.pl\/duchowosc\/wp-content\/uploads\/sites\/13\/2025\/03\/6-400x400.jpg 400w, https:\/\/szkoladucha.pl\/duchowosc\/wp-content\/uploads\/sites\/13\/2025\/03\/6-100x100.jpg 100w\" sizes=\"auto, (max-width: 1080px) 100vw, 1080px\" \/><\/figure>\n\n\n\n<h2 class=\"gb-headline gb-headline-b6df52ec gb-headline-text\">Anna Maria Saj<\/h2>\n\n<\/div>\n\n<div class=\"gb-container gb-container-f86f9418\">\n\n<figure class=\"wp-block-image size-full is-style-rounded\"><img loading=\"lazy\" decoding=\"async\" width=\"1080\" height=\"1080\" src=\"https:\/\/szkoladucha.b-cdn.net\/duchowosc\/wp-content\/uploads\/sites\/13\/2025\/03\/5_1.jpg?x59117\" alt=\"\" class=\"wp-image-17093\" srcset=\"https:\/\/szkoladucha.pl\/duchowosc\/wp-content\/uploads\/sites\/13\/2025\/03\/5_1.jpg 1080w, https:\/\/szkoladucha.pl\/duchowosc\/wp-content\/uploads\/sites\/13\/2025\/03\/5_1-300x300.jpg 300w, https:\/\/szkoladucha.pl\/duchowosc\/wp-content\/uploads\/sites\/13\/2025\/03\/5_1-1024x1024.jpg 1024w, https:\/\/szkoladucha.pl\/duchowosc\/wp-content\/uploads\/sites\/13\/2025\/03\/5_1-150x150.jpg 150w, https:\/\/szkoladucha.pl\/duchowosc\/wp-content\/uploads\/sites\/13\/2025\/03\/5_1-768x768.jpg 768w, https:\/\/szkoladucha.pl\/duchowosc\/wp-content\/uploads\/sites\/13\/2025\/03\/5_1-400x400.jpg 400w, https:\/\/szkoladucha.pl\/duchowosc\/wp-content\/uploads\/sites\/13\/2025\/03\/5_1-100x100.jpg 100w\" sizes=\"auto, (max-width: 1080px) 100vw, 1080px\" \/><\/figure>\n\n\n\n<h2 class=\"gb-headline gb-headline-e54701f4 gb-headline-text\">Edyta Brzezi\u0144ska<\/h2>\n\n<\/div>\n\n<div class=\"gb-container gb-container-63d9d01d\">\n\n<figure class=\"wp-block-image size-full is-style-rounded\"><img loading=\"lazy\" decoding=\"async\" width=\"1080\" height=\"1080\" src=\"https:\/\/szkoladucha.b-cdn.net\/duchowosc\/wp-content\/uploads\/sites\/13\/2025\/03\/kalendarz-SD-8.jpg?x59117\" alt=\"\" class=\"wp-image-17095\" srcset=\"https:\/\/szkoladucha.pl\/duchowosc\/wp-content\/uploads\/sites\/13\/2025\/03\/kalendarz-SD-8.jpg 1080w, https:\/\/szkoladucha.pl\/duchowosc\/wp-content\/uploads\/sites\/13\/2025\/03\/kalendarz-SD-8-300x300.jpg 300w, https:\/\/szkoladucha.pl\/duchowosc\/wp-content\/uploads\/sites\/13\/2025\/03\/kalendarz-SD-8-1024x1024.jpg 1024w, https:\/\/szkoladucha.pl\/duchowosc\/wp-content\/uploads\/sites\/13\/2025\/03\/kalendarz-SD-8-150x150.jpg 150w, https:\/\/szkoladucha.pl\/duchowosc\/wp-content\/uploads\/sites\/13\/2025\/03\/kalendarz-SD-8-768x768.jpg 768w, https:\/\/szkoladucha.pl\/duchowosc\/wp-content\/uploads\/sites\/13\/2025\/03\/kalendarz-SD-8-400x400.jpg 400w, https:\/\/szkoladucha.pl\/duchowosc\/wp-content\/uploads\/sites\/13\/2025\/03\/kalendarz-SD-8-100x100.jpg 100w\" sizes=\"auto, (max-width: 1080px) 100vw, 1080px\" \/><\/figure>\n\n\n\n<h2 class=\"gb-headline gb-headline-716a7865 gb-headline-text\">Gabriela Sawa<\/h2>\n\n<\/div>\n<\/div>\n<\/div>\n<\/div>\n<\/div>\n<\/div>\n<\/div>\n<\/div>","protected":false},"excerpt":{"rendered":"<p>Czym s\u0105 REKO:LEKCJE charyzmatyczne? REKO:LEKCJE to zbi\u00f3r 23 naucza\u0144 prowadzonych przez cz\u0142onk\u00f3w Instytutu Ewangelizacji ICPE Baza Misyjna Lublin oraz wsp\u00f3lnoty Armia Dzieci, kt\u00f3rzy od lat uczyli si\u0119 od \u015bwiatowych charyzmatyk\u00f3w, jak chodzi\u0107 w duchu. Ich mentorami byli m. in. Maria Vadia, dr Carol Razza, czy Danny Stayne. Dzi\u015b to oni dziel\u0105 si\u0119 swoim do\u015bwiadczeniem pos\u0142ugi, &#8230; <a title=\"REKO:LEKCJE charyzmatyczne\" class=\"read-more\" href=\"https:\/\/szkoladucha.pl\/duchowosc\/rekolekcje-charyzmatyczne\/\" aria-label=\"Dowiedz si\u0119 wi\u0119cej o REKO:LEKCJE charyzmatyczne\">Dowiedz si\u0119 wi\u0119cej<\/a><\/p>\n","protected":false},"author":3155,"featured_media":0,"parent":0,"menu_order":0,"comment_status":"closed","ping_status":"closed","template":"","meta":{"footnotes":""},"class_list":["post-17209","page","type-page","status-publish"],"yoast_head":"<!-- This site is optimized with the Yoast SEO plugin v27.3 - https:\/\/yoast.com\/product\/yoast-seo-wordpress\/ -->\n<title>REKO:LEKCJE charyzmatyczne - Duchowo\u015b\u0107 Szko\u0142a Ducha<\/title>\n<meta name=\"robots\" content=\"index, follow, max-snippet:-1, max-image-preview:large, max-video-preview:-1\" \/>\n<link rel=\"canonical\" href=\"https:\/\/szkoladucha.pl\/duchowosc\/rekolekcje-charyzmatyczne\/\" \/>\n<meta property=\"og:locale\" content=\"pl_PL\" \/>\n<meta property=\"og:type\" content=\"article\" \/>\n<meta property=\"og:title\" content=\"REKO:LEKCJE charyzmatyczne - Duchowo\u015b\u0107 Szko\u0142a Ducha\" \/>\n<meta property=\"og:description\" content=\"Czym s\u0105 REKO:LEKCJE charyzmatyczne? REKO:LEKCJE to zbi\u00f3r 23 naucza\u0144 prowadzonych przez cz\u0142onk\u00f3w Instytutu Ewangelizacji ICPE Baza Misyjna Lublin oraz wsp\u00f3lnoty Armia Dzieci, kt\u00f3rzy od lat uczyli si\u0119 od \u015bwiatowych charyzmatyk\u00f3w, jak chodzi\u0107 w duchu. Ich mentorami byli m. in. Maria Vadia, dr Carol Razza, czy Danny Stayne. Dzi\u015b to oni dziel\u0105 si\u0119 swoim do\u015bwiadczeniem pos\u0142ugi, ... Dowiedz si\u0119 wi\u0119cej\" \/>\n<meta property=\"og:url\" content=\"https:\/\/szkoladucha.pl\/duchowosc\/rekolekcje-charyzmatyczne\/\" \/>\n<meta property=\"og:site_name\" content=\"Duchowo\u015b\u0107 Szko\u0142a Ducha\" \/>\n<meta property=\"article:modified_time\" content=\"2025-03-14T12:30:57+00:00\" \/>\n<meta property=\"og:image\" content=\"https:\/\/szkoladucha.pl\/duchowosc\/wp-content\/uploads\/sites\/13\/2024\/07\/6-rekolekcje-2023.jpg\" \/>\n\t<meta property=\"og:image:width\" content=\"600\" \/>\n\t<meta property=\"og:image:height\" content=\"640\" \/>\n\t<meta property=\"og:image:type\" content=\"image\/jpeg\" \/>\n<meta name=\"twitter:card\" content=\"summary_large_image\" \/>\n<meta name=\"twitter:label1\" content=\"Szacowany czas czytania\" \/>\n\t<meta name=\"twitter:data1\" content=\"3 minuty\" \/>\n<script type=\"application\/ld+json\" class=\"yoast-schema-graph\">{\"@context\":\"https:\\\/\\\/schema.org\",\"@graph\":[{\"@type\":\"WebPage\",\"@id\":\"https:\\\/\\\/szkoladucha.pl\\\/duchowosc\\\/rekolekcje-charyzmatyczne\\\/\",\"url\":\"https:\\\/\\\/szkoladucha.pl\\\/duchowosc\\\/rekolekcje-charyzmatyczne\\\/\",\"name\":\"REKO:LEKCJE charyzmatyczne - Duchowo\u015b\u0107 Szko\u0142a Ducha\",\"isPartOf\":{\"@id\":\"https:\\\/\\\/szkoladucha.pl\\\/duchowosc\\\/#website\"},\"primaryImageOfPage\":{\"@id\":\"https:\\\/\\\/szkoladucha.pl\\\/duchowosc\\\/rekolekcje-charyzmatyczne\\\/#primaryimage\"},\"image\":{\"@id\":\"https:\\\/\\\/szkoladucha.pl\\\/duchowosc\\\/rekolekcje-charyzmatyczne\\\/#primaryimage\"},\"thumbnailUrl\":\"https:\\\/\\\/szkoladucha.b-cdn.net\\\/duchowosc\\\/wp-content\\\/uploads\\\/sites\\\/13\\\/2024\\\/07\\\/6-rekolekcje-2023.jpg?x59117\",\"datePublished\":\"2025-03-14T12:30:35+00:00\",\"dateModified\":\"2025-03-14T12:30:57+00:00\",\"breadcrumb\":{\"@id\":\"https:\\\/\\\/szkoladucha.pl\\\/duchowosc\\\/rekolekcje-charyzmatyczne\\\/#breadcrumb\"},\"inLanguage\":\"pl-PL\",\"potentialAction\":[{\"@type\":\"ReadAction\",\"target\":[\"https:\\\/\\\/szkoladucha.pl\\\/duchowosc\\\/rekolekcje-charyzmatyczne\\\/\"]}]},{\"@type\":\"ImageObject\",\"inLanguage\":\"pl-PL\",\"@id\":\"https:\\\/\\\/szkoladucha.pl\\\/duchowosc\\\/rekolekcje-charyzmatyczne\\\/#primaryimage\",\"url\":\"https:\\\/\\\/szkoladucha.b-cdn.net\\\/duchowosc\\\/wp-content\\\/uploads\\\/sites\\\/13\\\/2024\\\/07\\\/6-rekolekcje-2023.jpg?x59117\",\"contentUrl\":\"https:\\\/\\\/szkoladucha.b-cdn.net\\\/duchowosc\\\/wp-content\\\/uploads\\\/sites\\\/13\\\/2024\\\/07\\\/6-rekolekcje-2023.jpg?x59117\"},{\"@type\":\"BreadcrumbList\",\"@id\":\"https:\\\/\\\/szkoladucha.pl\\\/duchowosc\\\/rekolekcje-charyzmatyczne\\\/#breadcrumb\",\"itemListElement\":[{\"@type\":\"ListItem\",\"position\":1,\"name\":\"Kursy\",\"item\":\"https:\\\/\\\/szkoladucha.pl\\\/duchowosc\\\/\"},{\"@type\":\"ListItem\",\"position\":2,\"name\":\"REKO:LEKCJE charyzmatyczne\"}]},{\"@type\":\"WebSite\",\"@id\":\"https:\\\/\\\/szkoladucha.pl\\\/duchowosc\\\/#website\",\"url\":\"https:\\\/\\\/szkoladucha.pl\\\/duchowosc\\\/\",\"name\":\"Duchowo\u015b\u0107 Szko\u0142a Ducha\",\"description\":\"Budujemy spo\u0142ecze\u0144stwo, kt\u00f3re tak jak my, \u015bwiadomie post\u0119puje zgodnie z planem.\",\"publisher\":{\"@id\":\"https:\\\/\\\/szkoladucha.pl\\\/duchowosc\\\/#organization\"},\"potentialAction\":[{\"@type\":\"SearchAction\",\"target\":{\"@type\":\"EntryPoint\",\"urlTemplate\":\"https:\\\/\\\/szkoladucha.pl\\\/duchowosc\\\/?s={search_term_string}\"},\"query-input\":{\"@type\":\"PropertyValueSpecification\",\"valueRequired\":true,\"valueName\":\"search_term_string\"}}],\"inLanguage\":\"pl-PL\"},{\"@type\":\"Organization\",\"@id\":\"https:\\\/\\\/szkoladucha.pl\\\/duchowosc\\\/#organization\",\"name\":\"Duchowo\u015b\u0107 Szko\u0142a Ducha\",\"url\":\"https:\\\/\\\/szkoladucha.pl\\\/duchowosc\\\/\",\"logo\":{\"@type\":\"ImageObject\",\"inLanguage\":\"pl-PL\",\"@id\":\"https:\\\/\\\/szkoladucha.pl\\\/duchowosc\\\/#\\\/schema\\\/logo\\\/image\\\/\",\"url\":\"https:\\\/\\\/szkoladucha.pl\\\/duchowosc\\\/wp-content\\\/uploads\\\/sites\\\/13\\\/2023\\\/09\\\/Duchowosc_Szkola_Ducha-Logo.svg\",\"contentUrl\":\"https:\\\/\\\/szkoladucha.pl\\\/duchowosc\\\/wp-content\\\/uploads\\\/sites\\\/13\\\/2023\\\/09\\\/Duchowosc_Szkola_Ducha-Logo.svg\",\"width\":100,\"height\":100,\"caption\":\"Duchowo\u015b\u0107 Szko\u0142a Ducha\"},\"image\":{\"@id\":\"https:\\\/\\\/szkoladucha.pl\\\/duchowosc\\\/#\\\/schema\\\/logo\\\/image\\\/\"}}]}<\/script>\n<!-- \/ Yoast SEO plugin. -->","yoast_head_json":{"title":"REKO:LEKCJE charyzmatyczne - Duchowo\u015b\u0107 Szko\u0142a Ducha","robots":{"index":"index","follow":"follow","max-snippet":"max-snippet:-1","max-image-preview":"max-image-preview:large","max-video-preview":"max-video-preview:-1"},"canonical":"https:\/\/szkoladucha.pl\/duchowosc\/rekolekcje-charyzmatyczne\/","og_locale":"pl_PL","og_type":"article","og_title":"REKO:LEKCJE charyzmatyczne - Duchowo\u015b\u0107 Szko\u0142a Ducha","og_description":"Czym s\u0105 REKO:LEKCJE charyzmatyczne? REKO:LEKCJE to zbi\u00f3r 23 naucza\u0144 prowadzonych przez cz\u0142onk\u00f3w Instytutu Ewangelizacji ICPE Baza Misyjna Lublin oraz wsp\u00f3lnoty Armia Dzieci, kt\u00f3rzy od lat uczyli si\u0119 od \u015bwiatowych charyzmatyk\u00f3w, jak chodzi\u0107 w duchu. Ich mentorami byli m. in. Maria Vadia, dr Carol Razza, czy Danny Stayne. Dzi\u015b to oni dziel\u0105 si\u0119 swoim do\u015bwiadczeniem pos\u0142ugi, ... Dowiedz si\u0119 wi\u0119cej","og_url":"https:\/\/szkoladucha.pl\/duchowosc\/rekolekcje-charyzmatyczne\/","og_site_name":"Duchowo\u015b\u0107 Szko\u0142a Ducha","article_modified_time":"2025-03-14T12:30:57+00:00","og_image":[{"width":600,"height":640,"url":"https:\/\/szkoladucha.pl\/duchowosc\/wp-content\/uploads\/sites\/13\/2024\/07\/6-rekolekcje-2023.jpg","type":"image\/jpeg"}],"twitter_card":"summary_large_image","twitter_misc":{"Szacowany czas czytania":"3 minuty"},"schema":{"@context":"https:\/\/schema.org","@graph":[{"@type":"WebPage","@id":"https:\/\/szkoladucha.pl\/duchowosc\/rekolekcje-charyzmatyczne\/","url":"https:\/\/szkoladucha.pl\/duchowosc\/rekolekcje-charyzmatyczne\/","name":"REKO:LEKCJE charyzmatyczne - Duchowo\u015b\u0107 Szko\u0142a Ducha","isPartOf":{"@id":"https:\/\/szkoladucha.pl\/duchowosc\/#website"},"primaryImageOfPage":{"@id":"https:\/\/szkoladucha.pl\/duchowosc\/rekolekcje-charyzmatyczne\/#primaryimage"},"image":{"@id":"https:\/\/szkoladucha.pl\/duchowosc\/rekolekcje-charyzmatyczne\/#primaryimage"},"thumbnailUrl":"https:\/\/szkoladucha.b-cdn.net\/duchowosc\/wp-content\/uploads\/sites\/13\/2024\/07\/6-rekolekcje-2023.jpg?x59117","datePublished":"2025-03-14T12:30:35+00:00","dateModified":"2025-03-14T12:30:57+00:00","breadcrumb":{"@id":"https:\/\/szkoladucha.pl\/duchowosc\/rekolekcje-charyzmatyczne\/#breadcrumb"},"inLanguage":"pl-PL","potentialAction":[{"@type":"ReadAction","target":["https:\/\/szkoladucha.pl\/duchowosc\/rekolekcje-charyzmatyczne\/"]}]},{"@type":"ImageObject","inLanguage":"pl-PL","@id":"https:\/\/szkoladucha.pl\/duchowosc\/rekolekcje-charyzmatyczne\/#primaryimage","url":"https:\/\/szkoladucha.b-cdn.net\/duchowosc\/wp-content\/uploads\/sites\/13\/2024\/07\/6-rekolekcje-2023.jpg?x59117","contentUrl":"https:\/\/szkoladucha.b-cdn.net\/duchowosc\/wp-content\/uploads\/sites\/13\/2024\/07\/6-rekolekcje-2023.jpg?x59117"},{"@type":"BreadcrumbList","@id":"https:\/\/szkoladucha.pl\/duchowosc\/rekolekcje-charyzmatyczne\/#breadcrumb","itemListElement":[{"@type":"ListItem","position":1,"name":"Kursy","item":"https:\/\/szkoladucha.pl\/duchowosc\/"},{"@type":"ListItem","position":2,"name":"REKO:LEKCJE charyzmatyczne"}]},{"@type":"WebSite","@id":"https:\/\/szkoladucha.pl\/duchowosc\/#website","url":"https:\/\/szkoladucha.pl\/duchowosc\/","name":"Duchowo\u015b\u0107 Szko\u0142a Ducha","description":"Budujemy spo\u0142ecze\u0144stwo, kt\u00f3re tak jak my, \u015bwiadomie post\u0119puje zgodnie z planem.","publisher":{"@id":"https:\/\/szkoladucha.pl\/duchowosc\/#organization"},"potentialAction":[{"@type":"SearchAction","target":{"@type":"EntryPoint","urlTemplate":"https:\/\/szkoladucha.pl\/duchowosc\/?s={search_term_string}"},"query-input":{"@type":"PropertyValueSpecification","valueRequired":true,"valueName":"search_term_string"}}],"inLanguage":"pl-PL"},{"@type":"Organization","@id":"https:\/\/szkoladucha.pl\/duchowosc\/#organization","name":"Duchowo\u015b\u0107 Szko\u0142a Ducha","url":"https:\/\/szkoladucha.pl\/duchowosc\/","logo":{"@type":"ImageObject","inLanguage":"pl-PL","@id":"https:\/\/szkoladucha.pl\/duchowosc\/#\/schema\/logo\/image\/","url":"https:\/\/szkoladucha.pl\/duchowosc\/wp-content\/uploads\/sites\/13\/2023\/09\/Duchowosc_Szkola_Ducha-Logo.svg","contentUrl":"https:\/\/szkoladucha.pl\/duchowosc\/wp-content\/uploads\/sites\/13\/2023\/09\/Duchowosc_Szkola_Ducha-Logo.svg","width":100,"height":100,"caption":"Duchowo\u015b\u0107 Szko\u0142a Ducha"},"image":{"@id":"https:\/\/szkoladucha.pl\/duchowosc\/#\/schema\/logo\/image\/"}}]}},"_links":{"self":[{"href":"https:\/\/szkoladucha.pl\/duchowosc\/wp-json\/wp\/v2\/pages\/17209","targetHints":{"allow":["GET"]}}],"collection":[{"href":"https:\/\/szkoladucha.pl\/duchowosc\/wp-json\/wp\/v2\/pages"}],"about":[{"href":"https:\/\/szkoladucha.pl\/duchowosc\/wp-json\/wp\/v2\/types\/page"}],"author":[{"embeddable":true,"href":"https:\/\/szkoladucha.pl\/duchowosc\/wp-json\/wp\/v2\/users\/3155"}],"replies":[{"embeddable":true,"href":"https:\/\/szkoladucha.pl\/duchowosc\/wp-json\/wp\/v2\/comments?post=17209"}],"version-history":[{"count":2,"href":"https:\/\/szkoladucha.pl\/duchowosc\/wp-json\/wp\/v2\/pages\/17209\/revisions"}],"predecessor-version":[{"id":17213,"href":"https:\/\/szkoladucha.pl\/duchowosc\/wp-json\/wp\/v2\/pages\/17209\/revisions\/17213"}],"wp:attachment":[{"href":"https:\/\/szkoladucha.pl\/duchowosc\/wp-json\/wp\/v2\/media?parent=17209"}],"curies":[{"name":"wp","href":"https:\/\/api.w.org\/{rel}","templated":true}]}}