{"id":8,"date":"2022-01-25T14:58:41","date_gmt":"2022-01-25T13:58:41","guid":{"rendered":"https:\/\/szkoladucha.pl\/kursy\/moje-konto\/"},"modified":"2025-02-13T16:03:08","modified_gmt":"2025-02-13T15:03:08","slug":"moje-konto","status":"publish","type":"page","link":"https:\/\/szkoladucha.pl\/duchowosc\/moje-konto\/","title":{"rendered":"Moje konto"},"content":{"rendered":"<div class=\"gb-container gb-container-f3a0e2f8\">\n<div class=\"gb-container gb-container-e2a21a9f\">\n\n<p>Dzi\u0119kujemy, \u017ce jeste\u015b cz\u0119\u015bci\u0105 naszej spo\u0142eczno\u015bci! Zale\u017cy nam, aby nasza <strong>platforma e-learningowa by\u0142a jak najlepiej dopasowana do Twoich potrzeb.<\/strong> Dlatego przygotowali\u015bmy kr\u00f3tk\u0105 ankiet\u0119, kt\u00f3rej wype\u0142nienie pomo\u017ce nam jeszcze lepiej Ci s\u0142u\u017cy\u0107. <strong>W podzi\u0119kowaniu za po\u015bwi\u0119cony czas, oferujemy Ci E-book do pobrania.<\/strong> Kliknij w link poni\u017cej, aby wzi\u0105\u0107 udzia\u0142 w ankiecie i odebra\u0107 prezent!<\/p>\n\n\n\n<a class=\"gb-button gb-button-3179a941 gb-button-text\" href=\"https:\/\/forms.gle\/9bQ7grycmPqJnnyYA\" target=\"_blank\" rel=\"noopener noreferrer\">Kliknij i wype\u0142nij ankiet\u0119<\/a>\n\n\n\n<p>Dzi\u0119kujemy za Twoje wsparcie!<br>\u0141ukasz<\/p>\n\n<\/div>\n<\/div>\n\n<div class=\"woocommerce\"><\/div>\n\n\n\n<p><\/p>\n","protected":false},"excerpt":{"rendered":"<p>Dzi\u0119kujemy, \u017ce jeste\u015b cz\u0119\u015bci\u0105 naszej spo\u0142eczno\u015bci! Zale\u017cy nam, aby nasza platforma e-learningowa by\u0142a jak najlepiej dopasowana do Twoich potrzeb. Dlatego przygotowali\u015bmy kr\u00f3tk\u0105 ankiet\u0119, kt\u00f3rej wype\u0142nienie pomo\u017ce nam jeszcze lepiej Ci s\u0142u\u017cy\u0107. W podzi\u0119kowaniu za po\u015bwi\u0119cony czas, oferujemy Ci E-book do pobrania. Kliknij w link poni\u017cej, aby wzi\u0105\u0107 udzia\u0142 w ankiecie i odebra\u0107 prezent! Dzi\u0119kujemy za &#8230; <a title=\"Moje konto\" class=\"read-more\" href=\"https:\/\/szkoladucha.pl\/duchowosc\/moje-konto\/\" aria-label=\"Dowiedz si\u0119 wi\u0119cej o Moje konto\">Dowiedz si\u0119 wi\u0119cej<\/a><\/p>\n","protected":false},"author":1,"featured_media":0,"parent":0,"menu_order":0,"comment_status":"closed","ping_status":"closed","template":"","meta":{"footnotes":""},"class_list":["post-8","page","type-page","status-publish"],"yoast_head":"<!-- This site is optimized with the Yoast SEO plugin v27.3 - https:\/\/yoast.com\/product\/yoast-seo-wordpress\/ -->\n<title>Moje konto - Szko\u0142a Ducha Duchowo\u015b\u0107<\/title>\n<meta name=\"robots\" content=\"index, follow, max-snippet:-1, max-image-preview:large, max-video-preview:-1\" \/>\n<link rel=\"canonical\" href=\"https:\/\/szkoladucha.pl\/duchowosc\/moje-konto\/\" \/>\n<meta property=\"og:locale\" content=\"pl_PL\" \/>\n<meta property=\"og:type\" content=\"article\" \/>\n<meta property=\"og:title\" content=\"Moje konto - Szko\u0142a Ducha Duchowo\u015b\u0107\" \/>\n<meta property=\"og:description\" content=\"Dzi\u0119kujemy, \u017ce jeste\u015b cz\u0119\u015bci\u0105 naszej spo\u0142eczno\u015bci! Zale\u017cy nam, aby nasza platforma e-learningowa by\u0142a jak najlepiej dopasowana do Twoich potrzeb. Dlatego przygotowali\u015bmy kr\u00f3tk\u0105 ankiet\u0119, kt\u00f3rej wype\u0142nienie pomo\u017ce nam jeszcze lepiej Ci s\u0142u\u017cy\u0107. W podzi\u0119kowaniu za po\u015bwi\u0119cony czas, oferujemy Ci E-book do pobrania. Kliknij w link poni\u017cej, aby wzi\u0105\u0107 udzia\u0142 w ankiecie i odebra\u0107 prezent! Dzi\u0119kujemy za ... Dowiedz si\u0119 wi\u0119cej\" \/>\n<meta property=\"og:url\" content=\"https:\/\/szkoladucha.pl\/duchowosc\/moje-konto\/\" \/>\n<meta property=\"og:site_name\" content=\"Szko\u0142a Ducha Duchowo\u015b\u0107\" \/>\n<meta property=\"article:modified_time\" content=\"2025-02-13T15:03:08+00:00\" \/>\n<meta name=\"twitter:card\" content=\"summary_large_image\" \/>\n<meta name=\"twitter:label1\" content=\"Szacowany czas czytania\" \/>\n\t<meta name=\"twitter:data1\" content=\"1 minuta\" \/>\n<script type=\"application\/ld+json\" class=\"yoast-schema-graph\">{\"@context\":\"https:\\\/\\\/schema.org\",\"@graph\":[{\"@type\":\"WebPage\",\"@id\":\"https:\\\/\\\/szkoladucha.pl\\\/duchowosc\\\/moje-konto\\\/\",\"url\":\"https:\\\/\\\/szkoladucha.pl\\\/duchowosc\\\/moje-konto\\\/\",\"name\":\"Moje konto - Szko\u0142a Ducha Duchowo\u015b\u0107\",\"isPartOf\":{\"@id\":\"https:\\\/\\\/szkoladucha.pl\\\/duchowosc\\\/#website\"},\"datePublished\":\"2022-01-25T13:58:41+00:00\",\"dateModified\":\"2025-02-13T15:03:08+00:00\",\"breadcrumb\":{\"@id\":\"https:\\\/\\\/szkoladucha.pl\\\/duchowosc\\\/moje-konto\\\/#breadcrumb\"},\"inLanguage\":\"pl-PL\",\"potentialAction\":[{\"@type\":\"ReadAction\",\"target\":[\"https:\\\/\\\/szkoladucha.pl\\\/duchowosc\\\/moje-konto\\\/\"]}]},{\"@type\":\"BreadcrumbList\",\"@id\":\"https:\\\/\\\/szkoladucha.pl\\\/duchowosc\\\/moje-konto\\\/#breadcrumb\",\"itemListElement\":[{\"@type\":\"ListItem\",\"position\":1,\"name\":\"Kursy\",\"item\":\"https:\\\/\\\/szkoladucha.pl\\\/duchowosc\\\/\"},{\"@type\":\"ListItem\",\"position\":2,\"name\":\"Moje konto\"}]},{\"@type\":\"WebSite\",\"@id\":\"https:\\\/\\\/szkoladucha.pl\\\/duchowosc\\\/#website\",\"url\":\"https:\\\/\\\/szkoladucha.pl\\\/duchowosc\\\/\",\"name\":\"Szko\u0142a Ducha Duchowo\u015b\u0107\",\"description\":\"Budujemy spo\u0142ecze\u0144stwo, kt\u00f3re tak jak my, \u015bwiadomie post\u0119puje zgodnie z planem.\",\"publisher\":{\"@id\":\"https:\\\/\\\/szkoladucha.pl\\\/duchowosc\\\/#organization\"},\"potentialAction\":[{\"@type\":\"SearchAction\",\"target\":{\"@type\":\"EntryPoint\",\"urlTemplate\":\"https:\\\/\\\/szkoladucha.pl\\\/duchowosc\\\/?s={search_term_string}\"},\"query-input\":{\"@type\":\"PropertyValueSpecification\",\"valueRequired\":true,\"valueName\":\"search_term_string\"}}],\"inLanguage\":\"pl-PL\"},{\"@type\":\"Organization\",\"@id\":\"https:\\\/\\\/szkoladucha.pl\\\/duchowosc\\\/#organization\",\"name\":\"Szko\u0142a Ducha Duchowo\u015b\u0107\",\"url\":\"https:\\\/\\\/szkoladucha.pl\\\/duchowosc\\\/\",\"logo\":{\"@type\":\"ImageObject\",\"inLanguage\":\"pl-PL\",\"@id\":\"https:\\\/\\\/szkoladucha.pl\\\/duchowosc\\\/#\\\/schema\\\/logo\\\/image\\\/\",\"url\":\"https:\\\/\\\/szkoladucha.pl\\\/duchowosc\\\/wp-content\\\/uploads\\\/sites\\\/13\\\/2023\\\/09\\\/Duchowosc_Szkola_Ducha-Logo.svg\",\"contentUrl\":\"https:\\\/\\\/szkoladucha.pl\\\/duchowosc\\\/wp-content\\\/uploads\\\/sites\\\/13\\\/2023\\\/09\\\/Duchowosc_Szkola_Ducha-Logo.svg\",\"width\":100,\"height\":100,\"caption\":\"Szko\u0142a Ducha Duchowo\u015b\u0107\"},\"image\":{\"@id\":\"https:\\\/\\\/szkoladucha.pl\\\/duchowosc\\\/#\\\/schema\\\/logo\\\/image\\\/\"}}]}<\/script>\n<!-- \/ Yoast SEO plugin. -->","yoast_head_json":{"title":"Moje konto - Szko\u0142a Ducha Duchowo\u015b\u0107","robots":{"index":"index","follow":"follow","max-snippet":"max-snippet:-1","max-image-preview":"max-image-preview:large","max-video-preview":"max-video-preview:-1"},"canonical":"https:\/\/szkoladucha.pl\/duchowosc\/moje-konto\/","og_locale":"pl_PL","og_type":"article","og_title":"Moje konto - Szko\u0142a Ducha Duchowo\u015b\u0107","og_description":"Dzi\u0119kujemy, \u017ce jeste\u015b cz\u0119\u015bci\u0105 naszej spo\u0142eczno\u015bci! Zale\u017cy nam, aby nasza platforma e-learningowa by\u0142a jak najlepiej dopasowana do Twoich potrzeb. Dlatego przygotowali\u015bmy kr\u00f3tk\u0105 ankiet\u0119, kt\u00f3rej wype\u0142nienie pomo\u017ce nam jeszcze lepiej Ci s\u0142u\u017cy\u0107. W podzi\u0119kowaniu za po\u015bwi\u0119cony czas, oferujemy Ci E-book do pobrania. Kliknij w link poni\u017cej, aby wzi\u0105\u0107 udzia\u0142 w ankiecie i odebra\u0107 prezent! Dzi\u0119kujemy za ... Dowiedz si\u0119 wi\u0119cej","og_url":"https:\/\/szkoladucha.pl\/duchowosc\/moje-konto\/","og_site_name":"Szko\u0142a Ducha Duchowo\u015b\u0107","article_modified_time":"2025-02-13T15:03:08+00:00","twitter_card":"summary_large_image","twitter_misc":{"Szacowany czas czytania":"1 minuta"},"schema":{"@context":"https:\/\/schema.org","@graph":[{"@type":"WebPage","@id":"https:\/\/szkoladucha.pl\/duchowosc\/moje-konto\/","url":"https:\/\/szkoladucha.pl\/duchowosc\/moje-konto\/","name":"Moje konto - Szko\u0142a Ducha Duchowo\u015b\u0107","isPartOf":{"@id":"https:\/\/szkoladucha.pl\/duchowosc\/#website"},"datePublished":"2022-01-25T13:58:41+00:00","dateModified":"2025-02-13T15:03:08+00:00","breadcrumb":{"@id":"https:\/\/szkoladucha.pl\/duchowosc\/moje-konto\/#breadcrumb"},"inLanguage":"pl-PL","potentialAction":[{"@type":"ReadAction","target":["https:\/\/szkoladucha.pl\/duchowosc\/moje-konto\/"]}]},{"@type":"BreadcrumbList","@id":"https:\/\/szkoladucha.pl\/duchowosc\/moje-konto\/#breadcrumb","itemListElement":[{"@type":"ListItem","position":1,"name":"Kursy","item":"https:\/\/szkoladucha.pl\/duchowosc\/"},{"@type":"ListItem","position":2,"name":"Moje konto"}]},{"@type":"WebSite","@id":"https:\/\/szkoladucha.pl\/duchowosc\/#website","url":"https:\/\/szkoladucha.pl\/duchowosc\/","name":"Szko\u0142a Ducha Duchowo\u015b\u0107","description":"Budujemy spo\u0142ecze\u0144stwo, kt\u00f3re tak jak my, \u015bwiadomie post\u0119puje zgodnie z planem.","publisher":{"@id":"https:\/\/szkoladucha.pl\/duchowosc\/#organization"},"potentialAction":[{"@type":"SearchAction","target":{"@type":"EntryPoint","urlTemplate":"https:\/\/szkoladucha.pl\/duchowosc\/?s={search_term_string}"},"query-input":{"@type":"PropertyValueSpecification","valueRequired":true,"valueName":"search_term_string"}}],"inLanguage":"pl-PL"},{"@type":"Organization","@id":"https:\/\/szkoladucha.pl\/duchowosc\/#organization","name":"Szko\u0142a Ducha Duchowo\u015b\u0107","url":"https:\/\/szkoladucha.pl\/duchowosc\/","logo":{"@type":"ImageObject","inLanguage":"pl-PL","@id":"https:\/\/szkoladucha.pl\/duchowosc\/#\/schema\/logo\/image\/","url":"https:\/\/szkoladucha.pl\/duchowosc\/wp-content\/uploads\/sites\/13\/2023\/09\/Duchowosc_Szkola_Ducha-Logo.svg","contentUrl":"https:\/\/szkoladucha.pl\/duchowosc\/wp-content\/uploads\/sites\/13\/2023\/09\/Duchowosc_Szkola_Ducha-Logo.svg","width":100,"height":100,"caption":"Szko\u0142a Ducha Duchowo\u015b\u0107"},"image":{"@id":"https:\/\/szkoladucha.pl\/duchowosc\/#\/schema\/logo\/image\/"}}]}},"_links":{"self":[{"href":"https:\/\/szkoladucha.pl\/duchowosc\/wp-json\/wp\/v2\/pages\/8","targetHints":{"allow":["GET"]}}],"collection":[{"href":"https:\/\/szkoladucha.pl\/duchowosc\/wp-json\/wp\/v2\/pages"}],"about":[{"href":"https:\/\/szkoladucha.pl\/duchowosc\/wp-json\/wp\/v2\/types\/page"}],"author":[{"embeddable":true,"href":"https:\/\/szkoladucha.pl\/duchowosc\/wp-json\/wp\/v2\/users\/1"}],"replies":[{"embeddable":true,"href":"https:\/\/szkoladucha.pl\/duchowosc\/wp-json\/wp\/v2\/comments?post=8"}],"version-history":[{"count":7,"href":"https:\/\/szkoladucha.pl\/duchowosc\/wp-json\/wp\/v2\/pages\/8\/revisions"}],"predecessor-version":[{"id":16567,"href":"https:\/\/szkoladucha.pl\/duchowosc\/wp-json\/wp\/v2\/pages\/8\/revisions\/16567"}],"wp:attachment":[{"href":"https:\/\/szkoladucha.pl\/duchowosc\/wp-json\/wp\/v2\/media?parent=8"}],"curies":[{"name":"wp","href":"https:\/\/api.w.org\/{rel}","templated":true}]}}