{"id":11854,"date":"2024-02-13T11:44:34","date_gmt":"2024-02-13T10:44:34","guid":{"rendered":"https:\/\/szkoladucha.pl\/duchowosc\/?post_type=product&#038;p=11854"},"modified":"2025-01-02T15:06:04","modified_gmt":"2025-01-02T14:06:04","slug":"subskrybcja-199","status":"publish","type":"product","link":"https:\/\/szkoladucha.pl\/duchowosc\/produkt\/subskrybcja-199\/","title":{"rendered":"Subskrybcja \u2013 kursy online 199"},"content":{"rendered":"<h2>Po do\u0142\u0105czeniu do subskrybcji masz ju\u017c dost\u0119p do:<\/h2>\n<ol>\n<li>Kurs online \u017bycia Ponad Naturalnego<\/li>\n<li>Kurs online o Uzdrowienia<\/li>\n<li>Kurs online o Mi\u0142o\u015bci<\/li>\n<li>Kurs online o M\u0105dro\u015bci<\/li>\n<li>Kurs online Wojownik\u00f3w Chwa\u0142y<\/li>\n<li>Kurs online \u00a0o Wiarze<\/li>\n<li>Kurs online o Duchu \u015awi\u0119tym<\/li>\n<li>Kurs online o Dziedzictwie<\/li>\n<li>Kurs online o Proroctwie<\/li>\n<li>Kurs online Przemiany Umys\u0142u<\/li>\n<li>Kurs online o Rado\u015bci<\/li>\n<li>E-book\u00f3w<\/li>\n<\/ol>\n<p>I co miesi\u0105c dodajemy nowe Materia\u0142y!<\/p>\n<h2>UWAGA! z subskrybcji mo\u017cesz zrezygnowa\u0107 w dowolnym momencie!<\/h2>\n<h2 class=\"gb-headline gb-headline-e91d77a5 gb-headline-text\"><strong>BONUSY w roku Szkolnym 2024\/2025, mo\u017cesz korzysta\u0107 z tych, kt\u00f3re pomog\u0105 Ci wzrasta\u0107 w wierze:<\/strong><\/h2>\n<h4 class=\"gb-headline gb-headline-9fd75dfc\"><span class=\"gb-headline-text\">Mentoring duchowy<\/span><\/h4>\n<h4 class=\"gb-headline gb-headline-7b095a87\"><span class=\"gb-headline-text\">Konsultacje indywidualne<\/span><\/h4>\n<h4 class=\"gb-headline gb-headline-1ca0a69f\"><span class=\"gb-headline-text\">Spotkanie prorocze<\/span><\/h4>\n<h4 class=\"gb-headline gb-headline-6880d731\"><span class=\"gb-headline-text\">Spotkanie wstawiennicze<\/span><\/h4>\n<h4 class=\"gb-headline gb-headline-b1399509\"><span class=\"gb-headline-text\">Dost\u0119p do transmisji online z wydarze\u0144 stacjonarnych<\/span><\/h4>\n","protected":false},"excerpt":{"rendered":"<p>Po do\u0142\u0105czeniu do subskrybcji masz ju\u017c dost\u0119p do: Kurs online \u017bycia Ponad Naturalnego Kurs online o Uzdrowienia Kurs online o Mi\u0142o\u015bci Kurs online o M\u0105dro\u015bci Kurs online Wojownik\u00f3w Chwa\u0142y Kurs online \u00a0o Wiarze Kurs online o Duchu \u015awi\u0119tym Kurs online o Dziedzictwie Kurs online o Proroctwie Kurs online Przemiany Umys\u0142u Kurs online o Rado\u015bci E-book\u00f3w &#8230; <a title=\"Subskrybcja \u2013 kursy online 199\" class=\"read-more\" href=\"https:\/\/szkoladucha.pl\/duchowosc\/produkt\/subskrybcja-199\/\" aria-label=\"Dowiedz si\u0119 wi\u0119cej o Subskrybcja \u2013 kursy online 199\">Dowiedz si\u0119 wi\u0119cej<\/a><\/p>\n","protected":false},"featured_media":15884,"comment_status":"open","ping_status":"closed","template":"","meta":[],"product_brand":[],"product_cat":[15],"product_tag":[],"class_list":{"0":"post-11854","1":"product","2":"type-product","3":"status-publish","4":"has-post-thumbnail","6":"product_cat-inne","7":"","8":"woocommerce-text-align-left","9":"woocommerce-image-align-center","10":"do-quantity-buttons","12":"first","13":"instock","14":"virtual","15":"purchasable","16":"product-type-subscription"},"bundled_by":[],"bundle_stock_status":"instock","bundle_stock_quantity":null,"bundle_virtual":false,"bundle_layout":"","bundle_add_to_cart_form_location":"","bundle_editable_in_cart":false,"bundle_sold_individually_context":"","bundle_item_grouping":"","bundle_min_size":"","bundle_max_size":"","bundle_price":[],"bundled_items":[],"bundle_sell_ids":[],"exclude_global_add_ons":[],"addons":[],"yoast_head":"<!-- This site is optimized with the Yoast SEO plugin v27.3 - https:\/\/yoast.com\/product\/yoast-seo-wordpress\/ -->\n<title>Subskrybcja \u2013 kursy online 199 - Duchowo\u015b\u0107 Szko\u0142a Ducha<\/title>\n<meta name=\"robots\" content=\"index, follow, max-snippet:-1, max-image-preview:large, max-video-preview:-1\" \/>\n<link rel=\"canonical\" href=\"https:\/\/szkoladucha.pl\/duchowosc\/produkt\/subskrybcja-199\/\" \/>\n<meta property=\"og:locale\" content=\"pl_PL\" \/>\n<meta property=\"og:type\" content=\"article\" \/>\n<meta property=\"og:title\" content=\"Subskrybcja \u2013 kursy online 199 - Duchowo\u015b\u0107 Szko\u0142a Ducha\" \/>\n<meta property=\"og:description\" content=\"Po do\u0142\u0105czeniu do subskrybcji masz ju\u017c dost\u0119p do: Kurs online \u017bycia Ponad Naturalnego Kurs online o Uzdrowienia Kurs online o Mi\u0142o\u015bci Kurs online o M\u0105dro\u015bci Kurs online Wojownik\u00f3w Chwa\u0142y Kurs online \u00a0o Wiarze Kurs online o Duchu \u015awi\u0119tym Kurs online o Dziedzictwie Kurs online o Proroctwie Kurs online Przemiany Umys\u0142u Kurs online o Rado\u015bci E-book\u00f3w ... Dowiedz si\u0119 wi\u0119cej\" \/>\n<meta property=\"og:url\" content=\"https:\/\/szkoladucha.pl\/duchowosc\/produkt\/subskrybcja-199\/\" \/>\n<meta property=\"og:site_name\" content=\"Duchowo\u015b\u0107 Szko\u0142a Ducha\" \/>\n<meta property=\"article:modified_time\" content=\"2025-01-02T14:06:04+00:00\" \/>\n<meta property=\"og:image\" content=\"https:\/\/szkoladucha.b-cdn.net\/duchowosc\/wp-content\/uploads\/sites\/13\/2024\/10\/I-wiele-wiecej.png?x59117\" \/>\n\t<meta property=\"og:image:width\" content=\"800\" \/>\n\t<meta property=\"og:image:height\" content=\"300\" \/>\n\t<meta property=\"og:image:type\" content=\"image\/png\" \/>\n<meta name=\"twitter:card\" content=\"summary_large_image\" \/>\n<meta name=\"twitter:label1\" content=\"Szacowany czas czytania\" \/>\n\t<meta name=\"twitter:data1\" content=\"1 minuta\" \/>\n<script type=\"application\/ld+json\" class=\"yoast-schema-graph\">{\"@context\":\"https:\\\/\\\/schema.org\",\"@graph\":[{\"@type\":\"WebPage\",\"@id\":\"https:\\\/\\\/szkoladucha.pl\\\/duchowosc\\\/produkt\\\/subskrybcja-199\\\/\",\"url\":\"https:\\\/\\\/szkoladucha.pl\\\/duchowosc\\\/produkt\\\/subskrybcja-199\\\/\",\"name\":\"Subskrybcja \u2013 kursy online 199 - Duchowo\u015b\u0107 Szko\u0142a Ducha\",\"isPartOf\":{\"@id\":\"https:\\\/\\\/szkoladucha.pl\\\/duchowosc\\\/#website\"},\"primaryImageOfPage\":{\"@id\":\"https:\\\/\\\/szkoladucha.pl\\\/duchowosc\\\/produkt\\\/subskrybcja-199\\\/#primaryimage\"},\"image\":{\"@id\":\"https:\\\/\\\/szkoladucha.pl\\\/duchowosc\\\/produkt\\\/subskrybcja-199\\\/#primaryimage\"},\"thumbnailUrl\":\"https:\\\/\\\/szkoladucha.pl\\\/duchowosc\\\/wp-content\\\/uploads\\\/sites\\\/13\\\/2024\\\/10\\\/I-wiele-wiecej.png\",\"datePublished\":\"2024-02-13T10:44:34+00:00\",\"dateModified\":\"2025-01-02T14:06:04+00:00\",\"breadcrumb\":{\"@id\":\"https:\\\/\\\/szkoladucha.pl\\\/duchowosc\\\/produkt\\\/subskrybcja-199\\\/#breadcrumb\"},\"inLanguage\":\"pl-PL\",\"potentialAction\":[{\"@type\":\"ReadAction\",\"target\":[\"https:\\\/\\\/szkoladucha.pl\\\/duchowosc\\\/produkt\\\/subskrybcja-199\\\/\"]}]},{\"@type\":\"ImageObject\",\"inLanguage\":\"pl-PL\",\"@id\":\"https:\\\/\\\/szkoladucha.pl\\\/duchowosc\\\/produkt\\\/subskrybcja-199\\\/#primaryimage\",\"url\":\"https:\\\/\\\/szkoladucha.pl\\\/duchowosc\\\/wp-content\\\/uploads\\\/sites\\\/13\\\/2024\\\/10\\\/I-wiele-wiecej.png\",\"contentUrl\":\"https:\\\/\\\/szkoladucha.pl\\\/duchowosc\\\/wp-content\\\/uploads\\\/sites\\\/13\\\/2024\\\/10\\\/I-wiele-wiecej.png\",\"width\":800,\"height\":300},{\"@type\":\"BreadcrumbList\",\"@id\":\"https:\\\/\\\/szkoladucha.pl\\\/duchowosc\\\/produkt\\\/subskrybcja-199\\\/#breadcrumb\",\"itemListElement\":[{\"@type\":\"ListItem\",\"position\":1,\"name\":\"Kursy\",\"item\":\"https:\\\/\\\/szkoladucha.pl\\\/duchowosc\\\/\"},{\"@type\":\"ListItem\",\"position\":2,\"name\":\"Sklep\",\"item\":\"https:\\\/\\\/szkoladucha.pl\\\/duchowosc\\\/sklep\\\/\"},{\"@type\":\"ListItem\",\"position\":3,\"name\":\"Subskrybcja \u2013 kursy online 199\"}]},{\"@type\":\"WebSite\",\"@id\":\"https:\\\/\\\/szkoladucha.pl\\\/duchowosc\\\/#website\",\"url\":\"https:\\\/\\\/szkoladucha.pl\\\/duchowosc\\\/\",\"name\":\"Duchowo\u015b\u0107 Szko\u0142a Ducha\",\"description\":\"Budujemy spo\u0142ecze\u0144stwo, kt\u00f3re tak jak my, \u015bwiadomie post\u0119puje zgodnie z planem.\",\"publisher\":{\"@id\":\"https:\\\/\\\/szkoladucha.pl\\\/duchowosc\\\/#organization\"},\"potentialAction\":[{\"@type\":\"SearchAction\",\"target\":{\"@type\":\"EntryPoint\",\"urlTemplate\":\"https:\\\/\\\/szkoladucha.pl\\\/duchowosc\\\/?s={search_term_string}\"},\"query-input\":{\"@type\":\"PropertyValueSpecification\",\"valueRequired\":true,\"valueName\":\"search_term_string\"}}],\"inLanguage\":\"pl-PL\"},{\"@type\":\"Organization\",\"@id\":\"https:\\\/\\\/szkoladucha.pl\\\/duchowosc\\\/#organization\",\"name\":\"Duchowo\u015b\u0107 Szko\u0142a Ducha\",\"url\":\"https:\\\/\\\/szkoladucha.pl\\\/duchowosc\\\/\",\"logo\":{\"@type\":\"ImageObject\",\"inLanguage\":\"pl-PL\",\"@id\":\"https:\\\/\\\/szkoladucha.pl\\\/duchowosc\\\/#\\\/schema\\\/logo\\\/image\\\/\",\"url\":\"https:\\\/\\\/szkoladucha.pl\\\/duchowosc\\\/wp-content\\\/uploads\\\/sites\\\/13\\\/2023\\\/09\\\/Duchowosc_Szkola_Ducha-Logo.svg\",\"contentUrl\":\"https:\\\/\\\/szkoladucha.pl\\\/duchowosc\\\/wp-content\\\/uploads\\\/sites\\\/13\\\/2023\\\/09\\\/Duchowosc_Szkola_Ducha-Logo.svg\",\"width\":100,\"height\":100,\"caption\":\"Duchowo\u015b\u0107 Szko\u0142a Ducha\"},\"image\":{\"@id\":\"https:\\\/\\\/szkoladucha.pl\\\/duchowosc\\\/#\\\/schema\\\/logo\\\/image\\\/\"}}]}<\/script>\n<!-- \/ Yoast SEO plugin. -->","yoast_head_json":{"title":"Subskrybcja \u2013 kursy online 199 - Duchowo\u015b\u0107 Szko\u0142a Ducha","robots":{"index":"index","follow":"follow","max-snippet":"max-snippet:-1","max-image-preview":"max-image-preview:large","max-video-preview":"max-video-preview:-1"},"canonical":"https:\/\/szkoladucha.pl\/duchowosc\/produkt\/subskrybcja-199\/","og_locale":"pl_PL","og_type":"article","og_title":"Subskrybcja \u2013 kursy online 199 - Duchowo\u015b\u0107 Szko\u0142a Ducha","og_description":"Po do\u0142\u0105czeniu do subskrybcji masz ju\u017c dost\u0119p do: Kurs online \u017bycia Ponad Naturalnego Kurs online o Uzdrowienia Kurs online o Mi\u0142o\u015bci Kurs online o M\u0105dro\u015bci Kurs online Wojownik\u00f3w Chwa\u0142y Kurs online \u00a0o Wiarze Kurs online o Duchu \u015awi\u0119tym Kurs online o Dziedzictwie Kurs online o Proroctwie Kurs online Przemiany Umys\u0142u Kurs online o Rado\u015bci E-book\u00f3w ... Dowiedz si\u0119 wi\u0119cej","og_url":"https:\/\/szkoladucha.pl\/duchowosc\/produkt\/subskrybcja-199\/","og_site_name":"Duchowo\u015b\u0107 Szko\u0142a Ducha","article_modified_time":"2025-01-02T14:06:04+00:00","og_image":[{"width":800,"height":300,"url":"https:\/\/szkoladucha.b-cdn.net\/duchowosc\/wp-content\/uploads\/sites\/13\/2024\/10\/I-wiele-wiecej.png?x59117","type":"image\/png"}],"twitter_card":"summary_large_image","twitter_misc":{"Szacowany czas czytania":"1 minuta"},"schema":{"@context":"https:\/\/schema.org","@graph":[{"@type":"WebPage","@id":"https:\/\/szkoladucha.pl\/duchowosc\/produkt\/subskrybcja-199\/","url":"https:\/\/szkoladucha.pl\/duchowosc\/produkt\/subskrybcja-199\/","name":"Subskrybcja \u2013 kursy online 199 - Duchowo\u015b\u0107 Szko\u0142a Ducha","isPartOf":{"@id":"https:\/\/szkoladucha.pl\/duchowosc\/#website"},"primaryImageOfPage":{"@id":"https:\/\/szkoladucha.pl\/duchowosc\/produkt\/subskrybcja-199\/#primaryimage"},"image":{"@id":"https:\/\/szkoladucha.pl\/duchowosc\/produkt\/subskrybcja-199\/#primaryimage"},"thumbnailUrl":"https:\/\/szkoladucha.pl\/duchowosc\/wp-content\/uploads\/sites\/13\/2024\/10\/I-wiele-wiecej.png","datePublished":"2024-02-13T10:44:34+00:00","dateModified":"2025-01-02T14:06:04+00:00","breadcrumb":{"@id":"https:\/\/szkoladucha.pl\/duchowosc\/produkt\/subskrybcja-199\/#breadcrumb"},"inLanguage":"pl-PL","potentialAction":[{"@type":"ReadAction","target":["https:\/\/szkoladucha.pl\/duchowosc\/produkt\/subskrybcja-199\/"]}]},{"@type":"ImageObject","inLanguage":"pl-PL","@id":"https:\/\/szkoladucha.pl\/duchowosc\/produkt\/subskrybcja-199\/#primaryimage","url":"https:\/\/szkoladucha.pl\/duchowosc\/wp-content\/uploads\/sites\/13\/2024\/10\/I-wiele-wiecej.png","contentUrl":"https:\/\/szkoladucha.pl\/duchowosc\/wp-content\/uploads\/sites\/13\/2024\/10\/I-wiele-wiecej.png","width":800,"height":300},{"@type":"BreadcrumbList","@id":"https:\/\/szkoladucha.pl\/duchowosc\/produkt\/subskrybcja-199\/#breadcrumb","itemListElement":[{"@type":"ListItem","position":1,"name":"Kursy","item":"https:\/\/szkoladucha.pl\/duchowosc\/"},{"@type":"ListItem","position":2,"name":"Sklep","item":"https:\/\/szkoladucha.pl\/duchowosc\/sklep\/"},{"@type":"ListItem","position":3,"name":"Subskrybcja \u2013 kursy online 199"}]},{"@type":"WebSite","@id":"https:\/\/szkoladucha.pl\/duchowosc\/#website","url":"https:\/\/szkoladucha.pl\/duchowosc\/","name":"Duchowo\u015b\u0107 Szko\u0142a Ducha","description":"Budujemy spo\u0142ecze\u0144stwo, kt\u00f3re tak jak my, \u015bwiadomie post\u0119puje zgodnie z planem.","publisher":{"@id":"https:\/\/szkoladucha.pl\/duchowosc\/#organization"},"potentialAction":[{"@type":"SearchAction","target":{"@type":"EntryPoint","urlTemplate":"https:\/\/szkoladucha.pl\/duchowosc\/?s={search_term_string}"},"query-input":{"@type":"PropertyValueSpecification","valueRequired":true,"valueName":"search_term_string"}}],"inLanguage":"pl-PL"},{"@type":"Organization","@id":"https:\/\/szkoladucha.pl\/duchowosc\/#organization","name":"Duchowo\u015b\u0107 Szko\u0142a Ducha","url":"https:\/\/szkoladucha.pl\/duchowosc\/","logo":{"@type":"ImageObject","inLanguage":"pl-PL","@id":"https:\/\/szkoladucha.pl\/duchowosc\/#\/schema\/logo\/image\/","url":"https:\/\/szkoladucha.pl\/duchowosc\/wp-content\/uploads\/sites\/13\/2023\/09\/Duchowosc_Szkola_Ducha-Logo.svg","contentUrl":"https:\/\/szkoladucha.pl\/duchowosc\/wp-content\/uploads\/sites\/13\/2023\/09\/Duchowosc_Szkola_Ducha-Logo.svg","width":100,"height":100,"caption":"Duchowo\u015b\u0107 Szko\u0142a Ducha"},"image":{"@id":"https:\/\/szkoladucha.pl\/duchowosc\/#\/schema\/logo\/image\/"}}]}},"_links":{"self":[{"href":"https:\/\/szkoladucha.pl\/duchowosc\/wp-json\/wp\/v2\/product\/11854","targetHints":{"allow":["GET"]}}],"collection":[{"href":"https:\/\/szkoladucha.pl\/duchowosc\/wp-json\/wp\/v2\/product"}],"about":[{"href":"https:\/\/szkoladucha.pl\/duchowosc\/wp-json\/wp\/v2\/types\/product"}],"replies":[{"embeddable":true,"href":"https:\/\/szkoladucha.pl\/duchowosc\/wp-json\/wp\/v2\/comments?post=11854"}],"wp:featuredmedia":[{"embeddable":true,"href":"https:\/\/szkoladucha.pl\/duchowosc\/wp-json\/wp\/v2\/media\/15884"}],"wp:attachment":[{"href":"https:\/\/szkoladucha.pl\/duchowosc\/wp-json\/wp\/v2\/media?parent=11854"}],"wp:term":[{"taxonomy":"product_brand","embeddable":true,"href":"https:\/\/szkoladucha.pl\/duchowosc\/wp-json\/wp\/v2\/product_brand?post=11854"},{"taxonomy":"product_cat","embeddable":true,"href":"https:\/\/szkoladucha.pl\/duchowosc\/wp-json\/wp\/v2\/product_cat?post=11854"},{"taxonomy":"product_tag","embeddable":true,"href":"https:\/\/szkoladucha.pl\/duchowosc\/wp-json\/wp\/v2\/product_tag?post=11854"}],"curies":[{"name":"wp","href":"https:\/\/api.w.org\/{rel}","templated":true}]}}