{"id":19088,"date":"2025-07-08T15:28:43","date_gmt":"2025-07-08T13:28:43","guid":{"rendered":"https:\/\/szkoladucha.pl\/duchowosc\/?post_type=product&#038;p=19088"},"modified":"2025-09-05T11:19:56","modified_gmt":"2025-09-05T09:19:56","slug":"warsztaty-prorocze-katowice","status":"publish","type":"product","link":"https:\/\/szkoladucha.pl\/duchowosc\/produkt\/warsztaty-prorocze-katowice\/","title":{"rendered":"Warsztaty Prorocze KATOWICE"},"content":{"rendered":"<div class=\"gb-container gb-container-2ba0a49c gb-container-section-blk\">\n<h5 class=\"gb-headline gb-headline-58389d32 gb-headline-text gb-headline-h2-naglowek-landing-2\" style=\"text-align: left;\"><strong>Wyobra\u017a sobie, \u017ce:<br \/>\n<\/strong><span class=\"gb-headline-text\" style=\"font-family: inherit; font-size: 17px; font-style: inherit;\"><strong>S\u0142yszysz Bo\u017cy g\u0142os <\/strong><\/span><span style=\"font-family: inherit; font-size: 17px; font-style: inherit;\">w ka\u017cdych okoliczno\u015bciach.<br \/>\n<\/span><strong style=\"font-family: inherit; font-size: 17px; font-style: inherit;\">Rozumiesz, <\/strong><span style=\"font-family: inherit; font-size: 17px; font-style: inherit;\">co B\u00f3g chce powiedzie\u0107.<br \/>\n<\/span><strong style=\"font-family: inherit; font-size: 17px; font-style: inherit;\">Potrafisz przekaza\u0107<\/strong><span style=\"font-family: inherit; font-size: 17px; font-style: inherit;\"> us\u0142yszane na modlitwie s\u0142owo lub obraz w zrozumia\u0142y spos\u00f3b.<br \/>\n<\/span><strong style=\"font-family: inherit; font-size: 17px; font-style: inherit;\">Rozeznajesz<\/strong><span style=\"font-family: inherit; font-size: 17px; font-style: inherit;\">, czy dana my\u015bl pochodzi od Boga.<br \/>\n<\/span><span class=\"gb-headline-text\" style=\"font-family: inherit; font-size: 17px; font-style: inherit;\"><strong>Nie l\u0119kasz si\u0119<\/strong><\/span><span style=\"font-family: inherit; font-size: 17px; font-style: inherit;\"> przekazywa\u0107 ludziom s\u0142owa proroczego.<br \/>\n<\/span><strong style=\"font-family: inherit; font-size: 17px; font-style: inherit;\">Zawsze i wsz\u0119dzie jeste\u015b gotowy udzieli\u0107<\/strong><span style=\"font-family: inherit; font-size: 17px; font-style: inherit;\"> drugiemu cz\u0142owiekowi s\u0142\u00f3w, kt\u00f3re buduj\u0105, pocieszaj\u0105 i wzmacniaj\u0105.<br \/>\n<\/span><\/h5>\n<div class=\"gb-container gb-container-6280829e gb-container-section-blk\" style=\"text-align: left;\">\n<h5 class=\"gb-headline gb-headline-5255e740 gb-headline-text gb-headline-h2-naglowek-landing-2\"><strong>Te wyobra\u017cenia mog\u0105 sta\u0107 si\u0119 Twoj\u0105 rzeczywisto\u015bci\u0105.<\/strong><\/h5>\n<\/div>\n<div class=\"gb-container gb-container-190adc21 gb-container-section-blk\" style=\"text-align: left;\">\n<h5 class=\"gb-headline gb-headline-28a24f66 gb-headline-text gb-headline-p-informacje-landing\">Podczas Warsztat\u00f3w Proroczych, pomog\u0119 Ci przej\u015b\u0107 t\u0119 drog\u0119.<\/h5>\n<h5 class=\"gb-headline gb-headline-03734a16 gb-headline-text gb-headline-p-informacje-landing\">B\u0119dziemy razem zag\u0142\u0119bia\u0107 si\u0119 w Bo\u017ce S\u0142owo. Przekonasz si\u0119, \u017ce ka\u017cdy mo\u017ce us\u0142ysze\u0107 g\u0142os Boga. Poznasz elementy sztuki proroczej, \u015bpiewu proroczego oraz ruchu i ta\u0144ca. Naucz\u0119 Ci\u0119, jak interpretowa\u0107 us\u0142yszane s\u0142owo, obraz lub my\u015bl. Dowiesz si\u0119, jak odr\u00f3\u017cni\u0107 Bo\u017cy g\u0142os od Twoich wyobra\u017ce\u0144.<\/h5>\n<h5 class=\"gb-headline gb-headline-9cc5d9f5 gb-headline-text gb-headline-p-informacje-landing\">Podczas spotkania b\u0119dziemy pracowa\u0107 metod\u0105 warsztatow\u0105. Liczba miejsc jest ograniczona, gdy\u017c jest to zwi\u0105zane z indywidualnym podej\u015bciem do ka\u017cdego uczestnika.Przed zaj\u0119ciami ka\u017cdy uczestnik dostanie do wype\u0142nienia ankiet\u0119 oraz wst\u0119pne tre\u015bci do przyswojenia.<\/h5>\n<h5 class=\"gb-headline gb-headline-399f7919 gb-headline-text gb-headline-p-informacje-landing\">Jeszcze kilkana\u015bcie lat temu by\u0142am osob\u0105, kt\u00f3ra nie prorokowa\u0142a, a dzisiaj pisz\u0119 na ten temat prac\u0119 doktorsk\u0105 i ucz\u0119 innych, jak us\u0142ysze\u0107 Boga, \u201c<em>bo<\/em>\u00a0Pan\u00a0<em>B\u00f3g nie<\/em>\u00a0uczyni niczego,\u00a0<em>je\u015bli nie objawi<\/em>\u00a0swego zamiaru\u00a0<em>s\u0142ugom swym<\/em>, prorokom\u201d. (Am 3,7)<\/h5>\n<\/div>\n<h5 class=\"gb-headline gb-headline-58389d32 gb-headline-text gb-headline-h2-naglowek-landing-2\" style=\"text-align: left;\"><span style=\"font-family: inherit; font-size: 17px; font-style: inherit;\">\u00a0<\/span><\/h5>\n<\/div>\n","protected":false},"excerpt":{"rendered":"<p>Wyobra\u017a sobie, \u017ce: S\u0142yszysz Bo\u017cy g\u0142os w ka\u017cdych okoliczno\u015bciach. Rozumiesz, co B\u00f3g chce powiedzie\u0107. Potrafisz przekaza\u0107 us\u0142yszane na modlitwie s\u0142owo lub obraz w zrozumia\u0142y spos\u00f3b. Rozeznajesz, czy dana my\u015bl pochodzi od Boga. Nie l\u0119kasz si\u0119 przekazywa\u0107 ludziom s\u0142owa proroczego. Zawsze i wsz\u0119dzie jeste\u015b gotowy udzieli\u0107 drugiemu cz\u0142owiekowi s\u0142\u00f3w, kt\u00f3re buduj\u0105, pocieszaj\u0105 i wzmacniaj\u0105. Te wyobra\u017cenia &#8230; <a title=\"Warsztaty Prorocze KATOWICE\" class=\"read-more\" href=\"https:\/\/szkoladucha.pl\/duchowosc\/produkt\/warsztaty-prorocze-katowice\/\" aria-label=\"Dowiedz si\u0119 wi\u0119cej o Warsztaty Prorocze KATOWICE\">Dowiedz si\u0119 wi\u0119cej<\/a><\/p>\n","protected":false},"featured_media":0,"comment_status":"open","ping_status":"closed","template":"","meta":[],"product_brand":[],"product_cat":[15],"product_tag":[],"class_list":{"0":"post-19088","1":"product","2":"type-product","3":"status-publish","5":"product_cat-inne","6":"","7":"woocommerce-text-align-left","8":"woocommerce-image-align-center","9":"do-quantity-buttons","11":"first","12":"instock","13":"virtual","14":"purchasable","15":"product-type-simple"},"bundled_by":[],"bundle_stock_status":"instock","bundle_stock_quantity":null,"bundle_virtual":false,"bundle_layout":"","bundle_add_to_cart_form_location":"","bundle_editable_in_cart":false,"bundle_sold_individually_context":"","bundle_item_grouping":"","bundle_min_size":"","bundle_max_size":"","bundle_price":[],"bundled_items":[],"bundle_sell_ids":[],"exclude_global_add_ons":[],"addons":[],"yoast_head":"<!-- This site is optimized with the Yoast SEO plugin v27.3 - https:\/\/yoast.com\/product\/yoast-seo-wordpress\/ -->\n<title>Warsztaty Prorocze KATOWICE - Szko\u0142a Ducha Duchowo\u015b\u0107<\/title>\n<meta name=\"robots\" content=\"index, follow, max-snippet:-1, max-image-preview:large, max-video-preview:-1\" \/>\n<link rel=\"canonical\" href=\"https:\/\/szkoladucha.pl\/duchowosc\/produkt\/warsztaty-prorocze-katowice\/\" \/>\n<meta property=\"og:locale\" content=\"pl_PL\" \/>\n<meta property=\"og:type\" content=\"article\" \/>\n<meta property=\"og:title\" content=\"Warsztaty Prorocze KATOWICE - Szko\u0142a Ducha Duchowo\u015b\u0107\" \/>\n<meta property=\"og:description\" content=\"Wyobra\u017a sobie, \u017ce: S\u0142yszysz Bo\u017cy g\u0142os w ka\u017cdych okoliczno\u015bciach. Rozumiesz, co B\u00f3g chce powiedzie\u0107. Potrafisz przekaza\u0107 us\u0142yszane na modlitwie s\u0142owo lub obraz w zrozumia\u0142y spos\u00f3b. Rozeznajesz, czy dana my\u015bl pochodzi od Boga. Nie l\u0119kasz si\u0119 przekazywa\u0107 ludziom s\u0142owa proroczego. Zawsze i wsz\u0119dzie jeste\u015b gotowy udzieli\u0107 drugiemu cz\u0142owiekowi s\u0142\u00f3w, kt\u00f3re buduj\u0105, pocieszaj\u0105 i wzmacniaj\u0105. Te wyobra\u017cenia ... Dowiedz si\u0119 wi\u0119cej\" \/>\n<meta property=\"og:url\" content=\"https:\/\/szkoladucha.pl\/duchowosc\/produkt\/warsztaty-prorocze-katowice\/\" \/>\n<meta property=\"og:site_name\" content=\"Szko\u0142a Ducha Duchowo\u015b\u0107\" \/>\n<meta property=\"article:modified_time\" content=\"2025-09-05T09:19:56+00:00\" \/>\n<meta name=\"twitter:card\" content=\"summary_large_image\" \/>\n<meta name=\"twitter:label1\" content=\"Szacowany czas czytania\" \/>\n\t<meta name=\"twitter:data1\" content=\"2 minuty\" \/>\n<script type=\"application\/ld+json\" class=\"yoast-schema-graph\">{\"@context\":\"https:\\\/\\\/schema.org\",\"@graph\":[{\"@type\":\"WebPage\",\"@id\":\"https:\\\/\\\/szkoladucha.pl\\\/duchowosc\\\/produkt\\\/warsztaty-prorocze-katowice\\\/\",\"url\":\"https:\\\/\\\/szkoladucha.pl\\\/duchowosc\\\/produkt\\\/warsztaty-prorocze-katowice\\\/\",\"name\":\"Warsztaty Prorocze KATOWICE - Szko\u0142a Ducha Duchowo\u015b\u0107\",\"isPartOf\":{\"@id\":\"https:\\\/\\\/szkoladucha.pl\\\/duchowosc\\\/#website\"},\"datePublished\":\"2025-07-08T13:28:43+00:00\",\"dateModified\":\"2025-09-05T09:19:56+00:00\",\"breadcrumb\":{\"@id\":\"https:\\\/\\\/szkoladucha.pl\\\/duchowosc\\\/produkt\\\/warsztaty-prorocze-katowice\\\/#breadcrumb\"},\"inLanguage\":\"pl-PL\",\"potentialAction\":[{\"@type\":\"ReadAction\",\"target\":[\"https:\\\/\\\/szkoladucha.pl\\\/duchowosc\\\/produkt\\\/warsztaty-prorocze-katowice\\\/\"]}]},{\"@type\":\"BreadcrumbList\",\"@id\":\"https:\\\/\\\/szkoladucha.pl\\\/duchowosc\\\/produkt\\\/warsztaty-prorocze-katowice\\\/#breadcrumb\",\"itemListElement\":[{\"@type\":\"ListItem\",\"position\":1,\"name\":\"Kursy\",\"item\":\"https:\\\/\\\/szkoladucha.pl\\\/duchowosc\\\/\"},{\"@type\":\"ListItem\",\"position\":2,\"name\":\"Sklep\",\"item\":\"https:\\\/\\\/szkoladucha.pl\\\/duchowosc\\\/sklep\\\/\"},{\"@type\":\"ListItem\",\"position\":3,\"name\":\"Warsztaty Prorocze KATOWICE\"}]},{\"@type\":\"WebSite\",\"@id\":\"https:\\\/\\\/szkoladucha.pl\\\/duchowosc\\\/#website\",\"url\":\"https:\\\/\\\/szkoladucha.pl\\\/duchowosc\\\/\",\"name\":\"Szko\u0142a Ducha Duchowo\u015b\u0107\",\"description\":\"Budujemy spo\u0142ecze\u0144stwo, kt\u00f3re tak jak my, \u015bwiadomie post\u0119puje zgodnie z planem.\",\"publisher\":{\"@id\":\"https:\\\/\\\/szkoladucha.pl\\\/duchowosc\\\/#organization\"},\"potentialAction\":[{\"@type\":\"SearchAction\",\"target\":{\"@type\":\"EntryPoint\",\"urlTemplate\":\"https:\\\/\\\/szkoladucha.pl\\\/duchowosc\\\/?s={search_term_string}\"},\"query-input\":{\"@type\":\"PropertyValueSpecification\",\"valueRequired\":true,\"valueName\":\"search_term_string\"}}],\"inLanguage\":\"pl-PL\"},{\"@type\":\"Organization\",\"@id\":\"https:\\\/\\\/szkoladucha.pl\\\/duchowosc\\\/#organization\",\"name\":\"Szko\u0142a Ducha Duchowo\u015b\u0107\",\"url\":\"https:\\\/\\\/szkoladucha.pl\\\/duchowosc\\\/\",\"logo\":{\"@type\":\"ImageObject\",\"inLanguage\":\"pl-PL\",\"@id\":\"https:\\\/\\\/szkoladucha.pl\\\/duchowosc\\\/#\\\/schema\\\/logo\\\/image\\\/\",\"url\":\"https:\\\/\\\/szkoladucha.pl\\\/duchowosc\\\/wp-content\\\/uploads\\\/sites\\\/13\\\/2023\\\/09\\\/Duchowosc_Szkola_Ducha-Logo.svg\",\"contentUrl\":\"https:\\\/\\\/szkoladucha.pl\\\/duchowosc\\\/wp-content\\\/uploads\\\/sites\\\/13\\\/2023\\\/09\\\/Duchowosc_Szkola_Ducha-Logo.svg\",\"width\":100,\"height\":100,\"caption\":\"Szko\u0142a Ducha Duchowo\u015b\u0107\"},\"image\":{\"@id\":\"https:\\\/\\\/szkoladucha.pl\\\/duchowosc\\\/#\\\/schema\\\/logo\\\/image\\\/\"}}]}<\/script>\n<!-- \/ Yoast SEO plugin. -->","yoast_head_json":{"title":"Warsztaty Prorocze KATOWICE - Szko\u0142a Ducha Duchowo\u015b\u0107","robots":{"index":"index","follow":"follow","max-snippet":"max-snippet:-1","max-image-preview":"max-image-preview:large","max-video-preview":"max-video-preview:-1"},"canonical":"https:\/\/szkoladucha.pl\/duchowosc\/produkt\/warsztaty-prorocze-katowice\/","og_locale":"pl_PL","og_type":"article","og_title":"Warsztaty Prorocze KATOWICE - Szko\u0142a Ducha Duchowo\u015b\u0107","og_description":"Wyobra\u017a sobie, \u017ce: S\u0142yszysz Bo\u017cy g\u0142os w ka\u017cdych okoliczno\u015bciach. Rozumiesz, co B\u00f3g chce powiedzie\u0107. Potrafisz przekaza\u0107 us\u0142yszane na modlitwie s\u0142owo lub obraz w zrozumia\u0142y spos\u00f3b. Rozeznajesz, czy dana my\u015bl pochodzi od Boga. Nie l\u0119kasz si\u0119 przekazywa\u0107 ludziom s\u0142owa proroczego. Zawsze i wsz\u0119dzie jeste\u015b gotowy udzieli\u0107 drugiemu cz\u0142owiekowi s\u0142\u00f3w, kt\u00f3re buduj\u0105, pocieszaj\u0105 i wzmacniaj\u0105. Te wyobra\u017cenia ... Dowiedz si\u0119 wi\u0119cej","og_url":"https:\/\/szkoladucha.pl\/duchowosc\/produkt\/warsztaty-prorocze-katowice\/","og_site_name":"Szko\u0142a Ducha Duchowo\u015b\u0107","article_modified_time":"2025-09-05T09:19:56+00:00","twitter_card":"summary_large_image","twitter_misc":{"Szacowany czas czytania":"2 minuty"},"schema":{"@context":"https:\/\/schema.org","@graph":[{"@type":"WebPage","@id":"https:\/\/szkoladucha.pl\/duchowosc\/produkt\/warsztaty-prorocze-katowice\/","url":"https:\/\/szkoladucha.pl\/duchowosc\/produkt\/warsztaty-prorocze-katowice\/","name":"Warsztaty Prorocze KATOWICE - Szko\u0142a Ducha Duchowo\u015b\u0107","isPartOf":{"@id":"https:\/\/szkoladucha.pl\/duchowosc\/#website"},"datePublished":"2025-07-08T13:28:43+00:00","dateModified":"2025-09-05T09:19:56+00:00","breadcrumb":{"@id":"https:\/\/szkoladucha.pl\/duchowosc\/produkt\/warsztaty-prorocze-katowice\/#breadcrumb"},"inLanguage":"pl-PL","potentialAction":[{"@type":"ReadAction","target":["https:\/\/szkoladucha.pl\/duchowosc\/produkt\/warsztaty-prorocze-katowice\/"]}]},{"@type":"BreadcrumbList","@id":"https:\/\/szkoladucha.pl\/duchowosc\/produkt\/warsztaty-prorocze-katowice\/#breadcrumb","itemListElement":[{"@type":"ListItem","position":1,"name":"Kursy","item":"https:\/\/szkoladucha.pl\/duchowosc\/"},{"@type":"ListItem","position":2,"name":"Sklep","item":"https:\/\/szkoladucha.pl\/duchowosc\/sklep\/"},{"@type":"ListItem","position":3,"name":"Warsztaty Prorocze KATOWICE"}]},{"@type":"WebSite","@id":"https:\/\/szkoladucha.pl\/duchowosc\/#website","url":"https:\/\/szkoladucha.pl\/duchowosc\/","name":"Szko\u0142a Ducha Duchowo\u015b\u0107","description":"Budujemy spo\u0142ecze\u0144stwo, kt\u00f3re tak jak my, \u015bwiadomie post\u0119puje zgodnie z planem.","publisher":{"@id":"https:\/\/szkoladucha.pl\/duchowosc\/#organization"},"potentialAction":[{"@type":"SearchAction","target":{"@type":"EntryPoint","urlTemplate":"https:\/\/szkoladucha.pl\/duchowosc\/?s={search_term_string}"},"query-input":{"@type":"PropertyValueSpecification","valueRequired":true,"valueName":"search_term_string"}}],"inLanguage":"pl-PL"},{"@type":"Organization","@id":"https:\/\/szkoladucha.pl\/duchowosc\/#organization","name":"Szko\u0142a Ducha Duchowo\u015b\u0107","url":"https:\/\/szkoladucha.pl\/duchowosc\/","logo":{"@type":"ImageObject","inLanguage":"pl-PL","@id":"https:\/\/szkoladucha.pl\/duchowosc\/#\/schema\/logo\/image\/","url":"https:\/\/szkoladucha.pl\/duchowosc\/wp-content\/uploads\/sites\/13\/2023\/09\/Duchowosc_Szkola_Ducha-Logo.svg","contentUrl":"https:\/\/szkoladucha.pl\/duchowosc\/wp-content\/uploads\/sites\/13\/2023\/09\/Duchowosc_Szkola_Ducha-Logo.svg","width":100,"height":100,"caption":"Szko\u0142a Ducha Duchowo\u015b\u0107"},"image":{"@id":"https:\/\/szkoladucha.pl\/duchowosc\/#\/schema\/logo\/image\/"}}]}},"_links":{"self":[{"href":"https:\/\/szkoladucha.pl\/duchowosc\/wp-json\/wp\/v2\/product\/19088","targetHints":{"allow":["GET"]}}],"collection":[{"href":"https:\/\/szkoladucha.pl\/duchowosc\/wp-json\/wp\/v2\/product"}],"about":[{"href":"https:\/\/szkoladucha.pl\/duchowosc\/wp-json\/wp\/v2\/types\/product"}],"replies":[{"embeddable":true,"href":"https:\/\/szkoladucha.pl\/duchowosc\/wp-json\/wp\/v2\/comments?post=19088"}],"wp:attachment":[{"href":"https:\/\/szkoladucha.pl\/duchowosc\/wp-json\/wp\/v2\/media?parent=19088"}],"wp:term":[{"taxonomy":"product_brand","embeddable":true,"href":"https:\/\/szkoladucha.pl\/duchowosc\/wp-json\/wp\/v2\/product_brand?post=19088"},{"taxonomy":"product_cat","embeddable":true,"href":"https:\/\/szkoladucha.pl\/duchowosc\/wp-json\/wp\/v2\/product_cat?post=19088"},{"taxonomy":"product_tag","embeddable":true,"href":"https:\/\/szkoladucha.pl\/duchowosc\/wp-json\/wp\/v2\/product_tag?post=19088"}],"curies":[{"name":"wp","href":"https:\/\/api.w.org\/{rel}","templated":true}]}}