{"id":19567,"date":"2025-09-03T12:58:29","date_gmt":"2025-09-03T10:58:29","guid":{"rendered":"https:\/\/szkoladucha.pl\/duchowosc\/?post_type=product&#038;p=19567"},"modified":"2026-04-21T14:26:24","modified_gmt":"2026-04-21T12:26:24","slug":"dobrowolne-wsparcie-fundacji","status":"publish","type":"product","link":"https:\/\/szkoladucha.pl\/duchowosc\/produkt\/dobrowolne-wsparcie-fundacji\/","title":{"rendered":"Dobrowolna darowizna na cele statutowe"},"content":{"rendered":"<p class=\"p1\"><b>Wesprzyj Fundacj\u0119 Szko\u0142a Ducha \ud83e\udd0d<\/b><b><\/b><\/p>\n<p class=\"p3\">Ta wp\u0142ata ma charakter <span class=\"s1\"><b>dobrowolnego wsparcia (darowizny)<\/b><\/span> na cele statutowe Fundacji Szko\u0142a Ducha.<\/p>\n<p class=\"p3\">Dzi\u0119ki Twojej pomocy mo\u017cemy utrzymywa\u0107 platform\u0119, rozwija\u0107 materia\u0142y oraz udost\u0119pnia\u0107 je osobom, kt\u00f3re potrzebuj\u0105 wsparcia \u2013 r\u00f3wnie\u017c wtedy, gdy nie mog\u0105 pozwoli\u0107 sobie na regularne wp\u0142aty.<\/p>\n<p class=\"p3\">\u2705 <span class=\"s1\"><b>Wsparcie jest dobrowolne<\/b><\/span> \u2013 mo\u017cesz je w ka\u017cdej chwili zako\u0144czy\u0107.<\/p>\n<p class=\"p3\">\u2705 <span class=\"s1\"><b>Dost\u0119p do materia\u0142\u00f3w pozostaje<\/b><\/span> \u2013 nie jest uzale\u017cniony od wp\u0142at ani ich wysoko\u015bci.<\/p>\n<p class=\"p3\">Dzi\u0119kujemy, \u017ce jeste\u015b z nami i pomagasz nam dzia\u0142a\u0107.<\/p>\n","protected":false},"excerpt":{"rendered":"<p>Wesprzyj Fundacj\u0119 Szko\u0142a Ducha \ud83e\udd0d Ta wp\u0142ata ma charakter dobrowolnego wsparcia (darowizny) na cele statutowe Fundacji Szko\u0142a Ducha. Dzi\u0119ki Twojej pomocy mo\u017cemy utrzymywa\u0107 platform\u0119, rozwija\u0107 materia\u0142y oraz udost\u0119pnia\u0107 je osobom, kt\u00f3re potrzebuj\u0105 wsparcia \u2013 r\u00f3wnie\u017c wtedy, gdy nie mog\u0105 pozwoli\u0107 sobie na regularne wp\u0142aty. \u2705 Wsparcie jest dobrowolne \u2013 mo\u017cesz je w ka\u017cdej chwili zako\u0144czy\u0107. &#8230; <a title=\"Dobrowolna darowizna na cele statutowe\" class=\"read-more\" href=\"https:\/\/szkoladucha.pl\/duchowosc\/produkt\/dobrowolne-wsparcie-fundacji\/\" aria-label=\"Dowiedz si\u0119 wi\u0119cej o Dobrowolna darowizna na cele statutowe\">Dowiedz si\u0119 wi\u0119cej<\/a><\/p>\n","protected":false},"featured_media":20675,"comment_status":"open","ping_status":"closed","template":"","meta":[],"product_brand":[],"product_cat":[15],"product_tag":[],"class_list":{"0":"post-19567","1":"product","2":"type-product","3":"status-publish","4":"has-post-thumbnail","6":"product_cat-inne","7":"","8":"woocommerce-text-align-left","9":"woocommerce-image-align-center","10":"do-quantity-buttons","12":"first","13":"instock","14":"virtual","15":"sold-individually","16":"purchasable","17":"product-type-subscription"},"bundled_by":[],"bundle_stock_status":"instock","bundle_stock_quantity":null,"bundle_virtual":false,"bundle_layout":"","bundle_add_to_cart_form_location":"","bundle_editable_in_cart":false,"bundle_sold_individually_context":"","bundle_item_grouping":"","bundle_min_size":"","bundle_max_size":"","bundle_price":[],"bundled_items":[],"bundle_sell_ids":[],"exclude_global_add_ons":[],"addons":[],"yoast_head":"<!-- This site is optimized with the Yoast SEO plugin v27.3 - https:\/\/yoast.com\/product\/yoast-seo-wordpress\/ -->\n<title>Dobrowolna darowizna na cele statutowe - Szko\u0142a Ducha Duchowo\u015b\u0107<\/title>\n<meta name=\"robots\" content=\"index, follow, max-snippet:-1, max-image-preview:large, max-video-preview:-1\" \/>\n<link rel=\"canonical\" href=\"https:\/\/szkoladucha.pl\/duchowosc\/produkt\/dobrowolne-wsparcie-fundacji\/\" \/>\n<meta property=\"og:locale\" content=\"pl_PL\" \/>\n<meta property=\"og:type\" content=\"article\" \/>\n<meta property=\"og:title\" content=\"Dobrowolna darowizna na cele statutowe - Szko\u0142a Ducha Duchowo\u015b\u0107\" \/>\n<meta property=\"og:description\" content=\"Wesprzyj Fundacj\u0119 Szko\u0142a Ducha \ud83e\udd0d Ta wp\u0142ata ma charakter dobrowolnego wsparcia (darowizny) na cele statutowe Fundacji Szko\u0142a Ducha. Dzi\u0119ki Twojej pomocy mo\u017cemy utrzymywa\u0107 platform\u0119, rozwija\u0107 materia\u0142y oraz udost\u0119pnia\u0107 je osobom, kt\u00f3re potrzebuj\u0105 wsparcia \u2013 r\u00f3wnie\u017c wtedy, gdy nie mog\u0105 pozwoli\u0107 sobie na regularne wp\u0142aty. \u2705 Wsparcie jest dobrowolne \u2013 mo\u017cesz je w ka\u017cdej chwili zako\u0144czy\u0107. ... Dowiedz si\u0119 wi\u0119cej\" \/>\n<meta property=\"og:url\" content=\"https:\/\/szkoladucha.pl\/duchowosc\/produkt\/dobrowolne-wsparcie-fundacji\/\" \/>\n<meta property=\"og:site_name\" content=\"Szko\u0142a Ducha Duchowo\u015b\u0107\" \/>\n<meta property=\"article:modified_time\" content=\"2026-04-21T12:26:24+00:00\" \/>\n<meta property=\"og:image\" content=\"https:\/\/szkoladucha.pl\/duchowosc\/wp-content\/uploads\/sites\/13\/2025\/09\/Okladki-KWADRAT-600-px.png\" \/>\n\t<meta property=\"og:image:width\" content=\"600\" \/>\n\t<meta property=\"og:image:height\" content=\"600\" \/>\n\t<meta property=\"og:image:type\" content=\"image\/png\" \/>\n<meta name=\"twitter:card\" content=\"summary_large_image\" \/>\n<meta name=\"twitter:label1\" content=\"Szacowany czas czytania\" \/>\n\t<meta name=\"twitter:data1\" content=\"1 minuta\" \/>\n<script type=\"application\/ld+json\" class=\"yoast-schema-graph\">{\"@context\":\"https:\\\/\\\/schema.org\",\"@graph\":[{\"@type\":\"WebPage\",\"@id\":\"https:\\\/\\\/szkoladucha.pl\\\/duchowosc\\\/produkt\\\/dobrowolne-wsparcie-fundacji\\\/\",\"url\":\"https:\\\/\\\/szkoladucha.pl\\\/duchowosc\\\/produkt\\\/dobrowolne-wsparcie-fundacji\\\/\",\"name\":\"Dobrowolna darowizna na cele statutowe - Szko\u0142a Ducha Duchowo\u015b\u0107\",\"isPartOf\":{\"@id\":\"https:\\\/\\\/szkoladucha.pl\\\/duchowosc\\\/#website\"},\"primaryImageOfPage\":{\"@id\":\"https:\\\/\\\/szkoladucha.pl\\\/duchowosc\\\/produkt\\\/dobrowolne-wsparcie-fundacji\\\/#primaryimage\"},\"image\":{\"@id\":\"https:\\\/\\\/szkoladucha.pl\\\/duchowosc\\\/produkt\\\/dobrowolne-wsparcie-fundacji\\\/#primaryimage\"},\"thumbnailUrl\":\"https:\\\/\\\/szkoladucha.pl\\\/duchowosc\\\/wp-content\\\/uploads\\\/sites\\\/13\\\/2025\\\/09\\\/Okladki-KWADRAT-600-px.png\",\"datePublished\":\"2025-09-03T10:58:29+00:00\",\"dateModified\":\"2026-04-21T12:26:24+00:00\",\"breadcrumb\":{\"@id\":\"https:\\\/\\\/szkoladucha.pl\\\/duchowosc\\\/produkt\\\/dobrowolne-wsparcie-fundacji\\\/#breadcrumb\"},\"inLanguage\":\"pl-PL\",\"potentialAction\":[{\"@type\":\"ReadAction\",\"target\":[\"https:\\\/\\\/szkoladucha.pl\\\/duchowosc\\\/produkt\\\/dobrowolne-wsparcie-fundacji\\\/\"]}]},{\"@type\":\"ImageObject\",\"inLanguage\":\"pl-PL\",\"@id\":\"https:\\\/\\\/szkoladucha.pl\\\/duchowosc\\\/produkt\\\/dobrowolne-wsparcie-fundacji\\\/#primaryimage\",\"url\":\"https:\\\/\\\/szkoladucha.pl\\\/duchowosc\\\/wp-content\\\/uploads\\\/sites\\\/13\\\/2025\\\/09\\\/Okladki-KWADRAT-600-px.png\",\"contentUrl\":\"https:\\\/\\\/szkoladucha.pl\\\/duchowosc\\\/wp-content\\\/uploads\\\/sites\\\/13\\\/2025\\\/09\\\/Okladki-KWADRAT-600-px.png\",\"width\":600,\"height\":600},{\"@type\":\"BreadcrumbList\",\"@id\":\"https:\\\/\\\/szkoladucha.pl\\\/duchowosc\\\/produkt\\\/dobrowolne-wsparcie-fundacji\\\/#breadcrumb\",\"itemListElement\":[{\"@type\":\"ListItem\",\"position\":1,\"name\":\"Kursy\",\"item\":\"https:\\\/\\\/szkoladucha.pl\\\/duchowosc\\\/\"},{\"@type\":\"ListItem\",\"position\":2,\"name\":\"Sklep\",\"item\":\"https:\\\/\\\/szkoladucha.pl\\\/duchowosc\\\/sklep\\\/\"},{\"@type\":\"ListItem\",\"position\":3,\"name\":\"Dobrowolna darowizna na cele statutowe\"}]},{\"@type\":\"WebSite\",\"@id\":\"https:\\\/\\\/szkoladucha.pl\\\/duchowosc\\\/#website\",\"url\":\"https:\\\/\\\/szkoladucha.pl\\\/duchowosc\\\/\",\"name\":\"Szko\u0142a Ducha Duchowo\u015b\u0107\",\"description\":\"Budujemy spo\u0142ecze\u0144stwo, kt\u00f3re tak jak my, \u015bwiadomie post\u0119puje zgodnie z planem.\",\"publisher\":{\"@id\":\"https:\\\/\\\/szkoladucha.pl\\\/duchowosc\\\/#organization\"},\"potentialAction\":[{\"@type\":\"SearchAction\",\"target\":{\"@type\":\"EntryPoint\",\"urlTemplate\":\"https:\\\/\\\/szkoladucha.pl\\\/duchowosc\\\/?s={search_term_string}\"},\"query-input\":{\"@type\":\"PropertyValueSpecification\",\"valueRequired\":true,\"valueName\":\"search_term_string\"}}],\"inLanguage\":\"pl-PL\"},{\"@type\":\"Organization\",\"@id\":\"https:\\\/\\\/szkoladucha.pl\\\/duchowosc\\\/#organization\",\"name\":\"Szko\u0142a Ducha Duchowo\u015b\u0107\",\"url\":\"https:\\\/\\\/szkoladucha.pl\\\/duchowosc\\\/\",\"logo\":{\"@type\":\"ImageObject\",\"inLanguage\":\"pl-PL\",\"@id\":\"https:\\\/\\\/szkoladucha.pl\\\/duchowosc\\\/#\\\/schema\\\/logo\\\/image\\\/\",\"url\":\"https:\\\/\\\/szkoladucha.pl\\\/duchowosc\\\/wp-content\\\/uploads\\\/sites\\\/13\\\/2023\\\/09\\\/Duchowosc_Szkola_Ducha-Logo.svg\",\"contentUrl\":\"https:\\\/\\\/szkoladucha.pl\\\/duchowosc\\\/wp-content\\\/uploads\\\/sites\\\/13\\\/2023\\\/09\\\/Duchowosc_Szkola_Ducha-Logo.svg\",\"width\":100,\"height\":100,\"caption\":\"Szko\u0142a Ducha Duchowo\u015b\u0107\"},\"image\":{\"@id\":\"https:\\\/\\\/szkoladucha.pl\\\/duchowosc\\\/#\\\/schema\\\/logo\\\/image\\\/\"}}]}<\/script>\n<!-- \/ Yoast SEO plugin. -->","yoast_head_json":{"title":"Dobrowolna darowizna na cele statutowe - Szko\u0142a Ducha Duchowo\u015b\u0107","robots":{"index":"index","follow":"follow","max-snippet":"max-snippet:-1","max-image-preview":"max-image-preview:large","max-video-preview":"max-video-preview:-1"},"canonical":"https:\/\/szkoladucha.pl\/duchowosc\/produkt\/dobrowolne-wsparcie-fundacji\/","og_locale":"pl_PL","og_type":"article","og_title":"Dobrowolna darowizna na cele statutowe - Szko\u0142a Ducha Duchowo\u015b\u0107","og_description":"Wesprzyj Fundacj\u0119 Szko\u0142a Ducha \ud83e\udd0d Ta wp\u0142ata ma charakter dobrowolnego wsparcia (darowizny) na cele statutowe Fundacji Szko\u0142a Ducha. Dzi\u0119ki Twojej pomocy mo\u017cemy utrzymywa\u0107 platform\u0119, rozwija\u0107 materia\u0142y oraz udost\u0119pnia\u0107 je osobom, kt\u00f3re potrzebuj\u0105 wsparcia \u2013 r\u00f3wnie\u017c wtedy, gdy nie mog\u0105 pozwoli\u0107 sobie na regularne wp\u0142aty. \u2705 Wsparcie jest dobrowolne \u2013 mo\u017cesz je w ka\u017cdej chwili zako\u0144czy\u0107. ... Dowiedz si\u0119 wi\u0119cej","og_url":"https:\/\/szkoladucha.pl\/duchowosc\/produkt\/dobrowolne-wsparcie-fundacji\/","og_site_name":"Szko\u0142a Ducha Duchowo\u015b\u0107","article_modified_time":"2026-04-21T12:26:24+00:00","og_image":[{"width":600,"height":600,"url":"https:\/\/szkoladucha.pl\/duchowosc\/wp-content\/uploads\/sites\/13\/2025\/09\/Okladki-KWADRAT-600-px.png","type":"image\/png"}],"twitter_card":"summary_large_image","twitter_misc":{"Szacowany czas czytania":"1 minuta"},"schema":{"@context":"https:\/\/schema.org","@graph":[{"@type":"WebPage","@id":"https:\/\/szkoladucha.pl\/duchowosc\/produkt\/dobrowolne-wsparcie-fundacji\/","url":"https:\/\/szkoladucha.pl\/duchowosc\/produkt\/dobrowolne-wsparcie-fundacji\/","name":"Dobrowolna darowizna na cele statutowe - Szko\u0142a Ducha Duchowo\u015b\u0107","isPartOf":{"@id":"https:\/\/szkoladucha.pl\/duchowosc\/#website"},"primaryImageOfPage":{"@id":"https:\/\/szkoladucha.pl\/duchowosc\/produkt\/dobrowolne-wsparcie-fundacji\/#primaryimage"},"image":{"@id":"https:\/\/szkoladucha.pl\/duchowosc\/produkt\/dobrowolne-wsparcie-fundacji\/#primaryimage"},"thumbnailUrl":"https:\/\/szkoladucha.pl\/duchowosc\/wp-content\/uploads\/sites\/13\/2025\/09\/Okladki-KWADRAT-600-px.png","datePublished":"2025-09-03T10:58:29+00:00","dateModified":"2026-04-21T12:26:24+00:00","breadcrumb":{"@id":"https:\/\/szkoladucha.pl\/duchowosc\/produkt\/dobrowolne-wsparcie-fundacji\/#breadcrumb"},"inLanguage":"pl-PL","potentialAction":[{"@type":"ReadAction","target":["https:\/\/szkoladucha.pl\/duchowosc\/produkt\/dobrowolne-wsparcie-fundacji\/"]}]},{"@type":"ImageObject","inLanguage":"pl-PL","@id":"https:\/\/szkoladucha.pl\/duchowosc\/produkt\/dobrowolne-wsparcie-fundacji\/#primaryimage","url":"https:\/\/szkoladucha.pl\/duchowosc\/wp-content\/uploads\/sites\/13\/2025\/09\/Okladki-KWADRAT-600-px.png","contentUrl":"https:\/\/szkoladucha.pl\/duchowosc\/wp-content\/uploads\/sites\/13\/2025\/09\/Okladki-KWADRAT-600-px.png","width":600,"height":600},{"@type":"BreadcrumbList","@id":"https:\/\/szkoladucha.pl\/duchowosc\/produkt\/dobrowolne-wsparcie-fundacji\/#breadcrumb","itemListElement":[{"@type":"ListItem","position":1,"name":"Kursy","item":"https:\/\/szkoladucha.pl\/duchowosc\/"},{"@type":"ListItem","position":2,"name":"Sklep","item":"https:\/\/szkoladucha.pl\/duchowosc\/sklep\/"},{"@type":"ListItem","position":3,"name":"Dobrowolna darowizna na cele statutowe"}]},{"@type":"WebSite","@id":"https:\/\/szkoladucha.pl\/duchowosc\/#website","url":"https:\/\/szkoladucha.pl\/duchowosc\/","name":"Szko\u0142a Ducha Duchowo\u015b\u0107","description":"Budujemy spo\u0142ecze\u0144stwo, kt\u00f3re tak jak my, \u015bwiadomie post\u0119puje zgodnie z planem.","publisher":{"@id":"https:\/\/szkoladucha.pl\/duchowosc\/#organization"},"potentialAction":[{"@type":"SearchAction","target":{"@type":"EntryPoint","urlTemplate":"https:\/\/szkoladucha.pl\/duchowosc\/?s={search_term_string}"},"query-input":{"@type":"PropertyValueSpecification","valueRequired":true,"valueName":"search_term_string"}}],"inLanguage":"pl-PL"},{"@type":"Organization","@id":"https:\/\/szkoladucha.pl\/duchowosc\/#organization","name":"Szko\u0142a Ducha Duchowo\u015b\u0107","url":"https:\/\/szkoladucha.pl\/duchowosc\/","logo":{"@type":"ImageObject","inLanguage":"pl-PL","@id":"https:\/\/szkoladucha.pl\/duchowosc\/#\/schema\/logo\/image\/","url":"https:\/\/szkoladucha.pl\/duchowosc\/wp-content\/uploads\/sites\/13\/2023\/09\/Duchowosc_Szkola_Ducha-Logo.svg","contentUrl":"https:\/\/szkoladucha.pl\/duchowosc\/wp-content\/uploads\/sites\/13\/2023\/09\/Duchowosc_Szkola_Ducha-Logo.svg","width":100,"height":100,"caption":"Szko\u0142a Ducha Duchowo\u015b\u0107"},"image":{"@id":"https:\/\/szkoladucha.pl\/duchowosc\/#\/schema\/logo\/image\/"}}]}},"_links":{"self":[{"href":"https:\/\/szkoladucha.pl\/duchowosc\/wp-json\/wp\/v2\/product\/19567","targetHints":{"allow":["GET"]}}],"collection":[{"href":"https:\/\/szkoladucha.pl\/duchowosc\/wp-json\/wp\/v2\/product"}],"about":[{"href":"https:\/\/szkoladucha.pl\/duchowosc\/wp-json\/wp\/v2\/types\/product"}],"replies":[{"embeddable":true,"href":"https:\/\/szkoladucha.pl\/duchowosc\/wp-json\/wp\/v2\/comments?post=19567"}],"wp:featuredmedia":[{"embeddable":true,"href":"https:\/\/szkoladucha.pl\/duchowosc\/wp-json\/wp\/v2\/media\/20675"}],"wp:attachment":[{"href":"https:\/\/szkoladucha.pl\/duchowosc\/wp-json\/wp\/v2\/media?parent=19567"}],"wp:term":[{"taxonomy":"product_brand","embeddable":true,"href":"https:\/\/szkoladucha.pl\/duchowosc\/wp-json\/wp\/v2\/product_brand?post=19567"},{"taxonomy":"product_cat","embeddable":true,"href":"https:\/\/szkoladucha.pl\/duchowosc\/wp-json\/wp\/v2\/product_cat?post=19567"},{"taxonomy":"product_tag","embeddable":true,"href":"https:\/\/szkoladucha.pl\/duchowosc\/wp-json\/wp\/v2\/product_tag?post=19567"}],"curies":[{"name":"wp","href":"https:\/\/api.w.org\/{rel}","templated":true}]}}