{"id":16750,"date":"2024-11-14T16:38:45","date_gmt":"2024-11-14T15:38:45","guid":{"rendered":"https:\/\/szkoladucha.pl\/kursy\/?page_id=16750"},"modified":"2024-11-14T16:46:32","modified_gmt":"2024-11-14T15:46:32","slug":"instructor-dashboard","status":"publish","type":"page","link":"https:\/\/szkoladucha.pl\/kursy\/instructor-dashboard\/","title":{"rendered":"Instructor Dashboard"},"content":{"rendered":"\n<div class=\"wp-block-instructor-role-wisdm-tabs\"><style>\n        .wp-block-instructor-role-wisdm-tabs * {\n            font-family:  !important\n        }\n        .wp-block-instructor-role-wisdm-tabs > .tab-labels .tab-label, .ir-toggle-sidebar{\n          color: #666666 !important\n        }\n        .wp-block-instructor-role-wisdm-tabs .tab-labels .tab-label.active, .overview svg, .wp-block-instructor-role-wisdm-tabs > .tab-labels .tab-label:hover{\n        \tcolor: #2067FA !important\n        }\n        .ir-text-colour{\n          color: #666666 !important\n        }\n    \t\/*Nikhil Styling added ir-primary-bg*\/\n        .primary-bg, .ir-primary-bg, .mantine-Pagination-item[data-active], .wp-block-instructor-role-wisdm-tabs .mantine-Pagination-item:hover{\n        \tbackground-color: #2067FA !important\n        }\n    \t\/*Nikhil Styling added ir-primary-colour*\/\n        .primary-colour, .ir-primary-color, .ir-primary-colour, .ir-courses-tabs > .active, .wp-block-instructor-role-dashboard-settings .mantine-Tabs-tab[data-active=\"true\"]{\n        \tcolor: #2067FA !important\n        }\n    \t\/*Nikhil Styling for bordered button*\/\n    \t.ir-primary-border-button{\n    \t\tcolor: #2067FA !important;\n    \t\tborder-color: #2067FA !important;\n    \t}\n    \t.ir-disabled-border-button{\n    \t\tcolor: #666666 !important;\n    \t\tborder-color: #666666 !important;\n    \t\tbackground-color: transparent !important;\n    \t}\n    \t.mantine-Tabs-tab[data-active]{\n    \t\tborder-color: #2067FA !important;\n    \t}\n      \/*For Radial Bar 1*\/\n        .apexcharts-legend-text[rel=\"1\"]{\n          color: #2067FA !important;\n          filter: brightness(60%) !important;\n        }\n        .apexcharts-legend-marker[rel=\"1\"]{\n          color: #2067FA !important;\n          background: #2067FA !important;\n          filter: brightness(60%) !important;\n        }\n        .apexcharts-radial-series[rel=\"1\"] path{\n          stroke: #2067FA !important;\n          filter: brightness(60%) !important;\n        }\n        \/*For Radial Bar 2*\/\n        .apexcharts-legend-text[rel=\"2\"]{\n          color: #2067FA !important;\n        }\n        .apexcharts-legend-marker[rel=\"2\"]{\n          color: #2067FA !important;\n          background: #2067FA !important;\n        }\n        .apexcharts-radial-series[rel=\"2\"] path{\n          stroke: #2067FA !important;\n        }\n        \/*For Radial Bar 3*\/\n        .apexcharts-legend-text[rel=\"3\"]{\n          color: #2067FA !important;\n          filter: brightness(140%) !important;\n        }\n        .apexcharts-legend-marker[rel=\"3\"]{\n          color: #2067FA !important;\n          background: #2067FA !important;\n          filter: brightness(140%) !important;\n        }\n        .apexcharts-radial-series[rel=\"3\"] path{\n          stroke: #2067FA !important;\n          filter: brightness(140%) !important;\n        }\n        \/*Earnings Graph*\/\n        .apexcharts-tooltip-marker{\n          background-color: #2067FA !important;\n        }\n        .apexcharts-series-markers circle{\n          fill: #2067FA !important;\n        }\n        linearGradient stop[offset=\"0\"]{\n          stop-color: #2067FA !important;\n        }\n        .apexcharts-series path.apexcharts-area{\n          stroke: #2067FA !important;\n        }\n        \/*Dropdown Select*\/\n        .mantine-Select-item[data-selected]{\n          background-color: #2067FA !important;\n        }\n        .primary-colour, .ir-primary-color, .ir-primary-colour, .ir-courses-tabs > .active{\n       \t   color: #2067FA !important\n       \t}\n        .ir-tel{\n        \tcolor: #ADB5BD !important\n        }\n        svg.ir-tel{\n          stroke: #ADB5BD !important\n        }\n        .ir-light-primary-colour{\n        \tcolor: #868E96 !important\t\n        }\n        .ir-heading-color, .ir-heading-colour{\n          color: #2E353C !important\n        }\n        .wp-block-instructor-role-wisdm-tabs > .tab-labels{\n          background-color: #FFFFFF !important\n        }\n        .wp-block-instructor-role-wisdm-tabs > .tab-content{\n          background-color: #FBFCFF !important  \n        }\n        html{\n        \tfont-size: 16px !important\n        }\n        .wp-block-instructor-role-wisdm-tabs .tab-labels .tab-label.active, .wp-block-instructor-role-wisdm-tabs .tab-labels .tab-label:hover  {\n          background-color: #F3F9FB !important\n        }\n        .wp-block-instructor-role-wisdm-tabs > .tab-labels .ir-divider{\n          background-color: #D6D8E7 !important \n        }\n        .ir-courses-wrap > div > .mantine-Paper-root, .wp-block-instructor-role-wisdm-tabs .mantine-Input-input, .mantine-Pagination-item,\n        .wp-block-instructor-role-overview-page .user-info, .wp-block-instructor-role-overview-page .overview, \n        .wp-block-instructor-role-overview-page .block{\n          border: 1px solid #D6D8E7 !important\n        }\n        .ir-border-color, .wp-block-instructor-role-wisdm-tabs > .tab-labels{\n          border-color: #D6D8E7 !important\n        }\n        .ir-primary-button, button.ir-primary-bg{\n          color: #ffffff !important\n        }\n        .wp-block-instructor-role-wisdm-all-courses .ir-courses-tabs button:hover, .wp-block-instructor-role-wisdm-all-quizzes .ir-courses-tabs button:hover{\n            border-bottom: 1px solid #2067FA !important\n        }\n        svg.ir-primary-hover:hover{\n          stroke: #2067FA !important \n        }\n        <\/style><script>var fontScript = document.createElement('link'); fontScript.setAttribute('href','https:\/\/fonts.googleapis.com\/css?family='); fontScript.setAttribute('rel','stylesheet'); document.head.appendChild(fontScript);<\/script><ul class=\"tab-labels\" role=\"tablist\" aria-label=\"tabbed content\"><svg xmlns=\"http:\/\/www.w3.org\/2000\/svg\" width=\"24\" height=\"24\" viewBox=\"0 0 24 24\" fill=\"none\" stroke=\"currentColor\" stroke-width=\"2\" stroke-linecap=\"round\" stroke-linejoin=\"round\" class=\"ir-toggle-sidebar\"><path d=\"M4 6l10 0\"><\/path><path d=\"M4 18l10 0\"><\/path><path d=\"M4 12h17l-3 -3m0 6l3 -3\"><\/path><\/svg><span class=\"ir-divider\"><\/span><a href=\"https:\/\/szkoladucha.pl\/kursy\/wp-admin\/admin-ajax.php?action=ir_fcb_new_course\" class=\"topButton primary-bg ir-primary-button\" target=\"_blank\" rel=\"noopener\">+ Create New Course<\/a><li class=\"tab-label active ir-overview-tab\" role=\"tab\" aria-selected=\"true\" aria-controls=\"Overview\" tabindex=\"0\"><svg xmlns=\"http:\/\/www.w3.org\/2000\/svg\" width=\"24\" height=\"24\" viewBox=\"0 0 24 24\" fill=\"none\" stroke=\"currentColor\" stroke-width=\"2\" stroke-linecap=\"round\" stroke-linejoin=\"round\" class=\"tab-icon\"><path d=\"M13 5h8\"><\/path><path d=\"M13 9h5\"><\/path><path d=\"M13 15h8\"><\/path><path d=\"M13 19h5\"><\/path><path d=\"M3 4m0 1a1 1 0 0 1 1 -1h4a1 1 0 0 1 1 1v4a1 1 0 0 1 -1 1h-4a1 1 0 0 1 -1 -1z\"><\/path><path d=\"M3 14m0 1a1 1 0 0 1 1 -1h4a1 1 0 0 1 1 1v4a1 1 0 0 1 -1 1h-4a1 1 0 0 1 -1 -1z\"><\/path><\/svg><span class=\"ir-label\">Overview<\/span><\/li><li class=\"tab-label ir-course-list-tab\" role=\"tab\" aria-selected=\"false\" aria-controls=\"Courses\" tabindex=\"1\"><svg xmlns=\"http:\/\/www.w3.org\/2000\/svg\" width=\"24\" height=\"24\" viewBox=\"0 0 24 24\" fill=\"none\" stroke=\"currentColor\" stroke-width=\"2\" stroke-linecap=\"round\" stroke-linejoin=\"round\" class=\"tab-icon\"><path d=\"M3 19a9 9 0 0 1 9 0a9 9 0 0 1 9 0\"><\/path><path d=\"M3 6a9 9 0 0 1 9 0a9 9 0 0 1 9 0\"><\/path><path d=\"M3 6l0 13\"><\/path><path d=\"M12 6l0 13\"><\/path><path d=\"M21 6l0 13\"><\/path><\/svg><span class=\"ir-label\">Courses<\/span><\/li><li class=\"tab-label ir-quiz-list-tab\" role=\"tab\" aria-selected=\"false\" aria-controls=\"Quizzes\" tabindex=\"2\"><svg xmlns=\"http:\/\/www.w3.org\/2000\/svg\" width=\"24\" height=\"24\" viewBox=\"0 0 24 24\" fill=\"none\" stroke=\"currentColor\" stroke-width=\"2\" stroke-linecap=\"round\" stroke-linejoin=\"round\" class=\"tab-icon\"><path d=\"M4 4m0 1a1 1 0 0 1 1 -1h14a1 1 0 0 1 1 1v14a1 1 0 0 1 -1 1h-14a1 1 0 0 1 -1 -1z\"><\/path><path d=\"M4 8h16\"><\/path><path d=\"M8 4v4\"><\/path><path d=\"M9.5 14.5l1.5 1.5l3 -3\"><\/path><\/svg><span class=\"ir-label\">Quizzes<\/span><\/li><li class=\"tab-label ir-settings-tab\" role=\"tab\" aria-selected=\"false\" aria-controls=\"Settings\" tabindex=\"3\"><svg xmlns=\"http:\/\/www.w3.org\/2000\/svg\" width=\"24\" height=\"24\" viewBox=\"0 0 24 24\" fill=\"none\" stroke=\"currentColor\" stroke-width=\"2\" stroke-linecap=\"round\" stroke-linejoin=\"round\" class=\"tab-icon\"><path d=\"M10.325 4.317c.426 -1.756 2.924 -1.756 3.35 0a1.724 1.724 0 0 0 2.573 1.066c1.543 -.94 3.31 .826 2.37 2.37a1.724 1.724 0 0 0 1.065 2.572c1.756 .426 1.756 2.924 0 3.35a1.724 1.724 0 0 0 -1.066 2.573c.94 1.543 -.826 3.31 -2.37 2.37a1.724 1.724 0 0 0 -2.572 1.065c-.426 1.756 -2.924 1.756 -3.35 0a1.724 1.724 0 0 0 -2.573 -1.066c-1.543 .94 -3.31 -.826 -2.37 -2.37a1.724 1.724 0 0 0 -1.065 -2.572c-1.756 -.426 -1.756 -2.924 0 -3.35a1.724 1.724 0 0 0 1.066 -2.573c-.94 -1.543 .826 -3.31 2.37 -2.37c1 .608 2.296 .07 2.572 -1.065z\"><\/path><path d=\"M9 12a3 3 0 1 0 6 0a3 3 0 0 0 -6 0\"><\/path><\/svg><span class=\"ir-label\">Settings<\/span><\/li><\/ul><div class=\"tab-content\">\n<div class=\"wp-block-instructor-role-wisdm-tab-item tab-panel ir-overview-tab\" role=\"tabpanel\" data-index=\"0\">\n<div class=\"wp-block-instructor-role-overview-page\"><div class=\"ir-overview-page\" data-earnings=\"false\" data-courses=\"true\" data-reports=\"true\" data-sub=\"false\" data-courses-count=\"true\" data-students-count=\"true\" data-sub-count=\"false\" data-quiz-count=\"false\"><\/div><\/div>\n<\/div>\n\n\n\n<div class=\"wp-block-instructor-role-wisdm-tab-item tab-panel ir-course-list-tab\" role=\"tabpanel\" data-index=\"1\">\n<div class=\"wp-block-instructor-role-wisdm-all-courses\"><div class=\"ir-all-courses\"><\/div><\/div>\n<\/div>\n\n\n\n<div class=\"wp-block-instructor-role-wisdm-tab-item tab-panel ir-quiz-list-tab\" role=\"tabpanel\" data-index=\"2\">\n<div class=\"wp-block-instructor-role-wisdm-all-quizzes\"><div class=\"ir-all-quizzes\"><\/div><\/div>\n<\/div>\n\n\n\n<div class=\"wp-block-instructor-role-wisdm-tab-item tab-panel ir-settings-tab\" role=\"tabpanel\" data-index=\"3\">\n<div class=\"wp-block-instructor-role-dashboard-settings\"><div class=\"profile-page-frontend\"><\/div><\/div>\n<\/div>\n<\/div><\/div>\n","protected":false},"excerpt":{"rendered":"","protected":false},"author":2,"featured_media":0,"parent":0,"menu_order":0,"comment_status":"closed","ping_status":"closed","template":"ir-wisdm-dashboard.template.php","meta":{"footnotes":""},"class_list":["post-16750","page","type-page","status-publish"],"yoast_head":"<!-- This site is optimized with the Yoast SEO plugin v27.3 - https:\/\/yoast.com\/product\/yoast-seo-wordpress\/ -->\n<title>Instructor Dashboard - Kursy Szko\u0142a Ducha<\/title>\n<meta name=\"robots\" content=\"index, follow, max-snippet:-1, max-image-preview:large, max-video-preview:-1\" \/>\n<link rel=\"canonical\" href=\"https:\/\/szkoladucha.pl\/kursy\/instructor-dashboard\/\" \/>\n<meta property=\"og:locale\" content=\"pl_PL\" \/>\n<meta property=\"og:type\" content=\"article\" \/>\n<meta property=\"og:title\" content=\"Instructor Dashboard - Kursy Szko\u0142a Ducha\" \/>\n<meta property=\"og:url\" content=\"https:\/\/szkoladucha.pl\/kursy\/instructor-dashboard\/\" \/>\n<meta property=\"og:site_name\" content=\"Kursy Szko\u0142a Ducha\" \/>\n<meta property=\"article:modified_time\" content=\"2024-11-14T15:46:32+00:00\" \/>\n<meta name=\"twitter:card\" content=\"summary_large_image\" \/>\n<meta name=\"twitter:label1\" content=\"Szacowany czas czytania\" \/>\n\t<meta name=\"twitter:data1\" content=\"1 minuta\" \/>\n<script type=\"application\/ld+json\" class=\"yoast-schema-graph\">{\"@context\":\"https:\\\/\\\/schema.org\",\"@graph\":[{\"@type\":\"WebPage\",\"@id\":\"https:\\\/\\\/szkoladucha.pl\\\/kursy\\\/instructor-dashboard\\\/\",\"url\":\"https:\\\/\\\/szkoladucha.pl\\\/kursy\\\/instructor-dashboard\\\/\",\"name\":\"Instructor Dashboard - Kursy Szko\u0142a Ducha\",\"isPartOf\":{\"@id\":\"https:\\\/\\\/szkoladucha.pl\\\/kursy\\\/#website\"},\"datePublished\":\"2024-11-14T15:38:45+00:00\",\"dateModified\":\"2024-11-14T15:46:32+00:00\",\"breadcrumb\":{\"@id\":\"https:\\\/\\\/szkoladucha.pl\\\/kursy\\\/instructor-dashboard\\\/#breadcrumb\"},\"inLanguage\":\"pl-PL\",\"potentialAction\":[{\"@type\":\"ReadAction\",\"target\":[\"https:\\\/\\\/szkoladucha.pl\\\/kursy\\\/instructor-dashboard\\\/\"]}]},{\"@type\":\"BreadcrumbList\",\"@id\":\"https:\\\/\\\/szkoladucha.pl\\\/kursy\\\/instructor-dashboard\\\/#breadcrumb\",\"itemListElement\":[{\"@type\":\"ListItem\",\"position\":1,\"name\":\"Kursy\",\"item\":\"https:\\\/\\\/szkoladucha.pl\\\/kursy\\\/\"},{\"@type\":\"ListItem\",\"position\":2,\"name\":\"Instructor Dashboard\"}]},{\"@type\":\"WebSite\",\"@id\":\"https:\\\/\\\/szkoladucha.pl\\\/kursy\\\/#website\",\"url\":\"https:\\\/\\\/szkoladucha.pl\\\/kursy\\\/\",\"name\":\"Kursy Szko\u0142a Ducha\",\"description\":\"Budujemy spo\u0142ecze\u0144stwo, kt\u00f3re \u015bwiadomie post\u0119puje zgodnie z planem.\",\"publisher\":{\"@id\":\"https:\\\/\\\/szkoladucha.pl\\\/kursy\\\/#organization\"},\"potentialAction\":[{\"@type\":\"SearchAction\",\"target\":{\"@type\":\"EntryPoint\",\"urlTemplate\":\"https:\\\/\\\/szkoladucha.pl\\\/kursy\\\/?s={search_term_string}\"},\"query-input\":{\"@type\":\"PropertyValueSpecification\",\"valueRequired\":true,\"valueName\":\"search_term_string\"}}],\"inLanguage\":\"pl-PL\"},{\"@type\":\"Organization\",\"@id\":\"https:\\\/\\\/szkoladucha.pl\\\/kursy\\\/#organization\",\"name\":\"Kursy Szko\u0142a Ducha\",\"url\":\"https:\\\/\\\/szkoladucha.pl\\\/kursy\\\/\",\"logo\":{\"@type\":\"ImageObject\",\"inLanguage\":\"pl-PL\",\"@id\":\"https:\\\/\\\/szkoladucha.pl\\\/kursy\\\/#\\\/schema\\\/logo\\\/image\\\/\",\"url\":\"https:\\\/\\\/szkoladucha.pl\\\/kursy\\\/wp-content\\\/uploads\\\/sites\\\/5\\\/2022\\\/02\\\/kursy-szkola-ducha-logo-beztla-180px.png\",\"contentUrl\":\"https:\\\/\\\/szkoladucha.pl\\\/kursy\\\/wp-content\\\/uploads\\\/sites\\\/5\\\/2022\\\/02\\\/kursy-szkola-ducha-logo-beztla-180px.png\",\"width\":180,\"height\":60,\"caption\":\"Kursy Szko\u0142a Ducha\"},\"image\":{\"@id\":\"https:\\\/\\\/szkoladucha.pl\\\/kursy\\\/#\\\/schema\\\/logo\\\/image\\\/\"}}]}<\/script>\n<!-- \/ Yoast SEO plugin. -->","yoast_head_json":{"title":"Instructor Dashboard - Kursy Szko\u0142a Ducha","robots":{"index":"index","follow":"follow","max-snippet":"max-snippet:-1","max-image-preview":"max-image-preview:large","max-video-preview":"max-video-preview:-1"},"canonical":"https:\/\/szkoladucha.pl\/kursy\/instructor-dashboard\/","og_locale":"pl_PL","og_type":"article","og_title":"Instructor Dashboard - Kursy Szko\u0142a Ducha","og_url":"https:\/\/szkoladucha.pl\/kursy\/instructor-dashboard\/","og_site_name":"Kursy Szko\u0142a Ducha","article_modified_time":"2024-11-14T15:46:32+00:00","twitter_card":"summary_large_image","twitter_misc":{"Szacowany czas czytania":"1 minuta"},"schema":{"@context":"https:\/\/schema.org","@graph":[{"@type":"WebPage","@id":"https:\/\/szkoladucha.pl\/kursy\/instructor-dashboard\/","url":"https:\/\/szkoladucha.pl\/kursy\/instructor-dashboard\/","name":"Instructor Dashboard - Kursy Szko\u0142a Ducha","isPartOf":{"@id":"https:\/\/szkoladucha.pl\/kursy\/#website"},"datePublished":"2024-11-14T15:38:45+00:00","dateModified":"2024-11-14T15:46:32+00:00","breadcrumb":{"@id":"https:\/\/szkoladucha.pl\/kursy\/instructor-dashboard\/#breadcrumb"},"inLanguage":"pl-PL","potentialAction":[{"@type":"ReadAction","target":["https:\/\/szkoladucha.pl\/kursy\/instructor-dashboard\/"]}]},{"@type":"BreadcrumbList","@id":"https:\/\/szkoladucha.pl\/kursy\/instructor-dashboard\/#breadcrumb","itemListElement":[{"@type":"ListItem","position":1,"name":"Kursy","item":"https:\/\/szkoladucha.pl\/kursy\/"},{"@type":"ListItem","position":2,"name":"Instructor Dashboard"}]},{"@type":"WebSite","@id":"https:\/\/szkoladucha.pl\/kursy\/#website","url":"https:\/\/szkoladucha.pl\/kursy\/","name":"Kursy Szko\u0142a Ducha","description":"Budujemy spo\u0142ecze\u0144stwo, kt\u00f3re \u015bwiadomie post\u0119puje zgodnie z planem.","publisher":{"@id":"https:\/\/szkoladucha.pl\/kursy\/#organization"},"potentialAction":[{"@type":"SearchAction","target":{"@type":"EntryPoint","urlTemplate":"https:\/\/szkoladucha.pl\/kursy\/?s={search_term_string}"},"query-input":{"@type":"PropertyValueSpecification","valueRequired":true,"valueName":"search_term_string"}}],"inLanguage":"pl-PL"},{"@type":"Organization","@id":"https:\/\/szkoladucha.pl\/kursy\/#organization","name":"Kursy Szko\u0142a Ducha","url":"https:\/\/szkoladucha.pl\/kursy\/","logo":{"@type":"ImageObject","inLanguage":"pl-PL","@id":"https:\/\/szkoladucha.pl\/kursy\/#\/schema\/logo\/image\/","url":"https:\/\/szkoladucha.pl\/kursy\/wp-content\/uploads\/sites\/5\/2022\/02\/kursy-szkola-ducha-logo-beztla-180px.png","contentUrl":"https:\/\/szkoladucha.pl\/kursy\/wp-content\/uploads\/sites\/5\/2022\/02\/kursy-szkola-ducha-logo-beztla-180px.png","width":180,"height":60,"caption":"Kursy Szko\u0142a Ducha"},"image":{"@id":"https:\/\/szkoladucha.pl\/kursy\/#\/schema\/logo\/image\/"}}]}},"_links":{"self":[{"href":"https:\/\/szkoladucha.pl\/kursy\/wp-json\/wp\/v2\/pages\/16750","targetHints":{"allow":["GET"]}}],"collection":[{"href":"https:\/\/szkoladucha.pl\/kursy\/wp-json\/wp\/v2\/pages"}],"about":[{"href":"https:\/\/szkoladucha.pl\/kursy\/wp-json\/wp\/v2\/types\/page"}],"author":[{"embeddable":true,"href":"https:\/\/szkoladucha.pl\/kursy\/wp-json\/wp\/v2\/users\/2"}],"replies":[{"embeddable":true,"href":"https:\/\/szkoladucha.pl\/kursy\/wp-json\/wp\/v2\/comments?post=16750"}],"version-history":[{"count":3,"href":"https:\/\/szkoladucha.pl\/kursy\/wp-json\/wp\/v2\/pages\/16750\/revisions"}],"predecessor-version":[{"id":16757,"href":"https:\/\/szkoladucha.pl\/kursy\/wp-json\/wp\/v2\/pages\/16750\/revisions\/16757"}],"wp:attachment":[{"href":"https:\/\/szkoladucha.pl\/kursy\/wp-json\/wp\/v2\/media?parent=16750"}],"curies":[{"name":"wp","href":"https:\/\/api.w.org\/{rel}","templated":true}]}}