{"id":5520,"date":"2022-09-08T12:46:39","date_gmt":"2022-09-08T10:46:39","guid":{"rendered":"https:\/\/szkoladucha.pl\/kursy\/?page_id=5520"},"modified":"2022-09-08T12:46:43","modified_gmt":"2022-09-08T10:46:43","slug":"rejestracja","status":"publish","type":"page","link":"https:\/\/szkoladucha.pl\/kursy\/rejestracja\/","title":{"rendered":"Rejestracja"},"content":{"rendered":"<div class=\"woocommerce-notices-wrapper\"><\/div>      <form method=\"post\" class=\"woocommerce-form woocommerce-form-register register\"  >\r\n\t\t  <input type=\"hidden\" id=\"g-token\" name=\"g-token\" \/>\r\n \r\n          \r\n          \r\n         <p class=\"woocommerce-form-row woocommerce-form-row--wide form-row form-row-wide\">\r\n            <label for=\"reg_email\">Adres e-mail <span class=\"required\">*<\/span><\/label>\r\n            <input type=\"email\" class=\"woocommerce-Input woocommerce-Input--text input-text\" name=\"email\" id=\"reg_email\" autocomplete=\"email\" value=\"\" \/>         <\/p>\r\n \r\n          \r\n            <p>Has\u0142o zostanie wys\u0142ane na Tw\u00f3j adres e-mail.<\/p>\r\n \r\n          \r\n         <wc-order-attribution-inputs><\/wc-order-attribution-inputs><div class=\"woocommerce-privacy-policy-text\"><p>Klikaj\u0105c w poni\u017cszy przycisk potwierdzasz, \u017ce zapozna\u0142e\u015b si\u0119 z <a href=\"https:\/\/szkoladucha.pl\/kursy\/polityka-prywatnosci\/\" class=\"woocommerce-privacy-policy-link\" target=\"_blank\">polityka prywatno\u015bci<\/a> sklepu internetowego i zgadzasz si\u0119 na przetwarzanie swoich danych osobowych w celu marketingowym.<\/p>\n<\/div> \r\n         <p class=\"woocommerce-FormRow form-row\">\r\n            <input type=\"hidden\" id=\"woocommerce-register-nonce\" name=\"woocommerce-register-nonce\" value=\"2aef2523e7\" \/><input type=\"hidden\" name=\"_wp_http_referer\" value=\"\/kursy\/wp-json\/wp\/v2\/pages\/5520\" \/>            <button type=\"submit\" class=\"woocommerce-Button woocommerce-button button woocommerce-form-register__submit g-recaptcha\"  name=\"register\" value=\"Zarejestruj si\u0119\">Zarejestruj si\u0119<\/button>\r\n         <\/p>\r\n \r\n          \r\n      <\/form>\r\n \r\n   \n","protected":false},"excerpt":{"rendered":"","protected":false},"author":3,"featured_media":0,"parent":0,"menu_order":0,"comment_status":"closed","ping_status":"closed","template":"","meta":{"footnotes":""},"class_list":["post-5520","page","type-page","status-publish"],"yoast_head":"<!-- This site is optimized with the Yoast SEO plugin v27.3 - https:\/\/yoast.com\/product\/yoast-seo-wordpress\/ -->\n<title>Rejestracja - Kursy Szko\u0142a Ducha<\/title>\n<meta name=\"robots\" content=\"index, follow, max-snippet:-1, max-image-preview:large, max-video-preview:-1\" \/>\n<link rel=\"canonical\" href=\"https:\/\/szkoladucha.pl\/kursy\/rejestracja\/\" \/>\n<meta property=\"og:locale\" content=\"pl_PL\" \/>\n<meta property=\"og:type\" content=\"article\" \/>\n<meta property=\"og:title\" content=\"Rejestracja - Kursy Szko\u0142a Ducha\" \/>\n<meta property=\"og:url\" content=\"https:\/\/szkoladucha.pl\/kursy\/rejestracja\/\" \/>\n<meta property=\"og:site_name\" content=\"Kursy Szko\u0142a Ducha\" \/>\n<meta property=\"article:modified_time\" content=\"2022-09-08T10:46:43+00:00\" \/>\n<meta name=\"twitter:card\" content=\"summary_large_image\" \/>\n<meta name=\"twitter:label1\" content=\"Szacowany czas czytania\" \/>\n\t<meta name=\"twitter:data1\" content=\"1 minuta\" \/>\n<script type=\"application\/ld+json\" class=\"yoast-schema-graph\">{\"@context\":\"https:\\\/\\\/schema.org\",\"@graph\":[{\"@type\":\"WebPage\",\"@id\":\"https:\\\/\\\/szkoladucha.pl\\\/kursy\\\/rejestracja\\\/\",\"url\":\"https:\\\/\\\/szkoladucha.pl\\\/kursy\\\/rejestracja\\\/\",\"name\":\"Rejestracja - Kursy Szko\u0142a Ducha\",\"isPartOf\":{\"@id\":\"https:\\\/\\\/szkoladucha.pl\\\/kursy\\\/#website\"},\"datePublished\":\"2022-09-08T10:46:39+00:00\",\"dateModified\":\"2022-09-08T10:46:43+00:00\",\"breadcrumb\":{\"@id\":\"https:\\\/\\\/szkoladucha.pl\\\/kursy\\\/rejestracja\\\/#breadcrumb\"},\"inLanguage\":\"pl-PL\",\"potentialAction\":[{\"@type\":\"ReadAction\",\"target\":[\"https:\\\/\\\/szkoladucha.pl\\\/kursy\\\/rejestracja\\\/\"]}]},{\"@type\":\"BreadcrumbList\",\"@id\":\"https:\\\/\\\/szkoladucha.pl\\\/kursy\\\/rejestracja\\\/#breadcrumb\",\"itemListElement\":[{\"@type\":\"ListItem\",\"position\":1,\"name\":\"Kursy\",\"item\":\"https:\\\/\\\/szkoladucha.pl\\\/kursy\\\/\"},{\"@type\":\"ListItem\",\"position\":2,\"name\":\"Rejestracja\"}]},{\"@type\":\"WebSite\",\"@id\":\"https:\\\/\\\/szkoladucha.pl\\\/kursy\\\/#website\",\"url\":\"https:\\\/\\\/szkoladucha.pl\\\/kursy\\\/\",\"name\":\"Kursy Szko\u0142a Ducha\",\"description\":\"Budujemy spo\u0142ecze\u0144stwo, kt\u00f3re \u015bwiadomie post\u0119puje zgodnie z planem.\",\"publisher\":{\"@id\":\"https:\\\/\\\/szkoladucha.pl\\\/kursy\\\/#organization\"},\"potentialAction\":[{\"@type\":\"SearchAction\",\"target\":{\"@type\":\"EntryPoint\",\"urlTemplate\":\"https:\\\/\\\/szkoladucha.pl\\\/kursy\\\/?s={search_term_string}\"},\"query-input\":{\"@type\":\"PropertyValueSpecification\",\"valueRequired\":true,\"valueName\":\"search_term_string\"}}],\"inLanguage\":\"pl-PL\"},{\"@type\":\"Organization\",\"@id\":\"https:\\\/\\\/szkoladucha.pl\\\/kursy\\\/#organization\",\"name\":\"Kursy Szko\u0142a Ducha\",\"url\":\"https:\\\/\\\/szkoladucha.pl\\\/kursy\\\/\",\"logo\":{\"@type\":\"ImageObject\",\"inLanguage\":\"pl-PL\",\"@id\":\"https:\\\/\\\/szkoladucha.pl\\\/kursy\\\/#\\\/schema\\\/logo\\\/image\\\/\",\"url\":\"https:\\\/\\\/szkoladucha.pl\\\/kursy\\\/wp-content\\\/uploads\\\/sites\\\/5\\\/2022\\\/02\\\/kursy-szkola-ducha-logo-beztla-180px.png\",\"contentUrl\":\"https:\\\/\\\/szkoladucha.pl\\\/kursy\\\/wp-content\\\/uploads\\\/sites\\\/5\\\/2022\\\/02\\\/kursy-szkola-ducha-logo-beztla-180px.png\",\"width\":180,\"height\":60,\"caption\":\"Kursy Szko\u0142a Ducha\"},\"image\":{\"@id\":\"https:\\\/\\\/szkoladucha.pl\\\/kursy\\\/#\\\/schema\\\/logo\\\/image\\\/\"}}]}<\/script>\n<!-- \/ Yoast SEO plugin. -->","yoast_head_json":{"title":"Rejestracja - Kursy Szko\u0142a Ducha","robots":{"index":"index","follow":"follow","max-snippet":"max-snippet:-1","max-image-preview":"max-image-preview:large","max-video-preview":"max-video-preview:-1"},"canonical":"https:\/\/szkoladucha.pl\/kursy\/rejestracja\/","og_locale":"pl_PL","og_type":"article","og_title":"Rejestracja - Kursy Szko\u0142a Ducha","og_url":"https:\/\/szkoladucha.pl\/kursy\/rejestracja\/","og_site_name":"Kursy Szko\u0142a Ducha","article_modified_time":"2022-09-08T10:46:43+00:00","twitter_card":"summary_large_image","twitter_misc":{"Szacowany czas czytania":"1 minuta"},"schema":{"@context":"https:\/\/schema.org","@graph":[{"@type":"WebPage","@id":"https:\/\/szkoladucha.pl\/kursy\/rejestracja\/","url":"https:\/\/szkoladucha.pl\/kursy\/rejestracja\/","name":"Rejestracja - Kursy Szko\u0142a Ducha","isPartOf":{"@id":"https:\/\/szkoladucha.pl\/kursy\/#website"},"datePublished":"2022-09-08T10:46:39+00:00","dateModified":"2022-09-08T10:46:43+00:00","breadcrumb":{"@id":"https:\/\/szkoladucha.pl\/kursy\/rejestracja\/#breadcrumb"},"inLanguage":"pl-PL","potentialAction":[{"@type":"ReadAction","target":["https:\/\/szkoladucha.pl\/kursy\/rejestracja\/"]}]},{"@type":"BreadcrumbList","@id":"https:\/\/szkoladucha.pl\/kursy\/rejestracja\/#breadcrumb","itemListElement":[{"@type":"ListItem","position":1,"name":"Kursy","item":"https:\/\/szkoladucha.pl\/kursy\/"},{"@type":"ListItem","position":2,"name":"Rejestracja"}]},{"@type":"WebSite","@id":"https:\/\/szkoladucha.pl\/kursy\/#website","url":"https:\/\/szkoladucha.pl\/kursy\/","name":"Kursy Szko\u0142a Ducha","description":"Budujemy spo\u0142ecze\u0144stwo, kt\u00f3re \u015bwiadomie post\u0119puje zgodnie z planem.","publisher":{"@id":"https:\/\/szkoladucha.pl\/kursy\/#organization"},"potentialAction":[{"@type":"SearchAction","target":{"@type":"EntryPoint","urlTemplate":"https:\/\/szkoladucha.pl\/kursy\/?s={search_term_string}"},"query-input":{"@type":"PropertyValueSpecification","valueRequired":true,"valueName":"search_term_string"}}],"inLanguage":"pl-PL"},{"@type":"Organization","@id":"https:\/\/szkoladucha.pl\/kursy\/#organization","name":"Kursy Szko\u0142a Ducha","url":"https:\/\/szkoladucha.pl\/kursy\/","logo":{"@type":"ImageObject","inLanguage":"pl-PL","@id":"https:\/\/szkoladucha.pl\/kursy\/#\/schema\/logo\/image\/","url":"https:\/\/szkoladucha.pl\/kursy\/wp-content\/uploads\/sites\/5\/2022\/02\/kursy-szkola-ducha-logo-beztla-180px.png","contentUrl":"https:\/\/szkoladucha.pl\/kursy\/wp-content\/uploads\/sites\/5\/2022\/02\/kursy-szkola-ducha-logo-beztla-180px.png","width":180,"height":60,"caption":"Kursy Szko\u0142a Ducha"},"image":{"@id":"https:\/\/szkoladucha.pl\/kursy\/#\/schema\/logo\/image\/"}}]}},"_links":{"self":[{"href":"https:\/\/szkoladucha.pl\/kursy\/wp-json\/wp\/v2\/pages\/5520","targetHints":{"allow":["GET"]}}],"collection":[{"href":"https:\/\/szkoladucha.pl\/kursy\/wp-json\/wp\/v2\/pages"}],"about":[{"href":"https:\/\/szkoladucha.pl\/kursy\/wp-json\/wp\/v2\/types\/page"}],"author":[{"embeddable":true,"href":"https:\/\/szkoladucha.pl\/kursy\/wp-json\/wp\/v2\/users\/3"}],"replies":[{"embeddable":true,"href":"https:\/\/szkoladucha.pl\/kursy\/wp-json\/wp\/v2\/comments?post=5520"}],"version-history":[{"count":0,"href":"https:\/\/szkoladucha.pl\/kursy\/wp-json\/wp\/v2\/pages\/5520\/revisions"}],"wp:attachment":[{"href":"https:\/\/szkoladucha.pl\/kursy\/wp-json\/wp\/v2\/media?parent=5520"}],"curies":[{"name":"wp","href":"https:\/\/api.w.org\/{rel}","templated":true}]}}