{"id":8,"date":"2022-01-25T14:58:41","date_gmt":"2022-01-25T13:58:41","guid":{"rendered":"https:\/\/szkoladucha.pl\/kursy\/moje-konto\/"},"modified":"2022-04-12T15:50:06","modified_gmt":"2022-04-12T13:50:06","slug":"moje-konto","status":"publish","type":"page","link":"https:\/\/szkoladucha.pl\/kursy\/moje-konto\/","title":{"rendered":"Moje konto"},"content":{"rendered":"<div class=\"woocommerce\"><\/div>\n","protected":false},"excerpt":{"rendered":"","protected":false},"author":1,"featured_media":0,"parent":0,"menu_order":0,"comment_status":"closed","ping_status":"closed","template":"","meta":{"footnotes":""},"class_list":["post-8","page","type-page","status-publish"],"yoast_head":"<!-- This site is optimized with the Yoast SEO plugin v27.3 - https:\/\/yoast.com\/product\/yoast-seo-wordpress\/ -->\n<title>Moje konto - Kursy Szko\u0142a Ducha<\/title>\n<meta name=\"robots\" content=\"index, follow, max-snippet:-1, max-image-preview:large, max-video-preview:-1\" \/>\n<link rel=\"canonical\" href=\"https:\/\/szkoladucha.pl\/kursy\/moje-konto\/\" \/>\n<meta property=\"og:locale\" content=\"pl_PL\" \/>\n<meta property=\"og:type\" content=\"article\" \/>\n<meta property=\"og:title\" content=\"Moje konto - Kursy Szko\u0142a Ducha\" \/>\n<meta property=\"og:url\" content=\"https:\/\/szkoladucha.pl\/kursy\/moje-konto\/\" \/>\n<meta property=\"og:site_name\" content=\"Kursy Szko\u0142a Ducha\" \/>\n<meta property=\"article:modified_time\" content=\"2022-04-12T13:50:06+00:00\" \/>\n<meta name=\"twitter:card\" content=\"summary_large_image\" \/>\n<meta name=\"twitter:label1\" content=\"Szacowany czas czytania\" \/>\n\t<meta name=\"twitter:data1\" content=\"1 minuta\" \/>\n<script type=\"application\/ld+json\" class=\"yoast-schema-graph\">{\"@context\":\"https:\\\/\\\/schema.org\",\"@graph\":[{\"@type\":\"WebPage\",\"@id\":\"https:\\\/\\\/szkoladucha.pl\\\/kursy\\\/moje-konto\\\/\",\"url\":\"https:\\\/\\\/szkoladucha.pl\\\/kursy\\\/moje-konto\\\/\",\"name\":\"Moje konto - Kursy Szko\u0142a Ducha\",\"isPartOf\":{\"@id\":\"https:\\\/\\\/szkoladucha.pl\\\/kursy\\\/#website\"},\"datePublished\":\"2022-01-25T13:58:41+00:00\",\"dateModified\":\"2022-04-12T13:50:06+00:00\",\"breadcrumb\":{\"@id\":\"https:\\\/\\\/szkoladucha.pl\\\/kursy\\\/moje-konto\\\/#breadcrumb\"},\"inLanguage\":\"pl-PL\",\"potentialAction\":[{\"@type\":\"ReadAction\",\"target\":[\"https:\\\/\\\/szkoladucha.pl\\\/kursy\\\/moje-konto\\\/\"]}]},{\"@type\":\"BreadcrumbList\",\"@id\":\"https:\\\/\\\/szkoladucha.pl\\\/kursy\\\/moje-konto\\\/#breadcrumb\",\"itemListElement\":[{\"@type\":\"ListItem\",\"position\":1,\"name\":\"Kursy\",\"item\":\"https:\\\/\\\/szkoladucha.pl\\\/kursy\\\/\"},{\"@type\":\"ListItem\",\"position\":2,\"name\":\"Moje konto\"}]},{\"@type\":\"WebSite\",\"@id\":\"https:\\\/\\\/szkoladucha.pl\\\/kursy\\\/#website\",\"url\":\"https:\\\/\\\/szkoladucha.pl\\\/kursy\\\/\",\"name\":\"Kursy Szko\u0142a Ducha\",\"description\":\"Budujemy spo\u0142ecze\u0144stwo, kt\u00f3re \u015bwiadomie post\u0119puje zgodnie z planem.\",\"publisher\":{\"@id\":\"https:\\\/\\\/szkoladucha.pl\\\/kursy\\\/#organization\"},\"potentialAction\":[{\"@type\":\"SearchAction\",\"target\":{\"@type\":\"EntryPoint\",\"urlTemplate\":\"https:\\\/\\\/szkoladucha.pl\\\/kursy\\\/?s={search_term_string}\"},\"query-input\":{\"@type\":\"PropertyValueSpecification\",\"valueRequired\":true,\"valueName\":\"search_term_string\"}}],\"inLanguage\":\"pl-PL\"},{\"@type\":\"Organization\",\"@id\":\"https:\\\/\\\/szkoladucha.pl\\\/kursy\\\/#organization\",\"name\":\"Kursy Szko\u0142a Ducha\",\"url\":\"https:\\\/\\\/szkoladucha.pl\\\/kursy\\\/\",\"logo\":{\"@type\":\"ImageObject\",\"inLanguage\":\"pl-PL\",\"@id\":\"https:\\\/\\\/szkoladucha.pl\\\/kursy\\\/#\\\/schema\\\/logo\\\/image\\\/\",\"url\":\"https:\\\/\\\/szkoladucha.pl\\\/kursy\\\/wp-content\\\/uploads\\\/sites\\\/5\\\/2022\\\/02\\\/kursy-szkola-ducha-logo-beztla-180px.png\",\"contentUrl\":\"https:\\\/\\\/szkoladucha.pl\\\/kursy\\\/wp-content\\\/uploads\\\/sites\\\/5\\\/2022\\\/02\\\/kursy-szkola-ducha-logo-beztla-180px.png\",\"width\":180,\"height\":60,\"caption\":\"Kursy Szko\u0142a Ducha\"},\"image\":{\"@id\":\"https:\\\/\\\/szkoladucha.pl\\\/kursy\\\/#\\\/schema\\\/logo\\\/image\\\/\"}}]}<\/script>\n<!-- \/ Yoast SEO plugin. -->","yoast_head_json":{"title":"Moje konto - Kursy Szko\u0142a Ducha","robots":{"index":"index","follow":"follow","max-snippet":"max-snippet:-1","max-image-preview":"max-image-preview:large","max-video-preview":"max-video-preview:-1"},"canonical":"https:\/\/szkoladucha.pl\/kursy\/moje-konto\/","og_locale":"pl_PL","og_type":"article","og_title":"Moje konto - Kursy Szko\u0142a Ducha","og_url":"https:\/\/szkoladucha.pl\/kursy\/moje-konto\/","og_site_name":"Kursy Szko\u0142a Ducha","article_modified_time":"2022-04-12T13:50:06+00:00","twitter_card":"summary_large_image","twitter_misc":{"Szacowany czas czytania":"1 minuta"},"schema":{"@context":"https:\/\/schema.org","@graph":[{"@type":"WebPage","@id":"https:\/\/szkoladucha.pl\/kursy\/moje-konto\/","url":"https:\/\/szkoladucha.pl\/kursy\/moje-konto\/","name":"Moje konto - Kursy Szko\u0142a Ducha","isPartOf":{"@id":"https:\/\/szkoladucha.pl\/kursy\/#website"},"datePublished":"2022-01-25T13:58:41+00:00","dateModified":"2022-04-12T13:50:06+00:00","breadcrumb":{"@id":"https:\/\/szkoladucha.pl\/kursy\/moje-konto\/#breadcrumb"},"inLanguage":"pl-PL","potentialAction":[{"@type":"ReadAction","target":["https:\/\/szkoladucha.pl\/kursy\/moje-konto\/"]}]},{"@type":"BreadcrumbList","@id":"https:\/\/szkoladucha.pl\/kursy\/moje-konto\/#breadcrumb","itemListElement":[{"@type":"ListItem","position":1,"name":"Kursy","item":"https:\/\/szkoladucha.pl\/kursy\/"},{"@type":"ListItem","position":2,"name":"Moje konto"}]},{"@type":"WebSite","@id":"https:\/\/szkoladucha.pl\/kursy\/#website","url":"https:\/\/szkoladucha.pl\/kursy\/","name":"Kursy Szko\u0142a Ducha","description":"Budujemy spo\u0142ecze\u0144stwo, kt\u00f3re \u015bwiadomie post\u0119puje zgodnie z planem.","publisher":{"@id":"https:\/\/szkoladucha.pl\/kursy\/#organization"},"potentialAction":[{"@type":"SearchAction","target":{"@type":"EntryPoint","urlTemplate":"https:\/\/szkoladucha.pl\/kursy\/?s={search_term_string}"},"query-input":{"@type":"PropertyValueSpecification","valueRequired":true,"valueName":"search_term_string"}}],"inLanguage":"pl-PL"},{"@type":"Organization","@id":"https:\/\/szkoladucha.pl\/kursy\/#organization","name":"Kursy Szko\u0142a Ducha","url":"https:\/\/szkoladucha.pl\/kursy\/","logo":{"@type":"ImageObject","inLanguage":"pl-PL","@id":"https:\/\/szkoladucha.pl\/kursy\/#\/schema\/logo\/image\/","url":"https:\/\/szkoladucha.pl\/kursy\/wp-content\/uploads\/sites\/5\/2022\/02\/kursy-szkola-ducha-logo-beztla-180px.png","contentUrl":"https:\/\/szkoladucha.pl\/kursy\/wp-content\/uploads\/sites\/5\/2022\/02\/kursy-szkola-ducha-logo-beztla-180px.png","width":180,"height":60,"caption":"Kursy Szko\u0142a Ducha"},"image":{"@id":"https:\/\/szkoladucha.pl\/kursy\/#\/schema\/logo\/image\/"}}]}},"_links":{"self":[{"href":"https:\/\/szkoladucha.pl\/kursy\/wp-json\/wp\/v2\/pages\/8","targetHints":{"allow":["GET"]}}],"collection":[{"href":"https:\/\/szkoladucha.pl\/kursy\/wp-json\/wp\/v2\/pages"}],"about":[{"href":"https:\/\/szkoladucha.pl\/kursy\/wp-json\/wp\/v2\/types\/page"}],"author":[{"embeddable":true,"href":"https:\/\/szkoladucha.pl\/kursy\/wp-json\/wp\/v2\/users\/1"}],"replies":[{"embeddable":true,"href":"https:\/\/szkoladucha.pl\/kursy\/wp-json\/wp\/v2\/comments?post=8"}],"version-history":[{"count":0,"href":"https:\/\/szkoladucha.pl\/kursy\/wp-json\/wp\/v2\/pages\/8\/revisions"}],"wp:attachment":[{"href":"https:\/\/szkoladucha.pl\/kursy\/wp-json\/wp\/v2\/media?parent=8"}],"curies":[{"name":"wp","href":"https:\/\/api.w.org\/{rel}","templated":true}]}}