{"id":11163,"date":"2023-09-07T09:34:11","date_gmt":"2023-09-07T07:34:11","guid":{"rendered":"https:\/\/szkoladucha.pl\/kursy\/?post_type=product&#038;p=11163"},"modified":"2024-03-25T15:54:03","modified_gmt":"2024-03-25T14:54:03","slug":"wychowanie-dzieci-dla-wierzacych","status":"publish","type":"product","link":"https:\/\/szkoladucha.pl\/kursy\/produkt\/wychowanie-dzieci-dla-wierzacych\/","title":{"rendered":"Wychowanie dzieci dla wierz\u0105cych"},"content":{"rendered":"<h2><b>Ten kurs nauczy Ci\u0119, jak ukszta\u0142towa\u0107 Twoje dzieci na miar\u0119 standard\u00f3w Kr\u00f3lestwa Bo\u017cego!<\/b><\/h2>\n<p><span style=\"font-weight: 400;\"><br \/>\n<br style=\"font-weight: 400;\" \/>Jestem mam\u0105 tr\u00f3jki maluch\u00f3w, certyfikowanym coachem i terapeut\u0105 oraz wieloletnim praktykiem w s\u0142u\u017cbie dzieci\u0119cej. Z pasj\u0105 i zaanga\u017cowaniem wychowuj\u0119 moje brzd\u0105ce do \u017cycia w wierze i wed\u0142ug planu, jaki ma dla nich B\u00f3g. Dzieci\u0119ce emocje nie s\u0105 mi straszne, a zagadnienia dotycz\u0105ce rozwoju m\u00f3zgu naszych ma\u0142ych przyjaci\u00f3\u0142 to m\u00f3j konik.\u00a0<\/span><\/p>\n<p><span style=\"font-weight: 400;\">W tym kursie znajdziesz a\u017c <\/span><b>30<\/b><span style=\"font-weight: 400;\"> wyk\u0142ad\u00f3w, kt\u00f3re dadz\u0105 Ci obszern\u0105 wiedz\u0119 na temat tego, jak wychowa\u0107 Twoje dzieci w zgodzie z wiar\u0105 chrze\u015bcija\u0144sk\u0105. Ale to nie wszystko! Co jeszcze tutaj otrzymasz?<\/span><\/p>\n<ul>\n<li style=\"font-weight: 400;\" aria-level=\"1\"><span style=\"font-weight: 400;\">Pigu\u0142k\u0119 informacji z zakresu neuropsychologii podan\u0105 w przyjemny i lekki spos\u00f3b<\/span><\/li>\n<li style=\"font-weight: 400;\" aria-level=\"1\"><span style=\"font-weight: 400;\">Cytaty ze S\u0142owa Bo\u017cego, kt\u00f3re wzmocni\u0105 to\u017csamo\u015b\u0107 Twoj\u0105 i dziecka &#8211; absolutny must-have!<\/span><\/li>\n<li style=\"font-weight: 400;\" aria-level=\"1\"><span style=\"font-weight: 400;\">Moje praktyczne do\u015bwiadczenia z \u017cycia mamy i <\/span><b>10-letniej<\/b><span style=\"font-weight: 400;\"> pos\u0142ugi w Ko\u015bciele<\/span><\/li>\n<li style=\"font-weight: 400;\" aria-level=\"1\"><span style=\"font-weight: 400;\">Dost\u0119p do Bo\u017cej pedagogiki i m\u0105dro\u015bci \u0141aski<\/span><\/li>\n<li style=\"font-weight: 400;\" aria-level=\"1\"><span style=\"font-weight: 400;\">Segmenty tematyczne, kt\u00f3re pozwol\u0105 Ci uporz\u0105dkowa\u0107 tre\u015bci<\/span><\/li>\n<li style=\"font-weight: 400;\" aria-level=\"1\"><span style=\"font-weight: 400;\">Plakaty i workbook do pracy w\u0142asnej<\/span><\/li>\n<\/ul>\n<p><span style=\"font-weight: 400;\">W tej wyj\u0105tkowej przestrzeni otrzymasz wsparcie i zbudowanie, kt\u00f3re nie tylko wykorzystasz w roli rodzica, ale wzmocnisz te\u017c samego siebie w to\u017csamo\u015bci Dziecka Bo\u017cego. Bo wszyscy jeste\u015bmy najpierw synami i c\u00f3rkami!\u00a0<\/span><\/p>\n<p><span style=\"font-weight: 400;\">A je\u015bli szukasz jeszcze bardziej profesjonalnej wiedzy z psychologii dzieci\u0119cej, zajrzyj do Akademii Mama dla Mamy! Tutaj poznasz szczeg\u00f3\u0142y tego, co, wraz z innymi mamami i specjalistkami, przygotowa\u0142y\u015bmy dla Ciebie: <\/span><a href=\"https:\/\/szkoladucha.pl\/mama-dla-mamy\"><span style=\"font-weight: 400;\">https:\/\/szkoladucha.pl\/mama-dla-mamy<\/span><\/a><\/p>\n<p><span style=\"font-weight: 400;\">Pami\u0119taj, jeste\u015b rodzicem wp\u0142ywu! Nie mog\u0119 si\u0119 doczeka\u0107, a\u017c razem b\u0119dziemy budowa\u0107 nowe pokolenia. Do zobaczenia!<\/span><\/p>\n<h2><\/h2>\n<p>&nbsp;<\/p>\n","protected":false},"excerpt":{"rendered":"<p><span style=\"font-weight: 400;\">Jeste\u015b mam\u0105 lub tat\u0105, kt\u00f3ry pragnie wychowa\u0107 swoje dzieci w zgodzie z wiar\u0105 chrze\u015bcija\u0144sk\u0105? Ten kurs Ci w tym pomo\u017ce! Do\u0142\u0105cz do spo\u0142eczno\u015bci \u015bwiadomych rodzic\u00f3w, kt\u00f3rzy buduj\u0105 nowe pokolenia wed\u0142ug swoich warto\u015bci.<\/span><\/p>\n","protected":false},"featured_media":11151,"comment_status":"open","ping_status":"closed","template":"","meta":[],"product_brand":[],"product_cat":[104],"product_tag":[],"class_list":{"0":"post-11163","1":"product","2":"type-product","3":"status-publish","4":"has-post-thumbnail","6":"product_cat-akademia-mdm","7":"pa_autor-gabriela-sawa","8":"","9":"woocommerce-text-align-left","10":"woocommerce-image-align-center","11":"do-quantity-buttons","13":"first","14":"instock","15":"virtual","16":"sold-individually","17":"taxable","18":"purchasable","19":"product-type-simple"},"bundled_by":["11229"],"bundle_stock_status":"instock","bundle_stock_quantity":null,"bundle_virtual":false,"bundle_layout":"","bundle_add_to_cart_form_location":"","bundle_editable_in_cart":false,"bundle_sold_individually_context":"","bundle_item_grouping":"","bundle_min_size":"","bundle_max_size":"","bundle_price":[],"bundled_items":[],"bundle_sell_ids":[],"exclude_global_add_ons":[],"addons":[],"yoast_head":"<!-- This site is optimized with the Yoast SEO plugin v27.3 - https:\/\/yoast.com\/product\/yoast-seo-wordpress\/ -->\n<title>Wychowanie dzieci dla wierz\u0105cych - Kursy Szko\u0142a Ducha<\/title>\n<meta name=\"robots\" content=\"index, follow, max-snippet:-1, max-image-preview:large, max-video-preview:-1\" \/>\n<link rel=\"canonical\" href=\"https:\/\/szkoladucha.pl\/kursy\/produkt\/wychowanie-dzieci-dla-wierzacych\/\" \/>\n<meta property=\"og:locale\" content=\"pl_PL\" \/>\n<meta property=\"og:type\" content=\"article\" \/>\n<meta property=\"og:title\" content=\"Wychowanie dzieci dla wierz\u0105cych - Kursy Szko\u0142a Ducha\" \/>\n<meta property=\"og:description\" content=\"Jeste\u015b mam\u0105 lub tat\u0105, kt\u00f3ry pragnie wychowa\u0107 swoje dzieci w zgodzie z wiar\u0105 chrze\u015bcija\u0144sk\u0105? Ten kurs Ci w tym pomo\u017ce! Do\u0142\u0105cz do spo\u0142eczno\u015bci \u015bwiadomych rodzic\u00f3w, kt\u00f3rzy buduj\u0105 nowe pokolenia wed\u0142ug swoich warto\u015bci.\" \/>\n<meta property=\"og:url\" content=\"https:\/\/szkoladucha.pl\/kursy\/produkt\/wychowanie-dzieci-dla-wierzacych\/\" \/>\n<meta property=\"og:site_name\" content=\"Kursy Szko\u0142a Ducha\" \/>\n<meta property=\"article:modified_time\" content=\"2024-03-25T14:54:03+00:00\" \/>\n<meta property=\"og:image\" content=\"https:\/\/szkoladucha.pl\/kursy\/wp-content\/uploads\/sites\/5\/2023\/08\/GS-kurs-wychowanie-dzieci-dla-wierzacych2.png\" \/>\n\t<meta property=\"og:image:width\" content=\"600\" \/>\n\t<meta property=\"og:image:height\" content=\"640\" \/>\n\t<meta property=\"og:image:type\" content=\"image\/png\" \/>\n<meta name=\"twitter:card\" content=\"summary_large_image\" \/>\n<meta name=\"twitter:label1\" content=\"Szacowany czas czytania\" \/>\n\t<meta name=\"twitter:data1\" content=\"2 minuty\" \/>\n<script type=\"application\/ld+json\" class=\"yoast-schema-graph\">{\"@context\":\"https:\\\/\\\/schema.org\",\"@graph\":[{\"@type\":\"WebPage\",\"@id\":\"https:\\\/\\\/szkoladucha.pl\\\/kursy\\\/produkt\\\/wychowanie-dzieci-dla-wierzacych\\\/\",\"url\":\"https:\\\/\\\/szkoladucha.pl\\\/kursy\\\/produkt\\\/wychowanie-dzieci-dla-wierzacych\\\/\",\"name\":\"Wychowanie dzieci dla wierz\u0105cych - Kursy Szko\u0142a Ducha\",\"isPartOf\":{\"@id\":\"https:\\\/\\\/szkoladucha.pl\\\/kursy\\\/#website\"},\"primaryImageOfPage\":{\"@id\":\"https:\\\/\\\/szkoladucha.pl\\\/kursy\\\/produkt\\\/wychowanie-dzieci-dla-wierzacych\\\/#primaryimage\"},\"image\":{\"@id\":\"https:\\\/\\\/szkoladucha.pl\\\/kursy\\\/produkt\\\/wychowanie-dzieci-dla-wierzacych\\\/#primaryimage\"},\"thumbnailUrl\":\"https:\\\/\\\/szkoladucha.pl\\\/kursy\\\/wp-content\\\/uploads\\\/sites\\\/5\\\/2023\\\/08\\\/GS-kurs-wychowanie-dzieci-dla-wierzacych2.png\",\"datePublished\":\"2023-09-07T07:34:11+00:00\",\"dateModified\":\"2024-03-25T14:54:03+00:00\",\"breadcrumb\":{\"@id\":\"https:\\\/\\\/szkoladucha.pl\\\/kursy\\\/produkt\\\/wychowanie-dzieci-dla-wierzacych\\\/#breadcrumb\"},\"inLanguage\":\"pl-PL\",\"potentialAction\":[{\"@type\":\"ReadAction\",\"target\":[\"https:\\\/\\\/szkoladucha.pl\\\/kursy\\\/produkt\\\/wychowanie-dzieci-dla-wierzacych\\\/\"]}]},{\"@type\":\"ImageObject\",\"inLanguage\":\"pl-PL\",\"@id\":\"https:\\\/\\\/szkoladucha.pl\\\/kursy\\\/produkt\\\/wychowanie-dzieci-dla-wierzacych\\\/#primaryimage\",\"url\":\"https:\\\/\\\/szkoladucha.pl\\\/kursy\\\/wp-content\\\/uploads\\\/sites\\\/5\\\/2023\\\/08\\\/GS-kurs-wychowanie-dzieci-dla-wierzacych2.png\",\"contentUrl\":\"https:\\\/\\\/szkoladucha.pl\\\/kursy\\\/wp-content\\\/uploads\\\/sites\\\/5\\\/2023\\\/08\\\/GS-kurs-wychowanie-dzieci-dla-wierzacych2.png\",\"width\":600,\"height\":640},{\"@type\":\"BreadcrumbList\",\"@id\":\"https:\\\/\\\/szkoladucha.pl\\\/kursy\\\/produkt\\\/wychowanie-dzieci-dla-wierzacych\\\/#breadcrumb\",\"itemListElement\":[{\"@type\":\"ListItem\",\"position\":1,\"name\":\"Kursy\",\"item\":\"https:\\\/\\\/szkoladucha.pl\\\/kursy\\\/\"},{\"@type\":\"ListItem\",\"position\":2,\"name\":\"Kursy\",\"item\":\"https:\\\/\\\/szkoladucha.pl\\\/kursy\\\/\"},{\"@type\":\"ListItem\",\"position\":3,\"name\":\"Wychowanie dzieci dla wierz\u0105cych\"}]},{\"@type\":\"WebSite\",\"@id\":\"https:\\\/\\\/szkoladucha.pl\\\/kursy\\\/#website\",\"url\":\"https:\\\/\\\/szkoladucha.pl\\\/kursy\\\/\",\"name\":\"Kursy Szko\u0142a Ducha\",\"description\":\"Budujemy spo\u0142ecze\u0144stwo, kt\u00f3re \u015bwiadomie post\u0119puje zgodnie z planem.\",\"publisher\":{\"@id\":\"https:\\\/\\\/szkoladucha.pl\\\/kursy\\\/#organization\"},\"potentialAction\":[{\"@type\":\"SearchAction\",\"target\":{\"@type\":\"EntryPoint\",\"urlTemplate\":\"https:\\\/\\\/szkoladucha.pl\\\/kursy\\\/?s={search_term_string}\"},\"query-input\":{\"@type\":\"PropertyValueSpecification\",\"valueRequired\":true,\"valueName\":\"search_term_string\"}}],\"inLanguage\":\"pl-PL\"},{\"@type\":\"Organization\",\"@id\":\"https:\\\/\\\/szkoladucha.pl\\\/kursy\\\/#organization\",\"name\":\"Kursy Szko\u0142a Ducha\",\"url\":\"https:\\\/\\\/szkoladucha.pl\\\/kursy\\\/\",\"logo\":{\"@type\":\"ImageObject\",\"inLanguage\":\"pl-PL\",\"@id\":\"https:\\\/\\\/szkoladucha.pl\\\/kursy\\\/#\\\/schema\\\/logo\\\/image\\\/\",\"url\":\"https:\\\/\\\/szkoladucha.pl\\\/kursy\\\/wp-content\\\/uploads\\\/sites\\\/5\\\/2022\\\/02\\\/kursy-szkola-ducha-logo-beztla-180px.png\",\"contentUrl\":\"https:\\\/\\\/szkoladucha.pl\\\/kursy\\\/wp-content\\\/uploads\\\/sites\\\/5\\\/2022\\\/02\\\/kursy-szkola-ducha-logo-beztla-180px.png\",\"width\":180,\"height\":60,\"caption\":\"Kursy Szko\u0142a Ducha\"},\"image\":{\"@id\":\"https:\\\/\\\/szkoladucha.pl\\\/kursy\\\/#\\\/schema\\\/logo\\\/image\\\/\"}}]}<\/script>\n<!-- \/ Yoast SEO plugin. -->","yoast_head_json":{"title":"Wychowanie dzieci dla wierz\u0105cych - Kursy Szko\u0142a Ducha","robots":{"index":"index","follow":"follow","max-snippet":"max-snippet:-1","max-image-preview":"max-image-preview:large","max-video-preview":"max-video-preview:-1"},"canonical":"https:\/\/szkoladucha.pl\/kursy\/produkt\/wychowanie-dzieci-dla-wierzacych\/","og_locale":"pl_PL","og_type":"article","og_title":"Wychowanie dzieci dla wierz\u0105cych - Kursy Szko\u0142a Ducha","og_description":"Jeste\u015b mam\u0105 lub tat\u0105, kt\u00f3ry pragnie wychowa\u0107 swoje dzieci w zgodzie z wiar\u0105 chrze\u015bcija\u0144sk\u0105? Ten kurs Ci w tym pomo\u017ce! Do\u0142\u0105cz do spo\u0142eczno\u015bci \u015bwiadomych rodzic\u00f3w, kt\u00f3rzy buduj\u0105 nowe pokolenia wed\u0142ug swoich warto\u015bci.","og_url":"https:\/\/szkoladucha.pl\/kursy\/produkt\/wychowanie-dzieci-dla-wierzacych\/","og_site_name":"Kursy Szko\u0142a Ducha","article_modified_time":"2024-03-25T14:54:03+00:00","og_image":[{"width":600,"height":640,"url":"https:\/\/szkoladucha.pl\/kursy\/wp-content\/uploads\/sites\/5\/2023\/08\/GS-kurs-wychowanie-dzieci-dla-wierzacych2.png","type":"image\/png"}],"twitter_card":"summary_large_image","twitter_misc":{"Szacowany czas czytania":"2 minuty"},"schema":{"@context":"https:\/\/schema.org","@graph":[{"@type":"WebPage","@id":"https:\/\/szkoladucha.pl\/kursy\/produkt\/wychowanie-dzieci-dla-wierzacych\/","url":"https:\/\/szkoladucha.pl\/kursy\/produkt\/wychowanie-dzieci-dla-wierzacych\/","name":"Wychowanie dzieci dla wierz\u0105cych - Kursy Szko\u0142a Ducha","isPartOf":{"@id":"https:\/\/szkoladucha.pl\/kursy\/#website"},"primaryImageOfPage":{"@id":"https:\/\/szkoladucha.pl\/kursy\/produkt\/wychowanie-dzieci-dla-wierzacych\/#primaryimage"},"image":{"@id":"https:\/\/szkoladucha.pl\/kursy\/produkt\/wychowanie-dzieci-dla-wierzacych\/#primaryimage"},"thumbnailUrl":"https:\/\/szkoladucha.pl\/kursy\/wp-content\/uploads\/sites\/5\/2023\/08\/GS-kurs-wychowanie-dzieci-dla-wierzacych2.png","datePublished":"2023-09-07T07:34:11+00:00","dateModified":"2024-03-25T14:54:03+00:00","breadcrumb":{"@id":"https:\/\/szkoladucha.pl\/kursy\/produkt\/wychowanie-dzieci-dla-wierzacych\/#breadcrumb"},"inLanguage":"pl-PL","potentialAction":[{"@type":"ReadAction","target":["https:\/\/szkoladucha.pl\/kursy\/produkt\/wychowanie-dzieci-dla-wierzacych\/"]}]},{"@type":"ImageObject","inLanguage":"pl-PL","@id":"https:\/\/szkoladucha.pl\/kursy\/produkt\/wychowanie-dzieci-dla-wierzacych\/#primaryimage","url":"https:\/\/szkoladucha.pl\/kursy\/wp-content\/uploads\/sites\/5\/2023\/08\/GS-kurs-wychowanie-dzieci-dla-wierzacych2.png","contentUrl":"https:\/\/szkoladucha.pl\/kursy\/wp-content\/uploads\/sites\/5\/2023\/08\/GS-kurs-wychowanie-dzieci-dla-wierzacych2.png","width":600,"height":640},{"@type":"BreadcrumbList","@id":"https:\/\/szkoladucha.pl\/kursy\/produkt\/wychowanie-dzieci-dla-wierzacych\/#breadcrumb","itemListElement":[{"@type":"ListItem","position":1,"name":"Kursy","item":"https:\/\/szkoladucha.pl\/kursy\/"},{"@type":"ListItem","position":2,"name":"Kursy","item":"https:\/\/szkoladucha.pl\/kursy\/"},{"@type":"ListItem","position":3,"name":"Wychowanie dzieci dla wierz\u0105cych"}]},{"@type":"WebSite","@id":"https:\/\/szkoladucha.pl\/kursy\/#website","url":"https:\/\/szkoladucha.pl\/kursy\/","name":"Kursy Szko\u0142a Ducha","description":"Budujemy spo\u0142ecze\u0144stwo, kt\u00f3re \u015bwiadomie post\u0119puje zgodnie z planem.","publisher":{"@id":"https:\/\/szkoladucha.pl\/kursy\/#organization"},"potentialAction":[{"@type":"SearchAction","target":{"@type":"EntryPoint","urlTemplate":"https:\/\/szkoladucha.pl\/kursy\/?s={search_term_string}"},"query-input":{"@type":"PropertyValueSpecification","valueRequired":true,"valueName":"search_term_string"}}],"inLanguage":"pl-PL"},{"@type":"Organization","@id":"https:\/\/szkoladucha.pl\/kursy\/#organization","name":"Kursy Szko\u0142a Ducha","url":"https:\/\/szkoladucha.pl\/kursy\/","logo":{"@type":"ImageObject","inLanguage":"pl-PL","@id":"https:\/\/szkoladucha.pl\/kursy\/#\/schema\/logo\/image\/","url":"https:\/\/szkoladucha.pl\/kursy\/wp-content\/uploads\/sites\/5\/2022\/02\/kursy-szkola-ducha-logo-beztla-180px.png","contentUrl":"https:\/\/szkoladucha.pl\/kursy\/wp-content\/uploads\/sites\/5\/2022\/02\/kursy-szkola-ducha-logo-beztla-180px.png","width":180,"height":60,"caption":"Kursy Szko\u0142a Ducha"},"image":{"@id":"https:\/\/szkoladucha.pl\/kursy\/#\/schema\/logo\/image\/"}}]}},"_links":{"self":[{"href":"https:\/\/szkoladucha.pl\/kursy\/wp-json\/wp\/v2\/product\/11163","targetHints":{"allow":["GET"]}}],"collection":[{"href":"https:\/\/szkoladucha.pl\/kursy\/wp-json\/wp\/v2\/product"}],"about":[{"href":"https:\/\/szkoladucha.pl\/kursy\/wp-json\/wp\/v2\/types\/product"}],"replies":[{"embeddable":true,"href":"https:\/\/szkoladucha.pl\/kursy\/wp-json\/wp\/v2\/comments?post=11163"}],"wp:featuredmedia":[{"embeddable":true,"href":"https:\/\/szkoladucha.pl\/kursy\/wp-json\/wp\/v2\/media\/11151"}],"wp:attachment":[{"href":"https:\/\/szkoladucha.pl\/kursy\/wp-json\/wp\/v2\/media?parent=11163"}],"wp:term":[{"taxonomy":"product_brand","embeddable":true,"href":"https:\/\/szkoladucha.pl\/kursy\/wp-json\/wp\/v2\/product_brand?post=11163"},{"taxonomy":"product_cat","embeddable":true,"href":"https:\/\/szkoladucha.pl\/kursy\/wp-json\/wp\/v2\/product_cat?post=11163"},{"taxonomy":"product_tag","embeddable":true,"href":"https:\/\/szkoladucha.pl\/kursy\/wp-json\/wp\/v2\/product_tag?post=11163"}],"curies":[{"name":"wp","href":"https:\/\/api.w.org\/{rel}","templated":true}]}}