{"id":11786,"date":"2023-10-09T12:06:38","date_gmt":"2023-10-09T10:06:38","guid":{"rendered":"https:\/\/szkoladucha.pl\/kursy\/?post_type=product&#038;p=11786"},"modified":"2024-01-12T11:06:11","modified_gmt":"2024-01-12T10:06:11","slug":"szkolenie-jak-mowic-do-swojego-nastoletniego-dziecka-aby-cie-sluchalo-jak-sluchac-zeby-ono-czulo-sie-wysluchane","status":"publish","type":"product","link":"https:\/\/szkoladucha.pl\/kursy\/produkt\/szkolenie-jak-mowic-do-swojego-nastoletniego-dziecka-aby-cie-sluchalo-jak-sluchac-zeby-ono-czulo-sie-wysluchane\/","title":{"rendered":"SZKOLENIE: Jak m\u00f3wi\u0107 do swojego nastoletniego dziecka, aby Ci\u0119 s\u0142ucha\u0142o. Jak s\u0142ucha\u0107, \u017ceby ono czu\u0142o si\u0119 wys\u0142uchane?"},"content":{"rendered":"","protected":false},"excerpt":{"rendered":"","protected":false},"featured_media":11804,"comment_status":"open","ping_status":"closed","template":"","meta":[],"product_brand":[],"product_cat":[214],"product_tag":[],"class_list":{"0":"post-11786","1":"product","2":"type-product","3":"status-publish","4":"has-post-thumbnail","6":"product_cat-szkolenia-online","7":"pa_autor-dr-anna-saj","8":"pa_tytul-podnies-swoje-wyniki-i-zyskaj-2h-dziennie","9":"","10":"woocommerce-text-align-left","11":"woocommerce-image-align-center","12":"do-quantity-buttons","14":"first","15":"instock","16":"virtual","17":"taxable","18":"purchasable","19":"product-type-simple"},"bundled_by":["11824","12206","12207"],"bundle_stock_status":"instock","bundle_stock_quantity":null,"bundle_virtual":false,"bundle_layout":"","bundle_add_to_cart_form_location":"","bundle_editable_in_cart":false,"bundle_sold_individually_context":"","bundle_item_grouping":"","bundle_min_size":"","bundle_max_size":"","bundle_price":[],"bundled_items":[],"bundle_sell_ids":[],"exclude_global_add_ons":[],"addons":[],"yoast_head":"<!-- This site is optimized with the Yoast SEO plugin v27.3 - https:\/\/yoast.com\/product\/yoast-seo-wordpress\/ -->\n<title>SZKOLENIE: Jak m\u00f3wi\u0107 do swojego nastoletniego dziecka, aby Ci\u0119 s\u0142ucha\u0142o. Jak s\u0142ucha\u0107, \u017ceby ono czu\u0142o si\u0119 wys\u0142uchane? - Kursy Szko\u0142a Ducha<\/title>\n<meta name=\"robots\" content=\"index, follow, max-snippet:-1, max-image-preview:large, max-video-preview:-1\" \/>\n<link rel=\"canonical\" href=\"https:\/\/szkoladucha.pl\/kursy\/produkt\/szkolenie-jak-mowic-do-swojego-nastoletniego-dziecka-aby-cie-sluchalo-jak-sluchac-zeby-ono-czulo-sie-wysluchane\/\" \/>\n<meta property=\"og:locale\" content=\"pl_PL\" \/>\n<meta property=\"og:type\" content=\"article\" \/>\n<meta property=\"og:title\" content=\"SZKOLENIE: Jak m\u00f3wi\u0107 do swojego nastoletniego dziecka, aby Ci\u0119 s\u0142ucha\u0142o. Jak s\u0142ucha\u0107, \u017ceby ono czu\u0142o si\u0119 wys\u0142uchane? - Kursy Szko\u0142a Ducha\" \/>\n<meta property=\"og:url\" content=\"https:\/\/szkoladucha.pl\/kursy\/produkt\/szkolenie-jak-mowic-do-swojego-nastoletniego-dziecka-aby-cie-sluchalo-jak-sluchac-zeby-ono-czulo-sie-wysluchane\/\" \/>\n<meta property=\"og:site_name\" content=\"Kursy Szko\u0142a Ducha\" \/>\n<meta property=\"article:modified_time\" content=\"2024-01-12T10:06:11+00:00\" \/>\n<meta property=\"og:image\" content=\"https:\/\/szkoladucha.pl\/kursy\/wp-content\/uploads\/sites\/5\/2023\/10\/2-879x1024.png\" \/>\n\t<meta property=\"og:image:width\" content=\"879\" \/>\n\t<meta property=\"og:image:height\" content=\"1024\" \/>\n\t<meta property=\"og:image:type\" content=\"image\/png\" \/>\n<meta name=\"twitter:card\" content=\"summary_large_image\" \/>\n<meta name=\"twitter:label1\" content=\"Szacowany czas czytania\" \/>\n\t<meta name=\"twitter:data1\" content=\"1 minuta\" \/>\n<script type=\"application\/ld+json\" class=\"yoast-schema-graph\">{\"@context\":\"https:\\\/\\\/schema.org\",\"@graph\":[{\"@type\":\"WebPage\",\"@id\":\"https:\\\/\\\/szkoladucha.pl\\\/kursy\\\/produkt\\\/szkolenie-jak-mowic-do-swojego-nastoletniego-dziecka-aby-cie-sluchalo-jak-sluchac-zeby-ono-czulo-sie-wysluchane\\\/\",\"url\":\"https:\\\/\\\/szkoladucha.pl\\\/kursy\\\/produkt\\\/szkolenie-jak-mowic-do-swojego-nastoletniego-dziecka-aby-cie-sluchalo-jak-sluchac-zeby-ono-czulo-sie-wysluchane\\\/\",\"name\":\"SZKOLENIE: Jak m\u00f3wi\u0107 do swojego nastoletniego dziecka, aby Ci\u0119 s\u0142ucha\u0142o. Jak s\u0142ucha\u0107, \u017ceby ono czu\u0142o si\u0119 wys\u0142uchane? - Kursy Szko\u0142a Ducha\",\"isPartOf\":{\"@id\":\"https:\\\/\\\/szkoladucha.pl\\\/kursy\\\/#website\"},\"primaryImageOfPage\":{\"@id\":\"https:\\\/\\\/szkoladucha.pl\\\/kursy\\\/produkt\\\/szkolenie-jak-mowic-do-swojego-nastoletniego-dziecka-aby-cie-sluchalo-jak-sluchac-zeby-ono-czulo-sie-wysluchane\\\/#primaryimage\"},\"image\":{\"@id\":\"https:\\\/\\\/szkoladucha.pl\\\/kursy\\\/produkt\\\/szkolenie-jak-mowic-do-swojego-nastoletniego-dziecka-aby-cie-sluchalo-jak-sluchac-zeby-ono-czulo-sie-wysluchane\\\/#primaryimage\"},\"thumbnailUrl\":\"https:\\\/\\\/szkoladucha.pl\\\/kursy\\\/wp-content\\\/uploads\\\/sites\\\/5\\\/2023\\\/10\\\/2.png\",\"datePublished\":\"2023-10-09T10:06:38+00:00\",\"dateModified\":\"2024-01-12T10:06:11+00:00\",\"breadcrumb\":{\"@id\":\"https:\\\/\\\/szkoladucha.pl\\\/kursy\\\/produkt\\\/szkolenie-jak-mowic-do-swojego-nastoletniego-dziecka-aby-cie-sluchalo-jak-sluchac-zeby-ono-czulo-sie-wysluchane\\\/#breadcrumb\"},\"inLanguage\":\"pl-PL\",\"potentialAction\":[{\"@type\":\"ReadAction\",\"target\":[\"https:\\\/\\\/szkoladucha.pl\\\/kursy\\\/produkt\\\/szkolenie-jak-mowic-do-swojego-nastoletniego-dziecka-aby-cie-sluchalo-jak-sluchac-zeby-ono-czulo-sie-wysluchane\\\/\"]}]},{\"@type\":\"ImageObject\",\"inLanguage\":\"pl-PL\",\"@id\":\"https:\\\/\\\/szkoladucha.pl\\\/kursy\\\/produkt\\\/szkolenie-jak-mowic-do-swojego-nastoletniego-dziecka-aby-cie-sluchalo-jak-sluchac-zeby-ono-czulo-sie-wysluchane\\\/#primaryimage\",\"url\":\"https:\\\/\\\/szkoladucha.pl\\\/kursy\\\/wp-content\\\/uploads\\\/sites\\\/5\\\/2023\\\/10\\\/2.png\",\"contentUrl\":\"https:\\\/\\\/szkoladucha.pl\\\/kursy\\\/wp-content\\\/uploads\\\/sites\\\/5\\\/2023\\\/10\\\/2.png\",\"width\":2190,\"height\":2550},{\"@type\":\"BreadcrumbList\",\"@id\":\"https:\\\/\\\/szkoladucha.pl\\\/kursy\\\/produkt\\\/szkolenie-jak-mowic-do-swojego-nastoletniego-dziecka-aby-cie-sluchalo-jak-sluchac-zeby-ono-czulo-sie-wysluchane\\\/#breadcrumb\",\"itemListElement\":[{\"@type\":\"ListItem\",\"position\":1,\"name\":\"Kursy\",\"item\":\"https:\\\/\\\/szkoladucha.pl\\\/kursy\\\/\"},{\"@type\":\"ListItem\",\"position\":2,\"name\":\"Kursy\",\"item\":\"https:\\\/\\\/szkoladucha.pl\\\/kursy\\\/\"},{\"@type\":\"ListItem\",\"position\":3,\"name\":\"SZKOLENIE: Jak m\u00f3wi\u0107 do swojego nastoletniego dziecka, aby Ci\u0119 s\u0142ucha\u0142o. Jak s\u0142ucha\u0107, \u017ceby ono czu\u0142o si\u0119 wys\u0142uchane?\"}]},{\"@type\":\"WebSite\",\"@id\":\"https:\\\/\\\/szkoladucha.pl\\\/kursy\\\/#website\",\"url\":\"https:\\\/\\\/szkoladucha.pl\\\/kursy\\\/\",\"name\":\"Kursy Szko\u0142a Ducha\",\"description\":\"Budujemy spo\u0142ecze\u0144stwo, kt\u00f3re \u015bwiadomie post\u0119puje zgodnie z planem.\",\"publisher\":{\"@id\":\"https:\\\/\\\/szkoladucha.pl\\\/kursy\\\/#organization\"},\"potentialAction\":[{\"@type\":\"SearchAction\",\"target\":{\"@type\":\"EntryPoint\",\"urlTemplate\":\"https:\\\/\\\/szkoladucha.pl\\\/kursy\\\/?s={search_term_string}\"},\"query-input\":{\"@type\":\"PropertyValueSpecification\",\"valueRequired\":true,\"valueName\":\"search_term_string\"}}],\"inLanguage\":\"pl-PL\"},{\"@type\":\"Organization\",\"@id\":\"https:\\\/\\\/szkoladucha.pl\\\/kursy\\\/#organization\",\"name\":\"Kursy Szko\u0142a Ducha\",\"url\":\"https:\\\/\\\/szkoladucha.pl\\\/kursy\\\/\",\"logo\":{\"@type\":\"ImageObject\",\"inLanguage\":\"pl-PL\",\"@id\":\"https:\\\/\\\/szkoladucha.pl\\\/kursy\\\/#\\\/schema\\\/logo\\\/image\\\/\",\"url\":\"https:\\\/\\\/szkoladucha.pl\\\/kursy\\\/wp-content\\\/uploads\\\/sites\\\/5\\\/2022\\\/02\\\/kursy-szkola-ducha-logo-beztla-180px.png\",\"contentUrl\":\"https:\\\/\\\/szkoladucha.pl\\\/kursy\\\/wp-content\\\/uploads\\\/sites\\\/5\\\/2022\\\/02\\\/kursy-szkola-ducha-logo-beztla-180px.png\",\"width\":180,\"height\":60,\"caption\":\"Kursy Szko\u0142a Ducha\"},\"image\":{\"@id\":\"https:\\\/\\\/szkoladucha.pl\\\/kursy\\\/#\\\/schema\\\/logo\\\/image\\\/\"}}]}<\/script>\n<!-- \/ Yoast SEO plugin. -->","yoast_head_json":{"title":"SZKOLENIE: Jak m\u00f3wi\u0107 do swojego nastoletniego dziecka, aby Ci\u0119 s\u0142ucha\u0142o. Jak s\u0142ucha\u0107, \u017ceby ono czu\u0142o si\u0119 wys\u0142uchane? - Kursy Szko\u0142a Ducha","robots":{"index":"index","follow":"follow","max-snippet":"max-snippet:-1","max-image-preview":"max-image-preview:large","max-video-preview":"max-video-preview:-1"},"canonical":"https:\/\/szkoladucha.pl\/kursy\/produkt\/szkolenie-jak-mowic-do-swojego-nastoletniego-dziecka-aby-cie-sluchalo-jak-sluchac-zeby-ono-czulo-sie-wysluchane\/","og_locale":"pl_PL","og_type":"article","og_title":"SZKOLENIE: Jak m\u00f3wi\u0107 do swojego nastoletniego dziecka, aby Ci\u0119 s\u0142ucha\u0142o. Jak s\u0142ucha\u0107, \u017ceby ono czu\u0142o si\u0119 wys\u0142uchane? - Kursy Szko\u0142a Ducha","og_url":"https:\/\/szkoladucha.pl\/kursy\/produkt\/szkolenie-jak-mowic-do-swojego-nastoletniego-dziecka-aby-cie-sluchalo-jak-sluchac-zeby-ono-czulo-sie-wysluchane\/","og_site_name":"Kursy Szko\u0142a Ducha","article_modified_time":"2024-01-12T10:06:11+00:00","og_image":[{"width":879,"height":1024,"url":"https:\/\/szkoladucha.pl\/kursy\/wp-content\/uploads\/sites\/5\/2023\/10\/2-879x1024.png","type":"image\/png"}],"twitter_card":"summary_large_image","twitter_misc":{"Szacowany czas czytania":"1 minuta"},"schema":{"@context":"https:\/\/schema.org","@graph":[{"@type":"WebPage","@id":"https:\/\/szkoladucha.pl\/kursy\/produkt\/szkolenie-jak-mowic-do-swojego-nastoletniego-dziecka-aby-cie-sluchalo-jak-sluchac-zeby-ono-czulo-sie-wysluchane\/","url":"https:\/\/szkoladucha.pl\/kursy\/produkt\/szkolenie-jak-mowic-do-swojego-nastoletniego-dziecka-aby-cie-sluchalo-jak-sluchac-zeby-ono-czulo-sie-wysluchane\/","name":"SZKOLENIE: Jak m\u00f3wi\u0107 do swojego nastoletniego dziecka, aby Ci\u0119 s\u0142ucha\u0142o. Jak s\u0142ucha\u0107, \u017ceby ono czu\u0142o si\u0119 wys\u0142uchane? - Kursy Szko\u0142a Ducha","isPartOf":{"@id":"https:\/\/szkoladucha.pl\/kursy\/#website"},"primaryImageOfPage":{"@id":"https:\/\/szkoladucha.pl\/kursy\/produkt\/szkolenie-jak-mowic-do-swojego-nastoletniego-dziecka-aby-cie-sluchalo-jak-sluchac-zeby-ono-czulo-sie-wysluchane\/#primaryimage"},"image":{"@id":"https:\/\/szkoladucha.pl\/kursy\/produkt\/szkolenie-jak-mowic-do-swojego-nastoletniego-dziecka-aby-cie-sluchalo-jak-sluchac-zeby-ono-czulo-sie-wysluchane\/#primaryimage"},"thumbnailUrl":"https:\/\/szkoladucha.pl\/kursy\/wp-content\/uploads\/sites\/5\/2023\/10\/2.png","datePublished":"2023-10-09T10:06:38+00:00","dateModified":"2024-01-12T10:06:11+00:00","breadcrumb":{"@id":"https:\/\/szkoladucha.pl\/kursy\/produkt\/szkolenie-jak-mowic-do-swojego-nastoletniego-dziecka-aby-cie-sluchalo-jak-sluchac-zeby-ono-czulo-sie-wysluchane\/#breadcrumb"},"inLanguage":"pl-PL","potentialAction":[{"@type":"ReadAction","target":["https:\/\/szkoladucha.pl\/kursy\/produkt\/szkolenie-jak-mowic-do-swojego-nastoletniego-dziecka-aby-cie-sluchalo-jak-sluchac-zeby-ono-czulo-sie-wysluchane\/"]}]},{"@type":"ImageObject","inLanguage":"pl-PL","@id":"https:\/\/szkoladucha.pl\/kursy\/produkt\/szkolenie-jak-mowic-do-swojego-nastoletniego-dziecka-aby-cie-sluchalo-jak-sluchac-zeby-ono-czulo-sie-wysluchane\/#primaryimage","url":"https:\/\/szkoladucha.pl\/kursy\/wp-content\/uploads\/sites\/5\/2023\/10\/2.png","contentUrl":"https:\/\/szkoladucha.pl\/kursy\/wp-content\/uploads\/sites\/5\/2023\/10\/2.png","width":2190,"height":2550},{"@type":"BreadcrumbList","@id":"https:\/\/szkoladucha.pl\/kursy\/produkt\/szkolenie-jak-mowic-do-swojego-nastoletniego-dziecka-aby-cie-sluchalo-jak-sluchac-zeby-ono-czulo-sie-wysluchane\/#breadcrumb","itemListElement":[{"@type":"ListItem","position":1,"name":"Kursy","item":"https:\/\/szkoladucha.pl\/kursy\/"},{"@type":"ListItem","position":2,"name":"Kursy","item":"https:\/\/szkoladucha.pl\/kursy\/"},{"@type":"ListItem","position":3,"name":"SZKOLENIE: Jak m\u00f3wi\u0107 do swojego nastoletniego dziecka, aby Ci\u0119 s\u0142ucha\u0142o. Jak s\u0142ucha\u0107, \u017ceby ono czu\u0142o si\u0119 wys\u0142uchane?"}]},{"@type":"WebSite","@id":"https:\/\/szkoladucha.pl\/kursy\/#website","url":"https:\/\/szkoladucha.pl\/kursy\/","name":"Kursy Szko\u0142a Ducha","description":"Budujemy spo\u0142ecze\u0144stwo, kt\u00f3re \u015bwiadomie post\u0119puje zgodnie z planem.","publisher":{"@id":"https:\/\/szkoladucha.pl\/kursy\/#organization"},"potentialAction":[{"@type":"SearchAction","target":{"@type":"EntryPoint","urlTemplate":"https:\/\/szkoladucha.pl\/kursy\/?s={search_term_string}"},"query-input":{"@type":"PropertyValueSpecification","valueRequired":true,"valueName":"search_term_string"}}],"inLanguage":"pl-PL"},{"@type":"Organization","@id":"https:\/\/szkoladucha.pl\/kursy\/#organization","name":"Kursy Szko\u0142a Ducha","url":"https:\/\/szkoladucha.pl\/kursy\/","logo":{"@type":"ImageObject","inLanguage":"pl-PL","@id":"https:\/\/szkoladucha.pl\/kursy\/#\/schema\/logo\/image\/","url":"https:\/\/szkoladucha.pl\/kursy\/wp-content\/uploads\/sites\/5\/2022\/02\/kursy-szkola-ducha-logo-beztla-180px.png","contentUrl":"https:\/\/szkoladucha.pl\/kursy\/wp-content\/uploads\/sites\/5\/2022\/02\/kursy-szkola-ducha-logo-beztla-180px.png","width":180,"height":60,"caption":"Kursy Szko\u0142a Ducha"},"image":{"@id":"https:\/\/szkoladucha.pl\/kursy\/#\/schema\/logo\/image\/"}}]}},"_links":{"self":[{"href":"https:\/\/szkoladucha.pl\/kursy\/wp-json\/wp\/v2\/product\/11786","targetHints":{"allow":["GET"]}}],"collection":[{"href":"https:\/\/szkoladucha.pl\/kursy\/wp-json\/wp\/v2\/product"}],"about":[{"href":"https:\/\/szkoladucha.pl\/kursy\/wp-json\/wp\/v2\/types\/product"}],"replies":[{"embeddable":true,"href":"https:\/\/szkoladucha.pl\/kursy\/wp-json\/wp\/v2\/comments?post=11786"}],"wp:featuredmedia":[{"embeddable":true,"href":"https:\/\/szkoladucha.pl\/kursy\/wp-json\/wp\/v2\/media\/11804"}],"wp:attachment":[{"href":"https:\/\/szkoladucha.pl\/kursy\/wp-json\/wp\/v2\/media?parent=11786"}],"wp:term":[{"taxonomy":"product_brand","embeddable":true,"href":"https:\/\/szkoladucha.pl\/kursy\/wp-json\/wp\/v2\/product_brand?post=11786"},{"taxonomy":"product_cat","embeddable":true,"href":"https:\/\/szkoladucha.pl\/kursy\/wp-json\/wp\/v2\/product_cat?post=11786"},{"taxonomy":"product_tag","embeddable":true,"href":"https:\/\/szkoladucha.pl\/kursy\/wp-json\/wp\/v2\/product_tag?post=11786"}],"curies":[{"name":"wp","href":"https:\/\/api.w.org\/{rel}","templated":true}]}}