{"id":11824,"date":"2023-10-09T16:09:14","date_gmt":"2023-10-09T14:09:14","guid":{"rendered":"https:\/\/szkoladucha.pl\/kursy\/?post_type=product&#038;p=11824"},"modified":"2025-12-09T15:59:32","modified_gmt":"2025-12-09T14:59:32","slug":"cykl-szkolen-z-terapeuta-dla-mam","status":"publish","type":"product","link":"https:\/\/szkoladucha.pl\/kursy\/produkt\/cykl-szkolen-z-terapeuta-dla-mam\/","title":{"rendered":"Cykl szkole\u0144 z terapeut\u0105 dla mam."},"content":{"rendered":"<ol>\n<li>SZKOLENIE i Q&amp;A: Jak tworzy\u0107 relacj\u0119 i wspiera\u0107 swoje dziecko we w\u0142a\u015bciwy spos\u00f3b, aby osi\u0105gn\u0119\u0142o sukces w \u017cyciu rodzinnym i zawodowym w doros\u0142ym \u017cyciu?<\/li>\n<li><span style=\"font-size: inherit;\">SZKOLENIE i Q&amp;A: <\/span><strong style=\"font-size: inherit;\">Jak m\u00f3wi\u0107 do swojego nastoletniego dziecka, aby Ci\u0119 s\u0142ucha\u0142o. Jak s\u0142ucha\u0107, \u017ceby ono czu\u0142o si\u0119 wys\u0142uchane?<\/strong><\/li>\n<li>SZKOLENIE i Q&amp;A: <strong>Jak okaza\u0107 bezwarunkow\u0105 mi\u0142o\u015b\u0107 i akceptacj\u0119 swojemu dziecku, by nie szuka\u0142o jej w przypadkowym seksie i u\u017cywkach?<\/strong><\/li>\n<\/ol>\n<p>BONUS: Kurs online \u2013 W 7 dnie do celu<\/p>\n","protected":false},"excerpt":{"rendered":"<p>Przeprowadzi\u0142am ankiet\u0119 w\u015br\u00f3d kilkuset mam i po zaproponowaniu <strong>o\u015bmiu temat\u00f3w<\/strong>, te, kt\u00f3re om\u00f3wi\u0119 na szkoleniach, s\u0105 tymi, kt\u00f3re zdecydowanie by\u0142y <strong>najpopularniejsze<\/strong>.<\/p>\n","protected":false},"featured_media":12202,"comment_status":"open","ping_status":"closed","template":"","meta":[],"product_brand":[],"product_cat":[104],"product_tag":[],"class_list":{"0":"post-11824","1":"product","2":"type-product","3":"status-publish","4":"has-post-thumbnail","6":"product_cat-akademia-mdm","7":"","8":"woocommerce-text-align-left","9":"woocommerce-image-align-center","10":"do-quantity-buttons","12":"first","13":"instock","14":"virtual","15":"sold-individually","16":"taxable","17":"purchasable","18":"product-type-bundle"},"bundled_by":[],"bundle_stock_status":"instock","bundle_stock_quantity":"","bundle_virtual":true,"bundle_layout":"default","bundle_add_to_cart_form_location":"default","bundle_editable_in_cart":false,"bundle_sold_individually_context":"product","bundle_item_grouping":"noindent","bundle_min_size":"","bundle_max_size":"","bundle_price":{"price":{"min":{"incl_tax":"499","excl_tax":"405.691057"},"max":{"incl_tax":"499","excl_tax":"405.691057"}},"regular_price":{"min":{"incl_tax":"499","excl_tax":"405.691057"},"max":{"incl_tax":"499","excl_tax":"405.691057"}}},"bundled_items":[{"bundled_item_id":55,"product_id":11797,"menu_order":0,"quantity_min":1,"quantity_max":1,"quantity_default":1,"priced_individually":false,"shipped_individually":true,"override_title":false,"title":"SZKOLENIE: Jak tworzy\u0107 relacj\u0119 i wspiera\u0107 swoje dziecko we w\u0142a\u015bciwy spos\u00f3b, aby osi\u0105gn\u0119\u0142o sukces w \u017cyciu rodzinnym i zawodowym w doros\u0142ym \u017cyciu?","override_description":false,"description":"","optional":false,"hide_thumbnail":false,"discount":"","override_variations":false,"allowed_variations":[],"override_default_variation_attributes":false,"default_variation_attributes":[],"single_product_visibility":"visible","cart_visibility":"visible","order_visibility":"visible","single_product_price_visibility":"visible","cart_price_visibility":"visible","order_price_visibility":"visible","stock_status":"in_stock"},{"bundled_item_id":56,"product_id":11786,"menu_order":1,"quantity_min":1,"quantity_max":1,"quantity_default":1,"priced_individually":false,"shipped_individually":true,"override_title":false,"title":"SZKOLENIE: Jak m\u00f3wi\u0107 do swojego nastoletniego dziecka, aby Ci\u0119 s\u0142ucha\u0142o. Jak s\u0142ucha\u0107, \u017ceby ono czu\u0142o si\u0119 wys\u0142uchane?","override_description":false,"description":"","optional":false,"hide_thumbnail":false,"discount":"","override_variations":false,"allowed_variations":[],"override_default_variation_attributes":false,"default_variation_attributes":[],"single_product_visibility":"visible","cart_visibility":"visible","order_visibility":"visible","single_product_price_visibility":"visible","cart_price_visibility":"visible","order_price_visibility":"visible","stock_status":"in_stock"},{"bundled_item_id":57,"product_id":11823,"menu_order":2,"quantity_min":1,"quantity_max":1,"quantity_default":1,"priced_individually":false,"shipped_individually":true,"override_title":false,"title":"SZKOLENIE: Jak okaza\u0107 bezwarunkow\u0105 mi\u0142o\u015b\u0107 i akceptacj\u0119 swojemu dziecku, by nie szuka\u0142o jej w przypadkowym seksie i u\u017cywkach?","override_description":false,"description":"","optional":false,"hide_thumbnail":false,"discount":"","override_variations":false,"allowed_variations":[],"override_default_variation_attributes":false,"default_variation_attributes":[],"single_product_visibility":"visible","cart_visibility":"visible","order_visibility":"visible","single_product_price_visibility":"visible","cart_price_visibility":"visible","order_price_visibility":"visible","stock_status":"in_stock"},{"bundled_item_id":58,"product_id":4563,"menu_order":3,"quantity_min":1,"quantity_max":1,"quantity_default":1,"priced_individually":false,"shipped_individually":true,"override_title":false,"title":"W 7 dni do celu!","override_description":false,"description":"","optional":false,"hide_thumbnail":false,"discount":"","override_variations":false,"allowed_variations":[],"override_default_variation_attributes":false,"default_variation_attributes":[],"single_product_visibility":"visible","cart_visibility":"visible","order_visibility":"visible","single_product_price_visibility":"visible","cart_price_visibility":"visible","order_price_visibility":"visible","stock_status":"in_stock"}],"bundle_sell_ids":[],"exclude_global_add_ons":[],"addons":[],"yoast_head":"<!-- This site is optimized with the Yoast SEO plugin v27.3 - https:\/\/yoast.com\/product\/yoast-seo-wordpress\/ -->\n<title>Cykl szkole\u0144 z terapeut\u0105 dla mam. - Kursy Szko\u0142a Ducha<\/title>\n<meta name=\"robots\" content=\"index, follow, max-snippet:-1, max-image-preview:large, max-video-preview:-1\" \/>\n<link rel=\"canonical\" href=\"https:\/\/szkoladucha.pl\/kursy\/produkt\/cykl-szkolen-z-terapeuta-dla-mam\/\" \/>\n<meta property=\"og:locale\" content=\"pl_PL\" \/>\n<meta property=\"og:type\" content=\"article\" \/>\n<meta property=\"og:title\" content=\"Cykl szkole\u0144 z terapeut\u0105 dla mam. - Kursy Szko\u0142a Ducha\" \/>\n<meta property=\"og:description\" content=\"Przeprowadzi\u0142am ankiet\u0119 w\u015br\u00f3d kilkuset mam i po zaproponowaniu o\u015bmiu temat\u00f3w, te, kt\u00f3re om\u00f3wi\u0119 na szkoleniach, s\u0105 tymi, kt\u00f3re zdecydowanie by\u0142y najpopularniejsze.\" \/>\n<meta property=\"og:url\" content=\"https:\/\/szkoladucha.pl\/kursy\/produkt\/cykl-szkolen-z-terapeuta-dla-mam\/\" \/>\n<meta property=\"og:site_name\" content=\"Kursy Szko\u0142a Ducha\" \/>\n<meta property=\"article:modified_time\" content=\"2025-12-09T14:59:32+00:00\" \/>\n<meta property=\"og:image\" content=\"https:\/\/szkoladucha.pl\/kursy\/wp-content\/uploads\/sites\/5\/2023\/10\/3-szkolenia.png\" \/>\n\t<meta property=\"og:image:width\" content=\"560\" \/>\n\t<meta property=\"og:image:height\" content=\"403\" \/>\n\t<meta property=\"og:image:type\" content=\"image\/png\" \/>\n<meta name=\"twitter:card\" content=\"summary_large_image\" \/>\n<meta name=\"twitter:label1\" content=\"Szacowany czas czytania\" \/>\n\t<meta name=\"twitter:data1\" content=\"1 minuta\" \/>\n<script type=\"application\/ld+json\" class=\"yoast-schema-graph\">{\"@context\":\"https:\\\/\\\/schema.org\",\"@graph\":[{\"@type\":\"WebPage\",\"@id\":\"https:\\\/\\\/szkoladucha.pl\\\/kursy\\\/produkt\\\/cykl-szkolen-z-terapeuta-dla-mam\\\/\",\"url\":\"https:\\\/\\\/szkoladucha.pl\\\/kursy\\\/produkt\\\/cykl-szkolen-z-terapeuta-dla-mam\\\/\",\"name\":\"Cykl szkole\u0144 z terapeut\u0105 dla mam. - Kursy Szko\u0142a Ducha\",\"isPartOf\":{\"@id\":\"https:\\\/\\\/szkoladucha.pl\\\/kursy\\\/#website\"},\"primaryImageOfPage\":{\"@id\":\"https:\\\/\\\/szkoladucha.pl\\\/kursy\\\/produkt\\\/cykl-szkolen-z-terapeuta-dla-mam\\\/#primaryimage\"},\"image\":{\"@id\":\"https:\\\/\\\/szkoladucha.pl\\\/kursy\\\/produkt\\\/cykl-szkolen-z-terapeuta-dla-mam\\\/#primaryimage\"},\"thumbnailUrl\":\"https:\\\/\\\/szkoladucha.pl\\\/kursy\\\/wp-content\\\/uploads\\\/sites\\\/5\\\/2023\\\/10\\\/3-szkolenia.png\",\"datePublished\":\"2023-10-09T14:09:14+00:00\",\"dateModified\":\"2025-12-09T14:59:32+00:00\",\"breadcrumb\":{\"@id\":\"https:\\\/\\\/szkoladucha.pl\\\/kursy\\\/produkt\\\/cykl-szkolen-z-terapeuta-dla-mam\\\/#breadcrumb\"},\"inLanguage\":\"pl-PL\",\"potentialAction\":[{\"@type\":\"ReadAction\",\"target\":[\"https:\\\/\\\/szkoladucha.pl\\\/kursy\\\/produkt\\\/cykl-szkolen-z-terapeuta-dla-mam\\\/\"]}]},{\"@type\":\"ImageObject\",\"inLanguage\":\"pl-PL\",\"@id\":\"https:\\\/\\\/szkoladucha.pl\\\/kursy\\\/produkt\\\/cykl-szkolen-z-terapeuta-dla-mam\\\/#primaryimage\",\"url\":\"https:\\\/\\\/szkoladucha.pl\\\/kursy\\\/wp-content\\\/uploads\\\/sites\\\/5\\\/2023\\\/10\\\/3-szkolenia.png\",\"contentUrl\":\"https:\\\/\\\/szkoladucha.pl\\\/kursy\\\/wp-content\\\/uploads\\\/sites\\\/5\\\/2023\\\/10\\\/3-szkolenia.png\",\"width\":560,\"height\":403},{\"@type\":\"BreadcrumbList\",\"@id\":\"https:\\\/\\\/szkoladucha.pl\\\/kursy\\\/produkt\\\/cykl-szkolen-z-terapeuta-dla-mam\\\/#breadcrumb\",\"itemListElement\":[{\"@type\":\"ListItem\",\"position\":1,\"name\":\"Kursy\",\"item\":\"https:\\\/\\\/szkoladucha.pl\\\/kursy\\\/\"},{\"@type\":\"ListItem\",\"position\":2,\"name\":\"Kursy\",\"item\":\"https:\\\/\\\/szkoladucha.pl\\\/kursy\\\/\"},{\"@type\":\"ListItem\",\"position\":3,\"name\":\"Cykl szkole\u0144 z terapeut\u0105 dla mam.\"}]},{\"@type\":\"WebSite\",\"@id\":\"https:\\\/\\\/szkoladucha.pl\\\/kursy\\\/#website\",\"url\":\"https:\\\/\\\/szkoladucha.pl\\\/kursy\\\/\",\"name\":\"Kursy Szko\u0142a Ducha\",\"description\":\"Budujemy spo\u0142ecze\u0144stwo, kt\u00f3re \u015bwiadomie post\u0119puje zgodnie z planem.\",\"publisher\":{\"@id\":\"https:\\\/\\\/szkoladucha.pl\\\/kursy\\\/#organization\"},\"potentialAction\":[{\"@type\":\"SearchAction\",\"target\":{\"@type\":\"EntryPoint\",\"urlTemplate\":\"https:\\\/\\\/szkoladucha.pl\\\/kursy\\\/?s={search_term_string}\"},\"query-input\":{\"@type\":\"PropertyValueSpecification\",\"valueRequired\":true,\"valueName\":\"search_term_string\"}}],\"inLanguage\":\"pl-PL\"},{\"@type\":\"Organization\",\"@id\":\"https:\\\/\\\/szkoladucha.pl\\\/kursy\\\/#organization\",\"name\":\"Kursy Szko\u0142a Ducha\",\"url\":\"https:\\\/\\\/szkoladucha.pl\\\/kursy\\\/\",\"logo\":{\"@type\":\"ImageObject\",\"inLanguage\":\"pl-PL\",\"@id\":\"https:\\\/\\\/szkoladucha.pl\\\/kursy\\\/#\\\/schema\\\/logo\\\/image\\\/\",\"url\":\"https:\\\/\\\/szkoladucha.pl\\\/kursy\\\/wp-content\\\/uploads\\\/sites\\\/5\\\/2022\\\/02\\\/kursy-szkola-ducha-logo-beztla-180px.png\",\"contentUrl\":\"https:\\\/\\\/szkoladucha.pl\\\/kursy\\\/wp-content\\\/uploads\\\/sites\\\/5\\\/2022\\\/02\\\/kursy-szkola-ducha-logo-beztla-180px.png\",\"width\":180,\"height\":60,\"caption\":\"Kursy Szko\u0142a Ducha\"},\"image\":{\"@id\":\"https:\\\/\\\/szkoladucha.pl\\\/kursy\\\/#\\\/schema\\\/logo\\\/image\\\/\"}}]}<\/script>\n<!-- \/ Yoast SEO plugin. -->","yoast_head_json":{"title":"Cykl szkole\u0144 z terapeut\u0105 dla mam. - Kursy Szko\u0142a Ducha","robots":{"index":"index","follow":"follow","max-snippet":"max-snippet:-1","max-image-preview":"max-image-preview:large","max-video-preview":"max-video-preview:-1"},"canonical":"https:\/\/szkoladucha.pl\/kursy\/produkt\/cykl-szkolen-z-terapeuta-dla-mam\/","og_locale":"pl_PL","og_type":"article","og_title":"Cykl szkole\u0144 z terapeut\u0105 dla mam. - Kursy Szko\u0142a Ducha","og_description":"Przeprowadzi\u0142am ankiet\u0119 w\u015br\u00f3d kilkuset mam i po zaproponowaniu o\u015bmiu temat\u00f3w, te, kt\u00f3re om\u00f3wi\u0119 na szkoleniach, s\u0105 tymi, kt\u00f3re zdecydowanie by\u0142y najpopularniejsze.","og_url":"https:\/\/szkoladucha.pl\/kursy\/produkt\/cykl-szkolen-z-terapeuta-dla-mam\/","og_site_name":"Kursy Szko\u0142a Ducha","article_modified_time":"2025-12-09T14:59:32+00:00","og_image":[{"width":560,"height":403,"url":"https:\/\/szkoladucha.pl\/kursy\/wp-content\/uploads\/sites\/5\/2023\/10\/3-szkolenia.png","type":"image\/png"}],"twitter_card":"summary_large_image","twitter_misc":{"Szacowany czas czytania":"1 minuta"},"schema":{"@context":"https:\/\/schema.org","@graph":[{"@type":"WebPage","@id":"https:\/\/szkoladucha.pl\/kursy\/produkt\/cykl-szkolen-z-terapeuta-dla-mam\/","url":"https:\/\/szkoladucha.pl\/kursy\/produkt\/cykl-szkolen-z-terapeuta-dla-mam\/","name":"Cykl szkole\u0144 z terapeut\u0105 dla mam. - Kursy Szko\u0142a Ducha","isPartOf":{"@id":"https:\/\/szkoladucha.pl\/kursy\/#website"},"primaryImageOfPage":{"@id":"https:\/\/szkoladucha.pl\/kursy\/produkt\/cykl-szkolen-z-terapeuta-dla-mam\/#primaryimage"},"image":{"@id":"https:\/\/szkoladucha.pl\/kursy\/produkt\/cykl-szkolen-z-terapeuta-dla-mam\/#primaryimage"},"thumbnailUrl":"https:\/\/szkoladucha.pl\/kursy\/wp-content\/uploads\/sites\/5\/2023\/10\/3-szkolenia.png","datePublished":"2023-10-09T14:09:14+00:00","dateModified":"2025-12-09T14:59:32+00:00","breadcrumb":{"@id":"https:\/\/szkoladucha.pl\/kursy\/produkt\/cykl-szkolen-z-terapeuta-dla-mam\/#breadcrumb"},"inLanguage":"pl-PL","potentialAction":[{"@type":"ReadAction","target":["https:\/\/szkoladucha.pl\/kursy\/produkt\/cykl-szkolen-z-terapeuta-dla-mam\/"]}]},{"@type":"ImageObject","inLanguage":"pl-PL","@id":"https:\/\/szkoladucha.pl\/kursy\/produkt\/cykl-szkolen-z-terapeuta-dla-mam\/#primaryimage","url":"https:\/\/szkoladucha.pl\/kursy\/wp-content\/uploads\/sites\/5\/2023\/10\/3-szkolenia.png","contentUrl":"https:\/\/szkoladucha.pl\/kursy\/wp-content\/uploads\/sites\/5\/2023\/10\/3-szkolenia.png","width":560,"height":403},{"@type":"BreadcrumbList","@id":"https:\/\/szkoladucha.pl\/kursy\/produkt\/cykl-szkolen-z-terapeuta-dla-mam\/#breadcrumb","itemListElement":[{"@type":"ListItem","position":1,"name":"Kursy","item":"https:\/\/szkoladucha.pl\/kursy\/"},{"@type":"ListItem","position":2,"name":"Kursy","item":"https:\/\/szkoladucha.pl\/kursy\/"},{"@type":"ListItem","position":3,"name":"Cykl szkole\u0144 z terapeut\u0105 dla mam."}]},{"@type":"WebSite","@id":"https:\/\/szkoladucha.pl\/kursy\/#website","url":"https:\/\/szkoladucha.pl\/kursy\/","name":"Kursy Szko\u0142a Ducha","description":"Budujemy spo\u0142ecze\u0144stwo, kt\u00f3re \u015bwiadomie post\u0119puje zgodnie z planem.","publisher":{"@id":"https:\/\/szkoladucha.pl\/kursy\/#organization"},"potentialAction":[{"@type":"SearchAction","target":{"@type":"EntryPoint","urlTemplate":"https:\/\/szkoladucha.pl\/kursy\/?s={search_term_string}"},"query-input":{"@type":"PropertyValueSpecification","valueRequired":true,"valueName":"search_term_string"}}],"inLanguage":"pl-PL"},{"@type":"Organization","@id":"https:\/\/szkoladucha.pl\/kursy\/#organization","name":"Kursy Szko\u0142a Ducha","url":"https:\/\/szkoladucha.pl\/kursy\/","logo":{"@type":"ImageObject","inLanguage":"pl-PL","@id":"https:\/\/szkoladucha.pl\/kursy\/#\/schema\/logo\/image\/","url":"https:\/\/szkoladucha.pl\/kursy\/wp-content\/uploads\/sites\/5\/2022\/02\/kursy-szkola-ducha-logo-beztla-180px.png","contentUrl":"https:\/\/szkoladucha.pl\/kursy\/wp-content\/uploads\/sites\/5\/2022\/02\/kursy-szkola-ducha-logo-beztla-180px.png","width":180,"height":60,"caption":"Kursy Szko\u0142a Ducha"},"image":{"@id":"https:\/\/szkoladucha.pl\/kursy\/#\/schema\/logo\/image\/"}}]}},"_links":{"self":[{"href":"https:\/\/szkoladucha.pl\/kursy\/wp-json\/wp\/v2\/product\/11824","targetHints":{"allow":["GET"]}}],"collection":[{"href":"https:\/\/szkoladucha.pl\/kursy\/wp-json\/wp\/v2\/product"}],"about":[{"href":"https:\/\/szkoladucha.pl\/kursy\/wp-json\/wp\/v2\/types\/product"}],"replies":[{"embeddable":true,"href":"https:\/\/szkoladucha.pl\/kursy\/wp-json\/wp\/v2\/comments?post=11824"}],"wp:featuredmedia":[{"embeddable":true,"href":"https:\/\/szkoladucha.pl\/kursy\/wp-json\/wp\/v2\/media\/12202"}],"wp:attachment":[{"href":"https:\/\/szkoladucha.pl\/kursy\/wp-json\/wp\/v2\/media?parent=11824"}],"wp:term":[{"taxonomy":"product_brand","embeddable":true,"href":"https:\/\/szkoladucha.pl\/kursy\/wp-json\/wp\/v2\/product_brand?post=11824"},{"taxonomy":"product_cat","embeddable":true,"href":"https:\/\/szkoladucha.pl\/kursy\/wp-json\/wp\/v2\/product_cat?post=11824"},{"taxonomy":"product_tag","embeddable":true,"href":"https:\/\/szkoladucha.pl\/kursy\/wp-json\/wp\/v2\/product_tag?post=11824"}],"curies":[{"name":"wp","href":"https:\/\/api.w.org\/{rel}","templated":true}]}}