{"id":14025,"date":"2024-04-25T10:06:37","date_gmt":"2024-04-25T08:06:37","guid":{"rendered":"https:\/\/szkoladucha.pl\/kursy\/?post_type=product&#038;p=14025"},"modified":"2025-08-20T09:51:04","modified_gmt":"2025-08-20T07:51:04","slug":"akademia-metamorfozy-umyslu-do-5-maja-2024","status":"publish","type":"product","link":"https:\/\/szkoladucha.pl\/kursy\/produkt\/akademia-metamorfozy-umyslu-do-5-maja-2024\/","title":{"rendered":"Akademia Metamorfozy Umys\u0142u do 5 maja 2024"},"content":{"rendered":"<h2>Super oferta z okazji 2 urodzin naszej platformy.<\/h2>\n<p>Kupuj\u0105c ten produkt dostaniesz <strong>nielimitowany dost\u0119p<\/strong> do wszystkich materia\u0142\u00f3w Akademii Metamorfoza Umys\u0142u<strong> od momentu zakupu do 5 maja 2024 do godziny 23:59.\u00a0<\/strong><\/p>\n<p>W tym czasie mo\u017cesz zobaczy\u0107 jak wygl\u0105daj\u0105 Akademie, jak dzia\u0142a nasz platforma i przekona\u0107 si\u0119 kt\u00f3ry kurs jest dla Ciebie. Dodatkowo dostaniesz od nas kod rabatowy z kt\u00f3rym b\u0119dziesz m\u00f3g\u0142 kupi\u0107 <strong>do\u017cywotni dost\u0119p do materia\u0142\u00f3w 55% taniej.<\/strong><\/p>\n<p>Taka okazja zdarza si\u0119 tylko raz w roku!<\/p>\n<p>&nbsp;<\/p>\n<h3>Akademia Metamorfozy Umys\u0142u to:<\/h3>\n<p>#1 Filary Poczucia W\u0142asnej Warto\u015bci<\/p>\n<p>#2 Filary Szcz\u0119\u015bliwego \u017cycia<\/p>\n<p>#3 Filary Dobrzej Komunikacji<\/p>\n<p>#4 Filary Skutecznego Zarz\u0105dzania<\/p>\n<p>#5 Filary Regulacji Emocjonalnej<\/p>\n<p>&nbsp;<\/p>\n<p>Wi\u0119cej o Akademii Metamorfozy Umys\u0142u przeczytasz <span style=\"text-decoration: underline;\"><strong><a href=\"https:\/\/szkoladucha.pl\/akademia-metamorfozy-umyslu\">klikaj\u0105c tutaj.<\/a><\/strong><\/span><\/p>\n<div class=\"gb-container gb-container-a826e2dc gb-container-divider-05em-20-15-10\"><\/div>\n","protected":false},"excerpt":{"rendered":"<p>Nielimitowany dost\u0119p do wszystkich materia\u0142\u00f3w Akademii Metamorfoza Umys\u0142u do 5 maja 2024 do godziny 23:59.<\/p>\n","protected":false},"featured_media":14029,"comment_status":"open","ping_status":"closed","template":"","meta":[],"product_brand":[],"product_cat":[15],"product_tag":[],"class_list":{"0":"post-14025","1":"product","2":"type-product","3":"status-publish","4":"has-post-thumbnail","6":"product_cat-inne","7":"","8":"woocommerce-text-align-left","9":"woocommerce-image-align-center","10":"do-quantity-buttons","12":"first","13":"outofstock","14":"virtual","15":"sold-individually","16":"taxable","17":"purchasable","18":"product-type-simple"},"bundled_by":["14027"],"bundle_stock_status":"outofstock","bundle_stock_quantity":null,"bundle_virtual":false,"bundle_layout":"","bundle_add_to_cart_form_location":"","bundle_editable_in_cart":false,"bundle_sold_individually_context":"","bundle_item_grouping":"","bundle_min_size":"","bundle_max_size":"","bundle_price":[],"bundled_items":[],"bundle_sell_ids":[],"exclude_global_add_ons":[],"addons":[],"yoast_head":"<!-- This site is optimized with the Yoast SEO plugin v27.3 - https:\/\/yoast.com\/product\/yoast-seo-wordpress\/ -->\n<title>Akademia Metamorfozy Umys\u0142u do 5 maja 2024 - Kursy Szko\u0142a Ducha<\/title>\n<meta name=\"robots\" content=\"index, follow, max-snippet:-1, max-image-preview:large, max-video-preview:-1\" \/>\n<link rel=\"canonical\" href=\"https:\/\/szkoladucha.pl\/kursy\/produkt\/akademia-metamorfozy-umyslu-do-5-maja-2024\/\" \/>\n<meta property=\"og:locale\" content=\"pl_PL\" \/>\n<meta property=\"og:type\" content=\"article\" \/>\n<meta property=\"og:title\" content=\"Akademia Metamorfozy Umys\u0142u do 5 maja 2024 - Kursy Szko\u0142a Ducha\" \/>\n<meta property=\"og:description\" content=\"Nielimitowany dost\u0119p do wszystkich materia\u0142\u00f3w Akademii Metamorfoza Umys\u0142u do 5 maja 2024 do godziny 23:59.\" \/>\n<meta property=\"og:url\" content=\"https:\/\/szkoladucha.pl\/kursy\/produkt\/akademia-metamorfozy-umyslu-do-5-maja-2024\/\" \/>\n<meta property=\"og:site_name\" content=\"Kursy Szko\u0142a Ducha\" \/>\n<meta property=\"article:modified_time\" content=\"2025-08-20T07:51:04+00:00\" \/>\n<meta property=\"og:image\" content=\"https:\/\/szkoladucha.pl\/kursy\/wp-content\/uploads\/sites\/5\/2024\/04\/5_Maja_1.png\" \/>\n\t<meta property=\"og:image:width\" content=\"2048\" \/>\n\t<meta property=\"og:image:height\" content=\"2048\" \/>\n\t<meta property=\"og:image:type\" content=\"image\/png\" \/>\n<meta name=\"twitter:card\" content=\"summary_large_image\" \/>\n<meta name=\"twitter:label1\" content=\"Szacowany czas czytania\" \/>\n\t<meta name=\"twitter:data1\" content=\"1 minuta\" \/>\n<script type=\"application\/ld+json\" class=\"yoast-schema-graph\">{\"@context\":\"https:\\\/\\\/schema.org\",\"@graph\":[{\"@type\":\"WebPage\",\"@id\":\"https:\\\/\\\/szkoladucha.pl\\\/kursy\\\/produkt\\\/akademia-metamorfozy-umyslu-do-5-maja-2024\\\/\",\"url\":\"https:\\\/\\\/szkoladucha.pl\\\/kursy\\\/produkt\\\/akademia-metamorfozy-umyslu-do-5-maja-2024\\\/\",\"name\":\"Akademia Metamorfozy Umys\u0142u do 5 maja 2024 - Kursy Szko\u0142a Ducha\",\"isPartOf\":{\"@id\":\"https:\\\/\\\/szkoladucha.pl\\\/kursy\\\/#website\"},\"primaryImageOfPage\":{\"@id\":\"https:\\\/\\\/szkoladucha.pl\\\/kursy\\\/produkt\\\/akademia-metamorfozy-umyslu-do-5-maja-2024\\\/#primaryimage\"},\"image\":{\"@id\":\"https:\\\/\\\/szkoladucha.pl\\\/kursy\\\/produkt\\\/akademia-metamorfozy-umyslu-do-5-maja-2024\\\/#primaryimage\"},\"thumbnailUrl\":\"https:\\\/\\\/szkoladucha.pl\\\/kursy\\\/wp-content\\\/uploads\\\/sites\\\/5\\\/2024\\\/04\\\/5_Maja_1.png\",\"datePublished\":\"2024-04-25T08:06:37+00:00\",\"dateModified\":\"2025-08-20T07:51:04+00:00\",\"breadcrumb\":{\"@id\":\"https:\\\/\\\/szkoladucha.pl\\\/kursy\\\/produkt\\\/akademia-metamorfozy-umyslu-do-5-maja-2024\\\/#breadcrumb\"},\"inLanguage\":\"pl-PL\",\"potentialAction\":[{\"@type\":\"ReadAction\",\"target\":[\"https:\\\/\\\/szkoladucha.pl\\\/kursy\\\/produkt\\\/akademia-metamorfozy-umyslu-do-5-maja-2024\\\/\"]}]},{\"@type\":\"ImageObject\",\"inLanguage\":\"pl-PL\",\"@id\":\"https:\\\/\\\/szkoladucha.pl\\\/kursy\\\/produkt\\\/akademia-metamorfozy-umyslu-do-5-maja-2024\\\/#primaryimage\",\"url\":\"https:\\\/\\\/szkoladucha.pl\\\/kursy\\\/wp-content\\\/uploads\\\/sites\\\/5\\\/2024\\\/04\\\/5_Maja_1.png\",\"contentUrl\":\"https:\\\/\\\/szkoladucha.pl\\\/kursy\\\/wp-content\\\/uploads\\\/sites\\\/5\\\/2024\\\/04\\\/5_Maja_1.png\",\"width\":2048,\"height\":2048},{\"@type\":\"BreadcrumbList\",\"@id\":\"https:\\\/\\\/szkoladucha.pl\\\/kursy\\\/produkt\\\/akademia-metamorfozy-umyslu-do-5-maja-2024\\\/#breadcrumb\",\"itemListElement\":[{\"@type\":\"ListItem\",\"position\":1,\"name\":\"Kursy\",\"item\":\"https:\\\/\\\/szkoladucha.pl\\\/kursy\\\/\"},{\"@type\":\"ListItem\",\"position\":2,\"name\":\"Kursy\",\"item\":\"https:\\\/\\\/szkoladucha.pl\\\/kursy\\\/\"},{\"@type\":\"ListItem\",\"position\":3,\"name\":\"Akademia Metamorfozy Umys\u0142u do 5 maja 2024\"}]},{\"@type\":\"WebSite\",\"@id\":\"https:\\\/\\\/szkoladucha.pl\\\/kursy\\\/#website\",\"url\":\"https:\\\/\\\/szkoladucha.pl\\\/kursy\\\/\",\"name\":\"Kursy Szko\u0142a Ducha\",\"description\":\"Budujemy spo\u0142ecze\u0144stwo, kt\u00f3re \u015bwiadomie post\u0119puje zgodnie z planem.\",\"publisher\":{\"@id\":\"https:\\\/\\\/szkoladucha.pl\\\/kursy\\\/#organization\"},\"potentialAction\":[{\"@type\":\"SearchAction\",\"target\":{\"@type\":\"EntryPoint\",\"urlTemplate\":\"https:\\\/\\\/szkoladucha.pl\\\/kursy\\\/?s={search_term_string}\"},\"query-input\":{\"@type\":\"PropertyValueSpecification\",\"valueRequired\":true,\"valueName\":\"search_term_string\"}}],\"inLanguage\":\"pl-PL\"},{\"@type\":\"Organization\",\"@id\":\"https:\\\/\\\/szkoladucha.pl\\\/kursy\\\/#organization\",\"name\":\"Kursy Szko\u0142a Ducha\",\"url\":\"https:\\\/\\\/szkoladucha.pl\\\/kursy\\\/\",\"logo\":{\"@type\":\"ImageObject\",\"inLanguage\":\"pl-PL\",\"@id\":\"https:\\\/\\\/szkoladucha.pl\\\/kursy\\\/#\\\/schema\\\/logo\\\/image\\\/\",\"url\":\"https:\\\/\\\/szkoladucha.pl\\\/kursy\\\/wp-content\\\/uploads\\\/sites\\\/5\\\/2022\\\/02\\\/kursy-szkola-ducha-logo-beztla-180px.png\",\"contentUrl\":\"https:\\\/\\\/szkoladucha.pl\\\/kursy\\\/wp-content\\\/uploads\\\/sites\\\/5\\\/2022\\\/02\\\/kursy-szkola-ducha-logo-beztla-180px.png\",\"width\":180,\"height\":60,\"caption\":\"Kursy Szko\u0142a Ducha\"},\"image\":{\"@id\":\"https:\\\/\\\/szkoladucha.pl\\\/kursy\\\/#\\\/schema\\\/logo\\\/image\\\/\"}}]}<\/script>\n<!-- \/ Yoast SEO plugin. -->","yoast_head_json":{"title":"Akademia Metamorfozy Umys\u0142u do 5 maja 2024 - Kursy Szko\u0142a Ducha","robots":{"index":"index","follow":"follow","max-snippet":"max-snippet:-1","max-image-preview":"max-image-preview:large","max-video-preview":"max-video-preview:-1"},"canonical":"https:\/\/szkoladucha.pl\/kursy\/produkt\/akademia-metamorfozy-umyslu-do-5-maja-2024\/","og_locale":"pl_PL","og_type":"article","og_title":"Akademia Metamorfozy Umys\u0142u do 5 maja 2024 - Kursy Szko\u0142a Ducha","og_description":"Nielimitowany dost\u0119p do wszystkich materia\u0142\u00f3w Akademii Metamorfoza Umys\u0142u do 5 maja 2024 do godziny 23:59.","og_url":"https:\/\/szkoladucha.pl\/kursy\/produkt\/akademia-metamorfozy-umyslu-do-5-maja-2024\/","og_site_name":"Kursy Szko\u0142a Ducha","article_modified_time":"2025-08-20T07:51:04+00:00","og_image":[{"width":2048,"height":2048,"url":"https:\/\/szkoladucha.pl\/kursy\/wp-content\/uploads\/sites\/5\/2024\/04\/5_Maja_1.png","type":"image\/png"}],"twitter_card":"summary_large_image","twitter_misc":{"Szacowany czas czytania":"1 minuta"},"schema":{"@context":"https:\/\/schema.org","@graph":[{"@type":"WebPage","@id":"https:\/\/szkoladucha.pl\/kursy\/produkt\/akademia-metamorfozy-umyslu-do-5-maja-2024\/","url":"https:\/\/szkoladucha.pl\/kursy\/produkt\/akademia-metamorfozy-umyslu-do-5-maja-2024\/","name":"Akademia Metamorfozy Umys\u0142u do 5 maja 2024 - Kursy Szko\u0142a Ducha","isPartOf":{"@id":"https:\/\/szkoladucha.pl\/kursy\/#website"},"primaryImageOfPage":{"@id":"https:\/\/szkoladucha.pl\/kursy\/produkt\/akademia-metamorfozy-umyslu-do-5-maja-2024\/#primaryimage"},"image":{"@id":"https:\/\/szkoladucha.pl\/kursy\/produkt\/akademia-metamorfozy-umyslu-do-5-maja-2024\/#primaryimage"},"thumbnailUrl":"https:\/\/szkoladucha.pl\/kursy\/wp-content\/uploads\/sites\/5\/2024\/04\/5_Maja_1.png","datePublished":"2024-04-25T08:06:37+00:00","dateModified":"2025-08-20T07:51:04+00:00","breadcrumb":{"@id":"https:\/\/szkoladucha.pl\/kursy\/produkt\/akademia-metamorfozy-umyslu-do-5-maja-2024\/#breadcrumb"},"inLanguage":"pl-PL","potentialAction":[{"@type":"ReadAction","target":["https:\/\/szkoladucha.pl\/kursy\/produkt\/akademia-metamorfozy-umyslu-do-5-maja-2024\/"]}]},{"@type":"ImageObject","inLanguage":"pl-PL","@id":"https:\/\/szkoladucha.pl\/kursy\/produkt\/akademia-metamorfozy-umyslu-do-5-maja-2024\/#primaryimage","url":"https:\/\/szkoladucha.pl\/kursy\/wp-content\/uploads\/sites\/5\/2024\/04\/5_Maja_1.png","contentUrl":"https:\/\/szkoladucha.pl\/kursy\/wp-content\/uploads\/sites\/5\/2024\/04\/5_Maja_1.png","width":2048,"height":2048},{"@type":"BreadcrumbList","@id":"https:\/\/szkoladucha.pl\/kursy\/produkt\/akademia-metamorfozy-umyslu-do-5-maja-2024\/#breadcrumb","itemListElement":[{"@type":"ListItem","position":1,"name":"Kursy","item":"https:\/\/szkoladucha.pl\/kursy\/"},{"@type":"ListItem","position":2,"name":"Kursy","item":"https:\/\/szkoladucha.pl\/kursy\/"},{"@type":"ListItem","position":3,"name":"Akademia Metamorfozy Umys\u0142u do 5 maja 2024"}]},{"@type":"WebSite","@id":"https:\/\/szkoladucha.pl\/kursy\/#website","url":"https:\/\/szkoladucha.pl\/kursy\/","name":"Kursy Szko\u0142a Ducha","description":"Budujemy spo\u0142ecze\u0144stwo, kt\u00f3re \u015bwiadomie post\u0119puje zgodnie z planem.","publisher":{"@id":"https:\/\/szkoladucha.pl\/kursy\/#organization"},"potentialAction":[{"@type":"SearchAction","target":{"@type":"EntryPoint","urlTemplate":"https:\/\/szkoladucha.pl\/kursy\/?s={search_term_string}"},"query-input":{"@type":"PropertyValueSpecification","valueRequired":true,"valueName":"search_term_string"}}],"inLanguage":"pl-PL"},{"@type":"Organization","@id":"https:\/\/szkoladucha.pl\/kursy\/#organization","name":"Kursy Szko\u0142a Ducha","url":"https:\/\/szkoladucha.pl\/kursy\/","logo":{"@type":"ImageObject","inLanguage":"pl-PL","@id":"https:\/\/szkoladucha.pl\/kursy\/#\/schema\/logo\/image\/","url":"https:\/\/szkoladucha.pl\/kursy\/wp-content\/uploads\/sites\/5\/2022\/02\/kursy-szkola-ducha-logo-beztla-180px.png","contentUrl":"https:\/\/szkoladucha.pl\/kursy\/wp-content\/uploads\/sites\/5\/2022\/02\/kursy-szkola-ducha-logo-beztla-180px.png","width":180,"height":60,"caption":"Kursy Szko\u0142a Ducha"},"image":{"@id":"https:\/\/szkoladucha.pl\/kursy\/#\/schema\/logo\/image\/"}}]}},"_links":{"self":[{"href":"https:\/\/szkoladucha.pl\/kursy\/wp-json\/wp\/v2\/product\/14025","targetHints":{"allow":["GET"]}}],"collection":[{"href":"https:\/\/szkoladucha.pl\/kursy\/wp-json\/wp\/v2\/product"}],"about":[{"href":"https:\/\/szkoladucha.pl\/kursy\/wp-json\/wp\/v2\/types\/product"}],"replies":[{"embeddable":true,"href":"https:\/\/szkoladucha.pl\/kursy\/wp-json\/wp\/v2\/comments?post=14025"}],"wp:featuredmedia":[{"embeddable":true,"href":"https:\/\/szkoladucha.pl\/kursy\/wp-json\/wp\/v2\/media\/14029"}],"wp:attachment":[{"href":"https:\/\/szkoladucha.pl\/kursy\/wp-json\/wp\/v2\/media?parent=14025"}],"wp:term":[{"taxonomy":"product_brand","embeddable":true,"href":"https:\/\/szkoladucha.pl\/kursy\/wp-json\/wp\/v2\/product_brand?post=14025"},{"taxonomy":"product_cat","embeddable":true,"href":"https:\/\/szkoladucha.pl\/kursy\/wp-json\/wp\/v2\/product_cat?post=14025"},{"taxonomy":"product_tag","embeddable":true,"href":"https:\/\/szkoladucha.pl\/kursy\/wp-json\/wp\/v2\/product_tag?post=14025"}],"curies":[{"name":"wp","href":"https:\/\/api.w.org\/{rel}","templated":true}]}}