{"id":14218,"date":"2024-05-10T16:06:14","date_gmt":"2024-05-10T14:06:14","guid":{"rendered":"https:\/\/szkoladucha.pl\/kursy\/?post_type=product&#038;p=14218"},"modified":"2025-12-11T11:34:22","modified_gmt":"2025-12-11T10:34:22","slug":"dziennik-6filar","status":"publish","type":"product","link":"https:\/\/szkoladucha.pl\/kursy\/produkt\/dziennik-6filar\/","title":{"rendered":"#6 Filary Rozwoju Duchowego + Dziennik"},"content":{"rendered":"<h4 class=\"gb-headline gb-headline-5fb0f233 gb-headline-text\">Zastanawiasz si\u0119\u2026<\/h4>\n<p><strong>Ile jeszcze mam czeka\u0107 na wype\u0142nienie Bo\u017cych obietnic? Jak mam zrealizowa\u0107 Bo\u017cy Plan dla mojego \u017cycia?<\/strong> Czemu nieustannie chodz\u0119 gn\u0119biona przez chorob\u0119, niestabilno\u015b\u0107 finansow\u0105, konflikty w rodzinie\u2026 Dlaczego nie jestem szcz\u0119\u015bliwa?<\/p>\n<p><strong>\u2026 <\/strong>to s\u0105 pytania o to JAK UWOLNI\u0106 \u0179R\u00d3D\u0141O mocy, kt\u00f3ra jest w ka\u017cdym z nas!<\/p>\n<h4 class=\"gb-headline gb-headline-66e713c0 gb-headline-text\">Czego do\u015bwiadczysz po tym kursie?<\/h4>\n<p class=\"gb-headline gb-headline-96ecb30f gb-headline-text\"><img decoding=\"async\" class=\"emoji\" role=\"img\" draggable=\"false\" src=\"https:\/\/s.w.org\/images\/core\/emoji\/16.0.1\/svg\/27a1.svg\" alt=\"\u27a1\ufe0f\" \/> Zwi\u0119kszonej samo\u015bwiadomo\u015bci i zrozumienia siebie.<\/p>\n<p class=\"gb-headline gb-headline-f48d4bb3 gb-headline-text\"><img decoding=\"async\" class=\"emoji\" role=\"img\" draggable=\"false\" src=\"https:\/\/s.w.org\/images\/core\/emoji\/16.0.1\/svg\/27a1.svg\" alt=\"\u27a1\ufe0f\" \/> G\u0142\u0119bszej sp\u00f3jno\u015bci mi\u0119dzy swoimi warto\u015bciami a codziennymi dzia\u0142aniami.<\/p>\n<p class=\"gb-headline gb-headline-bf83f9c5 gb-headline-text\"><img decoding=\"async\" class=\"emoji\" role=\"img\" draggable=\"false\" src=\"https:\/\/s.w.org\/images\/core\/emoji\/16.0.1\/svg\/27a1.svg\" alt=\"\u27a1\ufe0f\" \/> Ugruntowania wewn\u0119trznej mocy i pewno\u015bci siebie.<\/p>\n<p class=\"gb-headline gb-headline-3f6117c5 gb-headline-text\"><img decoding=\"async\" class=\"emoji\" role=\"img\" draggable=\"false\" src=\"https:\/\/s.w.org\/images\/core\/emoji\/16.0.1\/svg\/27a1.svg\" alt=\"\u27a1\ufe0f\" \/> Lepszej r\u00f3wnowagi emocjonalnej i psychicznej.<\/p>\n<p class=\"gb-headline gb-headline-820bea43 gb-headline-text\"><img decoding=\"async\" class=\"emoji\" role=\"img\" draggable=\"false\" src=\"https:\/\/s.w.org\/images\/core\/emoji\/16.0.1\/svg\/27a1.svg\" alt=\"\u27a1\ufe0f\" \/> Zwi\u0119kszonej elastyczno\u015bci w radzeniu sobie z wyzwaniami \u017cyciowymi.<\/p>\n<p class=\"gb-headline gb-headline-d64eeeba gb-headline-text\"><img decoding=\"async\" class=\"emoji\" role=\"img\" draggable=\"false\" src=\"https:\/\/s.w.org\/images\/core\/emoji\/16.0.1\/svg\/27a1.svg\" alt=\"\u27a1\ufe0f\" \/> Ulepszonej komunikacji i budowania zdrowszych relacji z innymi.<\/p>\n<p class=\"gb-headline gb-headline-9a94642e gb-headline-text\"><img decoding=\"async\" class=\"emoji\" role=\"img\" draggable=\"false\" src=\"https:\/\/s.w.org\/images\/core\/emoji\/16.0.1\/svg\/27a1.svg\" alt=\"\u27a1\ufe0f\" \/> Wi\u0119kszej gotowo\u015bci do podejmowania nowych wyzwa\u0144 i cel\u00f3w \u017cyciowych.<\/p>\n<h4 class=\"gb-headline gb-headline-66e713c0 gb-headline-text\">Jak uwolnisz swoj\u0105 moc po tym kursie?<\/h4>\n<p><strong>ETAP 1 \u2013 to, co pod\u015bwiadome, uczynisz \u015bwiadomym<\/strong><\/p>\n<p class=\"gb-headline gb-headline-565383a8 gb-headline-text\"><strong>ETAP 2 \u2013 zmienisz negatywne przekonania<\/strong> <strong>na pozytywne<\/strong> <strong>skutecznie i trwale<\/strong><\/p>\n<p class=\"gb-headline gb-headline-ce298318 gb-headline-text\"><strong>ETAP 3 \u2013 zaczniesz dzia\u0142a\u0107 zgodnie z nowymi zasadami<\/strong> <strong>\u2013 uwolnisz MOC<\/strong><\/p>\n","protected":false},"excerpt":{"rendered":"<p>Zastanawiasz si\u0119\u2026 Ile jeszcze mam czeka\u0107 na wype\u0142nienie Bo\u017cych obietnic? Jak mam zrealizowa\u0107 Bo\u017cy Plan dla mojego \u017cycia? Czemu nieustannie chodz\u0119 gn\u0119biona przez chorob\u0119, niestabilno\u015b\u0107 finansow\u0105, konflikty w rodzinie\u2026 Dlaczego nie jestem szcz\u0119\u015bliwa? \u2026 to s\u0105 pytania o to JAK UWOLNI\u0106 \u0179R\u00d3D\u0141O mocy, kt\u00f3ra jest w ka\u017cdym z nas! Czego do\u015bwiadczysz po tym kursie? Zwi\u0119kszonej &#8230; <a title=\"#6 Filary Rozwoju Duchowego + Dziennik\" class=\"read-more\" href=\"https:\/\/szkoladucha.pl\/kursy\/produkt\/dziennik-6filar\/\" aria-label=\"Dowiedz si\u0119 wi\u0119cej o #6 Filary Rozwoju Duchowego + Dziennik\">Dowiedz si\u0119 wi\u0119cej<\/a><\/p>\n","protected":false},"featured_media":14231,"comment_status":"closed","ping_status":"closed","template":"","meta":[],"product_brand":[],"product_cat":[99],"product_tag":[],"class_list":{"0":"post-14218","1":"product","2":"type-product","3":"status-publish","4":"has-post-thumbnail","6":"product_cat-kursy-online","7":"","8":"woocommerce-text-align-left","9":"woocommerce-image-align-center","10":"do-quantity-buttons","12":"first","13":"instock","14":"virtual","15":"sold-individually","16":"taxable","17":"purchasable","18":"product-type-bundle"},"bundled_by":[],"bundle_stock_status":"instock","bundle_stock_quantity":"","bundle_virtual":false,"bundle_layout":"default","bundle_add_to_cart_form_location":"default","bundle_editable_in_cart":false,"bundle_sold_individually_context":"product","bundle_item_grouping":"noindent","bundle_min_size":"","bundle_max_size":"","bundle_price":{"price":{"min":{"incl_tax":"1500","excl_tax":"1428.571429"},"max":{"incl_tax":"1500","excl_tax":"1428.571429"}},"regular_price":{"min":{"incl_tax":"1500","excl_tax":"1428.571429"},"max":{"incl_tax":"1500","excl_tax":"1428.571429"}}},"bundled_items":[{"bundled_item_id":103,"product_id":12780,"menu_order":0,"quantity_min":1,"quantity_max":1,"quantity_default":1,"priced_individually":false,"shipped_individually":false,"override_title":false,"title":"DZIENNIK","override_description":false,"description":"","optional":false,"hide_thumbnail":false,"discount":"","override_variations":false,"allowed_variations":[],"override_default_variation_attributes":false,"default_variation_attributes":[],"single_product_visibility":"visible","cart_visibility":"visible","order_visibility":"visible","single_product_price_visibility":"visible","cart_price_visibility":"visible","order_price_visibility":"visible","stock_status":"in_stock"},{"bundled_item_id":106,"product_id":14221,"menu_order":1,"quantity_min":1,"quantity_max":1,"quantity_default":1,"priced_individually":false,"shipped_individually":true,"override_title":false,"title":"#6 Filary Rozwoju Duchowego","override_description":false,"description":"","optional":false,"hide_thumbnail":false,"discount":"","override_variations":false,"allowed_variations":[],"override_default_variation_attributes":false,"default_variation_attributes":[],"single_product_visibility":"visible","cart_visibility":"visible","order_visibility":"visible","single_product_price_visibility":"visible","cart_price_visibility":"visible","order_price_visibility":"visible","stock_status":"in_stock"}],"bundle_sell_ids":[],"exclude_global_add_ons":[],"addons":[],"yoast_head":"<!-- This site is optimized with the Yoast SEO plugin v27.3 - https:\/\/yoast.com\/product\/yoast-seo-wordpress\/ -->\n<title>#6 Filary Rozwoju Duchowego + Dziennik - Kursy Szko\u0142a Ducha<\/title>\n<meta name=\"robots\" content=\"index, follow, max-snippet:-1, max-image-preview:large, max-video-preview:-1\" \/>\n<link rel=\"canonical\" href=\"https:\/\/szkoladucha.pl\/kursy\/produkt\/dziennik-6filar\/\" \/>\n<meta property=\"og:locale\" content=\"pl_PL\" \/>\n<meta property=\"og:type\" content=\"article\" \/>\n<meta property=\"og:title\" content=\"#6 Filary Rozwoju Duchowego + Dziennik - Kursy Szko\u0142a Ducha\" \/>\n<meta property=\"og:description\" content=\"Zastanawiasz si\u0119\u2026 Ile jeszcze mam czeka\u0107 na wype\u0142nienie Bo\u017cych obietnic? Jak mam zrealizowa\u0107 Bo\u017cy Plan dla mojego \u017cycia? Czemu nieustannie chodz\u0119 gn\u0119biona przez chorob\u0119, niestabilno\u015b\u0107 finansow\u0105, konflikty w rodzinie\u2026 Dlaczego nie jestem szcz\u0119\u015bliwa? \u2026 to s\u0105 pytania o to JAK UWOLNI\u0106 \u0179R\u00d3D\u0141O mocy, kt\u00f3ra jest w ka\u017cdym z nas! Czego do\u015bwiadczysz po tym kursie? Zwi\u0119kszonej ... Dowiedz si\u0119 wi\u0119cej\" \/>\n<meta property=\"og:url\" content=\"https:\/\/szkoladucha.pl\/kursy\/produkt\/dziennik-6filar\/\" \/>\n<meta property=\"og:site_name\" content=\"Kursy Szko\u0142a Ducha\" \/>\n<meta property=\"article:modified_time\" content=\"2025-12-11T10:34:22+00:00\" \/>\n<meta property=\"og:image\" content=\"https:\/\/szkoladucha.pl\/kursy\/wp-content\/uploads\/sites\/5\/2024\/05\/drAS-FRD.png\" \/>\n\t<meta property=\"og:image:width\" content=\"600\" \/>\n\t<meta property=\"og:image:height\" content=\"640\" \/>\n\t<meta property=\"og:image:type\" content=\"image\/png\" \/>\n<meta name=\"twitter:card\" content=\"summary_large_image\" \/>\n<meta name=\"twitter:label1\" content=\"Szacowany czas czytania\" \/>\n\t<meta name=\"twitter:data1\" content=\"3 minuty\" \/>\n<script type=\"application\/ld+json\" class=\"yoast-schema-graph\">{\"@context\":\"https:\\\/\\\/schema.org\",\"@graph\":[{\"@type\":\"WebPage\",\"@id\":\"https:\\\/\\\/szkoladucha.pl\\\/kursy\\\/produkt\\\/dziennik-6filar\\\/\",\"url\":\"https:\\\/\\\/szkoladucha.pl\\\/kursy\\\/produkt\\\/dziennik-6filar\\\/\",\"name\":\"#6 Filary Rozwoju Duchowego + Dziennik - Kursy Szko\u0142a Ducha\",\"isPartOf\":{\"@id\":\"https:\\\/\\\/szkoladucha.pl\\\/kursy\\\/#website\"},\"primaryImageOfPage\":{\"@id\":\"https:\\\/\\\/szkoladucha.pl\\\/kursy\\\/produkt\\\/dziennik-6filar\\\/#primaryimage\"},\"image\":{\"@id\":\"https:\\\/\\\/szkoladucha.pl\\\/kursy\\\/produkt\\\/dziennik-6filar\\\/#primaryimage\"},\"thumbnailUrl\":\"https:\\\/\\\/szkoladucha.pl\\\/kursy\\\/wp-content\\\/uploads\\\/sites\\\/5\\\/2024\\\/05\\\/drAS-FRD.png\",\"datePublished\":\"2024-05-10T14:06:14+00:00\",\"dateModified\":\"2025-12-11T10:34:22+00:00\",\"breadcrumb\":{\"@id\":\"https:\\\/\\\/szkoladucha.pl\\\/kursy\\\/produkt\\\/dziennik-6filar\\\/#breadcrumb\"},\"inLanguage\":\"pl-PL\",\"potentialAction\":[{\"@type\":\"ReadAction\",\"target\":[\"https:\\\/\\\/szkoladucha.pl\\\/kursy\\\/produkt\\\/dziennik-6filar\\\/\"]}]},{\"@type\":\"ImageObject\",\"inLanguage\":\"pl-PL\",\"@id\":\"https:\\\/\\\/szkoladucha.pl\\\/kursy\\\/produkt\\\/dziennik-6filar\\\/#primaryimage\",\"url\":\"https:\\\/\\\/szkoladucha.pl\\\/kursy\\\/wp-content\\\/uploads\\\/sites\\\/5\\\/2024\\\/05\\\/drAS-FRD.png\",\"contentUrl\":\"https:\\\/\\\/szkoladucha.pl\\\/kursy\\\/wp-content\\\/uploads\\\/sites\\\/5\\\/2024\\\/05\\\/drAS-FRD.png\",\"width\":600,\"height\":640},{\"@type\":\"BreadcrumbList\",\"@id\":\"https:\\\/\\\/szkoladucha.pl\\\/kursy\\\/produkt\\\/dziennik-6filar\\\/#breadcrumb\",\"itemListElement\":[{\"@type\":\"ListItem\",\"position\":1,\"name\":\"Kursy\",\"item\":\"https:\\\/\\\/szkoladucha.pl\\\/kursy\\\/\"},{\"@type\":\"ListItem\",\"position\":2,\"name\":\"Kursy\",\"item\":\"https:\\\/\\\/szkoladucha.pl\\\/kursy\\\/\"},{\"@type\":\"ListItem\",\"position\":3,\"name\":\"#6 Filary Rozwoju Duchowego + Dziennik\"}]},{\"@type\":\"WebSite\",\"@id\":\"https:\\\/\\\/szkoladucha.pl\\\/kursy\\\/#website\",\"url\":\"https:\\\/\\\/szkoladucha.pl\\\/kursy\\\/\",\"name\":\"Kursy Szko\u0142a Ducha\",\"description\":\"Budujemy spo\u0142ecze\u0144stwo, kt\u00f3re \u015bwiadomie post\u0119puje zgodnie z planem.\",\"publisher\":{\"@id\":\"https:\\\/\\\/szkoladucha.pl\\\/kursy\\\/#organization\"},\"potentialAction\":[{\"@type\":\"SearchAction\",\"target\":{\"@type\":\"EntryPoint\",\"urlTemplate\":\"https:\\\/\\\/szkoladucha.pl\\\/kursy\\\/?s={search_term_string}\"},\"query-input\":{\"@type\":\"PropertyValueSpecification\",\"valueRequired\":true,\"valueName\":\"search_term_string\"}}],\"inLanguage\":\"pl-PL\"},{\"@type\":\"Organization\",\"@id\":\"https:\\\/\\\/szkoladucha.pl\\\/kursy\\\/#organization\",\"name\":\"Kursy Szko\u0142a Ducha\",\"url\":\"https:\\\/\\\/szkoladucha.pl\\\/kursy\\\/\",\"logo\":{\"@type\":\"ImageObject\",\"inLanguage\":\"pl-PL\",\"@id\":\"https:\\\/\\\/szkoladucha.pl\\\/kursy\\\/#\\\/schema\\\/logo\\\/image\\\/\",\"url\":\"https:\\\/\\\/szkoladucha.pl\\\/kursy\\\/wp-content\\\/uploads\\\/sites\\\/5\\\/2022\\\/02\\\/kursy-szkola-ducha-logo-beztla-180px.png\",\"contentUrl\":\"https:\\\/\\\/szkoladucha.pl\\\/kursy\\\/wp-content\\\/uploads\\\/sites\\\/5\\\/2022\\\/02\\\/kursy-szkola-ducha-logo-beztla-180px.png\",\"width\":180,\"height\":60,\"caption\":\"Kursy Szko\u0142a Ducha\"},\"image\":{\"@id\":\"https:\\\/\\\/szkoladucha.pl\\\/kursy\\\/#\\\/schema\\\/logo\\\/image\\\/\"}}]}<\/script>\n<!-- \/ Yoast SEO plugin. -->","yoast_head_json":{"title":"#6 Filary Rozwoju Duchowego + Dziennik - Kursy Szko\u0142a Ducha","robots":{"index":"index","follow":"follow","max-snippet":"max-snippet:-1","max-image-preview":"max-image-preview:large","max-video-preview":"max-video-preview:-1"},"canonical":"https:\/\/szkoladucha.pl\/kursy\/produkt\/dziennik-6filar\/","og_locale":"pl_PL","og_type":"article","og_title":"#6 Filary Rozwoju Duchowego + Dziennik - Kursy Szko\u0142a Ducha","og_description":"Zastanawiasz si\u0119\u2026 Ile jeszcze mam czeka\u0107 na wype\u0142nienie Bo\u017cych obietnic? Jak mam zrealizowa\u0107 Bo\u017cy Plan dla mojego \u017cycia? Czemu nieustannie chodz\u0119 gn\u0119biona przez chorob\u0119, niestabilno\u015b\u0107 finansow\u0105, konflikty w rodzinie\u2026 Dlaczego nie jestem szcz\u0119\u015bliwa? \u2026 to s\u0105 pytania o to JAK UWOLNI\u0106 \u0179R\u00d3D\u0141O mocy, kt\u00f3ra jest w ka\u017cdym z nas! Czego do\u015bwiadczysz po tym kursie? Zwi\u0119kszonej ... Dowiedz si\u0119 wi\u0119cej","og_url":"https:\/\/szkoladucha.pl\/kursy\/produkt\/dziennik-6filar\/","og_site_name":"Kursy Szko\u0142a Ducha","article_modified_time":"2025-12-11T10:34:22+00:00","og_image":[{"width":600,"height":640,"url":"https:\/\/szkoladucha.pl\/kursy\/wp-content\/uploads\/sites\/5\/2024\/05\/drAS-FRD.png","type":"image\/png"}],"twitter_card":"summary_large_image","twitter_misc":{"Szacowany czas czytania":"3 minuty"},"schema":{"@context":"https:\/\/schema.org","@graph":[{"@type":"WebPage","@id":"https:\/\/szkoladucha.pl\/kursy\/produkt\/dziennik-6filar\/","url":"https:\/\/szkoladucha.pl\/kursy\/produkt\/dziennik-6filar\/","name":"#6 Filary Rozwoju Duchowego + Dziennik - Kursy Szko\u0142a Ducha","isPartOf":{"@id":"https:\/\/szkoladucha.pl\/kursy\/#website"},"primaryImageOfPage":{"@id":"https:\/\/szkoladucha.pl\/kursy\/produkt\/dziennik-6filar\/#primaryimage"},"image":{"@id":"https:\/\/szkoladucha.pl\/kursy\/produkt\/dziennik-6filar\/#primaryimage"},"thumbnailUrl":"https:\/\/szkoladucha.pl\/kursy\/wp-content\/uploads\/sites\/5\/2024\/05\/drAS-FRD.png","datePublished":"2024-05-10T14:06:14+00:00","dateModified":"2025-12-11T10:34:22+00:00","breadcrumb":{"@id":"https:\/\/szkoladucha.pl\/kursy\/produkt\/dziennik-6filar\/#breadcrumb"},"inLanguage":"pl-PL","potentialAction":[{"@type":"ReadAction","target":["https:\/\/szkoladucha.pl\/kursy\/produkt\/dziennik-6filar\/"]}]},{"@type":"ImageObject","inLanguage":"pl-PL","@id":"https:\/\/szkoladucha.pl\/kursy\/produkt\/dziennik-6filar\/#primaryimage","url":"https:\/\/szkoladucha.pl\/kursy\/wp-content\/uploads\/sites\/5\/2024\/05\/drAS-FRD.png","contentUrl":"https:\/\/szkoladucha.pl\/kursy\/wp-content\/uploads\/sites\/5\/2024\/05\/drAS-FRD.png","width":600,"height":640},{"@type":"BreadcrumbList","@id":"https:\/\/szkoladucha.pl\/kursy\/produkt\/dziennik-6filar\/#breadcrumb","itemListElement":[{"@type":"ListItem","position":1,"name":"Kursy","item":"https:\/\/szkoladucha.pl\/kursy\/"},{"@type":"ListItem","position":2,"name":"Kursy","item":"https:\/\/szkoladucha.pl\/kursy\/"},{"@type":"ListItem","position":3,"name":"#6 Filary Rozwoju Duchowego + Dziennik"}]},{"@type":"WebSite","@id":"https:\/\/szkoladucha.pl\/kursy\/#website","url":"https:\/\/szkoladucha.pl\/kursy\/","name":"Kursy Szko\u0142a Ducha","description":"Budujemy spo\u0142ecze\u0144stwo, kt\u00f3re \u015bwiadomie post\u0119puje zgodnie z planem.","publisher":{"@id":"https:\/\/szkoladucha.pl\/kursy\/#organization"},"potentialAction":[{"@type":"SearchAction","target":{"@type":"EntryPoint","urlTemplate":"https:\/\/szkoladucha.pl\/kursy\/?s={search_term_string}"},"query-input":{"@type":"PropertyValueSpecification","valueRequired":true,"valueName":"search_term_string"}}],"inLanguage":"pl-PL"},{"@type":"Organization","@id":"https:\/\/szkoladucha.pl\/kursy\/#organization","name":"Kursy Szko\u0142a Ducha","url":"https:\/\/szkoladucha.pl\/kursy\/","logo":{"@type":"ImageObject","inLanguage":"pl-PL","@id":"https:\/\/szkoladucha.pl\/kursy\/#\/schema\/logo\/image\/","url":"https:\/\/szkoladucha.pl\/kursy\/wp-content\/uploads\/sites\/5\/2022\/02\/kursy-szkola-ducha-logo-beztla-180px.png","contentUrl":"https:\/\/szkoladucha.pl\/kursy\/wp-content\/uploads\/sites\/5\/2022\/02\/kursy-szkola-ducha-logo-beztla-180px.png","width":180,"height":60,"caption":"Kursy Szko\u0142a Ducha"},"image":{"@id":"https:\/\/szkoladucha.pl\/kursy\/#\/schema\/logo\/image\/"}}]}},"_links":{"self":[{"href":"https:\/\/szkoladucha.pl\/kursy\/wp-json\/wp\/v2\/product\/14218","targetHints":{"allow":["GET"]}}],"collection":[{"href":"https:\/\/szkoladucha.pl\/kursy\/wp-json\/wp\/v2\/product"}],"about":[{"href":"https:\/\/szkoladucha.pl\/kursy\/wp-json\/wp\/v2\/types\/product"}],"replies":[{"embeddable":true,"href":"https:\/\/szkoladucha.pl\/kursy\/wp-json\/wp\/v2\/comments?post=14218"}],"wp:featuredmedia":[{"embeddable":true,"href":"https:\/\/szkoladucha.pl\/kursy\/wp-json\/wp\/v2\/media\/14231"}],"wp:attachment":[{"href":"https:\/\/szkoladucha.pl\/kursy\/wp-json\/wp\/v2\/media?parent=14218"}],"wp:term":[{"taxonomy":"product_brand","embeddable":true,"href":"https:\/\/szkoladucha.pl\/kursy\/wp-json\/wp\/v2\/product_brand?post=14218"},{"taxonomy":"product_cat","embeddable":true,"href":"https:\/\/szkoladucha.pl\/kursy\/wp-json\/wp\/v2\/product_cat?post=14218"},{"taxonomy":"product_tag","embeddable":true,"href":"https:\/\/szkoladucha.pl\/kursy\/wp-json\/wp\/v2\/product_tag?post=14218"}],"curies":[{"name":"wp","href":"https:\/\/api.w.org\/{rel}","templated":true}]}}