{"id":16154,"date":"2024-10-02T10:33:22","date_gmt":"2024-10-02T08:33:22","guid":{"rendered":"https:\/\/szkoladucha.pl\/kursy\/?post_type=product&#038;p=16154"},"modified":"2024-10-02T10:37:15","modified_gmt":"2024-10-02T08:37:15","slug":"rata1-dziennik-filary-regulacji-emocjonalnej-terapia-grupowa","status":"publish","type":"product","link":"https:\/\/szkoladucha.pl\/kursy\/produkt\/rata1-dziennik-filary-regulacji-emocjonalnej-terapia-grupowa\/","title":{"rendered":"RATA1 \u2013 Program Regulacji Emocjonalnej"},"content":{"rendered":"","protected":false},"excerpt":{"rendered":"","protected":false},"featured_media":0,"comment_status":"closed","ping_status":"closed","template":"","meta":[],"product_brand":[],"product_cat":[99],"product_tag":[],"class_list":{"0":"post-16154","1":"product","2":"type-product","3":"status-publish","5":"product_cat-kursy-online","6":"pa_autor-dr-anna-saj","7":"pa_tytul-potrzebuje-rodzicow","8":"","9":"woocommerce-text-align-left","10":"woocommerce-image-align-center","11":"do-quantity-buttons","13":"first","14":"instock","15":"virtual","16":"sold-individually","17":"taxable","18":"purchasable","19":"product-type-bundle"},"bundled_by":[],"bundle_stock_status":"instock","bundle_stock_quantity":"","bundle_virtual":false,"bundle_layout":"default","bundle_add_to_cart_form_location":"default","bundle_editable_in_cart":false,"bundle_sold_individually_context":"product","bundle_item_grouping":"noindent","bundle_min_size":"","bundle_max_size":"","bundle_price":{"price":{"min":{"incl_tax":"377","excl_tax":"306.504065"},"max":{"incl_tax":"377","excl_tax":"306.504065"}},"regular_price":{"min":{"incl_tax":"377","excl_tax":"306.504065"},"max":{"incl_tax":"377","excl_tax":"306.504065"}}},"bundled_items":[{"bundled_item_id":128,"product_id":12780,"menu_order":0,"quantity_min":1,"quantity_max":1,"quantity_default":1,"priced_individually":false,"shipped_individually":false,"override_title":false,"title":"DZIENNIK","override_description":false,"description":"","optional":false,"hide_thumbnail":false,"discount":"","override_variations":false,"allowed_variations":[],"override_default_variation_attributes":false,"default_variation_attributes":[],"single_product_visibility":"visible","cart_visibility":"visible","order_visibility":"visible","single_product_price_visibility":"visible","cart_price_visibility":"visible","order_price_visibility":"visible","stock_status":"in_stock"},{"bundled_item_id":129,"product_id":9607,"menu_order":1,"quantity_min":1,"quantity_max":1,"quantity_default":1,"priced_individually":false,"shipped_individually":true,"override_title":false,"title":"#5 Filary Regulacji Emocjonalnej","override_description":false,"description":"","optional":false,"hide_thumbnail":false,"discount":"","override_variations":false,"allowed_variations":[],"override_default_variation_attributes":false,"default_variation_attributes":[],"single_product_visibility":"visible","cart_visibility":"visible","order_visibility":"visible","single_product_price_visibility":"visible","cart_price_visibility":"visible","order_price_visibility":"visible","stock_status":"in_stock"},{"bundled_item_id":130,"product_id":15955,"menu_order":2,"quantity_min":1,"quantity_max":1,"quantity_default":1,"priced_individually":false,"shipped_individually":true,"override_title":false,"title":"Terapia grupowa \u2013 6 spotka\u0144","override_description":false,"description":"","optional":false,"hide_thumbnail":false,"discount":"","override_variations":false,"allowed_variations":[],"override_default_variation_attributes":false,"default_variation_attributes":[],"single_product_visibility":"visible","cart_visibility":"visible","order_visibility":"visible","single_product_price_visibility":"visible","cart_price_visibility":"visible","order_price_visibility":"visible","stock_status":"in_stock"},{"bundled_item_id":131,"product_id":9621,"menu_order":3,"quantity_min":1,"quantity_max":1,"quantity_default":1,"priced_individually":false,"shipped_individually":true,"override_title":false,"title":"5 krok\u00f3w do r\u00f3wnowagi emocjonalnej","override_description":false,"description":"","optional":false,"hide_thumbnail":false,"discount":"","override_variations":false,"allowed_variations":[],"override_default_variation_attributes":false,"default_variation_attributes":[],"single_product_visibility":"visible","cart_visibility":"visible","order_visibility":"visible","single_product_price_visibility":"visible","cart_price_visibility":"visible","order_price_visibility":"visible","stock_status":"in_stock"}],"bundle_sell_ids":[],"exclude_global_add_ons":[],"addons":[],"yoast_head":"<!-- This site is optimized with the Yoast SEO plugin v27.3 - https:\/\/yoast.com\/product\/yoast-seo-wordpress\/ -->\n<title>RATA1 \u2013 Program Regulacji Emocjonalnej - Kursy Szko\u0142a Ducha<\/title>\n<meta name=\"robots\" content=\"index, follow, max-snippet:-1, max-image-preview:large, max-video-preview:-1\" \/>\n<link rel=\"canonical\" href=\"https:\/\/szkoladucha.pl\/kursy\/produkt\/rata1-dziennik-filary-regulacji-emocjonalnej-terapia-grupowa\/\" \/>\n<meta property=\"og:locale\" content=\"pl_PL\" \/>\n<meta property=\"og:type\" content=\"article\" \/>\n<meta property=\"og:title\" content=\"RATA1 \u2013 Program Regulacji Emocjonalnej - Kursy Szko\u0142a Ducha\" \/>\n<meta property=\"og:url\" content=\"https:\/\/szkoladucha.pl\/kursy\/produkt\/rata1-dziennik-filary-regulacji-emocjonalnej-terapia-grupowa\/\" \/>\n<meta property=\"og:site_name\" content=\"Kursy Szko\u0142a Ducha\" \/>\n<meta property=\"article:modified_time\" content=\"2024-10-02T08:37:15+00:00\" \/>\n<meta name=\"twitter:card\" content=\"summary_large_image\" \/>\n<script type=\"application\/ld+json\" class=\"yoast-schema-graph\">{\"@context\":\"https:\\\/\\\/schema.org\",\"@graph\":[{\"@type\":\"WebPage\",\"@id\":\"https:\\\/\\\/szkoladucha.pl\\\/kursy\\\/produkt\\\/rata1-dziennik-filary-regulacji-emocjonalnej-terapia-grupowa\\\/\",\"url\":\"https:\\\/\\\/szkoladucha.pl\\\/kursy\\\/produkt\\\/rata1-dziennik-filary-regulacji-emocjonalnej-terapia-grupowa\\\/\",\"name\":\"RATA1 \u2013 Program Regulacji Emocjonalnej - Kursy Szko\u0142a Ducha\",\"isPartOf\":{\"@id\":\"https:\\\/\\\/szkoladucha.pl\\\/kursy\\\/#website\"},\"datePublished\":\"2024-10-02T08:33:22+00:00\",\"dateModified\":\"2024-10-02T08:37:15+00:00\",\"breadcrumb\":{\"@id\":\"https:\\\/\\\/szkoladucha.pl\\\/kursy\\\/produkt\\\/rata1-dziennik-filary-regulacji-emocjonalnej-terapia-grupowa\\\/#breadcrumb\"},\"inLanguage\":\"pl-PL\",\"potentialAction\":[{\"@type\":\"ReadAction\",\"target\":[\"https:\\\/\\\/szkoladucha.pl\\\/kursy\\\/produkt\\\/rata1-dziennik-filary-regulacji-emocjonalnej-terapia-grupowa\\\/\"]}]},{\"@type\":\"BreadcrumbList\",\"@id\":\"https:\\\/\\\/szkoladucha.pl\\\/kursy\\\/produkt\\\/rata1-dziennik-filary-regulacji-emocjonalnej-terapia-grupowa\\\/#breadcrumb\",\"itemListElement\":[{\"@type\":\"ListItem\",\"position\":1,\"name\":\"Kursy\",\"item\":\"https:\\\/\\\/szkoladucha.pl\\\/kursy\\\/\"},{\"@type\":\"ListItem\",\"position\":2,\"name\":\"Kursy\",\"item\":\"https:\\\/\\\/szkoladucha.pl\\\/kursy\\\/\"},{\"@type\":\"ListItem\",\"position\":3,\"name\":\"RATA1 \u2013 Program Regulacji Emocjonalnej\"}]},{\"@type\":\"WebSite\",\"@id\":\"https:\\\/\\\/szkoladucha.pl\\\/kursy\\\/#website\",\"url\":\"https:\\\/\\\/szkoladucha.pl\\\/kursy\\\/\",\"name\":\"Kursy Szko\u0142a Ducha\",\"description\":\"Budujemy spo\u0142ecze\u0144stwo, kt\u00f3re \u015bwiadomie post\u0119puje zgodnie z planem.\",\"publisher\":{\"@id\":\"https:\\\/\\\/szkoladucha.pl\\\/kursy\\\/#organization\"},\"potentialAction\":[{\"@type\":\"SearchAction\",\"target\":{\"@type\":\"EntryPoint\",\"urlTemplate\":\"https:\\\/\\\/szkoladucha.pl\\\/kursy\\\/?s={search_term_string}\"},\"query-input\":{\"@type\":\"PropertyValueSpecification\",\"valueRequired\":true,\"valueName\":\"search_term_string\"}}],\"inLanguage\":\"pl-PL\"},{\"@type\":\"Organization\",\"@id\":\"https:\\\/\\\/szkoladucha.pl\\\/kursy\\\/#organization\",\"name\":\"Kursy Szko\u0142a Ducha\",\"url\":\"https:\\\/\\\/szkoladucha.pl\\\/kursy\\\/\",\"logo\":{\"@type\":\"ImageObject\",\"inLanguage\":\"pl-PL\",\"@id\":\"https:\\\/\\\/szkoladucha.pl\\\/kursy\\\/#\\\/schema\\\/logo\\\/image\\\/\",\"url\":\"https:\\\/\\\/szkoladucha.pl\\\/kursy\\\/wp-content\\\/uploads\\\/sites\\\/5\\\/2022\\\/02\\\/kursy-szkola-ducha-logo-beztla-180px.png\",\"contentUrl\":\"https:\\\/\\\/szkoladucha.pl\\\/kursy\\\/wp-content\\\/uploads\\\/sites\\\/5\\\/2022\\\/02\\\/kursy-szkola-ducha-logo-beztla-180px.png\",\"width\":180,\"height\":60,\"caption\":\"Kursy Szko\u0142a Ducha\"},\"image\":{\"@id\":\"https:\\\/\\\/szkoladucha.pl\\\/kursy\\\/#\\\/schema\\\/logo\\\/image\\\/\"}}]}<\/script>\n<!-- \/ Yoast SEO plugin. -->","yoast_head_json":{"title":"RATA1 \u2013 Program Regulacji Emocjonalnej - Kursy Szko\u0142a Ducha","robots":{"index":"index","follow":"follow","max-snippet":"max-snippet:-1","max-image-preview":"max-image-preview:large","max-video-preview":"max-video-preview:-1"},"canonical":"https:\/\/szkoladucha.pl\/kursy\/produkt\/rata1-dziennik-filary-regulacji-emocjonalnej-terapia-grupowa\/","og_locale":"pl_PL","og_type":"article","og_title":"RATA1 \u2013 Program Regulacji Emocjonalnej - Kursy Szko\u0142a Ducha","og_url":"https:\/\/szkoladucha.pl\/kursy\/produkt\/rata1-dziennik-filary-regulacji-emocjonalnej-terapia-grupowa\/","og_site_name":"Kursy Szko\u0142a Ducha","article_modified_time":"2024-10-02T08:37:15+00:00","twitter_card":"summary_large_image","schema":{"@context":"https:\/\/schema.org","@graph":[{"@type":"WebPage","@id":"https:\/\/szkoladucha.pl\/kursy\/produkt\/rata1-dziennik-filary-regulacji-emocjonalnej-terapia-grupowa\/","url":"https:\/\/szkoladucha.pl\/kursy\/produkt\/rata1-dziennik-filary-regulacji-emocjonalnej-terapia-grupowa\/","name":"RATA1 \u2013 Program Regulacji Emocjonalnej - Kursy Szko\u0142a Ducha","isPartOf":{"@id":"https:\/\/szkoladucha.pl\/kursy\/#website"},"datePublished":"2024-10-02T08:33:22+00:00","dateModified":"2024-10-02T08:37:15+00:00","breadcrumb":{"@id":"https:\/\/szkoladucha.pl\/kursy\/produkt\/rata1-dziennik-filary-regulacji-emocjonalnej-terapia-grupowa\/#breadcrumb"},"inLanguage":"pl-PL","potentialAction":[{"@type":"ReadAction","target":["https:\/\/szkoladucha.pl\/kursy\/produkt\/rata1-dziennik-filary-regulacji-emocjonalnej-terapia-grupowa\/"]}]},{"@type":"BreadcrumbList","@id":"https:\/\/szkoladucha.pl\/kursy\/produkt\/rata1-dziennik-filary-regulacji-emocjonalnej-terapia-grupowa\/#breadcrumb","itemListElement":[{"@type":"ListItem","position":1,"name":"Kursy","item":"https:\/\/szkoladucha.pl\/kursy\/"},{"@type":"ListItem","position":2,"name":"Kursy","item":"https:\/\/szkoladucha.pl\/kursy\/"},{"@type":"ListItem","position":3,"name":"RATA1 \u2013 Program Regulacji Emocjonalnej"}]},{"@type":"WebSite","@id":"https:\/\/szkoladucha.pl\/kursy\/#website","url":"https:\/\/szkoladucha.pl\/kursy\/","name":"Kursy Szko\u0142a Ducha","description":"Budujemy spo\u0142ecze\u0144stwo, kt\u00f3re \u015bwiadomie post\u0119puje zgodnie z planem.","publisher":{"@id":"https:\/\/szkoladucha.pl\/kursy\/#organization"},"potentialAction":[{"@type":"SearchAction","target":{"@type":"EntryPoint","urlTemplate":"https:\/\/szkoladucha.pl\/kursy\/?s={search_term_string}"},"query-input":{"@type":"PropertyValueSpecification","valueRequired":true,"valueName":"search_term_string"}}],"inLanguage":"pl-PL"},{"@type":"Organization","@id":"https:\/\/szkoladucha.pl\/kursy\/#organization","name":"Kursy Szko\u0142a Ducha","url":"https:\/\/szkoladucha.pl\/kursy\/","logo":{"@type":"ImageObject","inLanguage":"pl-PL","@id":"https:\/\/szkoladucha.pl\/kursy\/#\/schema\/logo\/image\/","url":"https:\/\/szkoladucha.pl\/kursy\/wp-content\/uploads\/sites\/5\/2022\/02\/kursy-szkola-ducha-logo-beztla-180px.png","contentUrl":"https:\/\/szkoladucha.pl\/kursy\/wp-content\/uploads\/sites\/5\/2022\/02\/kursy-szkola-ducha-logo-beztla-180px.png","width":180,"height":60,"caption":"Kursy Szko\u0142a Ducha"},"image":{"@id":"https:\/\/szkoladucha.pl\/kursy\/#\/schema\/logo\/image\/"}}]}},"_links":{"self":[{"href":"https:\/\/szkoladucha.pl\/kursy\/wp-json\/wp\/v2\/product\/16154","targetHints":{"allow":["GET"]}}],"collection":[{"href":"https:\/\/szkoladucha.pl\/kursy\/wp-json\/wp\/v2\/product"}],"about":[{"href":"https:\/\/szkoladucha.pl\/kursy\/wp-json\/wp\/v2\/types\/product"}],"replies":[{"embeddable":true,"href":"https:\/\/szkoladucha.pl\/kursy\/wp-json\/wp\/v2\/comments?post=16154"}],"wp:attachment":[{"href":"https:\/\/szkoladucha.pl\/kursy\/wp-json\/wp\/v2\/media?parent=16154"}],"wp:term":[{"taxonomy":"product_brand","embeddable":true,"href":"https:\/\/szkoladucha.pl\/kursy\/wp-json\/wp\/v2\/product_brand?post=16154"},{"taxonomy":"product_cat","embeddable":true,"href":"https:\/\/szkoladucha.pl\/kursy\/wp-json\/wp\/v2\/product_cat?post=16154"},{"taxonomy":"product_tag","embeddable":true,"href":"https:\/\/szkoladucha.pl\/kursy\/wp-json\/wp\/v2\/product_tag?post=16154"}],"curies":[{"name":"wp","href":"https:\/\/api.w.org\/{rel}","templated":true}]}}