{"id":16900,"date":"2024-11-28T10:43:43","date_gmt":"2024-11-28T09:43:43","guid":{"rendered":"https:\/\/szkoladucha.pl\/kursy\/?post_type=product&#038;p=16900"},"modified":"2026-02-20T14:33:44","modified_gmt":"2026-02-20T13:33:44","slug":"trening-mentalny-grudzien","status":"publish","type":"product","link":"https:\/\/szkoladucha.pl\/kursy\/produkt\/trening-mentalny-grudzien\/","title":{"rendered":"Trening Mentalny \u2013 GRUDZIE\u0143 2024"},"content":{"rendered":"<p>Prawdziwa zmiana zaczyna si\u0119 od <i>wewn\u0119trznego uzdrowienia<\/i>. Od uwolnienia si\u0119 od schemat\u00f3w, kt\u00f3re trzymaj\u0105 Ci\u0119 w miejscu. Ka\u017cdy dzie\u0144 to nowa szansa, ale bez klarownej wizji \u0142atwo wpa\u015b\u0107 w pu\u0142apk\u0119 &#8220;zarz\u0105dzania codzienno\u015bci\u0105&#8221;. Zadaj sobie pytanie, czy to, co robisz, jest naprawd\u0119 zgodne z tym, kim jeste\u015b i kim chcesz si\u0119 sta\u0107?<\/p>\n<p><strong>Do\u0142\u0105czaj\u0105c do Treningu Mentalnego w tym miesi\u0105cu, otrzymasz:<\/strong><\/p>\n<p>\ud83c\udf1f\u00a0Nagrania 4 spotka\u0144:<\/p>\n<ul>\n<li aria-level=\"1\">Budowanie poczucia w\u0142asnej warto\u015bci<\/li>\n<li aria-level=\"1\">Podr\u00f3\u017c do akceptacji i przebaczenia<\/li>\n<li aria-level=\"1\">\u017bycie w zgodzie z sumieniem i warto\u015bciami<\/li>\n<li aria-level=\"1\">Introspekcja, jako droga do prawdy<\/li>\n<\/ul>\n<p><strong>\ud83c\udf80 DODATKOWO: Bonus z 2 spotka\u0144 Treningu Mentalnego we wrze\u015bniu 2024<\/strong><\/p>\n<p><b>4 workbooki <\/b>do pracy indywidualnej, z kt\u00f3rymi pog\u0142\u0119bisz prac\u0119 nad swoim umys\u0142em i lepiej poznasz siebie.<\/p>\n<p><strong>Wyobra\u017a sobie, jak to b\u0119dzie:<\/strong><\/p>\n<ul>\n<li aria-level=\"1\">Obudzi\u0107 si\u0119 ka\u017cdego dnia z poczuciem wewn\u0119trznego spokoju.<\/li>\n<li aria-level=\"1\">Widzie\u0107 wyra\u017anie, co jest dla Ciebie wa\u017cne, i krok po kroku realizowa\u0107 swoje cele.<\/li>\n<li aria-level=\"1\">\u017by\u0107 w zgodzie z sob\u0105, uwalniaj\u0105c si\u0119 od ci\u0119\u017caru przesz\u0142o\u015bci.<\/li>\n<\/ul>\n<p>Nie czekaj i zapisz si\u0119 ju\u017c dzi\u015b. Zr\u00f3b pierwszy krok ju\u017c teraz!<\/p>\n","protected":false},"excerpt":{"rendered":"<h5>Wzmocnij poczucie w\u0142asnej warto\u015bci i pewno\u015bci siebie! Zacznij realizowa\u0107 cele, kt\u00f3re drzemi\u0105 ukryte wewn\u0105trz Ciebie.<\/h5>\n<p>\u017bycie, kt\u00f3rego pragniesz, pe\u0142ne harmonii i spokoju, jest bli\u017cej, ni\u017c my\u015blisz. <b>Nie musisz ju\u017c odk\u0142ada\u0107 siebie na p\u00f3\u017aniej<\/b>. Zapraszam Ci\u0119 na <b>Trening Mentalny<\/b>, kt\u00f3ry pomo\u017ce Ci odzyska\u0107 kontrol\u0119 nad codzienno\u015bci\u0105 i wprowadzi\u0107 trwa\u0142e zmiany w Twoim \u017cyciu.<\/p>\n","protected":false},"featured_media":16893,"comment_status":"open","ping_status":"closed","template":"","meta":[],"product_brand":[],"product_cat":[15,297],"product_tag":[289],"class_list":{"0":"post-16900","1":"product","2":"type-product","3":"status-publish","4":"has-post-thumbnail","6":"product_cat-inne","7":"product_cat-treningi-mentalne-2024","8":"product_tag-moje-kursy","9":"","10":"woocommerce-text-align-left","11":"woocommerce-image-align-center","12":"do-quantity-buttons","14":"first","15":"instock","16":"virtual","17":"sold-individually","18":"taxable","19":"purchasable","20":"product-type-simple"},"bundled_by":[],"bundle_stock_status":"instock","bundle_stock_quantity":null,"bundle_virtual":false,"bundle_layout":"","bundle_add_to_cart_form_location":"","bundle_editable_in_cart":false,"bundle_sold_individually_context":"","bundle_item_grouping":"","bundle_min_size":"","bundle_max_size":"","bundle_price":[],"bundled_items":[],"bundle_sell_ids":[],"exclude_global_add_ons":[],"addons":[],"yoast_head":"<!-- This site is optimized with the Yoast SEO plugin v27.3 - https:\/\/yoast.com\/product\/yoast-seo-wordpress\/ -->\n<title>Trening Mentalny \u2013 GRUDZIE\u0143 2024 - Kursy Szko\u0142a Ducha<\/title>\n<meta name=\"robots\" content=\"index, follow, max-snippet:-1, max-image-preview:large, max-video-preview:-1\" \/>\n<link rel=\"canonical\" href=\"https:\/\/szkoladucha.pl\/kursy\/produkt\/trening-mentalny-grudzien\/\" \/>\n<meta property=\"og:locale\" content=\"pl_PL\" \/>\n<meta property=\"og:type\" content=\"article\" \/>\n<meta property=\"og:title\" content=\"Trening Mentalny \u2013 GRUDZIE\u0143 2024 - Kursy Szko\u0142a Ducha\" \/>\n<meta property=\"og:description\" content=\"Wzmocnij poczucie w\u0142asnej warto\u015bci i pewno\u015bci siebie! Zacznij realizowa\u0107 cele, kt\u00f3re drzemi\u0105 ukryte wewn\u0105trz Ciebie. \u017bycie, kt\u00f3rego pragniesz, pe\u0142ne harmonii i spokoju, jest bli\u017cej, ni\u017c my\u015blisz. Nie musisz ju\u017c odk\u0142ada\u0107 siebie na p\u00f3\u017aniej. Zapraszam Ci\u0119 na Trening Mentalny, kt\u00f3ry pomo\u017ce Ci odzyska\u0107 kontrol\u0119 nad codzienno\u015bci\u0105 i wprowadzi\u0107 trwa\u0142e zmiany w Twoim \u017cyciu.\" \/>\n<meta property=\"og:url\" content=\"https:\/\/szkoladucha.pl\/kursy\/produkt\/trening-mentalny-grudzien\/\" \/>\n<meta property=\"og:site_name\" content=\"Kursy Szko\u0142a Ducha\" \/>\n<meta property=\"article:modified_time\" content=\"2026-02-20T13:33:44+00:00\" \/>\n<meta name=\"twitter:card\" content=\"summary_large_image\" \/>\n<meta name=\"twitter:image\" content=\"https:\/\/szkoladucha.pl\/kursy\/wp-content\/uploads\/sites\/5\/2024\/11\/drAS-BOSKI-UMYSL-POCZUCIE-WLASNEJ-WARTOSCI.png\" \/>\n<meta name=\"twitter:label1\" content=\"Szacowany czas czytania\" \/>\n\t<meta name=\"twitter:data1\" content=\"2 minuty\" \/>\n<script type=\"application\/ld+json\" class=\"yoast-schema-graph\">{\"@context\":\"https:\\\/\\\/schema.org\",\"@graph\":[{\"@type\":\"WebPage\",\"@id\":\"https:\\\/\\\/szkoladucha.pl\\\/kursy\\\/produkt\\\/trening-mentalny-grudzien\\\/\",\"url\":\"https:\\\/\\\/szkoladucha.pl\\\/kursy\\\/produkt\\\/trening-mentalny-grudzien\\\/\",\"name\":\"Trening Mentalny \u2013 GRUDZIE\u0143 2024 - Kursy Szko\u0142a Ducha\",\"isPartOf\":{\"@id\":\"https:\\\/\\\/szkoladucha.pl\\\/kursy\\\/#website\"},\"primaryImageOfPage\":{\"@id\":\"https:\\\/\\\/szkoladucha.pl\\\/kursy\\\/produkt\\\/trening-mentalny-grudzien\\\/#primaryimage\"},\"image\":{\"@id\":\"https:\\\/\\\/szkoladucha.pl\\\/kursy\\\/produkt\\\/trening-mentalny-grudzien\\\/#primaryimage\"},\"thumbnailUrl\":\"https:\\\/\\\/szkoladucha.pl\\\/kursy\\\/wp-content\\\/uploads\\\/sites\\\/5\\\/2024\\\/11\\\/drAS-BOSKI-UMYSL-POCZUCIE-WLASNEJ-WARTOSCI.png\",\"datePublished\":\"2024-11-28T09:43:43+00:00\",\"dateModified\":\"2026-02-20T13:33:44+00:00\",\"breadcrumb\":{\"@id\":\"https:\\\/\\\/szkoladucha.pl\\\/kursy\\\/produkt\\\/trening-mentalny-grudzien\\\/#breadcrumb\"},\"inLanguage\":\"pl-PL\",\"potentialAction\":[{\"@type\":\"ReadAction\",\"target\":[\"https:\\\/\\\/szkoladucha.pl\\\/kursy\\\/produkt\\\/trening-mentalny-grudzien\\\/\"]}]},{\"@type\":\"ImageObject\",\"inLanguage\":\"pl-PL\",\"@id\":\"https:\\\/\\\/szkoladucha.pl\\\/kursy\\\/produkt\\\/trening-mentalny-grudzien\\\/#primaryimage\",\"url\":\"https:\\\/\\\/szkoladucha.pl\\\/kursy\\\/wp-content\\\/uploads\\\/sites\\\/5\\\/2024\\\/11\\\/drAS-BOSKI-UMYSL-POCZUCIE-WLASNEJ-WARTOSCI.png\",\"contentUrl\":\"https:\\\/\\\/szkoladucha.pl\\\/kursy\\\/wp-content\\\/uploads\\\/sites\\\/5\\\/2024\\\/11\\\/drAS-BOSKI-UMYSL-POCZUCIE-WLASNEJ-WARTOSCI.png\",\"width\":600,\"height\":640},{\"@type\":\"BreadcrumbList\",\"@id\":\"https:\\\/\\\/szkoladucha.pl\\\/kursy\\\/produkt\\\/trening-mentalny-grudzien\\\/#breadcrumb\",\"itemListElement\":[{\"@type\":\"ListItem\",\"position\":1,\"name\":\"Kursy\",\"item\":\"https:\\\/\\\/szkoladucha.pl\\\/kursy\\\/\"},{\"@type\":\"ListItem\",\"position\":2,\"name\":\"Kursy\",\"item\":\"https:\\\/\\\/szkoladucha.pl\\\/kursy\\\/\"},{\"@type\":\"ListItem\",\"position\":3,\"name\":\"Trening Mentalny \u2013 GRUDZIE\u0143 2024\"}]},{\"@type\":\"WebSite\",\"@id\":\"https:\\\/\\\/szkoladucha.pl\\\/kursy\\\/#website\",\"url\":\"https:\\\/\\\/szkoladucha.pl\\\/kursy\\\/\",\"name\":\"Kursy Szko\u0142a Ducha\",\"description\":\"Budujemy spo\u0142ecze\u0144stwo, kt\u00f3re \u015bwiadomie post\u0119puje zgodnie z planem.\",\"publisher\":{\"@id\":\"https:\\\/\\\/szkoladucha.pl\\\/kursy\\\/#organization\"},\"potentialAction\":[{\"@type\":\"SearchAction\",\"target\":{\"@type\":\"EntryPoint\",\"urlTemplate\":\"https:\\\/\\\/szkoladucha.pl\\\/kursy\\\/?s={search_term_string}\"},\"query-input\":{\"@type\":\"PropertyValueSpecification\",\"valueRequired\":true,\"valueName\":\"search_term_string\"}}],\"inLanguage\":\"pl-PL\"},{\"@type\":\"Organization\",\"@id\":\"https:\\\/\\\/szkoladucha.pl\\\/kursy\\\/#organization\",\"name\":\"Kursy Szko\u0142a Ducha\",\"url\":\"https:\\\/\\\/szkoladucha.pl\\\/kursy\\\/\",\"logo\":{\"@type\":\"ImageObject\",\"inLanguage\":\"pl-PL\",\"@id\":\"https:\\\/\\\/szkoladucha.pl\\\/kursy\\\/#\\\/schema\\\/logo\\\/image\\\/\",\"url\":\"https:\\\/\\\/szkoladucha.pl\\\/kursy\\\/wp-content\\\/uploads\\\/sites\\\/5\\\/2022\\\/02\\\/kursy-szkola-ducha-logo-beztla-180px.png\",\"contentUrl\":\"https:\\\/\\\/szkoladucha.pl\\\/kursy\\\/wp-content\\\/uploads\\\/sites\\\/5\\\/2022\\\/02\\\/kursy-szkola-ducha-logo-beztla-180px.png\",\"width\":180,\"height\":60,\"caption\":\"Kursy Szko\u0142a Ducha\"},\"image\":{\"@id\":\"https:\\\/\\\/szkoladucha.pl\\\/kursy\\\/#\\\/schema\\\/logo\\\/image\\\/\"}}]}<\/script>\n<!-- \/ Yoast SEO plugin. -->","yoast_head_json":{"title":"Trening Mentalny \u2013 GRUDZIE\u0143 2024 - Kursy Szko\u0142a Ducha","robots":{"index":"index","follow":"follow","max-snippet":"max-snippet:-1","max-image-preview":"max-image-preview:large","max-video-preview":"max-video-preview:-1"},"canonical":"https:\/\/szkoladucha.pl\/kursy\/produkt\/trening-mentalny-grudzien\/","og_locale":"pl_PL","og_type":"article","og_title":"Trening Mentalny \u2013 GRUDZIE\u0143 2024 - Kursy Szko\u0142a Ducha","og_description":"Wzmocnij poczucie w\u0142asnej warto\u015bci i pewno\u015bci siebie! Zacznij realizowa\u0107 cele, kt\u00f3re drzemi\u0105 ukryte wewn\u0105trz Ciebie. \u017bycie, kt\u00f3rego pragniesz, pe\u0142ne harmonii i spokoju, jest bli\u017cej, ni\u017c my\u015blisz. Nie musisz ju\u017c odk\u0142ada\u0107 siebie na p\u00f3\u017aniej. Zapraszam Ci\u0119 na Trening Mentalny, kt\u00f3ry pomo\u017ce Ci odzyska\u0107 kontrol\u0119 nad codzienno\u015bci\u0105 i wprowadzi\u0107 trwa\u0142e zmiany w Twoim \u017cyciu.","og_url":"https:\/\/szkoladucha.pl\/kursy\/produkt\/trening-mentalny-grudzien\/","og_site_name":"Kursy Szko\u0142a Ducha","article_modified_time":"2026-02-20T13:33:44+00:00","twitter_card":"summary_large_image","twitter_image":"https:\/\/szkoladucha.pl\/kursy\/wp-content\/uploads\/sites\/5\/2024\/11\/drAS-BOSKI-UMYSL-POCZUCIE-WLASNEJ-WARTOSCI.png","twitter_misc":{"Szacowany czas czytania":"2 minuty"},"schema":{"@context":"https:\/\/schema.org","@graph":[{"@type":"WebPage","@id":"https:\/\/szkoladucha.pl\/kursy\/produkt\/trening-mentalny-grudzien\/","url":"https:\/\/szkoladucha.pl\/kursy\/produkt\/trening-mentalny-grudzien\/","name":"Trening Mentalny \u2013 GRUDZIE\u0143 2024 - Kursy Szko\u0142a Ducha","isPartOf":{"@id":"https:\/\/szkoladucha.pl\/kursy\/#website"},"primaryImageOfPage":{"@id":"https:\/\/szkoladucha.pl\/kursy\/produkt\/trening-mentalny-grudzien\/#primaryimage"},"image":{"@id":"https:\/\/szkoladucha.pl\/kursy\/produkt\/trening-mentalny-grudzien\/#primaryimage"},"thumbnailUrl":"https:\/\/szkoladucha.pl\/kursy\/wp-content\/uploads\/sites\/5\/2024\/11\/drAS-BOSKI-UMYSL-POCZUCIE-WLASNEJ-WARTOSCI.png","datePublished":"2024-11-28T09:43:43+00:00","dateModified":"2026-02-20T13:33:44+00:00","breadcrumb":{"@id":"https:\/\/szkoladucha.pl\/kursy\/produkt\/trening-mentalny-grudzien\/#breadcrumb"},"inLanguage":"pl-PL","potentialAction":[{"@type":"ReadAction","target":["https:\/\/szkoladucha.pl\/kursy\/produkt\/trening-mentalny-grudzien\/"]}]},{"@type":"ImageObject","inLanguage":"pl-PL","@id":"https:\/\/szkoladucha.pl\/kursy\/produkt\/trening-mentalny-grudzien\/#primaryimage","url":"https:\/\/szkoladucha.pl\/kursy\/wp-content\/uploads\/sites\/5\/2024\/11\/drAS-BOSKI-UMYSL-POCZUCIE-WLASNEJ-WARTOSCI.png","contentUrl":"https:\/\/szkoladucha.pl\/kursy\/wp-content\/uploads\/sites\/5\/2024\/11\/drAS-BOSKI-UMYSL-POCZUCIE-WLASNEJ-WARTOSCI.png","width":600,"height":640},{"@type":"BreadcrumbList","@id":"https:\/\/szkoladucha.pl\/kursy\/produkt\/trening-mentalny-grudzien\/#breadcrumb","itemListElement":[{"@type":"ListItem","position":1,"name":"Kursy","item":"https:\/\/szkoladucha.pl\/kursy\/"},{"@type":"ListItem","position":2,"name":"Kursy","item":"https:\/\/szkoladucha.pl\/kursy\/"},{"@type":"ListItem","position":3,"name":"Trening Mentalny \u2013 GRUDZIE\u0143 2024"}]},{"@type":"WebSite","@id":"https:\/\/szkoladucha.pl\/kursy\/#website","url":"https:\/\/szkoladucha.pl\/kursy\/","name":"Kursy Szko\u0142a Ducha","description":"Budujemy spo\u0142ecze\u0144stwo, kt\u00f3re \u015bwiadomie post\u0119puje zgodnie z planem.","publisher":{"@id":"https:\/\/szkoladucha.pl\/kursy\/#organization"},"potentialAction":[{"@type":"SearchAction","target":{"@type":"EntryPoint","urlTemplate":"https:\/\/szkoladucha.pl\/kursy\/?s={search_term_string}"},"query-input":{"@type":"PropertyValueSpecification","valueRequired":true,"valueName":"search_term_string"}}],"inLanguage":"pl-PL"},{"@type":"Organization","@id":"https:\/\/szkoladucha.pl\/kursy\/#organization","name":"Kursy Szko\u0142a Ducha","url":"https:\/\/szkoladucha.pl\/kursy\/","logo":{"@type":"ImageObject","inLanguage":"pl-PL","@id":"https:\/\/szkoladucha.pl\/kursy\/#\/schema\/logo\/image\/","url":"https:\/\/szkoladucha.pl\/kursy\/wp-content\/uploads\/sites\/5\/2022\/02\/kursy-szkola-ducha-logo-beztla-180px.png","contentUrl":"https:\/\/szkoladucha.pl\/kursy\/wp-content\/uploads\/sites\/5\/2022\/02\/kursy-szkola-ducha-logo-beztla-180px.png","width":180,"height":60,"caption":"Kursy Szko\u0142a Ducha"},"image":{"@id":"https:\/\/szkoladucha.pl\/kursy\/#\/schema\/logo\/image\/"}}]}},"_links":{"self":[{"href":"https:\/\/szkoladucha.pl\/kursy\/wp-json\/wp\/v2\/product\/16900","targetHints":{"allow":["GET"]}}],"collection":[{"href":"https:\/\/szkoladucha.pl\/kursy\/wp-json\/wp\/v2\/product"}],"about":[{"href":"https:\/\/szkoladucha.pl\/kursy\/wp-json\/wp\/v2\/types\/product"}],"replies":[{"embeddable":true,"href":"https:\/\/szkoladucha.pl\/kursy\/wp-json\/wp\/v2\/comments?post=16900"}],"wp:featuredmedia":[{"embeddable":true,"href":"https:\/\/szkoladucha.pl\/kursy\/wp-json\/wp\/v2\/media\/16893"}],"wp:attachment":[{"href":"https:\/\/szkoladucha.pl\/kursy\/wp-json\/wp\/v2\/media?parent=16900"}],"wp:term":[{"taxonomy":"product_brand","embeddable":true,"href":"https:\/\/szkoladucha.pl\/kursy\/wp-json\/wp\/v2\/product_brand?post=16900"},{"taxonomy":"product_cat","embeddable":true,"href":"https:\/\/szkoladucha.pl\/kursy\/wp-json\/wp\/v2\/product_cat?post=16900"},{"taxonomy":"product_tag","embeddable":true,"href":"https:\/\/szkoladucha.pl\/kursy\/wp-json\/wp\/v2\/product_tag?post=16900"}],"curies":[{"name":"wp","href":"https:\/\/api.w.org\/{rel}","templated":true}]}}