{"id":17965,"date":"2025-03-27T12:13:53","date_gmt":"2025-03-27T11:13:53","guid":{"rendered":"https:\/\/szkoladucha.pl\/kursy\/?post_type=product&#038;p=17965"},"modified":"2026-02-25T11:20:28","modified_gmt":"2026-02-25T10:20:28","slug":"trening-mentalny-kwiecien","status":"publish","type":"product","link":"https:\/\/szkoladucha.pl\/kursy\/produkt\/trening-mentalny-kwiecien\/","title":{"rendered":"Trening Mentalny \u2013 KWIECIE\u0143 2025"},"content":{"rendered":"<article class=\"text-token-text-primary w-full focus:outline-none scroll-mt-[calc(var(--header-height)+min(200px,max(70px,20svh)))]\" dir=\"auto\" data-turn-id=\"request-WEB:94e87d24-39a0-466e-aa01-4305de5d6c9c-37\" data-testid=\"conversation-turn-30\" data-scroll-anchor=\"true\" data-turn=\"assistant\">\n<div class=\"text-base my-auto mx-auto pb-10 [--thread-content-margin:--spacing(4)] thread-sm:[--thread-content-margin:--spacing(6)] thread-lg:[--thread-content-margin:--spacing(16)] px-(--thread-content-margin)\">\n<div class=\"[--thread-content-max-width:40rem] thread-lg:[--thread-content-max-width:48rem] mx-auto max-w-(--thread-content-max-width) flex-1 group\/turn-messages focus-visible:outline-hidden relative flex w-full min-w-0 flex-col agent-turn\">\n<div class=\"flex max-w-full flex-col grow\">\n<div class=\"min-h-8 text-message relative flex w-full flex-col items-end gap-2 text-start break-words whitespace-normal [.text-message+&amp;]:mt-5\" dir=\"auto\" data-message-author-role=\"assistant\" data-message-id=\"693543e4-2e10-48df-8bfc-6f918407f5be\" data-message-model-slug=\"gpt-5-thinking\">\n<div class=\"flex w-full flex-col gap-1 empty:hidden first:pt-[1px]\">\n<div class=\"markdown prose dark:prose-invert w-full break-words light markdown-new-styling\">\n<p data-start=\"298\" data-end=\"708\" data-is-last-node=\"\" data-is-only-node=\"\">Podczas trening\u00f3w dowiesz si\u0119, jak funkcjonuj\u0105 Twoje emocje i jak uwalnia\u0107 to, co Ci\u0119 blokuje. Prze\u0107wiczysz praktyki regulacji, wdzi\u0119czno\u015b\u0107 na co dzie\u0144 oraz prac\u0119 z poczuciem winy, by odzyska\u0107 sp\u00f3jno\u015b\u0107 i wp\u0142yw na decyzje.<\/p>\n<\/div>\n<\/div>\n<\/div>\n<\/div>\n<\/div>\n<\/div>\n<\/article>\n<h3 data-start=\"424\" data-end=\"446\"><strong data-start=\"428\" data-end=\"444\">W programie:<\/strong><\/h3>\n<p data-start=\"448\" data-end=\"585\">\u2714\ufe0f Otrzymasz <strong>solidn\u0105 dawk\u0119 wiedzy<\/strong> dotycz\u0105c\u0105 funkcjonowania Twoim emocji.<br \/>\n\u2714\ufe0f <strong>Uwolnisz t\u0142umione od lat emocje<\/strong>, kt\u00f3re blokuj\u0105 Tw\u00f3j potencja\u0142.<br \/>\n\u2714\ufe0f Zaczniesz praktykowa\u0107 codzienn\u0105 <strong>wdzi\u0119czno\u015b\u0107.<\/strong><br \/>\n\u2714\ufe0f Przestaniesz \u017cy\u0107 w\u00a0<strong>ci\u0105g\u0142ym poczuciu winy\u00a0<\/strong>i do\u015bwiadczysz wewn\u0119trznej wolno\u015bci.<br \/>\n\u2714\ufe0f Zaczniesz <strong>\u017cy\u0107 w pe\u0142ni swojego potencja\u0142u<\/strong> zgodnie z Twoimi warto\u015bciami.<\/p>\n<h3 data-start=\"1171\" data-end=\"1216\"><strong data-start=\"1175\" data-end=\"1214\">Co otrzymasz?<\/strong><\/h3>\n<p><strong>\ud83c\udf99\ufe0f Nagrania 4 spotka\u0144:<\/strong><\/p>\n<ul>\n<li>Jak rozbroi\u0107 emocjonalne blokady? 11 emocji, kt\u00f3re trzymaj\u0105 Ci\u0119 w miejscu<\/li>\n<li>Uwolnij op\u00f3r, odkryj sw\u00f3j potencja\u0142<\/li>\n<li>Otw\u00f3rz si\u0119 na sw\u00f3j potencja\u0142<\/li>\n<li>Uwalnianie poczucia winy i otwarcie na potencja\u0142<\/li>\n<\/ul>\n<p><strong><span class=\"x1c3i2sq x19la9d6 x1fc57z9 xexx8yu x1ccui7m x18d9i69 x18pi947 x6ikm8r x10wlt62 x19co3pv x11tp94h xfibh0p xiy17q3 x1xsqp64\"><span class=\"\">\ud83d\udcda <\/span><\/span>4 workbooki\u00a0<\/strong>do pracy indywidualnej, z kt\u00f3rymi pog\u0142\u0119bisz prac\u0119 nad swoim umys\u0142em i lepiej poznasz siebie.<\/p>\n<p><strong>BONUS: &#8220;Kalendarz wdzi\u0119czno\u015bci&#8221;<\/strong>, z kt\u00f3rym zaczniesz piel\u0119gnowa\u0107 codzienne dostrzeganie dobra, wzmocnisz motywacj\u0119 i \u015bwiadomie ukszta\u0142tujesz swoje my\u015bli i emocje.<\/p>\n<h3 data-start=\"1171\" data-end=\"1216\"><strong data-start=\"1175\" data-end=\"1214\">Ten trening jest dla Ciebie, je\u015bli:<\/strong><\/h3>\n<p data-start=\"1218\" data-end=\"1688\">\u2705 Czujesz, \u017ce <strong data-start=\"54\" data-end=\"80\">t\u0142umione od lat emocje<\/strong> zatrzymuj\u0105 Ci\u0119 w miejscu i chcesz je bezpiecznie uwolni\u0107.<br \/>\n\u2705 Masz <strong data-start=\"384\" data-end=\"409\">op\u00f3r przed dzia\u0142aniem<\/strong> lub boisz si\u0119 \u201ep\u00f3j\u015b\u0107 po swoje\u201d &#8211; chcesz odblokowa\u0107 potencja\u0142 bez presji i walki ze sob\u0105.<br \/>\n\u2705 \u017byjesz w <strong data-start=\"157\" data-end=\"174\">poczuciu winy<\/strong> i pragniesz wr\u00f3ci\u0107 do bycia blisko siebie.<br \/>\n\u2705 Czujesz rozd\u017awi\u0119k mi\u0119dzy tym, co robisz, a <strong data-start=\"544\" data-end=\"566\">Twoimi warto\u015bciami i pragnieniami.<\/strong><\/p>\n","protected":false},"excerpt":{"rendered":"<h2 class=\"gb-headline gb-headline-a84460d0 gb-headline-text\">Trening Mentalny to Twoje wsparcie w odblokowaniu Twojego potencja\u0142u!<\/h2>\n<p data-start=\"0\" data-end=\"296\">Uwolnij t\u0142umione emocje i wr\u00f3\u0107 do siebie bez poczucia winy. Ten trening da Ci proste narz\u0119dzia regulacji, codzienn\u0105 praktyk\u0119 wdzi\u0119czno\u015bci i jasno\u015b\u0107, jak \u017cy\u0107 w pe\u0142ni swojego potencja\u0142u &#8211; w zgodzie z warto\u015bciami. Do\u0142\u0105cz i poczuj realn\u0105 zmian\u0119 od pierwszego tygodnia.<\/p>\n","protected":false},"featured_media":18333,"comment_status":"open","ping_status":"closed","template":"","meta":[],"product_brand":[],"product_cat":[296],"product_tag":[289],"class_list":{"0":"post-17965","1":"product","2":"type-product","3":"status-publish","4":"has-post-thumbnail","6":"product_cat-trening-mentalny-2025","7":"product_tag-moje-kursy","8":"","9":"woocommerce-text-align-left","10":"woocommerce-image-align-center","11":"do-quantity-buttons","13":"first","14":"instock","15":"virtual","16":"sold-individually","17":"taxable","18":"purchasable","19":"product-type-simple"},"bundled_by":[],"bundle_stock_status":"instock","bundle_stock_quantity":null,"bundle_virtual":false,"bundle_layout":"","bundle_add_to_cart_form_location":"","bundle_editable_in_cart":false,"bundle_sold_individually_context":"","bundle_item_grouping":"","bundle_min_size":"","bundle_max_size":"","bundle_price":[],"bundled_items":[],"bundle_sell_ids":[],"exclude_global_add_ons":[],"addons":[],"yoast_head":"<!-- This site is optimized with the Yoast SEO plugin v27.3 - https:\/\/yoast.com\/product\/yoast-seo-wordpress\/ -->\n<title>Trening Mentalny \u2013 KWIECIE\u0143 2025 - Kursy Szko\u0142a Ducha<\/title>\n<meta name=\"robots\" content=\"index, follow, max-snippet:-1, max-image-preview:large, max-video-preview:-1\" \/>\n<link rel=\"canonical\" href=\"https:\/\/szkoladucha.pl\/kursy\/produkt\/trening-mentalny-kwiecien\/\" \/>\n<meta property=\"og:locale\" content=\"pl_PL\" \/>\n<meta property=\"og:type\" content=\"article\" \/>\n<meta property=\"og:title\" content=\"Trening Mentalny \u2013 KWIECIE\u0143 2025 - Kursy Szko\u0142a Ducha\" \/>\n<meta property=\"og:description\" content=\"Trening Mentalny to Twoje wsparcie w odblokowaniu Twojego potencja\u0142u! Uwolnij t\u0142umione emocje i wr\u00f3\u0107 do siebie bez poczucia winy. Ten trening da Ci proste narz\u0119dzia regulacji, codzienn\u0105 praktyk\u0119 wdzi\u0119czno\u015bci i jasno\u015b\u0107, jak \u017cy\u0107 w pe\u0142ni swojego potencja\u0142u - w zgodzie z warto\u015bciami. Do\u0142\u0105cz i poczuj realn\u0105 zmian\u0119 od pierwszego tygodnia.\" \/>\n<meta property=\"og:url\" content=\"https:\/\/szkoladucha.pl\/kursy\/produkt\/trening-mentalny-kwiecien\/\" \/>\n<meta property=\"og:site_name\" content=\"Kursy Szko\u0142a Ducha\" \/>\n<meta property=\"article:modified_time\" content=\"2026-02-25T10:20:28+00:00\" \/>\n<meta property=\"og:image\" content=\"https:\/\/szkoladucha.pl\/kursy\/wp-content\/uploads\/sites\/5\/2025\/02\/drAS_TM2025_odwaga_mockup.png\" \/>\n\t<meta property=\"og:image:width\" content=\"600\" \/>\n\t<meta property=\"og:image:height\" content=\"640\" \/>\n\t<meta property=\"og:image:type\" content=\"image\/png\" \/>\n<meta name=\"twitter:card\" content=\"summary_large_image\" \/>\n<meta name=\"twitter:label1\" content=\"Szacowany czas czytania\" \/>\n\t<meta name=\"twitter:data1\" content=\"2 minuty\" \/>\n<script type=\"application\/ld+json\" class=\"yoast-schema-graph\">{\"@context\":\"https:\\\/\\\/schema.org\",\"@graph\":[{\"@type\":\"WebPage\",\"@id\":\"https:\\\/\\\/szkoladucha.pl\\\/kursy\\\/produkt\\\/trening-mentalny-kwiecien\\\/\",\"url\":\"https:\\\/\\\/szkoladucha.pl\\\/kursy\\\/produkt\\\/trening-mentalny-kwiecien\\\/\",\"name\":\"Trening Mentalny \u2013 KWIECIE\u0143 2025 - Kursy Szko\u0142a Ducha\",\"isPartOf\":{\"@id\":\"https:\\\/\\\/szkoladucha.pl\\\/kursy\\\/#website\"},\"primaryImageOfPage\":{\"@id\":\"https:\\\/\\\/szkoladucha.pl\\\/kursy\\\/produkt\\\/trening-mentalny-kwiecien\\\/#primaryimage\"},\"image\":{\"@id\":\"https:\\\/\\\/szkoladucha.pl\\\/kursy\\\/produkt\\\/trening-mentalny-kwiecien\\\/#primaryimage\"},\"thumbnailUrl\":\"https:\\\/\\\/szkoladucha.pl\\\/kursy\\\/wp-content\\\/uploads\\\/sites\\\/5\\\/2025\\\/03\\\/2025-04-TM-KWI-mockup-kopia.png\",\"datePublished\":\"2025-03-27T11:13:53+00:00\",\"dateModified\":\"2026-02-25T10:20:28+00:00\",\"breadcrumb\":{\"@id\":\"https:\\\/\\\/szkoladucha.pl\\\/kursy\\\/produkt\\\/trening-mentalny-kwiecien\\\/#breadcrumb\"},\"inLanguage\":\"pl-PL\",\"potentialAction\":[{\"@type\":\"ReadAction\",\"target\":[\"https:\\\/\\\/szkoladucha.pl\\\/kursy\\\/produkt\\\/trening-mentalny-kwiecien\\\/\"]}]},{\"@type\":\"ImageObject\",\"inLanguage\":\"pl-PL\",\"@id\":\"https:\\\/\\\/szkoladucha.pl\\\/kursy\\\/produkt\\\/trening-mentalny-kwiecien\\\/#primaryimage\",\"url\":\"https:\\\/\\\/szkoladucha.pl\\\/kursy\\\/wp-content\\\/uploads\\\/sites\\\/5\\\/2025\\\/03\\\/2025-04-TM-KWI-mockup-kopia.png\",\"contentUrl\":\"https:\\\/\\\/szkoladucha.pl\\\/kursy\\\/wp-content\\\/uploads\\\/sites\\\/5\\\/2025\\\/03\\\/2025-04-TM-KWI-mockup-kopia.png\",\"width\":350,\"height\":373},{\"@type\":\"BreadcrumbList\",\"@id\":\"https:\\\/\\\/szkoladucha.pl\\\/kursy\\\/produkt\\\/trening-mentalny-kwiecien\\\/#breadcrumb\",\"itemListElement\":[{\"@type\":\"ListItem\",\"position\":1,\"name\":\"Kursy\",\"item\":\"https:\\\/\\\/szkoladucha.pl\\\/kursy\\\/\"},{\"@type\":\"ListItem\",\"position\":2,\"name\":\"Kursy\",\"item\":\"https:\\\/\\\/szkoladucha.pl\\\/kursy\\\/\"},{\"@type\":\"ListItem\",\"position\":3,\"name\":\"Trening Mentalny \u2013 KWIECIE\u0143 2025\"}]},{\"@type\":\"WebSite\",\"@id\":\"https:\\\/\\\/szkoladucha.pl\\\/kursy\\\/#website\",\"url\":\"https:\\\/\\\/szkoladucha.pl\\\/kursy\\\/\",\"name\":\"Kursy Szko\u0142a Ducha\",\"description\":\"Budujemy spo\u0142ecze\u0144stwo, kt\u00f3re \u015bwiadomie post\u0119puje zgodnie z planem.\",\"publisher\":{\"@id\":\"https:\\\/\\\/szkoladucha.pl\\\/kursy\\\/#organization\"},\"potentialAction\":[{\"@type\":\"SearchAction\",\"target\":{\"@type\":\"EntryPoint\",\"urlTemplate\":\"https:\\\/\\\/szkoladucha.pl\\\/kursy\\\/?s={search_term_string}\"},\"query-input\":{\"@type\":\"PropertyValueSpecification\",\"valueRequired\":true,\"valueName\":\"search_term_string\"}}],\"inLanguage\":\"pl-PL\"},{\"@type\":\"Organization\",\"@id\":\"https:\\\/\\\/szkoladucha.pl\\\/kursy\\\/#organization\",\"name\":\"Kursy Szko\u0142a Ducha\",\"url\":\"https:\\\/\\\/szkoladucha.pl\\\/kursy\\\/\",\"logo\":{\"@type\":\"ImageObject\",\"inLanguage\":\"pl-PL\",\"@id\":\"https:\\\/\\\/szkoladucha.pl\\\/kursy\\\/#\\\/schema\\\/logo\\\/image\\\/\",\"url\":\"https:\\\/\\\/szkoladucha.pl\\\/kursy\\\/wp-content\\\/uploads\\\/sites\\\/5\\\/2022\\\/02\\\/kursy-szkola-ducha-logo-beztla-180px.png\",\"contentUrl\":\"https:\\\/\\\/szkoladucha.pl\\\/kursy\\\/wp-content\\\/uploads\\\/sites\\\/5\\\/2022\\\/02\\\/kursy-szkola-ducha-logo-beztla-180px.png\",\"width\":180,\"height\":60,\"caption\":\"Kursy Szko\u0142a Ducha\"},\"image\":{\"@id\":\"https:\\\/\\\/szkoladucha.pl\\\/kursy\\\/#\\\/schema\\\/logo\\\/image\\\/\"}}]}<\/script>\n<!-- \/ Yoast SEO plugin. -->","yoast_head_json":{"title":"Trening Mentalny \u2013 KWIECIE\u0143 2025 - Kursy Szko\u0142a Ducha","robots":{"index":"index","follow":"follow","max-snippet":"max-snippet:-1","max-image-preview":"max-image-preview:large","max-video-preview":"max-video-preview:-1"},"canonical":"https:\/\/szkoladucha.pl\/kursy\/produkt\/trening-mentalny-kwiecien\/","og_locale":"pl_PL","og_type":"article","og_title":"Trening Mentalny \u2013 KWIECIE\u0143 2025 - Kursy Szko\u0142a Ducha","og_description":"Trening Mentalny to Twoje wsparcie w odblokowaniu Twojego potencja\u0142u! Uwolnij t\u0142umione emocje i wr\u00f3\u0107 do siebie bez poczucia winy. Ten trening da Ci proste narz\u0119dzia regulacji, codzienn\u0105 praktyk\u0119 wdzi\u0119czno\u015bci i jasno\u015b\u0107, jak \u017cy\u0107 w pe\u0142ni swojego potencja\u0142u - w zgodzie z warto\u015bciami. Do\u0142\u0105cz i poczuj realn\u0105 zmian\u0119 od pierwszego tygodnia.","og_url":"https:\/\/szkoladucha.pl\/kursy\/produkt\/trening-mentalny-kwiecien\/","og_site_name":"Kursy Szko\u0142a Ducha","article_modified_time":"2026-02-25T10:20:28+00:00","og_image":[{"width":600,"height":640,"url":"https:\/\/szkoladucha.pl\/kursy\/wp-content\/uploads\/sites\/5\/2025\/02\/drAS_TM2025_odwaga_mockup.png","type":"image\/png"}],"twitter_card":"summary_large_image","twitter_misc":{"Szacowany czas czytania":"2 minuty"},"schema":{"@context":"https:\/\/schema.org","@graph":[{"@type":"WebPage","@id":"https:\/\/szkoladucha.pl\/kursy\/produkt\/trening-mentalny-kwiecien\/","url":"https:\/\/szkoladucha.pl\/kursy\/produkt\/trening-mentalny-kwiecien\/","name":"Trening Mentalny \u2013 KWIECIE\u0143 2025 - Kursy Szko\u0142a Ducha","isPartOf":{"@id":"https:\/\/szkoladucha.pl\/kursy\/#website"},"primaryImageOfPage":{"@id":"https:\/\/szkoladucha.pl\/kursy\/produkt\/trening-mentalny-kwiecien\/#primaryimage"},"image":{"@id":"https:\/\/szkoladucha.pl\/kursy\/produkt\/trening-mentalny-kwiecien\/#primaryimage"},"thumbnailUrl":"https:\/\/szkoladucha.pl\/kursy\/wp-content\/uploads\/sites\/5\/2025\/03\/2025-04-TM-KWI-mockup-kopia.png","datePublished":"2025-03-27T11:13:53+00:00","dateModified":"2026-02-25T10:20:28+00:00","breadcrumb":{"@id":"https:\/\/szkoladucha.pl\/kursy\/produkt\/trening-mentalny-kwiecien\/#breadcrumb"},"inLanguage":"pl-PL","potentialAction":[{"@type":"ReadAction","target":["https:\/\/szkoladucha.pl\/kursy\/produkt\/trening-mentalny-kwiecien\/"]}]},{"@type":"ImageObject","inLanguage":"pl-PL","@id":"https:\/\/szkoladucha.pl\/kursy\/produkt\/trening-mentalny-kwiecien\/#primaryimage","url":"https:\/\/szkoladucha.pl\/kursy\/wp-content\/uploads\/sites\/5\/2025\/03\/2025-04-TM-KWI-mockup-kopia.png","contentUrl":"https:\/\/szkoladucha.pl\/kursy\/wp-content\/uploads\/sites\/5\/2025\/03\/2025-04-TM-KWI-mockup-kopia.png","width":350,"height":373},{"@type":"BreadcrumbList","@id":"https:\/\/szkoladucha.pl\/kursy\/produkt\/trening-mentalny-kwiecien\/#breadcrumb","itemListElement":[{"@type":"ListItem","position":1,"name":"Kursy","item":"https:\/\/szkoladucha.pl\/kursy\/"},{"@type":"ListItem","position":2,"name":"Kursy","item":"https:\/\/szkoladucha.pl\/kursy\/"},{"@type":"ListItem","position":3,"name":"Trening Mentalny \u2013 KWIECIE\u0143 2025"}]},{"@type":"WebSite","@id":"https:\/\/szkoladucha.pl\/kursy\/#website","url":"https:\/\/szkoladucha.pl\/kursy\/","name":"Kursy Szko\u0142a Ducha","description":"Budujemy spo\u0142ecze\u0144stwo, kt\u00f3re \u015bwiadomie post\u0119puje zgodnie z planem.","publisher":{"@id":"https:\/\/szkoladucha.pl\/kursy\/#organization"},"potentialAction":[{"@type":"SearchAction","target":{"@type":"EntryPoint","urlTemplate":"https:\/\/szkoladucha.pl\/kursy\/?s={search_term_string}"},"query-input":{"@type":"PropertyValueSpecification","valueRequired":true,"valueName":"search_term_string"}}],"inLanguage":"pl-PL"},{"@type":"Organization","@id":"https:\/\/szkoladucha.pl\/kursy\/#organization","name":"Kursy Szko\u0142a Ducha","url":"https:\/\/szkoladucha.pl\/kursy\/","logo":{"@type":"ImageObject","inLanguage":"pl-PL","@id":"https:\/\/szkoladucha.pl\/kursy\/#\/schema\/logo\/image\/","url":"https:\/\/szkoladucha.pl\/kursy\/wp-content\/uploads\/sites\/5\/2022\/02\/kursy-szkola-ducha-logo-beztla-180px.png","contentUrl":"https:\/\/szkoladucha.pl\/kursy\/wp-content\/uploads\/sites\/5\/2022\/02\/kursy-szkola-ducha-logo-beztla-180px.png","width":180,"height":60,"caption":"Kursy Szko\u0142a Ducha"},"image":{"@id":"https:\/\/szkoladucha.pl\/kursy\/#\/schema\/logo\/image\/"}}]}},"_links":{"self":[{"href":"https:\/\/szkoladucha.pl\/kursy\/wp-json\/wp\/v2\/product\/17965","targetHints":{"allow":["GET"]}}],"collection":[{"href":"https:\/\/szkoladucha.pl\/kursy\/wp-json\/wp\/v2\/product"}],"about":[{"href":"https:\/\/szkoladucha.pl\/kursy\/wp-json\/wp\/v2\/types\/product"}],"replies":[{"embeddable":true,"href":"https:\/\/szkoladucha.pl\/kursy\/wp-json\/wp\/v2\/comments?post=17965"}],"wp:featuredmedia":[{"embeddable":true,"href":"https:\/\/szkoladucha.pl\/kursy\/wp-json\/wp\/v2\/media\/18333"}],"wp:attachment":[{"href":"https:\/\/szkoladucha.pl\/kursy\/wp-json\/wp\/v2\/media?parent=17965"}],"wp:term":[{"taxonomy":"product_brand","embeddable":true,"href":"https:\/\/szkoladucha.pl\/kursy\/wp-json\/wp\/v2\/product_brand?post=17965"},{"taxonomy":"product_cat","embeddable":true,"href":"https:\/\/szkoladucha.pl\/kursy\/wp-json\/wp\/v2\/product_cat?post=17965"},{"taxonomy":"product_tag","embeddable":true,"href":"https:\/\/szkoladucha.pl\/kursy\/wp-json\/wp\/v2\/product_tag?post=17965"}],"curies":[{"name":"wp","href":"https:\/\/api.w.org\/{rel}","templated":true}]}}