{"id":18389,"date":"2025-04-28T15:25:58","date_gmt":"2025-04-28T13:25:58","guid":{"rendered":"https:\/\/szkoladucha.pl\/kursy\/?post_type=product&#038;p=18389"},"modified":"2025-12-09T16:00:17","modified_gmt":"2025-12-09T15:00:17","slug":"trening-mentalny-lipiec","status":"publish","type":"product","link":"https:\/\/szkoladucha.pl\/kursy\/produkt\/trening-mentalny-lipiec\/","title":{"rendered":"Trening Mentalny \u2013 LIPIEC 2025"},"content":{"rendered":"<p>W lipcu naucz si\u0119 <span style=\"font-weight: 400;\">regulowa\u0107 emocje, uspokaja\u0107 napi\u0119cia i tworzy\u0107 bezpieczne miejsce w sobie. Wyjd\u017a z trybu przetrwania, kt\u00f3ry niszczy Tw\u00f3j wewn\u0119trzny spok\u00f3j i zacznij budowa\u0107 \u017cycie na swoich zasadach.<\/span><\/p>\n<h3 data-start=\"424\" data-end=\"446\"><strong data-start=\"428\" data-end=\"444\">W programie:<\/strong><\/h3>\n<p data-start=\"448\" data-end=\"585\">\u2714\ufe0f <b>Uwalnianie emocji i kasowanie fa\u0142szywych program\u00f3w<\/b><span style=\"font-weight: 400;\">, kt\u00f3re Ci\u0119 zatrzymuj\u0105.<\/span><br \/>\n\u2714\ufe0f <strong>Rozbroimy programy my\u015blowe<\/strong>, kt\u00f3re ograniczaj\u0105 Tw\u00f3j potencja\u0142.<br \/>\n\u2714\ufe0f Odkryjemy <strong>\u017ar\u00f3d\u0142a Twojego braku zaufania do samej siebie<\/strong>, wr\u00f3cisz do siebie i odbudujesz wspieraj\u0105ce Ci\u0119 my\u015blenie.<br \/>\n\u2714\ufe0f <span style=\"font-weight: 400;\">Nauczysz si\u0119 zatrzymywa\u0107, <strong>wycisza\u0107 emocjonalny ha\u0142as i dawa\u0107 sobie przestrze\u0144<\/strong>.<\/span><br \/>\n\u2714\ufe0f Odkryjemy <strong>\u017ar\u00f3d\u0142a Twojego l\u0119ku i wstydu<\/strong>, dzi\u0119ki czemu utorujemy drog\u0119 do <strong>\u017cycia pe\u0142nego odwagi.<\/strong><\/p>\n<h3 data-start=\"1171\" data-end=\"1216\"><strong data-start=\"1175\" data-end=\"1214\">Co otrzymasz?<\/strong><\/h3>\n<p><strong>\ud83c\udf99\ufe0f Nagrania 4 spotka\u0144:<\/strong><\/p>\n<ul>\n<li>Odkryj, co Ci\u0119 ogranicza<\/li>\n<li>Duma &#8211; Tw\u00f3j niewidzialny wr\u00f3g<\/li>\n<li>Odkryj wewn\u0119trzne schematy autoagresji<\/li>\n<li>Przeprawa przez \u017ar\u00f3d\u0142a Twojego wstydu: uwolnij odwag\u0119!<\/li>\n<\/ul>\n<p><strong><span class=\"x1c3i2sq x19la9d6 x1fc57z9 xexx8yu x1ccui7m x18d9i69 x18pi947 x6ikm8r x10wlt62 x19co3pv x11tp94h xfibh0p xiy17q3 x1xsqp64\"><span class=\"\">\ud83d\udcda <\/span><\/span>4 workbooki\u00a0<\/strong>do pracy indywidualnej, z kt\u00f3rymi pog\u0142\u0119bisz prac\u0119 nad swoim umys\u0142em i lepiej poznasz siebie.<\/p>\n<h3 data-start=\"1171\" data-end=\"1216\"><strong data-start=\"1175\" data-end=\"1214\">Ten trening jest dla Ciebie, je\u015bli:<\/strong><\/h3>\n<p data-start=\"1218\" data-end=\"1688\">\u2705 Czujesz, \u017ce \u017cyjesz w <strong data-start=\"63\" data-end=\"85\">trybie przetrwania<\/strong>: napi\u0119cie, przeci\u0105\u017cenie, zero przestrzeni dla siebie &#8211; potrzebujesz odzyska\u0107 spok\u00f3j i kierownic\u0119 nad swoim \u017cyciem.<br \/>\n\u2705 <strong>Emocje<\/strong> \u0142atwo Ci\u0119 <strong data-start=\"215\" data-end=\"227\">zalewaj\u0105<\/strong>, a Ty chcesz nauczy\u0107 si\u0119 je <strong data-start=\"276\" data-end=\"289\">regulowa\u0107<\/strong> i wraca\u0107 do r\u00f3wnowagi bez samoobwiniania.<br \/>\n\u2705 Trudno Ci <strong data-start=\"657\" data-end=\"673\">zaufa\u0107 sobie<\/strong> &#8211; chcesz wr\u00f3ci\u0107 do siebie, wzmocni\u0107 poczucie warto\u015bci i podejmowa\u0107 sp\u00f3jne, odwa\u017cne kroki.<br \/>\n\u2705 Chcesz zrozumie\u0107 <strong data-start=\"941\" data-end=\"965\">\u017ar\u00f3d\u0142a l\u0119ku i wstydu<\/strong>, \u017ceby wreszcie zrobi\u0107 miejsce na odwag\u0119 i \u017cycie na w\u0142asnych zasadach.<br \/>\n\u2705 Zmagasz si\u0119 z <strong>surow\u0105 samokrytyk\u0105<\/strong>, przez co obawiasz si\u0119 podj\u0119cia dzia\u0142ania.<\/p>\n","protected":false},"excerpt":{"rendered":"<p><strong>\ud83c\udf99\ufe0f Nagrania 4 spotka\u0144:<\/strong><\/p>\n<ul>\n<li>Odkryj, co Ci\u0119 ogranicza<\/li>\n<li>Duma &#8211; Tw\u00f3j niewidzialny wr\u00f3g<\/li>\n<li>Odkryj wewn\u0119trzne schematy autoagresji<\/li>\n<li>Przeprawa przez \u017ar\u00f3d\u0142a Twojego wstydu: uwolnij odwag\u0119!<\/li>\n<\/ul>\n<p><strong><span class=\"x1c3i2sq x19la9d6 x1fc57z9 xexx8yu x1ccui7m x18d9i69 x18pi947 x6ikm8r x10wlt62 x19co3pv x11tp94h xfibh0p xiy17q3 x1xsqp64\"><span class=\"\">\ud83d\udcda <\/span><\/span>4 workbooki\u00a0<\/strong>do pracy indywidualnej, z kt\u00f3rymi pog\u0142\u0119bisz prac\u0119 nad swoim umys\u0142em i lepiej poznasz siebie.<\/p>\n<h3 data-start=\"1171\" data-end=\"1216\"><\/h3>\n<p><!-- \/wp:generateblocks\/headline --> <!-- \/wp:generateblocks\/container --><\/p>\n","protected":false},"featured_media":21362,"comment_status":"open","ping_status":"closed","template":"","meta":[],"product_brand":[],"product_cat":[296],"product_tag":[289],"class_list":{"0":"post-18389","1":"product","2":"type-product","3":"status-publish","4":"has-post-thumbnail","6":"product_cat-trening-mentalny-2025","7":"product_tag-moje-kursy","8":"","9":"woocommerce-text-align-left","10":"woocommerce-image-align-center","11":"do-quantity-buttons","13":"first","14":"instock","15":"virtual","16":"sold-individually","17":"taxable","18":"purchasable","19":"product-type-simple"},"bundled_by":[],"bundle_stock_status":"instock","bundle_stock_quantity":null,"bundle_virtual":false,"bundle_layout":"","bundle_add_to_cart_form_location":"","bundle_editable_in_cart":false,"bundle_sold_individually_context":"","bundle_item_grouping":"","bundle_min_size":"","bundle_max_size":"","bundle_price":[],"bundled_items":[],"bundle_sell_ids":[],"exclude_global_add_ons":[],"addons":[],"yoast_head":"<!-- This site is optimized with the Yoast SEO plugin v27.3 - https:\/\/yoast.com\/product\/yoast-seo-wordpress\/ -->\n<title>Trening Mentalny \u2013 LIPIEC 2025 - Kursy Szko\u0142a Ducha<\/title>\n<meta name=\"robots\" content=\"index, follow, max-snippet:-1, max-image-preview:large, max-video-preview:-1\" \/>\n<link rel=\"canonical\" href=\"https:\/\/szkoladucha.pl\/kursy\/produkt\/trening-mentalny-lipiec\/\" \/>\n<meta property=\"og:locale\" content=\"pl_PL\" \/>\n<meta property=\"og:type\" content=\"article\" \/>\n<meta property=\"og:title\" content=\"Trening Mentalny \u2013 LIPIEC 2025 - Kursy Szko\u0142a Ducha\" \/>\n<meta property=\"og:description\" content=\"\ud83c\udf99\ufe0f Nagrania 4 spotka\u0144:   Odkryj, co Ci\u0119 ogranicza  Duma - Tw\u00f3j niewidzialny wr\u00f3g  Odkryj wewn\u0119trzne schematy autoagresji  Przeprawa przez \u017ar\u00f3d\u0142a Twojego wstydu: uwolnij odwag\u0119!  \ud83d\udcda 4 workbooki\u00a0do pracy indywidualnej, z kt\u00f3rymi pog\u0142\u0119bisz prac\u0119 nad swoim umys\u0142em i lepiej poznasz siebie.\" \/>\n<meta property=\"og:url\" content=\"https:\/\/szkoladucha.pl\/kursy\/produkt\/trening-mentalny-lipiec\/\" \/>\n<meta property=\"og:site_name\" content=\"Kursy Szko\u0142a Ducha\" \/>\n<meta property=\"article:modified_time\" content=\"2025-12-09T15:00:17+00:00\" \/>\n<meta property=\"og:image\" content=\"https:\/\/szkoladucha.pl\/kursy\/wp-content\/uploads\/sites\/5\/2025\/02\/drAS_TM2025_odwaga_mockup.png\" \/>\n\t<meta property=\"og:image:width\" content=\"600\" \/>\n\t<meta property=\"og:image:height\" content=\"640\" \/>\n\t<meta property=\"og:image:type\" content=\"image\/png\" \/>\n<meta name=\"twitter:card\" content=\"summary_large_image\" \/>\n<meta name=\"twitter:label1\" content=\"Szacowany czas czytania\" \/>\n\t<meta name=\"twitter:data1\" content=\"2 minuty\" \/>\n<script type=\"application\/ld+json\" class=\"yoast-schema-graph\">{\"@context\":\"https:\\\/\\\/schema.org\",\"@graph\":[{\"@type\":\"WebPage\",\"@id\":\"https:\\\/\\\/szkoladucha.pl\\\/kursy\\\/produkt\\\/trening-mentalny-lipiec\\\/\",\"url\":\"https:\\\/\\\/szkoladucha.pl\\\/kursy\\\/produkt\\\/trening-mentalny-lipiec\\\/\",\"name\":\"Trening Mentalny \u2013 LIPIEC 2025 - Kursy Szko\u0142a Ducha\",\"isPartOf\":{\"@id\":\"https:\\\/\\\/szkoladucha.pl\\\/kursy\\\/#website\"},\"primaryImageOfPage\":{\"@id\":\"https:\\\/\\\/szkoladucha.pl\\\/kursy\\\/produkt\\\/trening-mentalny-lipiec\\\/#primaryimage\"},\"image\":{\"@id\":\"https:\\\/\\\/szkoladucha.pl\\\/kursy\\\/produkt\\\/trening-mentalny-lipiec\\\/#primaryimage\"},\"thumbnailUrl\":\"https:\\\/\\\/szkoladucha.pl\\\/kursy\\\/wp-content\\\/uploads\\\/sites\\\/5\\\/2025\\\/04\\\/2025-07-TM-LIP-mockup-V2.png\",\"datePublished\":\"2025-04-28T13:25:58+00:00\",\"dateModified\":\"2025-12-09T15:00:17+00:00\",\"breadcrumb\":{\"@id\":\"https:\\\/\\\/szkoladucha.pl\\\/kursy\\\/produkt\\\/trening-mentalny-lipiec\\\/#breadcrumb\"},\"inLanguage\":\"pl-PL\",\"potentialAction\":[{\"@type\":\"ReadAction\",\"target\":[\"https:\\\/\\\/szkoladucha.pl\\\/kursy\\\/produkt\\\/trening-mentalny-lipiec\\\/\"]}]},{\"@type\":\"ImageObject\",\"inLanguage\":\"pl-PL\",\"@id\":\"https:\\\/\\\/szkoladucha.pl\\\/kursy\\\/produkt\\\/trening-mentalny-lipiec\\\/#primaryimage\",\"url\":\"https:\\\/\\\/szkoladucha.pl\\\/kursy\\\/wp-content\\\/uploads\\\/sites\\\/5\\\/2025\\\/04\\\/2025-07-TM-LIP-mockup-V2.png\",\"contentUrl\":\"https:\\\/\\\/szkoladucha.pl\\\/kursy\\\/wp-content\\\/uploads\\\/sites\\\/5\\\/2025\\\/04\\\/2025-07-TM-LIP-mockup-V2.png\",\"width\":600,\"height\":640},{\"@type\":\"BreadcrumbList\",\"@id\":\"https:\\\/\\\/szkoladucha.pl\\\/kursy\\\/produkt\\\/trening-mentalny-lipiec\\\/#breadcrumb\",\"itemListElement\":[{\"@type\":\"ListItem\",\"position\":1,\"name\":\"Kursy\",\"item\":\"https:\\\/\\\/szkoladucha.pl\\\/kursy\\\/\"},{\"@type\":\"ListItem\",\"position\":2,\"name\":\"Kursy\",\"item\":\"https:\\\/\\\/szkoladucha.pl\\\/kursy\\\/\"},{\"@type\":\"ListItem\",\"position\":3,\"name\":\"Trening Mentalny \u2013 LIPIEC 2025\"}]},{\"@type\":\"WebSite\",\"@id\":\"https:\\\/\\\/szkoladucha.pl\\\/kursy\\\/#website\",\"url\":\"https:\\\/\\\/szkoladucha.pl\\\/kursy\\\/\",\"name\":\"Kursy Szko\u0142a Ducha\",\"description\":\"Budujemy spo\u0142ecze\u0144stwo, kt\u00f3re \u015bwiadomie post\u0119puje zgodnie z planem.\",\"publisher\":{\"@id\":\"https:\\\/\\\/szkoladucha.pl\\\/kursy\\\/#organization\"},\"potentialAction\":[{\"@type\":\"SearchAction\",\"target\":{\"@type\":\"EntryPoint\",\"urlTemplate\":\"https:\\\/\\\/szkoladucha.pl\\\/kursy\\\/?s={search_term_string}\"},\"query-input\":{\"@type\":\"PropertyValueSpecification\",\"valueRequired\":true,\"valueName\":\"search_term_string\"}}],\"inLanguage\":\"pl-PL\"},{\"@type\":\"Organization\",\"@id\":\"https:\\\/\\\/szkoladucha.pl\\\/kursy\\\/#organization\",\"name\":\"Kursy Szko\u0142a Ducha\",\"url\":\"https:\\\/\\\/szkoladucha.pl\\\/kursy\\\/\",\"logo\":{\"@type\":\"ImageObject\",\"inLanguage\":\"pl-PL\",\"@id\":\"https:\\\/\\\/szkoladucha.pl\\\/kursy\\\/#\\\/schema\\\/logo\\\/image\\\/\",\"url\":\"https:\\\/\\\/szkoladucha.pl\\\/kursy\\\/wp-content\\\/uploads\\\/sites\\\/5\\\/2022\\\/02\\\/kursy-szkola-ducha-logo-beztla-180px.png\",\"contentUrl\":\"https:\\\/\\\/szkoladucha.pl\\\/kursy\\\/wp-content\\\/uploads\\\/sites\\\/5\\\/2022\\\/02\\\/kursy-szkola-ducha-logo-beztla-180px.png\",\"width\":180,\"height\":60,\"caption\":\"Kursy Szko\u0142a Ducha\"},\"image\":{\"@id\":\"https:\\\/\\\/szkoladucha.pl\\\/kursy\\\/#\\\/schema\\\/logo\\\/image\\\/\"}}]}<\/script>\n<!-- \/ Yoast SEO plugin. -->","yoast_head_json":{"title":"Trening Mentalny \u2013 LIPIEC 2025 - Kursy Szko\u0142a Ducha","robots":{"index":"index","follow":"follow","max-snippet":"max-snippet:-1","max-image-preview":"max-image-preview:large","max-video-preview":"max-video-preview:-1"},"canonical":"https:\/\/szkoladucha.pl\/kursy\/produkt\/trening-mentalny-lipiec\/","og_locale":"pl_PL","og_type":"article","og_title":"Trening Mentalny \u2013 LIPIEC 2025 - Kursy Szko\u0142a Ducha","og_description":"\ud83c\udf99\ufe0f Nagrania 4 spotka\u0144:   Odkryj, co Ci\u0119 ogranicza  Duma - Tw\u00f3j niewidzialny wr\u00f3g  Odkryj wewn\u0119trzne schematy autoagresji  Przeprawa przez \u017ar\u00f3d\u0142a Twojego wstydu: uwolnij odwag\u0119!  \ud83d\udcda 4 workbooki\u00a0do pracy indywidualnej, z kt\u00f3rymi pog\u0142\u0119bisz prac\u0119 nad swoim umys\u0142em i lepiej poznasz siebie.","og_url":"https:\/\/szkoladucha.pl\/kursy\/produkt\/trening-mentalny-lipiec\/","og_site_name":"Kursy Szko\u0142a Ducha","article_modified_time":"2025-12-09T15:00:17+00:00","og_image":[{"width":600,"height":640,"url":"https:\/\/szkoladucha.pl\/kursy\/wp-content\/uploads\/sites\/5\/2025\/02\/drAS_TM2025_odwaga_mockup.png","type":"image\/png"}],"twitter_card":"summary_large_image","twitter_misc":{"Szacowany czas czytania":"2 minuty"},"schema":{"@context":"https:\/\/schema.org","@graph":[{"@type":"WebPage","@id":"https:\/\/szkoladucha.pl\/kursy\/produkt\/trening-mentalny-lipiec\/","url":"https:\/\/szkoladucha.pl\/kursy\/produkt\/trening-mentalny-lipiec\/","name":"Trening Mentalny \u2013 LIPIEC 2025 - Kursy Szko\u0142a Ducha","isPartOf":{"@id":"https:\/\/szkoladucha.pl\/kursy\/#website"},"primaryImageOfPage":{"@id":"https:\/\/szkoladucha.pl\/kursy\/produkt\/trening-mentalny-lipiec\/#primaryimage"},"image":{"@id":"https:\/\/szkoladucha.pl\/kursy\/produkt\/trening-mentalny-lipiec\/#primaryimage"},"thumbnailUrl":"https:\/\/szkoladucha.pl\/kursy\/wp-content\/uploads\/sites\/5\/2025\/04\/2025-07-TM-LIP-mockup-V2.png","datePublished":"2025-04-28T13:25:58+00:00","dateModified":"2025-12-09T15:00:17+00:00","breadcrumb":{"@id":"https:\/\/szkoladucha.pl\/kursy\/produkt\/trening-mentalny-lipiec\/#breadcrumb"},"inLanguage":"pl-PL","potentialAction":[{"@type":"ReadAction","target":["https:\/\/szkoladucha.pl\/kursy\/produkt\/trening-mentalny-lipiec\/"]}]},{"@type":"ImageObject","inLanguage":"pl-PL","@id":"https:\/\/szkoladucha.pl\/kursy\/produkt\/trening-mentalny-lipiec\/#primaryimage","url":"https:\/\/szkoladucha.pl\/kursy\/wp-content\/uploads\/sites\/5\/2025\/04\/2025-07-TM-LIP-mockup-V2.png","contentUrl":"https:\/\/szkoladucha.pl\/kursy\/wp-content\/uploads\/sites\/5\/2025\/04\/2025-07-TM-LIP-mockup-V2.png","width":600,"height":640},{"@type":"BreadcrumbList","@id":"https:\/\/szkoladucha.pl\/kursy\/produkt\/trening-mentalny-lipiec\/#breadcrumb","itemListElement":[{"@type":"ListItem","position":1,"name":"Kursy","item":"https:\/\/szkoladucha.pl\/kursy\/"},{"@type":"ListItem","position":2,"name":"Kursy","item":"https:\/\/szkoladucha.pl\/kursy\/"},{"@type":"ListItem","position":3,"name":"Trening Mentalny \u2013 LIPIEC 2025"}]},{"@type":"WebSite","@id":"https:\/\/szkoladucha.pl\/kursy\/#website","url":"https:\/\/szkoladucha.pl\/kursy\/","name":"Kursy Szko\u0142a Ducha","description":"Budujemy spo\u0142ecze\u0144stwo, kt\u00f3re \u015bwiadomie post\u0119puje zgodnie z planem.","publisher":{"@id":"https:\/\/szkoladucha.pl\/kursy\/#organization"},"potentialAction":[{"@type":"SearchAction","target":{"@type":"EntryPoint","urlTemplate":"https:\/\/szkoladucha.pl\/kursy\/?s={search_term_string}"},"query-input":{"@type":"PropertyValueSpecification","valueRequired":true,"valueName":"search_term_string"}}],"inLanguage":"pl-PL"},{"@type":"Organization","@id":"https:\/\/szkoladucha.pl\/kursy\/#organization","name":"Kursy Szko\u0142a Ducha","url":"https:\/\/szkoladucha.pl\/kursy\/","logo":{"@type":"ImageObject","inLanguage":"pl-PL","@id":"https:\/\/szkoladucha.pl\/kursy\/#\/schema\/logo\/image\/","url":"https:\/\/szkoladucha.pl\/kursy\/wp-content\/uploads\/sites\/5\/2022\/02\/kursy-szkola-ducha-logo-beztla-180px.png","contentUrl":"https:\/\/szkoladucha.pl\/kursy\/wp-content\/uploads\/sites\/5\/2022\/02\/kursy-szkola-ducha-logo-beztla-180px.png","width":180,"height":60,"caption":"Kursy Szko\u0142a Ducha"},"image":{"@id":"https:\/\/szkoladucha.pl\/kursy\/#\/schema\/logo\/image\/"}}]}},"_links":{"self":[{"href":"https:\/\/szkoladucha.pl\/kursy\/wp-json\/wp\/v2\/product\/18389","targetHints":{"allow":["GET"]}}],"collection":[{"href":"https:\/\/szkoladucha.pl\/kursy\/wp-json\/wp\/v2\/product"}],"about":[{"href":"https:\/\/szkoladucha.pl\/kursy\/wp-json\/wp\/v2\/types\/product"}],"replies":[{"embeddable":true,"href":"https:\/\/szkoladucha.pl\/kursy\/wp-json\/wp\/v2\/comments?post=18389"}],"wp:featuredmedia":[{"embeddable":true,"href":"https:\/\/szkoladucha.pl\/kursy\/wp-json\/wp\/v2\/media\/21362"}],"wp:attachment":[{"href":"https:\/\/szkoladucha.pl\/kursy\/wp-json\/wp\/v2\/media?parent=18389"}],"wp:term":[{"taxonomy":"product_brand","embeddable":true,"href":"https:\/\/szkoladucha.pl\/kursy\/wp-json\/wp\/v2\/product_brand?post=18389"},{"taxonomy":"product_cat","embeddable":true,"href":"https:\/\/szkoladucha.pl\/kursy\/wp-json\/wp\/v2\/product_cat?post=18389"},{"taxonomy":"product_tag","embeddable":true,"href":"https:\/\/szkoladucha.pl\/kursy\/wp-json\/wp\/v2\/product_tag?post=18389"}],"curies":[{"name":"wp","href":"https:\/\/api.w.org\/{rel}","templated":true}]}}