{"id":21319,"date":"2025-10-17T10:47:27","date_gmt":"2025-10-17T08:47:27","guid":{"rendered":"https:\/\/szkoladucha.pl\/kursy\/?post_type=product&#038;p=21319"},"modified":"2025-10-21T08:39:26","modified_gmt":"2025-10-21T06:39:26","slug":"dziennik-wymarzone-zycie","status":"publish","type":"product","link":"https:\/\/szkoladucha.pl\/kursy\/produkt\/dziennik-wymarzone-zycie\/","title":{"rendered":"Bestselerowe Ksi\u0105\u017cki -20% TANIEJ!"},"content":{"rendered":"","protected":false},"excerpt":{"rendered":"","protected":false},"featured_media":21324,"comment_status":"open","ping_status":"closed","template":"","meta":[],"product_brand":[],"product_cat":[15],"product_tag":[289],"class_list":{"0":"post-21319","1":"product","2":"type-product","3":"status-publish","4":"has-post-thumbnail","6":"product_cat-inne","7":"product_tag-moje-kursy","8":"","9":"woocommerce-text-align-left","10":"woocommerce-image-align-center","11":"do-quantity-buttons","13":"first","14":"instock","15":"featured","16":"virtual","17":"sold-individually","18":"taxable","19":"purchasable","20":"product-type-bundle"},"bundled_by":[],"bundle_stock_status":"instock","bundle_stock_quantity":"","bundle_virtual":false,"bundle_layout":"default","bundle_add_to_cart_form_location":"default","bundle_editable_in_cart":false,"bundle_sold_individually_context":"product","bundle_item_grouping":"noindent","bundle_min_size":"","bundle_max_size":"","bundle_price":{"price":{"min":{"incl_tax":"199","excl_tax":"161.788618"},"max":{"incl_tax":"199","excl_tax":"161.788618"}},"regular_price":{"min":{"incl_tax":"199","excl_tax":"161.788618"},"max":{"incl_tax":"199","excl_tax":"161.788618"}}},"bundled_items":[{"bundled_item_id":174,"product_id":12780,"menu_order":0,"quantity_min":1,"quantity_max":1,"quantity_default":1,"priced_individually":false,"shipped_individually":false,"override_title":false,"title":"DZIENNIK","override_description":false,"description":"","optional":false,"hide_thumbnail":false,"discount":"","override_variations":false,"allowed_variations":[],"override_default_variation_attributes":false,"default_variation_attributes":[],"single_product_visibility":"visible","cart_visibility":"visible","order_visibility":"visible","single_product_price_visibility":"visible","cart_price_visibility":"visible","order_price_visibility":"visible","stock_status":"in_stock"},{"bundled_item_id":175,"product_id":21316,"menu_order":1,"quantity_min":1,"quantity_max":1,"quantity_default":1,"priced_individually":false,"shipped_individually":false,"override_title":false,"title":"MOJE WYMARZONE \u017bYCIE","override_description":false,"description":"","optional":false,"hide_thumbnail":false,"discount":"","override_variations":false,"allowed_variations":[],"override_default_variation_attributes":false,"default_variation_attributes":[],"single_product_visibility":"visible","cart_visibility":"visible","order_visibility":"visible","single_product_price_visibility":"visible","cart_price_visibility":"visible","order_price_visibility":"visible","stock_status":"in_stock"}],"bundle_sell_ids":[],"exclude_global_add_ons":[],"addons":[],"yoast_head":"<!-- This site is optimized with the Yoast SEO plugin v27.3 - https:\/\/yoast.com\/product\/yoast-seo-wordpress\/ -->\n<title>Bestselerowe Ksi\u0105\u017cki -20% TANIEJ! - Kursy Szko\u0142a Ducha<\/title>\n<meta name=\"robots\" content=\"index, follow, max-snippet:-1, max-image-preview:large, max-video-preview:-1\" \/>\n<link rel=\"canonical\" href=\"https:\/\/szkoladucha.pl\/kursy\/produkt\/dziennik-wymarzone-zycie\/\" \/>\n<meta property=\"og:locale\" content=\"pl_PL\" \/>\n<meta property=\"og:type\" content=\"article\" \/>\n<meta property=\"og:title\" content=\"Bestselerowe Ksi\u0105\u017cki -20% TANIEJ! - Kursy Szko\u0142a Ducha\" \/>\n<meta property=\"og:url\" content=\"https:\/\/szkoladucha.pl\/kursy\/produkt\/dziennik-wymarzone-zycie\/\" \/>\n<meta property=\"og:site_name\" content=\"Kursy Szko\u0142a Ducha\" \/>\n<meta property=\"article:modified_time\" content=\"2025-10-21T06:39:26+00:00\" \/>\n<meta property=\"og:image\" content=\"https:\/\/szkoladucha.pl\/kursy\/wp-content\/uploads\/sites\/5\/2025\/05\/drAS-Kurs-Transformacji-7-Krokow-FRONT.png\" \/>\n\t<meta property=\"og:image:width\" content=\"600\" \/>\n\t<meta property=\"og:image:height\" content=\"640\" \/>\n\t<meta property=\"og:image:type\" content=\"image\/png\" \/>\n<meta name=\"twitter:card\" content=\"summary_large_image\" \/>\n<meta name=\"twitter:label1\" content=\"Szacowany czas czytania\" \/>\n\t<meta name=\"twitter:data1\" content=\"1 minuta\" \/>\n<script type=\"application\/ld+json\" class=\"yoast-schema-graph\">{\"@context\":\"https:\\\/\\\/schema.org\",\"@graph\":[{\"@type\":\"WebPage\",\"@id\":\"https:\\\/\\\/szkoladucha.pl\\\/kursy\\\/produkt\\\/dziennik-wymarzone-zycie\\\/\",\"url\":\"https:\\\/\\\/szkoladucha.pl\\\/kursy\\\/produkt\\\/dziennik-wymarzone-zycie\\\/\",\"name\":\"Bestselerowe Ksi\u0105\u017cki -20% TANIEJ! - Kursy Szko\u0142a Ducha\",\"isPartOf\":{\"@id\":\"https:\\\/\\\/szkoladucha.pl\\\/kursy\\\/#website\"},\"primaryImageOfPage\":{\"@id\":\"https:\\\/\\\/szkoladucha.pl\\\/kursy\\\/produkt\\\/dziennik-wymarzone-zycie\\\/#primaryimage\"},\"image\":{\"@id\":\"https:\\\/\\\/szkoladucha.pl\\\/kursy\\\/produkt\\\/dziennik-wymarzone-zycie\\\/#primaryimage\"},\"thumbnailUrl\":\"https:\\\/\\\/szkoladucha.pl\\\/kursy\\\/wp-content\\\/uploads\\\/sites\\\/5\\\/2025\\\/10\\\/mockup-dzieniik-ksiA\u0085A\u00bcka.png\",\"datePublished\":\"2025-10-17T08:47:27+00:00\",\"dateModified\":\"2025-10-21T06:39:26+00:00\",\"breadcrumb\":{\"@id\":\"https:\\\/\\\/szkoladucha.pl\\\/kursy\\\/produkt\\\/dziennik-wymarzone-zycie\\\/#breadcrumb\"},\"inLanguage\":\"pl-PL\",\"potentialAction\":[{\"@type\":\"ReadAction\",\"target\":[\"https:\\\/\\\/szkoladucha.pl\\\/kursy\\\/produkt\\\/dziennik-wymarzone-zycie\\\/\"]}]},{\"@type\":\"ImageObject\",\"inLanguage\":\"pl-PL\",\"@id\":\"https:\\\/\\\/szkoladucha.pl\\\/kursy\\\/produkt\\\/dziennik-wymarzone-zycie\\\/#primaryimage\",\"url\":\"https:\\\/\\\/szkoladucha.pl\\\/kursy\\\/wp-content\\\/uploads\\\/sites\\\/5\\\/2025\\\/10\\\/mockup-dzieniik-ksiA\u0085A\u00bcka.png\",\"contentUrl\":\"https:\\\/\\\/szkoladucha.pl\\\/kursy\\\/wp-content\\\/uploads\\\/sites\\\/5\\\/2025\\\/10\\\/mockup-dzieniik-ksiA\u0085A\u00bcka.png\",\"width\":600,\"height\":600},{\"@type\":\"BreadcrumbList\",\"@id\":\"https:\\\/\\\/szkoladucha.pl\\\/kursy\\\/produkt\\\/dziennik-wymarzone-zycie\\\/#breadcrumb\",\"itemListElement\":[{\"@type\":\"ListItem\",\"position\":1,\"name\":\"Kursy\",\"item\":\"https:\\\/\\\/szkoladucha.pl\\\/kursy\\\/\"},{\"@type\":\"ListItem\",\"position\":2,\"name\":\"Kursy\",\"item\":\"https:\\\/\\\/szkoladucha.pl\\\/kursy\\\/\"},{\"@type\":\"ListItem\",\"position\":3,\"name\":\"Bestselerowe Ksi\u0105\u017cki -20% TANIEJ!\"}]},{\"@type\":\"WebSite\",\"@id\":\"https:\\\/\\\/szkoladucha.pl\\\/kursy\\\/#website\",\"url\":\"https:\\\/\\\/szkoladucha.pl\\\/kursy\\\/\",\"name\":\"Kursy Szko\u0142a Ducha\",\"description\":\"Budujemy spo\u0142ecze\u0144stwo, kt\u00f3re \u015bwiadomie post\u0119puje zgodnie z planem.\",\"publisher\":{\"@id\":\"https:\\\/\\\/szkoladucha.pl\\\/kursy\\\/#organization\"},\"potentialAction\":[{\"@type\":\"SearchAction\",\"target\":{\"@type\":\"EntryPoint\",\"urlTemplate\":\"https:\\\/\\\/szkoladucha.pl\\\/kursy\\\/?s={search_term_string}\"},\"query-input\":{\"@type\":\"PropertyValueSpecification\",\"valueRequired\":true,\"valueName\":\"search_term_string\"}}],\"inLanguage\":\"pl-PL\"},{\"@type\":\"Organization\",\"@id\":\"https:\\\/\\\/szkoladucha.pl\\\/kursy\\\/#organization\",\"name\":\"Kursy Szko\u0142a Ducha\",\"url\":\"https:\\\/\\\/szkoladucha.pl\\\/kursy\\\/\",\"logo\":{\"@type\":\"ImageObject\",\"inLanguage\":\"pl-PL\",\"@id\":\"https:\\\/\\\/szkoladucha.pl\\\/kursy\\\/#\\\/schema\\\/logo\\\/image\\\/\",\"url\":\"https:\\\/\\\/szkoladucha.pl\\\/kursy\\\/wp-content\\\/uploads\\\/sites\\\/5\\\/2022\\\/02\\\/kursy-szkola-ducha-logo-beztla-180px.png\",\"contentUrl\":\"https:\\\/\\\/szkoladucha.pl\\\/kursy\\\/wp-content\\\/uploads\\\/sites\\\/5\\\/2022\\\/02\\\/kursy-szkola-ducha-logo-beztla-180px.png\",\"width\":180,\"height\":60,\"caption\":\"Kursy Szko\u0142a Ducha\"},\"image\":{\"@id\":\"https:\\\/\\\/szkoladucha.pl\\\/kursy\\\/#\\\/schema\\\/logo\\\/image\\\/\"}}]}<\/script>\n<!-- \/ Yoast SEO plugin. -->","yoast_head_json":{"title":"Bestselerowe Ksi\u0105\u017cki -20% TANIEJ! - Kursy Szko\u0142a Ducha","robots":{"index":"index","follow":"follow","max-snippet":"max-snippet:-1","max-image-preview":"max-image-preview:large","max-video-preview":"max-video-preview:-1"},"canonical":"https:\/\/szkoladucha.pl\/kursy\/produkt\/dziennik-wymarzone-zycie\/","og_locale":"pl_PL","og_type":"article","og_title":"Bestselerowe Ksi\u0105\u017cki -20% TANIEJ! - Kursy Szko\u0142a Ducha","og_url":"https:\/\/szkoladucha.pl\/kursy\/produkt\/dziennik-wymarzone-zycie\/","og_site_name":"Kursy Szko\u0142a Ducha","article_modified_time":"2025-10-21T06:39:26+00:00","og_image":[{"width":600,"height":640,"url":"https:\/\/szkoladucha.pl\/kursy\/wp-content\/uploads\/sites\/5\/2025\/05\/drAS-Kurs-Transformacji-7-Krokow-FRONT.png","type":"image\/png"}],"twitter_card":"summary_large_image","twitter_misc":{"Szacowany czas czytania":"1 minuta"},"schema":{"@context":"https:\/\/schema.org","@graph":[{"@type":"WebPage","@id":"https:\/\/szkoladucha.pl\/kursy\/produkt\/dziennik-wymarzone-zycie\/","url":"https:\/\/szkoladucha.pl\/kursy\/produkt\/dziennik-wymarzone-zycie\/","name":"Bestselerowe Ksi\u0105\u017cki -20% TANIEJ! - Kursy Szko\u0142a Ducha","isPartOf":{"@id":"https:\/\/szkoladucha.pl\/kursy\/#website"},"primaryImageOfPage":{"@id":"https:\/\/szkoladucha.pl\/kursy\/produkt\/dziennik-wymarzone-zycie\/#primaryimage"},"image":{"@id":"https:\/\/szkoladucha.pl\/kursy\/produkt\/dziennik-wymarzone-zycie\/#primaryimage"},"thumbnailUrl":"https:\/\/szkoladucha.pl\/kursy\/wp-content\/uploads\/sites\/5\/2025\/10\/mockup-dzieniik-ksiA\u0085A\u00bcka.png","datePublished":"2025-10-17T08:47:27+00:00","dateModified":"2025-10-21T06:39:26+00:00","breadcrumb":{"@id":"https:\/\/szkoladucha.pl\/kursy\/produkt\/dziennik-wymarzone-zycie\/#breadcrumb"},"inLanguage":"pl-PL","potentialAction":[{"@type":"ReadAction","target":["https:\/\/szkoladucha.pl\/kursy\/produkt\/dziennik-wymarzone-zycie\/"]}]},{"@type":"ImageObject","inLanguage":"pl-PL","@id":"https:\/\/szkoladucha.pl\/kursy\/produkt\/dziennik-wymarzone-zycie\/#primaryimage","url":"https:\/\/szkoladucha.pl\/kursy\/wp-content\/uploads\/sites\/5\/2025\/10\/mockup-dzieniik-ksiA\u0085A\u00bcka.png","contentUrl":"https:\/\/szkoladucha.pl\/kursy\/wp-content\/uploads\/sites\/5\/2025\/10\/mockup-dzieniik-ksiA\u0085A\u00bcka.png","width":600,"height":600},{"@type":"BreadcrumbList","@id":"https:\/\/szkoladucha.pl\/kursy\/produkt\/dziennik-wymarzone-zycie\/#breadcrumb","itemListElement":[{"@type":"ListItem","position":1,"name":"Kursy","item":"https:\/\/szkoladucha.pl\/kursy\/"},{"@type":"ListItem","position":2,"name":"Kursy","item":"https:\/\/szkoladucha.pl\/kursy\/"},{"@type":"ListItem","position":3,"name":"Bestselerowe Ksi\u0105\u017cki -20% TANIEJ!"}]},{"@type":"WebSite","@id":"https:\/\/szkoladucha.pl\/kursy\/#website","url":"https:\/\/szkoladucha.pl\/kursy\/","name":"Kursy Szko\u0142a Ducha","description":"Budujemy spo\u0142ecze\u0144stwo, kt\u00f3re \u015bwiadomie post\u0119puje zgodnie z planem.","publisher":{"@id":"https:\/\/szkoladucha.pl\/kursy\/#organization"},"potentialAction":[{"@type":"SearchAction","target":{"@type":"EntryPoint","urlTemplate":"https:\/\/szkoladucha.pl\/kursy\/?s={search_term_string}"},"query-input":{"@type":"PropertyValueSpecification","valueRequired":true,"valueName":"search_term_string"}}],"inLanguage":"pl-PL"},{"@type":"Organization","@id":"https:\/\/szkoladucha.pl\/kursy\/#organization","name":"Kursy Szko\u0142a Ducha","url":"https:\/\/szkoladucha.pl\/kursy\/","logo":{"@type":"ImageObject","inLanguage":"pl-PL","@id":"https:\/\/szkoladucha.pl\/kursy\/#\/schema\/logo\/image\/","url":"https:\/\/szkoladucha.pl\/kursy\/wp-content\/uploads\/sites\/5\/2022\/02\/kursy-szkola-ducha-logo-beztla-180px.png","contentUrl":"https:\/\/szkoladucha.pl\/kursy\/wp-content\/uploads\/sites\/5\/2022\/02\/kursy-szkola-ducha-logo-beztla-180px.png","width":180,"height":60,"caption":"Kursy Szko\u0142a Ducha"},"image":{"@id":"https:\/\/szkoladucha.pl\/kursy\/#\/schema\/logo\/image\/"}}]}},"_links":{"self":[{"href":"https:\/\/szkoladucha.pl\/kursy\/wp-json\/wp\/v2\/product\/21319","targetHints":{"allow":["GET"]}}],"collection":[{"href":"https:\/\/szkoladucha.pl\/kursy\/wp-json\/wp\/v2\/product"}],"about":[{"href":"https:\/\/szkoladucha.pl\/kursy\/wp-json\/wp\/v2\/types\/product"}],"replies":[{"embeddable":true,"href":"https:\/\/szkoladucha.pl\/kursy\/wp-json\/wp\/v2\/comments?post=21319"}],"wp:featuredmedia":[{"embeddable":true,"href":"https:\/\/szkoladucha.pl\/kursy\/wp-json\/wp\/v2\/media\/21324"}],"wp:attachment":[{"href":"https:\/\/szkoladucha.pl\/kursy\/wp-json\/wp\/v2\/media?parent=21319"}],"wp:term":[{"taxonomy":"product_brand","embeddable":true,"href":"https:\/\/szkoladucha.pl\/kursy\/wp-json\/wp\/v2\/product_brand?post=21319"},{"taxonomy":"product_cat","embeddable":true,"href":"https:\/\/szkoladucha.pl\/kursy\/wp-json\/wp\/v2\/product_cat?post=21319"},{"taxonomy":"product_tag","embeddable":true,"href":"https:\/\/szkoladucha.pl\/kursy\/wp-json\/wp\/v2\/product_tag?post=21319"}],"curies":[{"name":"wp","href":"https:\/\/api.w.org\/{rel}","templated":true}]}}