{"id":21645,"date":"2025-11-20T07:11:51","date_gmt":"2025-11-20T06:11:51","guid":{"rendered":"https:\/\/szkoladucha.pl\/kursy\/?post_type=product&#038;p=21645"},"modified":"2025-12-02T10:55:30","modified_gmt":"2025-12-02T09:55:30","slug":"trening-mentalny-styczen-maj","status":"publish","type":"product","link":"https:\/\/szkoladucha.pl\/kursy\/produkt\/trening-mentalny-styczen-maj\/","title":{"rendered":"Trening Mentalny (grudzie\u0144 \u2013 maj)"},"content":{"rendered":"","protected":false},"excerpt":{"rendered":"<h2 class=\"gb-headline gb-headline-a84460d0 gb-headline-text\">Trening Mentalny to Twoje wsparcie w odblokowaniu Twojego potencja\u0142u!<\/h2>\n<p class=\"gb-headline gb-headline-a84460d0 gb-headline-text\"><br data-start=\"58\" data-end=\"61\" \/>Naucz si\u0119 zarz\u0105dza\u0107 emocjami, kt\u00f3re blokuj\u0105 Tw\u00f3j potencja\u0142, i odkryj, jak si\u0142a umys\u0142u mo\u017ce pom\u00f3c Ci dzia\u0142a\u0107 mimo l\u0119ku. Dzi\u0119ki programowi zrozumiesz, jak przekonania i strach wp\u0142ywaj\u0105 na Twoje decyzje, i nauczysz si\u0119, jak odzyska\u0107 pewno\u015b\u0107 siebie, buduj\u0105c wewn\u0119trzn\u0105 si\u0142\u0119 i odwag\u0119 do dzia\u0142ania.<\/p>\n<p><!-- wp:generateblocks\/container {\"uniqueId\":\"de081d05\",\"isDynamic\":true,\"blockVersion\":4,\"display\":\"flex\",\"flexDirection\":\"column\",\"alignItems\":\"center\",\"justifyContent\":\"flex-start\",\"sizing\":{\"width\":\"100%\",\"widthMobile\":\"100%\"},\"spacing\":{\"paddingTop\":\"\",\"paddingBottom\":\"\",\"paddingLeft\":\"\",\"paddingRight\":\"20px\",\"paddingLeftMobile\":\"0px\",\"paddingRightMobile\":\"0px\"}} --> <!-- wp:generateblocks\/headline {\"uniqueId\":\"4e2fa55c\",\"element\":\"h4\",\"blockVersion\":3,\"typography\":{\"textAlign\":\"center\",\"fontFamily\":\"Oswald\",\"fontSize\":\"1.5em\",\"fontWeight\":\"300\",\"fontSizeMobile\":\"1.2em\"},\"fontFamilyFallback\":\"sans-serif\",\"googleFont\":true,\"googleFontVariants\":\"200, 300, regular, 500, 600, 700\",\"spacing\":{\"paddingLeft\":\"\",\"paddingRight\":\"\",\"marginBottom\":\"20px\"}} --><\/p>\n<h4 class=\"gb-headline gb-headline-4e2fa55c gb-headline-text\">\ud83d\udcc5 Co miesi\u0105c pracujemy nad innym obszarem Twojego \u017cycia, spotykaj\u0105c si\u0119 online w soboty o 8:00.<br \/>\n\ud83c\udfa5 Po treningu dostajesz nagranie, by\u015b mog\u0142a przerobi\u0107 materia\u0142 w dogodnym czasie.<br \/>\n\ud83d\udcd6 Otrzymujesz workbook z \u0107wiczeniami na ka\u017cdy tydzie\u0144, kt\u00f3ry wspiera codzienn\u0105 prac\u0119 nad sob\u0105.<\/h4>\n<p><!-- \/wp:generateblocks\/headline --> <!-- \/wp:generateblocks\/container --><\/p>\n","protected":false},"featured_media":0,"comment_status":"open","ping_status":"closed","template":"","meta":[],"product_brand":[],"product_cat":[299],"product_tag":[289],"class_list":{"0":"post-21645","1":"product","2":"type-product","3":"status-publish","5":"product_cat-trening-mentalny-2026","6":"product_tag-moje-kursy","7":"","8":"woocommerce-text-align-left","9":"woocommerce-image-align-center","10":"do-quantity-buttons","12":"first","13":"instock","14":"featured","15":"virtual","16":"sold-individually","17":"taxable","18":"purchasable","19":"product-type-simple"},"bundled_by":["21646"],"bundle_stock_status":"instock","bundle_stock_quantity":null,"bundle_virtual":false,"bundle_layout":"","bundle_add_to_cart_form_location":"","bundle_editable_in_cart":false,"bundle_sold_individually_context":"","bundle_item_grouping":"","bundle_min_size":"","bundle_max_size":"","bundle_price":[],"bundled_items":[],"bundle_sell_ids":[],"exclude_global_add_ons":[],"addons":[],"yoast_head":"<!-- This site is optimized with the Yoast SEO plugin v27.2 - https:\/\/yoast.com\/product\/yoast-seo-wordpress\/ -->\n<title>Trening Mentalny (grudzie\u0144 \u2013 maj) - Kursy Szko\u0142a Ducha<\/title>\n<meta name=\"robots\" content=\"index, follow, max-snippet:-1, max-image-preview:large, max-video-preview:-1\" \/>\n<link rel=\"canonical\" href=\"https:\/\/szkoladucha.pl\/kursy\/produkt\/trening-mentalny-styczen-maj\/\" \/>\n<meta property=\"og:locale\" content=\"pl_PL\" \/>\n<meta property=\"og:type\" content=\"article\" \/>\n<meta property=\"og:title\" content=\"Trening Mentalny (grudzie\u0144 \u2013 maj) - Kursy Szko\u0142a Ducha\" \/>\n<meta property=\"og:description\" content=\"Trening Mentalny to Twoje wsparcie w odblokowaniu Twojego potencja\u0142u! Naucz si\u0119 zarz\u0105dza\u0107 emocjami, kt\u00f3re blokuj\u0105 Tw\u00f3j potencja\u0142, i odkryj, jak si\u0142a umys\u0142u mo\u017ce pom\u00f3c Ci dzia\u0142a\u0107 mimo l\u0119ku. Dzi\u0119ki programowi zrozumiesz, jak przekonania i strach wp\u0142ywaj\u0105 na Twoje decyzje, i nauczysz si\u0119, jak odzyska\u0107 pewno\u015b\u0107 siebie, buduj\u0105c wewn\u0119trzn\u0105 si\u0142\u0119 i odwag\u0119 do dzia\u0142ania.   \ud83d\udcc5 Co miesi\u0105c pracujemy nad innym obszarem Twojego \u017cycia, spotykaj\u0105c si\u0119 online w soboty o 8:00. \ud83c\udfa5 Po treningu dostajesz nagranie, by\u015b mog\u0142a przerobi\u0107 materia\u0142 w dogodnym czasie. \ud83d\udcd6 Otrzymujesz workbook z \u0107wiczeniami na ka\u017cdy tydzie\u0144, kt\u00f3ry wspiera codzienn\u0105 prac\u0119 nad sob\u0105.\" \/>\n<meta property=\"og:url\" content=\"https:\/\/szkoladucha.pl\/kursy\/produkt\/trening-mentalny-styczen-maj\/\" \/>\n<meta property=\"og:site_name\" content=\"Kursy Szko\u0142a Ducha\" \/>\n<meta property=\"article:modified_time\" content=\"2025-12-02T09:55:30+00:00\" \/>\n<meta property=\"og:image\" content=\"https:\/\/szkoladucha.pl\/kursy\/wp-content\/uploads\/sites\/5\/2025\/02\/drAS_TM2025_odwaga_mockup.png\" \/>\n\t<meta property=\"og:image:width\" content=\"600\" \/>\n\t<meta property=\"og:image:height\" content=\"640\" \/>\n\t<meta property=\"og:image:type\" content=\"image\/png\" \/>\n<meta name=\"twitter:card\" content=\"summary_large_image\" \/>\n<script type=\"application\/ld+json\" class=\"yoast-schema-graph\">{\"@context\":\"https:\/\/schema.org\",\"@graph\":[{\"@type\":\"WebPage\",\"@id\":\"https:\/\/szkoladucha.pl\/kursy\/produkt\/trening-mentalny-styczen-maj\/\",\"url\":\"https:\/\/szkoladucha.pl\/kursy\/produkt\/trening-mentalny-styczen-maj\/\",\"name\":\"Trening Mentalny (grudzie\u0144 \u2013 maj) - Kursy Szko\u0142a Ducha\",\"isPartOf\":{\"@id\":\"https:\/\/szkoladucha.pl\/kursy\/#website\"},\"datePublished\":\"2025-11-20T06:11:51+00:00\",\"dateModified\":\"2025-12-02T09:55:30+00:00\",\"breadcrumb\":{\"@id\":\"https:\/\/szkoladucha.pl\/kursy\/produkt\/trening-mentalny-styczen-maj\/#breadcrumb\"},\"inLanguage\":\"pl-PL\",\"potentialAction\":[{\"@type\":\"ReadAction\",\"target\":[\"https:\/\/szkoladucha.pl\/kursy\/produkt\/trening-mentalny-styczen-maj\/\"]}]},{\"@type\":\"BreadcrumbList\",\"@id\":\"https:\/\/szkoladucha.pl\/kursy\/produkt\/trening-mentalny-styczen-maj\/#breadcrumb\",\"itemListElement\":[{\"@type\":\"ListItem\",\"position\":1,\"name\":\"Kursy\",\"item\":\"https:\/\/szkoladucha.pl\/kursy\/\"},{\"@type\":\"ListItem\",\"position\":2,\"name\":\"Kursy\",\"item\":\"https:\/\/szkoladucha.pl\/kursy\/\"},{\"@type\":\"ListItem\",\"position\":3,\"name\":\"Trening Mentalny (grudzie\u0144 \u2013 maj)\"}]},{\"@type\":\"WebSite\",\"@id\":\"https:\/\/szkoladucha.pl\/kursy\/#website\",\"url\":\"https:\/\/szkoladucha.pl\/kursy\/\",\"name\":\"Kursy Szko\u0142a Ducha\",\"description\":\"Budujemy spo\u0142ecze\u0144stwo, kt\u00f3re \u015bwiadomie post\u0119puje zgodnie z planem.\",\"publisher\":{\"@id\":\"https:\/\/szkoladucha.pl\/kursy\/#organization\"},\"potentialAction\":[{\"@type\":\"SearchAction\",\"target\":{\"@type\":\"EntryPoint\",\"urlTemplate\":\"https:\/\/szkoladucha.pl\/kursy\/?s={search_term_string}\"},\"query-input\":{\"@type\":\"PropertyValueSpecification\",\"valueRequired\":true,\"valueName\":\"search_term_string\"}}],\"inLanguage\":\"pl-PL\"},{\"@type\":\"Organization\",\"@id\":\"https:\/\/szkoladucha.pl\/kursy\/#organization\",\"name\":\"Kursy Szko\u0142a Ducha\",\"url\":\"https:\/\/szkoladucha.pl\/kursy\/\",\"logo\":{\"@type\":\"ImageObject\",\"inLanguage\":\"pl-PL\",\"@id\":\"https:\/\/szkoladucha.pl\/kursy\/#\/schema\/logo\/image\/\",\"url\":\"https:\/\/szkoladucha.pl\/kursy\/wp-content\/uploads\/sites\/5\/2022\/02\/kursy-szkola-ducha-logo-beztla-180px.png\",\"contentUrl\":\"https:\/\/szkoladucha.pl\/kursy\/wp-content\/uploads\/sites\/5\/2022\/02\/kursy-szkola-ducha-logo-beztla-180px.png\",\"width\":180,\"height\":60,\"caption\":\"Kursy Szko\u0142a Ducha\"},\"image\":{\"@id\":\"https:\/\/szkoladucha.pl\/kursy\/#\/schema\/logo\/image\/\"}}]}<\/script>\n<!-- \/ Yoast SEO plugin. -->","yoast_head_json":{"title":"Trening Mentalny (grudzie\u0144 \u2013 maj) - Kursy Szko\u0142a Ducha","robots":{"index":"index","follow":"follow","max-snippet":"max-snippet:-1","max-image-preview":"max-image-preview:large","max-video-preview":"max-video-preview:-1"},"canonical":"https:\/\/szkoladucha.pl\/kursy\/produkt\/trening-mentalny-styczen-maj\/","og_locale":"pl_PL","og_type":"article","og_title":"Trening Mentalny (grudzie\u0144 \u2013 maj) - Kursy Szko\u0142a Ducha","og_description":"Trening Mentalny to Twoje wsparcie w odblokowaniu Twojego potencja\u0142u! Naucz si\u0119 zarz\u0105dza\u0107 emocjami, kt\u00f3re blokuj\u0105 Tw\u00f3j potencja\u0142, i odkryj, jak si\u0142a umys\u0142u mo\u017ce pom\u00f3c Ci dzia\u0142a\u0107 mimo l\u0119ku. Dzi\u0119ki programowi zrozumiesz, jak przekonania i strach wp\u0142ywaj\u0105 na Twoje decyzje, i nauczysz si\u0119, jak odzyska\u0107 pewno\u015b\u0107 siebie, buduj\u0105c wewn\u0119trzn\u0105 si\u0142\u0119 i odwag\u0119 do dzia\u0142ania.   \ud83d\udcc5 Co miesi\u0105c pracujemy nad innym obszarem Twojego \u017cycia, spotykaj\u0105c si\u0119 online w soboty o 8:00. \ud83c\udfa5 Po treningu dostajesz nagranie, by\u015b mog\u0142a przerobi\u0107 materia\u0142 w dogodnym czasie. \ud83d\udcd6 Otrzymujesz workbook z \u0107wiczeniami na ka\u017cdy tydzie\u0144, kt\u00f3ry wspiera codzienn\u0105 prac\u0119 nad sob\u0105.","og_url":"https:\/\/szkoladucha.pl\/kursy\/produkt\/trening-mentalny-styczen-maj\/","og_site_name":"Kursy Szko\u0142a Ducha","article_modified_time":"2025-12-02T09:55:30+00:00","og_image":[{"width":600,"height":640,"url":"https:\/\/szkoladucha.pl\/kursy\/wp-content\/uploads\/sites\/5\/2025\/02\/drAS_TM2025_odwaga_mockup.png","type":"image\/png"}],"twitter_card":"summary_large_image","schema":{"@context":"https:\/\/schema.org","@graph":[{"@type":"WebPage","@id":"https:\/\/szkoladucha.pl\/kursy\/produkt\/trening-mentalny-styczen-maj\/","url":"https:\/\/szkoladucha.pl\/kursy\/produkt\/trening-mentalny-styczen-maj\/","name":"Trening Mentalny (grudzie\u0144 \u2013 maj) - Kursy Szko\u0142a Ducha","isPartOf":{"@id":"https:\/\/szkoladucha.pl\/kursy\/#website"},"datePublished":"2025-11-20T06:11:51+00:00","dateModified":"2025-12-02T09:55:30+00:00","breadcrumb":{"@id":"https:\/\/szkoladucha.pl\/kursy\/produkt\/trening-mentalny-styczen-maj\/#breadcrumb"},"inLanguage":"pl-PL","potentialAction":[{"@type":"ReadAction","target":["https:\/\/szkoladucha.pl\/kursy\/produkt\/trening-mentalny-styczen-maj\/"]}]},{"@type":"BreadcrumbList","@id":"https:\/\/szkoladucha.pl\/kursy\/produkt\/trening-mentalny-styczen-maj\/#breadcrumb","itemListElement":[{"@type":"ListItem","position":1,"name":"Kursy","item":"https:\/\/szkoladucha.pl\/kursy\/"},{"@type":"ListItem","position":2,"name":"Kursy","item":"https:\/\/szkoladucha.pl\/kursy\/"},{"@type":"ListItem","position":3,"name":"Trening Mentalny (grudzie\u0144 \u2013 maj)"}]},{"@type":"WebSite","@id":"https:\/\/szkoladucha.pl\/kursy\/#website","url":"https:\/\/szkoladucha.pl\/kursy\/","name":"Kursy Szko\u0142a Ducha","description":"Budujemy spo\u0142ecze\u0144stwo, kt\u00f3re \u015bwiadomie post\u0119puje zgodnie z planem.","publisher":{"@id":"https:\/\/szkoladucha.pl\/kursy\/#organization"},"potentialAction":[{"@type":"SearchAction","target":{"@type":"EntryPoint","urlTemplate":"https:\/\/szkoladucha.pl\/kursy\/?s={search_term_string}"},"query-input":{"@type":"PropertyValueSpecification","valueRequired":true,"valueName":"search_term_string"}}],"inLanguage":"pl-PL"},{"@type":"Organization","@id":"https:\/\/szkoladucha.pl\/kursy\/#organization","name":"Kursy Szko\u0142a Ducha","url":"https:\/\/szkoladucha.pl\/kursy\/","logo":{"@type":"ImageObject","inLanguage":"pl-PL","@id":"https:\/\/szkoladucha.pl\/kursy\/#\/schema\/logo\/image\/","url":"https:\/\/szkoladucha.pl\/kursy\/wp-content\/uploads\/sites\/5\/2022\/02\/kursy-szkola-ducha-logo-beztla-180px.png","contentUrl":"https:\/\/szkoladucha.pl\/kursy\/wp-content\/uploads\/sites\/5\/2022\/02\/kursy-szkola-ducha-logo-beztla-180px.png","width":180,"height":60,"caption":"Kursy Szko\u0142a Ducha"},"image":{"@id":"https:\/\/szkoladucha.pl\/kursy\/#\/schema\/logo\/image\/"}}]}},"_links":{"self":[{"href":"https:\/\/szkoladucha.pl\/kursy\/wp-json\/wp\/v2\/product\/21645","targetHints":{"allow":["GET"]}}],"collection":[{"href":"https:\/\/szkoladucha.pl\/kursy\/wp-json\/wp\/v2\/product"}],"about":[{"href":"https:\/\/szkoladucha.pl\/kursy\/wp-json\/wp\/v2\/types\/product"}],"replies":[{"embeddable":true,"href":"https:\/\/szkoladucha.pl\/kursy\/wp-json\/wp\/v2\/comments?post=21645"}],"wp:attachment":[{"href":"https:\/\/szkoladucha.pl\/kursy\/wp-json\/wp\/v2\/media?parent=21645"}],"wp:term":[{"taxonomy":"product_brand","embeddable":true,"href":"https:\/\/szkoladucha.pl\/kursy\/wp-json\/wp\/v2\/product_brand?post=21645"},{"taxonomy":"product_cat","embeddable":true,"href":"https:\/\/szkoladucha.pl\/kursy\/wp-json\/wp\/v2\/product_cat?post=21645"},{"taxonomy":"product_tag","embeddable":true,"href":"https:\/\/szkoladucha.pl\/kursy\/wp-json\/wp\/v2\/product_tag?post=21645"}],"curies":[{"name":"wp","href":"https:\/\/api.w.org\/{rel}","templated":true}]}}