{"id":22641,"date":"2026-02-26T09:37:48","date_gmt":"2026-02-26T08:37:48","guid":{"rendered":"https:\/\/szkoladucha.pl\/kursy\/?post_type=product&#038;p=22641"},"modified":"2026-02-26T09:41:14","modified_gmt":"2026-02-26T08:41:14","slug":"kurs-online-odkryj-swoje-dlaczego-3","status":"publish","type":"product","link":"https:\/\/szkoladucha.pl\/kursy\/produkt\/kurs-online-odkryj-swoje-dlaczego-3\/","title":{"rendered":"Kurs Online: Odkryj swoje dlaczego?"},"content":{"rendered":"<div class=\"ld-tabs ld-tab-count-1\">\n<div class=\"ld-tabs-content\">\n<div id=\"ld-tab-content-20403\" class=\"ld-tab-content ld-visible\" tabindex=\"0\" role=\"tabpanel\" aria-labelledby=\"content\">\n<p>Ciesz\u0119 si\u0119, \u017ce znalaz\u0142a\u015b si\u0119 w tym miejscu. Je\u015bli czujesz, \u017ce czas na g\u0142\u0119bsz\u0105 zmian\u0119 w swoim \u017cyciu i chcesz odkry\u0107, co naprawd\u0119 ma dla Ciebie sens \u2013 ten kurs jest dla Ciebie. Razem przejdziemy przez drog\u0119 transformacji, dzi\u0119ki kt\u00f3rej dowiesz si\u0119, jak dzia\u0142a\u0107 w pe\u0142nej sp\u00f3jno\u015bci ze sob\u0105 i jak \u017cy\u0107 zgodnie ze swoim wn\u0119trzem.<\/p>\n<p><strong>W tym kursie dowiesz si\u0119:<\/strong><\/p>\n<ul class=\"wp-block-list\">\n<li><strong>Czym jest PO CO i jak je odkry\u0107?<\/strong> \u2013 Jak odnale\u017a\u0107 sens i misj\u0119, kt\u00f3re nadadz\u0105 Twojemu \u017cyciu kierunek?<\/li>\n<li><strong>Dlaczego PO CO to fundament, a nie tylko cel do osi\u0105gni\u0119cia?<\/strong> \u2013 Jakie korzy\u015bci p\u0142yn\u0105 z \u017cycia w zgodzie z w\u0142asnymi warto\u015bciami i poczuciem sensu?<\/li>\n<li><strong>Jak rozpozna\u0107 swoje JAK?<\/strong> \u2013 Tw\u00f3j unikalny spos\u00f3b dzia\u0142ania, kt\u00f3ry ujawnia si\u0119 wtedy, gdy jeste\u015b naprawd\u0119 sob\u0105.<\/li>\n<li><strong>Jak po\u0142\u0105czy\u0107 PO CO i JAK?<\/strong> \u2013 Jak sp\u00f3jno\u015b\u0107 mi\u0119dzy tymi dwoma elementami daje Ci moc, jasno\u015b\u0107 i lekko\u015b\u0107 w dzia\u0142aniu?<\/li>\n<li><strong>Jak budowa\u0107 codzienn\u0105 praktyk\u0119 z PO CO?<\/strong> \u2013 Jak rytua\u0142y sp\u00f3jno\u015bci mog\u0105 pom\u00f3c Ci podejmowa\u0107 decyzje w zgodzie ze sob\u0105, nawet w trudnych chwilach?<\/li>\n<\/ul>\n<p><strong>Korzy\u015bci z kursu:<\/strong><\/p>\n<ul class=\"wp-block-list\">\n<li><strong>Zwi\u0119kszysz poczucie sensu w swoim \u017cyciu<\/strong> \u2013 dowiesz si\u0119, jak Twoje codzienne decyzje mog\u0105 by\u0107 zgodne z Twoimi warto\u015bciami.<\/li>\n<li><strong>Zrozumiesz, jak dzia\u0142asz i dlaczego<\/strong> \u2013 dzi\u0119ki PO CO i JAK stworzysz harmonijny spos\u00f3b dzia\u0142ania.<\/li>\n<li><strong>Zbudujesz wewn\u0119trzny kompas, kt\u00f3ry pomo\u017ce Ci w codziennych wyborach<\/strong> \u2013 b\u0119dziesz \u015bwiadoma swoich decyzji i poczujesz spok\u00f3j oraz lekko\u015b\u0107 w ich podejmowaniu.<\/li>\n<li><strong>Pokonasz mechanizmy autosabota\u017cu<\/strong> \u2013 zrozumiesz, jak stare wzorce wp\u0142ywaj\u0105 na Twoje \u017cycie i jak si\u0119 od nich uwolni\u0107.<\/li>\n<li><strong>Zdob\u0119dziesz narz\u0119dzia do codziennego \u017cycia w zgodzie ze sob\u0105<\/strong> \u2013 nauczysz si\u0119, jak ma\u0142e decyzje i rytua\u0142y mog\u0105 odmieni\u0107 Twoje \u017cycie.<\/li>\n<\/ul>\n<p>Ten kurs to nie tylko nauka stawianiu sobie cel\u00f3w, ale o tym, jak \u017cy\u0107 autentycznie, w pe\u0142nym po\u0142\u0105czeniu ze sob\u0105. Z ka\u017cdym krokiem, kt\u00f3ry podejmujesz, b\u0119dziesz coraz bli\u017cej \u017cycia, kt\u00f3re naprawd\u0119 chcesz prowadzi\u0107. Dzi\u0119ki prostym narz\u0119dziom zaczynasz dzia\u0142a\u0107 w zgodzie ze sob\u0105, co przynosi spok\u00f3j, energi\u0119 i rado\u015b\u0107. Zainwestuj w siebie i daj sobie przestrze\u0144 na prawdziw\u0105 przemian\u0119.<\/p>\n<\/div>\n<\/div>\n<\/div>\n","protected":false},"excerpt":{"rendered":"<p>Ciesz\u0119 si\u0119, \u017ce znalaz\u0142a\u015b si\u0119 w tym miejscu. Je\u015bli czujesz, \u017ce czas na g\u0142\u0119bsz\u0105 zmian\u0119 w swoim \u017cyciu i chcesz odkry\u0107, co naprawd\u0119 ma dla Ciebie sens \u2013 ten kurs jest dla Ciebie. Razem przejdziemy przez drog\u0119 transformacji, dzi\u0119ki kt\u00f3rej dowiesz si\u0119, jak dzia\u0142a\u0107 w pe\u0142nej sp\u00f3jno\u015bci ze sob\u0105 i jak \u017cy\u0107 zgodnie ze swoim &#8230; <a title=\"Kurs Online: Odkryj swoje dlaczego?\" class=\"read-more\" href=\"https:\/\/szkoladucha.pl\/kursy\/produkt\/kurs-online-odkryj-swoje-dlaczego-3\/\" aria-label=\"Dowiedz si\u0119 wi\u0119cej o Kurs Online: Odkryj swoje dlaczego?\">Dowiedz si\u0119 wi\u0119cej<\/a><\/p>\n","protected":false},"featured_media":21093,"comment_status":"open","ping_status":"closed","template":"","meta":[],"product_brand":[],"product_cat":[15],"product_tag":[289],"class_list":{"0":"post-22641","1":"product","2":"type-product","3":"status-publish","4":"has-post-thumbnail","6":"product_cat-inne","7":"product_tag-moje-kursy","8":"","9":"woocommerce-text-align-left","10":"woocommerce-image-align-center","11":"do-quantity-buttons","13":"first","14":"instock","15":"sale","16":"virtual","17":"sold-individually","18":"taxable","19":"purchasable","20":"product-type-bundle"},"bundled_by":[],"bundle_stock_status":"instock","bundle_stock_quantity":"","bundle_virtual":true,"bundle_layout":"default","bundle_add_to_cart_form_location":"default","bundle_editable_in_cart":false,"bundle_sold_individually_context":"product","bundle_item_grouping":"noindent","bundle_min_size":"","bundle_max_size":"","bundle_price":{"price":{"min":{"incl_tax":"49","excl_tax":"39.837398"},"max":{"incl_tax":"49","excl_tax":"39.837398"}},"regular_price":{"min":{"incl_tax":"249","excl_tax":"202.439024"},"max":{"incl_tax":"249","excl_tax":"202.439024"}}},"bundled_items":[{"bundled_item_id":207,"product_id":20746,"menu_order":0,"quantity_min":1,"quantity_max":1,"quantity_default":1,"priced_individually":false,"shipped_individually":true,"override_title":false,"title":"BONUS: 7 rzeczy, kt\u00f3re r\u00f3b do ko\u0144ca \u017cycia","override_description":false,"description":"","optional":false,"hide_thumbnail":false,"discount":"","override_variations":false,"allowed_variations":[],"override_default_variation_attributes":false,"default_variation_attributes":[],"single_product_visibility":"visible","cart_visibility":"visible","order_visibility":"visible","single_product_price_visibility":"visible","cart_price_visibility":"visible","order_price_visibility":"visible","stock_status":"in_stock"},{"bundled_item_id":208,"product_id":21192,"menu_order":1,"quantity_min":1,"quantity_max":1,"quantity_default":1,"priced_individually":false,"shipped_individually":true,"override_title":false,"title":"Kurs online: Odkryj swoje Dlaczego!","override_description":false,"description":"","optional":false,"hide_thumbnail":false,"discount":"","override_variations":false,"allowed_variations":[],"override_default_variation_attributes":false,"default_variation_attributes":[],"single_product_visibility":"visible","cart_visibility":"visible","order_visibility":"visible","single_product_price_visibility":"visible","cart_price_visibility":"visible","order_price_visibility":"visible","stock_status":"in_stock"}],"bundle_sell_ids":[],"exclude_global_add_ons":[],"addons":[],"yoast_head":"<!-- This site is optimized with the Yoast SEO plugin v27.3 - https:\/\/yoast.com\/product\/yoast-seo-wordpress\/ -->\n<title>Kurs Online: Odkryj swoje dlaczego? - Kursy Szko\u0142a Ducha<\/title>\n<meta name=\"robots\" content=\"index, follow, max-snippet:-1, max-image-preview:large, max-video-preview:-1\" \/>\n<link rel=\"canonical\" href=\"https:\/\/szkoladucha.pl\/kursy\/produkt\/kurs-online-odkryj-swoje-dlaczego-3\/\" \/>\n<meta property=\"og:locale\" content=\"pl_PL\" \/>\n<meta property=\"og:type\" content=\"article\" \/>\n<meta property=\"og:title\" content=\"Kurs Online: Odkryj swoje dlaczego? - Kursy Szko\u0142a Ducha\" \/>\n<meta property=\"og:description\" content=\"Ciesz\u0119 si\u0119, \u017ce znalaz\u0142a\u015b si\u0119 w tym miejscu. Je\u015bli czujesz, \u017ce czas na g\u0142\u0119bsz\u0105 zmian\u0119 w swoim \u017cyciu i chcesz odkry\u0107, co naprawd\u0119 ma dla Ciebie sens \u2013 ten kurs jest dla Ciebie. Razem przejdziemy przez drog\u0119 transformacji, dzi\u0119ki kt\u00f3rej dowiesz si\u0119, jak dzia\u0142a\u0107 w pe\u0142nej sp\u00f3jno\u015bci ze sob\u0105 i jak \u017cy\u0107 zgodnie ze swoim ... Dowiedz si\u0119 wi\u0119cej\" \/>\n<meta property=\"og:url\" content=\"https:\/\/szkoladucha.pl\/kursy\/produkt\/kurs-online-odkryj-swoje-dlaczego-3\/\" \/>\n<meta property=\"og:site_name\" content=\"Kursy Szko\u0142a Ducha\" \/>\n<meta property=\"article:modified_time\" content=\"2026-02-26T08:41:14+00:00\" \/>\n<meta property=\"og:image\" content=\"https:\/\/szkoladucha.pl\/kursy\/wp-content\/uploads\/sites\/5\/2025\/05\/drAS-Kurs-Transformacji-7-Krokow-FRONT.png\" \/>\n\t<meta property=\"og:image:width\" content=\"600\" \/>\n\t<meta property=\"og:image:height\" content=\"640\" \/>\n\t<meta property=\"og:image:type\" content=\"image\/png\" \/>\n<meta name=\"twitter:card\" content=\"summary_large_image\" \/>\n<meta name=\"twitter:label1\" content=\"Szacowany czas czytania\" \/>\n\t<meta name=\"twitter:data1\" content=\"3 minuty\" \/>\n<script type=\"application\/ld+json\" class=\"yoast-schema-graph\">{\"@context\":\"https:\\\/\\\/schema.org\",\"@graph\":[{\"@type\":\"WebPage\",\"@id\":\"https:\\\/\\\/szkoladucha.pl\\\/kursy\\\/produkt\\\/kurs-online-odkryj-swoje-dlaczego-3\\\/\",\"url\":\"https:\\\/\\\/szkoladucha.pl\\\/kursy\\\/produkt\\\/kurs-online-odkryj-swoje-dlaczego-3\\\/\",\"name\":\"Kurs Online: Odkryj swoje dlaczego? - Kursy Szko\u0142a Ducha\",\"isPartOf\":{\"@id\":\"https:\\\/\\\/szkoladucha.pl\\\/kursy\\\/#website\"},\"primaryImageOfPage\":{\"@id\":\"https:\\\/\\\/szkoladucha.pl\\\/kursy\\\/produkt\\\/kurs-online-odkryj-swoje-dlaczego-3\\\/#primaryimage\"},\"image\":{\"@id\":\"https:\\\/\\\/szkoladucha.pl\\\/kursy\\\/produkt\\\/kurs-online-odkryj-swoje-dlaczego-3\\\/#primaryimage\"},\"thumbnailUrl\":\"https:\\\/\\\/szkoladucha.pl\\\/kursy\\\/wp-content\\\/uploads\\\/sites\\\/5\\\/2025\\\/07\\\/drAS-kurs-po-co-zyje_.png\",\"datePublished\":\"2026-02-26T08:37:48+00:00\",\"dateModified\":\"2026-02-26T08:41:14+00:00\",\"breadcrumb\":{\"@id\":\"https:\\\/\\\/szkoladucha.pl\\\/kursy\\\/produkt\\\/kurs-online-odkryj-swoje-dlaczego-3\\\/#breadcrumb\"},\"inLanguage\":\"pl-PL\",\"potentialAction\":[{\"@type\":\"ReadAction\",\"target\":[\"https:\\\/\\\/szkoladucha.pl\\\/kursy\\\/produkt\\\/kurs-online-odkryj-swoje-dlaczego-3\\\/\"]}]},{\"@type\":\"ImageObject\",\"inLanguage\":\"pl-PL\",\"@id\":\"https:\\\/\\\/szkoladucha.pl\\\/kursy\\\/produkt\\\/kurs-online-odkryj-swoje-dlaczego-3\\\/#primaryimage\",\"url\":\"https:\\\/\\\/szkoladucha.pl\\\/kursy\\\/wp-content\\\/uploads\\\/sites\\\/5\\\/2025\\\/07\\\/drAS-kurs-po-co-zyje_.png\",\"contentUrl\":\"https:\\\/\\\/szkoladucha.pl\\\/kursy\\\/wp-content\\\/uploads\\\/sites\\\/5\\\/2025\\\/07\\\/drAS-kurs-po-co-zyje_.png\",\"width\":600,\"height\":640},{\"@type\":\"BreadcrumbList\",\"@id\":\"https:\\\/\\\/szkoladucha.pl\\\/kursy\\\/produkt\\\/kurs-online-odkryj-swoje-dlaczego-3\\\/#breadcrumb\",\"itemListElement\":[{\"@type\":\"ListItem\",\"position\":1,\"name\":\"Kursy\",\"item\":\"https:\\\/\\\/szkoladucha.pl\\\/kursy\\\/\"},{\"@type\":\"ListItem\",\"position\":2,\"name\":\"Kursy\",\"item\":\"https:\\\/\\\/szkoladucha.pl\\\/kursy\\\/\"},{\"@type\":\"ListItem\",\"position\":3,\"name\":\"Kurs Online: Odkryj swoje dlaczego?\"}]},{\"@type\":\"WebSite\",\"@id\":\"https:\\\/\\\/szkoladucha.pl\\\/kursy\\\/#website\",\"url\":\"https:\\\/\\\/szkoladucha.pl\\\/kursy\\\/\",\"name\":\"Kursy Szko\u0142a Ducha\",\"description\":\"Budujemy spo\u0142ecze\u0144stwo, kt\u00f3re \u015bwiadomie post\u0119puje zgodnie z planem.\",\"publisher\":{\"@id\":\"https:\\\/\\\/szkoladucha.pl\\\/kursy\\\/#organization\"},\"potentialAction\":[{\"@type\":\"SearchAction\",\"target\":{\"@type\":\"EntryPoint\",\"urlTemplate\":\"https:\\\/\\\/szkoladucha.pl\\\/kursy\\\/?s={search_term_string}\"},\"query-input\":{\"@type\":\"PropertyValueSpecification\",\"valueRequired\":true,\"valueName\":\"search_term_string\"}}],\"inLanguage\":\"pl-PL\"},{\"@type\":\"Organization\",\"@id\":\"https:\\\/\\\/szkoladucha.pl\\\/kursy\\\/#organization\",\"name\":\"Kursy Szko\u0142a Ducha\",\"url\":\"https:\\\/\\\/szkoladucha.pl\\\/kursy\\\/\",\"logo\":{\"@type\":\"ImageObject\",\"inLanguage\":\"pl-PL\",\"@id\":\"https:\\\/\\\/szkoladucha.pl\\\/kursy\\\/#\\\/schema\\\/logo\\\/image\\\/\",\"url\":\"https:\\\/\\\/szkoladucha.pl\\\/kursy\\\/wp-content\\\/uploads\\\/sites\\\/5\\\/2022\\\/02\\\/kursy-szkola-ducha-logo-beztla-180px.png\",\"contentUrl\":\"https:\\\/\\\/szkoladucha.pl\\\/kursy\\\/wp-content\\\/uploads\\\/sites\\\/5\\\/2022\\\/02\\\/kursy-szkola-ducha-logo-beztla-180px.png\",\"width\":180,\"height\":60,\"caption\":\"Kursy Szko\u0142a Ducha\"},\"image\":{\"@id\":\"https:\\\/\\\/szkoladucha.pl\\\/kursy\\\/#\\\/schema\\\/logo\\\/image\\\/\"}}]}<\/script>\n<!-- \/ Yoast SEO plugin. -->","yoast_head_json":{"title":"Kurs Online: Odkryj swoje dlaczego? - Kursy Szko\u0142a Ducha","robots":{"index":"index","follow":"follow","max-snippet":"max-snippet:-1","max-image-preview":"max-image-preview:large","max-video-preview":"max-video-preview:-1"},"canonical":"https:\/\/szkoladucha.pl\/kursy\/produkt\/kurs-online-odkryj-swoje-dlaczego-3\/","og_locale":"pl_PL","og_type":"article","og_title":"Kurs Online: Odkryj swoje dlaczego? - Kursy Szko\u0142a Ducha","og_description":"Ciesz\u0119 si\u0119, \u017ce znalaz\u0142a\u015b si\u0119 w tym miejscu. Je\u015bli czujesz, \u017ce czas na g\u0142\u0119bsz\u0105 zmian\u0119 w swoim \u017cyciu i chcesz odkry\u0107, co naprawd\u0119 ma dla Ciebie sens \u2013 ten kurs jest dla Ciebie. Razem przejdziemy przez drog\u0119 transformacji, dzi\u0119ki kt\u00f3rej dowiesz si\u0119, jak dzia\u0142a\u0107 w pe\u0142nej sp\u00f3jno\u015bci ze sob\u0105 i jak \u017cy\u0107 zgodnie ze swoim ... Dowiedz si\u0119 wi\u0119cej","og_url":"https:\/\/szkoladucha.pl\/kursy\/produkt\/kurs-online-odkryj-swoje-dlaczego-3\/","og_site_name":"Kursy Szko\u0142a Ducha","article_modified_time":"2026-02-26T08:41:14+00:00","og_image":[{"width":600,"height":640,"url":"https:\/\/szkoladucha.pl\/kursy\/wp-content\/uploads\/sites\/5\/2025\/05\/drAS-Kurs-Transformacji-7-Krokow-FRONT.png","type":"image\/png"}],"twitter_card":"summary_large_image","twitter_misc":{"Szacowany czas czytania":"3 minuty"},"schema":{"@context":"https:\/\/schema.org","@graph":[{"@type":"WebPage","@id":"https:\/\/szkoladucha.pl\/kursy\/produkt\/kurs-online-odkryj-swoje-dlaczego-3\/","url":"https:\/\/szkoladucha.pl\/kursy\/produkt\/kurs-online-odkryj-swoje-dlaczego-3\/","name":"Kurs Online: Odkryj swoje dlaczego? - Kursy Szko\u0142a Ducha","isPartOf":{"@id":"https:\/\/szkoladucha.pl\/kursy\/#website"},"primaryImageOfPage":{"@id":"https:\/\/szkoladucha.pl\/kursy\/produkt\/kurs-online-odkryj-swoje-dlaczego-3\/#primaryimage"},"image":{"@id":"https:\/\/szkoladucha.pl\/kursy\/produkt\/kurs-online-odkryj-swoje-dlaczego-3\/#primaryimage"},"thumbnailUrl":"https:\/\/szkoladucha.pl\/kursy\/wp-content\/uploads\/sites\/5\/2025\/07\/drAS-kurs-po-co-zyje_.png","datePublished":"2026-02-26T08:37:48+00:00","dateModified":"2026-02-26T08:41:14+00:00","breadcrumb":{"@id":"https:\/\/szkoladucha.pl\/kursy\/produkt\/kurs-online-odkryj-swoje-dlaczego-3\/#breadcrumb"},"inLanguage":"pl-PL","potentialAction":[{"@type":"ReadAction","target":["https:\/\/szkoladucha.pl\/kursy\/produkt\/kurs-online-odkryj-swoje-dlaczego-3\/"]}]},{"@type":"ImageObject","inLanguage":"pl-PL","@id":"https:\/\/szkoladucha.pl\/kursy\/produkt\/kurs-online-odkryj-swoje-dlaczego-3\/#primaryimage","url":"https:\/\/szkoladucha.pl\/kursy\/wp-content\/uploads\/sites\/5\/2025\/07\/drAS-kurs-po-co-zyje_.png","contentUrl":"https:\/\/szkoladucha.pl\/kursy\/wp-content\/uploads\/sites\/5\/2025\/07\/drAS-kurs-po-co-zyje_.png","width":600,"height":640},{"@type":"BreadcrumbList","@id":"https:\/\/szkoladucha.pl\/kursy\/produkt\/kurs-online-odkryj-swoje-dlaczego-3\/#breadcrumb","itemListElement":[{"@type":"ListItem","position":1,"name":"Kursy","item":"https:\/\/szkoladucha.pl\/kursy\/"},{"@type":"ListItem","position":2,"name":"Kursy","item":"https:\/\/szkoladucha.pl\/kursy\/"},{"@type":"ListItem","position":3,"name":"Kurs Online: Odkryj swoje dlaczego?"}]},{"@type":"WebSite","@id":"https:\/\/szkoladucha.pl\/kursy\/#website","url":"https:\/\/szkoladucha.pl\/kursy\/","name":"Kursy Szko\u0142a Ducha","description":"Budujemy spo\u0142ecze\u0144stwo, kt\u00f3re \u015bwiadomie post\u0119puje zgodnie z planem.","publisher":{"@id":"https:\/\/szkoladucha.pl\/kursy\/#organization"},"potentialAction":[{"@type":"SearchAction","target":{"@type":"EntryPoint","urlTemplate":"https:\/\/szkoladucha.pl\/kursy\/?s={search_term_string}"},"query-input":{"@type":"PropertyValueSpecification","valueRequired":true,"valueName":"search_term_string"}}],"inLanguage":"pl-PL"},{"@type":"Organization","@id":"https:\/\/szkoladucha.pl\/kursy\/#organization","name":"Kursy Szko\u0142a Ducha","url":"https:\/\/szkoladucha.pl\/kursy\/","logo":{"@type":"ImageObject","inLanguage":"pl-PL","@id":"https:\/\/szkoladucha.pl\/kursy\/#\/schema\/logo\/image\/","url":"https:\/\/szkoladucha.pl\/kursy\/wp-content\/uploads\/sites\/5\/2022\/02\/kursy-szkola-ducha-logo-beztla-180px.png","contentUrl":"https:\/\/szkoladucha.pl\/kursy\/wp-content\/uploads\/sites\/5\/2022\/02\/kursy-szkola-ducha-logo-beztla-180px.png","width":180,"height":60,"caption":"Kursy Szko\u0142a Ducha"},"image":{"@id":"https:\/\/szkoladucha.pl\/kursy\/#\/schema\/logo\/image\/"}}]}},"_links":{"self":[{"href":"https:\/\/szkoladucha.pl\/kursy\/wp-json\/wp\/v2\/product\/22641","targetHints":{"allow":["GET"]}}],"collection":[{"href":"https:\/\/szkoladucha.pl\/kursy\/wp-json\/wp\/v2\/product"}],"about":[{"href":"https:\/\/szkoladucha.pl\/kursy\/wp-json\/wp\/v2\/types\/product"}],"replies":[{"embeddable":true,"href":"https:\/\/szkoladucha.pl\/kursy\/wp-json\/wp\/v2\/comments?post=22641"}],"wp:featuredmedia":[{"embeddable":true,"href":"https:\/\/szkoladucha.pl\/kursy\/wp-json\/wp\/v2\/media\/21093"}],"wp:attachment":[{"href":"https:\/\/szkoladucha.pl\/kursy\/wp-json\/wp\/v2\/media?parent=22641"}],"wp:term":[{"taxonomy":"product_brand","embeddable":true,"href":"https:\/\/szkoladucha.pl\/kursy\/wp-json\/wp\/v2\/product_brand?post=22641"},{"taxonomy":"product_cat","embeddable":true,"href":"https:\/\/szkoladucha.pl\/kursy\/wp-json\/wp\/v2\/product_cat?post=22641"},{"taxonomy":"product_tag","embeddable":true,"href":"https:\/\/szkoladucha.pl\/kursy\/wp-json\/wp\/v2\/product_tag?post=22641"}],"curies":[{"name":"wp","href":"https:\/\/api.w.org\/{rel}","templated":true}]}}