{"id":3853,"date":"2022-05-16T13:01:05","date_gmt":"2022-05-16T11:01:05","guid":{"rendered":"https:\/\/szkoladucha.pl\/kursy\/?post_type=product&#038;p=3853"},"modified":"2024-01-12T10:08:44","modified_gmt":"2024-01-12T09:08:44","slug":"3-filary-dobrej-komunikacji-3-godziny-konsultacji","status":"publish","type":"product","link":"https:\/\/szkoladucha.pl\/kursy\/produkt\/3-filary-dobrej-komunikacji-3-godziny-konsultacji\/","title":{"rendered":"#3 Filary Dobrej Komunikacji + 3 godziny konsultacji"},"content":{"rendered":"<h2>Relacje, o jakich nie \u015bni\u0142e\u015b<\/h2>\n<p>Codziennie spotykamy naszych bliskich i budujemy z nimi blisko\u015b\u0107. Stale prowadzimy rozmowy z innymi lud\u017ami \u2013 w pracy, sklepie i na ulicy. To, czy s\u0105 one pozytywne, czy negatywne, w du\u017cej mierze zale\u017cy od tego, czy potrafimy nimi zarz\u0105dza\u0107.<\/p>\n<p>Komunikacji da si\u0119 nauczy\u0107! Nie musisz ju\u017c teraz by\u0107 jej mistrzem \u2013 ka\u017cdy moment jest dobry, by zdoby\u0107 nowe umiej\u0119tno\u015bci. Je\u015bli mnie to si\u0119 uda\u0142o, uda si\u0119 i Tobie!<\/p>\n<p>We\u017a sprawy w swoje r\u0119ce! Zapisz si\u0119 na Filar Dobrej Komunikacji i zbuduj pozytywn\u0105 atmosfer\u0119 wok\u00f3\u0142 siebie.<\/p>\n<p>Ten kurs jest cz\u0119\u015bci\u0105 Akademii Metamorfozy Umys\u0142u. Szczeg\u00f3\u0142y Kursu i ca\u0142ej Akademii znajdziesz tutaj: <a href=\"https:\/\/akademia.drannasaj.pl\">www.akademia.drannasaj.pl<\/a><\/p>\n","protected":false},"excerpt":{"rendered":"<div class=\"woocommerce-product-details__short-description\">\n<p>Marzysz o stworzeniu szczerych i prawdziwych wi\u0119zi, ale masz wra\u017cenie, \u017ce ci\u0105gle co\u015b Ci to utrudnia? Czujesz, \u017ce rozmijasz si\u0119 z ukochan\u0105 osob\u0105? Mo\u017cesz to zmieni\u0107!<\/p>\n<\/div>\n<form class=\"cart\" action=\"https:\/\/szkoladucha.pl\/kursy\/produkt\/filary-dobrej-komunikacji\/\" enctype=\"multipart\/form-data\" method=\"post\">\n<div class=\"circle-button-wrapper--single\"><\/div>\n<\/form>\n","protected":false},"featured_media":9616,"comment_status":"open","ping_status":"closed","template":"","meta":[],"product_brand":[],"product_cat":[105],"product_tag":[],"class_list":{"0":"post-3853","1":"product","2":"type-product","3":"status-publish","4":"has-post-thumbnail","6":"product_cat-akademia-mu","7":"pa_autor-dr-anna-saj","8":"pa_tytul-filary-skutecznego-zarzadzania","9":"pa_tytul-pakiet-konsultacji-indywidualnych","10":"","11":"woocommerce-text-align-left","12":"woocommerce-image-align-center","13":"do-quantity-buttons","14":"wc-has-gallery","16":"first","17":"instock","18":"virtual","19":"sold-individually","20":"taxable","21":"purchasable","22":"product-type-bundle"},"bundled_by":[],"bundle_stock_status":"instock","bundle_stock_quantity":"","bundle_virtual":true,"bundle_layout":"default","bundle_add_to_cart_form_location":"default","bundle_editable_in_cart":false,"bundle_sold_individually_context":"product","bundle_item_grouping":"noindent","bundle_min_size":"","bundle_max_size":"","bundle_price":{"price":{"min":{"incl_tax":"2577","excl_tax":"2095.121951"},"max":{"incl_tax":"2577","excl_tax":"2095.121951"}},"regular_price":{"min":{"incl_tax":"2577","excl_tax":"2095.121951"},"max":{"incl_tax":"2577","excl_tax":"2095.121951"}}},"bundled_items":[{"bundled_item_id":23,"product_id":3285,"menu_order":0,"quantity_min":1,"quantity_max":1,"quantity_default":1,"priced_individually":false,"shipped_individually":true,"override_title":true,"title":"<a href=\"https:\/\/szkoladucha.pl\/kursy\/produkt\/filary-dobrej-komunikacji\/\"><span class=\"product-link-icon\">#3 Filary Dobrej Komunikacji<\/span><\/a>","override_description":false,"description":"","optional":false,"hide_thumbnail":false,"discount":"","override_variations":false,"allowed_variations":[],"override_default_variation_attributes":false,"default_variation_attributes":[],"single_product_visibility":"visible","cart_visibility":"hidden","order_visibility":"visible","single_product_price_visibility":"visible","cart_price_visibility":"visible","order_price_visibility":"visible","stock_status":"in_stock"},{"bundled_item_id":22,"product_id":3545,"menu_order":1,"quantity_min":1,"quantity_max":1,"quantity_default":1,"priced_individually":false,"shipped_individually":true,"override_title":true,"title":"<a href=\"https:\/\/szkoladucha.pl\/kursy\/produkt\/3-godziny-konsultacji-z-dr-anna-saj\/\"><span class=\"product-link-icon\">3 godziny Konsultacji z dr Ann\u0105 Saj<\/span><\/a>","override_description":false,"description":"","optional":false,"hide_thumbnail":false,"discount":"","override_variations":false,"allowed_variations":[],"override_default_variation_attributes":false,"default_variation_attributes":[],"single_product_visibility":"visible","cart_visibility":"hidden","order_visibility":"visible","single_product_price_visibility":"visible","cart_price_visibility":"visible","order_price_visibility":"visible","stock_status":"in_stock"}],"bundle_sell_ids":[],"exclude_global_add_ons":[],"addons":[],"yoast_head":"<!-- This site is optimized with the Yoast SEO plugin v27.3 - https:\/\/yoast.com\/product\/yoast-seo-wordpress\/ -->\n<title>#3 Filary Dobrej Komunikacji + 3 godziny konsultacji - Kursy Szko\u0142a Ducha<\/title>\n<meta name=\"robots\" content=\"index, follow, max-snippet:-1, max-image-preview:large, max-video-preview:-1\" \/>\n<link rel=\"canonical\" href=\"https:\/\/szkoladucha.pl\/kursy\/produkt\/3-filary-dobrej-komunikacji-3-godziny-konsultacji\/\" \/>\n<meta property=\"og:locale\" content=\"pl_PL\" \/>\n<meta property=\"og:type\" content=\"article\" \/>\n<meta property=\"og:title\" content=\"#3 Filary Dobrej Komunikacji + 3 godziny konsultacji - Kursy Szko\u0142a Ducha\" \/>\n<meta property=\"og:description\" content=\"Marzysz o stworzeniu szczerych i prawdziwych wi\u0119zi, ale masz wra\u017cenie, \u017ce ci\u0105gle co\u015b Ci to utrudnia? Czujesz, \u017ce rozmijasz si\u0119 z ukochan\u0105 osob\u0105? Mo\u017cesz to zmieni\u0107!\" \/>\n<meta property=\"og:url\" content=\"https:\/\/szkoladucha.pl\/kursy\/produkt\/3-filary-dobrej-komunikacji-3-godziny-konsultacji\/\" \/>\n<meta property=\"og:site_name\" content=\"Kursy Szko\u0142a Ducha\" \/>\n<meta property=\"article:modified_time\" content=\"2024-01-12T09:08:44+00:00\" \/>\n<meta property=\"og:image\" content=\"https:\/\/szkoladucha.pl\/kursy\/wp-content\/uploads\/sites\/5\/2023\/06\/3-Filar-konsultacje.jpg\" \/>\n\t<meta property=\"og:image:width\" content=\"2560\" \/>\n\t<meta property=\"og:image:height\" content=\"2560\" \/>\n\t<meta property=\"og:image:type\" content=\"image\/jpeg\" \/>\n<meta name=\"twitter:card\" content=\"summary_large_image\" \/>\n<meta name=\"twitter:label1\" content=\"Szacowany czas czytania\" \/>\n\t<meta name=\"twitter:data1\" content=\"1 minuta\" \/>\n<script type=\"application\/ld+json\" class=\"yoast-schema-graph\">{\"@context\":\"https:\\\/\\\/schema.org\",\"@graph\":[{\"@type\":\"WebPage\",\"@id\":\"https:\\\/\\\/szkoladucha.pl\\\/kursy\\\/produkt\\\/3-filary-dobrej-komunikacji-3-godziny-konsultacji\\\/\",\"url\":\"https:\\\/\\\/szkoladucha.pl\\\/kursy\\\/produkt\\\/3-filary-dobrej-komunikacji-3-godziny-konsultacji\\\/\",\"name\":\"#3 Filary Dobrej Komunikacji + 3 godziny konsultacji - Kursy Szko\u0142a Ducha\",\"isPartOf\":{\"@id\":\"https:\\\/\\\/szkoladucha.pl\\\/kursy\\\/#website\"},\"primaryImageOfPage\":{\"@id\":\"https:\\\/\\\/szkoladucha.pl\\\/kursy\\\/produkt\\\/3-filary-dobrej-komunikacji-3-godziny-konsultacji\\\/#primaryimage\"},\"image\":{\"@id\":\"https:\\\/\\\/szkoladucha.pl\\\/kursy\\\/produkt\\\/3-filary-dobrej-komunikacji-3-godziny-konsultacji\\\/#primaryimage\"},\"thumbnailUrl\":\"https:\\\/\\\/szkoladucha.pl\\\/kursy\\\/wp-content\\\/uploads\\\/sites\\\/5\\\/2023\\\/06\\\/3-Filar-konsultacje.jpg\",\"datePublished\":\"2022-05-16T11:01:05+00:00\",\"dateModified\":\"2024-01-12T09:08:44+00:00\",\"breadcrumb\":{\"@id\":\"https:\\\/\\\/szkoladucha.pl\\\/kursy\\\/produkt\\\/3-filary-dobrej-komunikacji-3-godziny-konsultacji\\\/#breadcrumb\"},\"inLanguage\":\"pl-PL\",\"potentialAction\":[{\"@type\":\"ReadAction\",\"target\":[\"https:\\\/\\\/szkoladucha.pl\\\/kursy\\\/produkt\\\/3-filary-dobrej-komunikacji-3-godziny-konsultacji\\\/\"]}]},{\"@type\":\"ImageObject\",\"inLanguage\":\"pl-PL\",\"@id\":\"https:\\\/\\\/szkoladucha.pl\\\/kursy\\\/produkt\\\/3-filary-dobrej-komunikacji-3-godziny-konsultacji\\\/#primaryimage\",\"url\":\"https:\\\/\\\/szkoladucha.pl\\\/kursy\\\/wp-content\\\/uploads\\\/sites\\\/5\\\/2023\\\/06\\\/3-Filar-konsultacje.jpg\",\"contentUrl\":\"https:\\\/\\\/szkoladucha.pl\\\/kursy\\\/wp-content\\\/uploads\\\/sites\\\/5\\\/2023\\\/06\\\/3-Filar-konsultacje.jpg\",\"width\":2560,\"height\":2560},{\"@type\":\"BreadcrumbList\",\"@id\":\"https:\\\/\\\/szkoladucha.pl\\\/kursy\\\/produkt\\\/3-filary-dobrej-komunikacji-3-godziny-konsultacji\\\/#breadcrumb\",\"itemListElement\":[{\"@type\":\"ListItem\",\"position\":1,\"name\":\"Kursy\",\"item\":\"https:\\\/\\\/szkoladucha.pl\\\/kursy\\\/\"},{\"@type\":\"ListItem\",\"position\":2,\"name\":\"Kursy\",\"item\":\"https:\\\/\\\/szkoladucha.pl\\\/kursy\\\/\"},{\"@type\":\"ListItem\",\"position\":3,\"name\":\"#3 Filary Dobrej Komunikacji + 3 godziny konsultacji\"}]},{\"@type\":\"WebSite\",\"@id\":\"https:\\\/\\\/szkoladucha.pl\\\/kursy\\\/#website\",\"url\":\"https:\\\/\\\/szkoladucha.pl\\\/kursy\\\/\",\"name\":\"Kursy Szko\u0142a Ducha\",\"description\":\"Budujemy spo\u0142ecze\u0144stwo, kt\u00f3re \u015bwiadomie post\u0119puje zgodnie z planem.\",\"publisher\":{\"@id\":\"https:\\\/\\\/szkoladucha.pl\\\/kursy\\\/#organization\"},\"potentialAction\":[{\"@type\":\"SearchAction\",\"target\":{\"@type\":\"EntryPoint\",\"urlTemplate\":\"https:\\\/\\\/szkoladucha.pl\\\/kursy\\\/?s={search_term_string}\"},\"query-input\":{\"@type\":\"PropertyValueSpecification\",\"valueRequired\":true,\"valueName\":\"search_term_string\"}}],\"inLanguage\":\"pl-PL\"},{\"@type\":\"Organization\",\"@id\":\"https:\\\/\\\/szkoladucha.pl\\\/kursy\\\/#organization\",\"name\":\"Kursy Szko\u0142a Ducha\",\"url\":\"https:\\\/\\\/szkoladucha.pl\\\/kursy\\\/\",\"logo\":{\"@type\":\"ImageObject\",\"inLanguage\":\"pl-PL\",\"@id\":\"https:\\\/\\\/szkoladucha.pl\\\/kursy\\\/#\\\/schema\\\/logo\\\/image\\\/\",\"url\":\"https:\\\/\\\/szkoladucha.pl\\\/kursy\\\/wp-content\\\/uploads\\\/sites\\\/5\\\/2022\\\/02\\\/kursy-szkola-ducha-logo-beztla-180px.png\",\"contentUrl\":\"https:\\\/\\\/szkoladucha.pl\\\/kursy\\\/wp-content\\\/uploads\\\/sites\\\/5\\\/2022\\\/02\\\/kursy-szkola-ducha-logo-beztla-180px.png\",\"width\":180,\"height\":60,\"caption\":\"Kursy Szko\u0142a Ducha\"},\"image\":{\"@id\":\"https:\\\/\\\/szkoladucha.pl\\\/kursy\\\/#\\\/schema\\\/logo\\\/image\\\/\"}}]}<\/script>\n<!-- \/ Yoast SEO plugin. -->","yoast_head_json":{"title":"#3 Filary Dobrej Komunikacji + 3 godziny konsultacji - Kursy Szko\u0142a Ducha","robots":{"index":"index","follow":"follow","max-snippet":"max-snippet:-1","max-image-preview":"max-image-preview:large","max-video-preview":"max-video-preview:-1"},"canonical":"https:\/\/szkoladucha.pl\/kursy\/produkt\/3-filary-dobrej-komunikacji-3-godziny-konsultacji\/","og_locale":"pl_PL","og_type":"article","og_title":"#3 Filary Dobrej Komunikacji + 3 godziny konsultacji - Kursy Szko\u0142a Ducha","og_description":"Marzysz o stworzeniu szczerych i prawdziwych wi\u0119zi, ale masz wra\u017cenie, \u017ce ci\u0105gle co\u015b Ci to utrudnia? Czujesz, \u017ce rozmijasz si\u0119 z ukochan\u0105 osob\u0105? Mo\u017cesz to zmieni\u0107!","og_url":"https:\/\/szkoladucha.pl\/kursy\/produkt\/3-filary-dobrej-komunikacji-3-godziny-konsultacji\/","og_site_name":"Kursy Szko\u0142a Ducha","article_modified_time":"2024-01-12T09:08:44+00:00","og_image":[{"width":2560,"height":2560,"url":"https:\/\/szkoladucha.pl\/kursy\/wp-content\/uploads\/sites\/5\/2023\/06\/3-Filar-konsultacje.jpg","type":"image\/jpeg"}],"twitter_card":"summary_large_image","twitter_misc":{"Szacowany czas czytania":"1 minuta"},"schema":{"@context":"https:\/\/schema.org","@graph":[{"@type":"WebPage","@id":"https:\/\/szkoladucha.pl\/kursy\/produkt\/3-filary-dobrej-komunikacji-3-godziny-konsultacji\/","url":"https:\/\/szkoladucha.pl\/kursy\/produkt\/3-filary-dobrej-komunikacji-3-godziny-konsultacji\/","name":"#3 Filary Dobrej Komunikacji + 3 godziny konsultacji - Kursy Szko\u0142a Ducha","isPartOf":{"@id":"https:\/\/szkoladucha.pl\/kursy\/#website"},"primaryImageOfPage":{"@id":"https:\/\/szkoladucha.pl\/kursy\/produkt\/3-filary-dobrej-komunikacji-3-godziny-konsultacji\/#primaryimage"},"image":{"@id":"https:\/\/szkoladucha.pl\/kursy\/produkt\/3-filary-dobrej-komunikacji-3-godziny-konsultacji\/#primaryimage"},"thumbnailUrl":"https:\/\/szkoladucha.pl\/kursy\/wp-content\/uploads\/sites\/5\/2023\/06\/3-Filar-konsultacje.jpg","datePublished":"2022-05-16T11:01:05+00:00","dateModified":"2024-01-12T09:08:44+00:00","breadcrumb":{"@id":"https:\/\/szkoladucha.pl\/kursy\/produkt\/3-filary-dobrej-komunikacji-3-godziny-konsultacji\/#breadcrumb"},"inLanguage":"pl-PL","potentialAction":[{"@type":"ReadAction","target":["https:\/\/szkoladucha.pl\/kursy\/produkt\/3-filary-dobrej-komunikacji-3-godziny-konsultacji\/"]}]},{"@type":"ImageObject","inLanguage":"pl-PL","@id":"https:\/\/szkoladucha.pl\/kursy\/produkt\/3-filary-dobrej-komunikacji-3-godziny-konsultacji\/#primaryimage","url":"https:\/\/szkoladucha.pl\/kursy\/wp-content\/uploads\/sites\/5\/2023\/06\/3-Filar-konsultacje.jpg","contentUrl":"https:\/\/szkoladucha.pl\/kursy\/wp-content\/uploads\/sites\/5\/2023\/06\/3-Filar-konsultacje.jpg","width":2560,"height":2560},{"@type":"BreadcrumbList","@id":"https:\/\/szkoladucha.pl\/kursy\/produkt\/3-filary-dobrej-komunikacji-3-godziny-konsultacji\/#breadcrumb","itemListElement":[{"@type":"ListItem","position":1,"name":"Kursy","item":"https:\/\/szkoladucha.pl\/kursy\/"},{"@type":"ListItem","position":2,"name":"Kursy","item":"https:\/\/szkoladucha.pl\/kursy\/"},{"@type":"ListItem","position":3,"name":"#3 Filary Dobrej Komunikacji + 3 godziny konsultacji"}]},{"@type":"WebSite","@id":"https:\/\/szkoladucha.pl\/kursy\/#website","url":"https:\/\/szkoladucha.pl\/kursy\/","name":"Kursy Szko\u0142a Ducha","description":"Budujemy spo\u0142ecze\u0144stwo, kt\u00f3re \u015bwiadomie post\u0119puje zgodnie z planem.","publisher":{"@id":"https:\/\/szkoladucha.pl\/kursy\/#organization"},"potentialAction":[{"@type":"SearchAction","target":{"@type":"EntryPoint","urlTemplate":"https:\/\/szkoladucha.pl\/kursy\/?s={search_term_string}"},"query-input":{"@type":"PropertyValueSpecification","valueRequired":true,"valueName":"search_term_string"}}],"inLanguage":"pl-PL"},{"@type":"Organization","@id":"https:\/\/szkoladucha.pl\/kursy\/#organization","name":"Kursy Szko\u0142a Ducha","url":"https:\/\/szkoladucha.pl\/kursy\/","logo":{"@type":"ImageObject","inLanguage":"pl-PL","@id":"https:\/\/szkoladucha.pl\/kursy\/#\/schema\/logo\/image\/","url":"https:\/\/szkoladucha.pl\/kursy\/wp-content\/uploads\/sites\/5\/2022\/02\/kursy-szkola-ducha-logo-beztla-180px.png","contentUrl":"https:\/\/szkoladucha.pl\/kursy\/wp-content\/uploads\/sites\/5\/2022\/02\/kursy-szkola-ducha-logo-beztla-180px.png","width":180,"height":60,"caption":"Kursy Szko\u0142a Ducha"},"image":{"@id":"https:\/\/szkoladucha.pl\/kursy\/#\/schema\/logo\/image\/"}}]}},"_links":{"self":[{"href":"https:\/\/szkoladucha.pl\/kursy\/wp-json\/wp\/v2\/product\/3853","targetHints":{"allow":["GET"]}}],"collection":[{"href":"https:\/\/szkoladucha.pl\/kursy\/wp-json\/wp\/v2\/product"}],"about":[{"href":"https:\/\/szkoladucha.pl\/kursy\/wp-json\/wp\/v2\/types\/product"}],"replies":[{"embeddable":true,"href":"https:\/\/szkoladucha.pl\/kursy\/wp-json\/wp\/v2\/comments?post=3853"}],"wp:featuredmedia":[{"embeddable":true,"href":"https:\/\/szkoladucha.pl\/kursy\/wp-json\/wp\/v2\/media\/9616"}],"wp:attachment":[{"href":"https:\/\/szkoladucha.pl\/kursy\/wp-json\/wp\/v2\/media?parent=3853"}],"wp:term":[{"taxonomy":"product_brand","embeddable":true,"href":"https:\/\/szkoladucha.pl\/kursy\/wp-json\/wp\/v2\/product_brand?post=3853"},{"taxonomy":"product_cat","embeddable":true,"href":"https:\/\/szkoladucha.pl\/kursy\/wp-json\/wp\/v2\/product_cat?post=3853"},{"taxonomy":"product_tag","embeddable":true,"href":"https:\/\/szkoladucha.pl\/kursy\/wp-json\/wp\/v2\/product_tag?post=3853"}],"curies":[{"name":"wp","href":"https:\/\/api.w.org\/{rel}","templated":true}]}}