{"id":6254,"date":"2022-10-18T12:22:35","date_gmt":"2022-10-18T10:22:35","guid":{"rendered":"https:\/\/szkoladucha.pl\/kursy\/?post_type=product&#038;p=6254"},"modified":"2025-12-11T12:32:44","modified_gmt":"2025-12-11T11:32:44","slug":"pelna-laski-rekolekcje-dla-kobiet","status":"publish","type":"product","link":"https:\/\/szkoladucha.pl\/kursy\/produkt\/pelna-laski-rekolekcje-dla-kobiet\/","title":{"rendered":"Pe\u0142na \u0141aski &#8211; Rekolekcje dla kobiet"},"content":{"rendered":"<div class=\"gb-container gb-container-b8ea6abd\">\n<div class=\"gb-inside-container\">\n<div class=\"gb-grid-wrapper gb-grid-wrapper-99384247\">\n<div class=\"gb-grid-column gb-grid-column-4c27741d\">\n<div class=\"gb-container gb-container-4c27741d\">\n<div class=\"gb-inside-container\">\n<p>Jeste\u015b wype\u0142niona \u0142ask\u0105. <strong>Wszystko, co najpi\u0119kniejsze, jest dost\u0119pne dla Ciebie<\/strong>, bo jeste\u015b Pe\u0142na \u0141aski. B\u00f3g chce, aby\u015b do\u015bwiadczy\u0142a szcz\u0119\u015bcia, rado\u015bci i pokoju. Historia Maryi pokazuje, \u017ce wej\u015bcie w Bo\u017cy Plan mia\u0142o swoje konsekwencje: Duch \u015awi\u0119ty os\u0142oni\u0142 j\u0105, moc Najwy\u017cszego zst\u0105pi\u0142a na ni\u0105, a ona wyda\u0142a owoc oraz Pan by\u0142 z ni\u0105 w ka\u017cdym wydarzeniu, kt\u00f3re j\u0105 spotka\u0142o.<\/p>\n<p>Zacznij dzia\u0142a\u0107 w tym kierunku! Wejd\u017a w Bo\u017cy Plan, aby do\u015bwiadczy\u0107 dzia\u0142ania mocy Ducha \u015awi\u0119tego i Bo\u017cego zaopatrzenia w ka\u017cdym czasie Twojego \u017cycia. A je\u015bli jeste\u015b kobiet\u0105 krocz\u0105c\u0105 w Bo\u017cym Planie, niech B\u00f3g odnowi Twoje si\u0142y jak u or\u0142a!<\/p>\n<p>Kurs Pe\u0142na \u0141aski pozwoli Ci poczyni\u0107 kroki w kierunku \u017cycia pe\u0142nego pokoju i spe\u0142nienia.<\/p>\n<p>Do zobaczenia!<\/p>\n<\/div>\n<\/div>\n<\/div>\n<\/div>\n<\/div>\n<\/div>\n<div class=\"gb-container gb-container-abe5d2ec pseudo-bgr-bottom2\">\n<div class=\"gb-inside-container\"><\/div>\n<\/div>\n","protected":false},"excerpt":{"rendered":"<p>Kurs przeznaczony jest dla kobiet, kt\u00f3re pragn\u0105 wzrasta\u0107 w swoim powo\u0142aniu.<\/p>\n<p>Wierzymy, \u017ce B\u00f3g wzbudza Kobiety aby s\u0142u\u017cy\u0142y zgodnie ze swoim powo\u0142aniem.<\/p>\n<p>Do\u0142\u0105cz do nas!<\/p>\n","protected":false},"featured_media":6214,"comment_status":"open","ping_status":"closed","template":"","meta":[],"product_brand":[],"product_cat":[99],"product_tag":[],"class_list":{"0":"post-6254","1":"product","2":"type-product","3":"status-publish","4":"has-post-thumbnail","6":"product_cat-kursy-online","7":"pa_autor-ania-saj","8":"pa_autor-anna-maria-saj","9":"pa_autor-dr-anna-saj","10":"pa_autor-gabriela-sawa","11":"pa_autor-maja-stepanow","12":"pa_autor-marta-mendrek","13":"pa_tytul-pelna-laski","14":"","15":"woocommerce-text-align-left","16":"woocommerce-image-align-center","17":"do-quantity-buttons","19":"first","20":"instock","21":"featured","22":"virtual","23":"sold-individually","24":"taxable","25":"purchasable","26":"product-type-simple"},"bundled_by":[],"bundle_stock_status":"instock","bundle_stock_quantity":null,"bundle_virtual":false,"bundle_layout":"","bundle_add_to_cart_form_location":"","bundle_editable_in_cart":false,"bundle_sold_individually_context":"","bundle_item_grouping":"","bundle_min_size":"","bundle_max_size":"","bundle_price":[],"bundled_items":[],"bundle_sell_ids":[],"exclude_global_add_ons":[],"addons":[],"yoast_head":"<!-- This site is optimized with the Yoast SEO plugin v27.3 - https:\/\/yoast.com\/product\/yoast-seo-wordpress\/ -->\n<title>Pe\u0142na \u0141aski - Rekolekcje dla kobiet - Kursy Szko\u0142a Ducha<\/title>\n<meta name=\"robots\" content=\"index, follow, max-snippet:-1, max-image-preview:large, max-video-preview:-1\" \/>\n<link rel=\"canonical\" href=\"https:\/\/szkoladucha.pl\/kursy\/produkt\/pelna-laski-rekolekcje-dla-kobiet\/\" \/>\n<meta property=\"og:locale\" content=\"pl_PL\" \/>\n<meta property=\"og:type\" content=\"article\" \/>\n<meta property=\"og:title\" content=\"Pe\u0142na \u0141aski - Rekolekcje dla kobiet - Kursy Szko\u0142a Ducha\" \/>\n<meta property=\"og:description\" content=\"Kurs przeznaczony jest dla kobiet, kt\u00f3re pragn\u0105 wzrasta\u0107 w swoim powo\u0142aniu.  Wierzymy, \u017ce B\u00f3g wzbudza Kobiety aby s\u0142u\u017cy\u0142y zgodnie ze swoim powo\u0142aniem.  Do\u0142\u0105cz do nas!\" \/>\n<meta property=\"og:url\" content=\"https:\/\/szkoladucha.pl\/kursy\/produkt\/pelna-laski-rekolekcje-dla-kobiet\/\" \/>\n<meta property=\"og:site_name\" content=\"Kursy Szko\u0142a Ducha\" \/>\n<meta property=\"article:modified_time\" content=\"2025-12-11T11:32:44+00:00\" \/>\n<meta property=\"og:image\" content=\"https:\/\/szkoladucha.pl\/kursy\/wp-content\/uploads\/sites\/5\/2022\/10\/Kobiety-Kobietom-pelna-laski-online-1.png\" \/>\n\t<meta property=\"og:image:width\" content=\"600\" \/>\n\t<meta property=\"og:image:height\" content=\"640\" \/>\n\t<meta property=\"og:image:type\" content=\"image\/png\" \/>\n<meta name=\"twitter:card\" content=\"summary_large_image\" \/>\n<meta name=\"twitter:label1\" content=\"Szacowany czas czytania\" \/>\n\t<meta name=\"twitter:data1\" content=\"1 minuta\" \/>\n<script type=\"application\/ld+json\" class=\"yoast-schema-graph\">{\"@context\":\"https:\\\/\\\/schema.org\",\"@graph\":[{\"@type\":\"WebPage\",\"@id\":\"https:\\\/\\\/szkoladucha.pl\\\/kursy\\\/produkt\\\/pelna-laski-rekolekcje-dla-kobiet\\\/\",\"url\":\"https:\\\/\\\/szkoladucha.pl\\\/kursy\\\/produkt\\\/pelna-laski-rekolekcje-dla-kobiet\\\/\",\"name\":\"Pe\u0142na \u0141aski - Rekolekcje dla kobiet - Kursy Szko\u0142a Ducha\",\"isPartOf\":{\"@id\":\"https:\\\/\\\/szkoladucha.pl\\\/kursy\\\/#website\"},\"primaryImageOfPage\":{\"@id\":\"https:\\\/\\\/szkoladucha.pl\\\/kursy\\\/produkt\\\/pelna-laski-rekolekcje-dla-kobiet\\\/#primaryimage\"},\"image\":{\"@id\":\"https:\\\/\\\/szkoladucha.pl\\\/kursy\\\/produkt\\\/pelna-laski-rekolekcje-dla-kobiet\\\/#primaryimage\"},\"thumbnailUrl\":\"https:\\\/\\\/szkoladucha.pl\\\/kursy\\\/wp-content\\\/uploads\\\/sites\\\/5\\\/2022\\\/10\\\/Kobiety-Kobietom-pelna-laski-online-1.png\",\"datePublished\":\"2022-10-18T10:22:35+00:00\",\"dateModified\":\"2025-12-11T11:32:44+00:00\",\"breadcrumb\":{\"@id\":\"https:\\\/\\\/szkoladucha.pl\\\/kursy\\\/produkt\\\/pelna-laski-rekolekcje-dla-kobiet\\\/#breadcrumb\"},\"inLanguage\":\"pl-PL\",\"potentialAction\":[{\"@type\":\"ReadAction\",\"target\":[\"https:\\\/\\\/szkoladucha.pl\\\/kursy\\\/produkt\\\/pelna-laski-rekolekcje-dla-kobiet\\\/\"]}]},{\"@type\":\"ImageObject\",\"inLanguage\":\"pl-PL\",\"@id\":\"https:\\\/\\\/szkoladucha.pl\\\/kursy\\\/produkt\\\/pelna-laski-rekolekcje-dla-kobiet\\\/#primaryimage\",\"url\":\"https:\\\/\\\/szkoladucha.pl\\\/kursy\\\/wp-content\\\/uploads\\\/sites\\\/5\\\/2022\\\/10\\\/Kobiety-Kobietom-pelna-laski-online-1.png\",\"contentUrl\":\"https:\\\/\\\/szkoladucha.pl\\\/kursy\\\/wp-content\\\/uploads\\\/sites\\\/5\\\/2022\\\/10\\\/Kobiety-Kobietom-pelna-laski-online-1.png\",\"width\":600,\"height\":640},{\"@type\":\"BreadcrumbList\",\"@id\":\"https:\\\/\\\/szkoladucha.pl\\\/kursy\\\/produkt\\\/pelna-laski-rekolekcje-dla-kobiet\\\/#breadcrumb\",\"itemListElement\":[{\"@type\":\"ListItem\",\"position\":1,\"name\":\"Kursy\",\"item\":\"https:\\\/\\\/szkoladucha.pl\\\/kursy\\\/\"},{\"@type\":\"ListItem\",\"position\":2,\"name\":\"Kursy\",\"item\":\"https:\\\/\\\/szkoladucha.pl\\\/kursy\\\/\"},{\"@type\":\"ListItem\",\"position\":3,\"name\":\"Pe\u0142na \u0141aski &#8211; Rekolekcje dla kobiet\"}]},{\"@type\":\"WebSite\",\"@id\":\"https:\\\/\\\/szkoladucha.pl\\\/kursy\\\/#website\",\"url\":\"https:\\\/\\\/szkoladucha.pl\\\/kursy\\\/\",\"name\":\"Kursy Szko\u0142a Ducha\",\"description\":\"Budujemy spo\u0142ecze\u0144stwo, kt\u00f3re \u015bwiadomie post\u0119puje zgodnie z planem.\",\"publisher\":{\"@id\":\"https:\\\/\\\/szkoladucha.pl\\\/kursy\\\/#organization\"},\"potentialAction\":[{\"@type\":\"SearchAction\",\"target\":{\"@type\":\"EntryPoint\",\"urlTemplate\":\"https:\\\/\\\/szkoladucha.pl\\\/kursy\\\/?s={search_term_string}\"},\"query-input\":{\"@type\":\"PropertyValueSpecification\",\"valueRequired\":true,\"valueName\":\"search_term_string\"}}],\"inLanguage\":\"pl-PL\"},{\"@type\":\"Organization\",\"@id\":\"https:\\\/\\\/szkoladucha.pl\\\/kursy\\\/#organization\",\"name\":\"Kursy Szko\u0142a Ducha\",\"url\":\"https:\\\/\\\/szkoladucha.pl\\\/kursy\\\/\",\"logo\":{\"@type\":\"ImageObject\",\"inLanguage\":\"pl-PL\",\"@id\":\"https:\\\/\\\/szkoladucha.pl\\\/kursy\\\/#\\\/schema\\\/logo\\\/image\\\/\",\"url\":\"https:\\\/\\\/szkoladucha.pl\\\/kursy\\\/wp-content\\\/uploads\\\/sites\\\/5\\\/2022\\\/02\\\/kursy-szkola-ducha-logo-beztla-180px.png\",\"contentUrl\":\"https:\\\/\\\/szkoladucha.pl\\\/kursy\\\/wp-content\\\/uploads\\\/sites\\\/5\\\/2022\\\/02\\\/kursy-szkola-ducha-logo-beztla-180px.png\",\"width\":180,\"height\":60,\"caption\":\"Kursy Szko\u0142a Ducha\"},\"image\":{\"@id\":\"https:\\\/\\\/szkoladucha.pl\\\/kursy\\\/#\\\/schema\\\/logo\\\/image\\\/\"}}]}<\/script>\n<!-- \/ Yoast SEO plugin. -->","yoast_head_json":{"title":"Pe\u0142na \u0141aski - Rekolekcje dla kobiet - Kursy Szko\u0142a Ducha","robots":{"index":"index","follow":"follow","max-snippet":"max-snippet:-1","max-image-preview":"max-image-preview:large","max-video-preview":"max-video-preview:-1"},"canonical":"https:\/\/szkoladucha.pl\/kursy\/produkt\/pelna-laski-rekolekcje-dla-kobiet\/","og_locale":"pl_PL","og_type":"article","og_title":"Pe\u0142na \u0141aski - Rekolekcje dla kobiet - Kursy Szko\u0142a Ducha","og_description":"Kurs przeznaczony jest dla kobiet, kt\u00f3re pragn\u0105 wzrasta\u0107 w swoim powo\u0142aniu.  Wierzymy, \u017ce B\u00f3g wzbudza Kobiety aby s\u0142u\u017cy\u0142y zgodnie ze swoim powo\u0142aniem.  Do\u0142\u0105cz do nas!","og_url":"https:\/\/szkoladucha.pl\/kursy\/produkt\/pelna-laski-rekolekcje-dla-kobiet\/","og_site_name":"Kursy Szko\u0142a Ducha","article_modified_time":"2025-12-11T11:32:44+00:00","og_image":[{"width":600,"height":640,"url":"https:\/\/szkoladucha.pl\/kursy\/wp-content\/uploads\/sites\/5\/2022\/10\/Kobiety-Kobietom-pelna-laski-online-1.png","type":"image\/png"}],"twitter_card":"summary_large_image","twitter_misc":{"Szacowany czas czytania":"1 minuta"},"schema":{"@context":"https:\/\/schema.org","@graph":[{"@type":"WebPage","@id":"https:\/\/szkoladucha.pl\/kursy\/produkt\/pelna-laski-rekolekcje-dla-kobiet\/","url":"https:\/\/szkoladucha.pl\/kursy\/produkt\/pelna-laski-rekolekcje-dla-kobiet\/","name":"Pe\u0142na \u0141aski - Rekolekcje dla kobiet - Kursy Szko\u0142a Ducha","isPartOf":{"@id":"https:\/\/szkoladucha.pl\/kursy\/#website"},"primaryImageOfPage":{"@id":"https:\/\/szkoladucha.pl\/kursy\/produkt\/pelna-laski-rekolekcje-dla-kobiet\/#primaryimage"},"image":{"@id":"https:\/\/szkoladucha.pl\/kursy\/produkt\/pelna-laski-rekolekcje-dla-kobiet\/#primaryimage"},"thumbnailUrl":"https:\/\/szkoladucha.pl\/kursy\/wp-content\/uploads\/sites\/5\/2022\/10\/Kobiety-Kobietom-pelna-laski-online-1.png","datePublished":"2022-10-18T10:22:35+00:00","dateModified":"2025-12-11T11:32:44+00:00","breadcrumb":{"@id":"https:\/\/szkoladucha.pl\/kursy\/produkt\/pelna-laski-rekolekcje-dla-kobiet\/#breadcrumb"},"inLanguage":"pl-PL","potentialAction":[{"@type":"ReadAction","target":["https:\/\/szkoladucha.pl\/kursy\/produkt\/pelna-laski-rekolekcje-dla-kobiet\/"]}]},{"@type":"ImageObject","inLanguage":"pl-PL","@id":"https:\/\/szkoladucha.pl\/kursy\/produkt\/pelna-laski-rekolekcje-dla-kobiet\/#primaryimage","url":"https:\/\/szkoladucha.pl\/kursy\/wp-content\/uploads\/sites\/5\/2022\/10\/Kobiety-Kobietom-pelna-laski-online-1.png","contentUrl":"https:\/\/szkoladucha.pl\/kursy\/wp-content\/uploads\/sites\/5\/2022\/10\/Kobiety-Kobietom-pelna-laski-online-1.png","width":600,"height":640},{"@type":"BreadcrumbList","@id":"https:\/\/szkoladucha.pl\/kursy\/produkt\/pelna-laski-rekolekcje-dla-kobiet\/#breadcrumb","itemListElement":[{"@type":"ListItem","position":1,"name":"Kursy","item":"https:\/\/szkoladucha.pl\/kursy\/"},{"@type":"ListItem","position":2,"name":"Kursy","item":"https:\/\/szkoladucha.pl\/kursy\/"},{"@type":"ListItem","position":3,"name":"Pe\u0142na \u0141aski &#8211; Rekolekcje dla kobiet"}]},{"@type":"WebSite","@id":"https:\/\/szkoladucha.pl\/kursy\/#website","url":"https:\/\/szkoladucha.pl\/kursy\/","name":"Kursy Szko\u0142a Ducha","description":"Budujemy spo\u0142ecze\u0144stwo, kt\u00f3re \u015bwiadomie post\u0119puje zgodnie z planem.","publisher":{"@id":"https:\/\/szkoladucha.pl\/kursy\/#organization"},"potentialAction":[{"@type":"SearchAction","target":{"@type":"EntryPoint","urlTemplate":"https:\/\/szkoladucha.pl\/kursy\/?s={search_term_string}"},"query-input":{"@type":"PropertyValueSpecification","valueRequired":true,"valueName":"search_term_string"}}],"inLanguage":"pl-PL"},{"@type":"Organization","@id":"https:\/\/szkoladucha.pl\/kursy\/#organization","name":"Kursy Szko\u0142a Ducha","url":"https:\/\/szkoladucha.pl\/kursy\/","logo":{"@type":"ImageObject","inLanguage":"pl-PL","@id":"https:\/\/szkoladucha.pl\/kursy\/#\/schema\/logo\/image\/","url":"https:\/\/szkoladucha.pl\/kursy\/wp-content\/uploads\/sites\/5\/2022\/02\/kursy-szkola-ducha-logo-beztla-180px.png","contentUrl":"https:\/\/szkoladucha.pl\/kursy\/wp-content\/uploads\/sites\/5\/2022\/02\/kursy-szkola-ducha-logo-beztla-180px.png","width":180,"height":60,"caption":"Kursy Szko\u0142a Ducha"},"image":{"@id":"https:\/\/szkoladucha.pl\/kursy\/#\/schema\/logo\/image\/"}}]}},"_links":{"self":[{"href":"https:\/\/szkoladucha.pl\/kursy\/wp-json\/wp\/v2\/product\/6254","targetHints":{"allow":["GET"]}}],"collection":[{"href":"https:\/\/szkoladucha.pl\/kursy\/wp-json\/wp\/v2\/product"}],"about":[{"href":"https:\/\/szkoladucha.pl\/kursy\/wp-json\/wp\/v2\/types\/product"}],"replies":[{"embeddable":true,"href":"https:\/\/szkoladucha.pl\/kursy\/wp-json\/wp\/v2\/comments?post=6254"}],"wp:featuredmedia":[{"embeddable":true,"href":"https:\/\/szkoladucha.pl\/kursy\/wp-json\/wp\/v2\/media\/6214"}],"wp:attachment":[{"href":"https:\/\/szkoladucha.pl\/kursy\/wp-json\/wp\/v2\/media?parent=6254"}],"wp:term":[{"taxonomy":"product_brand","embeddable":true,"href":"https:\/\/szkoladucha.pl\/kursy\/wp-json\/wp\/v2\/product_brand?post=6254"},{"taxonomy":"product_cat","embeddable":true,"href":"https:\/\/szkoladucha.pl\/kursy\/wp-json\/wp\/v2\/product_cat?post=6254"},{"taxonomy":"product_tag","embeddable":true,"href":"https:\/\/szkoladucha.pl\/kursy\/wp-json\/wp\/v2\/product_tag?post=6254"}],"curies":[{"name":"wp","href":"https:\/\/api.w.org\/{rel}","templated":true}]}}