{"id":648,"date":"2022-02-01T16:35:39","date_gmt":"2022-02-01T15:35:39","guid":{"rendered":"https:\/\/szkoladucha.pl\/kursy\/?post_type=product&#038;p=648"},"modified":"2025-12-11T11:30:47","modified_gmt":"2025-12-11T10:30:47","slug":"akademia-mama-dla-mamy","status":"publish","type":"product","link":"https:\/\/szkoladucha.pl\/kursy\/produkt\/akademia-mama-dla-mamy\/","title":{"rendered":"Akademia Mama dla Mamy"},"content":{"rendered":"<h2>Czym jest Akademia Mama dla Mamy?<\/h2>\n<p>W Akademii Mama dla Mamy zobaczysz, \u017ce bycie mam\u0105 to przyjemno\u015b\u0107 i rado\u015b\u0107 z relacji z dzie\u0107mi. Dzi\u0119ki wypracowanym metodom, ale te\u017c kilku sprytnym sztuczkom, wielokrotnie wypr\u00f3bowanym na dzieciach tw\u00f3rczy\u0144 Akademii, dowiesz si\u0119, \u017ce ka\u017cde trudne i powa\u017cne sprawy Twoich dzieci mo\u017cesz rozwi\u0105za\u0107. Dowiesz si\u0119 te\u017c, jak nie zagubi\u0107 w byciu mam\u0105 swojej kobieco\u015bci, jak budowa\u0107 swoj\u0105 karier\u0119, nie zaniedbuj\u0105c dzieci i jak si\u0119 nieustannie doskonali\u0107 w stawaniu si\u0119 lepszym cz\u0142owiekiem.<\/p>\n<h2>Co znajdziesz w Akademii?<\/h2>\n<p><img decoding=\"async\" class=\"emoji\" role=\"img\" draggable=\"false\" src=\"https:\/\/s.w.org\/images\/core\/emoji\/16.0.1\/svg\/2705.svg\" alt=\"\u2705\" \/> Trzy sze\u015bciogodzinne kursy prowadzone przez specjalistki w swojej dziedzinie. Do\u015bwiadczone mamy, ale r\u00f3wnocze\u015bnie terapeutki i coache. Wiedza zawarta w kursach oparta jest na najnowszych badaniach z zakresu pedagogiki, psychologii i neurobiologii.<\/p>\n<p><img decoding=\"async\" class=\"emoji\" role=\"img\" draggable=\"false\" src=\"https:\/\/s.w.org\/images\/core\/emoji\/16.0.1\/svg\/2705.svg\" alt=\"\u2705\" \/> Wyk\u0142ady specjalist\u00f3w, kt\u00f3re pomog\u0105 Ci uwolni\u0107 potencja\u0142 i kreatywno\u015b\u0107. Poka\u017c\u0105 przy tym jak mo\u017ce wygl\u0105da\u0107 \u017cycie mamy pe\u0142ne uwa\u017cno\u015bci, zabawy i rado\u015bci!<\/p>\n<p><img decoding=\"async\" class=\"emoji\" role=\"img\" draggable=\"false\" src=\"https:\/\/s.w.org\/images\/core\/emoji\/16.0.1\/svg\/2705.svg\" alt=\"\u2705\" \/> Zeszyty \u0107wicze\u0144 do\u0142\u0105czone do ka\u017cdego kursu. Dzi\u0119ki nim b\u0119dziesz mog\u0142a pracowa\u0107 nad swoim rozwojem ka\u017cdego dnia, w Twoim tempie i czasie wolnym.<\/p>\n<p>B\u0105d\u017a mam\u0105, jak\u0105 pragniesz si\u0119 sta\u0107 i jakiej pragnie Twoje dziecko!<\/p>\n","protected":false},"excerpt":{"rendered":"<p class=\"gb-headline gb-headline-0d8966f1 gb-headline-text wp-embed-aspect-16-9 wp-has-aspect-ratio\">Do\u0142\u0105czaj\u0105c do Akademii Mama dla Mamy, inwestujesz w siebie. Tym samym masz wi\u0119kszy wp\u0142yw na swoj\u0105 rodzin\u0119 i jej szcz\u0119\u015bcie, osobiste spe\u0142nienie i d\u0142ugotrwa\u0142\u0105 rado\u015b\u0107 z \u017cycia. Do\u0142\u0105cz do grona \u015bwiadomych kobiet, odkryj swoj\u0105 wewn\u0119trzn\u0105 si\u0142\u0119 i ciesz si\u0119 ze zmiany, jaka nadchodzi.<\/p>\n<div class=\"gb-container gb-container-d6d4a4d4 gb-container-divider-1em-40-30-20\"><\/div>\n","protected":false},"featured_media":9610,"comment_status":"closed","ping_status":"closed","template":"","meta":[],"product_brand":[],"product_cat":[104],"product_tag":[],"class_list":{"0":"post-648","1":"product","2":"type-product","3":"status-publish","4":"has-post-thumbnail","6":"product_cat-akademia-mdm","7":"","8":"woocommerce-text-align-left","9":"woocommerce-image-align-center","10":"do-quantity-buttons","11":"wc-has-gallery","13":"first","14":"instock","15":"featured","16":"virtual","17":"sold-individually","18":"taxable","19":"purchasable","20":"product-type-bundle"},"bundled_by":[],"bundle_stock_status":"instock","bundle_stock_quantity":"","bundle_virtual":true,"bundle_layout":"default","bundle_add_to_cart_form_location":"default","bundle_editable_in_cart":false,"bundle_sold_individually_context":"product","bundle_item_grouping":"noindent","bundle_min_size":"","bundle_max_size":"","bundle_price":{"price":{"min":{"incl_tax":"1099","excl_tax":"893.495935"},"max":{"incl_tax":"1099","excl_tax":"893.495935"}},"regular_price":{"min":{"incl_tax":"1099","excl_tax":"893.495935"},"max":{"incl_tax":"1099","excl_tax":"893.495935"}}},"bundled_items":[{"bundled_item_id":24,"product_id":3268,"menu_order":0,"quantity_min":1,"quantity_max":1,"quantity_default":1,"priced_individually":false,"shipped_individually":true,"override_title":true,"title":"<a href=\"https:\/\/szkoladucha.pl\/mama-dla-mamy\"><span class=\"product-link-icon\">Jak radzi\u0107 sobie z emocjami swoimi i dziecka?<\/span><\/a>","override_description":false,"description":"","optional":false,"hide_thumbnail":false,"discount":"","override_variations":false,"allowed_variations":[],"override_default_variation_attributes":false,"default_variation_attributes":[],"single_product_visibility":"visible","cart_visibility":"hidden","order_visibility":"visible","single_product_price_visibility":"visible","cart_price_visibility":"visible","order_price_visibility":"visible","stock_status":"in_stock"},{"bundled_item_id":25,"product_id":3214,"menu_order":1,"quantity_min":1,"quantity_max":1,"quantity_default":1,"priced_individually":false,"shipped_individually":true,"override_title":true,"title":"<a href=\"https:\/\/szkoladucha.pl\/mama-dla-mamy\"><span class=\"product-link-icon\">Nastolatki w domu, to Niebo na Ziemi!<\/span><\/a>","override_description":false,"description":"","optional":false,"hide_thumbnail":false,"discount":"","override_variations":false,"allowed_variations":[],"override_default_variation_attributes":false,"default_variation_attributes":[],"single_product_visibility":"visible","cart_visibility":"hidden","order_visibility":"visible","single_product_price_visibility":"visible","cart_price_visibility":"visible","order_price_visibility":"visible","stock_status":"in_stock"},{"bundled_item_id":26,"product_id":3280,"menu_order":2,"quantity_min":1,"quantity_max":1,"quantity_default":1,"priced_individually":false,"shipped_individually":true,"override_title":true,"title":"<a href=\"https:\/\/szkoladucha.pl\/mama-dla-mamy\"><span class=\"product-link-icon\">Relacje mi\u0119dzy dzie\u0107mi, w rodze\u0144stwie i nie tylko \u2013 budowanie, wspieranie, rozw\u00f3j.<\/span><\/a>","override_description":false,"description":"","optional":false,"hide_thumbnail":false,"discount":"","override_variations":false,"allowed_variations":[],"override_default_variation_attributes":false,"default_variation_attributes":[],"single_product_visibility":"visible","cart_visibility":"hidden","order_visibility":"visible","single_product_price_visibility":"visible","cart_price_visibility":"visible","order_price_visibility":"visible","stock_status":"in_stock"}],"bundle_sell_ids":[],"exclude_global_add_ons":[],"addons":[],"yoast_head":"<!-- This site is optimized with the Yoast SEO plugin v27.3 - https:\/\/yoast.com\/product\/yoast-seo-wordpress\/ -->\n<title>Akademia Mama dla Mamy - Kursy Szko\u0142a Ducha<\/title>\n<meta name=\"robots\" content=\"index, follow, max-snippet:-1, max-image-preview:large, max-video-preview:-1\" \/>\n<link rel=\"canonical\" href=\"https:\/\/szkoladucha.pl\/kursy\/produkt\/akademia-mama-dla-mamy\/\" \/>\n<meta property=\"og:locale\" content=\"pl_PL\" \/>\n<meta property=\"og:type\" content=\"article\" \/>\n<meta property=\"og:title\" content=\"Akademia Mama dla Mamy - Kursy Szko\u0142a Ducha\" \/>\n<meta property=\"og:description\" content=\"Do\u0142\u0105czaj\u0105c do Akademii Mama dla Mamy, inwestujesz w siebie. Tym samym masz wi\u0119kszy wp\u0142yw na swoj\u0105 rodzin\u0119 i jej szcz\u0119\u015bcie, osobiste spe\u0142nienie i d\u0142ugotrwa\u0142\u0105 rado\u015b\u0107 z \u017cycia. Do\u0142\u0105cz do grona \u015bwiadomych kobiet, odkryj swoj\u0105 wewn\u0119trzn\u0105 si\u0142\u0119 i ciesz si\u0119 ze zmiany, jaka nadchodzi.\" \/>\n<meta property=\"og:url\" content=\"https:\/\/szkoladucha.pl\/kursy\/produkt\/akademia-mama-dla-mamy\/\" \/>\n<meta property=\"og:site_name\" content=\"Kursy Szko\u0142a Ducha\" \/>\n<meta property=\"article:modified_time\" content=\"2025-12-11T10:30:47+00:00\" \/>\n<meta property=\"og:image\" content=\"https:\/\/szkoladucha.pl\/kursy\/wp-content\/uploads\/sites\/5\/2022\/02\/Akademia-Mama-dla-Mamy.jpg\" \/>\n\t<meta property=\"og:image:width\" content=\"900\" \/>\n\t<meta property=\"og:image:height\" content=\"900\" \/>\n\t<meta property=\"og:image:type\" content=\"image\/jpeg\" \/>\n<meta name=\"twitter:card\" content=\"summary_large_image\" \/>\n<meta name=\"twitter:label1\" content=\"Szacowany czas czytania\" \/>\n\t<meta name=\"twitter:data1\" content=\"2 minuty\" \/>\n<script type=\"application\/ld+json\" class=\"yoast-schema-graph\">{\"@context\":\"https:\\\/\\\/schema.org\",\"@graph\":[{\"@type\":\"WebPage\",\"@id\":\"https:\\\/\\\/szkoladucha.pl\\\/kursy\\\/produkt\\\/akademia-mama-dla-mamy\\\/\",\"url\":\"https:\\\/\\\/szkoladucha.pl\\\/kursy\\\/produkt\\\/akademia-mama-dla-mamy\\\/\",\"name\":\"Akademia Mama dla Mamy - Kursy Szko\u0142a Ducha\",\"isPartOf\":{\"@id\":\"https:\\\/\\\/szkoladucha.pl\\\/kursy\\\/#website\"},\"primaryImageOfPage\":{\"@id\":\"https:\\\/\\\/szkoladucha.pl\\\/kursy\\\/produkt\\\/akademia-mama-dla-mamy\\\/#primaryimage\"},\"image\":{\"@id\":\"https:\\\/\\\/szkoladucha.pl\\\/kursy\\\/produkt\\\/akademia-mama-dla-mamy\\\/#primaryimage\"},\"thumbnailUrl\":\"https:\\\/\\\/szkoladucha.pl\\\/kursy\\\/wp-content\\\/uploads\\\/sites\\\/5\\\/2022\\\/02\\\/Akademia-Mama-dla-Mamy.jpg\",\"datePublished\":\"2022-02-01T15:35:39+00:00\",\"dateModified\":\"2025-12-11T10:30:47+00:00\",\"breadcrumb\":{\"@id\":\"https:\\\/\\\/szkoladucha.pl\\\/kursy\\\/produkt\\\/akademia-mama-dla-mamy\\\/#breadcrumb\"},\"inLanguage\":\"pl-PL\",\"potentialAction\":[{\"@type\":\"ReadAction\",\"target\":[\"https:\\\/\\\/szkoladucha.pl\\\/kursy\\\/produkt\\\/akademia-mama-dla-mamy\\\/\"]}]},{\"@type\":\"ImageObject\",\"inLanguage\":\"pl-PL\",\"@id\":\"https:\\\/\\\/szkoladucha.pl\\\/kursy\\\/produkt\\\/akademia-mama-dla-mamy\\\/#primaryimage\",\"url\":\"https:\\\/\\\/szkoladucha.pl\\\/kursy\\\/wp-content\\\/uploads\\\/sites\\\/5\\\/2022\\\/02\\\/Akademia-Mama-dla-Mamy.jpg\",\"contentUrl\":\"https:\\\/\\\/szkoladucha.pl\\\/kursy\\\/wp-content\\\/uploads\\\/sites\\\/5\\\/2022\\\/02\\\/Akademia-Mama-dla-Mamy.jpg\",\"width\":900,\"height\":900},{\"@type\":\"BreadcrumbList\",\"@id\":\"https:\\\/\\\/szkoladucha.pl\\\/kursy\\\/produkt\\\/akademia-mama-dla-mamy\\\/#breadcrumb\",\"itemListElement\":[{\"@type\":\"ListItem\",\"position\":1,\"name\":\"Kursy\",\"item\":\"https:\\\/\\\/szkoladucha.pl\\\/kursy\\\/\"},{\"@type\":\"ListItem\",\"position\":2,\"name\":\"Kursy\",\"item\":\"https:\\\/\\\/szkoladucha.pl\\\/kursy\\\/\"},{\"@type\":\"ListItem\",\"position\":3,\"name\":\"Akademia Mama dla Mamy\"}]},{\"@type\":\"WebSite\",\"@id\":\"https:\\\/\\\/szkoladucha.pl\\\/kursy\\\/#website\",\"url\":\"https:\\\/\\\/szkoladucha.pl\\\/kursy\\\/\",\"name\":\"Kursy Szko\u0142a Ducha\",\"description\":\"Budujemy spo\u0142ecze\u0144stwo, kt\u00f3re \u015bwiadomie post\u0119puje zgodnie z planem.\",\"publisher\":{\"@id\":\"https:\\\/\\\/szkoladucha.pl\\\/kursy\\\/#organization\"},\"potentialAction\":[{\"@type\":\"SearchAction\",\"target\":{\"@type\":\"EntryPoint\",\"urlTemplate\":\"https:\\\/\\\/szkoladucha.pl\\\/kursy\\\/?s={search_term_string}\"},\"query-input\":{\"@type\":\"PropertyValueSpecification\",\"valueRequired\":true,\"valueName\":\"search_term_string\"}}],\"inLanguage\":\"pl-PL\"},{\"@type\":\"Organization\",\"@id\":\"https:\\\/\\\/szkoladucha.pl\\\/kursy\\\/#organization\",\"name\":\"Kursy Szko\u0142a Ducha\",\"url\":\"https:\\\/\\\/szkoladucha.pl\\\/kursy\\\/\",\"logo\":{\"@type\":\"ImageObject\",\"inLanguage\":\"pl-PL\",\"@id\":\"https:\\\/\\\/szkoladucha.pl\\\/kursy\\\/#\\\/schema\\\/logo\\\/image\\\/\",\"url\":\"https:\\\/\\\/szkoladucha.pl\\\/kursy\\\/wp-content\\\/uploads\\\/sites\\\/5\\\/2022\\\/02\\\/kursy-szkola-ducha-logo-beztla-180px.png\",\"contentUrl\":\"https:\\\/\\\/szkoladucha.pl\\\/kursy\\\/wp-content\\\/uploads\\\/sites\\\/5\\\/2022\\\/02\\\/kursy-szkola-ducha-logo-beztla-180px.png\",\"width\":180,\"height\":60,\"caption\":\"Kursy Szko\u0142a Ducha\"},\"image\":{\"@id\":\"https:\\\/\\\/szkoladucha.pl\\\/kursy\\\/#\\\/schema\\\/logo\\\/image\\\/\"}}]}<\/script>\n<!-- \/ Yoast SEO plugin. -->","yoast_head_json":{"title":"Akademia Mama dla Mamy - Kursy Szko\u0142a Ducha","robots":{"index":"index","follow":"follow","max-snippet":"max-snippet:-1","max-image-preview":"max-image-preview:large","max-video-preview":"max-video-preview:-1"},"canonical":"https:\/\/szkoladucha.pl\/kursy\/produkt\/akademia-mama-dla-mamy\/","og_locale":"pl_PL","og_type":"article","og_title":"Akademia Mama dla Mamy - Kursy Szko\u0142a Ducha","og_description":"Do\u0142\u0105czaj\u0105c do Akademii Mama dla Mamy, inwestujesz w siebie. Tym samym masz wi\u0119kszy wp\u0142yw na swoj\u0105 rodzin\u0119 i jej szcz\u0119\u015bcie, osobiste spe\u0142nienie i d\u0142ugotrwa\u0142\u0105 rado\u015b\u0107 z \u017cycia. Do\u0142\u0105cz do grona \u015bwiadomych kobiet, odkryj swoj\u0105 wewn\u0119trzn\u0105 si\u0142\u0119 i ciesz si\u0119 ze zmiany, jaka nadchodzi.","og_url":"https:\/\/szkoladucha.pl\/kursy\/produkt\/akademia-mama-dla-mamy\/","og_site_name":"Kursy Szko\u0142a Ducha","article_modified_time":"2025-12-11T10:30:47+00:00","og_image":[{"width":900,"height":900,"url":"https:\/\/szkoladucha.pl\/kursy\/wp-content\/uploads\/sites\/5\/2022\/02\/Akademia-Mama-dla-Mamy.jpg","type":"image\/jpeg"}],"twitter_card":"summary_large_image","twitter_misc":{"Szacowany czas czytania":"2 minuty"},"schema":{"@context":"https:\/\/schema.org","@graph":[{"@type":"WebPage","@id":"https:\/\/szkoladucha.pl\/kursy\/produkt\/akademia-mama-dla-mamy\/","url":"https:\/\/szkoladucha.pl\/kursy\/produkt\/akademia-mama-dla-mamy\/","name":"Akademia Mama dla Mamy - Kursy Szko\u0142a Ducha","isPartOf":{"@id":"https:\/\/szkoladucha.pl\/kursy\/#website"},"primaryImageOfPage":{"@id":"https:\/\/szkoladucha.pl\/kursy\/produkt\/akademia-mama-dla-mamy\/#primaryimage"},"image":{"@id":"https:\/\/szkoladucha.pl\/kursy\/produkt\/akademia-mama-dla-mamy\/#primaryimage"},"thumbnailUrl":"https:\/\/szkoladucha.pl\/kursy\/wp-content\/uploads\/sites\/5\/2022\/02\/Akademia-Mama-dla-Mamy.jpg","datePublished":"2022-02-01T15:35:39+00:00","dateModified":"2025-12-11T10:30:47+00:00","breadcrumb":{"@id":"https:\/\/szkoladucha.pl\/kursy\/produkt\/akademia-mama-dla-mamy\/#breadcrumb"},"inLanguage":"pl-PL","potentialAction":[{"@type":"ReadAction","target":["https:\/\/szkoladucha.pl\/kursy\/produkt\/akademia-mama-dla-mamy\/"]}]},{"@type":"ImageObject","inLanguage":"pl-PL","@id":"https:\/\/szkoladucha.pl\/kursy\/produkt\/akademia-mama-dla-mamy\/#primaryimage","url":"https:\/\/szkoladucha.pl\/kursy\/wp-content\/uploads\/sites\/5\/2022\/02\/Akademia-Mama-dla-Mamy.jpg","contentUrl":"https:\/\/szkoladucha.pl\/kursy\/wp-content\/uploads\/sites\/5\/2022\/02\/Akademia-Mama-dla-Mamy.jpg","width":900,"height":900},{"@type":"BreadcrumbList","@id":"https:\/\/szkoladucha.pl\/kursy\/produkt\/akademia-mama-dla-mamy\/#breadcrumb","itemListElement":[{"@type":"ListItem","position":1,"name":"Kursy","item":"https:\/\/szkoladucha.pl\/kursy\/"},{"@type":"ListItem","position":2,"name":"Kursy","item":"https:\/\/szkoladucha.pl\/kursy\/"},{"@type":"ListItem","position":3,"name":"Akademia Mama dla Mamy"}]},{"@type":"WebSite","@id":"https:\/\/szkoladucha.pl\/kursy\/#website","url":"https:\/\/szkoladucha.pl\/kursy\/","name":"Kursy Szko\u0142a Ducha","description":"Budujemy spo\u0142ecze\u0144stwo, kt\u00f3re \u015bwiadomie post\u0119puje zgodnie z planem.","publisher":{"@id":"https:\/\/szkoladucha.pl\/kursy\/#organization"},"potentialAction":[{"@type":"SearchAction","target":{"@type":"EntryPoint","urlTemplate":"https:\/\/szkoladucha.pl\/kursy\/?s={search_term_string}"},"query-input":{"@type":"PropertyValueSpecification","valueRequired":true,"valueName":"search_term_string"}}],"inLanguage":"pl-PL"},{"@type":"Organization","@id":"https:\/\/szkoladucha.pl\/kursy\/#organization","name":"Kursy Szko\u0142a Ducha","url":"https:\/\/szkoladucha.pl\/kursy\/","logo":{"@type":"ImageObject","inLanguage":"pl-PL","@id":"https:\/\/szkoladucha.pl\/kursy\/#\/schema\/logo\/image\/","url":"https:\/\/szkoladucha.pl\/kursy\/wp-content\/uploads\/sites\/5\/2022\/02\/kursy-szkola-ducha-logo-beztla-180px.png","contentUrl":"https:\/\/szkoladucha.pl\/kursy\/wp-content\/uploads\/sites\/5\/2022\/02\/kursy-szkola-ducha-logo-beztla-180px.png","width":180,"height":60,"caption":"Kursy Szko\u0142a Ducha"},"image":{"@id":"https:\/\/szkoladucha.pl\/kursy\/#\/schema\/logo\/image\/"}}]}},"_links":{"self":[{"href":"https:\/\/szkoladucha.pl\/kursy\/wp-json\/wp\/v2\/product\/648","targetHints":{"allow":["GET"]}}],"collection":[{"href":"https:\/\/szkoladucha.pl\/kursy\/wp-json\/wp\/v2\/product"}],"about":[{"href":"https:\/\/szkoladucha.pl\/kursy\/wp-json\/wp\/v2\/types\/product"}],"replies":[{"embeddable":true,"href":"https:\/\/szkoladucha.pl\/kursy\/wp-json\/wp\/v2\/comments?post=648"}],"wp:featuredmedia":[{"embeddable":true,"href":"https:\/\/szkoladucha.pl\/kursy\/wp-json\/wp\/v2\/media\/9610"}],"wp:attachment":[{"href":"https:\/\/szkoladucha.pl\/kursy\/wp-json\/wp\/v2\/media?parent=648"}],"wp:term":[{"taxonomy":"product_brand","embeddable":true,"href":"https:\/\/szkoladucha.pl\/kursy\/wp-json\/wp\/v2\/product_brand?post=648"},{"taxonomy":"product_cat","embeddable":true,"href":"https:\/\/szkoladucha.pl\/kursy\/wp-json\/wp\/v2\/product_cat?post=648"},{"taxonomy":"product_tag","embeddable":true,"href":"https:\/\/szkoladucha.pl\/kursy\/wp-json\/wp\/v2\/product_tag?post=648"}],"curies":[{"name":"wp","href":"https:\/\/api.w.org\/{rel}","templated":true}]}}