{"id":4859,"date":"2021-11-12T10:26:11","date_gmt":"2021-11-12T10:26:11","guid":{"rendered":"https:\/\/szkoladucha.pl\/sklep\/?page_id=4859"},"modified":"2024-11-26T19:55:39","modified_gmt":"2024-11-26T19:55:39","slug":"koszyk","status":"publish","type":"page","link":"https:\/\/szkoladucha.pl\/sklep\/koszyk\/","title":{"rendered":"Koszyk"},"content":{"rendered":"<section class=\"gb-container gb-container-1d1cfde0\"><div class=\"gb-inside-container\">\n<div class=\"gb-grid-wrapper gb-grid-wrapper-sekcja-pionowy-napis gb-grid-wrapper-sekcja-pionowy-napis\">\n<div class=\"gb-grid-column gb-grid-column-pionowy-napis gb-grid-column-pionowy-napis\"><aside class=\"gb-container gb-container-pionowy-napis gb-container-pionowy-napis\"><div class=\"gb-inside-container\">\n\n<h4 class=\"gb-headline gb-headline-h4-pionowy-napis gb-headline-text gb-headline-h4-pionowy-napis\">tw\u00f3j koszyk<\/h4>\n\n<\/div><\/aside><\/div>\n\n<div class=\"gb-grid-column gb-grid-column-obok-pionowy-napis gb-grid-column-obok-pionowy-napis\"><div class=\"gb-container gb-container-obok-pionowy-napis gb-container-obok-pionowy-napis\"><div class=\"gb-inside-container\">\n<div class=\"gb-container gb-container-23e975f6 background-dot\"><div class=\"gb-inside-container\">\n<div class=\"gb-grid-wrapper gb-grid-wrapper-511ef454\">\n<div class=\"gb-grid-column gb-grid-column-afce550f\"><div class=\"gb-container gb-container-afce550f woo-multisteps-step1\"><a class=\"gb-container-link\" href=\"https:\/\/szkoladucha.pl\/sklep\/koszyk\/\"><\/a><div class=\"gb-inside-container\">\n\n<h6 class=\"gb-headline gb-headline-055ea8c0 gb-headline-text gb-headline-h6-multisteps-kosz\"> <a href=\"\/koszyk\">Tw\u00f3j koszyk<\/a><\/h6>\n\n<\/div><\/div><\/div>\n\n<div class=\"gb-grid-column gb-grid-column-195412f1\"><div class=\"gb-container gb-container-195412f1 woo-multisteps-arrow1\"><div class=\"gb-inside-container\"><\/div><\/div><\/div>\n\n<div class=\"gb-grid-column gb-grid-column-9c9aa6b5\"><div class=\"gb-container gb-container-9c9aa6b5 woo-multisteps-step2\"><a class=\"gb-container-link\" href=\"https:\/\/szkoladucha.pl\/sklep\/zamowienie\/\"><\/a><div class=\"gb-inside-container\">\n\n<h6 class=\"gb-headline gb-headline-c43adf7c gb-headline-text gb-headline-h6-multisteps-kosz\"> <a href=\"\/zamowienie\">Zam\u00f3wienie<\/a><\/h6>\n\n<\/div><\/div><\/div>\n\n<div class=\"gb-grid-column gb-grid-column-0847a2fe\"><div class=\"gb-container gb-container-0847a2fe woo-multisteps-arrow2\"><div class=\"gb-inside-container\"><\/div><\/div><\/div>\n\n<div class=\"gb-grid-column gb-grid-column-51ec13a1\"><div class=\"gb-container gb-container-51ec13a1 woo-multisteps-step3\"><div class=\"gb-inside-container\">\n\n<h6 class=\"gb-headline gb-headline-b9cd20c0 gb-headline-text gb-headline-h6-multisteps-kosz\"> Potwierdzenie<\/h6>\n\n<\/div><\/div><\/div>\n<\/div>\n\n\n\n<\/div><\/div>\n<\/div><\/div><\/div>\n<\/div>\n<\/div><\/section>","protected":false},"excerpt":{"rendered":"","protected":false},"author":9,"featured_media":0,"parent":0,"menu_order":0,"comment_status":"closed","ping_status":"closed","template":"","meta":{"footnotes":""},"class_list":["post-4859","page","type-page","status-publish"],"yoast_head":"<!-- This site is optimized with the Yoast SEO plugin v27.2 - https:\/\/yoast.com\/product\/yoast-seo-wordpress\/ -->\n<title>Koszyk - Sklep Szko\u0142a Ducha<\/title>\n<meta name=\"robots\" content=\"index, follow, max-snippet:-1, max-image-preview:large, max-video-preview:-1\" \/>\n<link rel=\"canonical\" href=\"https:\/\/szkoladucha.pl\/sklep\/koszyk\/\" \/>\n<meta property=\"og:locale\" content=\"pl_PL\" \/>\n<meta property=\"og:type\" content=\"article\" \/>\n<meta property=\"og:title\" content=\"Koszyk - Sklep Szko\u0142a Ducha\" \/>\n<meta property=\"og:url\" content=\"https:\/\/szkoladucha.pl\/sklep\/koszyk\/\" \/>\n<meta property=\"og:site_name\" content=\"Sklep Szko\u0142a Ducha\" \/>\n<meta property=\"article:modified_time\" content=\"2024-11-26T19:55:39+00:00\" \/>\n<meta name=\"twitter:card\" content=\"summary_large_image\" \/>\n<meta name=\"twitter:label1\" content=\"Szacowany czas czytania\" \/>\n\t<meta name=\"twitter:data1\" content=\"1 minuta\" \/>\n<script type=\"application\/ld+json\" class=\"yoast-schema-graph\">{\"@context\":\"https:\/\/schema.org\",\"@graph\":[{\"@type\":\"WebPage\",\"@id\":\"https:\/\/szkoladucha.pl\/sklep\/koszyk\/\",\"url\":\"https:\/\/szkoladucha.pl\/sklep\/koszyk\/\",\"name\":\"Koszyk - Sklep Szko\u0142a Ducha\",\"isPartOf\":{\"@id\":\"https:\/\/szkoladucha.pl\/sklep\/#website\"},\"datePublished\":\"2021-11-12T10:26:11+00:00\",\"dateModified\":\"2024-11-26T19:55:39+00:00\",\"breadcrumb\":{\"@id\":\"https:\/\/szkoladucha.pl\/sklep\/koszyk\/#breadcrumb\"},\"inLanguage\":\"pl-PL\",\"potentialAction\":[{\"@type\":\"ReadAction\",\"target\":[\"https:\/\/szkoladucha.pl\/sklep\/koszyk\/\"]}]},{\"@type\":\"BreadcrumbList\",\"@id\":\"https:\/\/szkoladucha.pl\/sklep\/koszyk\/#breadcrumb\",\"itemListElement\":[{\"@type\":\"ListItem\",\"position\":1,\"name\":\"Strona G\u0142\u00f3wna\",\"item\":\"https:\/\/szkoladucha.pl\/sklep\/\"},{\"@type\":\"ListItem\",\"position\":2,\"name\":\"Koszyk\"}]},{\"@type\":\"WebSite\",\"@id\":\"https:\/\/szkoladucha.pl\/sklep\/#website\",\"url\":\"https:\/\/szkoladucha.pl\/sklep\/\",\"name\":\"Sklep Szko\u0142a Ducha\",\"description\":\"Budujemy spo\u0142ecze\u0144stwo, kt\u00f3re tak jak my, \u015bwiadomie post\u0119puje zgodnie z planem.\",\"publisher\":{\"@id\":\"https:\/\/szkoladucha.pl\/sklep\/#organization\"},\"potentialAction\":[{\"@type\":\"SearchAction\",\"target\":{\"@type\":\"EntryPoint\",\"urlTemplate\":\"https:\/\/szkoladucha.pl\/sklep\/?s={search_term_string}\"},\"query-input\":{\"@type\":\"PropertyValueSpecification\",\"valueRequired\":true,\"valueName\":\"search_term_string\"}}],\"inLanguage\":\"pl-PL\"},{\"@type\":\"Organization\",\"@id\":\"https:\/\/szkoladucha.pl\/sklep\/#organization\",\"name\":\"Sklep Szko\u0142a Ducha\",\"url\":\"https:\/\/szkoladucha.pl\/sklep\/\",\"logo\":{\"@type\":\"ImageObject\",\"inLanguage\":\"pl-PL\",\"@id\":\"https:\/\/szkoladucha.pl\/sklep\/#\/schema\/logo\/image\/\",\"url\":\"https:\/\/szkoladucha.pl\/sklep\/wp-content\/uploads\/sites\/9\/2022\/02\/Sklep_Szkola_Ducha-Logo.svg\",\"contentUrl\":\"https:\/\/szkoladucha.pl\/sklep\/wp-content\/uploads\/sites\/9\/2022\/02\/Sklep_Szkola_Ducha-Logo.svg\",\"width\":100,\"height\":100,\"caption\":\"Sklep Szko\u0142a Ducha\"},\"image\":{\"@id\":\"https:\/\/szkoladucha.pl\/sklep\/#\/schema\/logo\/image\/\"}}]}<\/script>\n<!-- \/ Yoast SEO plugin. -->","yoast_head_json":{"title":"Koszyk - Sklep Szko\u0142a Ducha","robots":{"index":"index","follow":"follow","max-snippet":"max-snippet:-1","max-image-preview":"max-image-preview:large","max-video-preview":"max-video-preview:-1"},"canonical":"https:\/\/szkoladucha.pl\/sklep\/koszyk\/","og_locale":"pl_PL","og_type":"article","og_title":"Koszyk - Sklep Szko\u0142a Ducha","og_url":"https:\/\/szkoladucha.pl\/sklep\/koszyk\/","og_site_name":"Sklep Szko\u0142a Ducha","article_modified_time":"2024-11-26T19:55:39+00:00","twitter_card":"summary_large_image","twitter_misc":{"Szacowany czas czytania":"1 minuta"},"schema":{"@context":"https:\/\/schema.org","@graph":[{"@type":"WebPage","@id":"https:\/\/szkoladucha.pl\/sklep\/koszyk\/","url":"https:\/\/szkoladucha.pl\/sklep\/koszyk\/","name":"Koszyk - Sklep Szko\u0142a Ducha","isPartOf":{"@id":"https:\/\/szkoladucha.pl\/sklep\/#website"},"datePublished":"2021-11-12T10:26:11+00:00","dateModified":"2024-11-26T19:55:39+00:00","breadcrumb":{"@id":"https:\/\/szkoladucha.pl\/sklep\/koszyk\/#breadcrumb"},"inLanguage":"pl-PL","potentialAction":[{"@type":"ReadAction","target":["https:\/\/szkoladucha.pl\/sklep\/koszyk\/"]}]},{"@type":"BreadcrumbList","@id":"https:\/\/szkoladucha.pl\/sklep\/koszyk\/#breadcrumb","itemListElement":[{"@type":"ListItem","position":1,"name":"Strona G\u0142\u00f3wna","item":"https:\/\/szkoladucha.pl\/sklep\/"},{"@type":"ListItem","position":2,"name":"Koszyk"}]},{"@type":"WebSite","@id":"https:\/\/szkoladucha.pl\/sklep\/#website","url":"https:\/\/szkoladucha.pl\/sklep\/","name":"Sklep Szko\u0142a Ducha","description":"Budujemy spo\u0142ecze\u0144stwo, kt\u00f3re tak jak my, \u015bwiadomie post\u0119puje zgodnie z planem.","publisher":{"@id":"https:\/\/szkoladucha.pl\/sklep\/#organization"},"potentialAction":[{"@type":"SearchAction","target":{"@type":"EntryPoint","urlTemplate":"https:\/\/szkoladucha.pl\/sklep\/?s={search_term_string}"},"query-input":{"@type":"PropertyValueSpecification","valueRequired":true,"valueName":"search_term_string"}}],"inLanguage":"pl-PL"},{"@type":"Organization","@id":"https:\/\/szkoladucha.pl\/sklep\/#organization","name":"Sklep Szko\u0142a Ducha","url":"https:\/\/szkoladucha.pl\/sklep\/","logo":{"@type":"ImageObject","inLanguage":"pl-PL","@id":"https:\/\/szkoladucha.pl\/sklep\/#\/schema\/logo\/image\/","url":"https:\/\/szkoladucha.pl\/sklep\/wp-content\/uploads\/sites\/9\/2022\/02\/Sklep_Szkola_Ducha-Logo.svg","contentUrl":"https:\/\/szkoladucha.pl\/sklep\/wp-content\/uploads\/sites\/9\/2022\/02\/Sklep_Szkola_Ducha-Logo.svg","width":100,"height":100,"caption":"Sklep Szko\u0142a Ducha"},"image":{"@id":"https:\/\/szkoladucha.pl\/sklep\/#\/schema\/logo\/image\/"}}]}},"_links":{"self":[{"href":"https:\/\/szkoladucha.pl\/sklep\/wp-json\/wp\/v2\/pages\/4859","targetHints":{"allow":["GET"]}}],"collection":[{"href":"https:\/\/szkoladucha.pl\/sklep\/wp-json\/wp\/v2\/pages"}],"about":[{"href":"https:\/\/szkoladucha.pl\/sklep\/wp-json\/wp\/v2\/types\/page"}],"author":[{"embeddable":true,"href":"https:\/\/szkoladucha.pl\/sklep\/wp-json\/wp\/v2\/users\/9"}],"replies":[{"embeddable":true,"href":"https:\/\/szkoladucha.pl\/sklep\/wp-json\/wp\/v2\/comments?post=4859"}],"version-history":[{"count":2,"href":"https:\/\/szkoladucha.pl\/sklep\/wp-json\/wp\/v2\/pages\/4859\/revisions"}],"predecessor-version":[{"id":11868,"href":"https:\/\/szkoladucha.pl\/sklep\/wp-json\/wp\/v2\/pages\/4859\/revisions\/11868"}],"wp:attachment":[{"href":"https:\/\/szkoladucha.pl\/sklep\/wp-json\/wp\/v2\/media?parent=4859"}],"curies":[{"name":"wp","href":"https:\/\/api.w.org\/{rel}","templated":true}]}}