{"id":5263,"date":"2021-11-24T14:09:34","date_gmt":"2021-11-24T14:09:34","guid":{"rendered":"https:\/\/szkoladucha.pl\/sklep\/?page_id=5263"},"modified":"2022-02-17T11:54:43","modified_gmt":"2022-02-17T11:54:43","slug":"odziez","status":"publish","type":"page","link":"https:\/\/szkoladucha.pl\/sklep\/odziez\/","title":{"rendered":"Odzie\u017c"},"content":{"rendered":"<div class=\"gb-grid-wrapper gb-grid-wrapper-83a2cdde\">\n<div class=\"gb-grid-column gb-grid-column-4ebd9ded\"><div class=\"gb-container gb-container-4ebd9ded\"><div class=\"gb-inside-container\">\n<div class=\"gb-button-wrapper gb-button-wrapper-20038a36\">\n\n<a class=\"gb-button gb-button-e3f0dafb gb-button-text\" href=\"https:\/\/szkoladucha.pl\/sklep\">Wszystkie Produkty<\/a>\n\n<\/div>\n<\/div><\/div><\/div>\n\n<div class=\"gb-grid-column gb-grid-column-aef53fc3\"><div class=\"gb-container gb-container-aef53fc3\"><div class=\"gb-inside-container\">\n<div class=\"gb-button-wrapper gb-button-wrapper-b67b1adb\">\n\n<a class=\"gb-button gb-button-d055c421 gb-button-text\" href=\"https:\/\/szkoladucha.pl\/sklep\/ksiazki\">Ksi\u0105\u017cki<\/a>\n\n<\/div>\n<\/div><\/div><\/div>\n\n<div class=\"gb-grid-column gb-grid-column-58c8cf81\"><div class=\"gb-container gb-container-58c8cf81\"><div class=\"gb-inside-container\">\n<div class=\"gb-button-wrapper gb-button-wrapper-7af795ce\">\n\n<a class=\"gb-button gb-button-42fd4cf2 gb-button-text\" href=\"https:\/\/szkoladucha.pl\/sklep\/kolorowanki\">Kolorowanki<\/a>\n\n<\/div>\n<\/div><\/div><\/div>\n\n<div class=\"gb-grid-column gb-grid-column-bc87a0eb\"><div class=\"gb-container gb-container-bc87a0eb\"><div class=\"gb-inside-container\">\n<div class=\"gb-button-wrapper gb-button-wrapper-fb43efb5\">\n\n<a class=\"gb-button gb-button-2b2aa16f gb-button-text\" href=\"https:\/\/szkoladucha.pl\/sklep\/plyty\">P\u0142yty i Audiobooki<\/a>\n\n<\/div>\n<\/div><\/div><\/div>\n\n<div class=\"gb-grid-column gb-grid-column-748e6108\"><div class=\"gb-container gb-container-748e6108\"><div class=\"gb-inside-container\">\n<div class=\"gb-button-wrapper gb-button-wrapper-6ddc9bee\">\n\n<a class=\"gb-button gb-button-3530634b gb-button-text\" href=\"https:\/\/szkoladucha.pl\/sklep\/odziez\">Odzie\u017c<\/a>\n\n<\/div>\n<\/div><\/div><\/div>\n<\/div>\n\n\n<div style=\"height:20px\" aria-hidden=\"true\" class=\"wp-block-spacer\"><\/div>\n\n\n\n<h2 class=\"wp-block-heading\" id=\"koszulki-damskie\">Koszulki damskie<\/h2>\n\n\n<div data-block-name=\"woocommerce\/handpicked-products\" data-edit-mode=\"false\" data-orderby=\"menu_order\" data-products=\"[5292]\" class=\"wc-block-grid wp-block-handpicked-products wp-block-woocommerce-handpicked-products wc-block-handpicked-products has-3-columns has-multiple-rows\"><ul class=\"wc-block-grid__products\"><li class=\"wc-block-grid__product\">\n\t\t\t\t<a href=\"https:\/\/szkoladucha.pl\/sklep\/produkt\/i-am-unique-ps-139-koszulka-dlugi-rekaw\/\" class=\"wc-block-grid__product-link\">\n\t\t\t\t\t<div class=\"wc-block-grid__product-onsale\">\n\t\t\t<span aria-hidden=\"true\">Promocja<\/span>\n\t\t\t<span class=\"screen-reader-text\">Produkt w promocji<\/span>\n\t\t<\/div>\n\t\t\t\t\t<div class=\"wc-block-grid__product-image\"><img loading=\"lazy\" decoding=\"async\" width=\"400\" height=\"400\" src=\"https:\/\/szkoladucha.pl\/sklep\/wp-content\/uploads\/sites\/9\/2021\/11\/koszulka-dlugi-rekaw-i-am-unique-fioletowy-400x400.jpg\" class=\"attachment-woocommerce_thumbnail size-woocommerce_thumbnail\" alt=\"koszulka dlugi rekaw i am unique fioletowy\" srcset=\"https:\/\/szkoladucha.pl\/sklep\/wp-content\/uploads\/sites\/9\/2021\/11\/koszulka-dlugi-rekaw-i-am-unique-fioletowy-400x400.jpg 400w, https:\/\/szkoladucha.pl\/sklep\/wp-content\/uploads\/sites\/9\/2021\/11\/koszulka-dlugi-rekaw-i-am-unique-fioletowy-300x300.jpg 300w, https:\/\/szkoladucha.pl\/sklep\/wp-content\/uploads\/sites\/9\/2021\/11\/koszulka-dlugi-rekaw-i-am-unique-fioletowy-1024x1024.jpg 1024w, https:\/\/szkoladucha.pl\/sklep\/wp-content\/uploads\/sites\/9\/2021\/11\/koszulka-dlugi-rekaw-i-am-unique-fioletowy-150x150.jpg 150w, https:\/\/szkoladucha.pl\/sklep\/wp-content\/uploads\/sites\/9\/2021\/11\/koszulka-dlugi-rekaw-i-am-unique-fioletowy-768x768.jpg 768w, https:\/\/szkoladucha.pl\/sklep\/wp-content\/uploads\/sites\/9\/2021\/11\/koszulka-dlugi-rekaw-i-am-unique-fioletowy-600x600.jpg 600w, https:\/\/szkoladucha.pl\/sklep\/wp-content\/uploads\/sites\/9\/2021\/11\/koszulka-dlugi-rekaw-i-am-unique-fioletowy-100x100.jpg 100w, https:\/\/szkoladucha.pl\/sklep\/wp-content\/uploads\/sites\/9\/2021\/11\/koszulka-dlugi-rekaw-i-am-unique-fioletowy.jpg 1200w\" sizes=\"auto, (max-width: 400px) 100vw, 400px\" \/><\/div>\n\t\t\t\t\t<div class=\"wc-block-grid__product-title\">I am Unique Ps 139<\/div>\n\t\t\t\t<\/a>\n\t\t\t\t<div class=\"wc-block-grid__product-price price\"><del aria-hidden=\"true\"><span class=\"woocommerce-Price-amount amount\">70,00&nbsp;<span class=\"woocommerce-Price-currencySymbol\">&#122;&#322;<\/span><\/span><\/del> <span class=\"screen-reader-text\">Pierwotna cena wynosi\u0142a: 70,00&nbsp;&#122;&#322;.<\/span><ins aria-hidden=\"true\"><span class=\"woocommerce-Price-amount amount\">40,00&nbsp;<span class=\"woocommerce-Price-currencySymbol\">&#122;&#322;<\/span><\/span><\/ins><span class=\"screen-reader-text\">Aktualna cena wynosi: 40,00&nbsp;&#122;&#322;.<\/span><\/div>\n\t\t\t\t\n\t\t\t\t<div class=\"wp-block-button wc-block-grid__product-add-to-cart\"><a href=\"https:\/\/szkoladucha.pl\/sklep\/produkt\/i-am-unique-ps-139-koszulka-dlugi-rekaw\/\" aria-label=\"Wybierz opcje dla &bdquo;I am Unique Ps 139&rdquo;\" data-quantity=\"1\" data-product_id=\"5292\" data-product_sku=\"0\" data-price=\"40\" rel=\"nofollow\" class=\"wp-block-button__link  add_to_cart_button\">Wybierz opcje<\/a><\/div>\n\t\t\t<\/li><\/ul><\/div>","protected":false},"excerpt":{"rendered":"<p>Koszulki damskie<\/p>\n","protected":false},"author":9,"featured_media":0,"parent":0,"menu_order":0,"comment_status":"closed","ping_status":"closed","template":"","meta":{"footnotes":""},"class_list":["post-5263","page","type-page","status-publish"],"yoast_head":"<!-- This site is optimized with the Yoast SEO plugin v27.2 - https:\/\/yoast.com\/product\/yoast-seo-wordpress\/ -->\n<title>Odzie\u017c - Sklep Szko\u0142a Ducha<\/title>\n<meta name=\"robots\" content=\"index, follow, max-snippet:-1, max-image-preview:large, max-video-preview:-1\" \/>\n<link rel=\"canonical\" href=\"https:\/\/szkoladucha.pl\/sklep\/odziez\/\" \/>\n<meta property=\"og:locale\" content=\"pl_PL\" \/>\n<meta property=\"og:type\" content=\"article\" \/>\n<meta property=\"og:title\" content=\"Odzie\u017c - Sklep Szko\u0142a Ducha\" \/>\n<meta property=\"og:description\" content=\"Koszulki damskie\" \/>\n<meta property=\"og:url\" content=\"https:\/\/szkoladucha.pl\/sklep\/odziez\/\" \/>\n<meta property=\"og:site_name\" content=\"Sklep Szko\u0142a Ducha\" \/>\n<meta property=\"article:modified_time\" content=\"2022-02-17T11:54:43+00:00\" \/>\n<meta name=\"twitter:card\" content=\"summary_large_image\" \/>\n<meta name=\"twitter:label1\" content=\"Szacowany czas czytania\" \/>\n\t<meta name=\"twitter:data1\" content=\"1 minuta\" \/>\n<script type=\"application\/ld+json\" class=\"yoast-schema-graph\">{\"@context\":\"https:\/\/schema.org\",\"@graph\":[{\"@type\":\"WebPage\",\"@id\":\"https:\/\/szkoladucha.pl\/sklep\/odziez\/\",\"url\":\"https:\/\/szkoladucha.pl\/sklep\/odziez\/\",\"name\":\"Odzie\u017c - Sklep Szko\u0142a Ducha\",\"isPartOf\":{\"@id\":\"https:\/\/szkoladucha.pl\/sklep\/#website\"},\"datePublished\":\"2021-11-24T14:09:34+00:00\",\"dateModified\":\"2022-02-17T11:54:43+00:00\",\"breadcrumb\":{\"@id\":\"https:\/\/szkoladucha.pl\/sklep\/odziez\/#breadcrumb\"},\"inLanguage\":\"pl-PL\",\"potentialAction\":[{\"@type\":\"ReadAction\",\"target\":[\"https:\/\/szkoladucha.pl\/sklep\/odziez\/\"]}]},{\"@type\":\"BreadcrumbList\",\"@id\":\"https:\/\/szkoladucha.pl\/sklep\/odziez\/#breadcrumb\",\"itemListElement\":[{\"@type\":\"ListItem\",\"position\":1,\"name\":\"Strona G\u0142\u00f3wna\",\"item\":\"https:\/\/szkoladucha.pl\/sklep\/\"},{\"@type\":\"ListItem\",\"position\":2,\"name\":\"Odzie\u017c\"}]},{\"@type\":\"WebSite\",\"@id\":\"https:\/\/szkoladucha.pl\/sklep\/#website\",\"url\":\"https:\/\/szkoladucha.pl\/sklep\/\",\"name\":\"Sklep Szko\u0142a Ducha\",\"description\":\"Budujemy spo\u0142ecze\u0144stwo, kt\u00f3re tak jak my, \u015bwiadomie post\u0119puje zgodnie z planem.\",\"publisher\":{\"@id\":\"https:\/\/szkoladucha.pl\/sklep\/#organization\"},\"potentialAction\":[{\"@type\":\"SearchAction\",\"target\":{\"@type\":\"EntryPoint\",\"urlTemplate\":\"https:\/\/szkoladucha.pl\/sklep\/?s={search_term_string}\"},\"query-input\":{\"@type\":\"PropertyValueSpecification\",\"valueRequired\":true,\"valueName\":\"search_term_string\"}}],\"inLanguage\":\"pl-PL\"},{\"@type\":\"Organization\",\"@id\":\"https:\/\/szkoladucha.pl\/sklep\/#organization\",\"name\":\"Sklep Szko\u0142a Ducha\",\"url\":\"https:\/\/szkoladucha.pl\/sklep\/\",\"logo\":{\"@type\":\"ImageObject\",\"inLanguage\":\"pl-PL\",\"@id\":\"https:\/\/szkoladucha.pl\/sklep\/#\/schema\/logo\/image\/\",\"url\":\"https:\/\/szkoladucha.pl\/sklep\/wp-content\/uploads\/sites\/9\/2022\/02\/Sklep_Szkola_Ducha-Logo.svg\",\"contentUrl\":\"https:\/\/szkoladucha.pl\/sklep\/wp-content\/uploads\/sites\/9\/2022\/02\/Sklep_Szkola_Ducha-Logo.svg\",\"width\":100,\"height\":100,\"caption\":\"Sklep Szko\u0142a Ducha\"},\"image\":{\"@id\":\"https:\/\/szkoladucha.pl\/sklep\/#\/schema\/logo\/image\/\"}}]}<\/script>\n<!-- \/ Yoast SEO plugin. -->","yoast_head_json":{"title":"Odzie\u017c - Sklep Szko\u0142a Ducha","robots":{"index":"index","follow":"follow","max-snippet":"max-snippet:-1","max-image-preview":"max-image-preview:large","max-video-preview":"max-video-preview:-1"},"canonical":"https:\/\/szkoladucha.pl\/sklep\/odziez\/","og_locale":"pl_PL","og_type":"article","og_title":"Odzie\u017c - Sklep Szko\u0142a Ducha","og_description":"Koszulki damskie","og_url":"https:\/\/szkoladucha.pl\/sklep\/odziez\/","og_site_name":"Sklep Szko\u0142a Ducha","article_modified_time":"2022-02-17T11:54:43+00:00","twitter_card":"summary_large_image","twitter_misc":{"Szacowany czas czytania":"1 minuta"},"schema":{"@context":"https:\/\/schema.org","@graph":[{"@type":"WebPage","@id":"https:\/\/szkoladucha.pl\/sklep\/odziez\/","url":"https:\/\/szkoladucha.pl\/sklep\/odziez\/","name":"Odzie\u017c - Sklep Szko\u0142a Ducha","isPartOf":{"@id":"https:\/\/szkoladucha.pl\/sklep\/#website"},"datePublished":"2021-11-24T14:09:34+00:00","dateModified":"2022-02-17T11:54:43+00:00","breadcrumb":{"@id":"https:\/\/szkoladucha.pl\/sklep\/odziez\/#breadcrumb"},"inLanguage":"pl-PL","potentialAction":[{"@type":"ReadAction","target":["https:\/\/szkoladucha.pl\/sklep\/odziez\/"]}]},{"@type":"BreadcrumbList","@id":"https:\/\/szkoladucha.pl\/sklep\/odziez\/#breadcrumb","itemListElement":[{"@type":"ListItem","position":1,"name":"Strona G\u0142\u00f3wna","item":"https:\/\/szkoladucha.pl\/sklep\/"},{"@type":"ListItem","position":2,"name":"Odzie\u017c"}]},{"@type":"WebSite","@id":"https:\/\/szkoladucha.pl\/sklep\/#website","url":"https:\/\/szkoladucha.pl\/sklep\/","name":"Sklep Szko\u0142a Ducha","description":"Budujemy spo\u0142ecze\u0144stwo, kt\u00f3re tak jak my, \u015bwiadomie post\u0119puje zgodnie z planem.","publisher":{"@id":"https:\/\/szkoladucha.pl\/sklep\/#organization"},"potentialAction":[{"@type":"SearchAction","target":{"@type":"EntryPoint","urlTemplate":"https:\/\/szkoladucha.pl\/sklep\/?s={search_term_string}"},"query-input":{"@type":"PropertyValueSpecification","valueRequired":true,"valueName":"search_term_string"}}],"inLanguage":"pl-PL"},{"@type":"Organization","@id":"https:\/\/szkoladucha.pl\/sklep\/#organization","name":"Sklep Szko\u0142a Ducha","url":"https:\/\/szkoladucha.pl\/sklep\/","logo":{"@type":"ImageObject","inLanguage":"pl-PL","@id":"https:\/\/szkoladucha.pl\/sklep\/#\/schema\/logo\/image\/","url":"https:\/\/szkoladucha.pl\/sklep\/wp-content\/uploads\/sites\/9\/2022\/02\/Sklep_Szkola_Ducha-Logo.svg","contentUrl":"https:\/\/szkoladucha.pl\/sklep\/wp-content\/uploads\/sites\/9\/2022\/02\/Sklep_Szkola_Ducha-Logo.svg","width":100,"height":100,"caption":"Sklep Szko\u0142a Ducha"},"image":{"@id":"https:\/\/szkoladucha.pl\/sklep\/#\/schema\/logo\/image\/"}}]}},"_links":{"self":[{"href":"https:\/\/szkoladucha.pl\/sklep\/wp-json\/wp\/v2\/pages\/5263","targetHints":{"allow":["GET"]}}],"collection":[{"href":"https:\/\/szkoladucha.pl\/sklep\/wp-json\/wp\/v2\/pages"}],"about":[{"href":"https:\/\/szkoladucha.pl\/sklep\/wp-json\/wp\/v2\/types\/page"}],"author":[{"embeddable":true,"href":"https:\/\/szkoladucha.pl\/sklep\/wp-json\/wp\/v2\/users\/9"}],"replies":[{"embeddable":true,"href":"https:\/\/szkoladucha.pl\/sklep\/wp-json\/wp\/v2\/comments?post=5263"}],"version-history":[{"count":0,"href":"https:\/\/szkoladucha.pl\/sklep\/wp-json\/wp\/v2\/pages\/5263\/revisions"}],"wp:attachment":[{"href":"https:\/\/szkoladucha.pl\/sklep\/wp-json\/wp\/v2\/media?parent=5263"}],"curies":[{"name":"wp","href":"https:\/\/api.w.org\/{rel}","templated":true}]}}