{"id":10650,"date":"2024-04-17T09:07:23","date_gmt":"2024-04-17T09:07:23","guid":{"rendered":"https:\/\/szkoladucha.pl\/sklep\/?post_type=product&#038;p=10650"},"modified":"2026-03-27T15:33:43","modified_gmt":"2026-03-27T15:33:43","slug":"365","status":"publish","type":"product","link":"https:\/\/szkoladucha.pl\/sklep\/produkt\/365\/","title":{"rendered":"Planer"},"content":{"rendered":"<h2>Codzienne zapisywanie mo\u017ce zdzia\u0142a\u0107 cuda!<\/h2>\n<p>\u201cPlaner Inspiracje 365+\u201d konkretnie wp\u0142ynie na Twoj\u0105 codzienno\u015b\u0107! Jak? Pracuj\u0105c codziennie otwierasz si\u0119 na podr\u00f3\u017c ku realizacji marze\u0144 i cel\u00f3w. Wejd\u017a na drog\u0119 osobistej dyscypliny. To umo\u017cliwi Ci samorealizacj\u0119, osi\u0105gni\u0119cie cel\u00f3w oraz \u017cyciowy sukces, zapewniaj\u0105c przy tym rado\u015b\u0107 i\u00a0szcz\u0119\u015bcie. Ten Planer stanowi rezultat ponad dwudziestu lat mojej pracy z lud\u017ami w\u00a0dziedzinie odkrywania indywidualnej efektywno\u015bci. Prosta forma sprawia, \u017ce nie przyt\u0142Oczy Ci\u0119 wielo\u015b\u0107 i ogrom pracy, kt\u00f3ra jest przed Tob\u0105. Zainspiruj\u0119 Ci\u0119 s\u0142owem zach\u0119ty i dodam Ci odwagi, aby\u015b sta\u0142 si\u0119 takim, jakim chcesz by\u0107.<\/p>\n<p>Planer mo\u017ce by\u0107 dla Ciebie jak pojazd, przenosz\u0105cy Ci\u0119 z miejsca, w kt\u00f3rym si\u0119 obecnie znajdujesz, w\u0142a\u015bnie tam, gdzie chcesz si\u0119 znale\u017a\u0107. To nie jest kolejna oferta planera, kt\u00f3ry od\u0142o\u017cysz na p\u00f3\u0142k\u0119. Zaskocz\u0119 Ci\u0119! To nie jest zwyk\u0142y kalendarz. To narz\u0119dzie, dzi\u0119ki kt\u00f3remu odkryjesz sw\u00f3j potencja\u0142. Czas, \u017ceby wysz\u0142o na jaw, to, kim jeste\u015b naprawd\u0119.<\/p>\n<h3>Pracuj\u0105c z planerem:<\/h3>\n<ul>\n<li>Okre\u015blisz swoje warto\u015bci i poziom satysfakcji w kluczowych obszarach swojego \u017cycia. Ko\u0142o \u017cycia \u2013 to popularne w coachingu \u0107wiczenie pomo\u017ce Ci wyznaczy\u0107 sfery, nad kt\u00f3rymi nale\u017cy popracowa\u0107.<\/li>\n<li>Zapisuj\u0105c swoje my\u015bli lepiej poznasz siebie i zdob\u0119dziesz m\u0105dro\u015b\u0107, kt\u00f3ra wyp\u0142ywa z samo\u015bwiadomo\u015bci, poznasz jasne wskaz\u00f3wki, jak kierowa\u0107 swoim \u017cyciem.<\/li>\n<li>W \u017cyciu dajemy zbyt wiele odpowiedzi, jednocze\u015bnie zadaj\u0105c za ma\u0142o pyta\u0144. Nauczysz si\u0119 zadawa\u0107 sobie trafne pytania, kt\u00f3re zainspiruj\u0105 Ci\u0119 do szukania nowych mo\u017cliwo\u015bci i pomog\u0105 Ci odkry\u0107 drzemi\u0105cy w Tobie potencja\u0142.<\/li>\n<li>Praca z planerem nauczy Ci\u0119 doskona\u0142ego zarz\u0105dzania czasem w \u017cyciu zawodowym i osobistym. Przechodz\u0105c przez kolejne strony, zapisuj\u0105c swoje my\u015bli zaczniesz tworzy\u0107 w g\u0142owie sposoby na to, aby od razu urzeczywistnia\u0107 podsuwane przez Tw\u00f3j umys\u0142 pomys\u0142y. Podkre\u015blaj kluczowe idee i zapisuj w\u0142asne uwagi.<\/li>\n<li>Na ka\u017cdej stronie b\u0119dziesz mia\u0142 przestrze\u0144 na przelewanie swoich my\u015bli i prze\u017cy\u0107 na papier, notowanie konkretnych zada\u0144, nie b\u0119dziesz ograniczony datami \u2013 to Ty decydujesz, kiedy zaczynasz prac\u0119 z Planerem i kiedy ko\u0144czysz!<\/li>\n<li>B\u0119dziesz cieszy\u0142 si\u0119 kolorow\u0105 estetyk\u0105. Zawarte inspiracje b\u0119d\u0105 pobudza\u0107 Ci\u0119 do re\ufb02eksji, kreatywno\u015bci i b\u0119d\u0105 dodawa\u0107 Ci energii.<\/li>\n<\/ul>\n","protected":false},"excerpt":{"rendered":"<p>\u201ePlaner Inspiracje 365+\u201d mo\u017cesz postrzega\u0107 jako narz\u0119dzie, dzi\u0119ki kt\u00f3remu zbudujesz wspania\u0142e \u017cycie, pe\u0142ne sukces\u00f3w, nacechowane poczuciem satysfakcji i spe\u0142nienia.<\/p>\n","protected":false},"featured_media":3768,"comment_status":"open","ping_status":"closed","template":"","meta":[],"product_brand":[],"product_cat":[120,32],"product_tag":[],"class_list":{"0":"post-10650","1":"product","2":"type-product","3":"status-publish","4":"has-post-thumbnail","6":"product_cat-kolorowanki","7":"product_cat-ksiazki","8":"pa_autor-dr-anna-saj","9":"pa_ilosc-stron-42","10":"pa_isbn-978-83-925570-8-1","11":"pa_rok-wydania-40","12":"pa_tytul-planer-inspiracje-365","13":"pa_wydawnictwo-rhema","14":"pa_wymiary-produktu-210x210mm","15":"sales-flash-overlay","16":"woocommerce-text-align-left","17":"woocommerce-image-align-center","18":"do-quantity-buttons","19":"wc-has-gallery","21":"first","22":"instock","23":"sale","24":"featured","25":"taxable","26":"shipping-taxable","27":"purchasable","28":"product-type-simple"},"bundled_by":[],"bundle_stock_status":"instock","bundle_stock_quantity":936,"bundle_virtual":false,"bundle_layout":"","bundle_add_to_cart_form_location":"","bundle_editable_in_cart":false,"bundle_sold_individually_context":"","bundle_item_grouping":"","bundle_min_size":"","bundle_max_size":"","bundle_price":[],"bundled_items":[],"bundle_sell_ids":[],"yoast_head":"<!-- This site is optimized with the Yoast SEO plugin v27.3 - https:\/\/yoast.com\/product\/yoast-seo-wordpress\/ -->\n<title>Planer - Sklep Szko\u0142a Ducha<\/title>\n<meta name=\"robots\" content=\"index, follow, max-snippet:-1, max-image-preview:large, max-video-preview:-1\" \/>\n<link rel=\"canonical\" href=\"https:\/\/szkoladucha.pl\/sklep\/produkt\/365\/\" \/>\n<meta property=\"og:locale\" content=\"pl_PL\" \/>\n<meta property=\"og:type\" content=\"article\" \/>\n<meta property=\"og:title\" content=\"Planer - Sklep Szko\u0142a Ducha\" \/>\n<meta property=\"og:description\" content=\"\u201ePlaner Inspiracje 365+\u201d mo\u017cesz postrzega\u0107 jako narz\u0119dzie, dzi\u0119ki kt\u00f3remu zbudujesz wspania\u0142e \u017cycie, pe\u0142ne sukces\u00f3w, nacechowane poczuciem satysfakcji i spe\u0142nienia.\" \/>\n<meta property=\"og:url\" content=\"https:\/\/szkoladucha.pl\/sklep\/produkt\/365\/\" \/>\n<meta property=\"og:site_name\" content=\"Sklep Szko\u0142a Ducha\" \/>\n<meta property=\"article:modified_time\" content=\"2026-03-27T15:33:43+00:00\" \/>\n<meta property=\"og:image\" content=\"https:\/\/szkoladucha.pl\/sklep\/wp-content\/uploads\/sites\/9\/2021\/10\/Planer-Inspiracje-365-zdjecie1.jpg\" \/>\n\t<meta property=\"og:image:width\" content=\"1200\" \/>\n\t<meta property=\"og:image:height\" content=\"1200\" \/>\n\t<meta property=\"og:image:type\" content=\"image\/jpeg\" \/>\n<meta name=\"twitter:card\" content=\"summary_large_image\" \/>\n<meta name=\"twitter:label1\" content=\"Szacowany czas czytania\" \/>\n\t<meta name=\"twitter:data1\" content=\"3 minuty\" \/>\n<script type=\"application\/ld+json\" class=\"yoast-schema-graph\">{\"@context\":\"https:\\\/\\\/schema.org\",\"@graph\":[{\"@type\":\"WebPage\",\"@id\":\"https:\\\/\\\/szkoladucha.pl\\\/sklep\\\/produkt\\\/365\\\/\",\"url\":\"https:\\\/\\\/szkoladucha.pl\\\/sklep\\\/produkt\\\/365\\\/\",\"name\":\"Planer - Sklep Szko\u0142a Ducha\",\"isPartOf\":{\"@id\":\"https:\\\/\\\/szkoladucha.pl\\\/sklep\\\/#website\"},\"primaryImageOfPage\":{\"@id\":\"https:\\\/\\\/szkoladucha.pl\\\/sklep\\\/produkt\\\/365\\\/#primaryimage\"},\"image\":{\"@id\":\"https:\\\/\\\/szkoladucha.pl\\\/sklep\\\/produkt\\\/365\\\/#primaryimage\"},\"thumbnailUrl\":\"https:\\\/\\\/szkoladucha.pl\\\/sklep\\\/wp-content\\\/uploads\\\/sites\\\/9\\\/2021\\\/10\\\/Planer-Inspiracje-365-zdjecie1.jpg\",\"datePublished\":\"2024-04-17T09:07:23+00:00\",\"dateModified\":\"2026-03-27T15:33:43+00:00\",\"breadcrumb\":{\"@id\":\"https:\\\/\\\/szkoladucha.pl\\\/sklep\\\/produkt\\\/365\\\/#breadcrumb\"},\"inLanguage\":\"pl-PL\",\"potentialAction\":[{\"@type\":\"ReadAction\",\"target\":[\"https:\\\/\\\/szkoladucha.pl\\\/sklep\\\/produkt\\\/365\\\/\"]}]},{\"@type\":\"ImageObject\",\"inLanguage\":\"pl-PL\",\"@id\":\"https:\\\/\\\/szkoladucha.pl\\\/sklep\\\/produkt\\\/365\\\/#primaryimage\",\"url\":\"https:\\\/\\\/szkoladucha.pl\\\/sklep\\\/wp-content\\\/uploads\\\/sites\\\/9\\\/2021\\\/10\\\/Planer-Inspiracje-365-zdjecie1.jpg\",\"contentUrl\":\"https:\\\/\\\/szkoladucha.pl\\\/sklep\\\/wp-content\\\/uploads\\\/sites\\\/9\\\/2021\\\/10\\\/Planer-Inspiracje-365-zdjecie1.jpg\",\"width\":1200,\"height\":1200,\"caption\":\"Planer Inspiracje 365+ ok\u0142adka\"},{\"@type\":\"BreadcrumbList\",\"@id\":\"https:\\\/\\\/szkoladucha.pl\\\/sklep\\\/produkt\\\/365\\\/#breadcrumb\",\"itemListElement\":[{\"@type\":\"ListItem\",\"position\":1,\"name\":\"Strona G\u0142\u00f3wna\",\"item\":\"https:\\\/\\\/szkoladucha.pl\\\/sklep\\\/\"},{\"@type\":\"ListItem\",\"position\":2,\"name\":\"Wszystkie Produkty\",\"item\":\"https:\\\/\\\/szkoladucha.pl\\\/sklep\\\/\"},{\"@type\":\"ListItem\",\"position\":3,\"name\":\"Planer\"}]},{\"@type\":\"WebSite\",\"@id\":\"https:\\\/\\\/szkoladucha.pl\\\/sklep\\\/#website\",\"url\":\"https:\\\/\\\/szkoladucha.pl\\\/sklep\\\/\",\"name\":\"Sklep Szko\u0142a Ducha\",\"description\":\"Budujemy spo\u0142ecze\u0144stwo, kt\u00f3re tak jak my, \u015bwiadomie post\u0119puje zgodnie z planem.\",\"publisher\":{\"@id\":\"https:\\\/\\\/szkoladucha.pl\\\/sklep\\\/#organization\"},\"potentialAction\":[{\"@type\":\"SearchAction\",\"target\":{\"@type\":\"EntryPoint\",\"urlTemplate\":\"https:\\\/\\\/szkoladucha.pl\\\/sklep\\\/?s={search_term_string}\"},\"query-input\":{\"@type\":\"PropertyValueSpecification\",\"valueRequired\":true,\"valueName\":\"search_term_string\"}}],\"inLanguage\":\"pl-PL\"},{\"@type\":\"Organization\",\"@id\":\"https:\\\/\\\/szkoladucha.pl\\\/sklep\\\/#organization\",\"name\":\"Sklep Szko\u0142a Ducha\",\"url\":\"https:\\\/\\\/szkoladucha.pl\\\/sklep\\\/\",\"logo\":{\"@type\":\"ImageObject\",\"inLanguage\":\"pl-PL\",\"@id\":\"https:\\\/\\\/szkoladucha.pl\\\/sklep\\\/#\\\/schema\\\/logo\\\/image\\\/\",\"url\":\"https:\\\/\\\/szkoladucha.pl\\\/sklep\\\/wp-content\\\/uploads\\\/sites\\\/9\\\/2022\\\/02\\\/Sklep_Szkola_Ducha-Logo.svg\",\"contentUrl\":\"https:\\\/\\\/szkoladucha.pl\\\/sklep\\\/wp-content\\\/uploads\\\/sites\\\/9\\\/2022\\\/02\\\/Sklep_Szkola_Ducha-Logo.svg\",\"width\":100,\"height\":100,\"caption\":\"Sklep Szko\u0142a Ducha\"},\"image\":{\"@id\":\"https:\\\/\\\/szkoladucha.pl\\\/sklep\\\/#\\\/schema\\\/logo\\\/image\\\/\"}}]}<\/script>\n<!-- \/ Yoast SEO plugin. -->","yoast_head_json":{"title":"Planer - Sklep Szko\u0142a Ducha","robots":{"index":"index","follow":"follow","max-snippet":"max-snippet:-1","max-image-preview":"max-image-preview:large","max-video-preview":"max-video-preview:-1"},"canonical":"https:\/\/szkoladucha.pl\/sklep\/produkt\/365\/","og_locale":"pl_PL","og_type":"article","og_title":"Planer - Sklep Szko\u0142a Ducha","og_description":"\u201ePlaner Inspiracje 365+\u201d mo\u017cesz postrzega\u0107 jako narz\u0119dzie, dzi\u0119ki kt\u00f3remu zbudujesz wspania\u0142e \u017cycie, pe\u0142ne sukces\u00f3w, nacechowane poczuciem satysfakcji i spe\u0142nienia.","og_url":"https:\/\/szkoladucha.pl\/sklep\/produkt\/365\/","og_site_name":"Sklep Szko\u0142a Ducha","article_modified_time":"2026-03-27T15:33:43+00:00","og_image":[{"width":1200,"height":1200,"url":"https:\/\/szkoladucha.pl\/sklep\/wp-content\/uploads\/sites\/9\/2021\/10\/Planer-Inspiracje-365-zdjecie1.jpg","type":"image\/jpeg"}],"twitter_card":"summary_large_image","twitter_misc":{"Szacowany czas czytania":"3 minuty"},"schema":{"@context":"https:\/\/schema.org","@graph":[{"@type":"WebPage","@id":"https:\/\/szkoladucha.pl\/sklep\/produkt\/365\/","url":"https:\/\/szkoladucha.pl\/sklep\/produkt\/365\/","name":"Planer - Sklep Szko\u0142a Ducha","isPartOf":{"@id":"https:\/\/szkoladucha.pl\/sklep\/#website"},"primaryImageOfPage":{"@id":"https:\/\/szkoladucha.pl\/sklep\/produkt\/365\/#primaryimage"},"image":{"@id":"https:\/\/szkoladucha.pl\/sklep\/produkt\/365\/#primaryimage"},"thumbnailUrl":"https:\/\/szkoladucha.pl\/sklep\/wp-content\/uploads\/sites\/9\/2021\/10\/Planer-Inspiracje-365-zdjecie1.jpg","datePublished":"2024-04-17T09:07:23+00:00","dateModified":"2026-03-27T15:33:43+00:00","breadcrumb":{"@id":"https:\/\/szkoladucha.pl\/sklep\/produkt\/365\/#breadcrumb"},"inLanguage":"pl-PL","potentialAction":[{"@type":"ReadAction","target":["https:\/\/szkoladucha.pl\/sklep\/produkt\/365\/"]}]},{"@type":"ImageObject","inLanguage":"pl-PL","@id":"https:\/\/szkoladucha.pl\/sklep\/produkt\/365\/#primaryimage","url":"https:\/\/szkoladucha.pl\/sklep\/wp-content\/uploads\/sites\/9\/2021\/10\/Planer-Inspiracje-365-zdjecie1.jpg","contentUrl":"https:\/\/szkoladucha.pl\/sklep\/wp-content\/uploads\/sites\/9\/2021\/10\/Planer-Inspiracje-365-zdjecie1.jpg","width":1200,"height":1200,"caption":"Planer Inspiracje 365+ ok\u0142adka"},{"@type":"BreadcrumbList","@id":"https:\/\/szkoladucha.pl\/sklep\/produkt\/365\/#breadcrumb","itemListElement":[{"@type":"ListItem","position":1,"name":"Strona G\u0142\u00f3wna","item":"https:\/\/szkoladucha.pl\/sklep\/"},{"@type":"ListItem","position":2,"name":"Wszystkie Produkty","item":"https:\/\/szkoladucha.pl\/sklep\/"},{"@type":"ListItem","position":3,"name":"Planer"}]},{"@type":"WebSite","@id":"https:\/\/szkoladucha.pl\/sklep\/#website","url":"https:\/\/szkoladucha.pl\/sklep\/","name":"Sklep Szko\u0142a Ducha","description":"Budujemy spo\u0142ecze\u0144stwo, kt\u00f3re tak jak my, \u015bwiadomie post\u0119puje zgodnie z planem.","publisher":{"@id":"https:\/\/szkoladucha.pl\/sklep\/#organization"},"potentialAction":[{"@type":"SearchAction","target":{"@type":"EntryPoint","urlTemplate":"https:\/\/szkoladucha.pl\/sklep\/?s={search_term_string}"},"query-input":{"@type":"PropertyValueSpecification","valueRequired":true,"valueName":"search_term_string"}}],"inLanguage":"pl-PL"},{"@type":"Organization","@id":"https:\/\/szkoladucha.pl\/sklep\/#organization","name":"Sklep Szko\u0142a Ducha","url":"https:\/\/szkoladucha.pl\/sklep\/","logo":{"@type":"ImageObject","inLanguage":"pl-PL","@id":"https:\/\/szkoladucha.pl\/sklep\/#\/schema\/logo\/image\/","url":"https:\/\/szkoladucha.pl\/sklep\/wp-content\/uploads\/sites\/9\/2022\/02\/Sklep_Szkola_Ducha-Logo.svg","contentUrl":"https:\/\/szkoladucha.pl\/sklep\/wp-content\/uploads\/sites\/9\/2022\/02\/Sklep_Szkola_Ducha-Logo.svg","width":100,"height":100,"caption":"Sklep Szko\u0142a Ducha"},"image":{"@id":"https:\/\/szkoladucha.pl\/sklep\/#\/schema\/logo\/image\/"}}]}},"_links":{"self":[{"href":"https:\/\/szkoladucha.pl\/sklep\/wp-json\/wp\/v2\/product\/10650","targetHints":{"allow":["GET"]}}],"collection":[{"href":"https:\/\/szkoladucha.pl\/sklep\/wp-json\/wp\/v2\/product"}],"about":[{"href":"https:\/\/szkoladucha.pl\/sklep\/wp-json\/wp\/v2\/types\/product"}],"replies":[{"embeddable":true,"href":"https:\/\/szkoladucha.pl\/sklep\/wp-json\/wp\/v2\/comments?post=10650"}],"wp:featuredmedia":[{"embeddable":true,"href":"https:\/\/szkoladucha.pl\/sklep\/wp-json\/wp\/v2\/media\/3768"}],"wp:attachment":[{"href":"https:\/\/szkoladucha.pl\/sklep\/wp-json\/wp\/v2\/media?parent=10650"}],"wp:term":[{"taxonomy":"product_brand","embeddable":true,"href":"https:\/\/szkoladucha.pl\/sklep\/wp-json\/wp\/v2\/product_brand?post=10650"},{"taxonomy":"product_cat","embeddable":true,"href":"https:\/\/szkoladucha.pl\/sklep\/wp-json\/wp\/v2\/product_cat?post=10650"},{"taxonomy":"product_tag","embeddable":true,"href":"https:\/\/szkoladucha.pl\/sklep\/wp-json\/wp\/v2\/product_tag?post=10650"}],"curies":[{"name":"wp","href":"https:\/\/api.w.org\/{rel}","templated":true}]}}