{"id":4416,"date":"2021-10-28T14:47:17","date_gmt":"2021-10-28T14:47:17","guid":{"rendered":"https:\/\/szkoladucha.pl\/sklep\/?post_type=product&#038;p=4416"},"modified":"2026-03-27T15:46:22","modified_gmt":"2026-03-27T15:46:22","slug":"nigdy-wiecej-sierot","status":"publish","type":"product","link":"https:\/\/szkoladucha.pl\/sklep\/produkt\/nigdy-wiecej-sierot\/","title":{"rendered":"Nigdy wi\u0119cej sierot!"},"content":{"rendered":"<h2>Jest dobra wiadomo\u015b\u0107!<\/h2>\n<p>Ta ksi\u0105\u017cka m\u00f3wi o tym, kim na prawd\u0119 jeste\u015bmy, sk\u0105d pochodzimy i gdzie jest nasze w\u0142a\u015bciwe miejsce! C\u00f3\u017c za obietnica Jezusa! \u201cW domu mego Ojca jest wiele mieszka\u0144; gdyby tak nie by\u0142o, to bym wam powiedzia\u0142. Teraz id\u0119 tam, aby przygotowa\u0107 Wam miejsce.\u201d J14, 2<\/p>\n<p>Maria Vadia rozprawia si\u0119 w swojej ksi\u0105\u017cce z panosz\u0105cym si\u0119 duchem sieroctwa w ludzie Bo\u017cym. Dowiedz si\u0119 kim jeste\u015b w Bo\u017cych oczach, jaka jest kultura Jego Kr\u00f3lestwa i jakie s\u0105 korzy\u015bci p\u0142yn\u0105ce z bycia jego obywatelem. Przekonuje z ca\u0142ym entuzjazmem, \u017ce B\u00f3g kocha nas tak samo, jak kocha Jezusa!<\/p>\n<p>Czy jeste\u015b ciekaw co B\u00f3g dla ciebie przygotowa\u0142 i jaki jest Jego wspania\u0142y plan dla twojego \u017cycia?<\/p>\n","protected":false},"excerpt":{"rendered":"<p>Nie jeste\u015b sierot\u0105 i nigdy nie b\u0119dziesz, bez wzgl\u0119du na to czy Twoi ziemscy rodzice jeszcze \u017cyj\u0105 czy ju\u017c nie, czy masz przy sobie swoich bliskich, czy ju\u017c odeszli. Masz w niebie Tat\u0119 Kr\u00f3la!<\/p>\n","protected":false},"featured_media":4394,"comment_status":"open","ping_status":"closed","template":"","meta":[],"product_brand":[],"product_cat":[32],"product_tag":[],"class_list":{"0":"post-4416","1":"product","2":"type-product","3":"status-publish","4":"has-post-thumbnail","6":"product_cat-ksiazki","7":"pa_autor-maria-vadia","8":"pa_ilosc-stron-67","9":"pa_isbn-978-83-937391-3-4","10":"pa_jezyk-oryginalu-angielski","11":"pa_rok-wydania-69","12":"pa_tytul-nigdy-wiecej-sierot","13":"pa_tytul-oryginalny-no-more-oprhans","14":"pa_wydawnictwo-rhema","15":"pa_wymiary-produktu-147x204-mm","16":"sales-flash-overlay","17":"woocommerce-text-align-left","18":"woocommerce-image-align-center","19":"do-quantity-buttons","21":"first","22":"instock","23":"taxable","24":"shipping-taxable","25":"purchasable","26":"product-type-simple"},"bundled_by":["11784"],"bundle_stock_status":"instock","bundle_stock_quantity":null,"bundle_virtual":false,"bundle_layout":"","bundle_add_to_cart_form_location":"","bundle_editable_in_cart":false,"bundle_sold_individually_context":"","bundle_item_grouping":"","bundle_min_size":"","bundle_max_size":"","bundle_price":[],"bundled_items":[],"bundle_sell_ids":[],"yoast_head":"<!-- This site is optimized with the Yoast SEO plugin v27.3 - https:\/\/yoast.com\/product\/yoast-seo-wordpress\/ -->\n<title>Nigdy wi\u0119cej sierot! - Sklep Szko\u0142a Ducha<\/title>\n<meta name=\"robots\" content=\"index, follow, max-snippet:-1, max-image-preview:large, max-video-preview:-1\" \/>\n<link rel=\"canonical\" href=\"https:\/\/szkoladucha.pl\/sklep\/produkt\/nigdy-wiecej-sierot\/\" \/>\n<meta property=\"og:locale\" content=\"pl_PL\" \/>\n<meta property=\"og:type\" content=\"article\" \/>\n<meta property=\"og:title\" content=\"Nigdy wi\u0119cej sierot! - Sklep Szko\u0142a Ducha\" \/>\n<meta property=\"og:description\" content=\"Nie jeste\u015b sierot\u0105 i nigdy nie b\u0119dziesz, bez wzgl\u0119du na to czy Twoi ziemscy rodzice jeszcze \u017cyj\u0105 czy ju\u017c nie, czy masz przy sobie swoich bliskich, czy ju\u017c odeszli. Masz w niebie Tat\u0119 Kr\u00f3la!\" \/>\n<meta property=\"og:url\" content=\"https:\/\/szkoladucha.pl\/sklep\/produkt\/nigdy-wiecej-sierot\/\" \/>\n<meta property=\"og:site_name\" content=\"Sklep Szko\u0142a Ducha\" \/>\n<meta property=\"article:modified_time\" content=\"2026-03-27T15:46:22+00:00\" \/>\n<meta property=\"og:image\" content=\"https:\/\/szkoladucha.pl\/sklep\/wp-content\/uploads\/sites\/9\/2021\/10\/Nigdy-wiecej-sierot-zdjecie1.jpg\" \/>\n\t<meta property=\"og:image:width\" content=\"1200\" \/>\n\t<meta property=\"og:image:height\" content=\"1200\" \/>\n\t<meta property=\"og:image:type\" content=\"image\/jpeg\" \/>\n<meta name=\"twitter:card\" content=\"summary_large_image\" \/>\n<meta name=\"twitter:label1\" content=\"Szacowany czas czytania\" \/>\n\t<meta name=\"twitter:data1\" content=\"1 minuta\" \/>\n<script type=\"application\/ld+json\" class=\"yoast-schema-graph\">{\"@context\":\"https:\\\/\\\/schema.org\",\"@graph\":[{\"@type\":\"WebPage\",\"@id\":\"https:\\\/\\\/szkoladucha.pl\\\/sklep\\\/produkt\\\/nigdy-wiecej-sierot\\\/\",\"url\":\"https:\\\/\\\/szkoladucha.pl\\\/sklep\\\/produkt\\\/nigdy-wiecej-sierot\\\/\",\"name\":\"Nigdy wi\u0119cej sierot! - Sklep Szko\u0142a Ducha\",\"isPartOf\":{\"@id\":\"https:\\\/\\\/szkoladucha.pl\\\/sklep\\\/#website\"},\"primaryImageOfPage\":{\"@id\":\"https:\\\/\\\/szkoladucha.pl\\\/sklep\\\/produkt\\\/nigdy-wiecej-sierot\\\/#primaryimage\"},\"image\":{\"@id\":\"https:\\\/\\\/szkoladucha.pl\\\/sklep\\\/produkt\\\/nigdy-wiecej-sierot\\\/#primaryimage\"},\"thumbnailUrl\":\"https:\\\/\\\/szkoladucha.pl\\\/sklep\\\/wp-content\\\/uploads\\\/sites\\\/9\\\/2021\\\/10\\\/Nigdy-wiecej-sierot-zdjecie1.jpg\",\"datePublished\":\"2021-10-28T14:47:17+00:00\",\"dateModified\":\"2026-03-27T15:46:22+00:00\",\"breadcrumb\":{\"@id\":\"https:\\\/\\\/szkoladucha.pl\\\/sklep\\\/produkt\\\/nigdy-wiecej-sierot\\\/#breadcrumb\"},\"inLanguage\":\"pl-PL\",\"potentialAction\":[{\"@type\":\"ReadAction\",\"target\":[\"https:\\\/\\\/szkoladucha.pl\\\/sklep\\\/produkt\\\/nigdy-wiecej-sierot\\\/\"]}]},{\"@type\":\"ImageObject\",\"inLanguage\":\"pl-PL\",\"@id\":\"https:\\\/\\\/szkoladucha.pl\\\/sklep\\\/produkt\\\/nigdy-wiecej-sierot\\\/#primaryimage\",\"url\":\"https:\\\/\\\/szkoladucha.pl\\\/sklep\\\/wp-content\\\/uploads\\\/sites\\\/9\\\/2021\\\/10\\\/Nigdy-wiecej-sierot-zdjecie1.jpg\",\"contentUrl\":\"https:\\\/\\\/szkoladucha.pl\\\/sklep\\\/wp-content\\\/uploads\\\/sites\\\/9\\\/2021\\\/10\\\/Nigdy-wiecej-sierot-zdjecie1.jpg\",\"width\":1200,\"height\":1200,\"caption\":\"Nigdy wi\u0119cej sierot! Ok\u0142adka\"},{\"@type\":\"BreadcrumbList\",\"@id\":\"https:\\\/\\\/szkoladucha.pl\\\/sklep\\\/produkt\\\/nigdy-wiecej-sierot\\\/#breadcrumb\",\"itemListElement\":[{\"@type\":\"ListItem\",\"position\":1,\"name\":\"Strona G\u0142\u00f3wna\",\"item\":\"https:\\\/\\\/szkoladucha.pl\\\/sklep\\\/\"},{\"@type\":\"ListItem\",\"position\":2,\"name\":\"Wszystkie Produkty\",\"item\":\"https:\\\/\\\/szkoladucha.pl\\\/sklep\\\/\"},{\"@type\":\"ListItem\",\"position\":3,\"name\":\"Nigdy wi\u0119cej sierot!\"}]},{\"@type\":\"WebSite\",\"@id\":\"https:\\\/\\\/szkoladucha.pl\\\/sklep\\\/#website\",\"url\":\"https:\\\/\\\/szkoladucha.pl\\\/sklep\\\/\",\"name\":\"Sklep Szko\u0142a Ducha\",\"description\":\"Budujemy spo\u0142ecze\u0144stwo, kt\u00f3re tak jak my, \u015bwiadomie post\u0119puje zgodnie z planem.\",\"publisher\":{\"@id\":\"https:\\\/\\\/szkoladucha.pl\\\/sklep\\\/#organization\"},\"potentialAction\":[{\"@type\":\"SearchAction\",\"target\":{\"@type\":\"EntryPoint\",\"urlTemplate\":\"https:\\\/\\\/szkoladucha.pl\\\/sklep\\\/?s={search_term_string}\"},\"query-input\":{\"@type\":\"PropertyValueSpecification\",\"valueRequired\":true,\"valueName\":\"search_term_string\"}}],\"inLanguage\":\"pl-PL\"},{\"@type\":\"Organization\",\"@id\":\"https:\\\/\\\/szkoladucha.pl\\\/sklep\\\/#organization\",\"name\":\"Sklep Szko\u0142a Ducha\",\"url\":\"https:\\\/\\\/szkoladucha.pl\\\/sklep\\\/\",\"logo\":{\"@type\":\"ImageObject\",\"inLanguage\":\"pl-PL\",\"@id\":\"https:\\\/\\\/szkoladucha.pl\\\/sklep\\\/#\\\/schema\\\/logo\\\/image\\\/\",\"url\":\"https:\\\/\\\/szkoladucha.pl\\\/sklep\\\/wp-content\\\/uploads\\\/sites\\\/9\\\/2022\\\/02\\\/Sklep_Szkola_Ducha-Logo.svg\",\"contentUrl\":\"https:\\\/\\\/szkoladucha.pl\\\/sklep\\\/wp-content\\\/uploads\\\/sites\\\/9\\\/2022\\\/02\\\/Sklep_Szkola_Ducha-Logo.svg\",\"width\":100,\"height\":100,\"caption\":\"Sklep Szko\u0142a Ducha\"},\"image\":{\"@id\":\"https:\\\/\\\/szkoladucha.pl\\\/sklep\\\/#\\\/schema\\\/logo\\\/image\\\/\"}}]}<\/script>\n<!-- \/ Yoast SEO plugin. -->","yoast_head_json":{"title":"Nigdy wi\u0119cej sierot! - Sklep Szko\u0142a Ducha","robots":{"index":"index","follow":"follow","max-snippet":"max-snippet:-1","max-image-preview":"max-image-preview:large","max-video-preview":"max-video-preview:-1"},"canonical":"https:\/\/szkoladucha.pl\/sklep\/produkt\/nigdy-wiecej-sierot\/","og_locale":"pl_PL","og_type":"article","og_title":"Nigdy wi\u0119cej sierot! - Sklep Szko\u0142a Ducha","og_description":"Nie jeste\u015b sierot\u0105 i nigdy nie b\u0119dziesz, bez wzgl\u0119du na to czy Twoi ziemscy rodzice jeszcze \u017cyj\u0105 czy ju\u017c nie, czy masz przy sobie swoich bliskich, czy ju\u017c odeszli. Masz w niebie Tat\u0119 Kr\u00f3la!","og_url":"https:\/\/szkoladucha.pl\/sklep\/produkt\/nigdy-wiecej-sierot\/","og_site_name":"Sklep Szko\u0142a Ducha","article_modified_time":"2026-03-27T15:46:22+00:00","og_image":[{"width":1200,"height":1200,"url":"https:\/\/szkoladucha.pl\/sklep\/wp-content\/uploads\/sites\/9\/2021\/10\/Nigdy-wiecej-sierot-zdjecie1.jpg","type":"image\/jpeg"}],"twitter_card":"summary_large_image","twitter_misc":{"Szacowany czas czytania":"1 minuta"},"schema":{"@context":"https:\/\/schema.org","@graph":[{"@type":"WebPage","@id":"https:\/\/szkoladucha.pl\/sklep\/produkt\/nigdy-wiecej-sierot\/","url":"https:\/\/szkoladucha.pl\/sklep\/produkt\/nigdy-wiecej-sierot\/","name":"Nigdy wi\u0119cej sierot! - Sklep Szko\u0142a Ducha","isPartOf":{"@id":"https:\/\/szkoladucha.pl\/sklep\/#website"},"primaryImageOfPage":{"@id":"https:\/\/szkoladucha.pl\/sklep\/produkt\/nigdy-wiecej-sierot\/#primaryimage"},"image":{"@id":"https:\/\/szkoladucha.pl\/sklep\/produkt\/nigdy-wiecej-sierot\/#primaryimage"},"thumbnailUrl":"https:\/\/szkoladucha.pl\/sklep\/wp-content\/uploads\/sites\/9\/2021\/10\/Nigdy-wiecej-sierot-zdjecie1.jpg","datePublished":"2021-10-28T14:47:17+00:00","dateModified":"2026-03-27T15:46:22+00:00","breadcrumb":{"@id":"https:\/\/szkoladucha.pl\/sklep\/produkt\/nigdy-wiecej-sierot\/#breadcrumb"},"inLanguage":"pl-PL","potentialAction":[{"@type":"ReadAction","target":["https:\/\/szkoladucha.pl\/sklep\/produkt\/nigdy-wiecej-sierot\/"]}]},{"@type":"ImageObject","inLanguage":"pl-PL","@id":"https:\/\/szkoladucha.pl\/sklep\/produkt\/nigdy-wiecej-sierot\/#primaryimage","url":"https:\/\/szkoladucha.pl\/sklep\/wp-content\/uploads\/sites\/9\/2021\/10\/Nigdy-wiecej-sierot-zdjecie1.jpg","contentUrl":"https:\/\/szkoladucha.pl\/sklep\/wp-content\/uploads\/sites\/9\/2021\/10\/Nigdy-wiecej-sierot-zdjecie1.jpg","width":1200,"height":1200,"caption":"Nigdy wi\u0119cej sierot! Ok\u0142adka"},{"@type":"BreadcrumbList","@id":"https:\/\/szkoladucha.pl\/sklep\/produkt\/nigdy-wiecej-sierot\/#breadcrumb","itemListElement":[{"@type":"ListItem","position":1,"name":"Strona G\u0142\u00f3wna","item":"https:\/\/szkoladucha.pl\/sklep\/"},{"@type":"ListItem","position":2,"name":"Wszystkie Produkty","item":"https:\/\/szkoladucha.pl\/sklep\/"},{"@type":"ListItem","position":3,"name":"Nigdy wi\u0119cej sierot!"}]},{"@type":"WebSite","@id":"https:\/\/szkoladucha.pl\/sklep\/#website","url":"https:\/\/szkoladucha.pl\/sklep\/","name":"Sklep Szko\u0142a Ducha","description":"Budujemy spo\u0142ecze\u0144stwo, kt\u00f3re tak jak my, \u015bwiadomie post\u0119puje zgodnie z planem.","publisher":{"@id":"https:\/\/szkoladucha.pl\/sklep\/#organization"},"potentialAction":[{"@type":"SearchAction","target":{"@type":"EntryPoint","urlTemplate":"https:\/\/szkoladucha.pl\/sklep\/?s={search_term_string}"},"query-input":{"@type":"PropertyValueSpecification","valueRequired":true,"valueName":"search_term_string"}}],"inLanguage":"pl-PL"},{"@type":"Organization","@id":"https:\/\/szkoladucha.pl\/sklep\/#organization","name":"Sklep Szko\u0142a Ducha","url":"https:\/\/szkoladucha.pl\/sklep\/","logo":{"@type":"ImageObject","inLanguage":"pl-PL","@id":"https:\/\/szkoladucha.pl\/sklep\/#\/schema\/logo\/image\/","url":"https:\/\/szkoladucha.pl\/sklep\/wp-content\/uploads\/sites\/9\/2022\/02\/Sklep_Szkola_Ducha-Logo.svg","contentUrl":"https:\/\/szkoladucha.pl\/sklep\/wp-content\/uploads\/sites\/9\/2022\/02\/Sklep_Szkola_Ducha-Logo.svg","width":100,"height":100,"caption":"Sklep Szko\u0142a Ducha"},"image":{"@id":"https:\/\/szkoladucha.pl\/sklep\/#\/schema\/logo\/image\/"}}]}},"_links":{"self":[{"href":"https:\/\/szkoladucha.pl\/sklep\/wp-json\/wp\/v2\/product\/4416","targetHints":{"allow":["GET"]}}],"collection":[{"href":"https:\/\/szkoladucha.pl\/sklep\/wp-json\/wp\/v2\/product"}],"about":[{"href":"https:\/\/szkoladucha.pl\/sklep\/wp-json\/wp\/v2\/types\/product"}],"replies":[{"embeddable":true,"href":"https:\/\/szkoladucha.pl\/sklep\/wp-json\/wp\/v2\/comments?post=4416"}],"wp:featuredmedia":[{"embeddable":true,"href":"https:\/\/szkoladucha.pl\/sklep\/wp-json\/wp\/v2\/media\/4394"}],"wp:attachment":[{"href":"https:\/\/szkoladucha.pl\/sklep\/wp-json\/wp\/v2\/media?parent=4416"}],"wp:term":[{"taxonomy":"product_brand","embeddable":true,"href":"https:\/\/szkoladucha.pl\/sklep\/wp-json\/wp\/v2\/product_brand?post=4416"},{"taxonomy":"product_cat","embeddable":true,"href":"https:\/\/szkoladucha.pl\/sklep\/wp-json\/wp\/v2\/product_cat?post=4416"},{"taxonomy":"product_tag","embeddable":true,"href":"https:\/\/szkoladucha.pl\/sklep\/wp-json\/wp\/v2\/product_tag?post=4416"}],"curies":[{"name":"wp","href":"https:\/\/api.w.org\/{rel}","templated":true}]}}