{"id":4421,"date":"2021-10-28T14:50:16","date_gmt":"2021-10-28T14:50:16","guid":{"rendered":"https:\/\/szkoladucha.pl\/sklep\/?post_type=product&#038;p=4421"},"modified":"2026-03-27T15:45:54","modified_gmt":"2026-03-27T15:45:54","slug":"strzala-w-jego-reku","status":"publish","type":"product","link":"https:\/\/szkoladucha.pl\/sklep\/produkt\/strzala-w-jego-reku\/","title":{"rendered":"Strza\u0142a w Jego R\u0119ku"},"content":{"rendered":"<h2>Dla tych, kt\u00f3rzy chc\u0105 si\u0119 modli\u0107.<\/h2>\n<p>Wyobra\u017a sobie, \u017ce wiesz dok\u0142adnie co robi\u0107, aby twoje \u017cycie i \u017cycie Twoich bliskich by\u0142o b\u0142ogos\u0142awione i szcz\u0119\u015bliwe. Co wi\u0119cej, masz wiedz\u0119, m\u0105dro\u015b\u0107 i moc do tego, aby przemienia\u0107 nag\u0142\u00f3wki jutrzejszych gazet! Brzmi jak scenariusz filmu o superbohaterze? By\u0107 mo\u017ce, a jednak to bardziej realne ni\u017c my\u015blisz!<\/p>\n<p>Maria Vadia z ca\u0142ym przekonaniem og\u0142asza, \u017ce B\u00f3g m\u00f3wi dzisiaj w spos\u00f3b s\u0142yszalny, daje wskaz\u00f3wki, plany dzia\u0142ania, rozwi\u0105zanie problem\u00f3w. Co wi\u0119cej, chce On, \u017ceby\u015bmy byli tytu\u0142ow\u0105 strza\u0142\u0105 w Jego r\u0119ku i celnie trafiali w punkt, kt\u00f3ry On wyznacza, czyli modlili si\u0119 wstawienniczo w spos\u00f3b skuteczny i przynosz\u0105cy dobre owoce.<\/p>\n<p>Dowiedz si\u0119, czym jest prorocze wstawiennictwo, w jaki spos\u00f3b B\u00f3g dzisiaj przemawia, jak sta\u0107 si\u0119 wojownikiem w armii Pana. Dowiedz si\u0119, czy mo\u017cemy oczekiwa\u0107, \u017ce nasze modlitwy zostan\u0105 wys\u0142uchane, czy mo\u017cemy s\u0142ysze\u0107 Bo\u017cy g\u0142os, a je\u015bli tak, to jak go us\u0142ysze\u0107?<\/p>\n<p>Strza\u0142a w Jego r\u0119ku jest ksi\u0105\u017ck\u0105 dla tych, kt\u00f3rzy chc\u0105 sta\u0107 si\u0119 wystawiennikami wsp\u00f3\u0142czesnego Ko\u015bcio\u0142a.<\/p>\n","protected":false},"excerpt":{"rendered":"<p>Strza\u0142a w Jego r\u0119ku jest ksi\u0105\u017ck\u0105 dla tych, kt\u00f3rzy chc\u0105 sta\u0107 si\u0119 wystawiennikami wsp\u00f3\u0142czesnego Ko\u015bcio\u0142a.<\/p>\n","protected":false},"featured_media":4395,"comment_status":"open","ping_status":"closed","template":"","meta":[],"product_brand":[],"product_cat":[32],"product_tag":[],"class_list":{"0":"post-4421","1":"product","2":"type-product","3":"status-publish","4":"has-post-thumbnail","6":"product_cat-ksiazki","7":"pa_autor-maria-vadia","8":"pa_ilosc-stron-72","9":"pa_isbn-978-83-925569-9-2","10":"pa_jezyk-oryginalu-angielski","11":"pa_rok-wydania-64","12":"pa_tytul-strzala-w-jego-reku","13":"pa_tytul-oryginalny-an-arrow-in-his-hand","14":"pa_wymiary-produktu-147x204-mm","15":"sales-flash-overlay","16":"woocommerce-text-align-left","17":"woocommerce-image-align-center","18":"do-quantity-buttons","20":"first","21":"instock","22":"taxable","23":"shipping-taxable","24":"purchasable","25":"product-type-simple"},"bundled_by":["11762","11763","11784","11786"],"bundle_stock_status":"instock","bundle_stock_quantity":null,"bundle_virtual":false,"bundle_layout":"","bundle_add_to_cart_form_location":"","bundle_editable_in_cart":false,"bundle_sold_individually_context":"","bundle_item_grouping":"","bundle_min_size":"","bundle_max_size":"","bundle_price":[],"bundled_items":[],"bundle_sell_ids":[],"yoast_head":"<!-- This site is optimized with the Yoast SEO plugin v27.3 - https:\/\/yoast.com\/product\/yoast-seo-wordpress\/ -->\n<title>Strza\u0142a w Jego R\u0119ku - Sklep Szko\u0142a Ducha<\/title>\n<meta name=\"robots\" content=\"index, follow, max-snippet:-1, max-image-preview:large, max-video-preview:-1\" \/>\n<link rel=\"canonical\" href=\"https:\/\/szkoladucha.pl\/sklep\/produkt\/strzala-w-jego-reku\/\" \/>\n<meta property=\"og:locale\" content=\"pl_PL\" \/>\n<meta property=\"og:type\" content=\"article\" \/>\n<meta property=\"og:title\" content=\"Strza\u0142a w Jego R\u0119ku - Sklep Szko\u0142a Ducha\" \/>\n<meta property=\"og:description\" content=\"Strza\u0142a w Jego r\u0119ku jest ksi\u0105\u017ck\u0105 dla tych, kt\u00f3rzy chc\u0105 sta\u0107 si\u0119 wystawiennikami wsp\u00f3\u0142czesnego Ko\u015bcio\u0142a.\" \/>\n<meta property=\"og:url\" content=\"https:\/\/szkoladucha.pl\/sklep\/produkt\/strzala-w-jego-reku\/\" \/>\n<meta property=\"og:site_name\" content=\"Sklep Szko\u0142a Ducha\" \/>\n<meta property=\"article:modified_time\" content=\"2026-03-27T15:45:54+00:00\" \/>\n<meta property=\"og:image\" content=\"https:\/\/szkoladucha.pl\/sklep\/wp-content\/uploads\/sites\/9\/2021\/10\/Strzala-w-Jego-Reku-zdjecie1.jpg\" \/>\n\t<meta property=\"og:image:width\" content=\"1200\" \/>\n\t<meta property=\"og:image:height\" content=\"1200\" \/>\n\t<meta property=\"og:image:type\" content=\"image\/jpeg\" \/>\n<meta name=\"twitter:card\" content=\"summary_large_image\" \/>\n<meta name=\"twitter:label1\" content=\"Szacowany czas czytania\" \/>\n\t<meta name=\"twitter:data1\" content=\"2 minuty\" \/>\n<script type=\"application\/ld+json\" class=\"yoast-schema-graph\">{\"@context\":\"https:\\\/\\\/schema.org\",\"@graph\":[{\"@type\":\"WebPage\",\"@id\":\"https:\\\/\\\/szkoladucha.pl\\\/sklep\\\/produkt\\\/strzala-w-jego-reku\\\/\",\"url\":\"https:\\\/\\\/szkoladucha.pl\\\/sklep\\\/produkt\\\/strzala-w-jego-reku\\\/\",\"name\":\"Strza\u0142a w Jego R\u0119ku - Sklep Szko\u0142a Ducha\",\"isPartOf\":{\"@id\":\"https:\\\/\\\/szkoladucha.pl\\\/sklep\\\/#website\"},\"primaryImageOfPage\":{\"@id\":\"https:\\\/\\\/szkoladucha.pl\\\/sklep\\\/produkt\\\/strzala-w-jego-reku\\\/#primaryimage\"},\"image\":{\"@id\":\"https:\\\/\\\/szkoladucha.pl\\\/sklep\\\/produkt\\\/strzala-w-jego-reku\\\/#primaryimage\"},\"thumbnailUrl\":\"https:\\\/\\\/szkoladucha.pl\\\/sklep\\\/wp-content\\\/uploads\\\/sites\\\/9\\\/2021\\\/10\\\/Strzala-w-Jego-Reku-zdjecie1.jpg\",\"datePublished\":\"2021-10-28T14:50:16+00:00\",\"dateModified\":\"2026-03-27T15:45:54+00:00\",\"breadcrumb\":{\"@id\":\"https:\\\/\\\/szkoladucha.pl\\\/sklep\\\/produkt\\\/strzala-w-jego-reku\\\/#breadcrumb\"},\"inLanguage\":\"pl-PL\",\"potentialAction\":[{\"@type\":\"ReadAction\",\"target\":[\"https:\\\/\\\/szkoladucha.pl\\\/sklep\\\/produkt\\\/strzala-w-jego-reku\\\/\"]}]},{\"@type\":\"ImageObject\",\"inLanguage\":\"pl-PL\",\"@id\":\"https:\\\/\\\/szkoladucha.pl\\\/sklep\\\/produkt\\\/strzala-w-jego-reku\\\/#primaryimage\",\"url\":\"https:\\\/\\\/szkoladucha.pl\\\/sklep\\\/wp-content\\\/uploads\\\/sites\\\/9\\\/2021\\\/10\\\/Strzala-w-Jego-Reku-zdjecie1.jpg\",\"contentUrl\":\"https:\\\/\\\/szkoladucha.pl\\\/sklep\\\/wp-content\\\/uploads\\\/sites\\\/9\\\/2021\\\/10\\\/Strzala-w-Jego-Reku-zdjecie1.jpg\",\"width\":1200,\"height\":1200,\"caption\":\"Strza\u0142a w Jego R\u0119ku ok\u0142adka\"},{\"@type\":\"BreadcrumbList\",\"@id\":\"https:\\\/\\\/szkoladucha.pl\\\/sklep\\\/produkt\\\/strzala-w-jego-reku\\\/#breadcrumb\",\"itemListElement\":[{\"@type\":\"ListItem\",\"position\":1,\"name\":\"Strona G\u0142\u00f3wna\",\"item\":\"https:\\\/\\\/szkoladucha.pl\\\/sklep\\\/\"},{\"@type\":\"ListItem\",\"position\":2,\"name\":\"Wszystkie Produkty\",\"item\":\"https:\\\/\\\/szkoladucha.pl\\\/sklep\\\/\"},{\"@type\":\"ListItem\",\"position\":3,\"name\":\"Strza\u0142a w Jego R\u0119ku\"}]},{\"@type\":\"WebSite\",\"@id\":\"https:\\\/\\\/szkoladucha.pl\\\/sklep\\\/#website\",\"url\":\"https:\\\/\\\/szkoladucha.pl\\\/sklep\\\/\",\"name\":\"Sklep Szko\u0142a Ducha\",\"description\":\"Budujemy spo\u0142ecze\u0144stwo, kt\u00f3re tak jak my, \u015bwiadomie post\u0119puje zgodnie z planem.\",\"publisher\":{\"@id\":\"https:\\\/\\\/szkoladucha.pl\\\/sklep\\\/#organization\"},\"potentialAction\":[{\"@type\":\"SearchAction\",\"target\":{\"@type\":\"EntryPoint\",\"urlTemplate\":\"https:\\\/\\\/szkoladucha.pl\\\/sklep\\\/?s={search_term_string}\"},\"query-input\":{\"@type\":\"PropertyValueSpecification\",\"valueRequired\":true,\"valueName\":\"search_term_string\"}}],\"inLanguage\":\"pl-PL\"},{\"@type\":\"Organization\",\"@id\":\"https:\\\/\\\/szkoladucha.pl\\\/sklep\\\/#organization\",\"name\":\"Sklep Szko\u0142a Ducha\",\"url\":\"https:\\\/\\\/szkoladucha.pl\\\/sklep\\\/\",\"logo\":{\"@type\":\"ImageObject\",\"inLanguage\":\"pl-PL\",\"@id\":\"https:\\\/\\\/szkoladucha.pl\\\/sklep\\\/#\\\/schema\\\/logo\\\/image\\\/\",\"url\":\"https:\\\/\\\/szkoladucha.pl\\\/sklep\\\/wp-content\\\/uploads\\\/sites\\\/9\\\/2022\\\/02\\\/Sklep_Szkola_Ducha-Logo.svg\",\"contentUrl\":\"https:\\\/\\\/szkoladucha.pl\\\/sklep\\\/wp-content\\\/uploads\\\/sites\\\/9\\\/2022\\\/02\\\/Sklep_Szkola_Ducha-Logo.svg\",\"width\":100,\"height\":100,\"caption\":\"Sklep Szko\u0142a Ducha\"},\"image\":{\"@id\":\"https:\\\/\\\/szkoladucha.pl\\\/sklep\\\/#\\\/schema\\\/logo\\\/image\\\/\"}}]}<\/script>\n<!-- \/ Yoast SEO plugin. -->","yoast_head_json":{"title":"Strza\u0142a w Jego R\u0119ku - Sklep Szko\u0142a Ducha","robots":{"index":"index","follow":"follow","max-snippet":"max-snippet:-1","max-image-preview":"max-image-preview:large","max-video-preview":"max-video-preview:-1"},"canonical":"https:\/\/szkoladucha.pl\/sklep\/produkt\/strzala-w-jego-reku\/","og_locale":"pl_PL","og_type":"article","og_title":"Strza\u0142a w Jego R\u0119ku - Sklep Szko\u0142a Ducha","og_description":"Strza\u0142a w Jego r\u0119ku jest ksi\u0105\u017ck\u0105 dla tych, kt\u00f3rzy chc\u0105 sta\u0107 si\u0119 wystawiennikami wsp\u00f3\u0142czesnego Ko\u015bcio\u0142a.","og_url":"https:\/\/szkoladucha.pl\/sklep\/produkt\/strzala-w-jego-reku\/","og_site_name":"Sklep Szko\u0142a Ducha","article_modified_time":"2026-03-27T15:45:54+00:00","og_image":[{"width":1200,"height":1200,"url":"https:\/\/szkoladucha.pl\/sklep\/wp-content\/uploads\/sites\/9\/2021\/10\/Strzala-w-Jego-Reku-zdjecie1.jpg","type":"image\/jpeg"}],"twitter_card":"summary_large_image","twitter_misc":{"Szacowany czas czytania":"2 minuty"},"schema":{"@context":"https:\/\/schema.org","@graph":[{"@type":"WebPage","@id":"https:\/\/szkoladucha.pl\/sklep\/produkt\/strzala-w-jego-reku\/","url":"https:\/\/szkoladucha.pl\/sklep\/produkt\/strzala-w-jego-reku\/","name":"Strza\u0142a w Jego R\u0119ku - Sklep Szko\u0142a Ducha","isPartOf":{"@id":"https:\/\/szkoladucha.pl\/sklep\/#website"},"primaryImageOfPage":{"@id":"https:\/\/szkoladucha.pl\/sklep\/produkt\/strzala-w-jego-reku\/#primaryimage"},"image":{"@id":"https:\/\/szkoladucha.pl\/sklep\/produkt\/strzala-w-jego-reku\/#primaryimage"},"thumbnailUrl":"https:\/\/szkoladucha.pl\/sklep\/wp-content\/uploads\/sites\/9\/2021\/10\/Strzala-w-Jego-Reku-zdjecie1.jpg","datePublished":"2021-10-28T14:50:16+00:00","dateModified":"2026-03-27T15:45:54+00:00","breadcrumb":{"@id":"https:\/\/szkoladucha.pl\/sklep\/produkt\/strzala-w-jego-reku\/#breadcrumb"},"inLanguage":"pl-PL","potentialAction":[{"@type":"ReadAction","target":["https:\/\/szkoladucha.pl\/sklep\/produkt\/strzala-w-jego-reku\/"]}]},{"@type":"ImageObject","inLanguage":"pl-PL","@id":"https:\/\/szkoladucha.pl\/sklep\/produkt\/strzala-w-jego-reku\/#primaryimage","url":"https:\/\/szkoladucha.pl\/sklep\/wp-content\/uploads\/sites\/9\/2021\/10\/Strzala-w-Jego-Reku-zdjecie1.jpg","contentUrl":"https:\/\/szkoladucha.pl\/sklep\/wp-content\/uploads\/sites\/9\/2021\/10\/Strzala-w-Jego-Reku-zdjecie1.jpg","width":1200,"height":1200,"caption":"Strza\u0142a w Jego R\u0119ku ok\u0142adka"},{"@type":"BreadcrumbList","@id":"https:\/\/szkoladucha.pl\/sklep\/produkt\/strzala-w-jego-reku\/#breadcrumb","itemListElement":[{"@type":"ListItem","position":1,"name":"Strona G\u0142\u00f3wna","item":"https:\/\/szkoladucha.pl\/sklep\/"},{"@type":"ListItem","position":2,"name":"Wszystkie Produkty","item":"https:\/\/szkoladucha.pl\/sklep\/"},{"@type":"ListItem","position":3,"name":"Strza\u0142a w Jego R\u0119ku"}]},{"@type":"WebSite","@id":"https:\/\/szkoladucha.pl\/sklep\/#website","url":"https:\/\/szkoladucha.pl\/sklep\/","name":"Sklep Szko\u0142a Ducha","description":"Budujemy spo\u0142ecze\u0144stwo, kt\u00f3re tak jak my, \u015bwiadomie post\u0119puje zgodnie z planem.","publisher":{"@id":"https:\/\/szkoladucha.pl\/sklep\/#organization"},"potentialAction":[{"@type":"SearchAction","target":{"@type":"EntryPoint","urlTemplate":"https:\/\/szkoladucha.pl\/sklep\/?s={search_term_string}"},"query-input":{"@type":"PropertyValueSpecification","valueRequired":true,"valueName":"search_term_string"}}],"inLanguage":"pl-PL"},{"@type":"Organization","@id":"https:\/\/szkoladucha.pl\/sklep\/#organization","name":"Sklep Szko\u0142a Ducha","url":"https:\/\/szkoladucha.pl\/sklep\/","logo":{"@type":"ImageObject","inLanguage":"pl-PL","@id":"https:\/\/szkoladucha.pl\/sklep\/#\/schema\/logo\/image\/","url":"https:\/\/szkoladucha.pl\/sklep\/wp-content\/uploads\/sites\/9\/2022\/02\/Sklep_Szkola_Ducha-Logo.svg","contentUrl":"https:\/\/szkoladucha.pl\/sklep\/wp-content\/uploads\/sites\/9\/2022\/02\/Sklep_Szkola_Ducha-Logo.svg","width":100,"height":100,"caption":"Sklep Szko\u0142a Ducha"},"image":{"@id":"https:\/\/szkoladucha.pl\/sklep\/#\/schema\/logo\/image\/"}}]}},"_links":{"self":[{"href":"https:\/\/szkoladucha.pl\/sklep\/wp-json\/wp\/v2\/product\/4421","targetHints":{"allow":["GET"]}}],"collection":[{"href":"https:\/\/szkoladucha.pl\/sklep\/wp-json\/wp\/v2\/product"}],"about":[{"href":"https:\/\/szkoladucha.pl\/sklep\/wp-json\/wp\/v2\/types\/product"}],"replies":[{"embeddable":true,"href":"https:\/\/szkoladucha.pl\/sklep\/wp-json\/wp\/v2\/comments?post=4421"}],"wp:featuredmedia":[{"embeddable":true,"href":"https:\/\/szkoladucha.pl\/sklep\/wp-json\/wp\/v2\/media\/4395"}],"wp:attachment":[{"href":"https:\/\/szkoladucha.pl\/sklep\/wp-json\/wp\/v2\/media?parent=4421"}],"wp:term":[{"taxonomy":"product_brand","embeddable":true,"href":"https:\/\/szkoladucha.pl\/sklep\/wp-json\/wp\/v2\/product_brand?post=4421"},{"taxonomy":"product_cat","embeddable":true,"href":"https:\/\/szkoladucha.pl\/sklep\/wp-json\/wp\/v2\/product_cat?post=4421"},{"taxonomy":"product_tag","embeddable":true,"href":"https:\/\/szkoladucha.pl\/sklep\/wp-json\/wp\/v2\/product_tag?post=4421"}],"curies":[{"name":"wp","href":"https:\/\/api.w.org\/{rel}","templated":true}]}}