{"id":4426,"date":"2021-10-28T14:53:06","date_gmt":"2021-10-28T14:53:06","guid":{"rendered":"https:\/\/szkoladucha.pl\/sklep\/?post_type=product&#038;p=4426"},"modified":"2026-03-27T15:45:20","modified_gmt":"2026-03-27T15:45:20","slug":"uwolnij-swoje-zrodla","status":"publish","type":"product","link":"https:\/\/szkoladucha.pl\/sklep\/produkt\/uwolnij-swoje-zrodla\/","title":{"rendered":"Uwolnij Swoje \u0179r\u00f3d\u0142a!"},"content":{"rendered":"<h2>Masz w sobie \u017ar\u00f3d\u0142a, uwolnij je!<\/h2>\n<p>Jezus powiedzia\u0142, \u017ce \u201cJe\u015bli kto\u015b jest spragniony, niech przyjdzie do Mnie i pije, wierz\u0105c we Mnie. Jak m\u00f3wi Pismo: Z jego wn\u0119trza pop\u0142yn\u0105 strumienie wody daj\u0105cej \u017cycie.\u201d J7,37b \u2013 38a<\/p>\n<p>W swojej ksi\u0105\u017cce Maria pokazuje, czym w praktyce jest odkopywanie ukrytych \u017ar\u00f3de\u0142 i odgruzowywanie zasypanych studni. Daje czytelne wskaz\u00f3wki takie jak: modlitwa w j\u0119zykach, oddawanie Bogu chwa\u0142y, obrona przed nieprzebaczeniem, dzi\u0119kczynienie i wiele innych! Czytaj\u0105c ksi\u0105\u017ck\u0119, zastanawiasz si\u0119: dlaczego wcze\u015bniej o tym nie wiedzia\u0142em, przecie\u017c jest to takie proste do zastosowania! Dodatkowo pomagaj\u0105 nam niezwykle ciekawe przyk\u0142ady i \u015bwiadectwa z jej pos\u0142ugi na ca\u0142ym \u015bwiecie.<\/p>\n<p>Je\u015bli nie wiesz jak zacz\u0105\u0107 chodzi\u0107 aktywnie w Duchu \u015awi\u0119tym, si\u0119gnij po t\u0119 pozycj\u0119! Uwolnij swoje \u017ar\u00f3d\u0142a i wejd\u017a w \u015bwiat duchowych przyg\u00f3d z Bogiem!<\/p>\n","protected":false},"excerpt":{"rendered":"<p>Ksi\u0105\u017cka, kt\u00f3ra nie pozwala pozosta\u0107 oboj\u0119tnym na jej wezwanie. A jest ono jasne: za\u0142\u00f3\u017c na siebie szaty chwa\u0142y i uwierz w Jezusa, aby wyp\u0142yn\u0119\u0142y z ciebie \u017ar\u00f3d\u0142a zbawienia!<\/p>\n<p>&nbsp;<\/p>\n","protected":false},"featured_media":4397,"comment_status":"open","ping_status":"closed","template":"","meta":[],"product_brand":[],"product_cat":[32],"product_tag":[],"class_list":{"0":"post-4426","1":"product","2":"type-product","3":"status-publish","4":"has-post-thumbnail","6":"product_cat-ksiazki","7":"pa_autor-maria-vadia","8":"pa_ilosc-stron-67","9":"pa_isbn-978-83-925569-3-0","10":"pa_jezyk-oryginalu-angielski","11":"pa_rok-wydania-77","12":"pa_tytul-uwolnij-swoje-zrodla","13":"pa_tytul-oryginalny-break-open-your-wells","14":"pa_wydawnictwo-rhema","15":"pa_wymiary-produktu-147x204-mm","16":"sales-flash-overlay","17":"woocommerce-text-align-left","18":"woocommerce-image-align-center","19":"do-quantity-buttons","21":"first","22":"instock","23":"taxable","24":"shipping-taxable","25":"purchasable","26":"product-type-simple"},"bundled_by":["11762","11762","11784"],"bundle_stock_status":"instock","bundle_stock_quantity":null,"bundle_virtual":false,"bundle_layout":"","bundle_add_to_cart_form_location":"","bundle_editable_in_cart":false,"bundle_sold_individually_context":"","bundle_item_grouping":"","bundle_min_size":"","bundle_max_size":"","bundle_price":[],"bundled_items":[],"bundle_sell_ids":[],"yoast_head":"<!-- This site is optimized with the Yoast SEO plugin v27.3 - https:\/\/yoast.com\/product\/yoast-seo-wordpress\/ -->\n<title>Uwolnij Swoje \u0179r\u00f3d\u0142a! - Sklep Szko\u0142a Ducha<\/title>\n<meta name=\"robots\" content=\"index, follow, max-snippet:-1, max-image-preview:large, max-video-preview:-1\" \/>\n<link rel=\"canonical\" href=\"https:\/\/szkoladucha.pl\/sklep\/produkt\/uwolnij-swoje-zrodla\/\" \/>\n<meta property=\"og:locale\" content=\"pl_PL\" \/>\n<meta property=\"og:type\" content=\"article\" \/>\n<meta property=\"og:title\" content=\"Uwolnij Swoje \u0179r\u00f3d\u0142a! - Sklep Szko\u0142a Ducha\" \/>\n<meta property=\"og:description\" content=\"Ksi\u0105\u017cka, kt\u00f3ra nie pozwala pozosta\u0107 oboj\u0119tnym na jej wezwanie. A jest ono jasne: za\u0142\u00f3\u017c na siebie szaty chwa\u0142y i uwierz w Jezusa, aby wyp\u0142yn\u0119\u0142y z ciebie \u017ar\u00f3d\u0142a zbawienia!  &nbsp;\" \/>\n<meta property=\"og:url\" content=\"https:\/\/szkoladucha.pl\/sklep\/produkt\/uwolnij-swoje-zrodla\/\" \/>\n<meta property=\"og:site_name\" content=\"Sklep Szko\u0142a Ducha\" \/>\n<meta property=\"article:modified_time\" content=\"2026-03-27T15:45:20+00:00\" \/>\n<meta property=\"og:image\" content=\"https:\/\/szkoladucha.pl\/sklep\/wp-content\/uploads\/sites\/9\/2021\/10\/Uwolnij-swoje-zrodla-zdjecie1.jpg\" \/>\n\t<meta property=\"og:image:width\" content=\"1200\" \/>\n\t<meta property=\"og:image:height\" content=\"1200\" \/>\n\t<meta property=\"og:image:type\" content=\"image\/jpeg\" \/>\n<meta name=\"twitter:card\" content=\"summary_large_image\" \/>\n<meta name=\"twitter:label1\" content=\"Szacowany czas czytania\" \/>\n\t<meta name=\"twitter:data1\" content=\"1 minuta\" \/>\n<script type=\"application\/ld+json\" class=\"yoast-schema-graph\">{\"@context\":\"https:\\\/\\\/schema.org\",\"@graph\":[{\"@type\":\"WebPage\",\"@id\":\"https:\\\/\\\/szkoladucha.pl\\\/sklep\\\/produkt\\\/uwolnij-swoje-zrodla\\\/\",\"url\":\"https:\\\/\\\/szkoladucha.pl\\\/sklep\\\/produkt\\\/uwolnij-swoje-zrodla\\\/\",\"name\":\"Uwolnij Swoje \u0179r\u00f3d\u0142a! - Sklep Szko\u0142a Ducha\",\"isPartOf\":{\"@id\":\"https:\\\/\\\/szkoladucha.pl\\\/sklep\\\/#website\"},\"primaryImageOfPage\":{\"@id\":\"https:\\\/\\\/szkoladucha.pl\\\/sklep\\\/produkt\\\/uwolnij-swoje-zrodla\\\/#primaryimage\"},\"image\":{\"@id\":\"https:\\\/\\\/szkoladucha.pl\\\/sklep\\\/produkt\\\/uwolnij-swoje-zrodla\\\/#primaryimage\"},\"thumbnailUrl\":\"https:\\\/\\\/szkoladucha.pl\\\/sklep\\\/wp-content\\\/uploads\\\/sites\\\/9\\\/2021\\\/10\\\/Uwolnij-swoje-zrodla-zdjecie1.jpg\",\"datePublished\":\"2021-10-28T14:53:06+00:00\",\"dateModified\":\"2026-03-27T15:45:20+00:00\",\"breadcrumb\":{\"@id\":\"https:\\\/\\\/szkoladucha.pl\\\/sklep\\\/produkt\\\/uwolnij-swoje-zrodla\\\/#breadcrumb\"},\"inLanguage\":\"pl-PL\",\"potentialAction\":[{\"@type\":\"ReadAction\",\"target\":[\"https:\\\/\\\/szkoladucha.pl\\\/sklep\\\/produkt\\\/uwolnij-swoje-zrodla\\\/\"]}]},{\"@type\":\"ImageObject\",\"inLanguage\":\"pl-PL\",\"@id\":\"https:\\\/\\\/szkoladucha.pl\\\/sklep\\\/produkt\\\/uwolnij-swoje-zrodla\\\/#primaryimage\",\"url\":\"https:\\\/\\\/szkoladucha.pl\\\/sklep\\\/wp-content\\\/uploads\\\/sites\\\/9\\\/2021\\\/10\\\/Uwolnij-swoje-zrodla-zdjecie1.jpg\",\"contentUrl\":\"https:\\\/\\\/szkoladucha.pl\\\/sklep\\\/wp-content\\\/uploads\\\/sites\\\/9\\\/2021\\\/10\\\/Uwolnij-swoje-zrodla-zdjecie1.jpg\",\"width\":1200,\"height\":1200,\"caption\":\"Uwolnij Swoje \u0179r\u00f3d\u0142a! ok\u0142adka\"},{\"@type\":\"BreadcrumbList\",\"@id\":\"https:\\\/\\\/szkoladucha.pl\\\/sklep\\\/produkt\\\/uwolnij-swoje-zrodla\\\/#breadcrumb\",\"itemListElement\":[{\"@type\":\"ListItem\",\"position\":1,\"name\":\"Strona G\u0142\u00f3wna\",\"item\":\"https:\\\/\\\/szkoladucha.pl\\\/sklep\\\/\"},{\"@type\":\"ListItem\",\"position\":2,\"name\":\"Wszystkie Produkty\",\"item\":\"https:\\\/\\\/szkoladucha.pl\\\/sklep\\\/\"},{\"@type\":\"ListItem\",\"position\":3,\"name\":\"Uwolnij Swoje \u0179r\u00f3d\u0142a!\"}]},{\"@type\":\"WebSite\",\"@id\":\"https:\\\/\\\/szkoladucha.pl\\\/sklep\\\/#website\",\"url\":\"https:\\\/\\\/szkoladucha.pl\\\/sklep\\\/\",\"name\":\"Sklep Szko\u0142a Ducha\",\"description\":\"Budujemy spo\u0142ecze\u0144stwo, kt\u00f3re tak jak my, \u015bwiadomie post\u0119puje zgodnie z planem.\",\"publisher\":{\"@id\":\"https:\\\/\\\/szkoladucha.pl\\\/sklep\\\/#organization\"},\"potentialAction\":[{\"@type\":\"SearchAction\",\"target\":{\"@type\":\"EntryPoint\",\"urlTemplate\":\"https:\\\/\\\/szkoladucha.pl\\\/sklep\\\/?s={search_term_string}\"},\"query-input\":{\"@type\":\"PropertyValueSpecification\",\"valueRequired\":true,\"valueName\":\"search_term_string\"}}],\"inLanguage\":\"pl-PL\"},{\"@type\":\"Organization\",\"@id\":\"https:\\\/\\\/szkoladucha.pl\\\/sklep\\\/#organization\",\"name\":\"Sklep Szko\u0142a Ducha\",\"url\":\"https:\\\/\\\/szkoladucha.pl\\\/sklep\\\/\",\"logo\":{\"@type\":\"ImageObject\",\"inLanguage\":\"pl-PL\",\"@id\":\"https:\\\/\\\/szkoladucha.pl\\\/sklep\\\/#\\\/schema\\\/logo\\\/image\\\/\",\"url\":\"https:\\\/\\\/szkoladucha.pl\\\/sklep\\\/wp-content\\\/uploads\\\/sites\\\/9\\\/2022\\\/02\\\/Sklep_Szkola_Ducha-Logo.svg\",\"contentUrl\":\"https:\\\/\\\/szkoladucha.pl\\\/sklep\\\/wp-content\\\/uploads\\\/sites\\\/9\\\/2022\\\/02\\\/Sklep_Szkola_Ducha-Logo.svg\",\"width\":100,\"height\":100,\"caption\":\"Sklep Szko\u0142a Ducha\"},\"image\":{\"@id\":\"https:\\\/\\\/szkoladucha.pl\\\/sklep\\\/#\\\/schema\\\/logo\\\/image\\\/\"}}]}<\/script>\n<!-- \/ Yoast SEO plugin. -->","yoast_head_json":{"title":"Uwolnij Swoje \u0179r\u00f3d\u0142a! - Sklep Szko\u0142a Ducha","robots":{"index":"index","follow":"follow","max-snippet":"max-snippet:-1","max-image-preview":"max-image-preview:large","max-video-preview":"max-video-preview:-1"},"canonical":"https:\/\/szkoladucha.pl\/sklep\/produkt\/uwolnij-swoje-zrodla\/","og_locale":"pl_PL","og_type":"article","og_title":"Uwolnij Swoje \u0179r\u00f3d\u0142a! - Sklep Szko\u0142a Ducha","og_description":"Ksi\u0105\u017cka, kt\u00f3ra nie pozwala pozosta\u0107 oboj\u0119tnym na jej wezwanie. A jest ono jasne: za\u0142\u00f3\u017c na siebie szaty chwa\u0142y i uwierz w Jezusa, aby wyp\u0142yn\u0119\u0142y z ciebie \u017ar\u00f3d\u0142a zbawienia!  &nbsp;","og_url":"https:\/\/szkoladucha.pl\/sklep\/produkt\/uwolnij-swoje-zrodla\/","og_site_name":"Sklep Szko\u0142a Ducha","article_modified_time":"2026-03-27T15:45:20+00:00","og_image":[{"width":1200,"height":1200,"url":"https:\/\/szkoladucha.pl\/sklep\/wp-content\/uploads\/sites\/9\/2021\/10\/Uwolnij-swoje-zrodla-zdjecie1.jpg","type":"image\/jpeg"}],"twitter_card":"summary_large_image","twitter_misc":{"Szacowany czas czytania":"1 minuta"},"schema":{"@context":"https:\/\/schema.org","@graph":[{"@type":"WebPage","@id":"https:\/\/szkoladucha.pl\/sklep\/produkt\/uwolnij-swoje-zrodla\/","url":"https:\/\/szkoladucha.pl\/sklep\/produkt\/uwolnij-swoje-zrodla\/","name":"Uwolnij Swoje \u0179r\u00f3d\u0142a! - Sklep Szko\u0142a Ducha","isPartOf":{"@id":"https:\/\/szkoladucha.pl\/sklep\/#website"},"primaryImageOfPage":{"@id":"https:\/\/szkoladucha.pl\/sklep\/produkt\/uwolnij-swoje-zrodla\/#primaryimage"},"image":{"@id":"https:\/\/szkoladucha.pl\/sklep\/produkt\/uwolnij-swoje-zrodla\/#primaryimage"},"thumbnailUrl":"https:\/\/szkoladucha.pl\/sklep\/wp-content\/uploads\/sites\/9\/2021\/10\/Uwolnij-swoje-zrodla-zdjecie1.jpg","datePublished":"2021-10-28T14:53:06+00:00","dateModified":"2026-03-27T15:45:20+00:00","breadcrumb":{"@id":"https:\/\/szkoladucha.pl\/sklep\/produkt\/uwolnij-swoje-zrodla\/#breadcrumb"},"inLanguage":"pl-PL","potentialAction":[{"@type":"ReadAction","target":["https:\/\/szkoladucha.pl\/sklep\/produkt\/uwolnij-swoje-zrodla\/"]}]},{"@type":"ImageObject","inLanguage":"pl-PL","@id":"https:\/\/szkoladucha.pl\/sklep\/produkt\/uwolnij-swoje-zrodla\/#primaryimage","url":"https:\/\/szkoladucha.pl\/sklep\/wp-content\/uploads\/sites\/9\/2021\/10\/Uwolnij-swoje-zrodla-zdjecie1.jpg","contentUrl":"https:\/\/szkoladucha.pl\/sklep\/wp-content\/uploads\/sites\/9\/2021\/10\/Uwolnij-swoje-zrodla-zdjecie1.jpg","width":1200,"height":1200,"caption":"Uwolnij Swoje \u0179r\u00f3d\u0142a! ok\u0142adka"},{"@type":"BreadcrumbList","@id":"https:\/\/szkoladucha.pl\/sklep\/produkt\/uwolnij-swoje-zrodla\/#breadcrumb","itemListElement":[{"@type":"ListItem","position":1,"name":"Strona G\u0142\u00f3wna","item":"https:\/\/szkoladucha.pl\/sklep\/"},{"@type":"ListItem","position":2,"name":"Wszystkie Produkty","item":"https:\/\/szkoladucha.pl\/sklep\/"},{"@type":"ListItem","position":3,"name":"Uwolnij Swoje \u0179r\u00f3d\u0142a!"}]},{"@type":"WebSite","@id":"https:\/\/szkoladucha.pl\/sklep\/#website","url":"https:\/\/szkoladucha.pl\/sklep\/","name":"Sklep Szko\u0142a Ducha","description":"Budujemy spo\u0142ecze\u0144stwo, kt\u00f3re tak jak my, \u015bwiadomie post\u0119puje zgodnie z planem.","publisher":{"@id":"https:\/\/szkoladucha.pl\/sklep\/#organization"},"potentialAction":[{"@type":"SearchAction","target":{"@type":"EntryPoint","urlTemplate":"https:\/\/szkoladucha.pl\/sklep\/?s={search_term_string}"},"query-input":{"@type":"PropertyValueSpecification","valueRequired":true,"valueName":"search_term_string"}}],"inLanguage":"pl-PL"},{"@type":"Organization","@id":"https:\/\/szkoladucha.pl\/sklep\/#organization","name":"Sklep Szko\u0142a Ducha","url":"https:\/\/szkoladucha.pl\/sklep\/","logo":{"@type":"ImageObject","inLanguage":"pl-PL","@id":"https:\/\/szkoladucha.pl\/sklep\/#\/schema\/logo\/image\/","url":"https:\/\/szkoladucha.pl\/sklep\/wp-content\/uploads\/sites\/9\/2022\/02\/Sklep_Szkola_Ducha-Logo.svg","contentUrl":"https:\/\/szkoladucha.pl\/sklep\/wp-content\/uploads\/sites\/9\/2022\/02\/Sklep_Szkola_Ducha-Logo.svg","width":100,"height":100,"caption":"Sklep Szko\u0142a Ducha"},"image":{"@id":"https:\/\/szkoladucha.pl\/sklep\/#\/schema\/logo\/image\/"}}]}},"_links":{"self":[{"href":"https:\/\/szkoladucha.pl\/sklep\/wp-json\/wp\/v2\/product\/4426","targetHints":{"allow":["GET"]}}],"collection":[{"href":"https:\/\/szkoladucha.pl\/sklep\/wp-json\/wp\/v2\/product"}],"about":[{"href":"https:\/\/szkoladucha.pl\/sklep\/wp-json\/wp\/v2\/types\/product"}],"replies":[{"embeddable":true,"href":"https:\/\/szkoladucha.pl\/sklep\/wp-json\/wp\/v2\/comments?post=4426"}],"wp:featuredmedia":[{"embeddable":true,"href":"https:\/\/szkoladucha.pl\/sklep\/wp-json\/wp\/v2\/media\/4397"}],"wp:attachment":[{"href":"https:\/\/szkoladucha.pl\/sklep\/wp-json\/wp\/v2\/media?parent=4426"}],"wp:term":[{"taxonomy":"product_brand","embeddable":true,"href":"https:\/\/szkoladucha.pl\/sklep\/wp-json\/wp\/v2\/product_brand?post=4426"},{"taxonomy":"product_cat","embeddable":true,"href":"https:\/\/szkoladucha.pl\/sklep\/wp-json\/wp\/v2\/product_cat?post=4426"},{"taxonomy":"product_tag","embeddable":true,"href":"https:\/\/szkoladucha.pl\/sklep\/wp-json\/wp\/v2\/product_tag?post=4426"}],"curies":[{"name":"wp","href":"https:\/\/api.w.org\/{rel}","templated":true}]}}