{"id":4447,"date":"2021-10-28T15:12:23","date_gmt":"2021-10-28T15:12:23","guid":{"rendered":"https:\/\/szkoladucha.pl\/sklep\/?post_type=product&#038;p=4447"},"modified":"2026-02-19T07:57:52","modified_gmt":"2026-02-19T07:57:52","slug":"filtr-przeciwsloneczny","status":"publish","type":"product","link":"https:\/\/szkoladucha.pl\/sklep\/produkt\/filtr-przeciwsloneczny\/","title":{"rendered":"Filtr przeciws\u0142oneczny"},"content":{"rendered":"<h2>Sprawd\u017a czy te\u017c tego nie robisz.<\/h2>\n<p>To bardzo prawdziwa ksi\u0105\u017cka! Jest napisana przez dr Carol Razz\u0119 \u2013 psychologa z kilkudziesi\u0119cioletnim do\u015bwiadczeniem, kt\u00f3ra ju\u017c na wst\u0119pie m\u00f3wi, \u017ce psychologia nie mo\u017ce ci\u0119 uleczy\u0107, mo\u017ce zrobi\u0107 to jedynie B\u00f3g.<\/p>\n<p>Wielu ludzi, nawet gorliwych chrze\u015bcijan, odczuwa w swojej duszy b\u00f3l, z kt\u00f3rym sobie nie mog\u0105 poradzi\u0107. Z\u0142agodzenia tego b\u00f3lu lub jego wyeliminowania szukaj\u0105 w \u0142atwo dost\u0119pnych miejscach w \u015bwiecie i przez to buduj\u0105 wok\u00f3\u0142 siebie tarcz\u0119, kt\u00f3ra zamyka ich na Bo\u017c\u0105 \u0142ask\u0119.<\/p>\n<p>Sama autorka pisze o swojej ksi\u0105\u017cce, \u017ce jej celem jest \u201codkrycie najcz\u0119\u015bciej spotykanych blokad, oddzielaj\u0105cych nas od Pana\u2026 i usuni\u0119cie ich przy pomocy S\u0142owa Bo\u017cego.\u201d<\/p>\n<p>Je\u015bli potrzebujesz pomocy, we\u017a do r\u0119ki ksi\u0105\u017ck\u0119 i daj si\u0119 poprowadzi\u0107 do Jezusa, kt\u00f3rego \u015bwiat\u0142o mo\u017ce uzdrowi\u0107 ci\u0119 na o wiele g\u0142\u0119bszym poziomie ni\u017c jakikolwiek psycholog.<\/p>\n","protected":false},"excerpt":{"rendered":"<p>\u2026 czyli jak chrze\u015bcijanie nie\u015bwiadomie zamykaj\u0105 si\u0119 na \u0142ask\u0119 Bo\u017c\u0105.<\/p>\n","protected":false},"featured_media":4451,"comment_status":"open","ping_status":"closed","template":"","meta":[],"product_brand":[],"product_cat":[32],"product_tag":[],"class_list":{"0":"post-4447","1":"product","2":"type-product","3":"status-publish","4":"has-post-thumbnail","6":"product_cat-ksiazki","7":"pa_autor-dr-carol-razza","8":"pa_ilosc-stron-93","9":"pa_isbn-978-83-925570-0-5","10":"pa_jezyk-oryginalu-angielski","11":"pa_rok-wydania-77","12":"pa_tytul-filtr-przeciwsloneczny","13":"pa_tytul-oryginalny-sonblock","14":"pa_wydawnictwo-rhema","15":"pa_wymiary-produktu-147x204-mm","16":"sales-flash-overlay","17":"woocommerce-text-align-left","18":"woocommerce-image-align-center","19":"do-quantity-buttons","21":"first","22":"outofstock","23":"taxable","24":"shipping-taxable","25":"purchasable","26":"product-type-simple"},"bundled_by":["11762","11763","11784","11786"],"bundle_stock_status":"outofstock","bundle_stock_quantity":null,"bundle_virtual":false,"bundle_layout":"","bundle_add_to_cart_form_location":"","bundle_editable_in_cart":false,"bundle_sold_individually_context":"","bundle_item_grouping":"","bundle_min_size":"","bundle_max_size":"","bundle_price":[],"bundled_items":[],"bundle_sell_ids":[],"yoast_head":"<!-- This site is optimized with the Yoast SEO plugin v27.3 - https:\/\/yoast.com\/product\/yoast-seo-wordpress\/ -->\n<title>Filtr przeciws\u0142oneczny - Sklep Szko\u0142a Ducha<\/title>\n<meta name=\"robots\" content=\"index, follow, max-snippet:-1, max-image-preview:large, max-video-preview:-1\" \/>\n<link rel=\"canonical\" href=\"https:\/\/szkoladucha.pl\/sklep\/produkt\/filtr-przeciwsloneczny\/\" \/>\n<meta property=\"og:locale\" content=\"pl_PL\" \/>\n<meta property=\"og:type\" content=\"article\" \/>\n<meta property=\"og:title\" content=\"Filtr przeciws\u0142oneczny - Sklep Szko\u0142a Ducha\" \/>\n<meta property=\"og:description\" content=\"\u2026 czyli jak chrze\u015bcijanie nie\u015bwiadomie zamykaj\u0105 si\u0119 na \u0142ask\u0119 Bo\u017c\u0105.\" \/>\n<meta property=\"og:url\" content=\"https:\/\/szkoladucha.pl\/sklep\/produkt\/filtr-przeciwsloneczny\/\" \/>\n<meta property=\"og:site_name\" content=\"Sklep Szko\u0142a Ducha\" \/>\n<meta property=\"article:modified_time\" content=\"2026-02-19T07:57:52+00:00\" \/>\n<meta property=\"og:image\" content=\"https:\/\/szkoladucha.pl\/sklep\/wp-content\/uploads\/sites\/9\/2021\/10\/Filtr-przeciwsloneczny-zdjecie1.jpg\" \/>\n\t<meta property=\"og:image:width\" content=\"1200\" \/>\n\t<meta property=\"og:image:height\" content=\"1200\" \/>\n\t<meta property=\"og:image:type\" content=\"image\/jpeg\" \/>\n<meta name=\"twitter:card\" content=\"summary_large_image\" \/>\n<meta name=\"twitter:label1\" content=\"Szacowany czas czytania\" \/>\n\t<meta name=\"twitter:data1\" content=\"1 minuta\" \/>\n<script type=\"application\/ld+json\" class=\"yoast-schema-graph\">{\"@context\":\"https:\\\/\\\/schema.org\",\"@graph\":[{\"@type\":\"WebPage\",\"@id\":\"https:\\\/\\\/szkoladucha.pl\\\/sklep\\\/produkt\\\/filtr-przeciwsloneczny\\\/\",\"url\":\"https:\\\/\\\/szkoladucha.pl\\\/sklep\\\/produkt\\\/filtr-przeciwsloneczny\\\/\",\"name\":\"Filtr przeciws\u0142oneczny - Sklep Szko\u0142a Ducha\",\"isPartOf\":{\"@id\":\"https:\\\/\\\/szkoladucha.pl\\\/sklep\\\/#website\"},\"primaryImageOfPage\":{\"@id\":\"https:\\\/\\\/szkoladucha.pl\\\/sklep\\\/produkt\\\/filtr-przeciwsloneczny\\\/#primaryimage\"},\"image\":{\"@id\":\"https:\\\/\\\/szkoladucha.pl\\\/sklep\\\/produkt\\\/filtr-przeciwsloneczny\\\/#primaryimage\"},\"thumbnailUrl\":\"https:\\\/\\\/szkoladucha.pl\\\/sklep\\\/wp-content\\\/uploads\\\/sites\\\/9\\\/2021\\\/10\\\/Filtr-przeciwsloneczny-zdjecie1.jpg\",\"datePublished\":\"2021-10-28T15:12:23+00:00\",\"dateModified\":\"2026-02-19T07:57:52+00:00\",\"breadcrumb\":{\"@id\":\"https:\\\/\\\/szkoladucha.pl\\\/sklep\\\/produkt\\\/filtr-przeciwsloneczny\\\/#breadcrumb\"},\"inLanguage\":\"pl-PL\",\"potentialAction\":[{\"@type\":\"ReadAction\",\"target\":[\"https:\\\/\\\/szkoladucha.pl\\\/sklep\\\/produkt\\\/filtr-przeciwsloneczny\\\/\"]}]},{\"@type\":\"ImageObject\",\"inLanguage\":\"pl-PL\",\"@id\":\"https:\\\/\\\/szkoladucha.pl\\\/sklep\\\/produkt\\\/filtr-przeciwsloneczny\\\/#primaryimage\",\"url\":\"https:\\\/\\\/szkoladucha.pl\\\/sklep\\\/wp-content\\\/uploads\\\/sites\\\/9\\\/2021\\\/10\\\/Filtr-przeciwsloneczny-zdjecie1.jpg\",\"contentUrl\":\"https:\\\/\\\/szkoladucha.pl\\\/sklep\\\/wp-content\\\/uploads\\\/sites\\\/9\\\/2021\\\/10\\\/Filtr-przeciwsloneczny-zdjecie1.jpg\",\"width\":1200,\"height\":1200,\"caption\":\"Filtr przeciws\u0142oneczny ok\u0142adka\"},{\"@type\":\"BreadcrumbList\",\"@id\":\"https:\\\/\\\/szkoladucha.pl\\\/sklep\\\/produkt\\\/filtr-przeciwsloneczny\\\/#breadcrumb\",\"itemListElement\":[{\"@type\":\"ListItem\",\"position\":1,\"name\":\"Strona G\u0142\u00f3wna\",\"item\":\"https:\\\/\\\/szkoladucha.pl\\\/sklep\\\/\"},{\"@type\":\"ListItem\",\"position\":2,\"name\":\"Wszystkie Produkty\",\"item\":\"https:\\\/\\\/szkoladucha.pl\\\/sklep\\\/\"},{\"@type\":\"ListItem\",\"position\":3,\"name\":\"Filtr przeciws\u0142oneczny\"}]},{\"@type\":\"WebSite\",\"@id\":\"https:\\\/\\\/szkoladucha.pl\\\/sklep\\\/#website\",\"url\":\"https:\\\/\\\/szkoladucha.pl\\\/sklep\\\/\",\"name\":\"Sklep Szko\u0142a Ducha\",\"description\":\"Budujemy spo\u0142ecze\u0144stwo, kt\u00f3re tak jak my, \u015bwiadomie post\u0119puje zgodnie z planem.\",\"publisher\":{\"@id\":\"https:\\\/\\\/szkoladucha.pl\\\/sklep\\\/#organization\"},\"potentialAction\":[{\"@type\":\"SearchAction\",\"target\":{\"@type\":\"EntryPoint\",\"urlTemplate\":\"https:\\\/\\\/szkoladucha.pl\\\/sklep\\\/?s={search_term_string}\"},\"query-input\":{\"@type\":\"PropertyValueSpecification\",\"valueRequired\":true,\"valueName\":\"search_term_string\"}}],\"inLanguage\":\"pl-PL\"},{\"@type\":\"Organization\",\"@id\":\"https:\\\/\\\/szkoladucha.pl\\\/sklep\\\/#organization\",\"name\":\"Sklep Szko\u0142a Ducha\",\"url\":\"https:\\\/\\\/szkoladucha.pl\\\/sklep\\\/\",\"logo\":{\"@type\":\"ImageObject\",\"inLanguage\":\"pl-PL\",\"@id\":\"https:\\\/\\\/szkoladucha.pl\\\/sklep\\\/#\\\/schema\\\/logo\\\/image\\\/\",\"url\":\"https:\\\/\\\/szkoladucha.pl\\\/sklep\\\/wp-content\\\/uploads\\\/sites\\\/9\\\/2022\\\/02\\\/Sklep_Szkola_Ducha-Logo.svg\",\"contentUrl\":\"https:\\\/\\\/szkoladucha.pl\\\/sklep\\\/wp-content\\\/uploads\\\/sites\\\/9\\\/2022\\\/02\\\/Sklep_Szkola_Ducha-Logo.svg\",\"width\":100,\"height\":100,\"caption\":\"Sklep Szko\u0142a Ducha\"},\"image\":{\"@id\":\"https:\\\/\\\/szkoladucha.pl\\\/sklep\\\/#\\\/schema\\\/logo\\\/image\\\/\"}}]}<\/script>\n<!-- \/ Yoast SEO plugin. -->","yoast_head_json":{"title":"Filtr przeciws\u0142oneczny - Sklep Szko\u0142a Ducha","robots":{"index":"index","follow":"follow","max-snippet":"max-snippet:-1","max-image-preview":"max-image-preview:large","max-video-preview":"max-video-preview:-1"},"canonical":"https:\/\/szkoladucha.pl\/sklep\/produkt\/filtr-przeciwsloneczny\/","og_locale":"pl_PL","og_type":"article","og_title":"Filtr przeciws\u0142oneczny - Sklep Szko\u0142a Ducha","og_description":"\u2026 czyli jak chrze\u015bcijanie nie\u015bwiadomie zamykaj\u0105 si\u0119 na \u0142ask\u0119 Bo\u017c\u0105.","og_url":"https:\/\/szkoladucha.pl\/sklep\/produkt\/filtr-przeciwsloneczny\/","og_site_name":"Sklep Szko\u0142a Ducha","article_modified_time":"2026-02-19T07:57:52+00:00","og_image":[{"width":1200,"height":1200,"url":"https:\/\/szkoladucha.pl\/sklep\/wp-content\/uploads\/sites\/9\/2021\/10\/Filtr-przeciwsloneczny-zdjecie1.jpg","type":"image\/jpeg"}],"twitter_card":"summary_large_image","twitter_misc":{"Szacowany czas czytania":"1 minuta"},"schema":{"@context":"https:\/\/schema.org","@graph":[{"@type":"WebPage","@id":"https:\/\/szkoladucha.pl\/sklep\/produkt\/filtr-przeciwsloneczny\/","url":"https:\/\/szkoladucha.pl\/sklep\/produkt\/filtr-przeciwsloneczny\/","name":"Filtr przeciws\u0142oneczny - Sklep Szko\u0142a Ducha","isPartOf":{"@id":"https:\/\/szkoladucha.pl\/sklep\/#website"},"primaryImageOfPage":{"@id":"https:\/\/szkoladucha.pl\/sklep\/produkt\/filtr-przeciwsloneczny\/#primaryimage"},"image":{"@id":"https:\/\/szkoladucha.pl\/sklep\/produkt\/filtr-przeciwsloneczny\/#primaryimage"},"thumbnailUrl":"https:\/\/szkoladucha.pl\/sklep\/wp-content\/uploads\/sites\/9\/2021\/10\/Filtr-przeciwsloneczny-zdjecie1.jpg","datePublished":"2021-10-28T15:12:23+00:00","dateModified":"2026-02-19T07:57:52+00:00","breadcrumb":{"@id":"https:\/\/szkoladucha.pl\/sklep\/produkt\/filtr-przeciwsloneczny\/#breadcrumb"},"inLanguage":"pl-PL","potentialAction":[{"@type":"ReadAction","target":["https:\/\/szkoladucha.pl\/sklep\/produkt\/filtr-przeciwsloneczny\/"]}]},{"@type":"ImageObject","inLanguage":"pl-PL","@id":"https:\/\/szkoladucha.pl\/sklep\/produkt\/filtr-przeciwsloneczny\/#primaryimage","url":"https:\/\/szkoladucha.pl\/sklep\/wp-content\/uploads\/sites\/9\/2021\/10\/Filtr-przeciwsloneczny-zdjecie1.jpg","contentUrl":"https:\/\/szkoladucha.pl\/sklep\/wp-content\/uploads\/sites\/9\/2021\/10\/Filtr-przeciwsloneczny-zdjecie1.jpg","width":1200,"height":1200,"caption":"Filtr przeciws\u0142oneczny ok\u0142adka"},{"@type":"BreadcrumbList","@id":"https:\/\/szkoladucha.pl\/sklep\/produkt\/filtr-przeciwsloneczny\/#breadcrumb","itemListElement":[{"@type":"ListItem","position":1,"name":"Strona G\u0142\u00f3wna","item":"https:\/\/szkoladucha.pl\/sklep\/"},{"@type":"ListItem","position":2,"name":"Wszystkie Produkty","item":"https:\/\/szkoladucha.pl\/sklep\/"},{"@type":"ListItem","position":3,"name":"Filtr przeciws\u0142oneczny"}]},{"@type":"WebSite","@id":"https:\/\/szkoladucha.pl\/sklep\/#website","url":"https:\/\/szkoladucha.pl\/sklep\/","name":"Sklep Szko\u0142a Ducha","description":"Budujemy spo\u0142ecze\u0144stwo, kt\u00f3re tak jak my, \u015bwiadomie post\u0119puje zgodnie z planem.","publisher":{"@id":"https:\/\/szkoladucha.pl\/sklep\/#organization"},"potentialAction":[{"@type":"SearchAction","target":{"@type":"EntryPoint","urlTemplate":"https:\/\/szkoladucha.pl\/sklep\/?s={search_term_string}"},"query-input":{"@type":"PropertyValueSpecification","valueRequired":true,"valueName":"search_term_string"}}],"inLanguage":"pl-PL"},{"@type":"Organization","@id":"https:\/\/szkoladucha.pl\/sklep\/#organization","name":"Sklep Szko\u0142a Ducha","url":"https:\/\/szkoladucha.pl\/sklep\/","logo":{"@type":"ImageObject","inLanguage":"pl-PL","@id":"https:\/\/szkoladucha.pl\/sklep\/#\/schema\/logo\/image\/","url":"https:\/\/szkoladucha.pl\/sklep\/wp-content\/uploads\/sites\/9\/2022\/02\/Sklep_Szkola_Ducha-Logo.svg","contentUrl":"https:\/\/szkoladucha.pl\/sklep\/wp-content\/uploads\/sites\/9\/2022\/02\/Sklep_Szkola_Ducha-Logo.svg","width":100,"height":100,"caption":"Sklep Szko\u0142a Ducha"},"image":{"@id":"https:\/\/szkoladucha.pl\/sklep\/#\/schema\/logo\/image\/"}}]}},"_links":{"self":[{"href":"https:\/\/szkoladucha.pl\/sklep\/wp-json\/wp\/v2\/product\/4447","targetHints":{"allow":["GET"]}}],"collection":[{"href":"https:\/\/szkoladucha.pl\/sklep\/wp-json\/wp\/v2\/product"}],"about":[{"href":"https:\/\/szkoladucha.pl\/sklep\/wp-json\/wp\/v2\/types\/product"}],"replies":[{"embeddable":true,"href":"https:\/\/szkoladucha.pl\/sklep\/wp-json\/wp\/v2\/comments?post=4447"}],"wp:featuredmedia":[{"embeddable":true,"href":"https:\/\/szkoladucha.pl\/sklep\/wp-json\/wp\/v2\/media\/4451"}],"wp:attachment":[{"href":"https:\/\/szkoladucha.pl\/sklep\/wp-json\/wp\/v2\/media?parent=4447"}],"wp:term":[{"taxonomy":"product_brand","embeddable":true,"href":"https:\/\/szkoladucha.pl\/sklep\/wp-json\/wp\/v2\/product_brand?post=4447"},{"taxonomy":"product_cat","embeddable":true,"href":"https:\/\/szkoladucha.pl\/sklep\/wp-json\/wp\/v2\/product_cat?post=4447"},{"taxonomy":"product_tag","embeddable":true,"href":"https:\/\/szkoladucha.pl\/sklep\/wp-json\/wp\/v2\/product_tag?post=4447"}],"curies":[{"name":"wp","href":"https:\/\/api.w.org\/{rel}","templated":true}]}}