{"id":4568,"date":"2021-11-05T12:50:40","date_gmt":"2021-11-05T12:50:40","guid":{"rendered":"https:\/\/szkoladucha.pl\/sklep\/?post_type=product&#038;p=4568"},"modified":"2026-01-09T15:45:06","modified_gmt":"2026-01-09T15:45:06","slug":"e-book-metamorfoza-umyslu-kurs-przemiany-myslenia","status":"publish","type":"product","link":"https:\/\/szkoladucha.pl\/sklep\/produkt\/e-book-metamorfoza-umyslu-kurs-przemiany-myslenia\/","title":{"rendered":"E-book &#8211; Metamorfoza Umys\u0142u. Kurs Przemiany My\u015blenia."},"content":{"rendered":"<h2>Metamorfoza Umys\u0142u &#8211; Kurs przemiany my\u015blenia!<\/h2>\n<p>KURS PRZEMIANY MY\u015aLENIA, KT\u00d3RY POKA\u017bE CI JAK WIELE RZECZY ROBISZ Z AUTOMATU I JAK TOZMIENI\u0106!<\/p>\n<p>Nie ma z\u0142otej rady, kt\u00f3ra natychmiast zmieni Twoje \u017cycie na lepsze, bo jak emocje opadn\u0105 wszystko wr\u00f3ci do starej normy. Kurso-ksi\u0105\u017ck\u0119 napisa\u0142am po to, \u017ceby nauczy\u0107 Ci\u0119 jak zmieni\u0107 swoje \u017cycie przez zmian\u0119 sposobu my\u015blenia.<\/p>\n<p>Kurs przemiany my\u015blenia to fascynuj\u0105ca przygoda, w kt\u00f3rej lepiej poznasz samego siebie. Poka\u017c\u0119 ci jak dzia\u0142aj\u0105 twoje my\u015bli i jak powinno si\u0119 z nimi obchodzi\u0107. Dowiesz si\u0119, co mo\u017cesz zrobi\u0107, \u017ceby je z\u0142apa\u0107 i przyj\u0105\u0107 albo odrzuci\u0107. B\u0119d\u0119 ci\u0119 ci\u0105gle motywowa\u0107 do tego, \u017ceby\u015b dokopa\u0142 si\u0119 do \u017ar\u00f3d\u0142a swoich trudno\u015bci a nie walczy\u0142 z ich objawami.<\/p>\n<p>&nbsp;<\/p>\n","protected":false},"excerpt":{"rendered":"<p>Ebook w formacie PDF.<\/p>\n","protected":false},"featured_media":5122,"comment_status":"open","ping_status":"closed","template":"","meta":[],"product_brand":[],"product_cat":[127,32],"product_tag":[],"class_list":{"0":"post-4568","1":"product","2":"type-product","3":"status-publish","4":"has-post-thumbnail","6":"product_cat-ebooki","7":"product_cat-ksiazki","8":"pa_autor-dr-anna-saj","9":"pa_ilosc-stron-43","10":"pa_isbn-978-83-950122-0-4","11":"pa_rok-wydania-46","12":"pa_tytul-metamorfoza-umyslu-kurs-przemiany-myslenia","13":"pa_wydawnictwo-rhema","14":"pa_wymiary-produktu-147x204-mm","15":"sales-flash-overlay","16":"woocommerce-text-align-left","17":"woocommerce-image-align-center","18":"do-quantity-buttons","19":"wc-has-gallery","21":"first","22":"instock","23":"downloadable","24":"virtual","25":"taxable","26":"purchasable","27":"product-type-simple"},"bundled_by":[],"bundle_stock_status":"instock","bundle_stock_quantity":null,"bundle_virtual":false,"bundle_layout":"","bundle_add_to_cart_form_location":"","bundle_editable_in_cart":false,"bundle_sold_individually_context":"","bundle_item_grouping":"","bundle_min_size":"","bundle_max_size":"","bundle_price":[],"bundled_items":[],"bundle_sell_ids":[],"yoast_head":"<!-- This site is optimized with the Yoast SEO plugin v27.3 - https:\/\/yoast.com\/product\/yoast-seo-wordpress\/ -->\n<title>E-book - Metamorfoza Umys\u0142u. Kurs Przemiany My\u015blenia. - Sklep Szko\u0142a Ducha<\/title>\n<meta name=\"robots\" content=\"index, follow, max-snippet:-1, max-image-preview:large, max-video-preview:-1\" \/>\n<link rel=\"canonical\" href=\"https:\/\/szkoladucha.pl\/sklep\/produkt\/e-book-metamorfoza-umyslu-kurs-przemiany-myslenia\/\" \/>\n<meta property=\"og:locale\" content=\"pl_PL\" \/>\n<meta property=\"og:type\" content=\"article\" \/>\n<meta property=\"og:title\" content=\"E-book - Metamorfoza Umys\u0142u. Kurs Przemiany My\u015blenia. - Sklep Szko\u0142a Ducha\" \/>\n<meta property=\"og:description\" content=\"Ebook w formacie PDF.\" \/>\n<meta property=\"og:url\" content=\"https:\/\/szkoladucha.pl\/sklep\/produkt\/e-book-metamorfoza-umyslu-kurs-przemiany-myslenia\/\" \/>\n<meta property=\"og:site_name\" content=\"Sklep Szko\u0142a Ducha\" \/>\n<meta property=\"article:modified_time\" content=\"2026-01-09T15:45:06+00:00\" \/>\n<meta property=\"og:image\" content=\"https:\/\/szkoladucha.pl\/sklep\/wp-content\/uploads\/sites\/9\/2021\/11\/Ebook-metamorfoza-umyslu-zdjecie-1.jpg\" \/>\n\t<meta property=\"og:image:width\" content=\"1200\" \/>\n\t<meta property=\"og:image:height\" content=\"1200\" \/>\n\t<meta property=\"og:image:type\" content=\"image\/jpeg\" \/>\n<meta name=\"twitter:card\" content=\"summary_large_image\" \/>\n<meta name=\"twitter:label1\" content=\"Szacowany czas czytania\" \/>\n\t<meta name=\"twitter:data1\" content=\"1 minuta\" \/>\n<script type=\"application\/ld+json\" class=\"yoast-schema-graph\">{\"@context\":\"https:\\\/\\\/schema.org\",\"@graph\":[{\"@type\":\"WebPage\",\"@id\":\"https:\\\/\\\/szkoladucha.pl\\\/sklep\\\/produkt\\\/e-book-metamorfoza-umyslu-kurs-przemiany-myslenia\\\/\",\"url\":\"https:\\\/\\\/szkoladucha.pl\\\/sklep\\\/produkt\\\/e-book-metamorfoza-umyslu-kurs-przemiany-myslenia\\\/\",\"name\":\"E-book - Metamorfoza Umys\u0142u. Kurs Przemiany My\u015blenia. - Sklep Szko\u0142a Ducha\",\"isPartOf\":{\"@id\":\"https:\\\/\\\/szkoladucha.pl\\\/sklep\\\/#website\"},\"primaryImageOfPage\":{\"@id\":\"https:\\\/\\\/szkoladucha.pl\\\/sklep\\\/produkt\\\/e-book-metamorfoza-umyslu-kurs-przemiany-myslenia\\\/#primaryimage\"},\"image\":{\"@id\":\"https:\\\/\\\/szkoladucha.pl\\\/sklep\\\/produkt\\\/e-book-metamorfoza-umyslu-kurs-przemiany-myslenia\\\/#primaryimage\"},\"thumbnailUrl\":\"https:\\\/\\\/szkoladucha.pl\\\/sklep\\\/wp-content\\\/uploads\\\/sites\\\/9\\\/2021\\\/11\\\/Ebook-metamorfoza-umyslu-zdjecie-1.jpg\",\"datePublished\":\"2021-11-05T12:50:40+00:00\",\"dateModified\":\"2026-01-09T15:45:06+00:00\",\"breadcrumb\":{\"@id\":\"https:\\\/\\\/szkoladucha.pl\\\/sklep\\\/produkt\\\/e-book-metamorfoza-umyslu-kurs-przemiany-myslenia\\\/#breadcrumb\"},\"inLanguage\":\"pl-PL\",\"potentialAction\":[{\"@type\":\"ReadAction\",\"target\":[\"https:\\\/\\\/szkoladucha.pl\\\/sklep\\\/produkt\\\/e-book-metamorfoza-umyslu-kurs-przemiany-myslenia\\\/\"]}]},{\"@type\":\"ImageObject\",\"inLanguage\":\"pl-PL\",\"@id\":\"https:\\\/\\\/szkoladucha.pl\\\/sklep\\\/produkt\\\/e-book-metamorfoza-umyslu-kurs-przemiany-myslenia\\\/#primaryimage\",\"url\":\"https:\\\/\\\/szkoladucha.pl\\\/sklep\\\/wp-content\\\/uploads\\\/sites\\\/9\\\/2021\\\/11\\\/Ebook-metamorfoza-umyslu-zdjecie-1.jpg\",\"contentUrl\":\"https:\\\/\\\/szkoladucha.pl\\\/sklep\\\/wp-content\\\/uploads\\\/sites\\\/9\\\/2021\\\/11\\\/Ebook-metamorfoza-umyslu-zdjecie-1.jpg\",\"width\":1200,\"height\":1200,\"caption\":\"E-book Metamorfoza Umyslu\"},{\"@type\":\"BreadcrumbList\",\"@id\":\"https:\\\/\\\/szkoladucha.pl\\\/sklep\\\/produkt\\\/e-book-metamorfoza-umyslu-kurs-przemiany-myslenia\\\/#breadcrumb\",\"itemListElement\":[{\"@type\":\"ListItem\",\"position\":1,\"name\":\"Strona G\u0142\u00f3wna\",\"item\":\"https:\\\/\\\/szkoladucha.pl\\\/sklep\\\/\"},{\"@type\":\"ListItem\",\"position\":2,\"name\":\"Wszystkie Produkty\",\"item\":\"https:\\\/\\\/szkoladucha.pl\\\/sklep\\\/\"},{\"@type\":\"ListItem\",\"position\":3,\"name\":\"E-book &#8211; Metamorfoza Umys\u0142u. Kurs Przemiany My\u015blenia.\"}]},{\"@type\":\"WebSite\",\"@id\":\"https:\\\/\\\/szkoladucha.pl\\\/sklep\\\/#website\",\"url\":\"https:\\\/\\\/szkoladucha.pl\\\/sklep\\\/\",\"name\":\"Sklep Szko\u0142a Ducha\",\"description\":\"Budujemy spo\u0142ecze\u0144stwo, kt\u00f3re tak jak my, \u015bwiadomie post\u0119puje zgodnie z planem.\",\"publisher\":{\"@id\":\"https:\\\/\\\/szkoladucha.pl\\\/sklep\\\/#organization\"},\"potentialAction\":[{\"@type\":\"SearchAction\",\"target\":{\"@type\":\"EntryPoint\",\"urlTemplate\":\"https:\\\/\\\/szkoladucha.pl\\\/sklep\\\/?s={search_term_string}\"},\"query-input\":{\"@type\":\"PropertyValueSpecification\",\"valueRequired\":true,\"valueName\":\"search_term_string\"}}],\"inLanguage\":\"pl-PL\"},{\"@type\":\"Organization\",\"@id\":\"https:\\\/\\\/szkoladucha.pl\\\/sklep\\\/#organization\",\"name\":\"Sklep Szko\u0142a Ducha\",\"url\":\"https:\\\/\\\/szkoladucha.pl\\\/sklep\\\/\",\"logo\":{\"@type\":\"ImageObject\",\"inLanguage\":\"pl-PL\",\"@id\":\"https:\\\/\\\/szkoladucha.pl\\\/sklep\\\/#\\\/schema\\\/logo\\\/image\\\/\",\"url\":\"https:\\\/\\\/szkoladucha.pl\\\/sklep\\\/wp-content\\\/uploads\\\/sites\\\/9\\\/2022\\\/02\\\/Sklep_Szkola_Ducha-Logo.svg\",\"contentUrl\":\"https:\\\/\\\/szkoladucha.pl\\\/sklep\\\/wp-content\\\/uploads\\\/sites\\\/9\\\/2022\\\/02\\\/Sklep_Szkola_Ducha-Logo.svg\",\"width\":100,\"height\":100,\"caption\":\"Sklep Szko\u0142a Ducha\"},\"image\":{\"@id\":\"https:\\\/\\\/szkoladucha.pl\\\/sklep\\\/#\\\/schema\\\/logo\\\/image\\\/\"}}]}<\/script>\n<!-- \/ Yoast SEO plugin. -->","yoast_head_json":{"title":"E-book - Metamorfoza Umys\u0142u. Kurs Przemiany My\u015blenia. - Sklep Szko\u0142a Ducha","robots":{"index":"index","follow":"follow","max-snippet":"max-snippet:-1","max-image-preview":"max-image-preview:large","max-video-preview":"max-video-preview:-1"},"canonical":"https:\/\/szkoladucha.pl\/sklep\/produkt\/e-book-metamorfoza-umyslu-kurs-przemiany-myslenia\/","og_locale":"pl_PL","og_type":"article","og_title":"E-book - Metamorfoza Umys\u0142u. Kurs Przemiany My\u015blenia. - Sklep Szko\u0142a Ducha","og_description":"Ebook w formacie PDF.","og_url":"https:\/\/szkoladucha.pl\/sklep\/produkt\/e-book-metamorfoza-umyslu-kurs-przemiany-myslenia\/","og_site_name":"Sklep Szko\u0142a Ducha","article_modified_time":"2026-01-09T15:45:06+00:00","og_image":[{"width":1200,"height":1200,"url":"https:\/\/szkoladucha.pl\/sklep\/wp-content\/uploads\/sites\/9\/2021\/11\/Ebook-metamorfoza-umyslu-zdjecie-1.jpg","type":"image\/jpeg"}],"twitter_card":"summary_large_image","twitter_misc":{"Szacowany czas czytania":"1 minuta"},"schema":{"@context":"https:\/\/schema.org","@graph":[{"@type":"WebPage","@id":"https:\/\/szkoladucha.pl\/sklep\/produkt\/e-book-metamorfoza-umyslu-kurs-przemiany-myslenia\/","url":"https:\/\/szkoladucha.pl\/sklep\/produkt\/e-book-metamorfoza-umyslu-kurs-przemiany-myslenia\/","name":"E-book - Metamorfoza Umys\u0142u. Kurs Przemiany My\u015blenia. - Sklep Szko\u0142a Ducha","isPartOf":{"@id":"https:\/\/szkoladucha.pl\/sklep\/#website"},"primaryImageOfPage":{"@id":"https:\/\/szkoladucha.pl\/sklep\/produkt\/e-book-metamorfoza-umyslu-kurs-przemiany-myslenia\/#primaryimage"},"image":{"@id":"https:\/\/szkoladucha.pl\/sklep\/produkt\/e-book-metamorfoza-umyslu-kurs-przemiany-myslenia\/#primaryimage"},"thumbnailUrl":"https:\/\/szkoladucha.pl\/sklep\/wp-content\/uploads\/sites\/9\/2021\/11\/Ebook-metamorfoza-umyslu-zdjecie-1.jpg","datePublished":"2021-11-05T12:50:40+00:00","dateModified":"2026-01-09T15:45:06+00:00","breadcrumb":{"@id":"https:\/\/szkoladucha.pl\/sklep\/produkt\/e-book-metamorfoza-umyslu-kurs-przemiany-myslenia\/#breadcrumb"},"inLanguage":"pl-PL","potentialAction":[{"@type":"ReadAction","target":["https:\/\/szkoladucha.pl\/sklep\/produkt\/e-book-metamorfoza-umyslu-kurs-przemiany-myslenia\/"]}]},{"@type":"ImageObject","inLanguage":"pl-PL","@id":"https:\/\/szkoladucha.pl\/sklep\/produkt\/e-book-metamorfoza-umyslu-kurs-przemiany-myslenia\/#primaryimage","url":"https:\/\/szkoladucha.pl\/sklep\/wp-content\/uploads\/sites\/9\/2021\/11\/Ebook-metamorfoza-umyslu-zdjecie-1.jpg","contentUrl":"https:\/\/szkoladucha.pl\/sklep\/wp-content\/uploads\/sites\/9\/2021\/11\/Ebook-metamorfoza-umyslu-zdjecie-1.jpg","width":1200,"height":1200,"caption":"E-book Metamorfoza Umyslu"},{"@type":"BreadcrumbList","@id":"https:\/\/szkoladucha.pl\/sklep\/produkt\/e-book-metamorfoza-umyslu-kurs-przemiany-myslenia\/#breadcrumb","itemListElement":[{"@type":"ListItem","position":1,"name":"Strona G\u0142\u00f3wna","item":"https:\/\/szkoladucha.pl\/sklep\/"},{"@type":"ListItem","position":2,"name":"Wszystkie Produkty","item":"https:\/\/szkoladucha.pl\/sklep\/"},{"@type":"ListItem","position":3,"name":"E-book &#8211; Metamorfoza Umys\u0142u. Kurs Przemiany My\u015blenia."}]},{"@type":"WebSite","@id":"https:\/\/szkoladucha.pl\/sklep\/#website","url":"https:\/\/szkoladucha.pl\/sklep\/","name":"Sklep Szko\u0142a Ducha","description":"Budujemy spo\u0142ecze\u0144stwo, kt\u00f3re tak jak my, \u015bwiadomie post\u0119puje zgodnie z planem.","publisher":{"@id":"https:\/\/szkoladucha.pl\/sklep\/#organization"},"potentialAction":[{"@type":"SearchAction","target":{"@type":"EntryPoint","urlTemplate":"https:\/\/szkoladucha.pl\/sklep\/?s={search_term_string}"},"query-input":{"@type":"PropertyValueSpecification","valueRequired":true,"valueName":"search_term_string"}}],"inLanguage":"pl-PL"},{"@type":"Organization","@id":"https:\/\/szkoladucha.pl\/sklep\/#organization","name":"Sklep Szko\u0142a Ducha","url":"https:\/\/szkoladucha.pl\/sklep\/","logo":{"@type":"ImageObject","inLanguage":"pl-PL","@id":"https:\/\/szkoladucha.pl\/sklep\/#\/schema\/logo\/image\/","url":"https:\/\/szkoladucha.pl\/sklep\/wp-content\/uploads\/sites\/9\/2022\/02\/Sklep_Szkola_Ducha-Logo.svg","contentUrl":"https:\/\/szkoladucha.pl\/sklep\/wp-content\/uploads\/sites\/9\/2022\/02\/Sklep_Szkola_Ducha-Logo.svg","width":100,"height":100,"caption":"Sklep Szko\u0142a Ducha"},"image":{"@id":"https:\/\/szkoladucha.pl\/sklep\/#\/schema\/logo\/image\/"}}]}},"_links":{"self":[{"href":"https:\/\/szkoladucha.pl\/sklep\/wp-json\/wp\/v2\/product\/4568","targetHints":{"allow":["GET"]}}],"collection":[{"href":"https:\/\/szkoladucha.pl\/sklep\/wp-json\/wp\/v2\/product"}],"about":[{"href":"https:\/\/szkoladucha.pl\/sklep\/wp-json\/wp\/v2\/types\/product"}],"replies":[{"embeddable":true,"href":"https:\/\/szkoladucha.pl\/sklep\/wp-json\/wp\/v2\/comments?post=4568"}],"wp:featuredmedia":[{"embeddable":true,"href":"https:\/\/szkoladucha.pl\/sklep\/wp-json\/wp\/v2\/media\/5122"}],"wp:attachment":[{"href":"https:\/\/szkoladucha.pl\/sklep\/wp-json\/wp\/v2\/media?parent=4568"}],"wp:term":[{"taxonomy":"product_brand","embeddable":true,"href":"https:\/\/szkoladucha.pl\/sklep\/wp-json\/wp\/v2\/product_brand?post=4568"},{"taxonomy":"product_cat","embeddable":true,"href":"https:\/\/szkoladucha.pl\/sklep\/wp-json\/wp\/v2\/product_cat?post=4568"},{"taxonomy":"product_tag","embeddable":true,"href":"https:\/\/szkoladucha.pl\/sklep\/wp-json\/wp\/v2\/product_tag?post=4568"}],"curies":[{"name":"wp","href":"https:\/\/api.w.org\/{rel}","templated":true}]}}