{"id":5256,"date":"2021-11-24T11:39:43","date_gmt":"2021-11-24T11:39:43","guid":{"rendered":"https:\/\/szkoladucha.pl\/sklep\/?post_type=product&#038;p=5256"},"modified":"2025-12-09T12:42:50","modified_gmt":"2025-12-09T12:42:50","slug":"audiobook-zwyciestwo-w-bramie-oczu","status":"publish","type":"product","link":"https:\/\/szkoladucha.pl\/sklep\/produkt\/audiobook-zwyciestwo-w-bramie-oczu\/","title":{"rendered":"Audiobook &#8211; Zwyci\u0119stwo w Bramie Oczu"},"content":{"rendered":"<h2>Co tak na prawd\u0119 widzisz swoimi oczami?<\/h2>\n<p>Oczy to\u00a0brama do\u00a0wn\u0119trza cz\u0142owieka, do\u00a0jego duszy i\u00a0ducha. Tak\u00a0wi\u0119c\u00a0to\u00a0na\u00a0co patrzymy, ma wp\u0142yw na\u00a0nasze \u017cycie. Tak\u00a0mo\u017cna w\u00a0skr\u00f3cie przekaza\u0107 przes\u0142anie tej\u00a0ksi\u0105\u017cki.<\/p>\n<p>Jest takie popularne powiedzenie: \u201estajesz si\u0119 tym, co jesz\u201d. W temacie oczu mo\u017cna \u015bmia\u0142o powiedzie\u0107 podobnie, \u017ce stajesz si\u0119 tym, na co patrzysz. Jest to prawda, z kt\u00f3r\u0105 Maria Vadia mierzy si\u0119 w tej ksi\u0105\u017cce. \u017byj\u0105c we wsp\u00f3\u0142czesnym \u015bwiecie, jeste\u015bmy wr\u0119cz bombardowani obrazami. Cz\u0119sto s\u0105 one nieprzeznaczone dla oczu dziecka Bo\u017cego. Jak wi\u0119c sobie z tym radzi\u0107? Jakie przyj\u0105\u0107 \u015brodki obrony? Czym karmi\u0107 nasze oczy? Co S\u0142owo Bo\u017ce m\u00f3wi w tym temacie?<\/p>\n<p>Autorka nie zatrzymuje si\u0119 tylko na naszych oczach fizycznych, ale pisze tak\u017ce o naszych oczach duchowych, o naszym spojrzeniu do \u015bwiata obraz\u00f3w, sn\u00f3w i wizji, kt\u00f3re pochodz\u0105 od Boga. Czytaj\u0105c ksi\u0105\u017ck\u0119, uczymy si\u0119 porusza\u0107 w tej przestrzeni. Uczymy si\u0119 patrze\u0107 oczami Jezusa i z Jego perspektywy.<\/p>\n<p>Wyobra\u017a sobie, \u017ce Tw\u00f3j duchowy wzrok si\u0119 wyostrza i Twoja wizja zaczyna si\u0119ga\u0107 coraz dalej. Zaczynasz \u017cy\u0107 w objawieniu! Nie zwlekaj i wejd\u017a do \u015bwiata wizji i obraz\u00f3w prosto z Bo\u017cego Kr\u00f3lestwa.<\/p>\n","protected":false},"excerpt":{"rendered":"<div class=\"woocommerce-product-details__short-description\">\n<p>Audiobook nagrany w formacie MP3 na p\u0142ycie CD.<\/p>\n<\/div>\n","protected":false},"featured_media":5254,"comment_status":"open","ping_status":"closed","template":"","meta":[],"product_brand":[],"product_cat":[34],"product_tag":[],"class_list":{"0":"post-5256","1":"product","2":"type-product","3":"status-publish","4":"has-post-thumbnail","6":"product_cat-plyty","7":"pa_autor-maria-vadia","8":"pa_ilosc-stron-83","9":"pa_jezyk-oryginalu-angielski","10":"pa_rok-wydania-77","11":"pa_tytul-zwyciestwo-w-bramie-oczu","12":"pa_tytul-oryginalny-victory-in-the-eye-gate","13":"pa_wydawnictwo-rhema","14":"pa_wymiary-produktu-147x204-mm","15":"sales-flash-overlay","16":"woocommerce-text-align-left","17":"woocommerce-image-align-center","18":"do-quantity-buttons","20":"first","21":"outofstock","22":"taxable","23":"shipping-taxable","24":"purchasable","25":"product-type-simple"},"bundled_by":[],"bundle_stock_status":"outofstock","bundle_stock_quantity":null,"bundle_virtual":false,"bundle_layout":"","bundle_add_to_cart_form_location":"","bundle_editable_in_cart":false,"bundle_sold_individually_context":"","bundle_item_grouping":"","bundle_min_size":"","bundle_max_size":"","bundle_price":[],"bundled_items":[],"bundle_sell_ids":[],"yoast_head":"<!-- This site is optimized with the Yoast SEO plugin v27.3 - https:\/\/yoast.com\/product\/yoast-seo-wordpress\/ -->\n<title>Audiobook - Zwyci\u0119stwo w Bramie Oczu - Sklep Szko\u0142a Ducha<\/title>\n<meta name=\"robots\" content=\"index, follow, max-snippet:-1, max-image-preview:large, max-video-preview:-1\" \/>\n<link rel=\"canonical\" href=\"https:\/\/szkoladucha.pl\/sklep\/produkt\/audiobook-zwyciestwo-w-bramie-oczu\/\" \/>\n<meta property=\"og:locale\" content=\"pl_PL\" \/>\n<meta property=\"og:type\" content=\"article\" \/>\n<meta property=\"og:title\" content=\"Audiobook - Zwyci\u0119stwo w Bramie Oczu - Sklep Szko\u0142a Ducha\" \/>\n<meta property=\"og:description\" content=\"Audiobook nagrany w formacie MP3 na p\u0142ycie CD.\" \/>\n<meta property=\"og:url\" content=\"https:\/\/szkoladucha.pl\/sklep\/produkt\/audiobook-zwyciestwo-w-bramie-oczu\/\" \/>\n<meta property=\"og:site_name\" content=\"Sklep Szko\u0142a Ducha\" \/>\n<meta property=\"article:modified_time\" content=\"2025-12-09T12:42:50+00:00\" \/>\n<meta property=\"og:image\" content=\"https:\/\/szkoladucha.pl\/sklep\/wp-content\/uploads\/sites\/9\/2021\/11\/Audiobook-Zwyciestwo-w-bramie-oczu-okladka.jpg\" \/>\n\t<meta property=\"og:image:width\" content=\"1200\" \/>\n\t<meta property=\"og:image:height\" content=\"1200\" \/>\n\t<meta property=\"og:image:type\" content=\"image\/jpeg\" \/>\n<meta name=\"twitter:card\" content=\"summary_large_image\" \/>\n<meta name=\"twitter:label1\" content=\"Szacowany czas czytania\" \/>\n\t<meta name=\"twitter:data1\" content=\"2 minuty\" \/>\n<script type=\"application\/ld+json\" class=\"yoast-schema-graph\">{\"@context\":\"https:\\\/\\\/schema.org\",\"@graph\":[{\"@type\":\"WebPage\",\"@id\":\"https:\\\/\\\/szkoladucha.pl\\\/sklep\\\/produkt\\\/audiobook-zwyciestwo-w-bramie-oczu\\\/\",\"url\":\"https:\\\/\\\/szkoladucha.pl\\\/sklep\\\/produkt\\\/audiobook-zwyciestwo-w-bramie-oczu\\\/\",\"name\":\"Audiobook - Zwyci\u0119stwo w Bramie Oczu - Sklep Szko\u0142a Ducha\",\"isPartOf\":{\"@id\":\"https:\\\/\\\/szkoladucha.pl\\\/sklep\\\/#website\"},\"primaryImageOfPage\":{\"@id\":\"https:\\\/\\\/szkoladucha.pl\\\/sklep\\\/produkt\\\/audiobook-zwyciestwo-w-bramie-oczu\\\/#primaryimage\"},\"image\":{\"@id\":\"https:\\\/\\\/szkoladucha.pl\\\/sklep\\\/produkt\\\/audiobook-zwyciestwo-w-bramie-oczu\\\/#primaryimage\"},\"thumbnailUrl\":\"https:\\\/\\\/szkoladucha.pl\\\/sklep\\\/wp-content\\\/uploads\\\/sites\\\/9\\\/2021\\\/11\\\/Audiobook-Zwyciestwo-w-bramie-oczu-okladka.jpg\",\"datePublished\":\"2021-11-24T11:39:43+00:00\",\"dateModified\":\"2025-12-09T12:42:50+00:00\",\"breadcrumb\":{\"@id\":\"https:\\\/\\\/szkoladucha.pl\\\/sklep\\\/produkt\\\/audiobook-zwyciestwo-w-bramie-oczu\\\/#breadcrumb\"},\"inLanguage\":\"pl-PL\",\"potentialAction\":[{\"@type\":\"ReadAction\",\"target\":[\"https:\\\/\\\/szkoladucha.pl\\\/sklep\\\/produkt\\\/audiobook-zwyciestwo-w-bramie-oczu\\\/\"]}]},{\"@type\":\"ImageObject\",\"inLanguage\":\"pl-PL\",\"@id\":\"https:\\\/\\\/szkoladucha.pl\\\/sklep\\\/produkt\\\/audiobook-zwyciestwo-w-bramie-oczu\\\/#primaryimage\",\"url\":\"https:\\\/\\\/szkoladucha.pl\\\/sklep\\\/wp-content\\\/uploads\\\/sites\\\/9\\\/2021\\\/11\\\/Audiobook-Zwyciestwo-w-bramie-oczu-okladka.jpg\",\"contentUrl\":\"https:\\\/\\\/szkoladucha.pl\\\/sklep\\\/wp-content\\\/uploads\\\/sites\\\/9\\\/2021\\\/11\\\/Audiobook-Zwyciestwo-w-bramie-oczu-okladka.jpg\",\"width\":1200,\"height\":1200,\"caption\":\"Audiobook Zwyci\u0119stwo w Bramie Oczu Ok\u0142adka\"},{\"@type\":\"BreadcrumbList\",\"@id\":\"https:\\\/\\\/szkoladucha.pl\\\/sklep\\\/produkt\\\/audiobook-zwyciestwo-w-bramie-oczu\\\/#breadcrumb\",\"itemListElement\":[{\"@type\":\"ListItem\",\"position\":1,\"name\":\"Strona G\u0142\u00f3wna\",\"item\":\"https:\\\/\\\/szkoladucha.pl\\\/sklep\\\/\"},{\"@type\":\"ListItem\",\"position\":2,\"name\":\"Wszystkie Produkty\",\"item\":\"https:\\\/\\\/szkoladucha.pl\\\/sklep\\\/\"},{\"@type\":\"ListItem\",\"position\":3,\"name\":\"Audiobook &#8211; Zwyci\u0119stwo w Bramie Oczu\"}]},{\"@type\":\"WebSite\",\"@id\":\"https:\\\/\\\/szkoladucha.pl\\\/sklep\\\/#website\",\"url\":\"https:\\\/\\\/szkoladucha.pl\\\/sklep\\\/\",\"name\":\"Sklep Szko\u0142a Ducha\",\"description\":\"Budujemy spo\u0142ecze\u0144stwo, kt\u00f3re tak jak my, \u015bwiadomie post\u0119puje zgodnie z planem.\",\"publisher\":{\"@id\":\"https:\\\/\\\/szkoladucha.pl\\\/sklep\\\/#organization\"},\"potentialAction\":[{\"@type\":\"SearchAction\",\"target\":{\"@type\":\"EntryPoint\",\"urlTemplate\":\"https:\\\/\\\/szkoladucha.pl\\\/sklep\\\/?s={search_term_string}\"},\"query-input\":{\"@type\":\"PropertyValueSpecification\",\"valueRequired\":true,\"valueName\":\"search_term_string\"}}],\"inLanguage\":\"pl-PL\"},{\"@type\":\"Organization\",\"@id\":\"https:\\\/\\\/szkoladucha.pl\\\/sklep\\\/#organization\",\"name\":\"Sklep Szko\u0142a Ducha\",\"url\":\"https:\\\/\\\/szkoladucha.pl\\\/sklep\\\/\",\"logo\":{\"@type\":\"ImageObject\",\"inLanguage\":\"pl-PL\",\"@id\":\"https:\\\/\\\/szkoladucha.pl\\\/sklep\\\/#\\\/schema\\\/logo\\\/image\\\/\",\"url\":\"https:\\\/\\\/szkoladucha.pl\\\/sklep\\\/wp-content\\\/uploads\\\/sites\\\/9\\\/2022\\\/02\\\/Sklep_Szkola_Ducha-Logo.svg\",\"contentUrl\":\"https:\\\/\\\/szkoladucha.pl\\\/sklep\\\/wp-content\\\/uploads\\\/sites\\\/9\\\/2022\\\/02\\\/Sklep_Szkola_Ducha-Logo.svg\",\"width\":100,\"height\":100,\"caption\":\"Sklep Szko\u0142a Ducha\"},\"image\":{\"@id\":\"https:\\\/\\\/szkoladucha.pl\\\/sklep\\\/#\\\/schema\\\/logo\\\/image\\\/\"}}]}<\/script>\n<!-- \/ Yoast SEO plugin. -->","yoast_head_json":{"title":"Audiobook - Zwyci\u0119stwo w Bramie Oczu - Sklep Szko\u0142a Ducha","robots":{"index":"index","follow":"follow","max-snippet":"max-snippet:-1","max-image-preview":"max-image-preview:large","max-video-preview":"max-video-preview:-1"},"canonical":"https:\/\/szkoladucha.pl\/sklep\/produkt\/audiobook-zwyciestwo-w-bramie-oczu\/","og_locale":"pl_PL","og_type":"article","og_title":"Audiobook - Zwyci\u0119stwo w Bramie Oczu - Sklep Szko\u0142a Ducha","og_description":"Audiobook nagrany w formacie MP3 na p\u0142ycie CD.","og_url":"https:\/\/szkoladucha.pl\/sklep\/produkt\/audiobook-zwyciestwo-w-bramie-oczu\/","og_site_name":"Sklep Szko\u0142a Ducha","article_modified_time":"2025-12-09T12:42:50+00:00","og_image":[{"width":1200,"height":1200,"url":"https:\/\/szkoladucha.pl\/sklep\/wp-content\/uploads\/sites\/9\/2021\/11\/Audiobook-Zwyciestwo-w-bramie-oczu-okladka.jpg","type":"image\/jpeg"}],"twitter_card":"summary_large_image","twitter_misc":{"Szacowany czas czytania":"2 minuty"},"schema":{"@context":"https:\/\/schema.org","@graph":[{"@type":"WebPage","@id":"https:\/\/szkoladucha.pl\/sklep\/produkt\/audiobook-zwyciestwo-w-bramie-oczu\/","url":"https:\/\/szkoladucha.pl\/sklep\/produkt\/audiobook-zwyciestwo-w-bramie-oczu\/","name":"Audiobook - Zwyci\u0119stwo w Bramie Oczu - Sklep Szko\u0142a Ducha","isPartOf":{"@id":"https:\/\/szkoladucha.pl\/sklep\/#website"},"primaryImageOfPage":{"@id":"https:\/\/szkoladucha.pl\/sklep\/produkt\/audiobook-zwyciestwo-w-bramie-oczu\/#primaryimage"},"image":{"@id":"https:\/\/szkoladucha.pl\/sklep\/produkt\/audiobook-zwyciestwo-w-bramie-oczu\/#primaryimage"},"thumbnailUrl":"https:\/\/szkoladucha.pl\/sklep\/wp-content\/uploads\/sites\/9\/2021\/11\/Audiobook-Zwyciestwo-w-bramie-oczu-okladka.jpg","datePublished":"2021-11-24T11:39:43+00:00","dateModified":"2025-12-09T12:42:50+00:00","breadcrumb":{"@id":"https:\/\/szkoladucha.pl\/sklep\/produkt\/audiobook-zwyciestwo-w-bramie-oczu\/#breadcrumb"},"inLanguage":"pl-PL","potentialAction":[{"@type":"ReadAction","target":["https:\/\/szkoladucha.pl\/sklep\/produkt\/audiobook-zwyciestwo-w-bramie-oczu\/"]}]},{"@type":"ImageObject","inLanguage":"pl-PL","@id":"https:\/\/szkoladucha.pl\/sklep\/produkt\/audiobook-zwyciestwo-w-bramie-oczu\/#primaryimage","url":"https:\/\/szkoladucha.pl\/sklep\/wp-content\/uploads\/sites\/9\/2021\/11\/Audiobook-Zwyciestwo-w-bramie-oczu-okladka.jpg","contentUrl":"https:\/\/szkoladucha.pl\/sklep\/wp-content\/uploads\/sites\/9\/2021\/11\/Audiobook-Zwyciestwo-w-bramie-oczu-okladka.jpg","width":1200,"height":1200,"caption":"Audiobook Zwyci\u0119stwo w Bramie Oczu Ok\u0142adka"},{"@type":"BreadcrumbList","@id":"https:\/\/szkoladucha.pl\/sklep\/produkt\/audiobook-zwyciestwo-w-bramie-oczu\/#breadcrumb","itemListElement":[{"@type":"ListItem","position":1,"name":"Strona G\u0142\u00f3wna","item":"https:\/\/szkoladucha.pl\/sklep\/"},{"@type":"ListItem","position":2,"name":"Wszystkie Produkty","item":"https:\/\/szkoladucha.pl\/sklep\/"},{"@type":"ListItem","position":3,"name":"Audiobook &#8211; Zwyci\u0119stwo w Bramie Oczu"}]},{"@type":"WebSite","@id":"https:\/\/szkoladucha.pl\/sklep\/#website","url":"https:\/\/szkoladucha.pl\/sklep\/","name":"Sklep Szko\u0142a Ducha","description":"Budujemy spo\u0142ecze\u0144stwo, kt\u00f3re tak jak my, \u015bwiadomie post\u0119puje zgodnie z planem.","publisher":{"@id":"https:\/\/szkoladucha.pl\/sklep\/#organization"},"potentialAction":[{"@type":"SearchAction","target":{"@type":"EntryPoint","urlTemplate":"https:\/\/szkoladucha.pl\/sklep\/?s={search_term_string}"},"query-input":{"@type":"PropertyValueSpecification","valueRequired":true,"valueName":"search_term_string"}}],"inLanguage":"pl-PL"},{"@type":"Organization","@id":"https:\/\/szkoladucha.pl\/sklep\/#organization","name":"Sklep Szko\u0142a Ducha","url":"https:\/\/szkoladucha.pl\/sklep\/","logo":{"@type":"ImageObject","inLanguage":"pl-PL","@id":"https:\/\/szkoladucha.pl\/sklep\/#\/schema\/logo\/image\/","url":"https:\/\/szkoladucha.pl\/sklep\/wp-content\/uploads\/sites\/9\/2022\/02\/Sklep_Szkola_Ducha-Logo.svg","contentUrl":"https:\/\/szkoladucha.pl\/sklep\/wp-content\/uploads\/sites\/9\/2022\/02\/Sklep_Szkola_Ducha-Logo.svg","width":100,"height":100,"caption":"Sklep Szko\u0142a Ducha"},"image":{"@id":"https:\/\/szkoladucha.pl\/sklep\/#\/schema\/logo\/image\/"}}]}},"_links":{"self":[{"href":"https:\/\/szkoladucha.pl\/sklep\/wp-json\/wp\/v2\/product\/5256","targetHints":{"allow":["GET"]}}],"collection":[{"href":"https:\/\/szkoladucha.pl\/sklep\/wp-json\/wp\/v2\/product"}],"about":[{"href":"https:\/\/szkoladucha.pl\/sklep\/wp-json\/wp\/v2\/types\/product"}],"replies":[{"embeddable":true,"href":"https:\/\/szkoladucha.pl\/sklep\/wp-json\/wp\/v2\/comments?post=5256"}],"wp:featuredmedia":[{"embeddable":true,"href":"https:\/\/szkoladucha.pl\/sklep\/wp-json\/wp\/v2\/media\/5254"}],"wp:attachment":[{"href":"https:\/\/szkoladucha.pl\/sklep\/wp-json\/wp\/v2\/media?parent=5256"}],"wp:term":[{"taxonomy":"product_brand","embeddable":true,"href":"https:\/\/szkoladucha.pl\/sklep\/wp-json\/wp\/v2\/product_brand?post=5256"},{"taxonomy":"product_cat","embeddable":true,"href":"https:\/\/szkoladucha.pl\/sklep\/wp-json\/wp\/v2\/product_cat?post=5256"},{"taxonomy":"product_tag","embeddable":true,"href":"https:\/\/szkoladucha.pl\/sklep\/wp-json\/wp\/v2\/product_tag?post=5256"}],"curies":[{"name":"wp","href":"https:\/\/api.w.org\/{rel}","templated":true}]}}