{"id":5257,"date":"2021-11-24T11:40:59","date_gmt":"2021-11-24T11:40:59","guid":{"rendered":"https:\/\/szkoladucha.pl\/sklep\/?post_type=product&#038;p=5257"},"modified":"2026-01-09T14:07:12","modified_gmt":"2026-01-09T14:07:12","slug":"audiobook-uzdrowienie-jest-dla-ciebie","status":"publish","type":"product","link":"https:\/\/szkoladucha.pl\/sklep\/produkt\/audiobook-uzdrowienie-jest-dla-ciebie\/","title":{"rendered":"Audiobook &#8211; Uzdrowienie jest dla Ciebie!"},"content":{"rendered":"<h2>Czy B\u00f3g chce, \u017ceby\u015b by\u0142 zdrowy?<\/h2>\n<p>Co zrobi\u0107, \u017ceby zosta\u0107 uzdrowionym? Jakie s\u0105 przeszkody do osi\u0105gni\u0119cia uzdrowienia? Co Biblia m\u00f3wi na temat modlitwy o uzdrowienie?<\/p>\n<p>Wejd\u017a w\u00a0niezwyk\u0142\u0105 atmosfer\u0119 Bo\u017cych znak\u00f3w i\u00a0cud\u00f3w i\u00a0zobacz, jak B\u00f3g uzdrawia sw\u00f3j lud dzisiaj!<\/p>\n<p>Ksi\u0105\u017cka odpowiada na te i wiele innych pyta\u0144 z dziedziny uzdrowienia. Jest ona swego rodzaju podr\u0119cznikiem i kompendium wiedzy, kt\u00f3re kompleksowo rozwiewa wszelkie w\u0105tpliwo\u015bci i zagadnienia dotycz\u0105ce Bo\u017cego spojrzenia na kwesti\u0119 naszego zdrowia i chor\u00f3b, kt\u00f3re nas dotykaj\u0105.<\/p>\n<p>Nie ma znaczenia czy jeste\u015b osob\u0105, kt\u00f3ra pos\u0142uguje modlitw\u0105 o uzdrowienie, czy sam potrzebujesz uzdrowienia na ciele, a mo\u017ce zwyczajnie interesujesz si\u0119 tym tematem. Ksi\u0105\u017cka ta z pewno\u015bci\u0105 zaspokoi twoje oczekiwania i w spos\u00f3b przejrzysty przeprowadzi ci\u0119 przez szerok\u0105 dziedzin\u0119 uzdrowienia w oparciu o to, co m\u00f3wi Biblia, a tak\u017ce w oparciu o \u015bwiadectwa os\u00f3b pos\u0142uguj\u0105cych i tych, kt\u00f3re ju\u017c uzdrowienia do\u015bwiadczy\u0142y.<\/p>\n","protected":false},"excerpt":{"rendered":"<div class=\"woocommerce-product-details__short-description\">\n<p>Audiobook nagrany w formacie MP3 na p\u0142ycie CD.<\/p>\n<\/div>\n","protected":false},"featured_media":5253,"comment_status":"open","ping_status":"closed","template":"","meta":[],"product_brand":[],"product_cat":[34],"product_tag":[],"class_list":{"0":"post-5257","1":"product","2":"type-product","3":"status-publish","4":"has-post-thumbnail","6":"product_cat-plyty","7":"pa_autor-maria-vadia","8":"pa_ilosc-stron-50","9":"pa_jezyk-oryginalu-angielski","10":"pa_rok-wydania-59","11":"pa_tytul-uzdrowienie-jest-dla-ciebie","12":"pa_tytul-oryginalny-healing-is-for-you","13":"pa_wydawnictwo-rhema","14":"pa_wymiary-produktu-147x204-mm","15":"sales-flash-overlay","16":"woocommerce-text-align-left","17":"woocommerce-image-align-center","18":"do-quantity-buttons","20":"first","21":"outofstock","22":"sale","23":"taxable","24":"shipping-taxable","25":"purchasable","26":"product-type-simple"},"bundled_by":[],"bundle_stock_status":"outofstock","bundle_stock_quantity":null,"bundle_virtual":false,"bundle_layout":"","bundle_add_to_cart_form_location":"","bundle_editable_in_cart":false,"bundle_sold_individually_context":"","bundle_item_grouping":"","bundle_min_size":"","bundle_max_size":"","bundle_price":[],"bundled_items":[],"bundle_sell_ids":[],"yoast_head":"<!-- This site is optimized with the Yoast SEO plugin v27.3 - https:\/\/yoast.com\/product\/yoast-seo-wordpress\/ -->\n<title>Audiobook - Uzdrowienie jest dla Ciebie! - Sklep Szko\u0142a Ducha<\/title>\n<meta name=\"robots\" content=\"index, follow, max-snippet:-1, max-image-preview:large, max-video-preview:-1\" \/>\n<link rel=\"canonical\" href=\"https:\/\/szkoladucha.pl\/sklep\/produkt\/audiobook-uzdrowienie-jest-dla-ciebie\/\" \/>\n<meta property=\"og:locale\" content=\"pl_PL\" \/>\n<meta property=\"og:type\" content=\"article\" \/>\n<meta property=\"og:title\" content=\"Audiobook - Uzdrowienie jest dla Ciebie! - Sklep Szko\u0142a Ducha\" \/>\n<meta property=\"og:description\" content=\"Audiobook nagrany w formacie MP3 na p\u0142ycie CD.\" \/>\n<meta property=\"og:url\" content=\"https:\/\/szkoladucha.pl\/sklep\/produkt\/audiobook-uzdrowienie-jest-dla-ciebie\/\" \/>\n<meta property=\"og:site_name\" content=\"Sklep Szko\u0142a Ducha\" \/>\n<meta property=\"article:modified_time\" content=\"2026-01-09T14:07:12+00:00\" \/>\n<meta property=\"og:image\" content=\"https:\/\/szkoladucha.pl\/sklep\/wp-content\/uploads\/sites\/9\/2021\/11\/Audiobook-Uzdrowienie-jest-dla-Ciebie-okladka.jpg\" \/>\n\t<meta property=\"og:image:width\" content=\"1200\" \/>\n\t<meta property=\"og:image:height\" content=\"1200\" \/>\n\t<meta property=\"og:image:type\" content=\"image\/jpeg\" \/>\n<meta name=\"twitter:card\" content=\"summary_large_image\" \/>\n<meta name=\"twitter:label1\" content=\"Szacowany czas czytania\" \/>\n\t<meta name=\"twitter:data1\" content=\"2 minuty\" \/>\n<script type=\"application\/ld+json\" class=\"yoast-schema-graph\">{\"@context\":\"https:\\\/\\\/schema.org\",\"@graph\":[{\"@type\":\"WebPage\",\"@id\":\"https:\\\/\\\/szkoladucha.pl\\\/sklep\\\/produkt\\\/audiobook-uzdrowienie-jest-dla-ciebie\\\/\",\"url\":\"https:\\\/\\\/szkoladucha.pl\\\/sklep\\\/produkt\\\/audiobook-uzdrowienie-jest-dla-ciebie\\\/\",\"name\":\"Audiobook - Uzdrowienie jest dla Ciebie! - Sklep Szko\u0142a Ducha\",\"isPartOf\":{\"@id\":\"https:\\\/\\\/szkoladucha.pl\\\/sklep\\\/#website\"},\"primaryImageOfPage\":{\"@id\":\"https:\\\/\\\/szkoladucha.pl\\\/sklep\\\/produkt\\\/audiobook-uzdrowienie-jest-dla-ciebie\\\/#primaryimage\"},\"image\":{\"@id\":\"https:\\\/\\\/szkoladucha.pl\\\/sklep\\\/produkt\\\/audiobook-uzdrowienie-jest-dla-ciebie\\\/#primaryimage\"},\"thumbnailUrl\":\"https:\\\/\\\/szkoladucha.pl\\\/sklep\\\/wp-content\\\/uploads\\\/sites\\\/9\\\/2021\\\/11\\\/Audiobook-Uzdrowienie-jest-dla-Ciebie-okladka.jpg\",\"datePublished\":\"2021-11-24T11:40:59+00:00\",\"dateModified\":\"2026-01-09T14:07:12+00:00\",\"breadcrumb\":{\"@id\":\"https:\\\/\\\/szkoladucha.pl\\\/sklep\\\/produkt\\\/audiobook-uzdrowienie-jest-dla-ciebie\\\/#breadcrumb\"},\"inLanguage\":\"pl-PL\",\"potentialAction\":[{\"@type\":\"ReadAction\",\"target\":[\"https:\\\/\\\/szkoladucha.pl\\\/sklep\\\/produkt\\\/audiobook-uzdrowienie-jest-dla-ciebie\\\/\"]}]},{\"@type\":\"ImageObject\",\"inLanguage\":\"pl-PL\",\"@id\":\"https:\\\/\\\/szkoladucha.pl\\\/sklep\\\/produkt\\\/audiobook-uzdrowienie-jest-dla-ciebie\\\/#primaryimage\",\"url\":\"https:\\\/\\\/szkoladucha.pl\\\/sklep\\\/wp-content\\\/uploads\\\/sites\\\/9\\\/2021\\\/11\\\/Audiobook-Uzdrowienie-jest-dla-Ciebie-okladka.jpg\",\"contentUrl\":\"https:\\\/\\\/szkoladucha.pl\\\/sklep\\\/wp-content\\\/uploads\\\/sites\\\/9\\\/2021\\\/11\\\/Audiobook-Uzdrowienie-jest-dla-Ciebie-okladka.jpg\",\"width\":1200,\"height\":1200,\"caption\":\"Audiobook Uzdrowienie jest dla Ciebie! Ok\u0142adka\"},{\"@type\":\"BreadcrumbList\",\"@id\":\"https:\\\/\\\/szkoladucha.pl\\\/sklep\\\/produkt\\\/audiobook-uzdrowienie-jest-dla-ciebie\\\/#breadcrumb\",\"itemListElement\":[{\"@type\":\"ListItem\",\"position\":1,\"name\":\"Strona G\u0142\u00f3wna\",\"item\":\"https:\\\/\\\/szkoladucha.pl\\\/sklep\\\/\"},{\"@type\":\"ListItem\",\"position\":2,\"name\":\"Wszystkie Produkty\",\"item\":\"https:\\\/\\\/szkoladucha.pl\\\/sklep\\\/\"},{\"@type\":\"ListItem\",\"position\":3,\"name\":\"Audiobook &#8211; Uzdrowienie jest dla Ciebie!\"}]},{\"@type\":\"WebSite\",\"@id\":\"https:\\\/\\\/szkoladucha.pl\\\/sklep\\\/#website\",\"url\":\"https:\\\/\\\/szkoladucha.pl\\\/sklep\\\/\",\"name\":\"Sklep Szko\u0142a Ducha\",\"description\":\"Budujemy spo\u0142ecze\u0144stwo, kt\u00f3re tak jak my, \u015bwiadomie post\u0119puje zgodnie z planem.\",\"publisher\":{\"@id\":\"https:\\\/\\\/szkoladucha.pl\\\/sklep\\\/#organization\"},\"potentialAction\":[{\"@type\":\"SearchAction\",\"target\":{\"@type\":\"EntryPoint\",\"urlTemplate\":\"https:\\\/\\\/szkoladucha.pl\\\/sklep\\\/?s={search_term_string}\"},\"query-input\":{\"@type\":\"PropertyValueSpecification\",\"valueRequired\":true,\"valueName\":\"search_term_string\"}}],\"inLanguage\":\"pl-PL\"},{\"@type\":\"Organization\",\"@id\":\"https:\\\/\\\/szkoladucha.pl\\\/sklep\\\/#organization\",\"name\":\"Sklep Szko\u0142a Ducha\",\"url\":\"https:\\\/\\\/szkoladucha.pl\\\/sklep\\\/\",\"logo\":{\"@type\":\"ImageObject\",\"inLanguage\":\"pl-PL\",\"@id\":\"https:\\\/\\\/szkoladucha.pl\\\/sklep\\\/#\\\/schema\\\/logo\\\/image\\\/\",\"url\":\"https:\\\/\\\/szkoladucha.pl\\\/sklep\\\/wp-content\\\/uploads\\\/sites\\\/9\\\/2022\\\/02\\\/Sklep_Szkola_Ducha-Logo.svg\",\"contentUrl\":\"https:\\\/\\\/szkoladucha.pl\\\/sklep\\\/wp-content\\\/uploads\\\/sites\\\/9\\\/2022\\\/02\\\/Sklep_Szkola_Ducha-Logo.svg\",\"width\":100,\"height\":100,\"caption\":\"Sklep Szko\u0142a Ducha\"},\"image\":{\"@id\":\"https:\\\/\\\/szkoladucha.pl\\\/sklep\\\/#\\\/schema\\\/logo\\\/image\\\/\"}}]}<\/script>\n<!-- \/ Yoast SEO plugin. -->","yoast_head_json":{"title":"Audiobook - Uzdrowienie jest dla Ciebie! - Sklep Szko\u0142a Ducha","robots":{"index":"index","follow":"follow","max-snippet":"max-snippet:-1","max-image-preview":"max-image-preview:large","max-video-preview":"max-video-preview:-1"},"canonical":"https:\/\/szkoladucha.pl\/sklep\/produkt\/audiobook-uzdrowienie-jest-dla-ciebie\/","og_locale":"pl_PL","og_type":"article","og_title":"Audiobook - Uzdrowienie jest dla Ciebie! - Sklep Szko\u0142a Ducha","og_description":"Audiobook nagrany w formacie MP3 na p\u0142ycie CD.","og_url":"https:\/\/szkoladucha.pl\/sklep\/produkt\/audiobook-uzdrowienie-jest-dla-ciebie\/","og_site_name":"Sklep Szko\u0142a Ducha","article_modified_time":"2026-01-09T14:07:12+00:00","og_image":[{"width":1200,"height":1200,"url":"https:\/\/szkoladucha.pl\/sklep\/wp-content\/uploads\/sites\/9\/2021\/11\/Audiobook-Uzdrowienie-jest-dla-Ciebie-okladka.jpg","type":"image\/jpeg"}],"twitter_card":"summary_large_image","twitter_misc":{"Szacowany czas czytania":"2 minuty"},"schema":{"@context":"https:\/\/schema.org","@graph":[{"@type":"WebPage","@id":"https:\/\/szkoladucha.pl\/sklep\/produkt\/audiobook-uzdrowienie-jest-dla-ciebie\/","url":"https:\/\/szkoladucha.pl\/sklep\/produkt\/audiobook-uzdrowienie-jest-dla-ciebie\/","name":"Audiobook - Uzdrowienie jest dla Ciebie! - Sklep Szko\u0142a Ducha","isPartOf":{"@id":"https:\/\/szkoladucha.pl\/sklep\/#website"},"primaryImageOfPage":{"@id":"https:\/\/szkoladucha.pl\/sklep\/produkt\/audiobook-uzdrowienie-jest-dla-ciebie\/#primaryimage"},"image":{"@id":"https:\/\/szkoladucha.pl\/sklep\/produkt\/audiobook-uzdrowienie-jest-dla-ciebie\/#primaryimage"},"thumbnailUrl":"https:\/\/szkoladucha.pl\/sklep\/wp-content\/uploads\/sites\/9\/2021\/11\/Audiobook-Uzdrowienie-jest-dla-Ciebie-okladka.jpg","datePublished":"2021-11-24T11:40:59+00:00","dateModified":"2026-01-09T14:07:12+00:00","breadcrumb":{"@id":"https:\/\/szkoladucha.pl\/sklep\/produkt\/audiobook-uzdrowienie-jest-dla-ciebie\/#breadcrumb"},"inLanguage":"pl-PL","potentialAction":[{"@type":"ReadAction","target":["https:\/\/szkoladucha.pl\/sklep\/produkt\/audiobook-uzdrowienie-jest-dla-ciebie\/"]}]},{"@type":"ImageObject","inLanguage":"pl-PL","@id":"https:\/\/szkoladucha.pl\/sklep\/produkt\/audiobook-uzdrowienie-jest-dla-ciebie\/#primaryimage","url":"https:\/\/szkoladucha.pl\/sklep\/wp-content\/uploads\/sites\/9\/2021\/11\/Audiobook-Uzdrowienie-jest-dla-Ciebie-okladka.jpg","contentUrl":"https:\/\/szkoladucha.pl\/sklep\/wp-content\/uploads\/sites\/9\/2021\/11\/Audiobook-Uzdrowienie-jest-dla-Ciebie-okladka.jpg","width":1200,"height":1200,"caption":"Audiobook Uzdrowienie jest dla Ciebie! Ok\u0142adka"},{"@type":"BreadcrumbList","@id":"https:\/\/szkoladucha.pl\/sklep\/produkt\/audiobook-uzdrowienie-jest-dla-ciebie\/#breadcrumb","itemListElement":[{"@type":"ListItem","position":1,"name":"Strona G\u0142\u00f3wna","item":"https:\/\/szkoladucha.pl\/sklep\/"},{"@type":"ListItem","position":2,"name":"Wszystkie Produkty","item":"https:\/\/szkoladucha.pl\/sklep\/"},{"@type":"ListItem","position":3,"name":"Audiobook &#8211; Uzdrowienie jest dla Ciebie!"}]},{"@type":"WebSite","@id":"https:\/\/szkoladucha.pl\/sklep\/#website","url":"https:\/\/szkoladucha.pl\/sklep\/","name":"Sklep Szko\u0142a Ducha","description":"Budujemy spo\u0142ecze\u0144stwo, kt\u00f3re tak jak my, \u015bwiadomie post\u0119puje zgodnie z planem.","publisher":{"@id":"https:\/\/szkoladucha.pl\/sklep\/#organization"},"potentialAction":[{"@type":"SearchAction","target":{"@type":"EntryPoint","urlTemplate":"https:\/\/szkoladucha.pl\/sklep\/?s={search_term_string}"},"query-input":{"@type":"PropertyValueSpecification","valueRequired":true,"valueName":"search_term_string"}}],"inLanguage":"pl-PL"},{"@type":"Organization","@id":"https:\/\/szkoladucha.pl\/sklep\/#organization","name":"Sklep Szko\u0142a Ducha","url":"https:\/\/szkoladucha.pl\/sklep\/","logo":{"@type":"ImageObject","inLanguage":"pl-PL","@id":"https:\/\/szkoladucha.pl\/sklep\/#\/schema\/logo\/image\/","url":"https:\/\/szkoladucha.pl\/sklep\/wp-content\/uploads\/sites\/9\/2022\/02\/Sklep_Szkola_Ducha-Logo.svg","contentUrl":"https:\/\/szkoladucha.pl\/sklep\/wp-content\/uploads\/sites\/9\/2022\/02\/Sklep_Szkola_Ducha-Logo.svg","width":100,"height":100,"caption":"Sklep Szko\u0142a Ducha"},"image":{"@id":"https:\/\/szkoladucha.pl\/sklep\/#\/schema\/logo\/image\/"}}]}},"_links":{"self":[{"href":"https:\/\/szkoladucha.pl\/sklep\/wp-json\/wp\/v2\/product\/5257","targetHints":{"allow":["GET"]}}],"collection":[{"href":"https:\/\/szkoladucha.pl\/sklep\/wp-json\/wp\/v2\/product"}],"about":[{"href":"https:\/\/szkoladucha.pl\/sklep\/wp-json\/wp\/v2\/types\/product"}],"replies":[{"embeddable":true,"href":"https:\/\/szkoladucha.pl\/sklep\/wp-json\/wp\/v2\/comments?post=5257"}],"wp:featuredmedia":[{"embeddable":true,"href":"https:\/\/szkoladucha.pl\/sklep\/wp-json\/wp\/v2\/media\/5253"}],"wp:attachment":[{"href":"https:\/\/szkoladucha.pl\/sklep\/wp-json\/wp\/v2\/media?parent=5257"}],"wp:term":[{"taxonomy":"product_brand","embeddable":true,"href":"https:\/\/szkoladucha.pl\/sklep\/wp-json\/wp\/v2\/product_brand?post=5257"},{"taxonomy":"product_cat","embeddable":true,"href":"https:\/\/szkoladucha.pl\/sklep\/wp-json\/wp\/v2\/product_cat?post=5257"},{"taxonomy":"product_tag","embeddable":true,"href":"https:\/\/szkoladucha.pl\/sklep\/wp-json\/wp\/v2\/product_tag?post=5257"}],"curies":[{"name":"wp","href":"https:\/\/api.w.org\/{rel}","templated":true}]}}