{"id":5260,"date":"2021-11-24T11:43:26","date_gmt":"2021-11-24T11:43:26","guid":{"rendered":"https:\/\/szkoladucha.pl\/sklep\/?post_type=product&#038;p=5260"},"modified":"2025-12-09T12:41:51","modified_gmt":"2025-12-09T12:41:51","slug":"audiobook-twoj-jezyk-ma-moc","status":"publish","type":"product","link":"https:\/\/szkoladucha.pl\/sklep\/produkt\/audiobook-twoj-jezyk-ma-moc\/","title":{"rendered":"Audiobook &#8211; Tw\u00f3j j\u0119zyk ma Moc"},"content":{"rendered":"<h2>Ta ksi\u0105\u017cka jest genialna<\/h2>\n<p>Ksi\u0105\u017cka, kt\u00f3ra zainspirowa\u0142a tysi\u0105ce ludzi do zmiany! Ze sposobu m\u00f3wienia przepe\u0142nionego negatywizmem do j\u0119zyka pe\u0142nego rado\u015bci i opartego na S\u0142owie Bo\u017cym!<\/p>\n<p>Gdy cho\u0107by chwil\u0119 sp\u0119dzimy na zastanowieniu si\u0119 jakie s\u0142owa wychodz\u0105 z naszych ust, z pewno\u015bci\u0105 szybko stwierdzimy, \u017ce nie zawsze s\u0105 to s\u0142owa pe\u0142ne pokoju i rado\u015bci. A s\u0142owo Bo\u017ce wyra\u017anie m\u00f3wi, \u017ce j\u0119zyka (czyli naszego spos\u00f3b m\u00f3wienia) \u201ekt\u00f3ry jest pe\u0142en \u015bmierciono\u015bnego jadu i ci\u0105gle zagra\u017caj\u0105cego z\u0142a, nikt nie potrafi poskromi\u0107. J\u0119zykiem wielbimy Boga i Ojca, j\u0119zykiem te\u017c przeklinamy ludzi stworzonych na Bo\u017ce podobie\u0144stwo. Z tych samych ust wychodzi b\u0142ogos\u0142awie\u0144stwo i przekle\u0144stwo. Bracia moi, tak by\u0107 nie mo\u017ce!\u201d Jk 3,9-10<\/p>\n<p>Maria przekonuje na ka\u017cdej stronie tej ksi\u0105\u017cki, \u017ce j\u0119zyk jest tym, co nas determinuje i \u017ce spos\u00f3b, w jaki m\u00f3wimy, ma wp\u0142yw na okoliczno\u015bci naszego \u017cycia. Podaje wiele praktycznych wskaz\u00f3wek popartych \u015bwiadectwami i przyk\u0142adami, kt\u00f3re skutecznie mobilizuj\u0105 do pracy nad s\u0142owami, jakie wychodz\u0105 z naszych ust.<\/p>\n<p>Ka\u017cdy rozdzia\u0142 tej ksi\u0105\u017cki przeprowadza nas przez S\u0142owo Bo\u017ce i uczy jak pos\u0142ugiwa\u0107 si\u0119 j\u0119zykiem, aby by\u0142 on no\u015bnikiem b\u0142ogos\u0142awie\u0144stwa.<\/p>\n","protected":false},"excerpt":{"rendered":"<p>Audiobook nagrany w formacie MP3 na p\u0142ycie CD.<\/p>\n","protected":false},"featured_media":5255,"comment_status":"open","ping_status":"closed","template":"","meta":[],"product_brand":[],"product_cat":[34],"product_tag":[],"class_list":{"0":"post-5260","1":"product","2":"type-product","3":"status-publish","4":"has-post-thumbnail","6":"product_cat-plyty","7":"pa_autor-maria-vadia","8":"pa_ilosc-stron-56","9":"pa_jezyk-oryginalu-angielski","10":"pa_rok-wydania-59","11":"pa_tytul-twoj-jezyk-ma-moc","12":"pa_tytul-oryginalny-theres-power-in-your-tongue","13":"pa_wydawnictwo-rhema","14":"pa_wymiary-produktu-147x204-mm","15":"sales-flash-overlay","16":"woocommerce-text-align-left","17":"woocommerce-image-align-center","18":"do-quantity-buttons","20":"first","21":"outofstock","22":"taxable","23":"shipping-taxable","24":"purchasable","25":"product-type-simple"},"bundled_by":[],"bundle_stock_status":"outofstock","bundle_stock_quantity":0,"bundle_virtual":false,"bundle_layout":"","bundle_add_to_cart_form_location":"","bundle_editable_in_cart":false,"bundle_sold_individually_context":"","bundle_item_grouping":"","bundle_min_size":"","bundle_max_size":"","bundle_price":[],"bundled_items":[],"bundle_sell_ids":[],"yoast_head":"<!-- This site is optimized with the Yoast SEO plugin v27.3 - https:\/\/yoast.com\/product\/yoast-seo-wordpress\/ -->\n<title>Audiobook - Tw\u00f3j j\u0119zyk ma Moc - Sklep Szko\u0142a Ducha<\/title>\n<meta name=\"robots\" content=\"index, follow, max-snippet:-1, max-image-preview:large, max-video-preview:-1\" \/>\n<link rel=\"canonical\" href=\"https:\/\/szkoladucha.pl\/sklep\/produkt\/audiobook-twoj-jezyk-ma-moc\/\" \/>\n<meta property=\"og:locale\" content=\"pl_PL\" \/>\n<meta property=\"og:type\" content=\"article\" \/>\n<meta property=\"og:title\" content=\"Audiobook - Tw\u00f3j j\u0119zyk ma Moc - Sklep Szko\u0142a Ducha\" \/>\n<meta property=\"og:description\" content=\"Audiobook nagrany w formacie MP3 na p\u0142ycie CD.\" \/>\n<meta property=\"og:url\" content=\"https:\/\/szkoladucha.pl\/sklep\/produkt\/audiobook-twoj-jezyk-ma-moc\/\" \/>\n<meta property=\"og:site_name\" content=\"Sklep Szko\u0142a Ducha\" \/>\n<meta property=\"article:modified_time\" content=\"2025-12-09T12:41:51+00:00\" \/>\n<meta property=\"og:image\" content=\"https:\/\/szkoladucha.pl\/sklep\/wp-content\/uploads\/sites\/9\/2021\/11\/Audiobook-Twoj-jezyk-ma-moc-okladka.jpg\" \/>\n\t<meta property=\"og:image:width\" content=\"1200\" \/>\n\t<meta property=\"og:image:height\" content=\"1200\" \/>\n\t<meta property=\"og:image:type\" content=\"image\/jpeg\" \/>\n<meta name=\"twitter:card\" content=\"summary_large_image\" \/>\n<meta name=\"twitter:label1\" content=\"Szacowany czas czytania\" \/>\n\t<meta name=\"twitter:data1\" content=\"2 minuty\" \/>\n<script type=\"application\/ld+json\" class=\"yoast-schema-graph\">{\"@context\":\"https:\\\/\\\/schema.org\",\"@graph\":[{\"@type\":\"WebPage\",\"@id\":\"https:\\\/\\\/szkoladucha.pl\\\/sklep\\\/produkt\\\/audiobook-twoj-jezyk-ma-moc\\\/\",\"url\":\"https:\\\/\\\/szkoladucha.pl\\\/sklep\\\/produkt\\\/audiobook-twoj-jezyk-ma-moc\\\/\",\"name\":\"Audiobook - Tw\u00f3j j\u0119zyk ma Moc - Sklep Szko\u0142a Ducha\",\"isPartOf\":{\"@id\":\"https:\\\/\\\/szkoladucha.pl\\\/sklep\\\/#website\"},\"primaryImageOfPage\":{\"@id\":\"https:\\\/\\\/szkoladucha.pl\\\/sklep\\\/produkt\\\/audiobook-twoj-jezyk-ma-moc\\\/#primaryimage\"},\"image\":{\"@id\":\"https:\\\/\\\/szkoladucha.pl\\\/sklep\\\/produkt\\\/audiobook-twoj-jezyk-ma-moc\\\/#primaryimage\"},\"thumbnailUrl\":\"https:\\\/\\\/szkoladucha.pl\\\/sklep\\\/wp-content\\\/uploads\\\/sites\\\/9\\\/2021\\\/11\\\/Audiobook-Twoj-jezyk-ma-moc-okladka.jpg\",\"datePublished\":\"2021-11-24T11:43:26+00:00\",\"dateModified\":\"2025-12-09T12:41:51+00:00\",\"breadcrumb\":{\"@id\":\"https:\\\/\\\/szkoladucha.pl\\\/sklep\\\/produkt\\\/audiobook-twoj-jezyk-ma-moc\\\/#breadcrumb\"},\"inLanguage\":\"pl-PL\",\"potentialAction\":[{\"@type\":\"ReadAction\",\"target\":[\"https:\\\/\\\/szkoladucha.pl\\\/sklep\\\/produkt\\\/audiobook-twoj-jezyk-ma-moc\\\/\"]}]},{\"@type\":\"ImageObject\",\"inLanguage\":\"pl-PL\",\"@id\":\"https:\\\/\\\/szkoladucha.pl\\\/sklep\\\/produkt\\\/audiobook-twoj-jezyk-ma-moc\\\/#primaryimage\",\"url\":\"https:\\\/\\\/szkoladucha.pl\\\/sklep\\\/wp-content\\\/uploads\\\/sites\\\/9\\\/2021\\\/11\\\/Audiobook-Twoj-jezyk-ma-moc-okladka.jpg\",\"contentUrl\":\"https:\\\/\\\/szkoladucha.pl\\\/sklep\\\/wp-content\\\/uploads\\\/sites\\\/9\\\/2021\\\/11\\\/Audiobook-Twoj-jezyk-ma-moc-okladka.jpg\",\"width\":1200,\"height\":1200,\"caption\":\"Audiobook Tw\u00f3j j\u0119zyk ma Moc ok\u0142adka\"},{\"@type\":\"BreadcrumbList\",\"@id\":\"https:\\\/\\\/szkoladucha.pl\\\/sklep\\\/produkt\\\/audiobook-twoj-jezyk-ma-moc\\\/#breadcrumb\",\"itemListElement\":[{\"@type\":\"ListItem\",\"position\":1,\"name\":\"Strona G\u0142\u00f3wna\",\"item\":\"https:\\\/\\\/szkoladucha.pl\\\/sklep\\\/\"},{\"@type\":\"ListItem\",\"position\":2,\"name\":\"Wszystkie Produkty\",\"item\":\"https:\\\/\\\/szkoladucha.pl\\\/sklep\\\/\"},{\"@type\":\"ListItem\",\"position\":3,\"name\":\"Audiobook &#8211; Tw\u00f3j j\u0119zyk ma Moc\"}]},{\"@type\":\"WebSite\",\"@id\":\"https:\\\/\\\/szkoladucha.pl\\\/sklep\\\/#website\",\"url\":\"https:\\\/\\\/szkoladucha.pl\\\/sklep\\\/\",\"name\":\"Sklep Szko\u0142a Ducha\",\"description\":\"Budujemy spo\u0142ecze\u0144stwo, kt\u00f3re tak jak my, \u015bwiadomie post\u0119puje zgodnie z planem.\",\"publisher\":{\"@id\":\"https:\\\/\\\/szkoladucha.pl\\\/sklep\\\/#organization\"},\"potentialAction\":[{\"@type\":\"SearchAction\",\"target\":{\"@type\":\"EntryPoint\",\"urlTemplate\":\"https:\\\/\\\/szkoladucha.pl\\\/sklep\\\/?s={search_term_string}\"},\"query-input\":{\"@type\":\"PropertyValueSpecification\",\"valueRequired\":true,\"valueName\":\"search_term_string\"}}],\"inLanguage\":\"pl-PL\"},{\"@type\":\"Organization\",\"@id\":\"https:\\\/\\\/szkoladucha.pl\\\/sklep\\\/#organization\",\"name\":\"Sklep Szko\u0142a Ducha\",\"url\":\"https:\\\/\\\/szkoladucha.pl\\\/sklep\\\/\",\"logo\":{\"@type\":\"ImageObject\",\"inLanguage\":\"pl-PL\",\"@id\":\"https:\\\/\\\/szkoladucha.pl\\\/sklep\\\/#\\\/schema\\\/logo\\\/image\\\/\",\"url\":\"https:\\\/\\\/szkoladucha.pl\\\/sklep\\\/wp-content\\\/uploads\\\/sites\\\/9\\\/2022\\\/02\\\/Sklep_Szkola_Ducha-Logo.svg\",\"contentUrl\":\"https:\\\/\\\/szkoladucha.pl\\\/sklep\\\/wp-content\\\/uploads\\\/sites\\\/9\\\/2022\\\/02\\\/Sklep_Szkola_Ducha-Logo.svg\",\"width\":100,\"height\":100,\"caption\":\"Sklep Szko\u0142a Ducha\"},\"image\":{\"@id\":\"https:\\\/\\\/szkoladucha.pl\\\/sklep\\\/#\\\/schema\\\/logo\\\/image\\\/\"}}]}<\/script>\n<!-- \/ Yoast SEO plugin. -->","yoast_head_json":{"title":"Audiobook - Tw\u00f3j j\u0119zyk ma Moc - Sklep Szko\u0142a Ducha","robots":{"index":"index","follow":"follow","max-snippet":"max-snippet:-1","max-image-preview":"max-image-preview:large","max-video-preview":"max-video-preview:-1"},"canonical":"https:\/\/szkoladucha.pl\/sklep\/produkt\/audiobook-twoj-jezyk-ma-moc\/","og_locale":"pl_PL","og_type":"article","og_title":"Audiobook - Tw\u00f3j j\u0119zyk ma Moc - Sklep Szko\u0142a Ducha","og_description":"Audiobook nagrany w formacie MP3 na p\u0142ycie CD.","og_url":"https:\/\/szkoladucha.pl\/sklep\/produkt\/audiobook-twoj-jezyk-ma-moc\/","og_site_name":"Sklep Szko\u0142a Ducha","article_modified_time":"2025-12-09T12:41:51+00:00","og_image":[{"width":1200,"height":1200,"url":"https:\/\/szkoladucha.pl\/sklep\/wp-content\/uploads\/sites\/9\/2021\/11\/Audiobook-Twoj-jezyk-ma-moc-okladka.jpg","type":"image\/jpeg"}],"twitter_card":"summary_large_image","twitter_misc":{"Szacowany czas czytania":"2 minuty"},"schema":{"@context":"https:\/\/schema.org","@graph":[{"@type":"WebPage","@id":"https:\/\/szkoladucha.pl\/sklep\/produkt\/audiobook-twoj-jezyk-ma-moc\/","url":"https:\/\/szkoladucha.pl\/sklep\/produkt\/audiobook-twoj-jezyk-ma-moc\/","name":"Audiobook - Tw\u00f3j j\u0119zyk ma Moc - Sklep Szko\u0142a Ducha","isPartOf":{"@id":"https:\/\/szkoladucha.pl\/sklep\/#website"},"primaryImageOfPage":{"@id":"https:\/\/szkoladucha.pl\/sklep\/produkt\/audiobook-twoj-jezyk-ma-moc\/#primaryimage"},"image":{"@id":"https:\/\/szkoladucha.pl\/sklep\/produkt\/audiobook-twoj-jezyk-ma-moc\/#primaryimage"},"thumbnailUrl":"https:\/\/szkoladucha.pl\/sklep\/wp-content\/uploads\/sites\/9\/2021\/11\/Audiobook-Twoj-jezyk-ma-moc-okladka.jpg","datePublished":"2021-11-24T11:43:26+00:00","dateModified":"2025-12-09T12:41:51+00:00","breadcrumb":{"@id":"https:\/\/szkoladucha.pl\/sklep\/produkt\/audiobook-twoj-jezyk-ma-moc\/#breadcrumb"},"inLanguage":"pl-PL","potentialAction":[{"@type":"ReadAction","target":["https:\/\/szkoladucha.pl\/sklep\/produkt\/audiobook-twoj-jezyk-ma-moc\/"]}]},{"@type":"ImageObject","inLanguage":"pl-PL","@id":"https:\/\/szkoladucha.pl\/sklep\/produkt\/audiobook-twoj-jezyk-ma-moc\/#primaryimage","url":"https:\/\/szkoladucha.pl\/sklep\/wp-content\/uploads\/sites\/9\/2021\/11\/Audiobook-Twoj-jezyk-ma-moc-okladka.jpg","contentUrl":"https:\/\/szkoladucha.pl\/sklep\/wp-content\/uploads\/sites\/9\/2021\/11\/Audiobook-Twoj-jezyk-ma-moc-okladka.jpg","width":1200,"height":1200,"caption":"Audiobook Tw\u00f3j j\u0119zyk ma Moc ok\u0142adka"},{"@type":"BreadcrumbList","@id":"https:\/\/szkoladucha.pl\/sklep\/produkt\/audiobook-twoj-jezyk-ma-moc\/#breadcrumb","itemListElement":[{"@type":"ListItem","position":1,"name":"Strona G\u0142\u00f3wna","item":"https:\/\/szkoladucha.pl\/sklep\/"},{"@type":"ListItem","position":2,"name":"Wszystkie Produkty","item":"https:\/\/szkoladucha.pl\/sklep\/"},{"@type":"ListItem","position":3,"name":"Audiobook &#8211; Tw\u00f3j j\u0119zyk ma Moc"}]},{"@type":"WebSite","@id":"https:\/\/szkoladucha.pl\/sklep\/#website","url":"https:\/\/szkoladucha.pl\/sklep\/","name":"Sklep Szko\u0142a Ducha","description":"Budujemy spo\u0142ecze\u0144stwo, kt\u00f3re tak jak my, \u015bwiadomie post\u0119puje zgodnie z planem.","publisher":{"@id":"https:\/\/szkoladucha.pl\/sklep\/#organization"},"potentialAction":[{"@type":"SearchAction","target":{"@type":"EntryPoint","urlTemplate":"https:\/\/szkoladucha.pl\/sklep\/?s={search_term_string}"},"query-input":{"@type":"PropertyValueSpecification","valueRequired":true,"valueName":"search_term_string"}}],"inLanguage":"pl-PL"},{"@type":"Organization","@id":"https:\/\/szkoladucha.pl\/sklep\/#organization","name":"Sklep Szko\u0142a Ducha","url":"https:\/\/szkoladucha.pl\/sklep\/","logo":{"@type":"ImageObject","inLanguage":"pl-PL","@id":"https:\/\/szkoladucha.pl\/sklep\/#\/schema\/logo\/image\/","url":"https:\/\/szkoladucha.pl\/sklep\/wp-content\/uploads\/sites\/9\/2022\/02\/Sklep_Szkola_Ducha-Logo.svg","contentUrl":"https:\/\/szkoladucha.pl\/sklep\/wp-content\/uploads\/sites\/9\/2022\/02\/Sklep_Szkola_Ducha-Logo.svg","width":100,"height":100,"caption":"Sklep Szko\u0142a Ducha"},"image":{"@id":"https:\/\/szkoladucha.pl\/sklep\/#\/schema\/logo\/image\/"}}]}},"_links":{"self":[{"href":"https:\/\/szkoladucha.pl\/sklep\/wp-json\/wp\/v2\/product\/5260","targetHints":{"allow":["GET"]}}],"collection":[{"href":"https:\/\/szkoladucha.pl\/sklep\/wp-json\/wp\/v2\/product"}],"about":[{"href":"https:\/\/szkoladucha.pl\/sklep\/wp-json\/wp\/v2\/types\/product"}],"replies":[{"embeddable":true,"href":"https:\/\/szkoladucha.pl\/sklep\/wp-json\/wp\/v2\/comments?post=5260"}],"wp:featuredmedia":[{"embeddable":true,"href":"https:\/\/szkoladucha.pl\/sklep\/wp-json\/wp\/v2\/media\/5255"}],"wp:attachment":[{"href":"https:\/\/szkoladucha.pl\/sklep\/wp-json\/wp\/v2\/media?parent=5260"}],"wp:term":[{"taxonomy":"product_brand","embeddable":true,"href":"https:\/\/szkoladucha.pl\/sklep\/wp-json\/wp\/v2\/product_brand?post=5260"},{"taxonomy":"product_cat","embeddable":true,"href":"https:\/\/szkoladucha.pl\/sklep\/wp-json\/wp\/v2\/product_cat?post=5260"},{"taxonomy":"product_tag","embeddable":true,"href":"https:\/\/szkoladucha.pl\/sklep\/wp-json\/wp\/v2\/product_tag?post=5260"}],"curies":[{"name":"wp","href":"https:\/\/api.w.org\/{rel}","templated":true}]}}