{"id":5288,"date":"2021-11-24T12:49:01","date_gmt":"2021-11-24T12:49:01","guid":{"rendered":"https:\/\/szkoladucha.pl\/sklep\/?post_type=product&#038;p=5288"},"modified":"2026-03-27T15:36:37","modified_gmt":"2026-03-27T15:36:37","slug":"new-generation-of-worship","status":"publish","type":"product","link":"https:\/\/szkoladucha.pl\/sklep\/produkt\/new-generation-of-worship\/","title":{"rendered":"New Generation of Worship"},"content":{"rendered":"<div class=\"btx-item js-item-heading btx-heading btx-heading--plain btx-left-align btx-uppercase\">\n<h2>P\u0142yta Roku 2013<\/h2>\n<p>w\u00a0plebiscycie organizowanym przez\u00a0Chrze\u015bcija\u0144skie Granie.<\/p>\n<p>New Generation of Worship to\u00a0now pokolenie uwielbienia i\u00a0nowa generacja uwielbienia. Znane i\u00a0mniej znane piosenki w\u00a0wykonaniu dzieci i\u00a0m\u0142odzie\u017cy projektu Armia Dzieci. Ich pasj\u0105 jest oddawanie chwa\u0142y Bogu, co s\u0142ycha\u0107 na\u00a0tej\u00a0p\u0142ycie.<\/p>\n<p>Daj si\u0119 porwa\u0107 w\u00a0wir chwa\u0142y!<\/p>\n<h3 class=\"btx-heading-text btx-secondary-font btx-s-text-color btx-s-text-border\">UTWORY<\/h3>\n<\/div>\n<div class=\"btx-item js-item-text btx-text btx-left-align btx-primary-font\">\n<div class=\"btx-row\">\n<div class=\"btx-text-content btx-col-12\">\n<div class=\"btx-text-content-inner\">\n<ol class=\"btx-text-bullet\">\n<li>Intro<\/li>\n<li>Mt 21, 14-17<\/li>\n<li>Imi\u0119 Pana jest twierdz\u0105<\/li>\n<li>Ha 3, 17-18<\/li>\n<li>B\u0119d\u0119 wielbi\u0142 Ci\u0119<\/li>\n<li>Rz 8, 35.37-39<\/li>\n<li>Najwa\u017cniejszy jeste\u015b Ty<\/li>\n<li>Ef 1, 5-12<\/li>\n<li>Fale Twojej \u0142aski Panie<\/li>\n<li>Ps 24<\/li>\n<li>Jezus superbohater<\/li>\n<li>Ps 95<\/li>\n<li>Jezus drog\u0105<\/li>\n<li>1Sm 2, 1b-10<\/li>\n<li>Zabawa w Duchu \u015awi\u0119tym<\/li>\n<li>Ap 19, 7n<\/li>\n<li>Najpi\u0119kniejszy<\/li>\n<li>Hbr 11, 32-34; 12, 1-2<\/li>\n<li>Powiedz \u015bwiatu<\/li>\n<\/ol>\n<\/div>\n<\/div>\n<\/div>\n<\/div>\n","protected":false},"excerpt":{"rendered":"<p>Znane i\u00a0mniej znane piosenki oraz autorskie utwory w\u00a0wykonaniu dzieci i\u00a0m\u0142odzie\u017cy projektu Armia Dzieci.<\/p>\n","protected":false},"featured_media":5286,"comment_status":"open","ping_status":"closed","template":"","meta":[],"product_brand":[],"product_cat":[34],"product_tag":[],"class_list":{"0":"post-5288","1":"product","2":"type-product","3":"status-publish","4":"has-post-thumbnail","6":"product_cat-plyty","7":"pa_autor-armia-dzieci","8":"pa_rok-wydania-89","9":"pa_tytul-armia-dzieci-dzieciom","10":"sales-flash-overlay","11":"woocommerce-text-align-left","12":"woocommerce-image-align-center","13":"do-quantity-buttons","14":"wc-has-gallery","16":"first","17":"instock","18":"taxable","19":"shipping-taxable","20":"purchasable","21":"product-type-simple"},"bundled_by":[],"bundle_stock_status":"instock","bundle_stock_quantity":null,"bundle_virtual":false,"bundle_layout":"","bundle_add_to_cart_form_location":"","bundle_editable_in_cart":false,"bundle_sold_individually_context":"","bundle_item_grouping":"","bundle_min_size":"","bundle_max_size":"","bundle_price":[],"bundled_items":[],"bundle_sell_ids":[],"yoast_head":"<!-- This site is optimized with the Yoast SEO plugin v27.3 - https:\/\/yoast.com\/product\/yoast-seo-wordpress\/ -->\n<title>New Generation of Worship - Sklep Szko\u0142a Ducha<\/title>\n<meta name=\"robots\" content=\"index, follow, max-snippet:-1, max-image-preview:large, max-video-preview:-1\" \/>\n<link rel=\"canonical\" href=\"https:\/\/szkoladucha.pl\/sklep\/produkt\/new-generation-of-worship\/\" \/>\n<meta property=\"og:locale\" content=\"pl_PL\" \/>\n<meta property=\"og:type\" content=\"article\" \/>\n<meta property=\"og:title\" content=\"New Generation of Worship - Sklep Szko\u0142a Ducha\" \/>\n<meta property=\"og:description\" content=\"Znane i\u00a0mniej znane piosenki oraz autorskie utwory w\u00a0wykonaniu dzieci i\u00a0m\u0142odzie\u017cy projektu Armia Dzieci.\" \/>\n<meta property=\"og:url\" content=\"https:\/\/szkoladucha.pl\/sklep\/produkt\/new-generation-of-worship\/\" \/>\n<meta property=\"og:site_name\" content=\"Sklep Szko\u0142a Ducha\" \/>\n<meta property=\"article:modified_time\" content=\"2026-03-27T15:36:37+00:00\" \/>\n<meta property=\"og:image\" content=\"https:\/\/szkoladucha.pl\/sklep\/wp-content\/uploads\/sites\/9\/2021\/11\/new-generation-of-worship-okladka.jpg\" \/>\n\t<meta property=\"og:image:width\" content=\"1200\" \/>\n\t<meta property=\"og:image:height\" content=\"1200\" \/>\n\t<meta property=\"og:image:type\" content=\"image\/jpeg\" \/>\n<meta name=\"twitter:card\" content=\"summary_large_image\" \/>\n<meta name=\"twitter:label1\" content=\"Szacowany czas czytania\" \/>\n\t<meta name=\"twitter:data1\" content=\"1 minuta\" \/>\n<script type=\"application\/ld+json\" class=\"yoast-schema-graph\">{\"@context\":\"https:\\\/\\\/schema.org\",\"@graph\":[{\"@type\":\"WebPage\",\"@id\":\"https:\\\/\\\/szkoladucha.pl\\\/sklep\\\/produkt\\\/new-generation-of-worship\\\/\",\"url\":\"https:\\\/\\\/szkoladucha.pl\\\/sklep\\\/produkt\\\/new-generation-of-worship\\\/\",\"name\":\"New Generation of Worship - Sklep Szko\u0142a Ducha\",\"isPartOf\":{\"@id\":\"https:\\\/\\\/szkoladucha.pl\\\/sklep\\\/#website\"},\"primaryImageOfPage\":{\"@id\":\"https:\\\/\\\/szkoladucha.pl\\\/sklep\\\/produkt\\\/new-generation-of-worship\\\/#primaryimage\"},\"image\":{\"@id\":\"https:\\\/\\\/szkoladucha.pl\\\/sklep\\\/produkt\\\/new-generation-of-worship\\\/#primaryimage\"},\"thumbnailUrl\":\"https:\\\/\\\/szkoladucha.pl\\\/sklep\\\/wp-content\\\/uploads\\\/sites\\\/9\\\/2021\\\/11\\\/new-generation-of-worship-okladka.jpg\",\"datePublished\":\"2021-11-24T12:49:01+00:00\",\"dateModified\":\"2026-03-27T15:36:37+00:00\",\"breadcrumb\":{\"@id\":\"https:\\\/\\\/szkoladucha.pl\\\/sklep\\\/produkt\\\/new-generation-of-worship\\\/#breadcrumb\"},\"inLanguage\":\"pl-PL\",\"potentialAction\":[{\"@type\":\"ReadAction\",\"target\":[\"https:\\\/\\\/szkoladucha.pl\\\/sklep\\\/produkt\\\/new-generation-of-worship\\\/\"]}]},{\"@type\":\"ImageObject\",\"inLanguage\":\"pl-PL\",\"@id\":\"https:\\\/\\\/szkoladucha.pl\\\/sklep\\\/produkt\\\/new-generation-of-worship\\\/#primaryimage\",\"url\":\"https:\\\/\\\/szkoladucha.pl\\\/sklep\\\/wp-content\\\/uploads\\\/sites\\\/9\\\/2021\\\/11\\\/new-generation-of-worship-okladka.jpg\",\"contentUrl\":\"https:\\\/\\\/szkoladucha.pl\\\/sklep\\\/wp-content\\\/uploads\\\/sites\\\/9\\\/2021\\\/11\\\/new-generation-of-worship-okladka.jpg\",\"width\":1200,\"height\":1200,\"caption\":\"P\u0142yta New Generation of Worship - okladka\"},{\"@type\":\"BreadcrumbList\",\"@id\":\"https:\\\/\\\/szkoladucha.pl\\\/sklep\\\/produkt\\\/new-generation-of-worship\\\/#breadcrumb\",\"itemListElement\":[{\"@type\":\"ListItem\",\"position\":1,\"name\":\"Strona G\u0142\u00f3wna\",\"item\":\"https:\\\/\\\/szkoladucha.pl\\\/sklep\\\/\"},{\"@type\":\"ListItem\",\"position\":2,\"name\":\"Wszystkie Produkty\",\"item\":\"https:\\\/\\\/szkoladucha.pl\\\/sklep\\\/\"},{\"@type\":\"ListItem\",\"position\":3,\"name\":\"New Generation of Worship\"}]},{\"@type\":\"WebSite\",\"@id\":\"https:\\\/\\\/szkoladucha.pl\\\/sklep\\\/#website\",\"url\":\"https:\\\/\\\/szkoladucha.pl\\\/sklep\\\/\",\"name\":\"Sklep Szko\u0142a Ducha\",\"description\":\"Budujemy spo\u0142ecze\u0144stwo, kt\u00f3re tak jak my, \u015bwiadomie post\u0119puje zgodnie z planem.\",\"publisher\":{\"@id\":\"https:\\\/\\\/szkoladucha.pl\\\/sklep\\\/#organization\"},\"potentialAction\":[{\"@type\":\"SearchAction\",\"target\":{\"@type\":\"EntryPoint\",\"urlTemplate\":\"https:\\\/\\\/szkoladucha.pl\\\/sklep\\\/?s={search_term_string}\"},\"query-input\":{\"@type\":\"PropertyValueSpecification\",\"valueRequired\":true,\"valueName\":\"search_term_string\"}}],\"inLanguage\":\"pl-PL\"},{\"@type\":\"Organization\",\"@id\":\"https:\\\/\\\/szkoladucha.pl\\\/sklep\\\/#organization\",\"name\":\"Sklep Szko\u0142a Ducha\",\"url\":\"https:\\\/\\\/szkoladucha.pl\\\/sklep\\\/\",\"logo\":{\"@type\":\"ImageObject\",\"inLanguage\":\"pl-PL\",\"@id\":\"https:\\\/\\\/szkoladucha.pl\\\/sklep\\\/#\\\/schema\\\/logo\\\/image\\\/\",\"url\":\"https:\\\/\\\/szkoladucha.pl\\\/sklep\\\/wp-content\\\/uploads\\\/sites\\\/9\\\/2022\\\/02\\\/Sklep_Szkola_Ducha-Logo.svg\",\"contentUrl\":\"https:\\\/\\\/szkoladucha.pl\\\/sklep\\\/wp-content\\\/uploads\\\/sites\\\/9\\\/2022\\\/02\\\/Sklep_Szkola_Ducha-Logo.svg\",\"width\":100,\"height\":100,\"caption\":\"Sklep Szko\u0142a Ducha\"},\"image\":{\"@id\":\"https:\\\/\\\/szkoladucha.pl\\\/sklep\\\/#\\\/schema\\\/logo\\\/image\\\/\"}}]}<\/script>\n<!-- \/ Yoast SEO plugin. -->","yoast_head_json":{"title":"New Generation of Worship - Sklep Szko\u0142a Ducha","robots":{"index":"index","follow":"follow","max-snippet":"max-snippet:-1","max-image-preview":"max-image-preview:large","max-video-preview":"max-video-preview:-1"},"canonical":"https:\/\/szkoladucha.pl\/sklep\/produkt\/new-generation-of-worship\/","og_locale":"pl_PL","og_type":"article","og_title":"New Generation of Worship - Sklep Szko\u0142a Ducha","og_description":"Znane i\u00a0mniej znane piosenki oraz autorskie utwory w\u00a0wykonaniu dzieci i\u00a0m\u0142odzie\u017cy projektu Armia Dzieci.","og_url":"https:\/\/szkoladucha.pl\/sklep\/produkt\/new-generation-of-worship\/","og_site_name":"Sklep Szko\u0142a Ducha","article_modified_time":"2026-03-27T15:36:37+00:00","og_image":[{"width":1200,"height":1200,"url":"https:\/\/szkoladucha.pl\/sklep\/wp-content\/uploads\/sites\/9\/2021\/11\/new-generation-of-worship-okladka.jpg","type":"image\/jpeg"}],"twitter_card":"summary_large_image","twitter_misc":{"Szacowany czas czytania":"1 minuta"},"schema":{"@context":"https:\/\/schema.org","@graph":[{"@type":"WebPage","@id":"https:\/\/szkoladucha.pl\/sklep\/produkt\/new-generation-of-worship\/","url":"https:\/\/szkoladucha.pl\/sklep\/produkt\/new-generation-of-worship\/","name":"New Generation of Worship - Sklep Szko\u0142a Ducha","isPartOf":{"@id":"https:\/\/szkoladucha.pl\/sklep\/#website"},"primaryImageOfPage":{"@id":"https:\/\/szkoladucha.pl\/sklep\/produkt\/new-generation-of-worship\/#primaryimage"},"image":{"@id":"https:\/\/szkoladucha.pl\/sklep\/produkt\/new-generation-of-worship\/#primaryimage"},"thumbnailUrl":"https:\/\/szkoladucha.pl\/sklep\/wp-content\/uploads\/sites\/9\/2021\/11\/new-generation-of-worship-okladka.jpg","datePublished":"2021-11-24T12:49:01+00:00","dateModified":"2026-03-27T15:36:37+00:00","breadcrumb":{"@id":"https:\/\/szkoladucha.pl\/sklep\/produkt\/new-generation-of-worship\/#breadcrumb"},"inLanguage":"pl-PL","potentialAction":[{"@type":"ReadAction","target":["https:\/\/szkoladucha.pl\/sklep\/produkt\/new-generation-of-worship\/"]}]},{"@type":"ImageObject","inLanguage":"pl-PL","@id":"https:\/\/szkoladucha.pl\/sklep\/produkt\/new-generation-of-worship\/#primaryimage","url":"https:\/\/szkoladucha.pl\/sklep\/wp-content\/uploads\/sites\/9\/2021\/11\/new-generation-of-worship-okladka.jpg","contentUrl":"https:\/\/szkoladucha.pl\/sklep\/wp-content\/uploads\/sites\/9\/2021\/11\/new-generation-of-worship-okladka.jpg","width":1200,"height":1200,"caption":"P\u0142yta New Generation of Worship - okladka"},{"@type":"BreadcrumbList","@id":"https:\/\/szkoladucha.pl\/sklep\/produkt\/new-generation-of-worship\/#breadcrumb","itemListElement":[{"@type":"ListItem","position":1,"name":"Strona G\u0142\u00f3wna","item":"https:\/\/szkoladucha.pl\/sklep\/"},{"@type":"ListItem","position":2,"name":"Wszystkie Produkty","item":"https:\/\/szkoladucha.pl\/sklep\/"},{"@type":"ListItem","position":3,"name":"New Generation of Worship"}]},{"@type":"WebSite","@id":"https:\/\/szkoladucha.pl\/sklep\/#website","url":"https:\/\/szkoladucha.pl\/sklep\/","name":"Sklep Szko\u0142a Ducha","description":"Budujemy spo\u0142ecze\u0144stwo, kt\u00f3re tak jak my, \u015bwiadomie post\u0119puje zgodnie z planem.","publisher":{"@id":"https:\/\/szkoladucha.pl\/sklep\/#organization"},"potentialAction":[{"@type":"SearchAction","target":{"@type":"EntryPoint","urlTemplate":"https:\/\/szkoladucha.pl\/sklep\/?s={search_term_string}"},"query-input":{"@type":"PropertyValueSpecification","valueRequired":true,"valueName":"search_term_string"}}],"inLanguage":"pl-PL"},{"@type":"Organization","@id":"https:\/\/szkoladucha.pl\/sklep\/#organization","name":"Sklep Szko\u0142a Ducha","url":"https:\/\/szkoladucha.pl\/sklep\/","logo":{"@type":"ImageObject","inLanguage":"pl-PL","@id":"https:\/\/szkoladucha.pl\/sklep\/#\/schema\/logo\/image\/","url":"https:\/\/szkoladucha.pl\/sklep\/wp-content\/uploads\/sites\/9\/2022\/02\/Sklep_Szkola_Ducha-Logo.svg","contentUrl":"https:\/\/szkoladucha.pl\/sklep\/wp-content\/uploads\/sites\/9\/2022\/02\/Sklep_Szkola_Ducha-Logo.svg","width":100,"height":100,"caption":"Sklep Szko\u0142a Ducha"},"image":{"@id":"https:\/\/szkoladucha.pl\/sklep\/#\/schema\/logo\/image\/"}}]}},"_links":{"self":[{"href":"https:\/\/szkoladucha.pl\/sklep\/wp-json\/wp\/v2\/product\/5288","targetHints":{"allow":["GET"]}}],"collection":[{"href":"https:\/\/szkoladucha.pl\/sklep\/wp-json\/wp\/v2\/product"}],"about":[{"href":"https:\/\/szkoladucha.pl\/sklep\/wp-json\/wp\/v2\/types\/product"}],"replies":[{"embeddable":true,"href":"https:\/\/szkoladucha.pl\/sklep\/wp-json\/wp\/v2\/comments?post=5288"}],"wp:featuredmedia":[{"embeddable":true,"href":"https:\/\/szkoladucha.pl\/sklep\/wp-json\/wp\/v2\/media\/5286"}],"wp:attachment":[{"href":"https:\/\/szkoladucha.pl\/sklep\/wp-json\/wp\/v2\/media?parent=5288"}],"wp:term":[{"taxonomy":"product_brand","embeddable":true,"href":"https:\/\/szkoladucha.pl\/sklep\/wp-json\/wp\/v2\/product_brand?post=5288"},{"taxonomy":"product_cat","embeddable":true,"href":"https:\/\/szkoladucha.pl\/sklep\/wp-json\/wp\/v2\/product_cat?post=5288"},{"taxonomy":"product_tag","embeddable":true,"href":"https:\/\/szkoladucha.pl\/sklep\/wp-json\/wp\/v2\/product_tag?post=5288"}],"curies":[{"name":"wp","href":"https:\/\/api.w.org\/{rel}","templated":true}]}}