{"id":7386,"date":"2022-11-17T11:23:49","date_gmt":"2022-11-17T11:23:49","guid":{"rendered":"https:\/\/szkoladucha.pl\/sklep\/?post_type=product&#038;p=7386"},"modified":"2024-08-06T08:31:22","modified_gmt":"2024-08-06T08:31:22","slug":"ebook-moge-zrobie-mam-czas","status":"publish","type":"product","link":"https:\/\/szkoladucha.pl\/sklep\/produkt\/ebook-moge-zrobie-mam-czas\/","title":{"rendered":"Ebook &#8211; mog\u0119, zrobi\u0119,\u00a0mam czas!"},"content":{"rendered":"<h2>Ma\u0142ymi krokami osi\u0105gamy wielkie cele!<\/h2>\n<ul>\n<li style=\"list-style-type: none;\">\n<ul>\n<li>W tym ebooku zebra\u0142am dla Ciebie u\u017cyteczne i praktyczne metody na codzienne wyzwania zwi\u0105zane z planowaniem czasu<\/li>\n<li>Je\u017celi doskwiera ci brak rozwi\u0105za\u0144 na organizacj\u0119 czasu \u2013 zdaj si\u0119 na moje 30 letnie do\u015bwiadczenie, docenione przez moich klient\u00f3w.<\/li>\n<li>Ten e-book oka\u017ce si\u0119 wielk\u0105 pomoc\u0105 w codziennych sytuacjach planowania zar\u00f3wno nowych jak i rutynowych zada\u0144.<\/li>\n<li>Ten ebook napisa\u0142am dla os\u00f3b, kt\u00f3re potrzebuj\u0105 wskaz\u00f3wek, jako odpowied\u017a na wyzwania, kt\u00f3re zg\u0142osili mi klienci na konsultacjach<\/li>\n<\/ul>\n<\/li>\n<\/ul>\n","protected":false},"excerpt":{"rendered":"<p>Ma\u0142ymi krokami osi\u0105gamy wielkie cele! W tym ebooku zebra\u0142am dla Ciebie u\u017cyteczne i praktyczne metody na codzienne wyzwania zwi\u0105zane z planowaniem czasu Je\u017celi doskwiera ci brak rozwi\u0105za\u0144 na organizacj\u0119 czasu \u2013 zdaj si\u0119 na moje 30 letnie do\u015bwiadczenie, docenione przez moich klient\u00f3w. Ten e-book oka\u017ce si\u0119 wielk\u0105 pomoc\u0105 w codziennych sytuacjach planowania zar\u00f3wno nowych jak &#8230; <a title=\"Ebook &#8211; mog\u0119, zrobi\u0119,\u00a0mam czas!\" class=\"read-more\" href=\"https:\/\/szkoladucha.pl\/sklep\/produkt\/ebook-moge-zrobie-mam-czas\/\" aria-label=\"Dowiedz si\u0119 wi\u0119cej o Ebook &#8211; mog\u0119, zrobi\u0119,\u00a0mam czas!\">Dowiedz si\u0119 wi\u0119cej<\/a><\/p>\n","protected":false},"featured_media":7390,"comment_status":"open","ping_status":"closed","template":"","meta":[],"product_brand":[],"product_cat":[127,32],"product_tag":[],"class_list":{"0":"post-7386","1":"product","2":"type-product","3":"status-publish","4":"has-post-thumbnail","6":"product_cat-ebooki","7":"product_cat-ksiazki","8":"pa_autor-dr-anna-saj","9":"pa_ilosc-stron-111","10":"pa_tytul-moge-zrobie-mam-czas","11":"sales-flash-overlay","12":"woocommerce-text-align-left","13":"woocommerce-image-align-center","14":"do-quantity-buttons","15":"wc-has-gallery","17":"first","18":"instock","19":"sale","20":"downloadable","21":"virtual","22":"taxable","23":"purchasable","24":"product-type-simple"},"bundled_by":[],"bundle_stock_status":"instock","bundle_stock_quantity":null,"bundle_virtual":false,"bundle_layout":"","bundle_add_to_cart_form_location":"","bundle_editable_in_cart":false,"bundle_sold_individually_context":"","bundle_item_grouping":"","bundle_min_size":"","bundle_max_size":"","bundle_price":[],"bundled_items":[],"bundle_sell_ids":[],"yoast_head":"<!-- This site is optimized with the Yoast SEO plugin v27.3 - https:\/\/yoast.com\/product\/yoast-seo-wordpress\/ -->\n<title>Ebook - mog\u0119, zrobi\u0119,\u00a0mam czas! - Sklep Szko\u0142a Ducha<\/title>\n<meta name=\"robots\" content=\"index, follow, max-snippet:-1, max-image-preview:large, max-video-preview:-1\" \/>\n<link rel=\"canonical\" href=\"https:\/\/szkoladucha.pl\/sklep\/produkt\/ebook-moge-zrobie-mam-czas\/\" \/>\n<meta property=\"og:locale\" content=\"pl_PL\" \/>\n<meta property=\"og:type\" content=\"article\" \/>\n<meta property=\"og:title\" content=\"Ebook - mog\u0119, zrobi\u0119,\u00a0mam czas! - Sklep Szko\u0142a Ducha\" \/>\n<meta property=\"og:description\" content=\"Ma\u0142ymi krokami osi\u0105gamy wielkie cele! W tym ebooku zebra\u0142am dla Ciebie u\u017cyteczne i praktyczne metody na codzienne wyzwania zwi\u0105zane z planowaniem czasu Je\u017celi doskwiera ci brak rozwi\u0105za\u0144 na organizacj\u0119 czasu \u2013 zdaj si\u0119 na moje 30 letnie do\u015bwiadczenie, docenione przez moich klient\u00f3w. Ten e-book oka\u017ce si\u0119 wielk\u0105 pomoc\u0105 w codziennych sytuacjach planowania zar\u00f3wno nowych jak ... Dowiedz si\u0119 wi\u0119cej\" \/>\n<meta property=\"og:url\" content=\"https:\/\/szkoladucha.pl\/sklep\/produkt\/ebook-moge-zrobie-mam-czas\/\" \/>\n<meta property=\"og:site_name\" content=\"Sklep Szko\u0142a Ducha\" \/>\n<meta property=\"article:modified_time\" content=\"2024-08-06T08:31:22+00:00\" \/>\n<meta property=\"og:image\" content=\"https:\/\/szkoladucha.pl\/sklep\/wp-content\/uploads\/sites\/9\/2022\/11\/ebook-moge-zrobie-11.jpg\" \/>\n\t<meta property=\"og:image:width\" content=\"1200\" \/>\n\t<meta property=\"og:image:height\" content=\"1200\" \/>\n\t<meta property=\"og:image:type\" content=\"image\/jpeg\" \/>\n<meta name=\"twitter:card\" content=\"summary_large_image\" \/>\n<meta name=\"twitter:label1\" content=\"Szacowany czas czytania\" \/>\n\t<meta name=\"twitter:data1\" content=\"1 minuta\" \/>\n<script type=\"application\/ld+json\" class=\"yoast-schema-graph\">{\"@context\":\"https:\\\/\\\/schema.org\",\"@graph\":[{\"@type\":\"WebPage\",\"@id\":\"https:\\\/\\\/szkoladucha.pl\\\/sklep\\\/produkt\\\/ebook-moge-zrobie-mam-czas\\\/\",\"url\":\"https:\\\/\\\/szkoladucha.pl\\\/sklep\\\/produkt\\\/ebook-moge-zrobie-mam-czas\\\/\",\"name\":\"Ebook - mog\u0119, zrobi\u0119,\u00a0mam czas! - Sklep Szko\u0142a Ducha\",\"isPartOf\":{\"@id\":\"https:\\\/\\\/szkoladucha.pl\\\/sklep\\\/#website\"},\"primaryImageOfPage\":{\"@id\":\"https:\\\/\\\/szkoladucha.pl\\\/sklep\\\/produkt\\\/ebook-moge-zrobie-mam-czas\\\/#primaryimage\"},\"image\":{\"@id\":\"https:\\\/\\\/szkoladucha.pl\\\/sklep\\\/produkt\\\/ebook-moge-zrobie-mam-czas\\\/#primaryimage\"},\"thumbnailUrl\":\"https:\\\/\\\/szkoladucha.pl\\\/sklep\\\/wp-content\\\/uploads\\\/sites\\\/9\\\/2022\\\/11\\\/ebook-moge-zrobie-11.jpg\",\"datePublished\":\"2022-11-17T11:23:49+00:00\",\"dateModified\":\"2024-08-06T08:31:22+00:00\",\"breadcrumb\":{\"@id\":\"https:\\\/\\\/szkoladucha.pl\\\/sklep\\\/produkt\\\/ebook-moge-zrobie-mam-czas\\\/#breadcrumb\"},\"inLanguage\":\"pl-PL\",\"potentialAction\":[{\"@type\":\"ReadAction\",\"target\":[\"https:\\\/\\\/szkoladucha.pl\\\/sklep\\\/produkt\\\/ebook-moge-zrobie-mam-czas\\\/\"]}]},{\"@type\":\"ImageObject\",\"inLanguage\":\"pl-PL\",\"@id\":\"https:\\\/\\\/szkoladucha.pl\\\/sklep\\\/produkt\\\/ebook-moge-zrobie-mam-czas\\\/#primaryimage\",\"url\":\"https:\\\/\\\/szkoladucha.pl\\\/sklep\\\/wp-content\\\/uploads\\\/sites\\\/9\\\/2022\\\/11\\\/ebook-moge-zrobie-11.jpg\",\"contentUrl\":\"https:\\\/\\\/szkoladucha.pl\\\/sklep\\\/wp-content\\\/uploads\\\/sites\\\/9\\\/2022\\\/11\\\/ebook-moge-zrobie-11.jpg\",\"width\":1200,\"height\":1200},{\"@type\":\"BreadcrumbList\",\"@id\":\"https:\\\/\\\/szkoladucha.pl\\\/sklep\\\/produkt\\\/ebook-moge-zrobie-mam-czas\\\/#breadcrumb\",\"itemListElement\":[{\"@type\":\"ListItem\",\"position\":1,\"name\":\"Strona G\u0142\u00f3wna\",\"item\":\"https:\\\/\\\/szkoladucha.pl\\\/sklep\\\/\"},{\"@type\":\"ListItem\",\"position\":2,\"name\":\"Wszystkie Produkty\",\"item\":\"https:\\\/\\\/szkoladucha.pl\\\/sklep\\\/\"},{\"@type\":\"ListItem\",\"position\":3,\"name\":\"Ebook &#8211; mog\u0119, zrobi\u0119,\u00a0mam czas!\"}]},{\"@type\":\"WebSite\",\"@id\":\"https:\\\/\\\/szkoladucha.pl\\\/sklep\\\/#website\",\"url\":\"https:\\\/\\\/szkoladucha.pl\\\/sklep\\\/\",\"name\":\"Sklep Szko\u0142a Ducha\",\"description\":\"Budujemy spo\u0142ecze\u0144stwo, kt\u00f3re tak jak my, \u015bwiadomie post\u0119puje zgodnie z planem.\",\"publisher\":{\"@id\":\"https:\\\/\\\/szkoladucha.pl\\\/sklep\\\/#organization\"},\"potentialAction\":[{\"@type\":\"SearchAction\",\"target\":{\"@type\":\"EntryPoint\",\"urlTemplate\":\"https:\\\/\\\/szkoladucha.pl\\\/sklep\\\/?s={search_term_string}\"},\"query-input\":{\"@type\":\"PropertyValueSpecification\",\"valueRequired\":true,\"valueName\":\"search_term_string\"}}],\"inLanguage\":\"pl-PL\"},{\"@type\":\"Organization\",\"@id\":\"https:\\\/\\\/szkoladucha.pl\\\/sklep\\\/#organization\",\"name\":\"Sklep Szko\u0142a Ducha\",\"url\":\"https:\\\/\\\/szkoladucha.pl\\\/sklep\\\/\",\"logo\":{\"@type\":\"ImageObject\",\"inLanguage\":\"pl-PL\",\"@id\":\"https:\\\/\\\/szkoladucha.pl\\\/sklep\\\/#\\\/schema\\\/logo\\\/image\\\/\",\"url\":\"https:\\\/\\\/szkoladucha.pl\\\/sklep\\\/wp-content\\\/uploads\\\/sites\\\/9\\\/2022\\\/02\\\/Sklep_Szkola_Ducha-Logo.svg\",\"contentUrl\":\"https:\\\/\\\/szkoladucha.pl\\\/sklep\\\/wp-content\\\/uploads\\\/sites\\\/9\\\/2022\\\/02\\\/Sklep_Szkola_Ducha-Logo.svg\",\"width\":100,\"height\":100,\"caption\":\"Sklep Szko\u0142a Ducha\"},\"image\":{\"@id\":\"https:\\\/\\\/szkoladucha.pl\\\/sklep\\\/#\\\/schema\\\/logo\\\/image\\\/\"}}]}<\/script>\n<!-- \/ Yoast SEO plugin. -->","yoast_head_json":{"title":"Ebook - mog\u0119, zrobi\u0119,\u00a0mam czas! - Sklep Szko\u0142a Ducha","robots":{"index":"index","follow":"follow","max-snippet":"max-snippet:-1","max-image-preview":"max-image-preview:large","max-video-preview":"max-video-preview:-1"},"canonical":"https:\/\/szkoladucha.pl\/sklep\/produkt\/ebook-moge-zrobie-mam-czas\/","og_locale":"pl_PL","og_type":"article","og_title":"Ebook - mog\u0119, zrobi\u0119,\u00a0mam czas! - Sklep Szko\u0142a Ducha","og_description":"Ma\u0142ymi krokami osi\u0105gamy wielkie cele! W tym ebooku zebra\u0142am dla Ciebie u\u017cyteczne i praktyczne metody na codzienne wyzwania zwi\u0105zane z planowaniem czasu Je\u017celi doskwiera ci brak rozwi\u0105za\u0144 na organizacj\u0119 czasu \u2013 zdaj si\u0119 na moje 30 letnie do\u015bwiadczenie, docenione przez moich klient\u00f3w. Ten e-book oka\u017ce si\u0119 wielk\u0105 pomoc\u0105 w codziennych sytuacjach planowania zar\u00f3wno nowych jak ... Dowiedz si\u0119 wi\u0119cej","og_url":"https:\/\/szkoladucha.pl\/sklep\/produkt\/ebook-moge-zrobie-mam-czas\/","og_site_name":"Sklep Szko\u0142a Ducha","article_modified_time":"2024-08-06T08:31:22+00:00","og_image":[{"width":1200,"height":1200,"url":"https:\/\/szkoladucha.pl\/sklep\/wp-content\/uploads\/sites\/9\/2022\/11\/ebook-moge-zrobie-11.jpg","type":"image\/jpeg"}],"twitter_card":"summary_large_image","twitter_misc":{"Szacowany czas czytania":"1 minuta"},"schema":{"@context":"https:\/\/schema.org","@graph":[{"@type":"WebPage","@id":"https:\/\/szkoladucha.pl\/sklep\/produkt\/ebook-moge-zrobie-mam-czas\/","url":"https:\/\/szkoladucha.pl\/sklep\/produkt\/ebook-moge-zrobie-mam-czas\/","name":"Ebook - mog\u0119, zrobi\u0119,\u00a0mam czas! - Sklep Szko\u0142a Ducha","isPartOf":{"@id":"https:\/\/szkoladucha.pl\/sklep\/#website"},"primaryImageOfPage":{"@id":"https:\/\/szkoladucha.pl\/sklep\/produkt\/ebook-moge-zrobie-mam-czas\/#primaryimage"},"image":{"@id":"https:\/\/szkoladucha.pl\/sklep\/produkt\/ebook-moge-zrobie-mam-czas\/#primaryimage"},"thumbnailUrl":"https:\/\/szkoladucha.pl\/sklep\/wp-content\/uploads\/sites\/9\/2022\/11\/ebook-moge-zrobie-11.jpg","datePublished":"2022-11-17T11:23:49+00:00","dateModified":"2024-08-06T08:31:22+00:00","breadcrumb":{"@id":"https:\/\/szkoladucha.pl\/sklep\/produkt\/ebook-moge-zrobie-mam-czas\/#breadcrumb"},"inLanguage":"pl-PL","potentialAction":[{"@type":"ReadAction","target":["https:\/\/szkoladucha.pl\/sklep\/produkt\/ebook-moge-zrobie-mam-czas\/"]}]},{"@type":"ImageObject","inLanguage":"pl-PL","@id":"https:\/\/szkoladucha.pl\/sklep\/produkt\/ebook-moge-zrobie-mam-czas\/#primaryimage","url":"https:\/\/szkoladucha.pl\/sklep\/wp-content\/uploads\/sites\/9\/2022\/11\/ebook-moge-zrobie-11.jpg","contentUrl":"https:\/\/szkoladucha.pl\/sklep\/wp-content\/uploads\/sites\/9\/2022\/11\/ebook-moge-zrobie-11.jpg","width":1200,"height":1200},{"@type":"BreadcrumbList","@id":"https:\/\/szkoladucha.pl\/sklep\/produkt\/ebook-moge-zrobie-mam-czas\/#breadcrumb","itemListElement":[{"@type":"ListItem","position":1,"name":"Strona G\u0142\u00f3wna","item":"https:\/\/szkoladucha.pl\/sklep\/"},{"@type":"ListItem","position":2,"name":"Wszystkie Produkty","item":"https:\/\/szkoladucha.pl\/sklep\/"},{"@type":"ListItem","position":3,"name":"Ebook &#8211; mog\u0119, zrobi\u0119,\u00a0mam czas!"}]},{"@type":"WebSite","@id":"https:\/\/szkoladucha.pl\/sklep\/#website","url":"https:\/\/szkoladucha.pl\/sklep\/","name":"Sklep Szko\u0142a Ducha","description":"Budujemy spo\u0142ecze\u0144stwo, kt\u00f3re tak jak my, \u015bwiadomie post\u0119puje zgodnie z planem.","publisher":{"@id":"https:\/\/szkoladucha.pl\/sklep\/#organization"},"potentialAction":[{"@type":"SearchAction","target":{"@type":"EntryPoint","urlTemplate":"https:\/\/szkoladucha.pl\/sklep\/?s={search_term_string}"},"query-input":{"@type":"PropertyValueSpecification","valueRequired":true,"valueName":"search_term_string"}}],"inLanguage":"pl-PL"},{"@type":"Organization","@id":"https:\/\/szkoladucha.pl\/sklep\/#organization","name":"Sklep Szko\u0142a Ducha","url":"https:\/\/szkoladucha.pl\/sklep\/","logo":{"@type":"ImageObject","inLanguage":"pl-PL","@id":"https:\/\/szkoladucha.pl\/sklep\/#\/schema\/logo\/image\/","url":"https:\/\/szkoladucha.pl\/sklep\/wp-content\/uploads\/sites\/9\/2022\/02\/Sklep_Szkola_Ducha-Logo.svg","contentUrl":"https:\/\/szkoladucha.pl\/sklep\/wp-content\/uploads\/sites\/9\/2022\/02\/Sklep_Szkola_Ducha-Logo.svg","width":100,"height":100,"caption":"Sklep Szko\u0142a Ducha"},"image":{"@id":"https:\/\/szkoladucha.pl\/sklep\/#\/schema\/logo\/image\/"}}]}},"_links":{"self":[{"href":"https:\/\/szkoladucha.pl\/sklep\/wp-json\/wp\/v2\/product\/7386","targetHints":{"allow":["GET"]}}],"collection":[{"href":"https:\/\/szkoladucha.pl\/sklep\/wp-json\/wp\/v2\/product"}],"about":[{"href":"https:\/\/szkoladucha.pl\/sklep\/wp-json\/wp\/v2\/types\/product"}],"replies":[{"embeddable":true,"href":"https:\/\/szkoladucha.pl\/sklep\/wp-json\/wp\/v2\/comments?post=7386"}],"wp:featuredmedia":[{"embeddable":true,"href":"https:\/\/szkoladucha.pl\/sklep\/wp-json\/wp\/v2\/media\/7390"}],"wp:attachment":[{"href":"https:\/\/szkoladucha.pl\/sklep\/wp-json\/wp\/v2\/media?parent=7386"}],"wp:term":[{"taxonomy":"product_brand","embeddable":true,"href":"https:\/\/szkoladucha.pl\/sklep\/wp-json\/wp\/v2\/product_brand?post=7386"},{"taxonomy":"product_cat","embeddable":true,"href":"https:\/\/szkoladucha.pl\/sklep\/wp-json\/wp\/v2\/product_cat?post=7386"},{"taxonomy":"product_tag","embeddable":true,"href":"https:\/\/szkoladucha.pl\/sklep\/wp-json\/wp\/v2\/product_tag?post=7386"}],"curies":[{"name":"wp","href":"https:\/\/api.w.org\/{rel}","templated":true}]}}