{"id":8296,"date":"2023-07-24T09:24:07","date_gmt":"2023-07-24T09:24:07","guid":{"rendered":"https:\/\/szkoladucha.pl\/sklep\/?post_type=product&#038;p=8296"},"modified":"2026-03-27T15:36:39","modified_gmt":"2026-03-27T15:36:39","slug":"modlitwy-pelne-mocy-ii","status":"publish","type":"product","link":"https:\/\/szkoladucha.pl\/sklep\/produkt\/modlitwy-pelne-mocy-2\/","title":{"rendered":"Modlitwy Pe\u0142ne Mocy II"},"content":{"rendered":"<h2>Kompendium modlitewne<\/h2>\n<p>Druga cz\u0119\u015b\u0107 modlitewnika \u201cModlitwy Pe\u0142ne Mocy\u201d, kt\u00f3ry sprzeda\u0142 si\u0119 ju\u017c w tysi\u0105cach egzemplarzy w ca\u0142ej Polsce. Czym r\u00f3\u017cni si\u0119 ta wersja od poprzedniej?<\/p>\n<p>Zosta\u0142a rozszerzona o modlitwy podzielone na poszczeg\u00f3lne cz\u0119\u015bci dnia, modlitwy do wszystkich Os\u00f3b Boskich, modlitwy poprzez wstawiennictwo Matki Bo\u017cej i \u015bwi\u0119tych oraz obecno\u015b\u0107 anio\u0142\u00f3w. Nie zabrak\u0142o tak\u017ce modlitw codziennych oraz za Ko\u015bci\u00f3\u0142.<\/p>\n","protected":false},"excerpt":{"rendered":"<p>Wzboga\u0107 swoje \u017cycie modlitewne tu i teraz<\/p>\n","protected":false},"featured_media":8297,"comment_status":"open","ping_status":"closed","template":"","meta":[],"product_brand":[],"product_cat":[32],"product_tag":[],"class_list":{"0":"post-8296","1":"product","2":"type-product","3":"status-publish","4":"has-post-thumbnail","6":"product_cat-ksiazki","7":"pa_autor-maisa-castro","8":"pa_ilosc-stron-184","9":"pa_isbn-978-83-925569-2-7","10":"pa_jezyk-oryginalu-angielski","11":"pa_rok-wydania-151","12":"pa_tytul-modlitwy-pelne-mocy-ii","13":"pa_tytul-oryginalny-prayers-of-power-ii","14":"pa_wydawnictwo-rhema","15":"pa_wymiary-produktu-120x165-mm","16":"sales-flash-overlay","17":"woocommerce-text-align-left","18":"woocommerce-image-align-center","19":"do-quantity-buttons","21":"first","22":"instock","23":"taxable","24":"shipping-taxable","25":"purchasable","26":"product-type-simple"},"bundled_by":[],"bundle_stock_status":"instock","bundle_stock_quantity":null,"bundle_virtual":false,"bundle_layout":"","bundle_add_to_cart_form_location":"","bundle_editable_in_cart":false,"bundle_sold_individually_context":"","bundle_item_grouping":"","bundle_min_size":"","bundle_max_size":"","bundle_price":[],"bundled_items":[],"bundle_sell_ids":[],"yoast_head":"<!-- This site is optimized with the Yoast SEO plugin v27.3 - https:\/\/yoast.com\/product\/yoast-seo-wordpress\/ -->\n<title>Modlitwy Pe\u0142ne Mocy II - Sklep Szko\u0142a Ducha<\/title>\n<meta name=\"robots\" content=\"index, follow, max-snippet:-1, max-image-preview:large, max-video-preview:-1\" \/>\n<link rel=\"canonical\" href=\"https:\/\/szkoladucha.pl\/sklep\/produkt\/modlitwy-pelne-mocy-2\/\" \/>\n<meta property=\"og:locale\" content=\"pl_PL\" \/>\n<meta property=\"og:type\" content=\"article\" \/>\n<meta property=\"og:title\" content=\"Modlitwy Pe\u0142ne Mocy II - Sklep Szko\u0142a Ducha\" \/>\n<meta property=\"og:description\" content=\"Wzboga\u0107 swoje \u017cycie modlitewne tu i teraz\" \/>\n<meta property=\"og:url\" content=\"https:\/\/szkoladucha.pl\/sklep\/produkt\/modlitwy-pelne-mocy-2\/\" \/>\n<meta property=\"og:site_name\" content=\"Sklep Szko\u0142a Ducha\" \/>\n<meta property=\"article:modified_time\" content=\"2026-03-27T15:36:39+00:00\" \/>\n<meta property=\"og:image\" content=\"https:\/\/szkoladucha.pl\/sklep\/wp-content\/uploads\/sites\/9\/2023\/07\/modlitwy-pelne-mocy-ii.jpg\" \/>\n\t<meta property=\"og:image:width\" content=\"1200\" \/>\n\t<meta property=\"og:image:height\" content=\"1200\" \/>\n\t<meta property=\"og:image:type\" content=\"image\/jpeg\" \/>\n<meta name=\"twitter:card\" content=\"summary_large_image\" \/>\n<meta name=\"twitter:label1\" content=\"Szacowany czas czytania\" \/>\n\t<meta name=\"twitter:data1\" content=\"1 minuta\" \/>\n<script type=\"application\/ld+json\" class=\"yoast-schema-graph\">{\"@context\":\"https:\\\/\\\/schema.org\",\"@graph\":[{\"@type\":\"WebPage\",\"@id\":\"https:\\\/\\\/szkoladucha.pl\\\/sklep\\\/produkt\\\/modlitwy-pelne-mocy-2\\\/\",\"url\":\"https:\\\/\\\/szkoladucha.pl\\\/sklep\\\/produkt\\\/modlitwy-pelne-mocy-2\\\/\",\"name\":\"Modlitwy Pe\u0142ne Mocy II - Sklep Szko\u0142a Ducha\",\"isPartOf\":{\"@id\":\"https:\\\/\\\/szkoladucha.pl\\\/sklep\\\/#website\"},\"primaryImageOfPage\":{\"@id\":\"https:\\\/\\\/szkoladucha.pl\\\/sklep\\\/produkt\\\/modlitwy-pelne-mocy-2\\\/#primaryimage\"},\"image\":{\"@id\":\"https:\\\/\\\/szkoladucha.pl\\\/sklep\\\/produkt\\\/modlitwy-pelne-mocy-2\\\/#primaryimage\"},\"thumbnailUrl\":\"https:\\\/\\\/szkoladucha.pl\\\/sklep\\\/wp-content\\\/uploads\\\/sites\\\/9\\\/2023\\\/07\\\/modlitwy-pelne-mocy-ii.jpg\",\"datePublished\":\"2023-07-24T09:24:07+00:00\",\"dateModified\":\"2026-03-27T15:36:39+00:00\",\"breadcrumb\":{\"@id\":\"https:\\\/\\\/szkoladucha.pl\\\/sklep\\\/produkt\\\/modlitwy-pelne-mocy-2\\\/#breadcrumb\"},\"inLanguage\":\"pl-PL\",\"potentialAction\":[{\"@type\":\"ReadAction\",\"target\":[\"https:\\\/\\\/szkoladucha.pl\\\/sklep\\\/produkt\\\/modlitwy-pelne-mocy-2\\\/\"]}]},{\"@type\":\"ImageObject\",\"inLanguage\":\"pl-PL\",\"@id\":\"https:\\\/\\\/szkoladucha.pl\\\/sklep\\\/produkt\\\/modlitwy-pelne-mocy-2\\\/#primaryimage\",\"url\":\"https:\\\/\\\/szkoladucha.pl\\\/sklep\\\/wp-content\\\/uploads\\\/sites\\\/9\\\/2023\\\/07\\\/modlitwy-pelne-mocy-ii.jpg\",\"contentUrl\":\"https:\\\/\\\/szkoladucha.pl\\\/sklep\\\/wp-content\\\/uploads\\\/sites\\\/9\\\/2023\\\/07\\\/modlitwy-pelne-mocy-ii.jpg\",\"width\":1200,\"height\":1200,\"caption\":\"Modlitwy pe\u0142ne mocy II\"},{\"@type\":\"BreadcrumbList\",\"@id\":\"https:\\\/\\\/szkoladucha.pl\\\/sklep\\\/produkt\\\/modlitwy-pelne-mocy-2\\\/#breadcrumb\",\"itemListElement\":[{\"@type\":\"ListItem\",\"position\":1,\"name\":\"Strona G\u0142\u00f3wna\",\"item\":\"https:\\\/\\\/szkoladucha.pl\\\/sklep\\\/\"},{\"@type\":\"ListItem\",\"position\":2,\"name\":\"Wszystkie Produkty\",\"item\":\"https:\\\/\\\/szkoladucha.pl\\\/sklep\\\/\"},{\"@type\":\"ListItem\",\"position\":3,\"name\":\"Modlitwy Pe\u0142ne Mocy II\"}]},{\"@type\":\"WebSite\",\"@id\":\"https:\\\/\\\/szkoladucha.pl\\\/sklep\\\/#website\",\"url\":\"https:\\\/\\\/szkoladucha.pl\\\/sklep\\\/\",\"name\":\"Sklep Szko\u0142a Ducha\",\"description\":\"Budujemy spo\u0142ecze\u0144stwo, kt\u00f3re tak jak my, \u015bwiadomie post\u0119puje zgodnie z planem.\",\"publisher\":{\"@id\":\"https:\\\/\\\/szkoladucha.pl\\\/sklep\\\/#organization\"},\"potentialAction\":[{\"@type\":\"SearchAction\",\"target\":{\"@type\":\"EntryPoint\",\"urlTemplate\":\"https:\\\/\\\/szkoladucha.pl\\\/sklep\\\/?s={search_term_string}\"},\"query-input\":{\"@type\":\"PropertyValueSpecification\",\"valueRequired\":true,\"valueName\":\"search_term_string\"}}],\"inLanguage\":\"pl-PL\"},{\"@type\":\"Organization\",\"@id\":\"https:\\\/\\\/szkoladucha.pl\\\/sklep\\\/#organization\",\"name\":\"Sklep Szko\u0142a Ducha\",\"url\":\"https:\\\/\\\/szkoladucha.pl\\\/sklep\\\/\",\"logo\":{\"@type\":\"ImageObject\",\"inLanguage\":\"pl-PL\",\"@id\":\"https:\\\/\\\/szkoladucha.pl\\\/sklep\\\/#\\\/schema\\\/logo\\\/image\\\/\",\"url\":\"https:\\\/\\\/szkoladucha.pl\\\/sklep\\\/wp-content\\\/uploads\\\/sites\\\/9\\\/2022\\\/02\\\/Sklep_Szkola_Ducha-Logo.svg\",\"contentUrl\":\"https:\\\/\\\/szkoladucha.pl\\\/sklep\\\/wp-content\\\/uploads\\\/sites\\\/9\\\/2022\\\/02\\\/Sklep_Szkola_Ducha-Logo.svg\",\"width\":100,\"height\":100,\"caption\":\"Sklep Szko\u0142a Ducha\"},\"image\":{\"@id\":\"https:\\\/\\\/szkoladucha.pl\\\/sklep\\\/#\\\/schema\\\/logo\\\/image\\\/\"}}]}<\/script>\n<!-- \/ Yoast SEO plugin. -->","yoast_head_json":{"title":"Modlitwy Pe\u0142ne Mocy II - Sklep Szko\u0142a Ducha","robots":{"index":"index","follow":"follow","max-snippet":"max-snippet:-1","max-image-preview":"max-image-preview:large","max-video-preview":"max-video-preview:-1"},"canonical":"https:\/\/szkoladucha.pl\/sklep\/produkt\/modlitwy-pelne-mocy-2\/","og_locale":"pl_PL","og_type":"article","og_title":"Modlitwy Pe\u0142ne Mocy II - Sklep Szko\u0142a Ducha","og_description":"Wzboga\u0107 swoje \u017cycie modlitewne tu i teraz","og_url":"https:\/\/szkoladucha.pl\/sklep\/produkt\/modlitwy-pelne-mocy-2\/","og_site_name":"Sklep Szko\u0142a Ducha","article_modified_time":"2026-03-27T15:36:39+00:00","og_image":[{"width":1200,"height":1200,"url":"https:\/\/szkoladucha.pl\/sklep\/wp-content\/uploads\/sites\/9\/2023\/07\/modlitwy-pelne-mocy-ii.jpg","type":"image\/jpeg"}],"twitter_card":"summary_large_image","twitter_misc":{"Szacowany czas czytania":"1 minuta"},"schema":{"@context":"https:\/\/schema.org","@graph":[{"@type":"WebPage","@id":"https:\/\/szkoladucha.pl\/sklep\/produkt\/modlitwy-pelne-mocy-2\/","url":"https:\/\/szkoladucha.pl\/sklep\/produkt\/modlitwy-pelne-mocy-2\/","name":"Modlitwy Pe\u0142ne Mocy II - Sklep Szko\u0142a Ducha","isPartOf":{"@id":"https:\/\/szkoladucha.pl\/sklep\/#website"},"primaryImageOfPage":{"@id":"https:\/\/szkoladucha.pl\/sklep\/produkt\/modlitwy-pelne-mocy-2\/#primaryimage"},"image":{"@id":"https:\/\/szkoladucha.pl\/sklep\/produkt\/modlitwy-pelne-mocy-2\/#primaryimage"},"thumbnailUrl":"https:\/\/szkoladucha.pl\/sklep\/wp-content\/uploads\/sites\/9\/2023\/07\/modlitwy-pelne-mocy-ii.jpg","datePublished":"2023-07-24T09:24:07+00:00","dateModified":"2026-03-27T15:36:39+00:00","breadcrumb":{"@id":"https:\/\/szkoladucha.pl\/sklep\/produkt\/modlitwy-pelne-mocy-2\/#breadcrumb"},"inLanguage":"pl-PL","potentialAction":[{"@type":"ReadAction","target":["https:\/\/szkoladucha.pl\/sklep\/produkt\/modlitwy-pelne-mocy-2\/"]}]},{"@type":"ImageObject","inLanguage":"pl-PL","@id":"https:\/\/szkoladucha.pl\/sklep\/produkt\/modlitwy-pelne-mocy-2\/#primaryimage","url":"https:\/\/szkoladucha.pl\/sklep\/wp-content\/uploads\/sites\/9\/2023\/07\/modlitwy-pelne-mocy-ii.jpg","contentUrl":"https:\/\/szkoladucha.pl\/sklep\/wp-content\/uploads\/sites\/9\/2023\/07\/modlitwy-pelne-mocy-ii.jpg","width":1200,"height":1200,"caption":"Modlitwy pe\u0142ne mocy II"},{"@type":"BreadcrumbList","@id":"https:\/\/szkoladucha.pl\/sklep\/produkt\/modlitwy-pelne-mocy-2\/#breadcrumb","itemListElement":[{"@type":"ListItem","position":1,"name":"Strona G\u0142\u00f3wna","item":"https:\/\/szkoladucha.pl\/sklep\/"},{"@type":"ListItem","position":2,"name":"Wszystkie Produkty","item":"https:\/\/szkoladucha.pl\/sklep\/"},{"@type":"ListItem","position":3,"name":"Modlitwy Pe\u0142ne Mocy II"}]},{"@type":"WebSite","@id":"https:\/\/szkoladucha.pl\/sklep\/#website","url":"https:\/\/szkoladucha.pl\/sklep\/","name":"Sklep Szko\u0142a Ducha","description":"Budujemy spo\u0142ecze\u0144stwo, kt\u00f3re tak jak my, \u015bwiadomie post\u0119puje zgodnie z planem.","publisher":{"@id":"https:\/\/szkoladucha.pl\/sklep\/#organization"},"potentialAction":[{"@type":"SearchAction","target":{"@type":"EntryPoint","urlTemplate":"https:\/\/szkoladucha.pl\/sklep\/?s={search_term_string}"},"query-input":{"@type":"PropertyValueSpecification","valueRequired":true,"valueName":"search_term_string"}}],"inLanguage":"pl-PL"},{"@type":"Organization","@id":"https:\/\/szkoladucha.pl\/sklep\/#organization","name":"Sklep Szko\u0142a Ducha","url":"https:\/\/szkoladucha.pl\/sklep\/","logo":{"@type":"ImageObject","inLanguage":"pl-PL","@id":"https:\/\/szkoladucha.pl\/sklep\/#\/schema\/logo\/image\/","url":"https:\/\/szkoladucha.pl\/sklep\/wp-content\/uploads\/sites\/9\/2022\/02\/Sklep_Szkola_Ducha-Logo.svg","contentUrl":"https:\/\/szkoladucha.pl\/sklep\/wp-content\/uploads\/sites\/9\/2022\/02\/Sklep_Szkola_Ducha-Logo.svg","width":100,"height":100,"caption":"Sklep Szko\u0142a Ducha"},"image":{"@id":"https:\/\/szkoladucha.pl\/sklep\/#\/schema\/logo\/image\/"}}]}},"_links":{"self":[{"href":"https:\/\/szkoladucha.pl\/sklep\/wp-json\/wp\/v2\/product\/8296","targetHints":{"allow":["GET"]}}],"collection":[{"href":"https:\/\/szkoladucha.pl\/sklep\/wp-json\/wp\/v2\/product"}],"about":[{"href":"https:\/\/szkoladucha.pl\/sklep\/wp-json\/wp\/v2\/types\/product"}],"replies":[{"embeddable":true,"href":"https:\/\/szkoladucha.pl\/sklep\/wp-json\/wp\/v2\/comments?post=8296"}],"wp:featuredmedia":[{"embeddable":true,"href":"https:\/\/szkoladucha.pl\/sklep\/wp-json\/wp\/v2\/media\/8297"}],"wp:attachment":[{"href":"https:\/\/szkoladucha.pl\/sklep\/wp-json\/wp\/v2\/media?parent=8296"}],"wp:term":[{"taxonomy":"product_brand","embeddable":true,"href":"https:\/\/szkoladucha.pl\/sklep\/wp-json\/wp\/v2\/product_brand?post=8296"},{"taxonomy":"product_cat","embeddable":true,"href":"https:\/\/szkoladucha.pl\/sklep\/wp-json\/wp\/v2\/product_cat?post=8296"},{"taxonomy":"product_tag","embeddable":true,"href":"https:\/\/szkoladucha.pl\/sklep\/wp-json\/wp\/v2\/product_tag?post=8296"}],"curies":[{"name":"wp","href":"https:\/\/api.w.org\/{rel}","templated":true}]}}