{"id":8566,"date":"2023-08-23T10:52:29","date_gmt":"2023-08-23T10:52:29","guid":{"rendered":"https:\/\/szkoladucha.pl\/sklep\/?post_type=product&#038;p=8566"},"modified":"2026-01-09T15:41:51","modified_gmt":"2026-01-09T15:41:51","slug":"e-book-uwolnij-moc-cwiczenia-mentalne-dla-odwaznych","status":"publish","type":"product","link":"https:\/\/szkoladucha.pl\/sklep\/produkt\/e-book-uwolnij-moc-cwiczenia-mentalne-dla-odwaznych\/","title":{"rendered":"E-book \u2013 Uwolnij Moc. \u0106wiczenia mentalne dla odwa\u017cnych."},"content":{"rendered":"<h2>Uwolnij Moc. \u0106wiczenia mentalne dla odwa\u017cnych.<\/h2>\n<p>\u0106WICZENIA, KT\u00d3RE POKA\u017b\u0104 CI, JAK MY\u015aLI MOG\u0104 STA\u0106 SI\u0118 TWOIM PRZYJACIELEM I WSPARCIEM KA\u017bDEGO DNIA!<\/p>\n<p>Nie ma czarodziejskiej r\u00f3\u017cd\u017cki, kt\u00f3ra natychmiast zmieni Twoje \u017cycie na lepsze. Jednak zmieniaj\u0105c my\u015blenie, zmienisz swoje \u017cycie na \u017cycie, kt\u00f3rym chcesz \u017cy\u0107. Ten e-book powsta\u0142, aby\u015b m\u00f3g\u0142 wyruszy\u0107 w podr\u00f3\u017c! Podr\u00f3\u017c poznania siebie oraz mechanizm\u00f3w, kt\u00f3re pod\u015bwiadomie blokuj\u0105 Ci\u0119 na rozw\u00f3j, rado\u015b\u0107 i \u017cycie pe\u0142ni\u0105 szcz\u0119\u015bcia.<\/p>\n<p><span style=\"font-size: inherit;\">E-book ten sk\u0142ada si\u0119 w du\u017cej mierze z \u0107wicze\u0144, poniewa\u017c potrzebujesz w praktyczny spos\u00f3b podej\u015b\u0107 do tej fascynuj\u0105cej przygody &#8211; zmiany swojego \u017cycia. Na tej drodze nie jeste\u015b pierwszy, przed tob\u0105 jest tysi\u0105ce ludzi, kt\u00f3rzy skorzystali z mojego do\u015bwiadczenia oraz wiedzy terapeutycznej i coachingowej. Dlatego szybko i skutecznie przeszli sw<\/span><span style=\"font-size: inherit;\">\u00f3j proces rozwoju. B\u0119d\u0119 Ci\u0119 ci\u0105gle motywowa\u0107 do tego, \u017ceby\u015b dosta\u0142 si\u0119 do \u017ar\u00f3d\u0142a swoich trudno\u015bci, a nie walczy\u0142 z ich objawami \u2013 to skuteczna metoda, aby znale\u017a\u0107 rozwi\u0105zania dla Twojego \u017cycia.<\/span><\/p>\n<p>&nbsp;<\/p>\n","protected":false},"excerpt":{"rendered":"<p>Ebook w formacie PDF.<\/p>\n","protected":false},"featured_media":8722,"comment_status":"open","ping_status":"closed","template":"","meta":[],"product_brand":[],"product_cat":[127,32],"product_tag":[],"class_list":{"0":"post-8566","1":"product","2":"type-product","3":"status-publish","4":"has-post-thumbnail","6":"product_cat-ebooki","7":"product_cat-ksiazki","8":"sales-flash-overlay","9":"woocommerce-text-align-left","10":"woocommerce-image-align-center","11":"do-quantity-buttons","12":"wc-has-gallery","14":"first","15":"instock","16":"downloadable","17":"virtual","18":"taxable","19":"purchasable","20":"product-type-simple"},"bundled_by":[],"bundle_stock_status":"instock","bundle_stock_quantity":null,"bundle_virtual":false,"bundle_layout":"","bundle_add_to_cart_form_location":"","bundle_editable_in_cart":false,"bundle_sold_individually_context":"","bundle_item_grouping":"","bundle_min_size":"","bundle_max_size":"","bundle_price":[],"bundled_items":[],"bundle_sell_ids":[],"yoast_head":"<!-- This site is optimized with the Yoast SEO plugin v27.3 - https:\/\/yoast.com\/product\/yoast-seo-wordpress\/ -->\n<title>E-book \u2013 Uwolnij Moc. \u0106wiczenia mentalne dla odwa\u017cnych. - Sklep Szko\u0142a Ducha<\/title>\n<meta name=\"robots\" content=\"index, follow, max-snippet:-1, max-image-preview:large, max-video-preview:-1\" \/>\n<link rel=\"canonical\" href=\"https:\/\/szkoladucha.pl\/sklep\/produkt\/e-book-uwolnij-moc-cwiczenia-mentalne-dla-odwaznych\/\" \/>\n<meta property=\"og:locale\" content=\"pl_PL\" \/>\n<meta property=\"og:type\" content=\"article\" \/>\n<meta property=\"og:title\" content=\"E-book \u2013 Uwolnij Moc. \u0106wiczenia mentalne dla odwa\u017cnych. - Sklep Szko\u0142a Ducha\" \/>\n<meta property=\"og:description\" content=\"Ebook w formacie PDF.\" \/>\n<meta property=\"og:url\" content=\"https:\/\/szkoladucha.pl\/sklep\/produkt\/e-book-uwolnij-moc-cwiczenia-mentalne-dla-odwaznych\/\" \/>\n<meta property=\"og:site_name\" content=\"Sklep Szko\u0142a Ducha\" \/>\n<meta property=\"article:modified_time\" content=\"2026-01-09T15:41:51+00:00\" \/>\n<meta property=\"og:image\" content=\"https:\/\/szkoladucha.pl\/sklep\/wp-content\/uploads\/sites\/9\/2023\/08\/page-1.jpg\" \/>\n\t<meta property=\"og:image:width\" content=\"1200\" \/>\n\t<meta property=\"og:image:height\" content=\"1200\" \/>\n\t<meta property=\"og:image:type\" content=\"image\/jpeg\" \/>\n<meta name=\"twitter:card\" content=\"summary_large_image\" \/>\n<meta name=\"twitter:label1\" content=\"Szacowany czas czytania\" \/>\n\t<meta name=\"twitter:data1\" content=\"2 minuty\" \/>\n<script type=\"application\/ld+json\" class=\"yoast-schema-graph\">{\"@context\":\"https:\\\/\\\/schema.org\",\"@graph\":[{\"@type\":\"WebPage\",\"@id\":\"https:\\\/\\\/szkoladucha.pl\\\/sklep\\\/produkt\\\/e-book-uwolnij-moc-cwiczenia-mentalne-dla-odwaznych\\\/\",\"url\":\"https:\\\/\\\/szkoladucha.pl\\\/sklep\\\/produkt\\\/e-book-uwolnij-moc-cwiczenia-mentalne-dla-odwaznych\\\/\",\"name\":\"E-book \u2013 Uwolnij Moc. \u0106wiczenia mentalne dla odwa\u017cnych. - Sklep Szko\u0142a Ducha\",\"isPartOf\":{\"@id\":\"https:\\\/\\\/szkoladucha.pl\\\/sklep\\\/#website\"},\"primaryImageOfPage\":{\"@id\":\"https:\\\/\\\/szkoladucha.pl\\\/sklep\\\/produkt\\\/e-book-uwolnij-moc-cwiczenia-mentalne-dla-odwaznych\\\/#primaryimage\"},\"image\":{\"@id\":\"https:\\\/\\\/szkoladucha.pl\\\/sklep\\\/produkt\\\/e-book-uwolnij-moc-cwiczenia-mentalne-dla-odwaznych\\\/#primaryimage\"},\"thumbnailUrl\":\"https:\\\/\\\/szkoladucha.pl\\\/sklep\\\/wp-content\\\/uploads\\\/sites\\\/9\\\/2023\\\/08\\\/page-1.jpg\",\"datePublished\":\"2023-08-23T10:52:29+00:00\",\"dateModified\":\"2026-01-09T15:41:51+00:00\",\"breadcrumb\":{\"@id\":\"https:\\\/\\\/szkoladucha.pl\\\/sklep\\\/produkt\\\/e-book-uwolnij-moc-cwiczenia-mentalne-dla-odwaznych\\\/#breadcrumb\"},\"inLanguage\":\"pl-PL\",\"potentialAction\":[{\"@type\":\"ReadAction\",\"target\":[\"https:\\\/\\\/szkoladucha.pl\\\/sklep\\\/produkt\\\/e-book-uwolnij-moc-cwiczenia-mentalne-dla-odwaznych\\\/\"]}]},{\"@type\":\"ImageObject\",\"inLanguage\":\"pl-PL\",\"@id\":\"https:\\\/\\\/szkoladucha.pl\\\/sklep\\\/produkt\\\/e-book-uwolnij-moc-cwiczenia-mentalne-dla-odwaznych\\\/#primaryimage\",\"url\":\"https:\\\/\\\/szkoladucha.pl\\\/sklep\\\/wp-content\\\/uploads\\\/sites\\\/9\\\/2023\\\/08\\\/page-1.jpg\",\"contentUrl\":\"https:\\\/\\\/szkoladucha.pl\\\/sklep\\\/wp-content\\\/uploads\\\/sites\\\/9\\\/2023\\\/08\\\/page-1.jpg\",\"width\":1200,\"height\":1200},{\"@type\":\"BreadcrumbList\",\"@id\":\"https:\\\/\\\/szkoladucha.pl\\\/sklep\\\/produkt\\\/e-book-uwolnij-moc-cwiczenia-mentalne-dla-odwaznych\\\/#breadcrumb\",\"itemListElement\":[{\"@type\":\"ListItem\",\"position\":1,\"name\":\"Strona G\u0142\u00f3wna\",\"item\":\"https:\\\/\\\/szkoladucha.pl\\\/sklep\\\/\"},{\"@type\":\"ListItem\",\"position\":2,\"name\":\"Wszystkie Produkty\",\"item\":\"https:\\\/\\\/szkoladucha.pl\\\/sklep\\\/\"},{\"@type\":\"ListItem\",\"position\":3,\"name\":\"E-book \u2013 Uwolnij Moc. \u0106wiczenia mentalne dla odwa\u017cnych.\"}]},{\"@type\":\"WebSite\",\"@id\":\"https:\\\/\\\/szkoladucha.pl\\\/sklep\\\/#website\",\"url\":\"https:\\\/\\\/szkoladucha.pl\\\/sklep\\\/\",\"name\":\"Sklep Szko\u0142a Ducha\",\"description\":\"Budujemy spo\u0142ecze\u0144stwo, kt\u00f3re tak jak my, \u015bwiadomie post\u0119puje zgodnie z planem.\",\"publisher\":{\"@id\":\"https:\\\/\\\/szkoladucha.pl\\\/sklep\\\/#organization\"},\"potentialAction\":[{\"@type\":\"SearchAction\",\"target\":{\"@type\":\"EntryPoint\",\"urlTemplate\":\"https:\\\/\\\/szkoladucha.pl\\\/sklep\\\/?s={search_term_string}\"},\"query-input\":{\"@type\":\"PropertyValueSpecification\",\"valueRequired\":true,\"valueName\":\"search_term_string\"}}],\"inLanguage\":\"pl-PL\"},{\"@type\":\"Organization\",\"@id\":\"https:\\\/\\\/szkoladucha.pl\\\/sklep\\\/#organization\",\"name\":\"Sklep Szko\u0142a Ducha\",\"url\":\"https:\\\/\\\/szkoladucha.pl\\\/sklep\\\/\",\"logo\":{\"@type\":\"ImageObject\",\"inLanguage\":\"pl-PL\",\"@id\":\"https:\\\/\\\/szkoladucha.pl\\\/sklep\\\/#\\\/schema\\\/logo\\\/image\\\/\",\"url\":\"https:\\\/\\\/szkoladucha.pl\\\/sklep\\\/wp-content\\\/uploads\\\/sites\\\/9\\\/2022\\\/02\\\/Sklep_Szkola_Ducha-Logo.svg\",\"contentUrl\":\"https:\\\/\\\/szkoladucha.pl\\\/sklep\\\/wp-content\\\/uploads\\\/sites\\\/9\\\/2022\\\/02\\\/Sklep_Szkola_Ducha-Logo.svg\",\"width\":100,\"height\":100,\"caption\":\"Sklep Szko\u0142a Ducha\"},\"image\":{\"@id\":\"https:\\\/\\\/szkoladucha.pl\\\/sklep\\\/#\\\/schema\\\/logo\\\/image\\\/\"}}]}<\/script>\n<!-- \/ Yoast SEO plugin. -->","yoast_head_json":{"title":"E-book \u2013 Uwolnij Moc. \u0106wiczenia mentalne dla odwa\u017cnych. - Sklep Szko\u0142a Ducha","robots":{"index":"index","follow":"follow","max-snippet":"max-snippet:-1","max-image-preview":"max-image-preview:large","max-video-preview":"max-video-preview:-1"},"canonical":"https:\/\/szkoladucha.pl\/sklep\/produkt\/e-book-uwolnij-moc-cwiczenia-mentalne-dla-odwaznych\/","og_locale":"pl_PL","og_type":"article","og_title":"E-book \u2013 Uwolnij Moc. \u0106wiczenia mentalne dla odwa\u017cnych. - Sklep Szko\u0142a Ducha","og_description":"Ebook w formacie PDF.","og_url":"https:\/\/szkoladucha.pl\/sklep\/produkt\/e-book-uwolnij-moc-cwiczenia-mentalne-dla-odwaznych\/","og_site_name":"Sklep Szko\u0142a Ducha","article_modified_time":"2026-01-09T15:41:51+00:00","og_image":[{"width":1200,"height":1200,"url":"https:\/\/szkoladucha.pl\/sklep\/wp-content\/uploads\/sites\/9\/2023\/08\/page-1.jpg","type":"image\/jpeg"}],"twitter_card":"summary_large_image","twitter_misc":{"Szacowany czas czytania":"2 minuty"},"schema":{"@context":"https:\/\/schema.org","@graph":[{"@type":"WebPage","@id":"https:\/\/szkoladucha.pl\/sklep\/produkt\/e-book-uwolnij-moc-cwiczenia-mentalne-dla-odwaznych\/","url":"https:\/\/szkoladucha.pl\/sklep\/produkt\/e-book-uwolnij-moc-cwiczenia-mentalne-dla-odwaznych\/","name":"E-book \u2013 Uwolnij Moc. \u0106wiczenia mentalne dla odwa\u017cnych. - Sklep Szko\u0142a Ducha","isPartOf":{"@id":"https:\/\/szkoladucha.pl\/sklep\/#website"},"primaryImageOfPage":{"@id":"https:\/\/szkoladucha.pl\/sklep\/produkt\/e-book-uwolnij-moc-cwiczenia-mentalne-dla-odwaznych\/#primaryimage"},"image":{"@id":"https:\/\/szkoladucha.pl\/sklep\/produkt\/e-book-uwolnij-moc-cwiczenia-mentalne-dla-odwaznych\/#primaryimage"},"thumbnailUrl":"https:\/\/szkoladucha.pl\/sklep\/wp-content\/uploads\/sites\/9\/2023\/08\/page-1.jpg","datePublished":"2023-08-23T10:52:29+00:00","dateModified":"2026-01-09T15:41:51+00:00","breadcrumb":{"@id":"https:\/\/szkoladucha.pl\/sklep\/produkt\/e-book-uwolnij-moc-cwiczenia-mentalne-dla-odwaznych\/#breadcrumb"},"inLanguage":"pl-PL","potentialAction":[{"@type":"ReadAction","target":["https:\/\/szkoladucha.pl\/sklep\/produkt\/e-book-uwolnij-moc-cwiczenia-mentalne-dla-odwaznych\/"]}]},{"@type":"ImageObject","inLanguage":"pl-PL","@id":"https:\/\/szkoladucha.pl\/sklep\/produkt\/e-book-uwolnij-moc-cwiczenia-mentalne-dla-odwaznych\/#primaryimage","url":"https:\/\/szkoladucha.pl\/sklep\/wp-content\/uploads\/sites\/9\/2023\/08\/page-1.jpg","contentUrl":"https:\/\/szkoladucha.pl\/sklep\/wp-content\/uploads\/sites\/9\/2023\/08\/page-1.jpg","width":1200,"height":1200},{"@type":"BreadcrumbList","@id":"https:\/\/szkoladucha.pl\/sklep\/produkt\/e-book-uwolnij-moc-cwiczenia-mentalne-dla-odwaznych\/#breadcrumb","itemListElement":[{"@type":"ListItem","position":1,"name":"Strona G\u0142\u00f3wna","item":"https:\/\/szkoladucha.pl\/sklep\/"},{"@type":"ListItem","position":2,"name":"Wszystkie Produkty","item":"https:\/\/szkoladucha.pl\/sklep\/"},{"@type":"ListItem","position":3,"name":"E-book \u2013 Uwolnij Moc. \u0106wiczenia mentalne dla odwa\u017cnych."}]},{"@type":"WebSite","@id":"https:\/\/szkoladucha.pl\/sklep\/#website","url":"https:\/\/szkoladucha.pl\/sklep\/","name":"Sklep Szko\u0142a Ducha","description":"Budujemy spo\u0142ecze\u0144stwo, kt\u00f3re tak jak my, \u015bwiadomie post\u0119puje zgodnie z planem.","publisher":{"@id":"https:\/\/szkoladucha.pl\/sklep\/#organization"},"potentialAction":[{"@type":"SearchAction","target":{"@type":"EntryPoint","urlTemplate":"https:\/\/szkoladucha.pl\/sklep\/?s={search_term_string}"},"query-input":{"@type":"PropertyValueSpecification","valueRequired":true,"valueName":"search_term_string"}}],"inLanguage":"pl-PL"},{"@type":"Organization","@id":"https:\/\/szkoladucha.pl\/sklep\/#organization","name":"Sklep Szko\u0142a Ducha","url":"https:\/\/szkoladucha.pl\/sklep\/","logo":{"@type":"ImageObject","inLanguage":"pl-PL","@id":"https:\/\/szkoladucha.pl\/sklep\/#\/schema\/logo\/image\/","url":"https:\/\/szkoladucha.pl\/sklep\/wp-content\/uploads\/sites\/9\/2022\/02\/Sklep_Szkola_Ducha-Logo.svg","contentUrl":"https:\/\/szkoladucha.pl\/sklep\/wp-content\/uploads\/sites\/9\/2022\/02\/Sklep_Szkola_Ducha-Logo.svg","width":100,"height":100,"caption":"Sklep Szko\u0142a Ducha"},"image":{"@id":"https:\/\/szkoladucha.pl\/sklep\/#\/schema\/logo\/image\/"}}]}},"_links":{"self":[{"href":"https:\/\/szkoladucha.pl\/sklep\/wp-json\/wp\/v2\/product\/8566","targetHints":{"allow":["GET"]}}],"collection":[{"href":"https:\/\/szkoladucha.pl\/sklep\/wp-json\/wp\/v2\/product"}],"about":[{"href":"https:\/\/szkoladucha.pl\/sklep\/wp-json\/wp\/v2\/types\/product"}],"replies":[{"embeddable":true,"href":"https:\/\/szkoladucha.pl\/sklep\/wp-json\/wp\/v2\/comments?post=8566"}],"wp:featuredmedia":[{"embeddable":true,"href":"https:\/\/szkoladucha.pl\/sklep\/wp-json\/wp\/v2\/media\/8722"}],"wp:attachment":[{"href":"https:\/\/szkoladucha.pl\/sklep\/wp-json\/wp\/v2\/media?parent=8566"}],"wp:term":[{"taxonomy":"product_brand","embeddable":true,"href":"https:\/\/szkoladucha.pl\/sklep\/wp-json\/wp\/v2\/product_brand?post=8566"},{"taxonomy":"product_cat","embeddable":true,"href":"https:\/\/szkoladucha.pl\/sklep\/wp-json\/wp\/v2\/product_cat?post=8566"},{"taxonomy":"product_tag","embeddable":true,"href":"https:\/\/szkoladucha.pl\/sklep\/wp-json\/wp\/v2\/product_tag?post=8566"}],"curies":[{"name":"wp","href":"https:\/\/api.w.org\/{rel}","templated":true}]}}