{"id":9444,"date":"2023-11-14T14:34:39","date_gmt":"2023-11-14T14:34:39","guid":{"rendered":"https:\/\/szkoladucha.pl\/sklep\/?post_type=product&#038;p=9444"},"modified":"2026-03-27T15:35:16","modified_gmt":"2026-03-27T15:35:16","slug":"przedsprzedaz-dziennik-mysle-czuje-potrzebuje-dzialam","status":"publish","type":"product","link":"https:\/\/szkoladucha.pl\/sklep\/produkt\/przedsprzedaz-dziennik-mysle-czuje-potrzebuje-dzialam\/","title":{"rendered":"Dziennik: My\u015bl\u0119, Czuj\u0119, Potrzebuj\u0119, Dzia\u0142am"},"content":{"rendered":"<h2>Przejd\u017a proces zmiany!<\/h2>\n","protected":false},"excerpt":{"rendered":"<p>\u201eDziennik\u201d mo\u017cesz postrzega\u0107 jako narz\u0119dzie, dzi\u0119ki kt\u00f3remu zbudujesz wspania\u0142e \u017cycie, pe\u0142ne sukces\u00f3w, nacechowane poczuciem satysfakcji i spe\u0142nienia.<\/p>\n","protected":false},"featured_media":9445,"comment_status":"open","ping_status":"closed","template":"","meta":[],"product_brand":[],"product_cat":[32],"product_tag":[],"class_list":{"0":"post-9444","1":"product","2":"type-product","3":"status-publish","4":"has-post-thumbnail","6":"product_cat-ksiazki","7":"pa_autor-dr-anna-saj","8":"pa_tytul-dziennik","9":"pa_wydawnictwo-rhema","10":"pa_wymiary-produktu-210x210mm","11":"sales-flash-overlay","12":"woocommerce-text-align-left","13":"woocommerce-image-align-center","14":"do-quantity-buttons","16":"first","17":"instock","18":"sale","19":"featured","20":"taxable","21":"shipping-taxable","22":"purchasable","23":"product-type-simple"},"bundled_by":["9446","12593"],"bundle_stock_status":"instock","bundle_stock_quantity":691,"bundle_virtual":false,"bundle_layout":"","bundle_add_to_cart_form_location":"","bundle_editable_in_cart":false,"bundle_sold_individually_context":"","bundle_item_grouping":"","bundle_min_size":"","bundle_max_size":"","bundle_price":[],"bundled_items":[],"bundle_sell_ids":[],"yoast_head":"<!-- This site is optimized with the Yoast SEO plugin v27.3 - https:\/\/yoast.com\/product\/yoast-seo-wordpress\/ -->\n<title>Dziennik: My\u015bl\u0119, Czuj\u0119, Potrzebuj\u0119, Dzia\u0142am - Sklep Szko\u0142a Ducha<\/title>\n<meta name=\"robots\" content=\"index, follow, max-snippet:-1, max-image-preview:large, max-video-preview:-1\" \/>\n<link rel=\"canonical\" href=\"https:\/\/szkoladucha.pl\/sklep\/produkt\/przedsprzedaz-dziennik-mysle-czuje-potrzebuje-dzialam\/\" \/>\n<meta property=\"og:locale\" content=\"pl_PL\" \/>\n<meta property=\"og:type\" content=\"article\" \/>\n<meta property=\"og:title\" content=\"Dziennik: My\u015bl\u0119, Czuj\u0119, Potrzebuj\u0119, Dzia\u0142am - Sklep Szko\u0142a Ducha\" \/>\n<meta property=\"og:description\" content=\"\u201eDziennik\u201d mo\u017cesz postrzega\u0107 jako narz\u0119dzie, dzi\u0119ki kt\u00f3remu zbudujesz wspania\u0142e \u017cycie, pe\u0142ne sukces\u00f3w, nacechowane poczuciem satysfakcji i spe\u0142nienia.\" \/>\n<meta property=\"og:url\" content=\"https:\/\/szkoladucha.pl\/sklep\/produkt\/przedsprzedaz-dziennik-mysle-czuje-potrzebuje-dzialam\/\" \/>\n<meta property=\"og:site_name\" content=\"Sklep Szko\u0142a Ducha\" \/>\n<meta property=\"article:modified_time\" content=\"2026-03-27T15:35:16+00:00\" \/>\n<meta property=\"og:image\" content=\"https:\/\/szkoladucha.pl\/sklep\/wp-content\/uploads\/sites\/9\/2023\/11\/ksiazka.jpg\" \/>\n\t<meta property=\"og:image:width\" content=\"500\" \/>\n\t<meta property=\"og:image:height\" content=\"500\" \/>\n\t<meta property=\"og:image:type\" content=\"image\/jpeg\" \/>\n<meta name=\"twitter:card\" content=\"summary_large_image\" \/>\n<meta name=\"twitter:label1\" content=\"Szacowany czas czytania\" \/>\n\t<meta name=\"twitter:data1\" content=\"1 minuta\" \/>\n<script type=\"application\/ld+json\" class=\"yoast-schema-graph\">{\"@context\":\"https:\\\/\\\/schema.org\",\"@graph\":[{\"@type\":\"WebPage\",\"@id\":\"https:\\\/\\\/szkoladucha.pl\\\/sklep\\\/produkt\\\/przedsprzedaz-dziennik-mysle-czuje-potrzebuje-dzialam\\\/\",\"url\":\"https:\\\/\\\/szkoladucha.pl\\\/sklep\\\/produkt\\\/przedsprzedaz-dziennik-mysle-czuje-potrzebuje-dzialam\\\/\",\"name\":\"Dziennik: My\u015bl\u0119, Czuj\u0119, Potrzebuj\u0119, Dzia\u0142am - Sklep Szko\u0142a Ducha\",\"isPartOf\":{\"@id\":\"https:\\\/\\\/szkoladucha.pl\\\/sklep\\\/#website\"},\"primaryImageOfPage\":{\"@id\":\"https:\\\/\\\/szkoladucha.pl\\\/sklep\\\/produkt\\\/przedsprzedaz-dziennik-mysle-czuje-potrzebuje-dzialam\\\/#primaryimage\"},\"image\":{\"@id\":\"https:\\\/\\\/szkoladucha.pl\\\/sklep\\\/produkt\\\/przedsprzedaz-dziennik-mysle-czuje-potrzebuje-dzialam\\\/#primaryimage\"},\"thumbnailUrl\":\"https:\\\/\\\/szkoladucha.pl\\\/sklep\\\/wp-content\\\/uploads\\\/sites\\\/9\\\/2023\\\/11\\\/ksiazka.jpg\",\"datePublished\":\"2023-11-14T14:34:39+00:00\",\"dateModified\":\"2026-03-27T15:35:16+00:00\",\"breadcrumb\":{\"@id\":\"https:\\\/\\\/szkoladucha.pl\\\/sklep\\\/produkt\\\/przedsprzedaz-dziennik-mysle-czuje-potrzebuje-dzialam\\\/#breadcrumb\"},\"inLanguage\":\"pl-PL\",\"potentialAction\":[{\"@type\":\"ReadAction\",\"target\":[\"https:\\\/\\\/szkoladucha.pl\\\/sklep\\\/produkt\\\/przedsprzedaz-dziennik-mysle-czuje-potrzebuje-dzialam\\\/\"]}]},{\"@type\":\"ImageObject\",\"inLanguage\":\"pl-PL\",\"@id\":\"https:\\\/\\\/szkoladucha.pl\\\/sklep\\\/produkt\\\/przedsprzedaz-dziennik-mysle-czuje-potrzebuje-dzialam\\\/#primaryimage\",\"url\":\"https:\\\/\\\/szkoladucha.pl\\\/sklep\\\/wp-content\\\/uploads\\\/sites\\\/9\\\/2023\\\/11\\\/ksiazka.jpg\",\"contentUrl\":\"https:\\\/\\\/szkoladucha.pl\\\/sklep\\\/wp-content\\\/uploads\\\/sites\\\/9\\\/2023\\\/11\\\/ksiazka.jpg\",\"width\":500,\"height\":500},{\"@type\":\"BreadcrumbList\",\"@id\":\"https:\\\/\\\/szkoladucha.pl\\\/sklep\\\/produkt\\\/przedsprzedaz-dziennik-mysle-czuje-potrzebuje-dzialam\\\/#breadcrumb\",\"itemListElement\":[{\"@type\":\"ListItem\",\"position\":1,\"name\":\"Strona G\u0142\u00f3wna\",\"item\":\"https:\\\/\\\/szkoladucha.pl\\\/sklep\\\/\"},{\"@type\":\"ListItem\",\"position\":2,\"name\":\"Wszystkie Produkty\",\"item\":\"https:\\\/\\\/szkoladucha.pl\\\/sklep\\\/\"},{\"@type\":\"ListItem\",\"position\":3,\"name\":\"Dziennik: My\u015bl\u0119, Czuj\u0119, Potrzebuj\u0119, Dzia\u0142am\"}]},{\"@type\":\"WebSite\",\"@id\":\"https:\\\/\\\/szkoladucha.pl\\\/sklep\\\/#website\",\"url\":\"https:\\\/\\\/szkoladucha.pl\\\/sklep\\\/\",\"name\":\"Sklep Szko\u0142a Ducha\",\"description\":\"Budujemy spo\u0142ecze\u0144stwo, kt\u00f3re tak jak my, \u015bwiadomie post\u0119puje zgodnie z planem.\",\"publisher\":{\"@id\":\"https:\\\/\\\/szkoladucha.pl\\\/sklep\\\/#organization\"},\"potentialAction\":[{\"@type\":\"SearchAction\",\"target\":{\"@type\":\"EntryPoint\",\"urlTemplate\":\"https:\\\/\\\/szkoladucha.pl\\\/sklep\\\/?s={search_term_string}\"},\"query-input\":{\"@type\":\"PropertyValueSpecification\",\"valueRequired\":true,\"valueName\":\"search_term_string\"}}],\"inLanguage\":\"pl-PL\"},{\"@type\":\"Organization\",\"@id\":\"https:\\\/\\\/szkoladucha.pl\\\/sklep\\\/#organization\",\"name\":\"Sklep Szko\u0142a Ducha\",\"url\":\"https:\\\/\\\/szkoladucha.pl\\\/sklep\\\/\",\"logo\":{\"@type\":\"ImageObject\",\"inLanguage\":\"pl-PL\",\"@id\":\"https:\\\/\\\/szkoladucha.pl\\\/sklep\\\/#\\\/schema\\\/logo\\\/image\\\/\",\"url\":\"https:\\\/\\\/szkoladucha.pl\\\/sklep\\\/wp-content\\\/uploads\\\/sites\\\/9\\\/2022\\\/02\\\/Sklep_Szkola_Ducha-Logo.svg\",\"contentUrl\":\"https:\\\/\\\/szkoladucha.pl\\\/sklep\\\/wp-content\\\/uploads\\\/sites\\\/9\\\/2022\\\/02\\\/Sklep_Szkola_Ducha-Logo.svg\",\"width\":100,\"height\":100,\"caption\":\"Sklep Szko\u0142a Ducha\"},\"image\":{\"@id\":\"https:\\\/\\\/szkoladucha.pl\\\/sklep\\\/#\\\/schema\\\/logo\\\/image\\\/\"}}]}<\/script>\n<!-- \/ Yoast SEO plugin. -->","yoast_head_json":{"title":"Dziennik: My\u015bl\u0119, Czuj\u0119, Potrzebuj\u0119, Dzia\u0142am - Sklep Szko\u0142a Ducha","robots":{"index":"index","follow":"follow","max-snippet":"max-snippet:-1","max-image-preview":"max-image-preview:large","max-video-preview":"max-video-preview:-1"},"canonical":"https:\/\/szkoladucha.pl\/sklep\/produkt\/przedsprzedaz-dziennik-mysle-czuje-potrzebuje-dzialam\/","og_locale":"pl_PL","og_type":"article","og_title":"Dziennik: My\u015bl\u0119, Czuj\u0119, Potrzebuj\u0119, Dzia\u0142am - Sklep Szko\u0142a Ducha","og_description":"\u201eDziennik\u201d mo\u017cesz postrzega\u0107 jako narz\u0119dzie, dzi\u0119ki kt\u00f3remu zbudujesz wspania\u0142e \u017cycie, pe\u0142ne sukces\u00f3w, nacechowane poczuciem satysfakcji i spe\u0142nienia.","og_url":"https:\/\/szkoladucha.pl\/sklep\/produkt\/przedsprzedaz-dziennik-mysle-czuje-potrzebuje-dzialam\/","og_site_name":"Sklep Szko\u0142a Ducha","article_modified_time":"2026-03-27T15:35:16+00:00","og_image":[{"width":500,"height":500,"url":"https:\/\/szkoladucha.pl\/sklep\/wp-content\/uploads\/sites\/9\/2023\/11\/ksiazka.jpg","type":"image\/jpeg"}],"twitter_card":"summary_large_image","twitter_misc":{"Szacowany czas czytania":"1 minuta"},"schema":{"@context":"https:\/\/schema.org","@graph":[{"@type":"WebPage","@id":"https:\/\/szkoladucha.pl\/sklep\/produkt\/przedsprzedaz-dziennik-mysle-czuje-potrzebuje-dzialam\/","url":"https:\/\/szkoladucha.pl\/sklep\/produkt\/przedsprzedaz-dziennik-mysle-czuje-potrzebuje-dzialam\/","name":"Dziennik: My\u015bl\u0119, Czuj\u0119, Potrzebuj\u0119, Dzia\u0142am - Sklep Szko\u0142a Ducha","isPartOf":{"@id":"https:\/\/szkoladucha.pl\/sklep\/#website"},"primaryImageOfPage":{"@id":"https:\/\/szkoladucha.pl\/sklep\/produkt\/przedsprzedaz-dziennik-mysle-czuje-potrzebuje-dzialam\/#primaryimage"},"image":{"@id":"https:\/\/szkoladucha.pl\/sklep\/produkt\/przedsprzedaz-dziennik-mysle-czuje-potrzebuje-dzialam\/#primaryimage"},"thumbnailUrl":"https:\/\/szkoladucha.pl\/sklep\/wp-content\/uploads\/sites\/9\/2023\/11\/ksiazka.jpg","datePublished":"2023-11-14T14:34:39+00:00","dateModified":"2026-03-27T15:35:16+00:00","breadcrumb":{"@id":"https:\/\/szkoladucha.pl\/sklep\/produkt\/przedsprzedaz-dziennik-mysle-czuje-potrzebuje-dzialam\/#breadcrumb"},"inLanguage":"pl-PL","potentialAction":[{"@type":"ReadAction","target":["https:\/\/szkoladucha.pl\/sklep\/produkt\/przedsprzedaz-dziennik-mysle-czuje-potrzebuje-dzialam\/"]}]},{"@type":"ImageObject","inLanguage":"pl-PL","@id":"https:\/\/szkoladucha.pl\/sklep\/produkt\/przedsprzedaz-dziennik-mysle-czuje-potrzebuje-dzialam\/#primaryimage","url":"https:\/\/szkoladucha.pl\/sklep\/wp-content\/uploads\/sites\/9\/2023\/11\/ksiazka.jpg","contentUrl":"https:\/\/szkoladucha.pl\/sklep\/wp-content\/uploads\/sites\/9\/2023\/11\/ksiazka.jpg","width":500,"height":500},{"@type":"BreadcrumbList","@id":"https:\/\/szkoladucha.pl\/sklep\/produkt\/przedsprzedaz-dziennik-mysle-czuje-potrzebuje-dzialam\/#breadcrumb","itemListElement":[{"@type":"ListItem","position":1,"name":"Strona G\u0142\u00f3wna","item":"https:\/\/szkoladucha.pl\/sklep\/"},{"@type":"ListItem","position":2,"name":"Wszystkie Produkty","item":"https:\/\/szkoladucha.pl\/sklep\/"},{"@type":"ListItem","position":3,"name":"Dziennik: My\u015bl\u0119, Czuj\u0119, Potrzebuj\u0119, Dzia\u0142am"}]},{"@type":"WebSite","@id":"https:\/\/szkoladucha.pl\/sklep\/#website","url":"https:\/\/szkoladucha.pl\/sklep\/","name":"Sklep Szko\u0142a Ducha","description":"Budujemy spo\u0142ecze\u0144stwo, kt\u00f3re tak jak my, \u015bwiadomie post\u0119puje zgodnie z planem.","publisher":{"@id":"https:\/\/szkoladucha.pl\/sklep\/#organization"},"potentialAction":[{"@type":"SearchAction","target":{"@type":"EntryPoint","urlTemplate":"https:\/\/szkoladucha.pl\/sklep\/?s={search_term_string}"},"query-input":{"@type":"PropertyValueSpecification","valueRequired":true,"valueName":"search_term_string"}}],"inLanguage":"pl-PL"},{"@type":"Organization","@id":"https:\/\/szkoladucha.pl\/sklep\/#organization","name":"Sklep Szko\u0142a Ducha","url":"https:\/\/szkoladucha.pl\/sklep\/","logo":{"@type":"ImageObject","inLanguage":"pl-PL","@id":"https:\/\/szkoladucha.pl\/sklep\/#\/schema\/logo\/image\/","url":"https:\/\/szkoladucha.pl\/sklep\/wp-content\/uploads\/sites\/9\/2022\/02\/Sklep_Szkola_Ducha-Logo.svg","contentUrl":"https:\/\/szkoladucha.pl\/sklep\/wp-content\/uploads\/sites\/9\/2022\/02\/Sklep_Szkola_Ducha-Logo.svg","width":100,"height":100,"caption":"Sklep Szko\u0142a Ducha"},"image":{"@id":"https:\/\/szkoladucha.pl\/sklep\/#\/schema\/logo\/image\/"}}]}},"_links":{"self":[{"href":"https:\/\/szkoladucha.pl\/sklep\/wp-json\/wp\/v2\/product\/9444","targetHints":{"allow":["GET"]}}],"collection":[{"href":"https:\/\/szkoladucha.pl\/sklep\/wp-json\/wp\/v2\/product"}],"about":[{"href":"https:\/\/szkoladucha.pl\/sklep\/wp-json\/wp\/v2\/types\/product"}],"replies":[{"embeddable":true,"href":"https:\/\/szkoladucha.pl\/sklep\/wp-json\/wp\/v2\/comments?post=9444"}],"wp:featuredmedia":[{"embeddable":true,"href":"https:\/\/szkoladucha.pl\/sklep\/wp-json\/wp\/v2\/media\/9445"}],"wp:attachment":[{"href":"https:\/\/szkoladucha.pl\/sklep\/wp-json\/wp\/v2\/media?parent=9444"}],"wp:term":[{"taxonomy":"product_brand","embeddable":true,"href":"https:\/\/szkoladucha.pl\/sklep\/wp-json\/wp\/v2\/product_brand?post=9444"},{"taxonomy":"product_cat","embeddable":true,"href":"https:\/\/szkoladucha.pl\/sklep\/wp-json\/wp\/v2\/product_cat?post=9444"},{"taxonomy":"product_tag","embeddable":true,"href":"https:\/\/szkoladucha.pl\/sklep\/wp-json\/wp\/v2\/product_tag?post=9444"}],"curies":[{"name":"wp","href":"https:\/\/api.w.org\/{rel}","templated":true}]}}