{"id":767,"date":"2022-08-03T14:47:42","date_gmt":"2022-08-03T12:47:42","guid":{"rendered":"https:\/\/szkoladucha.pl\/szkolenie\/?page_id=767"},"modified":"2025-11-27T14:33:32","modified_gmt":"2025-11-27T13:33:32","slug":"podnies-swoje-wyniki-zyskaj-2h-dziennie","status":"publish","type":"page","link":"https:\/\/szkoladucha.pl\/szkolenie\/podnies-swoje-wyniki-zyskaj-2h-dziennie\/","title":{"rendered":"Podnie\u015b swoje wyniki! Zyskaj 2h dziennie."},"content":{"rendered":"<div class=\"gb-container gb-container-1e348c29\"><div class=\"gb-inside-container\">\n<div class=\"gb-container gb-container-49e43e08\">\n\n<h3 class=\"gb-headline gb-headline-8e51cc3b gb-headline-text\">Zaplanuj, jak przygotowa\u0107 si\u0119 na przyj\u015bcie Pana i \u017cy\u0107 w zgodzie z Bo\u017cym planem w \u017cyciu prywatnym i zawodowym<\/h3>\n\n\n\n<h3 class=\"gb-headline gb-headline-66671b56 gb-headline-text\"><strong>oraz jak oszcz\u0119dzi\u0107 dodatkowe 2h dziennie<\/strong><br>mimo nat\u0142oku codziennych spraw<\/h3>\n\n\n\n<h4 class=\"gb-headline gb-headline-6a70445c gb-headline-text\">[Szkolenie za 0 z\u0142] <\/h4>\n\n<\/div>\n<\/div><\/div>\n\n<div class=\"gb-container gb-container-1fa10bce mama-main-background gb-container-szkolenie-section\" id=\"free\"><div class=\"gb-inside-container\">\n<div class=\"gb-container gb-container-955fbd18 alignwide\">\n<div class=\"gb-container gb-container-fa9bfb82 wp-embed-aspect-1-1 wp-has-aspect-ratio gb-container-szkolenie-section-grid-elem\"><div class=\"gb-inside-container\">\n<div class=\"gb-container gb-container-6a87dc92\">\n<div style=\"text-align:center;\">\n<button type=\"button\" class=\"wj-embed-button\" data-webinarHash=\"18g9ktp8\" style=\"border: 4px solid rgba(0, 0, 0, 0.5); background: rgba(41, 182, 246, 0.95); color: rgb(255, 255, 255); font-size: 24px; padding: 18px 80px; box-shadow: rgba(0, 0, 0, 0.2) 0px 0px 8px 2px; border-radius: 100px; white-space: normal; font-weight: 700; line-height: 1.3; cursor: pointer; font-family: Roboto, -apple-system, BlinkMacSystemFont, &quot;Segoe UI&quot;, Roboto, &quot;Helvetica Neue&quot;, Arial, sans-serif; word-break: break-word; margin: auto;\">ZAPISZ SI\u0118<\/button><br \/>\n<script src=\"https:\/\/event.webinarjam.com\/register\/18g9ktp8\/embed-button?formTemplate=2&#038;formColor=1&#038;buttonText=ZAPISZ%20SI%C4%98\"><\/script>\n<\/div>\n\n<\/div>\n\n<div class=\"gb-container gb-container-ba26e7b0\"><div class=\"gb-inside-container\">\n\n<figure class=\"wp-block-embed is-type-video is-provider-vimeo wp-block-embed-vimeo wp-embed-aspect-1-1 wp-has-aspect-ratio\"><div class=\"wp-block-embed__wrapper\">\n<iframe loading=\"lazy\" title=\"Zapisz si\u0119 na darmowe Szkolenie!\" src=\"https:\/\/player.vimeo.com\/video\/736139295?h=0d45437875&amp;dnt=1&amp;app_id=122963\" width=\"1000\" height=\"1000\" frameborder=\"0\" allow=\"autoplay; fullscreen; picture-in-picture; clipboard-write; encrypted-media; web-share\" referrerpolicy=\"strict-origin-when-cross-origin\"><\/iframe>\n<\/div><\/figure>\n\n<\/div><\/div>\n\n<div class=\"gb-container gb-container-33d91bae mamy-benefits\"><div class=\"gb-inside-container\">\n\n<h3 class=\"gb-headline gb-headline-03a5cd7b gb-headline-text gb-headline-h3-szkolenie-section-title\">Korzy\u015bci podczas szkolenia:<\/h3>\n\n\n\n<h5 class=\"gb-headline gb-headline-3637868c\"><span class=\"gb-icon\">   <\/span><span class=\"gb-headline-text\"><mark style=\"background-color:rgba(0, 0, 0, 0);color:#ff777e\" class=\"has-inline-color\">\u25ce<\/mark> Powiem Ci o 4 mitach dotycz\u0105cych zarz\u0105dzania czasem, zweryfikujesz dlaczego wprowadzane przez Ciebie metody organizacji \u017cycia nie dzia\u0142aj\u0105.<\/span><\/h5>\n\n\n\n<h5 class=\"gb-headline gb-headline-069b5bba\"><span class=\"gb-icon\">   <\/span><span class=\"gb-headline-text\"><mark style=\"background-color:rgba(0, 0, 0, 0);color:#ff777e\" class=\"has-inline-color\">\u25ce<\/mark> Dostaniesz 3 wypracowane i sprawdzone przeze mnie sposoby na wi\u0119ksz\u0105 produktywno\u015b\u0107.<\/span><\/h5>\n\n\n\n<h5 class=\"gb-headline gb-headline-5ac8fe13\"><span class=\"gb-icon\">   <\/span><span class=\"gb-headline-text\"><mark style=\"background-color:rgba(0, 0, 0, 0);color:#ff777e\" class=\"has-inline-color\">\u25ce<\/mark> Poznasz 2 metody, dzi\u0119ki kt\u00f3rym zaoszcz\u0119dzisz tysi\u0105ce godzin.<\/span><\/h5>\n\n\n\n<h5 class=\"gb-headline gb-headline-b403f0e8\"><span class=\"gb-icon\">   <\/span><span class=\"gb-headline-text\"><mark style=\"background-color:rgba(0, 0, 0, 0);color:#ff777e\" class=\"has-inline-color\">\u25ce<\/mark> B\u0119dziemy pracowa\u0107 na 3 najcz\u0119stszych problemach moich klient\u00f3w<\/span><\/h5>\n\n\n\n<h5 class=\"gb-headline gb-headline-f1fb5336\"><span class=\"gb-icon\">   <\/span><span class=\"gb-headline-text\"><mark style=\"background-color:rgba(0, 0, 0, 0);color:#ff777e\" class=\"has-inline-color\">\u25ce<\/mark> Poznasz niezawodn\u0105 metod\u0119, dzi\u0119ki kt\u00f3rej moi klienci nie poddaj\u0105 si\u0119 w czasach kryzysu<\/span><\/h5>\n\n\n\n<h5 class=\"gb-headline gb-headline-d9edb16b\"><span class=\"gb-icon\">   <\/span><span class=\"gb-headline-text\"><mark style=\"background-color:rgba(0, 0, 0, 0);color:#ff777e\" class=\"has-inline-color\">\u25ce<\/mark> Dowiesz si\u0119, jak pokona\u0107 stres i dostosowa\u0107 si\u0119 do zmiany plan\u00f3w w nag\u0142ych sytuacjach<\/span><\/h5>\n\n<\/div><\/div>\n<\/div><\/div>\n<\/div>\n<\/div><\/div>\n\n<div class=\"gb-container gb-container-83b4e331\"><div class=\"gb-inside-container\">\n\n<h4 class=\"gb-headline gb-headline-9ea7df36 gb-headline-text\"><strong>Szkolenie odb\u0119dzie si\u0119 na zamkni\u0119tej platformie szkoleniowej.<\/strong><\/h4>\n\n<\/div><\/div>\n\n<div class=\"gb-container gb-container-05d438b5\"><div class=\"gb-inside-container\">\n<div class=\"gb-container gb-container-d32e14b5 alignwide\">\n<div class=\"gb-container gb-container-d6427e3c gb-container-szkolenie-section-grid-elem\"><div class=\"gb-inside-container\">\n<div class=\"gb-container gb-container-cccb659b\"><div class=\"gb-inside-container\">\n\n<figure class=\"gb-block-image gb-block-image-9bb42c98\"><img loading=\"lazy\" decoding=\"async\" width=\"320\" height=\"320\" class=\"gb-image gb-image-9bb42c98\" src=\"https:\/\/szkoladucha.pl\/szkolenie\/wp-content\/uploads\/sites\/10\/2024\/10\/Profilowe-Instagram.png\" alt=\"\" title=\"#Profilowe Instagram\" srcset=\"https:\/\/szkoladucha.pl\/szkolenie\/wp-content\/uploads\/sites\/10\/2024\/10\/Profilowe-Instagram.png 320w, https:\/\/szkoladucha.pl\/szkolenie\/wp-content\/uploads\/sites\/10\/2024\/10\/Profilowe-Instagram-300x300.png 300w, https:\/\/szkoladucha.pl\/szkolenie\/wp-content\/uploads\/sites\/10\/2024\/10\/Profilowe-Instagram-150x150.png 150w\" sizes=\"auto, (max-width: 320px) 100vw, 320px\" \/><\/figure>\n\n<\/div><\/div>\n<\/div><\/div>\n\n<div class=\"gb-container gb-container-1ecc103a gb-container-szkolenie-section-grid-elem\"><div class=\"gb-inside-container\">\n<div class=\"gb-container gb-container-e763f4de\"><div class=\"gb-inside-container\">\n\n<h4 class=\"gb-headline gb-headline-ada8696a gb-headline-text\">Kto b\u0119dzie mnie uczy\u0142?<\/h4>\n\n<\/div><\/div>\n\n<div class=\"gb-container gb-container-fe24d7b3\"><div class=\"gb-inside-container\">\n<div class=\"gb-container gb-container-bef5fb00\">\n\n<h4 class=\"gb-headline gb-headline-13e31f7d gb-headline-text\"><strong>dr Anna Saj<\/strong><\/h4>\n\n\n\n<p class=\"gb-headline gb-headline-ce7af9ce gb-headline-text\">Moj\u0105 misj\u0105 jest inspirowa\u0107, zach\u0119ca\u0107 i budowa\u0107. Przeprowadza\u0107 ludzi od marze\u0144 do ich realizacji. Pomagam moim klientom w:<\/p>\n\n\n\n<p class=\"gb-headline gb-headline-2aa51e6b gb-headline-text\"><span class=\"gb-headline-text\"><strong>rozwoju osobistym<\/strong>, poniewa\u017c jestem certyfikowanym coachem oraz terapeut\u0105<\/span>,<\/p>\n\n\n\n<p class=\"gb-headline gb-headline-d3ef5d31 gb-headline-text\"><span class=\"gb-headline-text\"><strong>duchowym wzro\u015bcie<\/strong> jako doktor nauk teologicznych oraz lider w Mi\u0119dzynarodowym Instytucie Ewangelizacji \u015awiata<\/span>,<\/p>\n\n\n\n<p class=\"gb-headline gb-headline-993df933 gb-headline-text\"><strong>c<span class=\"gb-headline-text\">odziennym \u017cyciu<\/span><\/strong><span class=\"gb-headline-text\">, bo jestem \u017con\u0105, mam\u0105 sze\u015bciorga dzieci oraz prowadz\u0119 dochodowy biznes od 30 lat<\/span><\/p>\n\n\n\n<p class=\"gb-headline gb-headline-fab882fe gb-headline-text\">Moim do\u015bwiadczeniem i wiedz\u0105 dziel\u0119 si\u0119 w ka\u017cdy mo\u017cliwy spos\u00f3b. Jestem autork\u0105 trzech ksi\u0105\u017cek, prowadz\u0119 kursy stacjonarne i on-line o r\u00f3\u017cnorodnej tematyce. Zapraszam r\u00f3wnie\u017c na m\u00f3j kana\u0142 na YouTube, profil na Facebooku oraz Instagramie.<\/p>\n\n\n\n<p class=\"gb-headline gb-headline-bab647d6 gb-headline-text\"><strong>Prowadz\u0119 r\u00f3wnie\u017c indywidualne spotkania z klientami.<\/strong><\/p>\n\n<\/div>\n<\/div><\/div>\n\n<div class=\"gb-container gb-container-ef5262d5\">\n<p><script src=\"https:\/\/event.webinarjam.com\/register\/18g9ktp8\/embed-bar?buttonText=Zapisz%20si%C4%99%20&#038;buttonBgColor=%23000000&#038;buttonBgOpacity=0.5&#038;barBgColor=%2329b6f6&#038;barBgOpacity=0.95&#038;formTemplate=2&#038;formColor=1\"><\/script><\/p>\n\n<\/div>\n<\/div><\/div>\n<\/div>\n<\/div><\/div>\n\n<div class=\"gb-container gb-container-34ccd25a\"><div class=\"gb-inside-container\">\n<div class=\"gb-container gb-container-09386713\">\n\n<h2 class=\"gb-headline gb-headline-0d024547 gb-headline-text\">Zapisz si\u0119 na bezp\u0142atne szkolenie!<\/h2>\n\n\n\n<h4 class=\"gb-headline gb-headline-ec9ffc4d gb-headline-text\">Jak podnie\u015b\u0107 swoje wyniki w \u017cyciu prywatnym i zawodowym i oszcz\u0119dzi\u0107 dodatkowe 2h dziennie mimo nat\u0142oku codziennych spraw<\/h4>\n\n<\/div>\n<\/div><\/div>\n\n<div class=\"gb-container gb-container-8e417d32 gb-container-szkolenie-section\"><div class=\"gb-inside-container\">\n<p><script type=\"text\/javascript\" src=\"\/\/m.szkoladucha.pl\/form\/generate.js?id=22\"><\/script><\/p>\n\n<\/div><\/div>\n\n<div class=\"gb-container gb-container-ab491a53\" id=\"hidden\"><div class=\"gb-inside-container\">\n<div class=\"gb-grid-wrapper gb-grid-wrapper-bee801f4\">\n<div class=\"gb-grid-column gb-grid-column-e07978d3\"><div class=\"gb-container gb-container-e07978d3\"><div class=\"gb-inside-container\">\n<div class=\"gb-container gb-container-d0f77cd9\"><div class=\"gb-inside-container\">\n\n<h2 class=\"gb-headline gb-headline-7a40fbf1 gb-headline-text\">Kim jest <strong>Gabriela Sawa<\/strong><\/h2>\n\n<\/div><\/div>\n\n<div class=\"gb-container gb-container-b81d51da\"><div class=\"gb-inside-container\">\n\n<p class=\"gb-headline gb-headline-c966830c gb-headline-text\"><strong>STOP!&nbsp;<\/strong>Nie daj si\u0119 pokona\u0107 problemom dnia codziennego. Wyobra\u017a sobie, jak staj\u0105 si\u0119 jedynie drobnymi \u0142amig\u0142\u00f3wkami do rozwi\u0105zania. Nie jest to \u0142atwe, ale efekty takiego my\u015blenia pozytywnie Ci\u0119 zaskocz\u0105.<\/p>\n\n\n\n<p class=\"gb-headline gb-headline-6d5dcc72 gb-headline-text\">Gabriela Sawa i jej motto, to:&nbsp;<strong><em>\u201eJe\u015bli nikt jeszcze tego nie zrobi\u0142, to znaczy, \u017ce b\u0119d\u0119 pierwsza. A je\u015bli kto\u015b ju\u017c to zrobi\u0142, to znaczy, \u017ce to mo\u017cliwe\u201d.&nbsp;<\/em><\/strong>Jest wykwalifikowanym terapeut\u0105 TSR i coachem. Wspiera kobiety w ich rozwoju i pomaga im przenosi\u0107 g\u00f3ry. Jej studia z biznesu mi\u0119dzynarodowego oraz marketingu i zarz\u0105dzania nauczy\u0142y j\u0105 dobrej organizacji, szukania rozwi\u0105za\u0144 i zarz\u0105dzania zasobami ludzkimi. Pasjonuje si\u0119 szukaniem rozwi\u0105za\u0144 i czynnie wprowadza to w \u017cycie.<\/p>\n\n<\/div><\/div>\n\n<div class=\"gb-container gb-container-5e4277d5\"><div class=\"gb-inside-container\">\n\n<h3 class=\"gb-headline gb-headline-f2e6f841 gb-headline-text Button\"><a href=\";\">ZAPISZ SI\u0118 NA SZKOLENIE<\/a><\/h3>\n\n<\/div><\/div>\n<\/div><\/div><\/div>\n\n<div class=\"gb-grid-column gb-grid-column-f2bdc432\"><div class=\"gb-container gb-container-f2bdc432\"><div class=\"gb-inside-container\">\n<div class=\"gb-container gb-container-9a0d1f23\"><div class=\"gb-inside-container\">\n\n<figure class=\"wp-block-image size-large\"><img decoding=\"async\" src=\"https:\/\/szkoladucha.pl\/wp-content\/uploads\/2022\/02\/gabrysia2940px-1625232021-895x1024.jpg\" alt=\"Gabriela Sawa - Coach, Terapeuta TSR\" class=\"wp-image-14843\"\/><\/figure>\n\n<\/div><\/div>\n<\/div><\/div><\/div>\n<\/div>\n<\/div><\/div>\n\n<div class=\"gb-container gb-container-ea4ab7e5\"><\/div>","protected":false},"excerpt":{"rendered":"<p>Zaplanuj, jak przygotowa\u0107 si\u0119 na przyj\u015bcie Pana i \u017cy\u0107 w zgodzie z Bo\u017cym planem w \u017cyciu prywatnym i zawodowym oraz jak oszcz\u0119dzi\u0107 dodatkowe 2h dzienniemimo nat\u0142oku codziennych spraw [Szkolenie za 0 z\u0142] Korzy\u015bci podczas szkolenia: \u25ce Powiem Ci o 4 mitach dotycz\u0105cych zarz\u0105dzania czasem, zweryfikujesz dlaczego wprowadzane przez Ciebie metody organizacji \u017cycia nie dzia\u0142aj\u0105. \u25ce &#8230; <a title=\"Podnie\u015b swoje wyniki! Zyskaj 2h dziennie.\" class=\"read-more\" href=\"https:\/\/szkoladucha.pl\/szkolenie\/podnies-swoje-wyniki-zyskaj-2h-dziennie\/\" aria-label=\"Dowiedz si\u0119 wi\u0119cej o Podnie\u015b swoje wyniki! Zyskaj 2h dziennie.\">Dowiedz si\u0119 wi\u0119cej<\/a><\/p>\n","protected":false},"author":533,"featured_media":810,"parent":0,"menu_order":0,"comment_status":"closed","ping_status":"closed","template":"","meta":{"footnotes":""},"class_list":["post-767","page","type-page","status-publish","has-post-thumbnail"],"yoast_head":"<!-- This site is optimized with the Yoast SEO plugin v27.3 - https:\/\/yoast.com\/product\/yoast-seo-wordpress\/ -->\n<title>Podnie\u015b swoje wyniki! Zyskaj 2h dziennie. - Szkolenie z dr Ann\u0105 Saj<\/title>\n<meta name=\"description\" content=\"Moj\u0105 misj\u0105 jest inspirowa\u0107, zach\u0119ca\u0107 i budowa\u0107. Przeprowadza\u0107 ludzi od marze\u0144 do ich realizacji.\" \/>\n<meta name=\"robots\" content=\"index, follow, max-snippet:-1, max-image-preview:large, max-video-preview:-1\" \/>\n<link rel=\"canonical\" href=\"https:\/\/szkoladucha.pl\/szkolenie\/podnies-swoje-wyniki-zyskaj-2h-dziennie\/\" \/>\n<meta property=\"og:locale\" content=\"pl_PL\" \/>\n<meta property=\"og:type\" content=\"article\" \/>\n<meta property=\"og:title\" content=\"Podnie\u015b swoje wyniki! Zarezerwuj swoje miejsce na darmowym szkoleniu z dr Ann\u0105 Saj!\" \/>\n<meta property=\"og:description\" content=\"Moj\u0105 misj\u0105 jest inspirowa\u0107, zach\u0119ca\u0107 i budowa\u0107. Przeprowadza\u0107 ludzi od marze\u0144 do ich realizacji.\" \/>\n<meta property=\"og:url\" content=\"https:\/\/szkoladucha.pl\/szkolenie\/podnies-swoje-wyniki-zyskaj-2h-dziennie\/\" \/>\n<meta property=\"og:site_name\" content=\"Szkolenie Szko\u0142a Ducha\" \/>\n<meta property=\"article:modified_time\" content=\"2025-11-27T13:33:32+00:00\" \/>\n<meta property=\"og:image\" content=\"https:\/\/szkoladucha.pl\/szkolenie\/wp-content\/uploads\/sites\/10\/2022\/08\/7-Praw_Live_miniaturka.jpg\" \/>\n\t<meta property=\"og:image:width\" content=\"1280\" \/>\n\t<meta property=\"og:image:height\" content=\"720\" \/>\n\t<meta property=\"og:image:type\" content=\"image\/jpeg\" \/>\n<meta name=\"twitter:card\" content=\"summary_large_image\" \/>\n<meta name=\"twitter:title\" content=\"Podnie\u015b swoje wyniki! Zarezerwuj swoje miejsce na darmowym szkoleniu z dr Ann\u0105 Saj!\" \/>\n<meta name=\"twitter:description\" content=\"Moj\u0105 misj\u0105 jest inspirowa\u0107, zach\u0119ca\u0107 i budowa\u0107. Przeprowadza\u0107 ludzi od marze\u0144 do ich realizacji.\" \/>\n<meta name=\"twitter:image\" content=\"https:\/\/szkoladucha.pl\/szkolenie\/wp-content\/uploads\/sites\/10\/2022\/08\/7-Praw_Live_miniaturka.jpg\" \/>\n<meta name=\"twitter:label1\" content=\"Szacowany czas czytania\" \/>\n\t<meta name=\"twitter:data1\" content=\"3 minuty\" \/>\n<script type=\"application\/ld+json\" class=\"yoast-schema-graph\">{\"@context\":\"https:\\\/\\\/schema.org\",\"@graph\":[{\"@type\":\"WebPage\",\"@id\":\"https:\\\/\\\/szkoladucha.pl\\\/szkolenie\\\/podnies-swoje-wyniki-zyskaj-2h-dziennie\\\/\",\"url\":\"https:\\\/\\\/szkoladucha.pl\\\/szkolenie\\\/podnies-swoje-wyniki-zyskaj-2h-dziennie\\\/\",\"name\":\"Podnie\u015b swoje wyniki! Zyskaj 2h dziennie. - Szkolenie z dr Ann\u0105 Saj\",\"isPartOf\":{\"@id\":\"https:\\\/\\\/szkoladucha.pl\\\/szkolenie\\\/#website\"},\"primaryImageOfPage\":{\"@id\":\"https:\\\/\\\/szkoladucha.pl\\\/szkolenie\\\/podnies-swoje-wyniki-zyskaj-2h-dziennie\\\/#primaryimage\"},\"image\":{\"@id\":\"https:\\\/\\\/szkoladucha.pl\\\/szkolenie\\\/podnies-swoje-wyniki-zyskaj-2h-dziennie\\\/#primaryimage\"},\"thumbnailUrl\":\"https:\\\/\\\/szkoladucha.pl\\\/szkolenie\\\/wp-content\\\/uploads\\\/sites\\\/10\\\/2022\\\/08\\\/7-Praw_Live_miniaturka.jpg\",\"datePublished\":\"2022-08-03T12:47:42+00:00\",\"dateModified\":\"2025-11-27T13:33:32+00:00\",\"description\":\"Moj\u0105 misj\u0105 jest inspirowa\u0107, zach\u0119ca\u0107 i budowa\u0107. Przeprowadza\u0107 ludzi od marze\u0144 do ich realizacji.\",\"breadcrumb\":{\"@id\":\"https:\\\/\\\/szkoladucha.pl\\\/szkolenie\\\/podnies-swoje-wyniki-zyskaj-2h-dziennie\\\/#breadcrumb\"},\"inLanguage\":\"pl-PL\",\"potentialAction\":[{\"@type\":\"ReadAction\",\"target\":[\"https:\\\/\\\/szkoladucha.pl\\\/szkolenie\\\/podnies-swoje-wyniki-zyskaj-2h-dziennie\\\/\"]}]},{\"@type\":\"ImageObject\",\"inLanguage\":\"pl-PL\",\"@id\":\"https:\\\/\\\/szkoladucha.pl\\\/szkolenie\\\/podnies-swoje-wyniki-zyskaj-2h-dziennie\\\/#primaryimage\",\"url\":\"https:\\\/\\\/szkoladucha.pl\\\/szkolenie\\\/wp-content\\\/uploads\\\/sites\\\/10\\\/2022\\\/08\\\/7-Praw_Live_miniaturka.jpg\",\"contentUrl\":\"https:\\\/\\\/szkoladucha.pl\\\/szkolenie\\\/wp-content\\\/uploads\\\/sites\\\/10\\\/2022\\\/08\\\/7-Praw_Live_miniaturka.jpg\",\"width\":1280,\"height\":720},{\"@type\":\"BreadcrumbList\",\"@id\":\"https:\\\/\\\/szkoladucha.pl\\\/szkolenie\\\/podnies-swoje-wyniki-zyskaj-2h-dziennie\\\/#breadcrumb\",\"itemListElement\":[{\"@type\":\"ListItem\",\"position\":1,\"name\":\"Strona g\u0142\u00f3wna\",\"item\":\"https:\\\/\\\/szkoladucha.pl\\\/szkolenie\\\/\"},{\"@type\":\"ListItem\",\"position\":2,\"name\":\"Podnie\u015b swoje wyniki! Zyskaj 2h dziennie.\"}]},{\"@type\":\"WebSite\",\"@id\":\"https:\\\/\\\/szkoladucha.pl\\\/szkolenie\\\/#website\",\"url\":\"https:\\\/\\\/szkoladucha.pl\\\/szkolenie\\\/\",\"name\":\"Szkolenie Szko\u0142a Ducha\",\"description\":\"Budujemy spo\u0142ecze\u0144stwo, kt\u00f3re tak jak my, \u015bwiadomie post\u0119puje zgodnie z planem.\",\"publisher\":{\"@id\":\"https:\\\/\\\/szkoladucha.pl\\\/szkolenie\\\/#organization\"},\"potentialAction\":[{\"@type\":\"SearchAction\",\"target\":{\"@type\":\"EntryPoint\",\"urlTemplate\":\"https:\\\/\\\/szkoladucha.pl\\\/szkolenie\\\/?s={search_term_string}\"},\"query-input\":{\"@type\":\"PropertyValueSpecification\",\"valueRequired\":true,\"valueName\":\"search_term_string\"}}],\"inLanguage\":\"pl-PL\"},{\"@type\":\"Organization\",\"@id\":\"https:\\\/\\\/szkoladucha.pl\\\/szkolenie\\\/#organization\",\"name\":\"Szkolenie Szko\u0142a Ducha\",\"url\":\"https:\\\/\\\/szkoladucha.pl\\\/szkolenie\\\/\",\"logo\":{\"@type\":\"ImageObject\",\"inLanguage\":\"pl-PL\",\"@id\":\"https:\\\/\\\/szkoladucha.pl\\\/szkolenie\\\/#\\\/schema\\\/logo\\\/image\\\/\",\"url\":\"https:\\\/\\\/szkoladucha.pl\\\/szkolenie\\\/wp-content\\\/uploads\\\/sites\\\/10\\\/2022\\\/04\\\/Szkola_Ducha-Logo.svg\",\"contentUrl\":\"https:\\\/\\\/szkoladucha.pl\\\/szkolenie\\\/wp-content\\\/uploads\\\/sites\\\/10\\\/2022\\\/04\\\/Szkola_Ducha-Logo.svg\",\"width\":100,\"height\":100,\"caption\":\"Szkolenie Szko\u0142a Ducha\"},\"image\":{\"@id\":\"https:\\\/\\\/szkoladucha.pl\\\/szkolenie\\\/#\\\/schema\\\/logo\\\/image\\\/\"}}]}<\/script>\n<!-- \/ Yoast SEO plugin. -->","yoast_head_json":{"title":"Podnie\u015b swoje wyniki! Zyskaj 2h dziennie. - Szkolenie z dr Ann\u0105 Saj","description":"Moj\u0105 misj\u0105 jest inspirowa\u0107, zach\u0119ca\u0107 i budowa\u0107. Przeprowadza\u0107 ludzi od marze\u0144 do ich realizacji.","robots":{"index":"index","follow":"follow","max-snippet":"max-snippet:-1","max-image-preview":"max-image-preview:large","max-video-preview":"max-video-preview:-1"},"canonical":"https:\/\/szkoladucha.pl\/szkolenie\/podnies-swoje-wyniki-zyskaj-2h-dziennie\/","og_locale":"pl_PL","og_type":"article","og_title":"Podnie\u015b swoje wyniki! Zarezerwuj swoje miejsce na darmowym szkoleniu z dr Ann\u0105 Saj!","og_description":"Moj\u0105 misj\u0105 jest inspirowa\u0107, zach\u0119ca\u0107 i budowa\u0107. Przeprowadza\u0107 ludzi od marze\u0144 do ich realizacji.","og_url":"https:\/\/szkoladucha.pl\/szkolenie\/podnies-swoje-wyniki-zyskaj-2h-dziennie\/","og_site_name":"Szkolenie Szko\u0142a Ducha","article_modified_time":"2025-11-27T13:33:32+00:00","og_image":[{"width":1280,"height":720,"url":"https:\/\/szkoladucha.pl\/szkolenie\/wp-content\/uploads\/sites\/10\/2022\/08\/7-Praw_Live_miniaturka.jpg","type":"image\/jpeg"}],"twitter_card":"summary_large_image","twitter_title":"Podnie\u015b swoje wyniki! Zarezerwuj swoje miejsce na darmowym szkoleniu z dr Ann\u0105 Saj!","twitter_description":"Moj\u0105 misj\u0105 jest inspirowa\u0107, zach\u0119ca\u0107 i budowa\u0107. Przeprowadza\u0107 ludzi od marze\u0144 do ich realizacji.","twitter_image":"https:\/\/szkoladucha.pl\/szkolenie\/wp-content\/uploads\/sites\/10\/2022\/08\/7-Praw_Live_miniaturka.jpg","twitter_misc":{"Szacowany czas czytania":"3 minuty"},"schema":{"@context":"https:\/\/schema.org","@graph":[{"@type":"WebPage","@id":"https:\/\/szkoladucha.pl\/szkolenie\/podnies-swoje-wyniki-zyskaj-2h-dziennie\/","url":"https:\/\/szkoladucha.pl\/szkolenie\/podnies-swoje-wyniki-zyskaj-2h-dziennie\/","name":"Podnie\u015b swoje wyniki! Zyskaj 2h dziennie. - Szkolenie z dr Ann\u0105 Saj","isPartOf":{"@id":"https:\/\/szkoladucha.pl\/szkolenie\/#website"},"primaryImageOfPage":{"@id":"https:\/\/szkoladucha.pl\/szkolenie\/podnies-swoje-wyniki-zyskaj-2h-dziennie\/#primaryimage"},"image":{"@id":"https:\/\/szkoladucha.pl\/szkolenie\/podnies-swoje-wyniki-zyskaj-2h-dziennie\/#primaryimage"},"thumbnailUrl":"https:\/\/szkoladucha.pl\/szkolenie\/wp-content\/uploads\/sites\/10\/2022\/08\/7-Praw_Live_miniaturka.jpg","datePublished":"2022-08-03T12:47:42+00:00","dateModified":"2025-11-27T13:33:32+00:00","description":"Moj\u0105 misj\u0105 jest inspirowa\u0107, zach\u0119ca\u0107 i budowa\u0107. Przeprowadza\u0107 ludzi od marze\u0144 do ich realizacji.","breadcrumb":{"@id":"https:\/\/szkoladucha.pl\/szkolenie\/podnies-swoje-wyniki-zyskaj-2h-dziennie\/#breadcrumb"},"inLanguage":"pl-PL","potentialAction":[{"@type":"ReadAction","target":["https:\/\/szkoladucha.pl\/szkolenie\/podnies-swoje-wyniki-zyskaj-2h-dziennie\/"]}]},{"@type":"ImageObject","inLanguage":"pl-PL","@id":"https:\/\/szkoladucha.pl\/szkolenie\/podnies-swoje-wyniki-zyskaj-2h-dziennie\/#primaryimage","url":"https:\/\/szkoladucha.pl\/szkolenie\/wp-content\/uploads\/sites\/10\/2022\/08\/7-Praw_Live_miniaturka.jpg","contentUrl":"https:\/\/szkoladucha.pl\/szkolenie\/wp-content\/uploads\/sites\/10\/2022\/08\/7-Praw_Live_miniaturka.jpg","width":1280,"height":720},{"@type":"BreadcrumbList","@id":"https:\/\/szkoladucha.pl\/szkolenie\/podnies-swoje-wyniki-zyskaj-2h-dziennie\/#breadcrumb","itemListElement":[{"@type":"ListItem","position":1,"name":"Strona g\u0142\u00f3wna","item":"https:\/\/szkoladucha.pl\/szkolenie\/"},{"@type":"ListItem","position":2,"name":"Podnie\u015b swoje wyniki! Zyskaj 2h dziennie."}]},{"@type":"WebSite","@id":"https:\/\/szkoladucha.pl\/szkolenie\/#website","url":"https:\/\/szkoladucha.pl\/szkolenie\/","name":"Szkolenie Szko\u0142a Ducha","description":"Budujemy spo\u0142ecze\u0144stwo, kt\u00f3re tak jak my, \u015bwiadomie post\u0119puje zgodnie z planem.","publisher":{"@id":"https:\/\/szkoladucha.pl\/szkolenie\/#organization"},"potentialAction":[{"@type":"SearchAction","target":{"@type":"EntryPoint","urlTemplate":"https:\/\/szkoladucha.pl\/szkolenie\/?s={search_term_string}"},"query-input":{"@type":"PropertyValueSpecification","valueRequired":true,"valueName":"search_term_string"}}],"inLanguage":"pl-PL"},{"@type":"Organization","@id":"https:\/\/szkoladucha.pl\/szkolenie\/#organization","name":"Szkolenie Szko\u0142a Ducha","url":"https:\/\/szkoladucha.pl\/szkolenie\/","logo":{"@type":"ImageObject","inLanguage":"pl-PL","@id":"https:\/\/szkoladucha.pl\/szkolenie\/#\/schema\/logo\/image\/","url":"https:\/\/szkoladucha.pl\/szkolenie\/wp-content\/uploads\/sites\/10\/2022\/04\/Szkola_Ducha-Logo.svg","contentUrl":"https:\/\/szkoladucha.pl\/szkolenie\/wp-content\/uploads\/sites\/10\/2022\/04\/Szkola_Ducha-Logo.svg","width":100,"height":100,"caption":"Szkolenie Szko\u0142a Ducha"},"image":{"@id":"https:\/\/szkoladucha.pl\/szkolenie\/#\/schema\/logo\/image\/"}}]}},"_links":{"self":[{"href":"https:\/\/szkoladucha.pl\/szkolenie\/wp-json\/wp\/v2\/pages\/767","targetHints":{"allow":["GET"]}}],"collection":[{"href":"https:\/\/szkoladucha.pl\/szkolenie\/wp-json\/wp\/v2\/pages"}],"about":[{"href":"https:\/\/szkoladucha.pl\/szkolenie\/wp-json\/wp\/v2\/types\/page"}],"author":[{"embeddable":true,"href":"https:\/\/szkoladucha.pl\/szkolenie\/wp-json\/wp\/v2\/users\/533"}],"replies":[{"embeddable":true,"href":"https:\/\/szkoladucha.pl\/szkolenie\/wp-json\/wp\/v2\/comments?post=767"}],"version-history":[{"count":30,"href":"https:\/\/szkoladucha.pl\/szkolenie\/wp-json\/wp\/v2\/pages\/767\/revisions"}],"predecessor-version":[{"id":2702,"href":"https:\/\/szkoladucha.pl\/szkolenie\/wp-json\/wp\/v2\/pages\/767\/revisions\/2702"}],"wp:featuredmedia":[{"embeddable":true,"href":"https:\/\/szkoladucha.pl\/szkolenie\/wp-json\/wp\/v2\/media\/810"}],"wp:attachment":[{"href":"https:\/\/szkoladucha.pl\/szkolenie\/wp-json\/wp\/v2\/media?parent=767"}],"curies":[{"name":"wp","href":"https:\/\/api.w.org\/{rel}","templated":true}]}}